{"id":19929,"date":"2024-11-06T15:52:52","date_gmt":"2024-11-06T12:52:52","guid":{"rendered":"https:\/\/malinashop.lt\/produktas\/numee-dob-juiced-youth-elixir-extreme-skin-reviving-serum-intensyviai-gaivinantis-serumas-30-ml\/"},"modified":"2026-03-18T12:34:42","modified_gmt":"2026-03-18T09:34:42","slug":"numee-dob-juiced-youth-elixir-extreme-skin-reviving-serum-intensyviai-gaivinantis-serumas-30-ml","status":"publish","type":"product","link":"https:\/\/www.malinashop.lt\/lt_lt\/shop\/numee-dob-juiced-youth-elixir-extreme-skin-reviving-serum-intensyviai-gaivinantis-serumas-30-ml\/","title":{"rendered":"NUMEE DOB Juiced YOUTH ELIXIR EXTREME SKIN REVIVING SERUM intensyviai gaivinantis serumas, 30 ml"},"content":{"rendered":"<p>NUMEE intensyviai gaivinantis serumas DOB Juiced YOUTH ELIXIR EXTREME SKIN REVIVING SERUM yra revoliucinis sprendimas pavargusiai ir dehidratuotai odai. \u0160is serumas yra praturtintas mikrodumbliais, kakadu slyv\u0173 ekstraktu, alyvuogi\u0173 aliejumi ir niacinamidu, suteikdamas odai \u0161vyt\u0117jim\u0105, stangrum\u0105 ir intensyv\u0173 dr\u0117kinim\u0105.<\/p>\n<p>Privalumai ir ingredientai:<br \/>\nMikrodumbliai: Skatina odos atsinaujinim\u0105 ir suteikia \u0161vyt\u0117jimo.<br \/>\nKakadu slyv\u0173 ekstraktas: Turtingas vitamino C \u0161altinis, suteikiantis odai \u0161vyt\u0117jimo ir apsaugantis nuo laisv\u0173j\u0173 radikal\u0173.<br \/>\nAlyvuogi\u0173 aliejus: Intensyviai dr\u0117kina ir maitina od\u0105, palikdamas j\u0105 \u0161velni\u0105 ir elasting\u0105.<br \/>\nNiacinamidas: Gerina odos elastingum\u0105, vienodina odos atspalv\u012f ir stiprina odos barjer\u0105.<br \/>\nNaudojimas:<br \/>\nTepkite du-tris la\u0161us ant \u0161varios ir sausos veido odos.<br \/>\n\u0160velniai \u012fmasa\u017euokite, kol visi\u0161kai \u012fsigers.<br \/>\nNaudokite ryte ir (arba) vakare.<br \/>\nPo serumo naudokite pasirinkt\u0105 dr\u0117kinam\u0105j\u012f krem\u0105.<br \/>\nPapildoma informacija:<br \/>\nIntensyvus dr\u0117kinimas: Palieka od\u0105 spindin\u010di\u0105 ir gaivi\u0105.<br \/>\nStangrumas ir \u0161vyt\u0117jimas: Padeda atkurti pavargusi\u0105 ir dehidratuot\u0105 od\u0105.<br \/>\nAuk\u0161tos kokyb\u0117s ingredientai: Mikrodumbliai, kakadu slyv\u0173 ekstraktas, alyvuogi\u0173 aliejus ir niacinamidas.<\/p>\n<div class=\"text-tab text-tab-id-10\">\n<p>Siuntas i\u0161siun\u010diame antradieniais ir ketvirtadieniais. Jei d\u0117l koki\u0173 nors prie\u017eas\u010di\u0173 siunta negali b\u016bti i\u0161si\u0173sta \u0161iomis dienomis ir ji yra perkeliama \u012f kit\u0105 dien\u0105, apie tai informuosime jus svetain\u0117je arba el. pa\u0161tu.<\/p>\n<p>\u201eJei turite klausim\u0173, pra\u0161ome susisiekti el. pa\u0161tu info@malinashop.lt arba telefonu +37065444002 darbo dienomis nuo 10:00 iki 16:00 val.\u201c<\/p>\n<\/div>\n<div class=\"text-tab text-tab-id-11\">\n<p>Perkant u\u017e daugiau nei 50\u20ac &#8211; pristatymas nemokamas.<\/p>\n<p>Pristatymas \u012f LPexpress pa\u0161tomat\u0105\u00a0(visoje Lietuvoje, i\u0161skyrus Kur\u0161i\u0173 Nerij\u0105).<\/p>\n<\/div>\n","protected":false},"excerpt":{"rendered":"<p>NUMEE intensyviai gaivinantis serumas DOB Juiced YOUTH ELIXIR EXTREME SKIN REVIVING SERUM yra revoliucinis sprendimas pavargusiai ir dehidratuotai odai. \u0160is serumas yra&hellip;<\/p>\n","protected":false},"featured_media":18144,"template":"","meta":[],"product_brand":[548],"product_cat":[550,728],"product_tag":[1635],"class_list":{"0":"post-19929","1":"product","2":"type-product","3":"status-publish","4":"has-post-thumbnail","6":"product_brand-numee","7":"product_cat-veido-serumai","8":"product_cat-veidui","9":"product_tag-numee","11":"first","12":"outofstock","13":"sale","14":"taxable","15":"shipping-taxable","16":"purchasable","17":"product-type-simple"},"yoast_head":"<!-- This site is optimized with the Yoast SEO plugin v27.4 - https:\/\/yoast.com\/product\/yoast-seo-wordpress\/ -->\n<title>NUMEE DOB Juiced YOUTH ELIXIR EXTREME SKIN REVIVING SERUM intensyviai gaivinantis serumas, 30 ml - MalinaShop.lt J\u016bs\u0173 sveikatai ir gro\u017eiui.<\/title>\n<meta name=\"robots\" content=\"index, follow, max-snippet:-1, max-image-preview:large, max-video-preview:-1\" \/>\n<link rel=\"canonical\" href=\"https:\/\/www.malinashop.lt\/lt_lt\/shop\/numee-dob-juiced-youth-elixir-extreme-skin-reviving-serum-intensyviai-gaivinantis-serumas-30-ml\/\" \/>\n<meta property=\"og:locale\" content=\"lt_LT\" \/>\n<meta property=\"og:type\" content=\"article\" \/>\n<meta property=\"og:title\" content=\"NUMEE DOB Juiced YOUTH ELIXIR EXTREME SKIN REVIVING SERUM intensyviai gaivinantis serumas, 30 ml - MalinaShop.lt J\u016bs\u0173 sveikatai ir gro\u017eiui.\" \/>\n<meta property=\"og:url\" content=\"https:\/\/www.malinashop.lt\/lt_lt\/shop\/numee-dob-juiced-youth-elixir-extreme-skin-reviving-serum-intensyviai-gaivinantis-serumas-30-ml\/\" \/>\n<meta property=\"og:site_name\" content=\"MalinaShop.lt J\u016bs\u0173 sveikatai ir gro\u017eiui.\" \/>\n<meta property=\"article:modified_time\" content=\"2026-03-18T09:34:42+00:00\" \/>\n<meta property=\"og:image\" content=\"https:\/\/www.malinashop.lt\/wp-content\/uploads\/2024\/11\/NUMEE-DOB-Juiced-YOUTH-ELIXIR-EXTREME-SKIN-REVIVING-SERUM-intensyviai-gaivinantis-serumas-30-ml.jpg\" \/>\n\t<meta property=\"og:image:width\" content=\"1000\" \/>\n\t<meta property=\"og:image:height\" content=\"1000\" \/>\n\t<meta property=\"og:image:type\" content=\"image\/jpeg\" \/>\n<meta name=\"twitter:card\" content=\"summary_large_image\" \/>\n<script type=\"application\/ld+json\" class=\"yoast-schema-graph\">{\"@context\":\"https:\\\/\\\/schema.org\",\"@graph\":[{\"@type\":\"WebPage\",\"@id\":\"https:\\\/\\\/www.malinashop.lt\\\/lt_lt\\\/shop\\\/numee-dob-juiced-youth-elixir-extreme-skin-reviving-serum-intensyviai-gaivinantis-serumas-30-ml\\\/\",\"url\":\"https:\\\/\\\/www.malinashop.lt\\\/lt_lt\\\/shop\\\/numee-dob-juiced-youth-elixir-extreme-skin-reviving-serum-intensyviai-gaivinantis-serumas-30-ml\\\/\",\"name\":\"NUMEE DOB Juiced YOUTH ELIXIR EXTREME SKIN REVIVING SERUM intensyviai gaivinantis serumas, 30 ml - MalinaShop.lt J\u016bs\u0173 sveikatai ir gro\u017eiui.\",\"isPartOf\":{\"@id\":\"https:\\\/\\\/www.malinashop.lt\\\/#website\"},\"primaryImageOfPage\":{\"@id\":\"https:\\\/\\\/www.malinashop.lt\\\/lt_lt\\\/shop\\\/numee-dob-juiced-youth-elixir-extreme-skin-reviving-serum-intensyviai-gaivinantis-serumas-30-ml\\\/#primaryimage\"},\"image\":{\"@id\":\"https:\\\/\\\/www.malinashop.lt\\\/lt_lt\\\/shop\\\/numee-dob-juiced-youth-elixir-extreme-skin-reviving-serum-intensyviai-gaivinantis-serumas-30-ml\\\/#primaryimage\"},\"thumbnailUrl\":\"https:\\\/\\\/www.malinashop.lt\\\/wp-content\\\/uploads\\\/2024\\\/11\\\/NUMEE-DOB-Juiced-YOUTH-ELIXIR-EXTREME-SKIN-REVIVING-SERUM-intensyviai-gaivinantis-serumas-30-ml.jpg\",\"datePublished\":\"2024-11-06T12:52:52+00:00\",\"dateModified\":\"2026-03-18T09:34:42+00:00\",\"breadcrumb\":{\"@id\":\"https:\\\/\\\/www.malinashop.lt\\\/lt_lt\\\/shop\\\/numee-dob-juiced-youth-elixir-extreme-skin-reviving-serum-intensyviai-gaivinantis-serumas-30-ml\\\/#breadcrumb\"},\"inLanguage\":\"lt-LT\",\"potentialAction\":[{\"@type\":\"ReadAction\",\"target\":[\"https:\\\/\\\/www.malinashop.lt\\\/lt_lt\\\/shop\\\/numee-dob-juiced-youth-elixir-extreme-skin-reviving-serum-intensyviai-gaivinantis-serumas-30-ml\\\/\"]}]},{\"@type\":\"ImageObject\",\"inLanguage\":\"lt-LT\",\"@id\":\"https:\\\/\\\/www.malinashop.lt\\\/lt_lt\\\/shop\\\/numee-dob-juiced-youth-elixir-extreme-skin-reviving-serum-intensyviai-gaivinantis-serumas-30-ml\\\/#primaryimage\",\"url\":\"https:\\\/\\\/www.malinashop.lt\\\/wp-content\\\/uploads\\\/2024\\\/11\\\/NUMEE-DOB-Juiced-YOUTH-ELIXIR-EXTREME-SKIN-REVIVING-SERUM-intensyviai-gaivinantis-serumas-30-ml.jpg\",\"contentUrl\":\"https:\\\/\\\/www.malinashop.lt\\\/wp-content\\\/uploads\\\/2024\\\/11\\\/NUMEE-DOB-Juiced-YOUTH-ELIXIR-EXTREME-SKIN-REVIVING-SERUM-intensyviai-gaivinantis-serumas-30-ml.jpg\",\"width\":1000,\"height\":1000},{\"@type\":\"BreadcrumbList\",\"@id\":\"https:\\\/\\\/www.malinashop.lt\\\/lt_lt\\\/shop\\\/numee-dob-juiced-youth-elixir-extreme-skin-reviving-serum-intensyviai-gaivinantis-serumas-30-ml\\\/#breadcrumb\",\"itemListElement\":[{\"@type\":\"ListItem\",\"position\":1,\"name\":\"Pagrindinis\",\"item\":\"https:\\\/\\\/www.malinashop.lt\\\/\"},{\"@type\":\"ListItem\",\"position\":2,\"name\":\"Parduotuv\u0117\",\"item\":\"https:\\\/\\\/www.malinashop.lt\\\/en\\\/parduotuve\\\/\"},{\"@type\":\"ListItem\",\"position\":3,\"name\":\"NUMEE DOB Juiced YOUTH ELIXIR EXTREME SKIN REVIVING SERUM intensyviai gaivinantis serumas, 30 ml\"}]},{\"@type\":\"WebSite\",\"@id\":\"https:\\\/\\\/www.malinashop.lt\\\/#website\",\"url\":\"https:\\\/\\\/www.malinashop.lt\\\/\",\"name\":\"COM Group Ecommerce\",\"description\":\"MalinaShop.lt - Gro\u017eio ir sveikatos produktai i\u0161 patikim\u0173 preki\u0173 \u017eenkl\u0173. Atraskite auk\u0161tos kokyb\u0117s kosmetik\u0105 u\u017e puiki\u0105 kain\u0105.\",\"publisher\":{\"@id\":\"https:\\\/\\\/www.malinashop.lt\\\/#organization\"},\"potentialAction\":[{\"@type\":\"SearchAction\",\"target\":{\"@type\":\"EntryPoint\",\"urlTemplate\":\"https:\\\/\\\/www.malinashop.lt\\\/?s={search_term_string}\"},\"query-input\":{\"@type\":\"PropertyValueSpecification\",\"valueRequired\":true,\"valueName\":\"search_term_string\"}}],\"inLanguage\":\"lt-LT\"},{\"@type\":\"Organization\",\"@id\":\"https:\\\/\\\/www.malinashop.lt\\\/#organization\",\"name\":\"COM Group Ecommerce\",\"url\":\"https:\\\/\\\/www.malinashop.lt\\\/\",\"logo\":{\"@type\":\"ImageObject\",\"inLanguage\":\"lt-LT\",\"@id\":\"https:\\\/\\\/www.malinashop.lt\\\/#\\\/schema\\\/logo\\\/image\\\/\",\"url\":\"https:\\\/\\\/www.malinashop.lt\\\/wp-content\\\/uploads\\\/2024\\\/08\\\/462559670_3787732518133670_9795632669273463_n-e1731525914575.png\",\"contentUrl\":\"https:\\\/\\\/www.malinashop.lt\\\/wp-content\\\/uploads\\\/2024\\\/08\\\/462559670_3787732518133670_9795632669273463_n-e1731525914575.png\",\"width\":180,\"height\":60,\"caption\":\"COM Group Ecommerce\"},\"image\":{\"@id\":\"https:\\\/\\\/www.malinashop.lt\\\/#\\\/schema\\\/logo\\\/image\\\/\"}}]}<\/script>\n<!-- \/ Yoast SEO plugin. -->","yoast_head_json":{"title":"NUMEE DOB Juiced YOUTH ELIXIR EXTREME SKIN REVIVING SERUM intensyviai gaivinantis serumas, 30 ml - MalinaShop.lt J\u016bs\u0173 sveikatai ir gro\u017eiui.","robots":{"index":"index","follow":"follow","max-snippet":"max-snippet:-1","max-image-preview":"max-image-preview:large","max-video-preview":"max-video-preview:-1"},"canonical":"https:\/\/www.malinashop.lt\/lt_lt\/shop\/numee-dob-juiced-youth-elixir-extreme-skin-reviving-serum-intensyviai-gaivinantis-serumas-30-ml\/","og_locale":"lt_LT","og_type":"article","og_title":"NUMEE DOB Juiced YOUTH ELIXIR EXTREME SKIN REVIVING SERUM intensyviai gaivinantis serumas, 30 ml - MalinaShop.lt J\u016bs\u0173 sveikatai ir gro\u017eiui.","og_url":"https:\/\/www.malinashop.lt\/lt_lt\/shop\/numee-dob-juiced-youth-elixir-extreme-skin-reviving-serum-intensyviai-gaivinantis-serumas-30-ml\/","og_site_name":"MalinaShop.lt J\u016bs\u0173 sveikatai ir gro\u017eiui.","article_modified_time":"2026-03-18T09:34:42+00:00","og_image":[{"width":1000,"height":1000,"url":"https:\/\/www.malinashop.lt\/wp-content\/uploads\/2024\/11\/NUMEE-DOB-Juiced-YOUTH-ELIXIR-EXTREME-SKIN-REVIVING-SERUM-intensyviai-gaivinantis-serumas-30-ml.jpg","type":"image\/jpeg"}],"twitter_card":"summary_large_image","schema":{"@context":"https:\/\/schema.org","@graph":[{"@type":"WebPage","@id":"https:\/\/www.malinashop.lt\/lt_lt\/shop\/numee-dob-juiced-youth-elixir-extreme-skin-reviving-serum-intensyviai-gaivinantis-serumas-30-ml\/","url":"https:\/\/www.malinashop.lt\/lt_lt\/shop\/numee-dob-juiced-youth-elixir-extreme-skin-reviving-serum-intensyviai-gaivinantis-serumas-30-ml\/","name":"NUMEE DOB Juiced YOUTH ELIXIR EXTREME SKIN REVIVING SERUM intensyviai gaivinantis serumas, 30 ml - MalinaShop.lt J\u016bs\u0173 sveikatai ir gro\u017eiui.","isPartOf":{"@id":"https:\/\/www.malinashop.lt\/#website"},"primaryImageOfPage":{"@id":"https:\/\/www.malinashop.lt\/lt_lt\/shop\/numee-dob-juiced-youth-elixir-extreme-skin-reviving-serum-intensyviai-gaivinantis-serumas-30-ml\/#primaryimage"},"image":{"@id":"https:\/\/www.malinashop.lt\/lt_lt\/shop\/numee-dob-juiced-youth-elixir-extreme-skin-reviving-serum-intensyviai-gaivinantis-serumas-30-ml\/#primaryimage"},"thumbnailUrl":"https:\/\/www.malinashop.lt\/wp-content\/uploads\/2024\/11\/NUMEE-DOB-Juiced-YOUTH-ELIXIR-EXTREME-SKIN-REVIVING-SERUM-intensyviai-gaivinantis-serumas-30-ml.jpg","datePublished":"2024-11-06T12:52:52+00:00","dateModified":"2026-03-18T09:34:42+00:00","breadcrumb":{"@id":"https:\/\/www.malinashop.lt\/lt_lt\/shop\/numee-dob-juiced-youth-elixir-extreme-skin-reviving-serum-intensyviai-gaivinantis-serumas-30-ml\/#breadcrumb"},"inLanguage":"lt-LT","potentialAction":[{"@type":"ReadAction","target":["https:\/\/www.malinashop.lt\/lt_lt\/shop\/numee-dob-juiced-youth-elixir-extreme-skin-reviving-serum-intensyviai-gaivinantis-serumas-30-ml\/"]}]},{"@type":"ImageObject","inLanguage":"lt-LT","@id":"https:\/\/www.malinashop.lt\/lt_lt\/shop\/numee-dob-juiced-youth-elixir-extreme-skin-reviving-serum-intensyviai-gaivinantis-serumas-30-ml\/#primaryimage","url":"https:\/\/www.malinashop.lt\/wp-content\/uploads\/2024\/11\/NUMEE-DOB-Juiced-YOUTH-ELIXIR-EXTREME-SKIN-REVIVING-SERUM-intensyviai-gaivinantis-serumas-30-ml.jpg","contentUrl":"https:\/\/www.malinashop.lt\/wp-content\/uploads\/2024\/11\/NUMEE-DOB-Juiced-YOUTH-ELIXIR-EXTREME-SKIN-REVIVING-SERUM-intensyviai-gaivinantis-serumas-30-ml.jpg","width":1000,"height":1000},{"@type":"BreadcrumbList","@id":"https:\/\/www.malinashop.lt\/lt_lt\/shop\/numee-dob-juiced-youth-elixir-extreme-skin-reviving-serum-intensyviai-gaivinantis-serumas-30-ml\/#breadcrumb","itemListElement":[{"@type":"ListItem","position":1,"name":"Pagrindinis","item":"https:\/\/www.malinashop.lt\/"},{"@type":"ListItem","position":2,"name":"Parduotuv\u0117","item":"https:\/\/www.malinashop.lt\/en\/parduotuve\/"},{"@type":"ListItem","position":3,"name":"NUMEE DOB Juiced YOUTH ELIXIR EXTREME SKIN REVIVING SERUM intensyviai gaivinantis serumas, 30 ml"}]},{"@type":"WebSite","@id":"https:\/\/www.malinashop.lt\/#website","url":"https:\/\/www.malinashop.lt\/","name":"COM Group Ecommerce","description":"MalinaShop.lt - Gro\u017eio ir sveikatos produktai i\u0161 patikim\u0173 preki\u0173 \u017eenkl\u0173. Atraskite auk\u0161tos kokyb\u0117s kosmetik\u0105 u\u017e puiki\u0105 kain\u0105.","publisher":{"@id":"https:\/\/www.malinashop.lt\/#organization"},"potentialAction":[{"@type":"SearchAction","target":{"@type":"EntryPoint","urlTemplate":"https:\/\/www.malinashop.lt\/?s={search_term_string}"},"query-input":{"@type":"PropertyValueSpecification","valueRequired":true,"valueName":"search_term_string"}}],"inLanguage":"lt-LT"},{"@type":"Organization","@id":"https:\/\/www.malinashop.lt\/#organization","name":"COM Group Ecommerce","url":"https:\/\/www.malinashop.lt\/","logo":{"@type":"ImageObject","inLanguage":"lt-LT","@id":"https:\/\/www.malinashop.lt\/#\/schema\/logo\/image\/","url":"https:\/\/www.malinashop.lt\/wp-content\/uploads\/2024\/08\/462559670_3787732518133670_9795632669273463_n-e1731525914575.png","contentUrl":"https:\/\/www.malinashop.lt\/wp-content\/uploads\/2024\/08\/462559670_3787732518133670_9795632669273463_n-e1731525914575.png","width":180,"height":60,"caption":"COM Group Ecommerce"},"image":{"@id":"https:\/\/www.malinashop.lt\/#\/schema\/logo\/image\/"}}]}},"jetpack_sharing_enabled":true,"_links":{"self":[{"href":"https:\/\/www.malinashop.lt\/lt_lt\/wp-json\/wp\/v2\/product\/19929","targetHints":{"allow":["GET"]}}],"collection":[{"href":"https:\/\/www.malinashop.lt\/lt_lt\/wp-json\/wp\/v2\/product"}],"about":[{"href":"https:\/\/www.malinashop.lt\/lt_lt\/wp-json\/wp\/v2\/types\/product"}],"version-history":[{"count":1,"href":"https:\/\/www.malinashop.lt\/lt_lt\/wp-json\/wp\/v2\/product\/19929\/revisions"}],"predecessor-version":[{"id":32850,"href":"https:\/\/www.malinashop.lt\/lt_lt\/wp-json\/wp\/v2\/product\/19929\/revisions\/32850"}],"wp:featuredmedia":[{"embeddable":true,"href":"https:\/\/www.malinashop.lt\/lt_lt\/wp-json\/wp\/v2\/media\/18144"}],"wp:attachment":[{"href":"https:\/\/www.malinashop.lt\/lt_lt\/wp-json\/wp\/v2\/media?parent=19929"}],"wp:term":[{"taxonomy":"product_brand","embeddable":true,"href":"https:\/\/www.malinashop.lt\/lt_lt\/wp-json\/wp\/v2\/product_brand?post=19929"},{"taxonomy":"product_cat","embeddable":true,"href":"https:\/\/www.malinashop.lt\/lt_lt\/wp-json\/wp\/v2\/product_cat?post=19929"},{"taxonomy":"product_tag","embeddable":true,"href":"https:\/\/www.malinashop.lt\/lt_lt\/wp-json\/wp\/v2\/product_tag?post=19929"}],"curies":[{"name":"wp","href":"https:\/\/api.w.org\/{rel}","templated":true}]}}