{"id":19927,"date":"2024-11-06T15:52:52","date_gmt":"2024-11-06T12:52:52","guid":{"rendered":"https:\/\/malinashop.lt\/produktas\/numee-epic-crew-evenly-advanced-dark-spot-corrector-serum-serumas-nuo-pigmentiniu-demiu-30-ml\/"},"modified":"2026-03-18T12:34:41","modified_gmt":"2026-03-18T09:34:41","slug":"numee-epic-crew-evenly-advanced-dark-spot-corrector-serum-serumas-nuo-pigmentiniu-demiu-30-ml","status":"publish","type":"product","link":"https:\/\/www.malinashop.lt\/lt_lt\/shop\/numee-epic-crew-evenly-advanced-dark-spot-corrector-serum-serumas-nuo-pigmentiniu-demiu-30-ml\/","title":{"rendered":"NUMEE Epic Crew EVENLY ADVANCED DARK SPOT CORRECTOR SERUM serumas nuo pigmentini\u0173 d\u0117mi\u0173, 30 ml"},"content":{"rendered":"<p>NUMEE serumas nuo pigmentini\u0173 d\u0117mi\u0173 Epic Crew EVENLY ADVANCED DARK SPOT CORRECTOR SERUM yra praturtintas 2% traneksamo r\u016bg\u0161timi, 0,2% retinoliu ir 2% raminamuoju kompleksu, kad skatint\u0173 \u0161velni\u0105 odos regeneracij\u0105 ir suteikt\u0173 jaunatvi\u0161kesn\u0119 bei \u0161viesesn\u0119 i\u0161vaizd\u0105. Retinolis padeda \u0161viesinti pigmentines d\u0117mes, pagreitina odos atsinaujinim\u0105, kovoja su sen\u0117jimo po\u017eymiais ir didina elastingum\u0105.<\/p>\n<p>Privalumai ir ingredientai:<br \/>\nTraneksamo r\u016bg\u0161tis (2%): Padeda \u0161viesinti pigmentines d\u0117mes ir vienodinti odos atspalv\u012f.<br \/>\nRetinolis (0,2%): Skatina odos l\u0105steli\u0173 atsinaujinim\u0105, ma\u017eina pigmentines d\u0117mes, kovoja su sen\u0117jimo po\u017eymiais ir didina odos elastingum\u0105.<br \/>\nRaminamasis kompleksas (2%): Ramina od\u0105 ir ma\u017eina sudirgimus.<br \/>\nNaudojimas:<br \/>\nVakare: Nedidel\u012f serumo kiek\u012f tepkite ant sausos veido ir kaklo odos prie\u0161 dr\u0117kinam\u0105j\u012f krem\u0105, \u0161velniai \u012fmasa\u017euokite.<br \/>\nPirmoji savait\u0117: Naudokite du kartus per savait\u0119.<br \/>\nPalaipsniui da\u017eninkite: Jei oda toleruoja, palaipsniui da\u017eninkite naudojim\u0105.<br \/>\nJei i\u0161lieka nemalon\u016bs poj\u016b\u010diai: Tepkite re\u010diau arba suma\u017einkite tepamo serumo kiek\u012f.<br \/>\nApsauga nuo saul\u0117s: Naudokite SPF50 apsaug\u0105 nuo saul\u0117s.<br \/>\nNenaudokite: Aki\u0173 kont\u016bro srityje ar ant vok\u0173.<br \/>\n\u012esp\u0117jimai:<br \/>\nPirm\u0105 kart\u0105 naudojant: Tepkite kart\u0105 per savait\u0119.<br \/>\nNepasteb\u0117jus jautrumo: Naudokite kas 2-3 dienas.<br \/>\nJei esate jautr\u016bs bent vienam i\u0161 ingredient\u0173: Nenaudokite produkto.<br \/>\nNerekomenduojama: Planuojan\u010dioms n\u0117\u0161tum\u0105, besilaukian\u010dioms ir maitinan\u010dioms kr\u016btimi moterims bei jautriai odai.<br \/>\nPapildoma informacija:<br \/>\nSkatina odos regeneracij\u0105: Padeda atkurti jaunatvi\u0161k\u0105 ir \u0161viesesn\u0119 od\u0105.<br \/>\n\u0160viesina pigmentines d\u0117mes: Efektyviai ma\u017eina d\u0117mi\u0173 atsiradim\u0105.<br \/>\nApsaugo nuo sen\u0117jimo po\u017eymi\u0173: Gerina odos elastingum\u0105 ir kovoja su rauk\u0161l\u0117mis.<\/p>\n<div class=\"text-tab text-tab-id-10\">\n<p>Siuntas i\u0161siun\u010diame antradieniais ir ketvirtadieniais. Jei d\u0117l koki\u0173 nors prie\u017eas\u010di\u0173 siunta negali b\u016bti i\u0161si\u0173sta \u0161iomis dienomis ir ji yra perkeliama \u012f kit\u0105 dien\u0105, apie tai informuosime jus svetain\u0117je arba el. pa\u0161tu.<\/p>\n<p>\u201eJei turite klausim\u0173, pra\u0161ome susisiekti el. pa\u0161tu info@malinashop.lt arba telefonu +37065444002 darbo dienomis nuo 10:00 iki 16:00 val.\u201c<\/p>\n<\/div>\n<div class=\"text-tab text-tab-id-11\">\n<p>Perkant u\u017e daugiau nei 50\u20ac &#8211; pristatymas nemokamas.<\/p>\n<p>Pristatymas \u012f LPexpress pa\u0161tomat\u0105\u00a0(visoje Lietuvoje, i\u0161skyrus Kur\u0161i\u0173 Nerij\u0105).<\/p>\n<\/div>\n","protected":false},"excerpt":{"rendered":"<p>NUMEE serumas nuo pigmentini\u0173 d\u0117mi\u0173 Epic Crew EVENLY ADVANCED DARK SPOT CORRECTOR SERUM yra praturtintas 2% traneksamo r\u016bg\u0161timi, 0,2% retinoliu ir 2%&hellip;<\/p>\n","protected":false},"featured_media":18165,"template":"","meta":[],"product_brand":[548],"product_cat":[550,728],"product_tag":[1635],"class_list":{"0":"post-19927","1":"product","2":"type-product","3":"status-publish","4":"has-post-thumbnail","6":"product_brand-numee","7":"product_cat-veido-serumai","8":"product_cat-veidui","9":"product_tag-numee","11":"first","12":"outofstock","13":"sale","14":"taxable","15":"shipping-taxable","16":"purchasable","17":"product-type-simple"},"yoast_head":"<!-- This site is optimized with the Yoast SEO plugin v27.3 - https:\/\/yoast.com\/product\/yoast-seo-wordpress\/ -->\n<title>NUMEE Epic Crew EVENLY ADVANCED DARK SPOT CORRECTOR SERUM serumas nuo pigmentini\u0173 d\u0117mi\u0173, 30 ml - MalinaShop.lt J\u016bs\u0173 sveikatai ir gro\u017eiui.<\/title>\n<meta name=\"robots\" content=\"index, follow, max-snippet:-1, max-image-preview:large, max-video-preview:-1\" \/>\n<link rel=\"canonical\" href=\"https:\/\/www.malinashop.lt\/lt_lt\/shop\/numee-epic-crew-evenly-advanced-dark-spot-corrector-serum-serumas-nuo-pigmentiniu-demiu-30-ml\/\" \/>\n<meta property=\"og:locale\" content=\"lt_LT\" \/>\n<meta property=\"og:type\" content=\"article\" \/>\n<meta property=\"og:title\" content=\"NUMEE Epic Crew EVENLY ADVANCED DARK SPOT CORRECTOR SERUM serumas nuo pigmentini\u0173 d\u0117mi\u0173, 30 ml - MalinaShop.lt J\u016bs\u0173 sveikatai ir gro\u017eiui.\" \/>\n<meta property=\"og:url\" content=\"https:\/\/www.malinashop.lt\/lt_lt\/shop\/numee-epic-crew-evenly-advanced-dark-spot-corrector-serum-serumas-nuo-pigmentiniu-demiu-30-ml\/\" \/>\n<meta property=\"og:site_name\" content=\"MalinaShop.lt J\u016bs\u0173 sveikatai ir gro\u017eiui.\" \/>\n<meta property=\"article:modified_time\" content=\"2026-03-18T09:34:41+00:00\" \/>\n<meta property=\"og:image\" content=\"https:\/\/www.malinashop.lt\/wp-content\/uploads\/2024\/11\/NUMEE-Epic-Crew-EVENLY-ADVANCED-DARK-SPOT-CORRECTOR-SERUM-serumas-nuo-pigmentiniu-demiu-30-ml.jpg\" \/>\n\t<meta property=\"og:image:width\" content=\"1000\" \/>\n\t<meta property=\"og:image:height\" content=\"1000\" \/>\n\t<meta property=\"og:image:type\" content=\"image\/jpeg\" \/>\n<meta name=\"twitter:card\" content=\"summary_large_image\" \/>\n<script type=\"application\/ld+json\" class=\"yoast-schema-graph\">{\"@context\":\"https:\\\/\\\/schema.org\",\"@graph\":[{\"@type\":\"WebPage\",\"@id\":\"https:\\\/\\\/www.malinashop.lt\\\/lt_lt\\\/shop\\\/numee-epic-crew-evenly-advanced-dark-spot-corrector-serum-serumas-nuo-pigmentiniu-demiu-30-ml\\\/\",\"url\":\"https:\\\/\\\/www.malinashop.lt\\\/lt_lt\\\/shop\\\/numee-epic-crew-evenly-advanced-dark-spot-corrector-serum-serumas-nuo-pigmentiniu-demiu-30-ml\\\/\",\"name\":\"NUMEE Epic Crew EVENLY ADVANCED DARK SPOT CORRECTOR SERUM serumas nuo pigmentini\u0173 d\u0117mi\u0173, 30 ml - MalinaShop.lt J\u016bs\u0173 sveikatai ir gro\u017eiui.\",\"isPartOf\":{\"@id\":\"https:\\\/\\\/www.malinashop.lt\\\/en\\\/#website\"},\"primaryImageOfPage\":{\"@id\":\"https:\\\/\\\/www.malinashop.lt\\\/lt_lt\\\/shop\\\/numee-epic-crew-evenly-advanced-dark-spot-corrector-serum-serumas-nuo-pigmentiniu-demiu-30-ml\\\/#primaryimage\"},\"image\":{\"@id\":\"https:\\\/\\\/www.malinashop.lt\\\/lt_lt\\\/shop\\\/numee-epic-crew-evenly-advanced-dark-spot-corrector-serum-serumas-nuo-pigmentiniu-demiu-30-ml\\\/#primaryimage\"},\"thumbnailUrl\":\"https:\\\/\\\/www.malinashop.lt\\\/wp-content\\\/uploads\\\/2024\\\/11\\\/NUMEE-Epic-Crew-EVENLY-ADVANCED-DARK-SPOT-CORRECTOR-SERUM-serumas-nuo-pigmentiniu-demiu-30-ml.jpg\",\"datePublished\":\"2024-11-06T12:52:52+00:00\",\"dateModified\":\"2026-03-18T09:34:41+00:00\",\"breadcrumb\":{\"@id\":\"https:\\\/\\\/www.malinashop.lt\\\/lt_lt\\\/shop\\\/numee-epic-crew-evenly-advanced-dark-spot-corrector-serum-serumas-nuo-pigmentiniu-demiu-30-ml\\\/#breadcrumb\"},\"inLanguage\":\"lt-LT\",\"potentialAction\":[{\"@type\":\"ReadAction\",\"target\":[\"https:\\\/\\\/www.malinashop.lt\\\/lt_lt\\\/shop\\\/numee-epic-crew-evenly-advanced-dark-spot-corrector-serum-serumas-nuo-pigmentiniu-demiu-30-ml\\\/\"]}]},{\"@type\":\"ImageObject\",\"inLanguage\":\"lt-LT\",\"@id\":\"https:\\\/\\\/www.malinashop.lt\\\/lt_lt\\\/shop\\\/numee-epic-crew-evenly-advanced-dark-spot-corrector-serum-serumas-nuo-pigmentiniu-demiu-30-ml\\\/#primaryimage\",\"url\":\"https:\\\/\\\/www.malinashop.lt\\\/wp-content\\\/uploads\\\/2024\\\/11\\\/NUMEE-Epic-Crew-EVENLY-ADVANCED-DARK-SPOT-CORRECTOR-SERUM-serumas-nuo-pigmentiniu-demiu-30-ml.jpg\",\"contentUrl\":\"https:\\\/\\\/www.malinashop.lt\\\/wp-content\\\/uploads\\\/2024\\\/11\\\/NUMEE-Epic-Crew-EVENLY-ADVANCED-DARK-SPOT-CORRECTOR-SERUM-serumas-nuo-pigmentiniu-demiu-30-ml.jpg\",\"width\":1000,\"height\":1000},{\"@type\":\"BreadcrumbList\",\"@id\":\"https:\\\/\\\/www.malinashop.lt\\\/lt_lt\\\/shop\\\/numee-epic-crew-evenly-advanced-dark-spot-corrector-serum-serumas-nuo-pigmentiniu-demiu-30-ml\\\/#breadcrumb\",\"itemListElement\":[{\"@type\":\"ListItem\",\"position\":1,\"name\":\"Home\",\"item\":\"https:\\\/\\\/www.malinashop.lt\\\/en\\\/\"},{\"@type\":\"ListItem\",\"position\":2,\"name\":\"Parduotuv\u0117\",\"item\":\"https:\\\/\\\/www.malinashop.lt\\\/en\\\/parduotuve\\\/\"},{\"@type\":\"ListItem\",\"position\":3,\"name\":\"NUMEE Epic Crew EVENLY ADVANCED DARK SPOT CORRECTOR SERUM serumas nuo pigmentini\u0173 d\u0117mi\u0173, 30 ml\"}]},{\"@type\":\"WebSite\",\"@id\":\"https:\\\/\\\/www.malinashop.lt\\\/en\\\/#website\",\"url\":\"https:\\\/\\\/www.malinashop.lt\\\/en\\\/\",\"name\":\"COM Group Ecommerce\",\"description\":\"MalinaShop.lt - Gro\u017eio ir sveikatos produktai i\u0161 patikim\u0173 preki\u0173 \u017eenkl\u0173. Atraskite auk\u0161tos kokyb\u0117s kosmetik\u0105 u\u017e puiki\u0105 kain\u0105.\",\"publisher\":{\"@id\":\"https:\\\/\\\/www.malinashop.lt\\\/en\\\/#organization\"},\"potentialAction\":[{\"@type\":\"SearchAction\",\"target\":{\"@type\":\"EntryPoint\",\"urlTemplate\":\"https:\\\/\\\/www.malinashop.lt\\\/en\\\/?s={search_term_string}\"},\"query-input\":{\"@type\":\"PropertyValueSpecification\",\"valueRequired\":true,\"valueName\":\"search_term_string\"}}],\"inLanguage\":\"lt-LT\"},{\"@type\":\"Organization\",\"@id\":\"https:\\\/\\\/www.malinashop.lt\\\/en\\\/#organization\",\"name\":\"COM Group Ecommerce\",\"url\":\"https:\\\/\\\/www.malinashop.lt\\\/en\\\/\",\"logo\":{\"@type\":\"ImageObject\",\"inLanguage\":\"lt-LT\",\"@id\":\"https:\\\/\\\/www.malinashop.lt\\\/en\\\/#\\\/schema\\\/logo\\\/image\\\/\",\"url\":\"https:\\\/\\\/www.malinashop.lt\\\/wp-content\\\/uploads\\\/2024\\\/08\\\/462559670_3787732518133670_9795632669273463_n-e1731525914575.png\",\"contentUrl\":\"https:\\\/\\\/www.malinashop.lt\\\/wp-content\\\/uploads\\\/2024\\\/08\\\/462559670_3787732518133670_9795632669273463_n-e1731525914575.png\",\"width\":180,\"height\":60,\"caption\":\"COM Group Ecommerce\"},\"image\":{\"@id\":\"https:\\\/\\\/www.malinashop.lt\\\/en\\\/#\\\/schema\\\/logo\\\/image\\\/\"}}]}<\/script>\n<!-- \/ Yoast SEO plugin. -->","yoast_head_json":{"title":"NUMEE Epic Crew EVENLY ADVANCED DARK SPOT CORRECTOR SERUM serumas nuo pigmentini\u0173 d\u0117mi\u0173, 30 ml - MalinaShop.lt J\u016bs\u0173 sveikatai ir gro\u017eiui.","robots":{"index":"index","follow":"follow","max-snippet":"max-snippet:-1","max-image-preview":"max-image-preview:large","max-video-preview":"max-video-preview:-1"},"canonical":"https:\/\/www.malinashop.lt\/lt_lt\/shop\/numee-epic-crew-evenly-advanced-dark-spot-corrector-serum-serumas-nuo-pigmentiniu-demiu-30-ml\/","og_locale":"lt_LT","og_type":"article","og_title":"NUMEE Epic Crew EVENLY ADVANCED DARK SPOT CORRECTOR SERUM serumas nuo pigmentini\u0173 d\u0117mi\u0173, 30 ml - MalinaShop.lt J\u016bs\u0173 sveikatai ir gro\u017eiui.","og_url":"https:\/\/www.malinashop.lt\/lt_lt\/shop\/numee-epic-crew-evenly-advanced-dark-spot-corrector-serum-serumas-nuo-pigmentiniu-demiu-30-ml\/","og_site_name":"MalinaShop.lt J\u016bs\u0173 sveikatai ir gro\u017eiui.","article_modified_time":"2026-03-18T09:34:41+00:00","og_image":[{"width":1000,"height":1000,"url":"https:\/\/www.malinashop.lt\/wp-content\/uploads\/2024\/11\/NUMEE-Epic-Crew-EVENLY-ADVANCED-DARK-SPOT-CORRECTOR-SERUM-serumas-nuo-pigmentiniu-demiu-30-ml.jpg","type":"image\/jpeg"}],"twitter_card":"summary_large_image","schema":{"@context":"https:\/\/schema.org","@graph":[{"@type":"WebPage","@id":"https:\/\/www.malinashop.lt\/lt_lt\/shop\/numee-epic-crew-evenly-advanced-dark-spot-corrector-serum-serumas-nuo-pigmentiniu-demiu-30-ml\/","url":"https:\/\/www.malinashop.lt\/lt_lt\/shop\/numee-epic-crew-evenly-advanced-dark-spot-corrector-serum-serumas-nuo-pigmentiniu-demiu-30-ml\/","name":"NUMEE Epic Crew EVENLY ADVANCED DARK SPOT CORRECTOR SERUM serumas nuo pigmentini\u0173 d\u0117mi\u0173, 30 ml - MalinaShop.lt J\u016bs\u0173 sveikatai ir gro\u017eiui.","isPartOf":{"@id":"https:\/\/www.malinashop.lt\/en\/#website"},"primaryImageOfPage":{"@id":"https:\/\/www.malinashop.lt\/lt_lt\/shop\/numee-epic-crew-evenly-advanced-dark-spot-corrector-serum-serumas-nuo-pigmentiniu-demiu-30-ml\/#primaryimage"},"image":{"@id":"https:\/\/www.malinashop.lt\/lt_lt\/shop\/numee-epic-crew-evenly-advanced-dark-spot-corrector-serum-serumas-nuo-pigmentiniu-demiu-30-ml\/#primaryimage"},"thumbnailUrl":"https:\/\/www.malinashop.lt\/wp-content\/uploads\/2024\/11\/NUMEE-Epic-Crew-EVENLY-ADVANCED-DARK-SPOT-CORRECTOR-SERUM-serumas-nuo-pigmentiniu-demiu-30-ml.jpg","datePublished":"2024-11-06T12:52:52+00:00","dateModified":"2026-03-18T09:34:41+00:00","breadcrumb":{"@id":"https:\/\/www.malinashop.lt\/lt_lt\/shop\/numee-epic-crew-evenly-advanced-dark-spot-corrector-serum-serumas-nuo-pigmentiniu-demiu-30-ml\/#breadcrumb"},"inLanguage":"lt-LT","potentialAction":[{"@type":"ReadAction","target":["https:\/\/www.malinashop.lt\/lt_lt\/shop\/numee-epic-crew-evenly-advanced-dark-spot-corrector-serum-serumas-nuo-pigmentiniu-demiu-30-ml\/"]}]},{"@type":"ImageObject","inLanguage":"lt-LT","@id":"https:\/\/www.malinashop.lt\/lt_lt\/shop\/numee-epic-crew-evenly-advanced-dark-spot-corrector-serum-serumas-nuo-pigmentiniu-demiu-30-ml\/#primaryimage","url":"https:\/\/www.malinashop.lt\/wp-content\/uploads\/2024\/11\/NUMEE-Epic-Crew-EVENLY-ADVANCED-DARK-SPOT-CORRECTOR-SERUM-serumas-nuo-pigmentiniu-demiu-30-ml.jpg","contentUrl":"https:\/\/www.malinashop.lt\/wp-content\/uploads\/2024\/11\/NUMEE-Epic-Crew-EVENLY-ADVANCED-DARK-SPOT-CORRECTOR-SERUM-serumas-nuo-pigmentiniu-demiu-30-ml.jpg","width":1000,"height":1000},{"@type":"BreadcrumbList","@id":"https:\/\/www.malinashop.lt\/lt_lt\/shop\/numee-epic-crew-evenly-advanced-dark-spot-corrector-serum-serumas-nuo-pigmentiniu-demiu-30-ml\/#breadcrumb","itemListElement":[{"@type":"ListItem","position":1,"name":"Home","item":"https:\/\/www.malinashop.lt\/en\/"},{"@type":"ListItem","position":2,"name":"Parduotuv\u0117","item":"https:\/\/www.malinashop.lt\/en\/parduotuve\/"},{"@type":"ListItem","position":3,"name":"NUMEE Epic Crew EVENLY ADVANCED DARK SPOT CORRECTOR SERUM serumas nuo pigmentini\u0173 d\u0117mi\u0173, 30 ml"}]},{"@type":"WebSite","@id":"https:\/\/www.malinashop.lt\/en\/#website","url":"https:\/\/www.malinashop.lt\/en\/","name":"COM Group Ecommerce","description":"MalinaShop.lt - Gro\u017eio ir sveikatos produktai i\u0161 patikim\u0173 preki\u0173 \u017eenkl\u0173. Atraskite auk\u0161tos kokyb\u0117s kosmetik\u0105 u\u017e puiki\u0105 kain\u0105.","publisher":{"@id":"https:\/\/www.malinashop.lt\/en\/#organization"},"potentialAction":[{"@type":"SearchAction","target":{"@type":"EntryPoint","urlTemplate":"https:\/\/www.malinashop.lt\/en\/?s={search_term_string}"},"query-input":{"@type":"PropertyValueSpecification","valueRequired":true,"valueName":"search_term_string"}}],"inLanguage":"lt-LT"},{"@type":"Organization","@id":"https:\/\/www.malinashop.lt\/en\/#organization","name":"COM Group Ecommerce","url":"https:\/\/www.malinashop.lt\/en\/","logo":{"@type":"ImageObject","inLanguage":"lt-LT","@id":"https:\/\/www.malinashop.lt\/en\/#\/schema\/logo\/image\/","url":"https:\/\/www.malinashop.lt\/wp-content\/uploads\/2024\/08\/462559670_3787732518133670_9795632669273463_n-e1731525914575.png","contentUrl":"https:\/\/www.malinashop.lt\/wp-content\/uploads\/2024\/08\/462559670_3787732518133670_9795632669273463_n-e1731525914575.png","width":180,"height":60,"caption":"COM Group Ecommerce"},"image":{"@id":"https:\/\/www.malinashop.lt\/en\/#\/schema\/logo\/image\/"}}]}},"jetpack_sharing_enabled":true,"_links":{"self":[{"href":"https:\/\/www.malinashop.lt\/lt_lt\/wp-json\/wp\/v2\/product\/19927","targetHints":{"allow":["GET"]}}],"collection":[{"href":"https:\/\/www.malinashop.lt\/lt_lt\/wp-json\/wp\/v2\/product"}],"about":[{"href":"https:\/\/www.malinashop.lt\/lt_lt\/wp-json\/wp\/v2\/types\/product"}],"version-history":[{"count":2,"href":"https:\/\/www.malinashop.lt\/lt_lt\/wp-json\/wp\/v2\/product\/19927\/revisions"}],"predecessor-version":[{"id":32852,"href":"https:\/\/www.malinashop.lt\/lt_lt\/wp-json\/wp\/v2\/product\/19927\/revisions\/32852"}],"wp:featuredmedia":[{"embeddable":true,"href":"https:\/\/www.malinashop.lt\/lt_lt\/wp-json\/wp\/v2\/media\/18165"}],"wp:attachment":[{"href":"https:\/\/www.malinashop.lt\/lt_lt\/wp-json\/wp\/v2\/media?parent=19927"}],"wp:term":[{"taxonomy":"product_brand","embeddable":true,"href":"https:\/\/www.malinashop.lt\/lt_lt\/wp-json\/wp\/v2\/product_brand?post=19927"},{"taxonomy":"product_cat","embeddable":true,"href":"https:\/\/www.malinashop.lt\/lt_lt\/wp-json\/wp\/v2\/product_cat?post=19927"},{"taxonomy":"product_tag","embeddable":true,"href":"https:\/\/www.malinashop.lt\/lt_lt\/wp-json\/wp\/v2\/product_tag?post=19927"}],"curies":[{"name":"wp","href":"https:\/\/api.w.org\/{rel}","templated":true}]}}