{"id":19917,"date":"2024-11-06T15:52:52","date_gmt":"2024-11-06T12:52:52","guid":{"rendered":"https:\/\/malinashop.lt\/produktas\/numee-game-on-pause-skin-perfecting-kremas-su-niacinamidu-50-ml\/"},"modified":"2026-04-13T22:19:32","modified_gmt":"2026-04-13T19:19:32","slug":"numee-game-on-pause-skin-perfecting-kremas-su-niacinamidu-50-ml","status":"publish","type":"product","link":"https:\/\/www.malinashop.lt\/lt_lt\/shop\/numee-game-on-pause-skin-perfecting-kremas-su-niacinamidu-50-ml\/","title":{"rendered":"NUMEE GAME ON PAUSE SKIN PERFECTING kremas su niacinamidu, 50 ml"},"content":{"rendered":"<p>NUMEE kremas su niacinamidu GAME ON PAUSE SKIN PERFECTING yra \u017ealioji alternatyva retinoliui, praturtintas antioksidantais, vitaminu B3 (niacinamidu) ir bakuchioliu. \u0160is kremas skatina kolageno gamyb\u0105, ma\u017eina smulki\u0173 rauk\u0161li\u0173 atsiradim\u0105 ir apsaugo nuo miesto ter\u0161al\u0173, suteikdamas odai lygesn\u0119, stangresn\u0119 ir spindin\u010di\u0105 i\u0161vaizd\u0105.<\/p>\n<p>Privalumai ir ingredientai:<br \/>\nNiacinamidas (Vitaminas B3, 3%): Atkuria odos atspalv\u012f, ma\u017eina spalvos pasikeitimus, rauk\u0161li\u0173 atsiradim\u0105, pagerina elastingum\u0105 ir stiprina odos barjer\u0105.<br \/>\nBaku\u010diolis (0,5%): Nat\u016brali alternatyva retinoliui, padeda i\u0161laikyti odos lipid\u0173 vientisum\u0105 ir stimuliuoja kolageno sintez\u0119.<br \/>\nTamarindus Indica s\u0117klos (0,5%): Nat\u016bralus dr\u0117kinamasis polisacharidas, gerinantis odos dr\u0117kinim\u0105, elastingum\u0105 ir stangrum\u0105.<br \/>\nNeossance\u00ae Skvalanas (2%): Tvariai gaunamas i\u0161 cukranendri\u0173, dr\u0117kina od\u0105, suteikdamas jai lygumo ir elastingumo.<br \/>\nTaukmed\u017eio sviestas (1,70%): Dr\u0117kina, mink\u0161tina ir maitina od\u0105.<br \/>\nNaudojimas:<br \/>\nTepkite ant k\u0105 tik nuvalytos veido odos ryte ir (arba) vakare.<\/p>\n<p>NUMEE kremas su niacinamidu GAME ON PAUSE SKIN PERFECTING tinka veganams ir yra pagamintas i\u0161 95% nat\u016bralios kilm\u0117s ingredient\u0173.<\/p>\n<p>Prek\u0117s \u017eenklo filosofija<br \/>\nNumee prek\u0117s \u017eenklas buvo sukurtas po daugiau nei 20 met\u0173 tyrim\u0173 ir k\u016brimo proceso. Produkt\u0173 filosofija remiasi saugumu, efektyvumu, inovatyvumu ir prieinama kaina. J\u0173 tikslas \u2013 nat\u016bralus ir \u0161velnus gro\u017eis, kuris i\u0161 tikr\u0173j\u0173 veikia. Numee si\u016blo odos prie\u017ei\u016bros sprendimus, kurie yra malon\u016bs tiek j\u016bs\u0173 odai, tiek planetai. \u0160ie produktai yra ne tik veiksmingi, bet ir malon\u016bs naudoti!<\/p>\n<div class=\"text-tab text-tab-id-10\">\n<p>Siuntas i\u0161siun\u010diame antradieniais ir ketvirtadieniais. Jei d\u0117l koki\u0173 nors prie\u017eas\u010di\u0173 siunta negali b\u016bti i\u0161si\u0173sta \u0161iomis dienomis ir ji yra perkeliama \u012f kit\u0105 dien\u0105, apie tai informuosime jus svetain\u0117je arba el. pa\u0161tu.<\/p>\n<p>\u201eJei turite klausim\u0173, pra\u0161ome susisiekti el. pa\u0161tu info@malinashop.lt arba telefonu +37065444002 darbo dienomis nuo 10:00 iki 16:00 val.\u201c<\/p>\n<\/div>\n<div class=\"text-tab text-tab-id-11\">\n<p>Perkant u\u017e daugiau nei 50\u20ac &#8211; pristatymas nemokamas.<\/p>\n<p>Pristatymas \u012f LPexpress pa\u0161tomat\u0105\u00a0(visoje Lietuvoje, i\u0161skyrus Kur\u0161i\u0173 Nerij\u0105).<\/p>\n<\/div>\n","protected":false},"excerpt":{"rendered":"<p>NUMEE kremas su niacinamidu GAME ON PAUSE SKIN PERFECTING yra \u017ealioji alternatyva retinoliui, praturtintas antioksidantais, vitaminu B3 (niacinamidu) ir bakuchioliu. \u0160is kremas&hellip;<\/p>\n","protected":false},"featured_media":18170,"template":"","meta":[],"product_brand":[548],"product_cat":[562,187,728],"product_tag":[1635],"class_list":{"0":"post-19917","1":"product","2":"type-product","3":"status-publish","4":"has-post-thumbnail","6":"product_brand-numee","7":"product_cat-sandelio-valymas","8":"product_cat-veido-kremai","9":"product_cat-veidui","10":"product_tag-numee","12":"first","13":"outofstock","14":"sale","15":"taxable","16":"shipping-taxable","17":"purchasable","18":"product-type-simple"},"yoast_head":"<!-- This site is optimized with the Yoast SEO plugin v27.3 - https:\/\/yoast.com\/product\/yoast-seo-wordpress\/ -->\n<title>NUMEE GAME ON PAUSE SKIN PERFECTING kremas su niacinamidu, 50 ml - MalinaShop.lt J\u016bs\u0173 sveikatai ir gro\u017eiui.<\/title>\n<meta name=\"robots\" content=\"index, follow, max-snippet:-1, max-image-preview:large, max-video-preview:-1\" \/>\n<link rel=\"canonical\" href=\"https:\/\/www.malinashop.lt\/lt_lt\/shop\/numee-game-on-pause-skin-perfecting-kremas-su-niacinamidu-50-ml\/\" \/>\n<meta property=\"og:locale\" content=\"lt_LT\" \/>\n<meta property=\"og:type\" content=\"article\" \/>\n<meta property=\"og:title\" content=\"NUMEE GAME ON PAUSE SKIN PERFECTING kremas su niacinamidu, 50 ml - MalinaShop.lt J\u016bs\u0173 sveikatai ir gro\u017eiui.\" \/>\n<meta property=\"og:url\" content=\"https:\/\/www.malinashop.lt\/lt_lt\/shop\/numee-game-on-pause-skin-perfecting-kremas-su-niacinamidu-50-ml\/\" \/>\n<meta property=\"og:site_name\" content=\"MalinaShop.lt J\u016bs\u0173 sveikatai ir gro\u017eiui.\" \/>\n<meta property=\"article:modified_time\" content=\"2026-04-13T19:19:32+00:00\" \/>\n<meta property=\"og:image\" content=\"https:\/\/www.malinashop.lt\/wp-content\/uploads\/2024\/11\/NUMEE-GAME-ON-PAUSE-SKIN-PERFECTING-kremas-su-niacinamidu-50-ml.jpg\" \/>\n\t<meta property=\"og:image:width\" content=\"1000\" \/>\n\t<meta property=\"og:image:height\" content=\"1000\" \/>\n\t<meta property=\"og:image:type\" content=\"image\/jpeg\" \/>\n<meta name=\"twitter:card\" content=\"summary_large_image\" \/>\n<script type=\"application\/ld+json\" class=\"yoast-schema-graph\">{\"@context\":\"https:\\\/\\\/schema.org\",\"@graph\":[{\"@type\":\"WebPage\",\"@id\":\"https:\\\/\\\/www.malinashop.lt\\\/lt_lt\\\/shop\\\/numee-game-on-pause-skin-perfecting-kremas-su-niacinamidu-50-ml\\\/\",\"url\":\"https:\\\/\\\/www.malinashop.lt\\\/lt_lt\\\/shop\\\/numee-game-on-pause-skin-perfecting-kremas-su-niacinamidu-50-ml\\\/\",\"name\":\"NUMEE GAME ON PAUSE SKIN PERFECTING kremas su niacinamidu, 50 ml - MalinaShop.lt J\u016bs\u0173 sveikatai ir gro\u017eiui.\",\"isPartOf\":{\"@id\":\"https:\\\/\\\/www.malinashop.lt\\\/en\\\/#website\"},\"primaryImageOfPage\":{\"@id\":\"https:\\\/\\\/www.malinashop.lt\\\/lt_lt\\\/shop\\\/numee-game-on-pause-skin-perfecting-kremas-su-niacinamidu-50-ml\\\/#primaryimage\"},\"image\":{\"@id\":\"https:\\\/\\\/www.malinashop.lt\\\/lt_lt\\\/shop\\\/numee-game-on-pause-skin-perfecting-kremas-su-niacinamidu-50-ml\\\/#primaryimage\"},\"thumbnailUrl\":\"https:\\\/\\\/www.malinashop.lt\\\/wp-content\\\/uploads\\\/2024\\\/11\\\/NUMEE-GAME-ON-PAUSE-SKIN-PERFECTING-kremas-su-niacinamidu-50-ml.jpg\",\"datePublished\":\"2024-11-06T12:52:52+00:00\",\"dateModified\":\"2026-04-13T19:19:32+00:00\",\"breadcrumb\":{\"@id\":\"https:\\\/\\\/www.malinashop.lt\\\/lt_lt\\\/shop\\\/numee-game-on-pause-skin-perfecting-kremas-su-niacinamidu-50-ml\\\/#breadcrumb\"},\"inLanguage\":\"lt-LT\",\"potentialAction\":[{\"@type\":\"ReadAction\",\"target\":[\"https:\\\/\\\/www.malinashop.lt\\\/lt_lt\\\/shop\\\/numee-game-on-pause-skin-perfecting-kremas-su-niacinamidu-50-ml\\\/\"]}]},{\"@type\":\"ImageObject\",\"inLanguage\":\"lt-LT\",\"@id\":\"https:\\\/\\\/www.malinashop.lt\\\/lt_lt\\\/shop\\\/numee-game-on-pause-skin-perfecting-kremas-su-niacinamidu-50-ml\\\/#primaryimage\",\"url\":\"https:\\\/\\\/www.malinashop.lt\\\/wp-content\\\/uploads\\\/2024\\\/11\\\/NUMEE-GAME-ON-PAUSE-SKIN-PERFECTING-kremas-su-niacinamidu-50-ml.jpg\",\"contentUrl\":\"https:\\\/\\\/www.malinashop.lt\\\/wp-content\\\/uploads\\\/2024\\\/11\\\/NUMEE-GAME-ON-PAUSE-SKIN-PERFECTING-kremas-su-niacinamidu-50-ml.jpg\",\"width\":1000,\"height\":1000},{\"@type\":\"BreadcrumbList\",\"@id\":\"https:\\\/\\\/www.malinashop.lt\\\/lt_lt\\\/shop\\\/numee-game-on-pause-skin-perfecting-kremas-su-niacinamidu-50-ml\\\/#breadcrumb\",\"itemListElement\":[{\"@type\":\"ListItem\",\"position\":1,\"name\":\"Home\",\"item\":\"https:\\\/\\\/www.malinashop.lt\\\/en\\\/\"},{\"@type\":\"ListItem\",\"position\":2,\"name\":\"Parduotuv\u0117\",\"item\":\"https:\\\/\\\/www.malinashop.lt\\\/en\\\/parduotuve\\\/\"},{\"@type\":\"ListItem\",\"position\":3,\"name\":\"NUMEE GAME ON PAUSE SKIN PERFECTING kremas su niacinamidu, 50 ml\"}]},{\"@type\":\"WebSite\",\"@id\":\"https:\\\/\\\/www.malinashop.lt\\\/en\\\/#website\",\"url\":\"https:\\\/\\\/www.malinashop.lt\\\/en\\\/\",\"name\":\"COM Group Ecommerce\",\"description\":\"MalinaShop.lt - Gro\u017eio ir sveikatos produktai i\u0161 patikim\u0173 preki\u0173 \u017eenkl\u0173. Atraskite auk\u0161tos kokyb\u0117s kosmetik\u0105 u\u017e puiki\u0105 kain\u0105.\",\"publisher\":{\"@id\":\"https:\\\/\\\/www.malinashop.lt\\\/en\\\/#organization\"},\"potentialAction\":[{\"@type\":\"SearchAction\",\"target\":{\"@type\":\"EntryPoint\",\"urlTemplate\":\"https:\\\/\\\/www.malinashop.lt\\\/en\\\/?s={search_term_string}\"},\"query-input\":{\"@type\":\"PropertyValueSpecification\",\"valueRequired\":true,\"valueName\":\"search_term_string\"}}],\"inLanguage\":\"lt-LT\"},{\"@type\":\"Organization\",\"@id\":\"https:\\\/\\\/www.malinashop.lt\\\/en\\\/#organization\",\"name\":\"COM Group Ecommerce\",\"url\":\"https:\\\/\\\/www.malinashop.lt\\\/en\\\/\",\"logo\":{\"@type\":\"ImageObject\",\"inLanguage\":\"lt-LT\",\"@id\":\"https:\\\/\\\/www.malinashop.lt\\\/en\\\/#\\\/schema\\\/logo\\\/image\\\/\",\"url\":\"https:\\\/\\\/www.malinashop.lt\\\/wp-content\\\/uploads\\\/2024\\\/08\\\/462559670_3787732518133670_9795632669273463_n-e1731525914575.png\",\"contentUrl\":\"https:\\\/\\\/www.malinashop.lt\\\/wp-content\\\/uploads\\\/2024\\\/08\\\/462559670_3787732518133670_9795632669273463_n-e1731525914575.png\",\"width\":180,\"height\":60,\"caption\":\"COM Group Ecommerce\"},\"image\":{\"@id\":\"https:\\\/\\\/www.malinashop.lt\\\/en\\\/#\\\/schema\\\/logo\\\/image\\\/\"}}]}<\/script>\n<!-- \/ Yoast SEO plugin. -->","yoast_head_json":{"title":"NUMEE GAME ON PAUSE SKIN PERFECTING kremas su niacinamidu, 50 ml - MalinaShop.lt J\u016bs\u0173 sveikatai ir gro\u017eiui.","robots":{"index":"index","follow":"follow","max-snippet":"max-snippet:-1","max-image-preview":"max-image-preview:large","max-video-preview":"max-video-preview:-1"},"canonical":"https:\/\/www.malinashop.lt\/lt_lt\/shop\/numee-game-on-pause-skin-perfecting-kremas-su-niacinamidu-50-ml\/","og_locale":"lt_LT","og_type":"article","og_title":"NUMEE GAME ON PAUSE SKIN PERFECTING kremas su niacinamidu, 50 ml - MalinaShop.lt J\u016bs\u0173 sveikatai ir gro\u017eiui.","og_url":"https:\/\/www.malinashop.lt\/lt_lt\/shop\/numee-game-on-pause-skin-perfecting-kremas-su-niacinamidu-50-ml\/","og_site_name":"MalinaShop.lt J\u016bs\u0173 sveikatai ir gro\u017eiui.","article_modified_time":"2026-04-13T19:19:32+00:00","og_image":[{"width":1000,"height":1000,"url":"https:\/\/www.malinashop.lt\/wp-content\/uploads\/2024\/11\/NUMEE-GAME-ON-PAUSE-SKIN-PERFECTING-kremas-su-niacinamidu-50-ml.jpg","type":"image\/jpeg"}],"twitter_card":"summary_large_image","schema":{"@context":"https:\/\/schema.org","@graph":[{"@type":"WebPage","@id":"https:\/\/www.malinashop.lt\/lt_lt\/shop\/numee-game-on-pause-skin-perfecting-kremas-su-niacinamidu-50-ml\/","url":"https:\/\/www.malinashop.lt\/lt_lt\/shop\/numee-game-on-pause-skin-perfecting-kremas-su-niacinamidu-50-ml\/","name":"NUMEE GAME ON PAUSE SKIN PERFECTING kremas su niacinamidu, 50 ml - MalinaShop.lt J\u016bs\u0173 sveikatai ir gro\u017eiui.","isPartOf":{"@id":"https:\/\/www.malinashop.lt\/en\/#website"},"primaryImageOfPage":{"@id":"https:\/\/www.malinashop.lt\/lt_lt\/shop\/numee-game-on-pause-skin-perfecting-kremas-su-niacinamidu-50-ml\/#primaryimage"},"image":{"@id":"https:\/\/www.malinashop.lt\/lt_lt\/shop\/numee-game-on-pause-skin-perfecting-kremas-su-niacinamidu-50-ml\/#primaryimage"},"thumbnailUrl":"https:\/\/www.malinashop.lt\/wp-content\/uploads\/2024\/11\/NUMEE-GAME-ON-PAUSE-SKIN-PERFECTING-kremas-su-niacinamidu-50-ml.jpg","datePublished":"2024-11-06T12:52:52+00:00","dateModified":"2026-04-13T19:19:32+00:00","breadcrumb":{"@id":"https:\/\/www.malinashop.lt\/lt_lt\/shop\/numee-game-on-pause-skin-perfecting-kremas-su-niacinamidu-50-ml\/#breadcrumb"},"inLanguage":"lt-LT","potentialAction":[{"@type":"ReadAction","target":["https:\/\/www.malinashop.lt\/lt_lt\/shop\/numee-game-on-pause-skin-perfecting-kremas-su-niacinamidu-50-ml\/"]}]},{"@type":"ImageObject","inLanguage":"lt-LT","@id":"https:\/\/www.malinashop.lt\/lt_lt\/shop\/numee-game-on-pause-skin-perfecting-kremas-su-niacinamidu-50-ml\/#primaryimage","url":"https:\/\/www.malinashop.lt\/wp-content\/uploads\/2024\/11\/NUMEE-GAME-ON-PAUSE-SKIN-PERFECTING-kremas-su-niacinamidu-50-ml.jpg","contentUrl":"https:\/\/www.malinashop.lt\/wp-content\/uploads\/2024\/11\/NUMEE-GAME-ON-PAUSE-SKIN-PERFECTING-kremas-su-niacinamidu-50-ml.jpg","width":1000,"height":1000},{"@type":"BreadcrumbList","@id":"https:\/\/www.malinashop.lt\/lt_lt\/shop\/numee-game-on-pause-skin-perfecting-kremas-su-niacinamidu-50-ml\/#breadcrumb","itemListElement":[{"@type":"ListItem","position":1,"name":"Home","item":"https:\/\/www.malinashop.lt\/en\/"},{"@type":"ListItem","position":2,"name":"Parduotuv\u0117","item":"https:\/\/www.malinashop.lt\/en\/parduotuve\/"},{"@type":"ListItem","position":3,"name":"NUMEE GAME ON PAUSE SKIN PERFECTING kremas su niacinamidu, 50 ml"}]},{"@type":"WebSite","@id":"https:\/\/www.malinashop.lt\/en\/#website","url":"https:\/\/www.malinashop.lt\/en\/","name":"COM Group Ecommerce","description":"MalinaShop.lt - Gro\u017eio ir sveikatos produktai i\u0161 patikim\u0173 preki\u0173 \u017eenkl\u0173. Atraskite auk\u0161tos kokyb\u0117s kosmetik\u0105 u\u017e puiki\u0105 kain\u0105.","publisher":{"@id":"https:\/\/www.malinashop.lt\/en\/#organization"},"potentialAction":[{"@type":"SearchAction","target":{"@type":"EntryPoint","urlTemplate":"https:\/\/www.malinashop.lt\/en\/?s={search_term_string}"},"query-input":{"@type":"PropertyValueSpecification","valueRequired":true,"valueName":"search_term_string"}}],"inLanguage":"lt-LT"},{"@type":"Organization","@id":"https:\/\/www.malinashop.lt\/en\/#organization","name":"COM Group Ecommerce","url":"https:\/\/www.malinashop.lt\/en\/","logo":{"@type":"ImageObject","inLanguage":"lt-LT","@id":"https:\/\/www.malinashop.lt\/en\/#\/schema\/logo\/image\/","url":"https:\/\/www.malinashop.lt\/wp-content\/uploads\/2024\/08\/462559670_3787732518133670_9795632669273463_n-e1731525914575.png","contentUrl":"https:\/\/www.malinashop.lt\/wp-content\/uploads\/2024\/08\/462559670_3787732518133670_9795632669273463_n-e1731525914575.png","width":180,"height":60,"caption":"COM Group Ecommerce"},"image":{"@id":"https:\/\/www.malinashop.lt\/en\/#\/schema\/logo\/image\/"}}]}},"jetpack_sharing_enabled":true,"_links":{"self":[{"href":"https:\/\/www.malinashop.lt\/lt_lt\/wp-json\/wp\/v2\/product\/19917","targetHints":{"allow":["GET"]}}],"collection":[{"href":"https:\/\/www.malinashop.lt\/lt_lt\/wp-json\/wp\/v2\/product"}],"about":[{"href":"https:\/\/www.malinashop.lt\/lt_lt\/wp-json\/wp\/v2\/types\/product"}],"version-history":[{"count":1,"href":"https:\/\/www.malinashop.lt\/lt_lt\/wp-json\/wp\/v2\/product\/19917\/revisions"}],"predecessor-version":[{"id":32860,"href":"https:\/\/www.malinashop.lt\/lt_lt\/wp-json\/wp\/v2\/product\/19917\/revisions\/32860"}],"wp:featuredmedia":[{"embeddable":true,"href":"https:\/\/www.malinashop.lt\/lt_lt\/wp-json\/wp\/v2\/media\/18170"}],"wp:attachment":[{"href":"https:\/\/www.malinashop.lt\/lt_lt\/wp-json\/wp\/v2\/media?parent=19917"}],"wp:term":[{"taxonomy":"product_brand","embeddable":true,"href":"https:\/\/www.malinashop.lt\/lt_lt\/wp-json\/wp\/v2\/product_brand?post=19917"},{"taxonomy":"product_cat","embeddable":true,"href":"https:\/\/www.malinashop.lt\/lt_lt\/wp-json\/wp\/v2\/product_cat?post=19917"},{"taxonomy":"product_tag","embeddable":true,"href":"https:\/\/www.malinashop.lt\/lt_lt\/wp-json\/wp\/v2\/product_tag?post=19917"}],"curies":[{"name":"wp","href":"https:\/\/api.w.org\/{rel}","templated":true}]}}