{"id":19915,"date":"2024-11-06T15:52:52","date_gmt":"2024-11-06T12:52:52","guid":{"rendered":"https:\/\/malinashop.lt\/produktas\/numee-game-on-play-line-eraser-oda-koreguojantis-veido-kremas-50-ml\/"},"modified":"2026-03-29T12:17:10","modified_gmt":"2026-03-29T09:17:10","slug":"numee-game-on-play-line-eraser-oda-koreguojantis-veido-kremas-50-ml","status":"publish","type":"product","link":"https:\/\/www.malinashop.lt\/lt_lt\/shop\/numee-game-on-play-line-eraser-oda-koreguojantis-veido-kremas-50-ml\/","title":{"rendered":"NUMEE GAME ON PLAY LINE ERASER od\u0105 koreguojantis veido kremas, 50 ml"},"content":{"rendered":"<p>NUMEE od\u0105 koreguojantis veido kremas GAME ON PLAY LINE ERASER suteikia 24 valand\u0173 dr\u0117kinim\u0105 ir efektyviai u\u017epildo rauk\u0161les i\u0161 vidaus, paliekant od\u0105 pastebimai lygesn\u0119. Naudojant krem\u0105 keturias savaites, smulki\u0173 rauk\u0161leli\u0173 i\u0161vaizda \u017eymiai pager\u0117ja, o gilios rauk\u0161l\u0117s ma\u017e\u0117ja.<\/p>\n<p>Privalumai ir ingredientai:<br \/>\nAugalinis kolagenas (1%): Skatina dr\u0117kinim\u0105 ir dr\u0117kina od\u0105.<br \/>\nMatrixyl\u00ae Sinthe\u20196\u00ae Lift Restructuring Peptide (2%): Stimuliuoja kolageno (I, II ir IV tipo), fibronektino ir hialurono r\u016bg\u0161ties sintez\u0119. Padeda suma\u017einti gilias rauk\u0161les ir linijas ant kaktos.<br \/>\nVitaminas E (0,5%): Kovoja su sen\u0117jimo po\u017eymiais, dr\u0117kina ir gerina odos elastingum\u0105 bei \u0161velnum\u0105, apsaugodamas nuo laisv\u0173j\u0173 radikal\u0173.<br \/>\nHialurono r\u016bg\u0161tis (0,2%): Sulaiko ir i\u0161laiko odos dr\u0117gm\u0119, formuodama kv\u0117puojan\u010di\u0105 pl\u0117vel\u0119, kuri gerina odos stangrum\u0105.<br \/>\nBetaino runkeli\u0173 ekstraktas (2%): Apsaugo l\u0105steles nuo aplinkos streso, kontroliuoja l\u0105steli\u0173 vandens balans\u0105, dr\u0117kina ir ramina od\u0105.<br \/>\nNatrio PCA (2%): Nat\u016bralus dr\u0117kinamasis kremas aminor\u016bg\u0161\u010di\u0173 pagrindu.<br \/>\nNUMEE veido kremas tinka visiems odos tipams, ypa\u010d tiems, kuri\u0173 oda prarado stangrum\u0105 ir elastingum\u0105 arba norintiems i\u0161vengti \u0161i\u0173 po\u017eymi\u0173.<\/p>\n<p>Tinka veganams<br \/>\nNUMEE od\u0105 koreguojantis veido kremas GAME ON PLAY LINE ERASER yra vegani\u0161kas ir 70% ingredient\u0173 yra nat\u016bralios kilm\u0117s.<\/p>\n<p>Prek\u0117s \u017eenklo filosofija<br \/>\nNumee prek\u0117s \u017eenklas buvo sukurtas po daugiau nei 20 met\u0173 tyrim\u0173 ir k\u016brimo proceso. Produkt\u0173 filosofija remiasi saugumu, efektyvumu, inovatyvumu ir prieinama kaina. J\u0173 tikslas \u2013 nat\u016bralus ir \u0161velnus gro\u017eis, kuris i\u0161 tikr\u0173j\u0173 veikia. Numee si\u016blo odos prie\u017ei\u016bros sprendimus, kurie yra malon\u016bs tiek j\u016bs\u0173 odai, tiek planetai. \u0160ie produktai yra ne tik veiksmingi, bet ir malon\u016bs naudoti!<\/p>\n<div class=\"text-tab text-tab-id-10\">\n<p>Siuntas i\u0161siun\u010diame antradieniais ir ketvirtadieniais. Jei d\u0117l koki\u0173 nors prie\u017eas\u010di\u0173 siunta negali b\u016bti i\u0161si\u0173sta \u0161iomis dienomis ir ji yra perkeliama \u012f kit\u0105 dien\u0105, apie tai informuosime jus svetain\u0117je arba el. pa\u0161tu.<\/p>\n<p>\u201eJei turite klausim\u0173, pra\u0161ome susisiekti el. pa\u0161tu info@malinashop.lt arba telefonu +37065444002 darbo dienomis nuo 10:00 iki 16:00 val.\u201c<\/p>\n<\/div>\n<div class=\"text-tab text-tab-id-11\">\n<p>Perkant u\u017e daugiau nei 50\u20ac &#8211; pristatymas nemokamas.<\/p>\n<p>Pristatymas \u012f LPexpress pa\u0161tomat\u0105\u00a0(visoje Lietuvoje, i\u0161skyrus Kur\u0161i\u0173 Nerij\u0105).<\/p>\n<\/div>\n","protected":false},"excerpt":{"rendered":"<p>NUMEE od\u0105 koreguojantis veido kremas GAME ON PLAY LINE ERASER suteikia 24 valand\u0173 dr\u0117kinim\u0105 ir efektyviai u\u017epildo rauk\u0161les i\u0161 vidaus, paliekant od\u0105&hellip;<\/p>\n","protected":false},"featured_media":18171,"template":"","meta":[],"product_brand":[548],"product_cat":[187,728],"product_tag":[1635],"class_list":{"0":"post-19915","1":"product","2":"type-product","3":"status-publish","4":"has-post-thumbnail","6":"product_brand-numee","7":"product_cat-veido-kremai","8":"product_cat-veidui","9":"product_tag-numee","11":"first","12":"outofstock","13":"sale","14":"taxable","15":"shipping-taxable","16":"purchasable","17":"product-type-simple"},"yoast_head":"<!-- This site is optimized with the Yoast SEO plugin v27.4 - https:\/\/yoast.com\/product\/yoast-seo-wordpress\/ -->\n<title>NUMEE GAME ON PLAY LINE ERASER od\u0105 koreguojantis veido kremas, 50 ml - MalinaShop.lt J\u016bs\u0173 sveikatai ir gro\u017eiui.<\/title>\n<meta name=\"robots\" content=\"index, follow, max-snippet:-1, max-image-preview:large, max-video-preview:-1\" \/>\n<link rel=\"canonical\" href=\"https:\/\/www.malinashop.lt\/lt_lt\/shop\/numee-game-on-play-line-eraser-oda-koreguojantis-veido-kremas-50-ml\/\" \/>\n<meta property=\"og:locale\" content=\"lt_LT\" \/>\n<meta property=\"og:type\" content=\"article\" \/>\n<meta property=\"og:title\" content=\"NUMEE GAME ON PLAY LINE ERASER od\u0105 koreguojantis veido kremas, 50 ml - MalinaShop.lt J\u016bs\u0173 sveikatai ir gro\u017eiui.\" \/>\n<meta property=\"og:url\" content=\"https:\/\/www.malinashop.lt\/lt_lt\/shop\/numee-game-on-play-line-eraser-oda-koreguojantis-veido-kremas-50-ml\/\" \/>\n<meta property=\"og:site_name\" content=\"MalinaShop.lt J\u016bs\u0173 sveikatai ir gro\u017eiui.\" \/>\n<meta property=\"article:modified_time\" content=\"2026-03-29T09:17:10+00:00\" \/>\n<meta property=\"og:image\" content=\"https:\/\/www.malinashop.lt\/wp-content\/uploads\/2024\/11\/NUMEE-GAME-ON-PLAY-LINE-ERASER-oda-koreguojantis-veido-kremas-50-ml.jpg\" \/>\n\t<meta property=\"og:image:width\" content=\"1000\" \/>\n\t<meta property=\"og:image:height\" content=\"1000\" \/>\n\t<meta property=\"og:image:type\" content=\"image\/jpeg\" \/>\n<meta name=\"twitter:card\" content=\"summary_large_image\" \/>\n<script type=\"application\/ld+json\" class=\"yoast-schema-graph\">{\"@context\":\"https:\\\/\\\/schema.org\",\"@graph\":[{\"@type\":\"WebPage\",\"@id\":\"https:\\\/\\\/www.malinashop.lt\\\/lt_lt\\\/shop\\\/numee-game-on-play-line-eraser-oda-koreguojantis-veido-kremas-50-ml\\\/\",\"url\":\"https:\\\/\\\/www.malinashop.lt\\\/lt_lt\\\/shop\\\/numee-game-on-play-line-eraser-oda-koreguojantis-veido-kremas-50-ml\\\/\",\"name\":\"NUMEE GAME ON PLAY LINE ERASER od\u0105 koreguojantis veido kremas, 50 ml - MalinaShop.lt J\u016bs\u0173 sveikatai ir gro\u017eiui.\",\"isPartOf\":{\"@id\":\"https:\\\/\\\/www.malinashop.lt\\\/#website\"},\"primaryImageOfPage\":{\"@id\":\"https:\\\/\\\/www.malinashop.lt\\\/lt_lt\\\/shop\\\/numee-game-on-play-line-eraser-oda-koreguojantis-veido-kremas-50-ml\\\/#primaryimage\"},\"image\":{\"@id\":\"https:\\\/\\\/www.malinashop.lt\\\/lt_lt\\\/shop\\\/numee-game-on-play-line-eraser-oda-koreguojantis-veido-kremas-50-ml\\\/#primaryimage\"},\"thumbnailUrl\":\"https:\\\/\\\/www.malinashop.lt\\\/wp-content\\\/uploads\\\/2024\\\/11\\\/NUMEE-GAME-ON-PLAY-LINE-ERASER-oda-koreguojantis-veido-kremas-50-ml.jpg\",\"datePublished\":\"2024-11-06T12:52:52+00:00\",\"dateModified\":\"2026-03-29T09:17:10+00:00\",\"breadcrumb\":{\"@id\":\"https:\\\/\\\/www.malinashop.lt\\\/lt_lt\\\/shop\\\/numee-game-on-play-line-eraser-oda-koreguojantis-veido-kremas-50-ml\\\/#breadcrumb\"},\"inLanguage\":\"lt-LT\",\"potentialAction\":[{\"@type\":\"ReadAction\",\"target\":[\"https:\\\/\\\/www.malinashop.lt\\\/lt_lt\\\/shop\\\/numee-game-on-play-line-eraser-oda-koreguojantis-veido-kremas-50-ml\\\/\"]}]},{\"@type\":\"ImageObject\",\"inLanguage\":\"lt-LT\",\"@id\":\"https:\\\/\\\/www.malinashop.lt\\\/lt_lt\\\/shop\\\/numee-game-on-play-line-eraser-oda-koreguojantis-veido-kremas-50-ml\\\/#primaryimage\",\"url\":\"https:\\\/\\\/www.malinashop.lt\\\/wp-content\\\/uploads\\\/2024\\\/11\\\/NUMEE-GAME-ON-PLAY-LINE-ERASER-oda-koreguojantis-veido-kremas-50-ml.jpg\",\"contentUrl\":\"https:\\\/\\\/www.malinashop.lt\\\/wp-content\\\/uploads\\\/2024\\\/11\\\/NUMEE-GAME-ON-PLAY-LINE-ERASER-oda-koreguojantis-veido-kremas-50-ml.jpg\",\"width\":1000,\"height\":1000},{\"@type\":\"BreadcrumbList\",\"@id\":\"https:\\\/\\\/www.malinashop.lt\\\/lt_lt\\\/shop\\\/numee-game-on-play-line-eraser-oda-koreguojantis-veido-kremas-50-ml\\\/#breadcrumb\",\"itemListElement\":[{\"@type\":\"ListItem\",\"position\":1,\"name\":\"Pagrindinis\",\"item\":\"https:\\\/\\\/www.malinashop.lt\\\/\"},{\"@type\":\"ListItem\",\"position\":2,\"name\":\"Parduotuv\u0117\",\"item\":\"https:\\\/\\\/www.malinashop.lt\\\/en\\\/parduotuve\\\/\"},{\"@type\":\"ListItem\",\"position\":3,\"name\":\"NUMEE GAME ON PLAY LINE ERASER od\u0105 koreguojantis veido kremas, 50 ml\"}]},{\"@type\":\"WebSite\",\"@id\":\"https:\\\/\\\/www.malinashop.lt\\\/#website\",\"url\":\"https:\\\/\\\/www.malinashop.lt\\\/\",\"name\":\"COM Group Ecommerce\",\"description\":\"MalinaShop.lt - Gro\u017eio ir sveikatos produktai i\u0161 patikim\u0173 preki\u0173 \u017eenkl\u0173. Atraskite auk\u0161tos kokyb\u0117s kosmetik\u0105 u\u017e puiki\u0105 kain\u0105.\",\"publisher\":{\"@id\":\"https:\\\/\\\/www.malinashop.lt\\\/#organization\"},\"potentialAction\":[{\"@type\":\"SearchAction\",\"target\":{\"@type\":\"EntryPoint\",\"urlTemplate\":\"https:\\\/\\\/www.malinashop.lt\\\/?s={search_term_string}\"},\"query-input\":{\"@type\":\"PropertyValueSpecification\",\"valueRequired\":true,\"valueName\":\"search_term_string\"}}],\"inLanguage\":\"lt-LT\"},{\"@type\":\"Organization\",\"@id\":\"https:\\\/\\\/www.malinashop.lt\\\/#organization\",\"name\":\"COM Group Ecommerce\",\"url\":\"https:\\\/\\\/www.malinashop.lt\\\/\",\"logo\":{\"@type\":\"ImageObject\",\"inLanguage\":\"lt-LT\",\"@id\":\"https:\\\/\\\/www.malinashop.lt\\\/#\\\/schema\\\/logo\\\/image\\\/\",\"url\":\"https:\\\/\\\/www.malinashop.lt\\\/wp-content\\\/uploads\\\/2024\\\/08\\\/462559670_3787732518133670_9795632669273463_n-e1731525914575.png\",\"contentUrl\":\"https:\\\/\\\/www.malinashop.lt\\\/wp-content\\\/uploads\\\/2024\\\/08\\\/462559670_3787732518133670_9795632669273463_n-e1731525914575.png\",\"width\":180,\"height\":60,\"caption\":\"COM Group Ecommerce\"},\"image\":{\"@id\":\"https:\\\/\\\/www.malinashop.lt\\\/#\\\/schema\\\/logo\\\/image\\\/\"}}]}<\/script>\n<!-- \/ Yoast SEO plugin. -->","yoast_head_json":{"title":"NUMEE GAME ON PLAY LINE ERASER od\u0105 koreguojantis veido kremas, 50 ml - MalinaShop.lt J\u016bs\u0173 sveikatai ir gro\u017eiui.","robots":{"index":"index","follow":"follow","max-snippet":"max-snippet:-1","max-image-preview":"max-image-preview:large","max-video-preview":"max-video-preview:-1"},"canonical":"https:\/\/www.malinashop.lt\/lt_lt\/shop\/numee-game-on-play-line-eraser-oda-koreguojantis-veido-kremas-50-ml\/","og_locale":"lt_LT","og_type":"article","og_title":"NUMEE GAME ON PLAY LINE ERASER od\u0105 koreguojantis veido kremas, 50 ml - MalinaShop.lt J\u016bs\u0173 sveikatai ir gro\u017eiui.","og_url":"https:\/\/www.malinashop.lt\/lt_lt\/shop\/numee-game-on-play-line-eraser-oda-koreguojantis-veido-kremas-50-ml\/","og_site_name":"MalinaShop.lt J\u016bs\u0173 sveikatai ir gro\u017eiui.","article_modified_time":"2026-03-29T09:17:10+00:00","og_image":[{"width":1000,"height":1000,"url":"https:\/\/www.malinashop.lt\/wp-content\/uploads\/2024\/11\/NUMEE-GAME-ON-PLAY-LINE-ERASER-oda-koreguojantis-veido-kremas-50-ml.jpg","type":"image\/jpeg"}],"twitter_card":"summary_large_image","schema":{"@context":"https:\/\/schema.org","@graph":[{"@type":"WebPage","@id":"https:\/\/www.malinashop.lt\/lt_lt\/shop\/numee-game-on-play-line-eraser-oda-koreguojantis-veido-kremas-50-ml\/","url":"https:\/\/www.malinashop.lt\/lt_lt\/shop\/numee-game-on-play-line-eraser-oda-koreguojantis-veido-kremas-50-ml\/","name":"NUMEE GAME ON PLAY LINE ERASER od\u0105 koreguojantis veido kremas, 50 ml - MalinaShop.lt J\u016bs\u0173 sveikatai ir gro\u017eiui.","isPartOf":{"@id":"https:\/\/www.malinashop.lt\/#website"},"primaryImageOfPage":{"@id":"https:\/\/www.malinashop.lt\/lt_lt\/shop\/numee-game-on-play-line-eraser-oda-koreguojantis-veido-kremas-50-ml\/#primaryimage"},"image":{"@id":"https:\/\/www.malinashop.lt\/lt_lt\/shop\/numee-game-on-play-line-eraser-oda-koreguojantis-veido-kremas-50-ml\/#primaryimage"},"thumbnailUrl":"https:\/\/www.malinashop.lt\/wp-content\/uploads\/2024\/11\/NUMEE-GAME-ON-PLAY-LINE-ERASER-oda-koreguojantis-veido-kremas-50-ml.jpg","datePublished":"2024-11-06T12:52:52+00:00","dateModified":"2026-03-29T09:17:10+00:00","breadcrumb":{"@id":"https:\/\/www.malinashop.lt\/lt_lt\/shop\/numee-game-on-play-line-eraser-oda-koreguojantis-veido-kremas-50-ml\/#breadcrumb"},"inLanguage":"lt-LT","potentialAction":[{"@type":"ReadAction","target":["https:\/\/www.malinashop.lt\/lt_lt\/shop\/numee-game-on-play-line-eraser-oda-koreguojantis-veido-kremas-50-ml\/"]}]},{"@type":"ImageObject","inLanguage":"lt-LT","@id":"https:\/\/www.malinashop.lt\/lt_lt\/shop\/numee-game-on-play-line-eraser-oda-koreguojantis-veido-kremas-50-ml\/#primaryimage","url":"https:\/\/www.malinashop.lt\/wp-content\/uploads\/2024\/11\/NUMEE-GAME-ON-PLAY-LINE-ERASER-oda-koreguojantis-veido-kremas-50-ml.jpg","contentUrl":"https:\/\/www.malinashop.lt\/wp-content\/uploads\/2024\/11\/NUMEE-GAME-ON-PLAY-LINE-ERASER-oda-koreguojantis-veido-kremas-50-ml.jpg","width":1000,"height":1000},{"@type":"BreadcrumbList","@id":"https:\/\/www.malinashop.lt\/lt_lt\/shop\/numee-game-on-play-line-eraser-oda-koreguojantis-veido-kremas-50-ml\/#breadcrumb","itemListElement":[{"@type":"ListItem","position":1,"name":"Pagrindinis","item":"https:\/\/www.malinashop.lt\/"},{"@type":"ListItem","position":2,"name":"Parduotuv\u0117","item":"https:\/\/www.malinashop.lt\/en\/parduotuve\/"},{"@type":"ListItem","position":3,"name":"NUMEE GAME ON PLAY LINE ERASER od\u0105 koreguojantis veido kremas, 50 ml"}]},{"@type":"WebSite","@id":"https:\/\/www.malinashop.lt\/#website","url":"https:\/\/www.malinashop.lt\/","name":"COM Group Ecommerce","description":"MalinaShop.lt - Gro\u017eio ir sveikatos produktai i\u0161 patikim\u0173 preki\u0173 \u017eenkl\u0173. Atraskite auk\u0161tos kokyb\u0117s kosmetik\u0105 u\u017e puiki\u0105 kain\u0105.","publisher":{"@id":"https:\/\/www.malinashop.lt\/#organization"},"potentialAction":[{"@type":"SearchAction","target":{"@type":"EntryPoint","urlTemplate":"https:\/\/www.malinashop.lt\/?s={search_term_string}"},"query-input":{"@type":"PropertyValueSpecification","valueRequired":true,"valueName":"search_term_string"}}],"inLanguage":"lt-LT"},{"@type":"Organization","@id":"https:\/\/www.malinashop.lt\/#organization","name":"COM Group Ecommerce","url":"https:\/\/www.malinashop.lt\/","logo":{"@type":"ImageObject","inLanguage":"lt-LT","@id":"https:\/\/www.malinashop.lt\/#\/schema\/logo\/image\/","url":"https:\/\/www.malinashop.lt\/wp-content\/uploads\/2024\/08\/462559670_3787732518133670_9795632669273463_n-e1731525914575.png","contentUrl":"https:\/\/www.malinashop.lt\/wp-content\/uploads\/2024\/08\/462559670_3787732518133670_9795632669273463_n-e1731525914575.png","width":180,"height":60,"caption":"COM Group Ecommerce"},"image":{"@id":"https:\/\/www.malinashop.lt\/#\/schema\/logo\/image\/"}}]}},"jetpack_sharing_enabled":true,"_links":{"self":[{"href":"https:\/\/www.malinashop.lt\/lt_lt\/wp-json\/wp\/v2\/product\/19915","targetHints":{"allow":["GET"]}}],"collection":[{"href":"https:\/\/www.malinashop.lt\/lt_lt\/wp-json\/wp\/v2\/product"}],"about":[{"href":"https:\/\/www.malinashop.lt\/lt_lt\/wp-json\/wp\/v2\/types\/product"}],"version-history":[{"count":1,"href":"https:\/\/www.malinashop.lt\/lt_lt\/wp-json\/wp\/v2\/product\/19915\/revisions"}],"predecessor-version":[{"id":32861,"href":"https:\/\/www.malinashop.lt\/lt_lt\/wp-json\/wp\/v2\/product\/19915\/revisions\/32861"}],"wp:featuredmedia":[{"embeddable":true,"href":"https:\/\/www.malinashop.lt\/lt_lt\/wp-json\/wp\/v2\/media\/18171"}],"wp:attachment":[{"href":"https:\/\/www.malinashop.lt\/lt_lt\/wp-json\/wp\/v2\/media?parent=19915"}],"wp:term":[{"taxonomy":"product_brand","embeddable":true,"href":"https:\/\/www.malinashop.lt\/lt_lt\/wp-json\/wp\/v2\/product_brand?post=19915"},{"taxonomy":"product_cat","embeddable":true,"href":"https:\/\/www.malinashop.lt\/lt_lt\/wp-json\/wp\/v2\/product_cat?post=19915"},{"taxonomy":"product_tag","embeddable":true,"href":"https:\/\/www.malinashop.lt\/lt_lt\/wp-json\/wp\/v2\/product_tag?post=19915"}],"curies":[{"name":"wp","href":"https:\/\/api.w.org\/{rel}","templated":true}]}}