{"id":19841,"date":"2024-11-06T15:52:42","date_gmt":"2024-11-06T12:52:42","guid":{"rendered":"https:\/\/malinashop.lt\/produktas\/laiseven-body-spray-lavender-kuno-purskiklis-levandu-kvapo-200-ml\/"},"modified":"2026-02-12T22:20:47","modified_gmt":"2026-02-12T19:20:47","slug":"laiseven-body-spray-lavender-kuno-purskiklis-levandu-kvapo-200-ml","status":"publish","type":"product","link":"https:\/\/www.malinashop.lt\/lt_lt\/shop\/laiseven-body-spray-lavender-kuno-purskiklis-levandu-kvapo-200-ml\/","title":{"rendered":"LAISEVEN BODY SPRAY LAVENDER k\u016bno pur\u0161kiklis levand\u0173 kvapo, 200 ml"},"content":{"rendered":"<p>LAISEVEN k\u016bno pur\u0161kiklis su levand\u0173 kvapu suteikia \u0161veln\u0173 ir subtil\u0173 sald\u0173 aromat\u0105, kuris apgaubia vis\u0105 k\u016bn\u0105. M\u0117gaukit\u0117s maloniu ir ilgai i\u0161liekan\u010diu kvapu, kuris suteikia gaivumo poj\u016bt\u012f.<\/p>\n<p>LAISEVEN k\u016bno pur\u0161kiklio privalumai:<\/p>\n<p>\u0160velnus ir subtilus levand\u0173 kvapas: Apgaubia j\u016bs\u0173 k\u016bn\u0105 maloniu ir ilgai i\u0161liekan\u010diu aromatu.<br \/>\nLengva naudoti: Purk\u0161kite ant k\u016bno odos i\u0161 15-30 centimetr\u0173 atstumo.<br \/>\nNaudojimas: Purk\u0161kite priemon\u0119 trumpais paspaudimais ant k\u016bno odos i\u0161 15-30 centimetr\u0173 atstumo. Nereikia nuskalauti vandeniu.<\/p>\n<p>Laiseven siekia sukurti patirt\u012f, kuri suteiks ramyb\u0117s ir atsipalaidavimo jausm\u0105. Visi m\u016bs\u0173 produktai yra pagaminti naudojant tik nat\u016bralias priemones, kurios yra saugios visiems odos tipams ir draugi\u0161kos aplinkai. Suprantame, kad kiekvienas turi unikal\u0173 po\u017ei\u016br\u012f \u012f sav\u0119s prie\u017ei\u016br\u0105, tod\u0117l padedame atrasti j\u016bs\u0173 keli\u0105 \u012f sveik\u0105, ekologi\u0161k\u0105 k\u016bno prie\u017ei\u016br\u0105.<\/p>\n<p>Kod\u0117l rinktis LAISEVEN?<\/p>\n<p>Nat\u016bral\u016bs ingredientai ir produktai: Visi m\u016bs\u0173 produktai yra nat\u016bral\u016bs ir tinkami veganams.<br \/>\nPerdirbamos, ekologi\u0161kos pakuot\u0117s: M\u016bs\u0173 pakuot\u0117s yra draugi\u0161kos aplinkai.<br \/>\nPagrindin\u0117s vertyb\u0117s: Etika, tvarumas ir inovacijos yra m\u016bs\u0173 veiklos pagrindas.<br \/>\nPagaminta Ispanijoje: M\u016bs\u0173 produktai gaminami laikantis auk\u0161\u010diausi\u0173 kokyb\u0117s standart\u0173.<\/p>\n<div class=\"text-tab text-tab-id-10\">\n<p>Siuntas i\u0161siun\u010diame antradieniais ir ketvirtadieniais. Jei d\u0117l koki\u0173 nors prie\u017eas\u010di\u0173 siunta negali b\u016bti i\u0161si\u0173sta \u0161iomis dienomis ir ji yra perkeliama \u012f kit\u0105 dien\u0105, apie tai informuosime jus svetain\u0117je arba el. pa\u0161tu.<\/p>\n<p>\u201eJei turite klausim\u0173, pra\u0161ome susisiekti el. pa\u0161tu info@malinashop.lt arba telefonu +37065444002 darbo dienomis nuo 10:00 iki 16:00 val.\u201c<\/p>\n<\/div>\n<div class=\"text-tab text-tab-id-11\">\n<p>Perkant u\u017e daugiau nei 50\u20ac &#8211; pristatymas nemokamas.<\/p>\n<p>Pristatymas \u012f LPexpress pa\u0161tomat\u0105\u00a0(visoje Lietuvoje, i\u0161skyrus Kur\u0161i\u0173 Nerij\u0105).<\/p>\n<\/div>\n","protected":false},"excerpt":{"rendered":"<p>LAISEVEN k\u016bno pur\u0161kiklis su levand\u0173 kvapu suteikia \u0161veln\u0173 ir subtil\u0173 sald\u0173 aromat\u0105, kuris apgaubia vis\u0105 k\u016bn\u0105. M\u0117gaukit\u0117s maloniu ir ilgai i\u0161liekan\u010diu kvapu,&hellip;<\/p>\n","protected":false},"featured_media":18551,"template":"","meta":[],"product_brand":[539],"product_cat":[542,731],"product_tag":[1631],"class_list":{"0":"post-19841","1":"product","2":"type-product","3":"status-publish","4":"has-post-thumbnail","6":"product_brand-laiseven","7":"product_cat-kuno-dulksna-purskikliai","8":"product_cat-kunui","9":"product_tag-laiseven","11":"first","12":"instock","13":"sale","14":"taxable","15":"shipping-taxable","16":"purchasable","17":"product-type-simple"},"yoast_head":"<!-- This site is optimized with the Yoast SEO plugin v27.4 - https:\/\/yoast.com\/product\/yoast-seo-wordpress\/ -->\n<title>LAISEVEN BODY SPRAY LAVENDER k\u016bno pur\u0161kiklis levand\u0173 kvapo, 200 ml - MalinaShop.lt J\u016bs\u0173 sveikatai ir gro\u017eiui.<\/title>\n<meta name=\"robots\" content=\"index, follow, max-snippet:-1, max-image-preview:large, max-video-preview:-1\" \/>\n<link rel=\"canonical\" href=\"https:\/\/www.malinashop.lt\/lt_lt\/shop\/laiseven-body-spray-lavender-kuno-purskiklis-levandu-kvapo-200-ml\/\" \/>\n<meta property=\"og:locale\" content=\"lt_LT\" \/>\n<meta property=\"og:type\" content=\"article\" \/>\n<meta property=\"og:title\" content=\"LAISEVEN BODY SPRAY LAVENDER k\u016bno pur\u0161kiklis levand\u0173 kvapo, 200 ml - MalinaShop.lt J\u016bs\u0173 sveikatai ir gro\u017eiui.\" \/>\n<meta property=\"og:url\" content=\"https:\/\/www.malinashop.lt\/lt_lt\/shop\/laiseven-body-spray-lavender-kuno-purskiklis-levandu-kvapo-200-ml\/\" \/>\n<meta property=\"og:site_name\" content=\"MalinaShop.lt J\u016bs\u0173 sveikatai ir gro\u017eiui.\" \/>\n<meta property=\"article:modified_time\" content=\"2026-02-12T19:20:47+00:00\" \/>\n<meta property=\"og:image\" content=\"https:\/\/www.malinashop.lt\/wp-content\/uploads\/2024\/11\/LAISEVEN-BODY-SPRAY-LAVENDER-kuno-purskiklis-levandu-kvapo-200-ml.jpg\" \/>\n\t<meta property=\"og:image:width\" content=\"1000\" \/>\n\t<meta property=\"og:image:height\" content=\"1000\" \/>\n\t<meta property=\"og:image:type\" content=\"image\/jpeg\" \/>\n<meta name=\"twitter:card\" content=\"summary_large_image\" \/>\n<script type=\"application\/ld+json\" class=\"yoast-schema-graph\">{\"@context\":\"https:\\\/\\\/schema.org\",\"@graph\":[{\"@type\":\"WebPage\",\"@id\":\"https:\\\/\\\/www.malinashop.lt\\\/lt_lt\\\/shop\\\/laiseven-body-spray-lavender-kuno-purskiklis-levandu-kvapo-200-ml\\\/\",\"url\":\"https:\\\/\\\/www.malinashop.lt\\\/lt_lt\\\/shop\\\/laiseven-body-spray-lavender-kuno-purskiklis-levandu-kvapo-200-ml\\\/\",\"name\":\"LAISEVEN BODY SPRAY LAVENDER k\u016bno pur\u0161kiklis levand\u0173 kvapo, 200 ml - MalinaShop.lt J\u016bs\u0173 sveikatai ir gro\u017eiui.\",\"isPartOf\":{\"@id\":\"https:\\\/\\\/www.malinashop.lt\\\/en\\\/#website\"},\"primaryImageOfPage\":{\"@id\":\"https:\\\/\\\/www.malinashop.lt\\\/lt_lt\\\/shop\\\/laiseven-body-spray-lavender-kuno-purskiklis-levandu-kvapo-200-ml\\\/#primaryimage\"},\"image\":{\"@id\":\"https:\\\/\\\/www.malinashop.lt\\\/lt_lt\\\/shop\\\/laiseven-body-spray-lavender-kuno-purskiklis-levandu-kvapo-200-ml\\\/#primaryimage\"},\"thumbnailUrl\":\"https:\\\/\\\/www.malinashop.lt\\\/wp-content\\\/uploads\\\/2024\\\/11\\\/LAISEVEN-BODY-SPRAY-LAVENDER-kuno-purskiklis-levandu-kvapo-200-ml.jpg\",\"datePublished\":\"2024-11-06T12:52:42+00:00\",\"dateModified\":\"2026-02-12T19:20:47+00:00\",\"breadcrumb\":{\"@id\":\"https:\\\/\\\/www.malinashop.lt\\\/lt_lt\\\/shop\\\/laiseven-body-spray-lavender-kuno-purskiklis-levandu-kvapo-200-ml\\\/#breadcrumb\"},\"inLanguage\":\"lt-LT\",\"potentialAction\":[{\"@type\":\"ReadAction\",\"target\":[\"https:\\\/\\\/www.malinashop.lt\\\/lt_lt\\\/shop\\\/laiseven-body-spray-lavender-kuno-purskiklis-levandu-kvapo-200-ml\\\/\"]}]},{\"@type\":\"ImageObject\",\"inLanguage\":\"lt-LT\",\"@id\":\"https:\\\/\\\/www.malinashop.lt\\\/lt_lt\\\/shop\\\/laiseven-body-spray-lavender-kuno-purskiklis-levandu-kvapo-200-ml\\\/#primaryimage\",\"url\":\"https:\\\/\\\/www.malinashop.lt\\\/wp-content\\\/uploads\\\/2024\\\/11\\\/LAISEVEN-BODY-SPRAY-LAVENDER-kuno-purskiklis-levandu-kvapo-200-ml.jpg\",\"contentUrl\":\"https:\\\/\\\/www.malinashop.lt\\\/wp-content\\\/uploads\\\/2024\\\/11\\\/LAISEVEN-BODY-SPRAY-LAVENDER-kuno-purskiklis-levandu-kvapo-200-ml.jpg\",\"width\":1000,\"height\":1000},{\"@type\":\"BreadcrumbList\",\"@id\":\"https:\\\/\\\/www.malinashop.lt\\\/lt_lt\\\/shop\\\/laiseven-body-spray-lavender-kuno-purskiklis-levandu-kvapo-200-ml\\\/#breadcrumb\",\"itemListElement\":[{\"@type\":\"ListItem\",\"position\":1,\"name\":\"Home\",\"item\":\"https:\\\/\\\/www.malinashop.lt\\\/en\\\/\"},{\"@type\":\"ListItem\",\"position\":2,\"name\":\"Parduotuv\u0117\",\"item\":\"https:\\\/\\\/www.malinashop.lt\\\/en\\\/parduotuve\\\/\"},{\"@type\":\"ListItem\",\"position\":3,\"name\":\"LAISEVEN BODY SPRAY LAVENDER k\u016bno pur\u0161kiklis levand\u0173 kvapo, 200 ml\"}]},{\"@type\":\"WebSite\",\"@id\":\"https:\\\/\\\/www.malinashop.lt\\\/en\\\/#website\",\"url\":\"https:\\\/\\\/www.malinashop.lt\\\/en\\\/\",\"name\":\"COM Group Ecommerce\",\"description\":\"MalinaShop.lt - Gro\u017eio ir sveikatos produktai i\u0161 patikim\u0173 preki\u0173 \u017eenkl\u0173. Atraskite auk\u0161tos kokyb\u0117s kosmetik\u0105 u\u017e puiki\u0105 kain\u0105.\",\"publisher\":{\"@id\":\"https:\\\/\\\/www.malinashop.lt\\\/en\\\/#organization\"},\"potentialAction\":[{\"@type\":\"SearchAction\",\"target\":{\"@type\":\"EntryPoint\",\"urlTemplate\":\"https:\\\/\\\/www.malinashop.lt\\\/en\\\/?s={search_term_string}\"},\"query-input\":{\"@type\":\"PropertyValueSpecification\",\"valueRequired\":true,\"valueName\":\"search_term_string\"}}],\"inLanguage\":\"lt-LT\"},{\"@type\":\"Organization\",\"@id\":\"https:\\\/\\\/www.malinashop.lt\\\/en\\\/#organization\",\"name\":\"COM Group Ecommerce\",\"url\":\"https:\\\/\\\/www.malinashop.lt\\\/en\\\/\",\"logo\":{\"@type\":\"ImageObject\",\"inLanguage\":\"lt-LT\",\"@id\":\"https:\\\/\\\/www.malinashop.lt\\\/en\\\/#\\\/schema\\\/logo\\\/image\\\/\",\"url\":\"https:\\\/\\\/www.malinashop.lt\\\/wp-content\\\/uploads\\\/2024\\\/08\\\/462559670_3787732518133670_9795632669273463_n-e1731525914575.png\",\"contentUrl\":\"https:\\\/\\\/www.malinashop.lt\\\/wp-content\\\/uploads\\\/2024\\\/08\\\/462559670_3787732518133670_9795632669273463_n-e1731525914575.png\",\"width\":180,\"height\":60,\"caption\":\"COM Group Ecommerce\"},\"image\":{\"@id\":\"https:\\\/\\\/www.malinashop.lt\\\/en\\\/#\\\/schema\\\/logo\\\/image\\\/\"}}]}<\/script>\n<!-- \/ Yoast SEO plugin. -->","yoast_head_json":{"title":"LAISEVEN BODY SPRAY LAVENDER k\u016bno pur\u0161kiklis levand\u0173 kvapo, 200 ml - MalinaShop.lt J\u016bs\u0173 sveikatai ir gro\u017eiui.","robots":{"index":"index","follow":"follow","max-snippet":"max-snippet:-1","max-image-preview":"max-image-preview:large","max-video-preview":"max-video-preview:-1"},"canonical":"https:\/\/www.malinashop.lt\/lt_lt\/shop\/laiseven-body-spray-lavender-kuno-purskiklis-levandu-kvapo-200-ml\/","og_locale":"lt_LT","og_type":"article","og_title":"LAISEVEN BODY SPRAY LAVENDER k\u016bno pur\u0161kiklis levand\u0173 kvapo, 200 ml - MalinaShop.lt J\u016bs\u0173 sveikatai ir gro\u017eiui.","og_url":"https:\/\/www.malinashop.lt\/lt_lt\/shop\/laiseven-body-spray-lavender-kuno-purskiklis-levandu-kvapo-200-ml\/","og_site_name":"MalinaShop.lt J\u016bs\u0173 sveikatai ir gro\u017eiui.","article_modified_time":"2026-02-12T19:20:47+00:00","og_image":[{"width":1000,"height":1000,"url":"https:\/\/www.malinashop.lt\/wp-content\/uploads\/2024\/11\/LAISEVEN-BODY-SPRAY-LAVENDER-kuno-purskiklis-levandu-kvapo-200-ml.jpg","type":"image\/jpeg"}],"twitter_card":"summary_large_image","schema":{"@context":"https:\/\/schema.org","@graph":[{"@type":"WebPage","@id":"https:\/\/www.malinashop.lt\/lt_lt\/shop\/laiseven-body-spray-lavender-kuno-purskiklis-levandu-kvapo-200-ml\/","url":"https:\/\/www.malinashop.lt\/lt_lt\/shop\/laiseven-body-spray-lavender-kuno-purskiklis-levandu-kvapo-200-ml\/","name":"LAISEVEN BODY SPRAY LAVENDER k\u016bno pur\u0161kiklis levand\u0173 kvapo, 200 ml - MalinaShop.lt J\u016bs\u0173 sveikatai ir gro\u017eiui.","isPartOf":{"@id":"https:\/\/www.malinashop.lt\/en\/#website"},"primaryImageOfPage":{"@id":"https:\/\/www.malinashop.lt\/lt_lt\/shop\/laiseven-body-spray-lavender-kuno-purskiklis-levandu-kvapo-200-ml\/#primaryimage"},"image":{"@id":"https:\/\/www.malinashop.lt\/lt_lt\/shop\/laiseven-body-spray-lavender-kuno-purskiklis-levandu-kvapo-200-ml\/#primaryimage"},"thumbnailUrl":"https:\/\/www.malinashop.lt\/wp-content\/uploads\/2024\/11\/LAISEVEN-BODY-SPRAY-LAVENDER-kuno-purskiklis-levandu-kvapo-200-ml.jpg","datePublished":"2024-11-06T12:52:42+00:00","dateModified":"2026-02-12T19:20:47+00:00","breadcrumb":{"@id":"https:\/\/www.malinashop.lt\/lt_lt\/shop\/laiseven-body-spray-lavender-kuno-purskiklis-levandu-kvapo-200-ml\/#breadcrumb"},"inLanguage":"lt-LT","potentialAction":[{"@type":"ReadAction","target":["https:\/\/www.malinashop.lt\/lt_lt\/shop\/laiseven-body-spray-lavender-kuno-purskiklis-levandu-kvapo-200-ml\/"]}]},{"@type":"ImageObject","inLanguage":"lt-LT","@id":"https:\/\/www.malinashop.lt\/lt_lt\/shop\/laiseven-body-spray-lavender-kuno-purskiklis-levandu-kvapo-200-ml\/#primaryimage","url":"https:\/\/www.malinashop.lt\/wp-content\/uploads\/2024\/11\/LAISEVEN-BODY-SPRAY-LAVENDER-kuno-purskiklis-levandu-kvapo-200-ml.jpg","contentUrl":"https:\/\/www.malinashop.lt\/wp-content\/uploads\/2024\/11\/LAISEVEN-BODY-SPRAY-LAVENDER-kuno-purskiklis-levandu-kvapo-200-ml.jpg","width":1000,"height":1000},{"@type":"BreadcrumbList","@id":"https:\/\/www.malinashop.lt\/lt_lt\/shop\/laiseven-body-spray-lavender-kuno-purskiklis-levandu-kvapo-200-ml\/#breadcrumb","itemListElement":[{"@type":"ListItem","position":1,"name":"Home","item":"https:\/\/www.malinashop.lt\/en\/"},{"@type":"ListItem","position":2,"name":"Parduotuv\u0117","item":"https:\/\/www.malinashop.lt\/en\/parduotuve\/"},{"@type":"ListItem","position":3,"name":"LAISEVEN BODY SPRAY LAVENDER k\u016bno pur\u0161kiklis levand\u0173 kvapo, 200 ml"}]},{"@type":"WebSite","@id":"https:\/\/www.malinashop.lt\/en\/#website","url":"https:\/\/www.malinashop.lt\/en\/","name":"COM Group Ecommerce","description":"MalinaShop.lt - Gro\u017eio ir sveikatos produktai i\u0161 patikim\u0173 preki\u0173 \u017eenkl\u0173. Atraskite auk\u0161tos kokyb\u0117s kosmetik\u0105 u\u017e puiki\u0105 kain\u0105.","publisher":{"@id":"https:\/\/www.malinashop.lt\/en\/#organization"},"potentialAction":[{"@type":"SearchAction","target":{"@type":"EntryPoint","urlTemplate":"https:\/\/www.malinashop.lt\/en\/?s={search_term_string}"},"query-input":{"@type":"PropertyValueSpecification","valueRequired":true,"valueName":"search_term_string"}}],"inLanguage":"lt-LT"},{"@type":"Organization","@id":"https:\/\/www.malinashop.lt\/en\/#organization","name":"COM Group Ecommerce","url":"https:\/\/www.malinashop.lt\/en\/","logo":{"@type":"ImageObject","inLanguage":"lt-LT","@id":"https:\/\/www.malinashop.lt\/en\/#\/schema\/logo\/image\/","url":"https:\/\/www.malinashop.lt\/wp-content\/uploads\/2024\/08\/462559670_3787732518133670_9795632669273463_n-e1731525914575.png","contentUrl":"https:\/\/www.malinashop.lt\/wp-content\/uploads\/2024\/08\/462559670_3787732518133670_9795632669273463_n-e1731525914575.png","width":180,"height":60,"caption":"COM Group Ecommerce"},"image":{"@id":"https:\/\/www.malinashop.lt\/en\/#\/schema\/logo\/image\/"}}]}},"jetpack_sharing_enabled":true,"_links":{"self":[{"href":"https:\/\/www.malinashop.lt\/lt_lt\/wp-json\/wp\/v2\/product\/19841","targetHints":{"allow":["GET"]}}],"collection":[{"href":"https:\/\/www.malinashop.lt\/lt_lt\/wp-json\/wp\/v2\/product"}],"about":[{"href":"https:\/\/www.malinashop.lt\/lt_lt\/wp-json\/wp\/v2\/types\/product"}],"version-history":[{"count":1,"href":"https:\/\/www.malinashop.lt\/lt_lt\/wp-json\/wp\/v2\/product\/19841\/revisions"}],"predecessor-version":[{"id":32896,"href":"https:\/\/www.malinashop.lt\/lt_lt\/wp-json\/wp\/v2\/product\/19841\/revisions\/32896"}],"wp:featuredmedia":[{"embeddable":true,"href":"https:\/\/www.malinashop.lt\/lt_lt\/wp-json\/wp\/v2\/media\/18551"}],"wp:attachment":[{"href":"https:\/\/www.malinashop.lt\/lt_lt\/wp-json\/wp\/v2\/media?parent=19841"}],"wp:term":[{"taxonomy":"product_brand","embeddable":true,"href":"https:\/\/www.malinashop.lt\/lt_lt\/wp-json\/wp\/v2\/product_brand?post=19841"},{"taxonomy":"product_cat","embeddable":true,"href":"https:\/\/www.malinashop.lt\/lt_lt\/wp-json\/wp\/v2\/product_cat?post=19841"},{"taxonomy":"product_tag","embeddable":true,"href":"https:\/\/www.malinashop.lt\/lt_lt\/wp-json\/wp\/v2\/product_tag?post=19841"}],"curies":[{"name":"wp","href":"https:\/\/api.w.org\/{rel}","templated":true}]}}