{"id":19839,"date":"2024-11-06T15:52:42","date_gmt":"2024-11-06T12:52:42","guid":{"rendered":"https:\/\/malinashop.lt\/produktas\/laiseven-body-milk-natural-cotton-kuno-kremas-praturtintas-naturaliu-medvilnes-ekstraktu-75-ml\/"},"modified":"2026-04-08T13:26:39","modified_gmt":"2026-04-08T10:26:39","slug":"laiseven-body-milk-natural-cotton-kuno-kremas-praturtintas-naturaliu-medvilnes-ekstraktu-75-ml","status":"publish","type":"product","link":"https:\/\/www.malinashop.lt\/lt_lt\/shop\/laiseven-body-milk-natural-cotton-kuno-kremas-praturtintas-naturaliu-medvilnes-ekstraktu-75-ml\/","title":{"rendered":"LAISEVEN BODY MILK NATURAL COTTON k\u016bno kremas praturtintas nat\u016braliu medviln\u0117s ekstraktu, 75 ml"},"content":{"rendered":"<p>LAISEVEN k\u016bno kremas, praturtintas nat\u016braliu medviln\u0117s ekstraktu, suteikia gili\u0105 dr\u0117kinim\u0105 ir mink\u0161tum\u0105 j\u016bs\u0173 odai. \u0160io kremo sud\u0117tis, praturtinta \u012fvairiais nat\u016braliais ingredientais, sukuria maloni\u0105, neriebi\u0105 ir greitai \u012fsigerian\u010di\u0105 emulsij\u0105, ideali\u0105 kasdieniam naudojimui ir patogiam ne\u0161iojimui gro\u017eio krep\u0161yje.<\/p>\n<p>LAISEVEN k\u016bno kremo privalumai:<\/p>\n<p>Nat\u016bralus medviln\u0117s ekstraktas: Giliai dr\u0117kina ir maitina od\u0105.<br \/>\nLengva formul\u0117: Neriebi ir greitai \u012fsigerianti tekst\u016bra, u\u017etikrinanti patog\u0173 naudojim\u0105.<br \/>\nPuikus pasirinkimas kasdieniam naudojimui: Idealiai tinka laikyti gro\u017eio krep\u0161yje ir naudoti bet kur ir bet kada.<br \/>\nNaudojimas: Tepkite krem\u0105 ant k\u016bno sukamaisiais judesiais ir \u0161velniai masa\u017euokite, kol jis visi\u0161kai susigers.<\/p>\n<p>Laiseven siekia sukurti patirt\u012f, kuri suteiks ramyb\u0117s ir atsipalaidavimo jausm\u0105. M\u016bs\u0173 produktai yra sukurti tik su nat\u016braliomis priemon\u0117mis, kurios yra saugios visiems odos tipams ir aplinkai. Mes suprantame, kad kiekvienas turi unikal\u0173 po\u017ei\u016br\u012f \u012f sav\u0119s prie\u017ei\u016br\u0105, tod\u0117l padedame atrasti savo keli\u0105 \u012f sveik\u0105, ekologi\u0161k\u0105 k\u016bno prie\u017ei\u016br\u0105.<\/p>\n<p>Kod\u0117l rinktis LAISEVEN?<\/p>\n<p>Nat\u016bral\u016bs ingredientai ir produktai: Visi m\u016bs\u0173 produktai yra nat\u016bral\u016bs ir tinkami veganams.<br \/>\nPerdirbamos, ekologi\u0161kos pakuot\u0117s: M\u016bs\u0173 pakuot\u0117s yra draugi\u0161kos aplinkai.<br \/>\nPagrindin\u0117s vertyb\u0117s: Etika, tvarumas ir inovacijos yra m\u016bs\u0173 veiklos pagrindas.<br \/>\nPagaminta Ispanijoje: M\u016bs\u0173 produktai yra gaminami laikantis auk\u0161\u010diausi\u0173 kokyb\u0117s standart\u0173.<br \/>\nLAISEVEN yra ECOEMBES narys \u2013 organizacijos, kuri Ispanijoje skatina aplinkos apsaug\u0105, perdirbdama ir kurdama ekologi\u0161ko dizaino pakuotes.<\/p>\n<div class=\"text-tab text-tab-id-10\">\n<p>Siuntas i\u0161siun\u010diame antradieniais ir ketvirtadieniais. Jei d\u0117l koki\u0173 nors prie\u017eas\u010di\u0173 siunta negali b\u016bti i\u0161si\u0173sta \u0161iomis dienomis ir ji yra perkeliama \u012f kit\u0105 dien\u0105, apie tai informuosime jus svetain\u0117je arba el. pa\u0161tu.<\/p>\n<p>\u201eJei turite klausim\u0173, pra\u0161ome susisiekti el. pa\u0161tu info@malinashop.lt arba telefonu +37065444002 darbo dienomis nuo 10:00 iki 16:00 val.\u201c<\/p>\n<\/div>\n<div class=\"text-tab text-tab-id-11\">\n<p>Perkant u\u017e daugiau nei 50\u20ac &#8211; pristatymas nemokamas.<\/p>\n<p>Pristatymas \u012f LPexpress pa\u0161tomat\u0105\u00a0(visoje Lietuvoje, i\u0161skyrus Kur\u0161i\u0173 Nerij\u0105).<\/p>\n<\/div>\n","protected":false},"excerpt":{"rendered":"<p>LAISEVEN k\u016bno kremas, praturtintas nat\u016braliu medviln\u0117s ekstraktu, suteikia gili\u0105 dr\u0117kinim\u0105 ir mink\u0161tum\u0105 j\u016bs\u0173 odai. \u0160io kremo sud\u0117tis, praturtinta \u012fvairiais nat\u016braliais ingredientais, sukuria&hellip;<\/p>\n","protected":false},"featured_media":18548,"template":"","meta":[],"product_brand":[539],"product_cat":[541,731,562],"product_tag":[1631],"class_list":{"0":"post-19839","1":"product","2":"type-product","3":"status-publish","4":"has-post-thumbnail","6":"product_brand-laiseven","7":"product_cat-kuno-kremai","8":"product_cat-kunui","9":"product_cat-sandelio-valymas","10":"product_tag-laiseven","12":"first","13":"instock","14":"sale","15":"taxable","16":"shipping-taxable","17":"purchasable","18":"product-type-simple"},"yoast_head":"<!-- This site is optimized with the Yoast SEO plugin v27.4 - https:\/\/yoast.com\/product\/yoast-seo-wordpress\/ -->\n<title>LAISEVEN BODY MILK NATURAL COTTON k\u016bno kremas praturtintas nat\u016braliu medviln\u0117s ekstraktu, 75 ml - MalinaShop.lt J\u016bs\u0173 sveikatai ir gro\u017eiui.<\/title>\n<meta name=\"robots\" content=\"index, follow, max-snippet:-1, max-image-preview:large, max-video-preview:-1\" \/>\n<link rel=\"canonical\" href=\"https:\/\/www.malinashop.lt\/lt_lt\/shop\/laiseven-body-milk-natural-cotton-kuno-kremas-praturtintas-naturaliu-medvilnes-ekstraktu-75-ml\/\" \/>\n<meta property=\"og:locale\" content=\"lt_LT\" \/>\n<meta property=\"og:type\" content=\"article\" \/>\n<meta property=\"og:title\" content=\"LAISEVEN BODY MILK NATURAL COTTON k\u016bno kremas praturtintas nat\u016braliu medviln\u0117s ekstraktu, 75 ml - MalinaShop.lt J\u016bs\u0173 sveikatai ir gro\u017eiui.\" \/>\n<meta property=\"og:url\" content=\"https:\/\/www.malinashop.lt\/lt_lt\/shop\/laiseven-body-milk-natural-cotton-kuno-kremas-praturtintas-naturaliu-medvilnes-ekstraktu-75-ml\/\" \/>\n<meta property=\"og:site_name\" content=\"MalinaShop.lt J\u016bs\u0173 sveikatai ir gro\u017eiui.\" \/>\n<meta property=\"article:modified_time\" content=\"2026-04-08T10:26:39+00:00\" \/>\n<meta property=\"og:image\" content=\"https:\/\/www.malinashop.lt\/wp-content\/uploads\/2024\/11\/LAISEVEN-BODY-MILK-NATURAL-COTTON-kuno-kremas-praturtintas-naturaliu-medvilnes-ekstraktu-75-ml.jpg\" \/>\n\t<meta property=\"og:image:width\" content=\"1000\" \/>\n\t<meta property=\"og:image:height\" content=\"1000\" \/>\n\t<meta property=\"og:image:type\" content=\"image\/jpeg\" \/>\n<meta name=\"twitter:card\" content=\"summary_large_image\" \/>\n<script type=\"application\/ld+json\" class=\"yoast-schema-graph\">{\"@context\":\"https:\\\/\\\/schema.org\",\"@graph\":[{\"@type\":\"WebPage\",\"@id\":\"https:\\\/\\\/www.malinashop.lt\\\/lt_lt\\\/shop\\\/laiseven-body-milk-natural-cotton-kuno-kremas-praturtintas-naturaliu-medvilnes-ekstraktu-75-ml\\\/\",\"url\":\"https:\\\/\\\/www.malinashop.lt\\\/lt_lt\\\/shop\\\/laiseven-body-milk-natural-cotton-kuno-kremas-praturtintas-naturaliu-medvilnes-ekstraktu-75-ml\\\/\",\"name\":\"LAISEVEN BODY MILK NATURAL COTTON k\u016bno kremas praturtintas nat\u016braliu medviln\u0117s ekstraktu, 75 ml - MalinaShop.lt J\u016bs\u0173 sveikatai ir gro\u017eiui.\",\"isPartOf\":{\"@id\":\"https:\\\/\\\/www.malinashop.lt\\\/en\\\/#website\"},\"primaryImageOfPage\":{\"@id\":\"https:\\\/\\\/www.malinashop.lt\\\/lt_lt\\\/shop\\\/laiseven-body-milk-natural-cotton-kuno-kremas-praturtintas-naturaliu-medvilnes-ekstraktu-75-ml\\\/#primaryimage\"},\"image\":{\"@id\":\"https:\\\/\\\/www.malinashop.lt\\\/lt_lt\\\/shop\\\/laiseven-body-milk-natural-cotton-kuno-kremas-praturtintas-naturaliu-medvilnes-ekstraktu-75-ml\\\/#primaryimage\"},\"thumbnailUrl\":\"https:\\\/\\\/www.malinashop.lt\\\/wp-content\\\/uploads\\\/2024\\\/11\\\/LAISEVEN-BODY-MILK-NATURAL-COTTON-kuno-kremas-praturtintas-naturaliu-medvilnes-ekstraktu-75-ml.jpg\",\"datePublished\":\"2024-11-06T12:52:42+00:00\",\"dateModified\":\"2026-04-08T10:26:39+00:00\",\"breadcrumb\":{\"@id\":\"https:\\\/\\\/www.malinashop.lt\\\/lt_lt\\\/shop\\\/laiseven-body-milk-natural-cotton-kuno-kremas-praturtintas-naturaliu-medvilnes-ekstraktu-75-ml\\\/#breadcrumb\"},\"inLanguage\":\"lt-LT\",\"potentialAction\":[{\"@type\":\"ReadAction\",\"target\":[\"https:\\\/\\\/www.malinashop.lt\\\/lt_lt\\\/shop\\\/laiseven-body-milk-natural-cotton-kuno-kremas-praturtintas-naturaliu-medvilnes-ekstraktu-75-ml\\\/\"]}]},{\"@type\":\"ImageObject\",\"inLanguage\":\"lt-LT\",\"@id\":\"https:\\\/\\\/www.malinashop.lt\\\/lt_lt\\\/shop\\\/laiseven-body-milk-natural-cotton-kuno-kremas-praturtintas-naturaliu-medvilnes-ekstraktu-75-ml\\\/#primaryimage\",\"url\":\"https:\\\/\\\/www.malinashop.lt\\\/wp-content\\\/uploads\\\/2024\\\/11\\\/LAISEVEN-BODY-MILK-NATURAL-COTTON-kuno-kremas-praturtintas-naturaliu-medvilnes-ekstraktu-75-ml.jpg\",\"contentUrl\":\"https:\\\/\\\/www.malinashop.lt\\\/wp-content\\\/uploads\\\/2024\\\/11\\\/LAISEVEN-BODY-MILK-NATURAL-COTTON-kuno-kremas-praturtintas-naturaliu-medvilnes-ekstraktu-75-ml.jpg\",\"width\":1000,\"height\":1000},{\"@type\":\"BreadcrumbList\",\"@id\":\"https:\\\/\\\/www.malinashop.lt\\\/lt_lt\\\/shop\\\/laiseven-body-milk-natural-cotton-kuno-kremas-praturtintas-naturaliu-medvilnes-ekstraktu-75-ml\\\/#breadcrumb\",\"itemListElement\":[{\"@type\":\"ListItem\",\"position\":1,\"name\":\"Home\",\"item\":\"https:\\\/\\\/www.malinashop.lt\\\/en\\\/\"},{\"@type\":\"ListItem\",\"position\":2,\"name\":\"Parduotuv\u0117\",\"item\":\"https:\\\/\\\/www.malinashop.lt\\\/en\\\/parduotuve\\\/\"},{\"@type\":\"ListItem\",\"position\":3,\"name\":\"LAISEVEN BODY MILK NATURAL COTTON k\u016bno kremas praturtintas nat\u016braliu medviln\u0117s ekstraktu, 75 ml\"}]},{\"@type\":\"WebSite\",\"@id\":\"https:\\\/\\\/www.malinashop.lt\\\/en\\\/#website\",\"url\":\"https:\\\/\\\/www.malinashop.lt\\\/en\\\/\",\"name\":\"COM Group Ecommerce\",\"description\":\"MalinaShop.lt - Gro\u017eio ir sveikatos produktai i\u0161 patikim\u0173 preki\u0173 \u017eenkl\u0173. Atraskite auk\u0161tos kokyb\u0117s kosmetik\u0105 u\u017e puiki\u0105 kain\u0105.\",\"publisher\":{\"@id\":\"https:\\\/\\\/www.malinashop.lt\\\/en\\\/#organization\"},\"potentialAction\":[{\"@type\":\"SearchAction\",\"target\":{\"@type\":\"EntryPoint\",\"urlTemplate\":\"https:\\\/\\\/www.malinashop.lt\\\/en\\\/?s={search_term_string}\"},\"query-input\":{\"@type\":\"PropertyValueSpecification\",\"valueRequired\":true,\"valueName\":\"search_term_string\"}}],\"inLanguage\":\"lt-LT\"},{\"@type\":\"Organization\",\"@id\":\"https:\\\/\\\/www.malinashop.lt\\\/en\\\/#organization\",\"name\":\"COM Group Ecommerce\",\"url\":\"https:\\\/\\\/www.malinashop.lt\\\/en\\\/\",\"logo\":{\"@type\":\"ImageObject\",\"inLanguage\":\"lt-LT\",\"@id\":\"https:\\\/\\\/www.malinashop.lt\\\/en\\\/#\\\/schema\\\/logo\\\/image\\\/\",\"url\":\"https:\\\/\\\/www.malinashop.lt\\\/wp-content\\\/uploads\\\/2024\\\/08\\\/462559670_3787732518133670_9795632669273463_n-e1731525914575.png\",\"contentUrl\":\"https:\\\/\\\/www.malinashop.lt\\\/wp-content\\\/uploads\\\/2024\\\/08\\\/462559670_3787732518133670_9795632669273463_n-e1731525914575.png\",\"width\":180,\"height\":60,\"caption\":\"COM Group Ecommerce\"},\"image\":{\"@id\":\"https:\\\/\\\/www.malinashop.lt\\\/en\\\/#\\\/schema\\\/logo\\\/image\\\/\"}}]}<\/script>\n<!-- \/ Yoast SEO plugin. -->","yoast_head_json":{"title":"LAISEVEN BODY MILK NATURAL COTTON k\u016bno kremas praturtintas nat\u016braliu medviln\u0117s ekstraktu, 75 ml - MalinaShop.lt J\u016bs\u0173 sveikatai ir gro\u017eiui.","robots":{"index":"index","follow":"follow","max-snippet":"max-snippet:-1","max-image-preview":"max-image-preview:large","max-video-preview":"max-video-preview:-1"},"canonical":"https:\/\/www.malinashop.lt\/lt_lt\/shop\/laiseven-body-milk-natural-cotton-kuno-kremas-praturtintas-naturaliu-medvilnes-ekstraktu-75-ml\/","og_locale":"lt_LT","og_type":"article","og_title":"LAISEVEN BODY MILK NATURAL COTTON k\u016bno kremas praturtintas nat\u016braliu medviln\u0117s ekstraktu, 75 ml - MalinaShop.lt J\u016bs\u0173 sveikatai ir gro\u017eiui.","og_url":"https:\/\/www.malinashop.lt\/lt_lt\/shop\/laiseven-body-milk-natural-cotton-kuno-kremas-praturtintas-naturaliu-medvilnes-ekstraktu-75-ml\/","og_site_name":"MalinaShop.lt J\u016bs\u0173 sveikatai ir gro\u017eiui.","article_modified_time":"2026-04-08T10:26:39+00:00","og_image":[{"width":1000,"height":1000,"url":"https:\/\/www.malinashop.lt\/wp-content\/uploads\/2024\/11\/LAISEVEN-BODY-MILK-NATURAL-COTTON-kuno-kremas-praturtintas-naturaliu-medvilnes-ekstraktu-75-ml.jpg","type":"image\/jpeg"}],"twitter_card":"summary_large_image","schema":{"@context":"https:\/\/schema.org","@graph":[{"@type":"WebPage","@id":"https:\/\/www.malinashop.lt\/lt_lt\/shop\/laiseven-body-milk-natural-cotton-kuno-kremas-praturtintas-naturaliu-medvilnes-ekstraktu-75-ml\/","url":"https:\/\/www.malinashop.lt\/lt_lt\/shop\/laiseven-body-milk-natural-cotton-kuno-kremas-praturtintas-naturaliu-medvilnes-ekstraktu-75-ml\/","name":"LAISEVEN BODY MILK NATURAL COTTON k\u016bno kremas praturtintas nat\u016braliu medviln\u0117s ekstraktu, 75 ml - MalinaShop.lt J\u016bs\u0173 sveikatai ir gro\u017eiui.","isPartOf":{"@id":"https:\/\/www.malinashop.lt\/en\/#website"},"primaryImageOfPage":{"@id":"https:\/\/www.malinashop.lt\/lt_lt\/shop\/laiseven-body-milk-natural-cotton-kuno-kremas-praturtintas-naturaliu-medvilnes-ekstraktu-75-ml\/#primaryimage"},"image":{"@id":"https:\/\/www.malinashop.lt\/lt_lt\/shop\/laiseven-body-milk-natural-cotton-kuno-kremas-praturtintas-naturaliu-medvilnes-ekstraktu-75-ml\/#primaryimage"},"thumbnailUrl":"https:\/\/www.malinashop.lt\/wp-content\/uploads\/2024\/11\/LAISEVEN-BODY-MILK-NATURAL-COTTON-kuno-kremas-praturtintas-naturaliu-medvilnes-ekstraktu-75-ml.jpg","datePublished":"2024-11-06T12:52:42+00:00","dateModified":"2026-04-08T10:26:39+00:00","breadcrumb":{"@id":"https:\/\/www.malinashop.lt\/lt_lt\/shop\/laiseven-body-milk-natural-cotton-kuno-kremas-praturtintas-naturaliu-medvilnes-ekstraktu-75-ml\/#breadcrumb"},"inLanguage":"lt-LT","potentialAction":[{"@type":"ReadAction","target":["https:\/\/www.malinashop.lt\/lt_lt\/shop\/laiseven-body-milk-natural-cotton-kuno-kremas-praturtintas-naturaliu-medvilnes-ekstraktu-75-ml\/"]}]},{"@type":"ImageObject","inLanguage":"lt-LT","@id":"https:\/\/www.malinashop.lt\/lt_lt\/shop\/laiseven-body-milk-natural-cotton-kuno-kremas-praturtintas-naturaliu-medvilnes-ekstraktu-75-ml\/#primaryimage","url":"https:\/\/www.malinashop.lt\/wp-content\/uploads\/2024\/11\/LAISEVEN-BODY-MILK-NATURAL-COTTON-kuno-kremas-praturtintas-naturaliu-medvilnes-ekstraktu-75-ml.jpg","contentUrl":"https:\/\/www.malinashop.lt\/wp-content\/uploads\/2024\/11\/LAISEVEN-BODY-MILK-NATURAL-COTTON-kuno-kremas-praturtintas-naturaliu-medvilnes-ekstraktu-75-ml.jpg","width":1000,"height":1000},{"@type":"BreadcrumbList","@id":"https:\/\/www.malinashop.lt\/lt_lt\/shop\/laiseven-body-milk-natural-cotton-kuno-kremas-praturtintas-naturaliu-medvilnes-ekstraktu-75-ml\/#breadcrumb","itemListElement":[{"@type":"ListItem","position":1,"name":"Home","item":"https:\/\/www.malinashop.lt\/en\/"},{"@type":"ListItem","position":2,"name":"Parduotuv\u0117","item":"https:\/\/www.malinashop.lt\/en\/parduotuve\/"},{"@type":"ListItem","position":3,"name":"LAISEVEN BODY MILK NATURAL COTTON k\u016bno kremas praturtintas nat\u016braliu medviln\u0117s ekstraktu, 75 ml"}]},{"@type":"WebSite","@id":"https:\/\/www.malinashop.lt\/en\/#website","url":"https:\/\/www.malinashop.lt\/en\/","name":"COM Group Ecommerce","description":"MalinaShop.lt - Gro\u017eio ir sveikatos produktai i\u0161 patikim\u0173 preki\u0173 \u017eenkl\u0173. Atraskite auk\u0161tos kokyb\u0117s kosmetik\u0105 u\u017e puiki\u0105 kain\u0105.","publisher":{"@id":"https:\/\/www.malinashop.lt\/en\/#organization"},"potentialAction":[{"@type":"SearchAction","target":{"@type":"EntryPoint","urlTemplate":"https:\/\/www.malinashop.lt\/en\/?s={search_term_string}"},"query-input":{"@type":"PropertyValueSpecification","valueRequired":true,"valueName":"search_term_string"}}],"inLanguage":"lt-LT"},{"@type":"Organization","@id":"https:\/\/www.malinashop.lt\/en\/#organization","name":"COM Group Ecommerce","url":"https:\/\/www.malinashop.lt\/en\/","logo":{"@type":"ImageObject","inLanguage":"lt-LT","@id":"https:\/\/www.malinashop.lt\/en\/#\/schema\/logo\/image\/","url":"https:\/\/www.malinashop.lt\/wp-content\/uploads\/2024\/08\/462559670_3787732518133670_9795632669273463_n-e1731525914575.png","contentUrl":"https:\/\/www.malinashop.lt\/wp-content\/uploads\/2024\/08\/462559670_3787732518133670_9795632669273463_n-e1731525914575.png","width":180,"height":60,"caption":"COM Group Ecommerce"},"image":{"@id":"https:\/\/www.malinashop.lt\/en\/#\/schema\/logo\/image\/"}}]}},"jetpack_sharing_enabled":true,"_links":{"self":[{"href":"https:\/\/www.malinashop.lt\/lt_lt\/wp-json\/wp\/v2\/product\/19839","targetHints":{"allow":["GET"]}}],"collection":[{"href":"https:\/\/www.malinashop.lt\/lt_lt\/wp-json\/wp\/v2\/product"}],"about":[{"href":"https:\/\/www.malinashop.lt\/lt_lt\/wp-json\/wp\/v2\/types\/product"}],"version-history":[{"count":1,"href":"https:\/\/www.malinashop.lt\/lt_lt\/wp-json\/wp\/v2\/product\/19839\/revisions"}],"predecessor-version":[{"id":32897,"href":"https:\/\/www.malinashop.lt\/lt_lt\/wp-json\/wp\/v2\/product\/19839\/revisions\/32897"}],"wp:featuredmedia":[{"embeddable":true,"href":"https:\/\/www.malinashop.lt\/lt_lt\/wp-json\/wp\/v2\/media\/18548"}],"wp:attachment":[{"href":"https:\/\/www.malinashop.lt\/lt_lt\/wp-json\/wp\/v2\/media?parent=19839"}],"wp:term":[{"taxonomy":"product_brand","embeddable":true,"href":"https:\/\/www.malinashop.lt\/lt_lt\/wp-json\/wp\/v2\/product_brand?post=19839"},{"taxonomy":"product_cat","embeddable":true,"href":"https:\/\/www.malinashop.lt\/lt_lt\/wp-json\/wp\/v2\/product_cat?post=19839"},{"taxonomy":"product_tag","embeddable":true,"href":"https:\/\/www.malinashop.lt\/lt_lt\/wp-json\/wp\/v2\/product_tag?post=19839"}],"curies":[{"name":"wp","href":"https:\/\/api.w.org\/{rel}","templated":true}]}}