{"id":19765,"date":"2024-11-06T15:52:33","date_gmt":"2024-11-06T12:52:33","guid":{"rendered":"https:\/\/malinashop.lt\/produktas\/mia-makeup-beauty-blender-cake-sponge-makiazo-kempineles-1-vnt\/"},"modified":"2026-04-06T19:03:31","modified_gmt":"2026-04-06T16:03:31","slug":"mia-makeup-beauty-blender-cake-sponge-makiazo-kempineles-1-vnt","status":"publish","type":"product","link":"https:\/\/www.malinashop.lt\/lt_lt\/shop\/mia-makeup-beauty-blender-cake-sponge-makiazo-kempineles-1-vnt\/","title":{"rendered":"MIA MAKEUP BEAUTY BLENDER CAKE SPONGE makia\u017eo kempin\u0117l\u0117s, 1 vnt"},"content":{"rendered":"<p>MIA MAKEUP makia\u017eo kempin\u0117l\u0117s BEAUTY BLENDER CAKE SPONGE yra idealios skystoms ir kremin\u0117ms makia\u017eo priemon\u0117ms tepti ir mai\u0161yti. J\u0173 trikamp\u0117 forma leid\u017eia lengvai ir precizi\u0161kai tepti priemon\u0119 net sunkiai prieinamose vietose. \u0160ias makia\u017eo kempin\u0117les galima naudoti tiek sausas, tiek \u0161lapias. Viename pakete yra 6 kempin\u0117l\u0117s.<\/p>\n<p>Naudojimo instrukcija: Naudojant, makia\u017eo kempin\u0117l\u0119 \u012ftrinkite skyst\u0105 makia\u017eo priemon\u0119. Po naudojimo gerai nuplaukite kempin\u0117l\u0119.<\/p>\n","protected":false},"excerpt":{"rendered":"<p>MIA MAKEUP makia\u017eo kempin\u0117l\u0117s BEAUTY BLENDER CAKE SPONGE yra idealios skystoms ir kremin\u0117ms makia\u017eo priemon\u0117ms tepti ir mai\u0161yti. J\u0173 trikamp\u0117 forma leid\u017eia lengvai ir precizi\u0161kai tepti priemon\u0119 net sunkiai prieinamose vietose.<\/p>\n","protected":false},"featured_media":18213,"template":"","meta":[],"product_brand":[522],"product_cat":[102,536,728],"product_tag":[1633],"class_list":{"0":"post-19765","1":"product","2":"type-product","3":"status-publish","4":"has-post-thumbnail","6":"product_brand-mia-makeup","7":"product_cat-dekoratyvine-kosmetika","8":"product_cat-makiazo-kempineles","9":"product_cat-veidui","10":"product_tag-mia-makeup","12":"first","13":"instock","14":"sale","15":"taxable","16":"shipping-taxable","17":"purchasable","18":"product-type-simple"},"yoast_head":"<!-- This site is optimized with the Yoast SEO plugin v27.4 - https:\/\/yoast.com\/product\/yoast-seo-wordpress\/ -->\n<title>MIA MAKEUP BEAUTY BLENDER CAKE SPONGE makia\u017eo kempin\u0117l\u0117s, 1 vnt - MalinaShop.lt J\u016bs\u0173 sveikatai ir gro\u017eiui.<\/title>\n<meta name=\"description\" content=\"MIA MAKEUP makia\u017eo kempin\u0117l\u0117s BEAUTY BLENDER CAKE SPONGE yra idealios skystoms ir kremin\u0117ms makia\u017eo priemon\u0117ms tepti ir mai\u0161yti. J\u0173 trikamp\u0117 forma leid\u017eia...\" \/>\n<meta name=\"robots\" content=\"index, follow, max-snippet:-1, max-image-preview:large, max-video-preview:-1\" \/>\n<link rel=\"canonical\" href=\"https:\/\/www.malinashop.lt\/lt_lt\/shop\/mia-makeup-beauty-blender-cake-sponge-makiazo-kempineles-1-vnt\/\" \/>\n<meta property=\"og:locale\" content=\"lt_LT\" \/>\n<meta property=\"og:type\" content=\"article\" \/>\n<meta property=\"og:title\" content=\"MIA MAKEUP BEAUTY BLENDER CAKE SPONGE makia\u017eo kempin\u0117l\u0117s, 1 vnt - MalinaShop.lt J\u016bs\u0173 sveikatai ir gro\u017eiui.\" \/>\n<meta property=\"og:description\" content=\"MIA MAKEUP makia\u017eo kempin\u0117l\u0117s BEAUTY BLENDER CAKE SPONGE yra idealios skystoms ir kremin\u0117ms makia\u017eo priemon\u0117ms tepti ir mai\u0161yti. J\u0173 trikamp\u0117 forma leid\u017eia...\" \/>\n<meta property=\"og:url\" content=\"https:\/\/www.malinashop.lt\/lt_lt\/shop\/mia-makeup-beauty-blender-cake-sponge-makiazo-kempineles-1-vnt\/\" \/>\n<meta property=\"og:site_name\" content=\"MalinaShop.lt J\u016bs\u0173 sveikatai ir gro\u017eiui.\" \/>\n<meta property=\"article:modified_time\" content=\"2026-04-06T16:03:31+00:00\" \/>\n<meta property=\"og:image\" content=\"https:\/\/www.malinashop.lt\/wp-content\/uploads\/2024\/11\/MIA-MAKEUP-BEAUTY-BLENDER-CAKE-SPONGE-makiazo-kempineles-1-vnt.jpg\" \/>\n\t<meta property=\"og:image:width\" content=\"1000\" \/>\n\t<meta property=\"og:image:height\" content=\"1000\" \/>\n\t<meta property=\"og:image:type\" content=\"image\/jpeg\" \/>\n<meta name=\"twitter:card\" content=\"summary_large_image\" \/>\n<script type=\"application\/ld+json\" class=\"yoast-schema-graph\">{\"@context\":\"https:\\\/\\\/schema.org\",\"@graph\":[{\"@type\":\"WebPage\",\"@id\":\"https:\\\/\\\/www.malinashop.lt\\\/en\\\/shop\\\/mia-makeup-beauty-blender-cake-sponge-makiazo-kempineles-1-vnt\\\/\",\"url\":\"https:\\\/\\\/www.malinashop.lt\\\/en\\\/shop\\\/mia-makeup-beauty-blender-cake-sponge-makiazo-kempineles-1-vnt\\\/\",\"name\":\"MIA MAKEUP BEAUTY BLENDER CAKE SPONGE makia\u017eo kempin\u0117l\u0117s, 1 vnt - MalinaShop.lt J\u016bs\u0173 sveikatai ir gro\u017eiui.\",\"isPartOf\":{\"@id\":\"https:\\\/\\\/www.malinashop.lt\\\/en\\\/#website\"},\"primaryImageOfPage\":{\"@id\":\"https:\\\/\\\/www.malinashop.lt\\\/en\\\/shop\\\/mia-makeup-beauty-blender-cake-sponge-makiazo-kempineles-1-vnt\\\/#primaryimage\"},\"image\":{\"@id\":\"https:\\\/\\\/www.malinashop.lt\\\/en\\\/shop\\\/mia-makeup-beauty-blender-cake-sponge-makiazo-kempineles-1-vnt\\\/#primaryimage\"},\"thumbnailUrl\":\"https:\\\/\\\/www.malinashop.lt\\\/wp-content\\\/uploads\\\/2024\\\/11\\\/MIA-MAKEUP-BEAUTY-BLENDER-CAKE-SPONGE-makiazo-kempineles-1-vnt.jpg\",\"datePublished\":\"2024-11-06T12:52:33+00:00\",\"dateModified\":\"2026-04-06T16:03:31+00:00\",\"description\":\"MIA MAKEUP makia\u017eo kempin\u0117l\u0117s BEAUTY BLENDER CAKE SPONGE yra idealios skystoms ir kremin\u0117ms makia\u017eo priemon\u0117ms tepti ir mai\u0161yti. J\u0173 trikamp\u0117 forma leid\u017eia...\",\"breadcrumb\":{\"@id\":\"https:\\\/\\\/www.malinashop.lt\\\/en\\\/shop\\\/mia-makeup-beauty-blender-cake-sponge-makiazo-kempineles-1-vnt\\\/#breadcrumb\"},\"inLanguage\":\"lt-LT\",\"potentialAction\":[{\"@type\":\"ReadAction\",\"target\":[\"https:\\\/\\\/www.malinashop.lt\\\/en\\\/shop\\\/mia-makeup-beauty-blender-cake-sponge-makiazo-kempineles-1-vnt\\\/\"]}]},{\"@type\":\"ImageObject\",\"inLanguage\":\"lt-LT\",\"@id\":\"https:\\\/\\\/www.malinashop.lt\\\/en\\\/shop\\\/mia-makeup-beauty-blender-cake-sponge-makiazo-kempineles-1-vnt\\\/#primaryimage\",\"url\":\"https:\\\/\\\/www.malinashop.lt\\\/wp-content\\\/uploads\\\/2024\\\/11\\\/MIA-MAKEUP-BEAUTY-BLENDER-CAKE-SPONGE-makiazo-kempineles-1-vnt.jpg\",\"contentUrl\":\"https:\\\/\\\/www.malinashop.lt\\\/wp-content\\\/uploads\\\/2024\\\/11\\\/MIA-MAKEUP-BEAUTY-BLENDER-CAKE-SPONGE-makiazo-kempineles-1-vnt.jpg\",\"width\":1000,\"height\":1000},{\"@type\":\"BreadcrumbList\",\"@id\":\"https:\\\/\\\/www.malinashop.lt\\\/en\\\/shop\\\/mia-makeup-beauty-blender-cake-sponge-makiazo-kempineles-1-vnt\\\/#breadcrumb\",\"itemListElement\":[{\"@type\":\"ListItem\",\"position\":1,\"name\":\"Home\",\"item\":\"https:\\\/\\\/www.malinashop.lt\\\/en\\\/\"},{\"@type\":\"ListItem\",\"position\":2,\"name\":\"Parduotuv\u0117\",\"item\":\"https:\\\/\\\/www.malinashop.lt\\\/en\\\/parduotuve\\\/\"},{\"@type\":\"ListItem\",\"position\":3,\"name\":\"MIA MAKEUP BEAUTY BLENDER CAKE SPONGE makia\u017eo kempin\u0117l\u0117s, 1 vnt\"}]},{\"@type\":\"WebSite\",\"@id\":\"https:\\\/\\\/www.malinashop.lt\\\/en\\\/#website\",\"url\":\"https:\\\/\\\/www.malinashop.lt\\\/en\\\/\",\"name\":\"COM Group Ecommerce\",\"description\":\"MalinaShop.lt - Gro\u017eio ir sveikatos produktai i\u0161 patikim\u0173 preki\u0173 \u017eenkl\u0173. Atraskite auk\u0161tos kokyb\u0117s kosmetik\u0105 u\u017e puiki\u0105 kain\u0105.\",\"publisher\":{\"@id\":\"https:\\\/\\\/www.malinashop.lt\\\/en\\\/#organization\"},\"potentialAction\":[{\"@type\":\"SearchAction\",\"target\":{\"@type\":\"EntryPoint\",\"urlTemplate\":\"https:\\\/\\\/www.malinashop.lt\\\/en\\\/?s={search_term_string}\"},\"query-input\":{\"@type\":\"PropertyValueSpecification\",\"valueRequired\":true,\"valueName\":\"search_term_string\"}}],\"inLanguage\":\"lt-LT\"},{\"@type\":\"Organization\",\"@id\":\"https:\\\/\\\/www.malinashop.lt\\\/en\\\/#organization\",\"name\":\"COM Group Ecommerce\",\"url\":\"https:\\\/\\\/www.malinashop.lt\\\/en\\\/\",\"logo\":{\"@type\":\"ImageObject\",\"inLanguage\":\"lt-LT\",\"@id\":\"https:\\\/\\\/www.malinashop.lt\\\/en\\\/#\\\/schema\\\/logo\\\/image\\\/\",\"url\":\"https:\\\/\\\/www.malinashop.lt\\\/wp-content\\\/uploads\\\/2024\\\/08\\\/462559670_3787732518133670_9795632669273463_n-e1731525914575.png\",\"contentUrl\":\"https:\\\/\\\/www.malinashop.lt\\\/wp-content\\\/uploads\\\/2024\\\/08\\\/462559670_3787732518133670_9795632669273463_n-e1731525914575.png\",\"width\":180,\"height\":60,\"caption\":\"COM Group Ecommerce\"},\"image\":{\"@id\":\"https:\\\/\\\/www.malinashop.lt\\\/en\\\/#\\\/schema\\\/logo\\\/image\\\/\"}}]}<\/script>\n<!-- \/ Yoast SEO plugin. -->","yoast_head_json":{"title":"MIA MAKEUP BEAUTY BLENDER CAKE SPONGE makia\u017eo kempin\u0117l\u0117s, 1 vnt - MalinaShop.lt J\u016bs\u0173 sveikatai ir gro\u017eiui.","description":"MIA MAKEUP makia\u017eo kempin\u0117l\u0117s BEAUTY BLENDER CAKE SPONGE yra idealios skystoms ir kremin\u0117ms makia\u017eo priemon\u0117ms tepti ir mai\u0161yti. J\u0173 trikamp\u0117 forma leid\u017eia...","robots":{"index":"index","follow":"follow","max-snippet":"max-snippet:-1","max-image-preview":"max-image-preview:large","max-video-preview":"max-video-preview:-1"},"canonical":"https:\/\/www.malinashop.lt\/lt_lt\/shop\/mia-makeup-beauty-blender-cake-sponge-makiazo-kempineles-1-vnt\/","og_locale":"lt_LT","og_type":"article","og_title":"MIA MAKEUP BEAUTY BLENDER CAKE SPONGE makia\u017eo kempin\u0117l\u0117s, 1 vnt - MalinaShop.lt J\u016bs\u0173 sveikatai ir gro\u017eiui.","og_description":"MIA MAKEUP makia\u017eo kempin\u0117l\u0117s BEAUTY BLENDER CAKE SPONGE yra idealios skystoms ir kremin\u0117ms makia\u017eo priemon\u0117ms tepti ir mai\u0161yti. J\u0173 trikamp\u0117 forma leid\u017eia...","og_url":"https:\/\/www.malinashop.lt\/lt_lt\/shop\/mia-makeup-beauty-blender-cake-sponge-makiazo-kempineles-1-vnt\/","og_site_name":"MalinaShop.lt J\u016bs\u0173 sveikatai ir gro\u017eiui.","article_modified_time":"2026-04-06T16:03:31+00:00","og_image":[{"width":1000,"height":1000,"url":"https:\/\/www.malinashop.lt\/wp-content\/uploads\/2024\/11\/MIA-MAKEUP-BEAUTY-BLENDER-CAKE-SPONGE-makiazo-kempineles-1-vnt.jpg","type":"image\/jpeg"}],"twitter_card":"summary_large_image","schema":{"@context":"https:\/\/schema.org","@graph":[{"@type":"WebPage","@id":"https:\/\/www.malinashop.lt\/en\/shop\/mia-makeup-beauty-blender-cake-sponge-makiazo-kempineles-1-vnt\/","url":"https:\/\/www.malinashop.lt\/en\/shop\/mia-makeup-beauty-blender-cake-sponge-makiazo-kempineles-1-vnt\/","name":"MIA MAKEUP BEAUTY BLENDER CAKE SPONGE makia\u017eo kempin\u0117l\u0117s, 1 vnt - MalinaShop.lt J\u016bs\u0173 sveikatai ir gro\u017eiui.","isPartOf":{"@id":"https:\/\/www.malinashop.lt\/en\/#website"},"primaryImageOfPage":{"@id":"https:\/\/www.malinashop.lt\/en\/shop\/mia-makeup-beauty-blender-cake-sponge-makiazo-kempineles-1-vnt\/#primaryimage"},"image":{"@id":"https:\/\/www.malinashop.lt\/en\/shop\/mia-makeup-beauty-blender-cake-sponge-makiazo-kempineles-1-vnt\/#primaryimage"},"thumbnailUrl":"https:\/\/www.malinashop.lt\/wp-content\/uploads\/2024\/11\/MIA-MAKEUP-BEAUTY-BLENDER-CAKE-SPONGE-makiazo-kempineles-1-vnt.jpg","datePublished":"2024-11-06T12:52:33+00:00","dateModified":"2026-04-06T16:03:31+00:00","description":"MIA MAKEUP makia\u017eo kempin\u0117l\u0117s BEAUTY BLENDER CAKE SPONGE yra idealios skystoms ir kremin\u0117ms makia\u017eo priemon\u0117ms tepti ir mai\u0161yti. J\u0173 trikamp\u0117 forma leid\u017eia...","breadcrumb":{"@id":"https:\/\/www.malinashop.lt\/en\/shop\/mia-makeup-beauty-blender-cake-sponge-makiazo-kempineles-1-vnt\/#breadcrumb"},"inLanguage":"lt-LT","potentialAction":[{"@type":"ReadAction","target":["https:\/\/www.malinashop.lt\/en\/shop\/mia-makeup-beauty-blender-cake-sponge-makiazo-kempineles-1-vnt\/"]}]},{"@type":"ImageObject","inLanguage":"lt-LT","@id":"https:\/\/www.malinashop.lt\/en\/shop\/mia-makeup-beauty-blender-cake-sponge-makiazo-kempineles-1-vnt\/#primaryimage","url":"https:\/\/www.malinashop.lt\/wp-content\/uploads\/2024\/11\/MIA-MAKEUP-BEAUTY-BLENDER-CAKE-SPONGE-makiazo-kempineles-1-vnt.jpg","contentUrl":"https:\/\/www.malinashop.lt\/wp-content\/uploads\/2024\/11\/MIA-MAKEUP-BEAUTY-BLENDER-CAKE-SPONGE-makiazo-kempineles-1-vnt.jpg","width":1000,"height":1000},{"@type":"BreadcrumbList","@id":"https:\/\/www.malinashop.lt\/en\/shop\/mia-makeup-beauty-blender-cake-sponge-makiazo-kempineles-1-vnt\/#breadcrumb","itemListElement":[{"@type":"ListItem","position":1,"name":"Home","item":"https:\/\/www.malinashop.lt\/en\/"},{"@type":"ListItem","position":2,"name":"Parduotuv\u0117","item":"https:\/\/www.malinashop.lt\/en\/parduotuve\/"},{"@type":"ListItem","position":3,"name":"MIA MAKEUP BEAUTY BLENDER CAKE SPONGE makia\u017eo kempin\u0117l\u0117s, 1 vnt"}]},{"@type":"WebSite","@id":"https:\/\/www.malinashop.lt\/en\/#website","url":"https:\/\/www.malinashop.lt\/en\/","name":"COM Group Ecommerce","description":"MalinaShop.lt - Gro\u017eio ir sveikatos produktai i\u0161 patikim\u0173 preki\u0173 \u017eenkl\u0173. Atraskite auk\u0161tos kokyb\u0117s kosmetik\u0105 u\u017e puiki\u0105 kain\u0105.","publisher":{"@id":"https:\/\/www.malinashop.lt\/en\/#organization"},"potentialAction":[{"@type":"SearchAction","target":{"@type":"EntryPoint","urlTemplate":"https:\/\/www.malinashop.lt\/en\/?s={search_term_string}"},"query-input":{"@type":"PropertyValueSpecification","valueRequired":true,"valueName":"search_term_string"}}],"inLanguage":"lt-LT"},{"@type":"Organization","@id":"https:\/\/www.malinashop.lt\/en\/#organization","name":"COM Group Ecommerce","url":"https:\/\/www.malinashop.lt\/en\/","logo":{"@type":"ImageObject","inLanguage":"lt-LT","@id":"https:\/\/www.malinashop.lt\/en\/#\/schema\/logo\/image\/","url":"https:\/\/www.malinashop.lt\/wp-content\/uploads\/2024\/08\/462559670_3787732518133670_9795632669273463_n-e1731525914575.png","contentUrl":"https:\/\/www.malinashop.lt\/wp-content\/uploads\/2024\/08\/462559670_3787732518133670_9795632669273463_n-e1731525914575.png","width":180,"height":60,"caption":"COM Group Ecommerce"},"image":{"@id":"https:\/\/www.malinashop.lt\/en\/#\/schema\/logo\/image\/"}}]}},"jetpack_sharing_enabled":true,"_links":{"self":[{"href":"https:\/\/www.malinashop.lt\/lt_lt\/wp-json\/wp\/v2\/product\/19765","targetHints":{"allow":["GET"]}}],"collection":[{"href":"https:\/\/www.malinashop.lt\/lt_lt\/wp-json\/wp\/v2\/product"}],"about":[{"href":"https:\/\/www.malinashop.lt\/lt_lt\/wp-json\/wp\/v2\/types\/product"}],"version-history":[{"count":2,"href":"https:\/\/www.malinashop.lt\/lt_lt\/wp-json\/wp\/v2\/product\/19765\/revisions"}],"predecessor-version":[{"id":76293,"href":"https:\/\/www.malinashop.lt\/lt_lt\/wp-json\/wp\/v2\/product\/19765\/revisions\/76293"}],"wp:featuredmedia":[{"embeddable":true,"href":"https:\/\/www.malinashop.lt\/lt_lt\/wp-json\/wp\/v2\/media\/18213"}],"wp:attachment":[{"href":"https:\/\/www.malinashop.lt\/lt_lt\/wp-json\/wp\/v2\/media?parent=19765"}],"wp:term":[{"taxonomy":"product_brand","embeddable":true,"href":"https:\/\/www.malinashop.lt\/lt_lt\/wp-json\/wp\/v2\/product_brand?post=19765"},{"taxonomy":"product_cat","embeddable":true,"href":"https:\/\/www.malinashop.lt\/lt_lt\/wp-json\/wp\/v2\/product_cat?post=19765"},{"taxonomy":"product_tag","embeddable":true,"href":"https:\/\/www.malinashop.lt\/lt_lt\/wp-json\/wp\/v2\/product_tag?post=19765"}],"curies":[{"name":"wp","href":"https:\/\/api.w.org\/{rel}","templated":true}]}}