{"id":19719,"date":"2024-11-06T15:52:28","date_gmt":"2024-11-06T12:52:28","guid":{"rendered":"https:\/\/malinashop.lt\/produktas\/mia-makeup-shape-volume-eyebrow-mascara-01-blonde-antakiu-tusas-45-g\/"},"modified":"2026-04-06T19:03:20","modified_gmt":"2026-04-06T16:03:20","slug":"mia-makeup-shape-volume-eyebrow-mascara-01-blonde-antakiu-tusas-45-g","status":"publish","type":"product","link":"https:\/\/www.malinashop.lt\/lt_lt\/shop\/mia-makeup-shape-volume-eyebrow-mascara-01-blonde-antakiu-tusas-45-g\/","title":{"rendered":"MIA MAKEUP SHAPE &#038; VOLUME EYEBROW MASCARA 01 BLONDE antaki\u0173 tu\u0161as 4,5 g"},"content":{"rendered":"<p>MIA MAKEUP antaki\u0173 tu\u0161as &#8222;SHAPE &amp; VOLUME EYEBROW MASCARA&#8221; leid\u017eia lengvai i\u0161ry\u0161kinti ir pabr\u0117\u017eti antaki\u0173 form\u0105. \u0160is antaki\u0173 tu\u0161as suteikia pilnesn\u0119, apimties i\u0161vaizd\u0105 vienu perbraukimu, kuri i\u0161liks vis\u0105 dien\u0105. Antaki\u0173 tu\u0161o mini \u0161epet\u0117lis leid\u017eia lengvai ir tiksliai apibr\u0117\u017eti form\u0105, u\u017epildant retas vietas, ir sukuria tankius, nat\u016braliai atrodan\u010dius antakius.<\/p>\n<p>Naudojimas: antaki\u0173 tu\u0161o \u0161epet\u0117liu formuokite antakius plauk\u0173 augimo kryptimi. Nor\u0117dami u\u017epildyti retas antaki\u0173 vietas, aplikatoriaus galiuk\u0105 naudokite tiesiai ant odos, tada sumai\u0161ykite spalv\u0105 \u0161ukuodami, kad gautum\u0117te nat\u016brali\u0105 i\u0161vaizd\u0105.<\/p>\n","protected":false},"excerpt":{"rendered":"<p>MIA MAKEUP antaki\u0173 tu\u0161as &#8222;SHAPE &#038; VOLUME EYEBROW MASCARA&#8221; leid\u017eia lengvai i\u0161ry\u0161kinti ir pabr\u0117\u017eti antaki\u0173 form\u0105. \u0160is antaki\u0173 tu\u0161as suteikia pilnesn\u0119, apimties i\u0161vaizd\u0105 vienu perbraukimu, kuri i\u0161liks vis\u0105 dien\u0105.<\/p>\n","protected":false},"featured_media":18358,"template":"","meta":[],"product_brand":[522],"product_cat":[102,805,728],"product_tag":[1633],"class_list":{"0":"post-19719","1":"product","2":"type-product","3":"status-publish","4":"has-post-thumbnail","6":"product_brand-mia-makeup","7":"product_cat-dekoratyvine-kosmetika","8":"product_cat-priemones-antakiams","9":"product_cat-veidui","10":"product_tag-mia-makeup","12":"first","13":"instock","14":"sale","15":"taxable","16":"shipping-taxable","17":"purchasable","18":"product-type-simple"},"yoast_head":"<!-- This site is optimized with the Yoast SEO plugin v27.4 - https:\/\/yoast.com\/product\/yoast-seo-wordpress\/ -->\n<title>MIA MAKEUP SHAPE &amp; VOLUME EYEBROW MASCARA 01 BLONDE antaki\u0173 tu\u0161as 4,5 g - MalinaShop.lt J\u016bs\u0173 sveikatai ir gro\u017eiui.<\/title>\n<meta name=\"description\" content=\"MIA MAKEUP antaki\u0173 tu\u0161as &quot;SHAPE &amp; VOLUME EYEBROW MASCARA&quot; leid\u017eia lengvai i\u0161ry\u0161kinti ir pabr\u0117\u017eti antaki\u0173 form\u0105. \u0160is antaki\u0173 tu\u0161as suteikia pilnesn\u0119,...\" \/>\n<meta name=\"robots\" content=\"index, follow, max-snippet:-1, max-image-preview:large, max-video-preview:-1\" \/>\n<link rel=\"canonical\" href=\"https:\/\/www.malinashop.lt\/lt_lt\/shop\/mia-makeup-shape-volume-eyebrow-mascara-01-blonde-antakiu-tusas-45-g\/\" \/>\n<meta property=\"og:locale\" content=\"lt_LT\" \/>\n<meta property=\"og:type\" content=\"article\" \/>\n<meta property=\"og:title\" content=\"MIA MAKEUP SHAPE &amp; VOLUME EYEBROW MASCARA 01 BLONDE antaki\u0173 tu\u0161as 4,5 g - MalinaShop.lt J\u016bs\u0173 sveikatai ir gro\u017eiui.\" \/>\n<meta property=\"og:description\" content=\"MIA MAKEUP antaki\u0173 tu\u0161as &quot;SHAPE &amp; VOLUME EYEBROW MASCARA&quot; leid\u017eia lengvai i\u0161ry\u0161kinti ir pabr\u0117\u017eti antaki\u0173 form\u0105. \u0160is antaki\u0173 tu\u0161as suteikia pilnesn\u0119,...\" \/>\n<meta property=\"og:url\" content=\"https:\/\/www.malinashop.lt\/lt_lt\/shop\/mia-makeup-shape-volume-eyebrow-mascara-01-blonde-antakiu-tusas-45-g\/\" \/>\n<meta property=\"og:site_name\" content=\"MalinaShop.lt J\u016bs\u0173 sveikatai ir gro\u017eiui.\" \/>\n<meta property=\"article:modified_time\" content=\"2026-04-06T16:03:20+00:00\" \/>\n<meta property=\"og:image\" content=\"https:\/\/www.malinashop.lt\/wp-content\/uploads\/2024\/11\/MIA-MAKEUP-SHAPE-VOLUME-EYEBROW-MASCARA-01-BLONDE-antakiu-tusas-45-g.jpg\" \/>\n\t<meta property=\"og:image:width\" content=\"1000\" \/>\n\t<meta property=\"og:image:height\" content=\"1000\" \/>\n\t<meta property=\"og:image:type\" content=\"image\/jpeg\" \/>\n<meta name=\"twitter:card\" content=\"summary_large_image\" \/>\n<script type=\"application\/ld+json\" class=\"yoast-schema-graph\">{\"@context\":\"https:\\\/\\\/schema.org\",\"@graph\":[{\"@type\":\"WebPage\",\"@id\":\"https:\\\/\\\/www.malinashop.lt\\\/lt_lt\\\/shop\\\/mia-makeup-shape-volume-eyebrow-mascara-01-blonde-antakiu-tusas-45-g\\\/\",\"url\":\"https:\\\/\\\/www.malinashop.lt\\\/lt_lt\\\/shop\\\/mia-makeup-shape-volume-eyebrow-mascara-01-blonde-antakiu-tusas-45-g\\\/\",\"name\":\"MIA MAKEUP SHAPE & VOLUME EYEBROW MASCARA 01 BLONDE antaki\u0173 tu\u0161as 4,5 g - MalinaShop.lt J\u016bs\u0173 sveikatai ir gro\u017eiui.\",\"isPartOf\":{\"@id\":\"https:\\\/\\\/www.malinashop.lt\\\/#website\"},\"primaryImageOfPage\":{\"@id\":\"https:\\\/\\\/www.malinashop.lt\\\/lt_lt\\\/shop\\\/mia-makeup-shape-volume-eyebrow-mascara-01-blonde-antakiu-tusas-45-g\\\/#primaryimage\"},\"image\":{\"@id\":\"https:\\\/\\\/www.malinashop.lt\\\/lt_lt\\\/shop\\\/mia-makeup-shape-volume-eyebrow-mascara-01-blonde-antakiu-tusas-45-g\\\/#primaryimage\"},\"thumbnailUrl\":\"https:\\\/\\\/www.malinashop.lt\\\/wp-content\\\/uploads\\\/2024\\\/11\\\/MIA-MAKEUP-SHAPE-VOLUME-EYEBROW-MASCARA-01-BLONDE-antakiu-tusas-45-g.jpg\",\"datePublished\":\"2024-11-06T12:52:28+00:00\",\"dateModified\":\"2026-04-06T16:03:20+00:00\",\"description\":\"MIA MAKEUP antaki\u0173 tu\u0161as \\\"SHAPE &amp; VOLUME EYEBROW MASCARA\\\" leid\u017eia lengvai i\u0161ry\u0161kinti ir pabr\u0117\u017eti antaki\u0173 form\u0105. \u0160is antaki\u0173 tu\u0161as suteikia pilnesn\u0119,...\",\"breadcrumb\":{\"@id\":\"https:\\\/\\\/www.malinashop.lt\\\/lt_lt\\\/shop\\\/mia-makeup-shape-volume-eyebrow-mascara-01-blonde-antakiu-tusas-45-g\\\/#breadcrumb\"},\"inLanguage\":\"lt-LT\",\"potentialAction\":[{\"@type\":\"ReadAction\",\"target\":[\"https:\\\/\\\/www.malinashop.lt\\\/lt_lt\\\/shop\\\/mia-makeup-shape-volume-eyebrow-mascara-01-blonde-antakiu-tusas-45-g\\\/\"]}]},{\"@type\":\"ImageObject\",\"inLanguage\":\"lt-LT\",\"@id\":\"https:\\\/\\\/www.malinashop.lt\\\/lt_lt\\\/shop\\\/mia-makeup-shape-volume-eyebrow-mascara-01-blonde-antakiu-tusas-45-g\\\/#primaryimage\",\"url\":\"https:\\\/\\\/www.malinashop.lt\\\/wp-content\\\/uploads\\\/2024\\\/11\\\/MIA-MAKEUP-SHAPE-VOLUME-EYEBROW-MASCARA-01-BLONDE-antakiu-tusas-45-g.jpg\",\"contentUrl\":\"https:\\\/\\\/www.malinashop.lt\\\/wp-content\\\/uploads\\\/2024\\\/11\\\/MIA-MAKEUP-SHAPE-VOLUME-EYEBROW-MASCARA-01-BLONDE-antakiu-tusas-45-g.jpg\",\"width\":1000,\"height\":1000},{\"@type\":\"BreadcrumbList\",\"@id\":\"https:\\\/\\\/www.malinashop.lt\\\/lt_lt\\\/shop\\\/mia-makeup-shape-volume-eyebrow-mascara-01-blonde-antakiu-tusas-45-g\\\/#breadcrumb\",\"itemListElement\":[{\"@type\":\"ListItem\",\"position\":1,\"name\":\"Pagrindinis\",\"item\":\"https:\\\/\\\/www.malinashop.lt\\\/\"},{\"@type\":\"ListItem\",\"position\":2,\"name\":\"Parduotuv\u0117\",\"item\":\"https:\\\/\\\/www.malinashop.lt\\\/en\\\/parduotuve\\\/\"},{\"@type\":\"ListItem\",\"position\":3,\"name\":\"MIA MAKEUP SHAPE &#038; VOLUME EYEBROW MASCARA 01 BLONDE antaki\u0173 tu\u0161as 4,5 g\"}]},{\"@type\":\"WebSite\",\"@id\":\"https:\\\/\\\/www.malinashop.lt\\\/#website\",\"url\":\"https:\\\/\\\/www.malinashop.lt\\\/\",\"name\":\"COM Group Ecommerce\",\"description\":\"MalinaShop.lt - Gro\u017eio ir sveikatos produktai i\u0161 patikim\u0173 preki\u0173 \u017eenkl\u0173. Atraskite auk\u0161tos kokyb\u0117s kosmetik\u0105 u\u017e puiki\u0105 kain\u0105.\",\"publisher\":{\"@id\":\"https:\\\/\\\/www.malinashop.lt\\\/#organization\"},\"potentialAction\":[{\"@type\":\"SearchAction\",\"target\":{\"@type\":\"EntryPoint\",\"urlTemplate\":\"https:\\\/\\\/www.malinashop.lt\\\/?s={search_term_string}\"},\"query-input\":{\"@type\":\"PropertyValueSpecification\",\"valueRequired\":true,\"valueName\":\"search_term_string\"}}],\"inLanguage\":\"lt-LT\"},{\"@type\":\"Organization\",\"@id\":\"https:\\\/\\\/www.malinashop.lt\\\/#organization\",\"name\":\"COM Group Ecommerce\",\"url\":\"https:\\\/\\\/www.malinashop.lt\\\/\",\"logo\":{\"@type\":\"ImageObject\",\"inLanguage\":\"lt-LT\",\"@id\":\"https:\\\/\\\/www.malinashop.lt\\\/#\\\/schema\\\/logo\\\/image\\\/\",\"url\":\"https:\\\/\\\/www.malinashop.lt\\\/wp-content\\\/uploads\\\/2024\\\/08\\\/462559670_3787732518133670_9795632669273463_n-e1731525914575.png\",\"contentUrl\":\"https:\\\/\\\/www.malinashop.lt\\\/wp-content\\\/uploads\\\/2024\\\/08\\\/462559670_3787732518133670_9795632669273463_n-e1731525914575.png\",\"width\":180,\"height\":60,\"caption\":\"COM Group Ecommerce\"},\"image\":{\"@id\":\"https:\\\/\\\/www.malinashop.lt\\\/#\\\/schema\\\/logo\\\/image\\\/\"}}]}<\/script>\n<!-- \/ Yoast SEO plugin. -->","yoast_head_json":{"title":"MIA MAKEUP SHAPE & VOLUME EYEBROW MASCARA 01 BLONDE antaki\u0173 tu\u0161as 4,5 g - MalinaShop.lt J\u016bs\u0173 sveikatai ir gro\u017eiui.","description":"MIA MAKEUP antaki\u0173 tu\u0161as \"SHAPE &amp; VOLUME EYEBROW MASCARA\" leid\u017eia lengvai i\u0161ry\u0161kinti ir pabr\u0117\u017eti antaki\u0173 form\u0105. \u0160is antaki\u0173 tu\u0161as suteikia pilnesn\u0119,...","robots":{"index":"index","follow":"follow","max-snippet":"max-snippet:-1","max-image-preview":"max-image-preview:large","max-video-preview":"max-video-preview:-1"},"canonical":"https:\/\/www.malinashop.lt\/lt_lt\/shop\/mia-makeup-shape-volume-eyebrow-mascara-01-blonde-antakiu-tusas-45-g\/","og_locale":"lt_LT","og_type":"article","og_title":"MIA MAKEUP SHAPE & VOLUME EYEBROW MASCARA 01 BLONDE antaki\u0173 tu\u0161as 4,5 g - MalinaShop.lt J\u016bs\u0173 sveikatai ir gro\u017eiui.","og_description":"MIA MAKEUP antaki\u0173 tu\u0161as \"SHAPE &amp; VOLUME EYEBROW MASCARA\" leid\u017eia lengvai i\u0161ry\u0161kinti ir pabr\u0117\u017eti antaki\u0173 form\u0105. \u0160is antaki\u0173 tu\u0161as suteikia pilnesn\u0119,...","og_url":"https:\/\/www.malinashop.lt\/lt_lt\/shop\/mia-makeup-shape-volume-eyebrow-mascara-01-blonde-antakiu-tusas-45-g\/","og_site_name":"MalinaShop.lt J\u016bs\u0173 sveikatai ir gro\u017eiui.","article_modified_time":"2026-04-06T16:03:20+00:00","og_image":[{"width":1000,"height":1000,"url":"https:\/\/www.malinashop.lt\/wp-content\/uploads\/2024\/11\/MIA-MAKEUP-SHAPE-VOLUME-EYEBROW-MASCARA-01-BLONDE-antakiu-tusas-45-g.jpg","type":"image\/jpeg"}],"twitter_card":"summary_large_image","schema":{"@context":"https:\/\/schema.org","@graph":[{"@type":"WebPage","@id":"https:\/\/www.malinashop.lt\/lt_lt\/shop\/mia-makeup-shape-volume-eyebrow-mascara-01-blonde-antakiu-tusas-45-g\/","url":"https:\/\/www.malinashop.lt\/lt_lt\/shop\/mia-makeup-shape-volume-eyebrow-mascara-01-blonde-antakiu-tusas-45-g\/","name":"MIA MAKEUP SHAPE & VOLUME EYEBROW MASCARA 01 BLONDE antaki\u0173 tu\u0161as 4,5 g - MalinaShop.lt J\u016bs\u0173 sveikatai ir gro\u017eiui.","isPartOf":{"@id":"https:\/\/www.malinashop.lt\/#website"},"primaryImageOfPage":{"@id":"https:\/\/www.malinashop.lt\/lt_lt\/shop\/mia-makeup-shape-volume-eyebrow-mascara-01-blonde-antakiu-tusas-45-g\/#primaryimage"},"image":{"@id":"https:\/\/www.malinashop.lt\/lt_lt\/shop\/mia-makeup-shape-volume-eyebrow-mascara-01-blonde-antakiu-tusas-45-g\/#primaryimage"},"thumbnailUrl":"https:\/\/www.malinashop.lt\/wp-content\/uploads\/2024\/11\/MIA-MAKEUP-SHAPE-VOLUME-EYEBROW-MASCARA-01-BLONDE-antakiu-tusas-45-g.jpg","datePublished":"2024-11-06T12:52:28+00:00","dateModified":"2026-04-06T16:03:20+00:00","description":"MIA MAKEUP antaki\u0173 tu\u0161as \"SHAPE &amp; VOLUME EYEBROW MASCARA\" leid\u017eia lengvai i\u0161ry\u0161kinti ir pabr\u0117\u017eti antaki\u0173 form\u0105. \u0160is antaki\u0173 tu\u0161as suteikia pilnesn\u0119,...","breadcrumb":{"@id":"https:\/\/www.malinashop.lt\/lt_lt\/shop\/mia-makeup-shape-volume-eyebrow-mascara-01-blonde-antakiu-tusas-45-g\/#breadcrumb"},"inLanguage":"lt-LT","potentialAction":[{"@type":"ReadAction","target":["https:\/\/www.malinashop.lt\/lt_lt\/shop\/mia-makeup-shape-volume-eyebrow-mascara-01-blonde-antakiu-tusas-45-g\/"]}]},{"@type":"ImageObject","inLanguage":"lt-LT","@id":"https:\/\/www.malinashop.lt\/lt_lt\/shop\/mia-makeup-shape-volume-eyebrow-mascara-01-blonde-antakiu-tusas-45-g\/#primaryimage","url":"https:\/\/www.malinashop.lt\/wp-content\/uploads\/2024\/11\/MIA-MAKEUP-SHAPE-VOLUME-EYEBROW-MASCARA-01-BLONDE-antakiu-tusas-45-g.jpg","contentUrl":"https:\/\/www.malinashop.lt\/wp-content\/uploads\/2024\/11\/MIA-MAKEUP-SHAPE-VOLUME-EYEBROW-MASCARA-01-BLONDE-antakiu-tusas-45-g.jpg","width":1000,"height":1000},{"@type":"BreadcrumbList","@id":"https:\/\/www.malinashop.lt\/lt_lt\/shop\/mia-makeup-shape-volume-eyebrow-mascara-01-blonde-antakiu-tusas-45-g\/#breadcrumb","itemListElement":[{"@type":"ListItem","position":1,"name":"Pagrindinis","item":"https:\/\/www.malinashop.lt\/"},{"@type":"ListItem","position":2,"name":"Parduotuv\u0117","item":"https:\/\/www.malinashop.lt\/en\/parduotuve\/"},{"@type":"ListItem","position":3,"name":"MIA MAKEUP SHAPE &#038; VOLUME EYEBROW MASCARA 01 BLONDE antaki\u0173 tu\u0161as 4,5 g"}]},{"@type":"WebSite","@id":"https:\/\/www.malinashop.lt\/#website","url":"https:\/\/www.malinashop.lt\/","name":"COM Group Ecommerce","description":"MalinaShop.lt - Gro\u017eio ir sveikatos produktai i\u0161 patikim\u0173 preki\u0173 \u017eenkl\u0173. Atraskite auk\u0161tos kokyb\u0117s kosmetik\u0105 u\u017e puiki\u0105 kain\u0105.","publisher":{"@id":"https:\/\/www.malinashop.lt\/#organization"},"potentialAction":[{"@type":"SearchAction","target":{"@type":"EntryPoint","urlTemplate":"https:\/\/www.malinashop.lt\/?s={search_term_string}"},"query-input":{"@type":"PropertyValueSpecification","valueRequired":true,"valueName":"search_term_string"}}],"inLanguage":"lt-LT"},{"@type":"Organization","@id":"https:\/\/www.malinashop.lt\/#organization","name":"COM Group Ecommerce","url":"https:\/\/www.malinashop.lt\/","logo":{"@type":"ImageObject","inLanguage":"lt-LT","@id":"https:\/\/www.malinashop.lt\/#\/schema\/logo\/image\/","url":"https:\/\/www.malinashop.lt\/wp-content\/uploads\/2024\/08\/462559670_3787732518133670_9795632669273463_n-e1731525914575.png","contentUrl":"https:\/\/www.malinashop.lt\/wp-content\/uploads\/2024\/08\/462559670_3787732518133670_9795632669273463_n-e1731525914575.png","width":180,"height":60,"caption":"COM Group Ecommerce"},"image":{"@id":"https:\/\/www.malinashop.lt\/#\/schema\/logo\/image\/"}}]}},"jetpack_sharing_enabled":true,"_links":{"self":[{"href":"https:\/\/www.malinashop.lt\/lt_lt\/wp-json\/wp\/v2\/product\/19719","targetHints":{"allow":["GET"]}}],"collection":[{"href":"https:\/\/www.malinashop.lt\/lt_lt\/wp-json\/wp\/v2\/product"}],"about":[{"href":"https:\/\/www.malinashop.lt\/lt_lt\/wp-json\/wp\/v2\/types\/product"}],"version-history":[{"count":2,"href":"https:\/\/www.malinashop.lt\/lt_lt\/wp-json\/wp\/v2\/product\/19719\/revisions"}],"predecessor-version":[{"id":76272,"href":"https:\/\/www.malinashop.lt\/lt_lt\/wp-json\/wp\/v2\/product\/19719\/revisions\/76272"}],"wp:featuredmedia":[{"embeddable":true,"href":"https:\/\/www.malinashop.lt\/lt_lt\/wp-json\/wp\/v2\/media\/18358"}],"wp:attachment":[{"href":"https:\/\/www.malinashop.lt\/lt_lt\/wp-json\/wp\/v2\/media?parent=19719"}],"wp:term":[{"taxonomy":"product_brand","embeddable":true,"href":"https:\/\/www.malinashop.lt\/lt_lt\/wp-json\/wp\/v2\/product_brand?post=19719"},{"taxonomy":"product_cat","embeddable":true,"href":"https:\/\/www.malinashop.lt\/lt_lt\/wp-json\/wp\/v2\/product_cat?post=19719"},{"taxonomy":"product_tag","embeddable":true,"href":"https:\/\/www.malinashop.lt\/lt_lt\/wp-json\/wp\/v2\/product_tag?post=19719"}],"curies":[{"name":"wp","href":"https:\/\/api.w.org\/{rel}","templated":true}]}}