{"id":19697,"date":"2024-11-06T15:52:28","date_gmt":"2024-11-06T12:52:28","guid":{"rendered":"https:\/\/malinashop.lt\/produktas\/mia-makeup-set-define-eyebrow-palette-noisette-antakiu-modeliavimo-palete-53-g\/"},"modified":"2026-04-06T19:03:15","modified_gmt":"2026-04-06T16:03:15","slug":"mia-makeup-set-define-eyebrow-palette-noisette-antakiu-modeliavimo-palete-53-g","status":"publish","type":"product","link":"https:\/\/www.malinashop.lt\/lt_lt\/shop\/mia-makeup-set-define-eyebrow-palette-noisette-antakiu-modeliavimo-palete-53-g\/","title":{"rendered":"MIA MAKEUP SET &#038; DEFINE EYEBROW PALETTE NOISETTE antaki\u0173 modeliavimo palet\u0117, 5,3 g"},"content":{"rendered":"<h3><strong>MIA MAKEUP SET &#038; DEFINE EYEBROW PALETTE NOISETTE \u2014 antaki\u0173 modeliavimo palet\u0117<\/strong><\/h3>\n<p>Tobulai formuoti, u\u017epildyti ir fiksuoti antakiai su viena palete \u2014 <strong>MIA MAKEUP Set &#038; Define Eyebrow Palette NOISETTE<\/strong> turi visk\u0105, ko reikia gra\u017eioms, ai\u0161kiai apibr\u0117\u017etoms linijoms.<\/p>\n<p>Palet\u0117je \u2014 antaki\u0173 \u0161e\u0161\u0117lis, \u0161viesesn\u0117 fiksavimo spalva ir antaki\u0173 va\u0161kas. Nat\u016bralus atspalvis NOISETTE tinka \u0161viesesni\u0173 atspalvi\u0173 antakiams.<\/p>\n<hr \/>\n<h3><strong>Kod\u0117l verta rinktis?<\/strong><\/h3>\n<p>\u2714 <strong>Visa sistema vienoje palet\u0117je<\/strong> \u2013 \u0161e\u0161\u0117lis, fiksatorius ir va\u0161kas.<br \/>\n\u2714 <strong>Nat\u016bralus rezultatas<\/strong> \u2013 antakiai atrodo sodr\u016bs, bet nat\u016bral\u016bs.<br \/>\n\u2714 <strong>Ilgalaikis efektas<\/strong> \u2013 antakiai i\u0161lieka tvirtai fiksuoti vis\u0105 dien\u0105.<br \/>\n\u2714 <strong>Lengva naudoti<\/strong> \u2013 tinka pradedantiesiems ir patyrusiems.<br \/>\n\u2714 <strong>Kompakti\u0161kas<\/strong> \u2013 prakti\u0161ka d\u0117\u017eut\u0117 su veidrod\u017eiu, tinka kelion\u0117ms.<\/p>\n<hr \/>\n<h3><strong>Kaip naudoti?<\/strong><\/h3>\n<p>1\ufe0f\u20e3 <strong>\u0160epet\u0117liu su \u012fstri\u017eu galiuku<\/strong> pabr\u0117\u017ekite antakio linij\u0105 \u0161e\u0161\u0117liu.<br \/>\n2\ufe0f\u20e3 <strong>Spiraliniu \u0161epet\u0117liu<\/strong> sumai\u0161ykite spalv\u0105 ir suformuokite plaukus.<br \/>\n3\ufe0f\u20e3 <strong>Va\u0161kiuko pagalba<\/strong> fiksuokite i\u0161leistus plaukus ir suteikite galutin\u0119 form\u0105.<\/p>\n<hr \/>\n<h3><strong>Apie MIA MAKEUP<\/strong><\/h3>\n<p><strong>MIA MAKEUP<\/strong> \u2014 auk\u0161tos kokyb\u0117s dekoratyvin\u0117s kosmetikos prek\u0117s \u017eenklas, kuriantis inovatyvius gro\u017eio sprendimus. Visi produktai sukurti tam, kad pabr\u0117\u017et\u0173 nat\u016bral\u0173 gro\u017e\u012f \u2014 su saugiomis, odai draugi\u0161komis sudedamosiomis dalimis.<\/p>\n","protected":false},"excerpt":{"rendered":"<p>MIA MAKEUP SET &#038; DEFINE EYEBROW PALETTE NOISETTE \u2014 antaki\u0173 modeliavimo palet\u0117 Tobulai formuoti, u\u017epildyti ir fiksuoti antakiai su viena palete \u2014 MIA MAKEUP Set &#038; Define Eyebrow Palette NOISETTE turi visk\u0105, ko reikia gra\u017eioms, ai\u0161kiai apibr\u0117\u017etoms linijoms.<\/p>\n","protected":false},"featured_media":21197,"template":"","meta":[],"product_brand":[522],"product_cat":[102,805,728],"product_tag":[1633],"class_list":{"0":"post-19697","1":"product","2":"type-product","3":"status-publish","4":"has-post-thumbnail","6":"product_brand-mia-makeup","7":"product_cat-dekoratyvine-kosmetika","8":"product_cat-priemones-antakiams","9":"product_cat-veidui","10":"product_tag-mia-makeup","12":"first","13":"instock","14":"sale","15":"taxable","16":"shipping-taxable","17":"purchasable","18":"product-type-simple"},"yoast_head":"<!-- This site is optimized with the Yoast SEO plugin v27.4 - https:\/\/yoast.com\/product\/yoast-seo-wordpress\/ -->\n<title>MIA MAKEUP SET &amp; DEFINE EYEBROW PALETTE NOISETTE antaki\u0173 modeliavimo palet\u0117, 5,3 g - MalinaShop.lt J\u016bs\u0173 sveikatai ir gro\u017eiui.<\/title>\n<meta name=\"description\" content=\"MIA MAKEUP SET &amp; DEFINE EYEBROW PALETTE NOISETTE \u2014 antaki\u0173 modeliavimo palet\u0117 Tobulai formuoti, u\u017epildyti ir fiksuoti antakiai su viena palete \u2014 MIA MAKEUP...\" \/>\n<meta name=\"robots\" content=\"index, follow, max-snippet:-1, max-image-preview:large, max-video-preview:-1\" \/>\n<link rel=\"canonical\" href=\"https:\/\/www.malinashop.lt\/lt_lt\/shop\/mia-makeup-set-define-eyebrow-palette-noisette-antakiu-modeliavimo-palete-53-g\/\" \/>\n<meta property=\"og:locale\" content=\"lt_LT\" \/>\n<meta property=\"og:type\" content=\"article\" \/>\n<meta property=\"og:title\" content=\"MIA MAKEUP SET &amp; DEFINE EYEBROW PALETTE NOISETTE antaki\u0173 modeliavimo palet\u0117, 5,3 g - MalinaShop.lt J\u016bs\u0173 sveikatai ir gro\u017eiui.\" \/>\n<meta property=\"og:description\" content=\"MIA MAKEUP SET &amp; DEFINE EYEBROW PALETTE NOISETTE \u2014 antaki\u0173 modeliavimo palet\u0117 Tobulai formuoti, u\u017epildyti ir fiksuoti antakiai su viena palete \u2014 MIA MAKEUP...\" \/>\n<meta property=\"og:url\" content=\"https:\/\/www.malinashop.lt\/lt_lt\/shop\/mia-makeup-set-define-eyebrow-palette-noisette-antakiu-modeliavimo-palete-53-g\/\" \/>\n<meta property=\"og:site_name\" content=\"MalinaShop.lt J\u016bs\u0173 sveikatai ir gro\u017eiui.\" \/>\n<meta property=\"article:modified_time\" content=\"2026-04-06T16:03:15+00:00\" \/>\n<meta property=\"og:image\" content=\"https:\/\/www.malinashop.lt\/wp-content\/uploads\/2024\/11\/mia-makeup-set-define-eyebrow-palette-noisette-antakiu-modeliavimo-palete-53-g-1.jpg\" \/>\n\t<meta property=\"og:image:width\" content=\"388\" \/>\n\t<meta property=\"og:image:height\" content=\"388\" \/>\n\t<meta property=\"og:image:type\" content=\"image\/jpeg\" \/>\n<meta name=\"twitter:card\" content=\"summary_large_image\" \/>\n<script type=\"application\/ld+json\" class=\"yoast-schema-graph\">{\"@context\":\"https:\\\/\\\/schema.org\",\"@graph\":[{\"@type\":\"WebPage\",\"@id\":\"https:\\\/\\\/www.malinashop.lt\\\/shop\\\/mia-makeup-set-define-eyebrow-palette-noisette-antakiu-modeliavimo-palete-53-g\\\/\",\"url\":\"https:\\\/\\\/www.malinashop.lt\\\/shop\\\/mia-makeup-set-define-eyebrow-palette-noisette-antakiu-modeliavimo-palete-53-g\\\/\",\"name\":\"MIA MAKEUP SET & DEFINE EYEBROW PALETTE NOISETTE antaki\u0173 modeliavimo palet\u0117, 5,3 g - MalinaShop.lt J\u016bs\u0173 sveikatai ir gro\u017eiui.\",\"isPartOf\":{\"@id\":\"https:\\\/\\\/www.malinashop.lt\\\/#website\"},\"primaryImageOfPage\":{\"@id\":\"https:\\\/\\\/www.malinashop.lt\\\/shop\\\/mia-makeup-set-define-eyebrow-palette-noisette-antakiu-modeliavimo-palete-53-g\\\/#primaryimage\"},\"image\":{\"@id\":\"https:\\\/\\\/www.malinashop.lt\\\/shop\\\/mia-makeup-set-define-eyebrow-palette-noisette-antakiu-modeliavimo-palete-53-g\\\/#primaryimage\"},\"thumbnailUrl\":\"https:\\\/\\\/www.malinashop.lt\\\/wp-content\\\/uploads\\\/2024\\\/11\\\/mia-makeup-set-define-eyebrow-palette-noisette-antakiu-modeliavimo-palete-53-g-1.jpg\",\"datePublished\":\"2024-11-06T12:52:28+00:00\",\"dateModified\":\"2026-04-06T16:03:15+00:00\",\"description\":\"MIA MAKEUP SET &amp; DEFINE EYEBROW PALETTE NOISETTE \u2014 antaki\u0173 modeliavimo palet\u0117 Tobulai formuoti, u\u017epildyti ir fiksuoti antakiai su viena palete \u2014 MIA MAKEUP...\",\"breadcrumb\":{\"@id\":\"https:\\\/\\\/www.malinashop.lt\\\/shop\\\/mia-makeup-set-define-eyebrow-palette-noisette-antakiu-modeliavimo-palete-53-g\\\/#breadcrumb\"},\"inLanguage\":\"lt-LT\",\"potentialAction\":[{\"@type\":\"ReadAction\",\"target\":[\"https:\\\/\\\/www.malinashop.lt\\\/shop\\\/mia-makeup-set-define-eyebrow-palette-noisette-antakiu-modeliavimo-palete-53-g\\\/\"]}]},{\"@type\":\"ImageObject\",\"inLanguage\":\"lt-LT\",\"@id\":\"https:\\\/\\\/www.malinashop.lt\\\/shop\\\/mia-makeup-set-define-eyebrow-palette-noisette-antakiu-modeliavimo-palete-53-g\\\/#primaryimage\",\"url\":\"https:\\\/\\\/www.malinashop.lt\\\/wp-content\\\/uploads\\\/2024\\\/11\\\/mia-makeup-set-define-eyebrow-palette-noisette-antakiu-modeliavimo-palete-53-g-1.jpg\",\"contentUrl\":\"https:\\\/\\\/www.malinashop.lt\\\/wp-content\\\/uploads\\\/2024\\\/11\\\/mia-makeup-set-define-eyebrow-palette-noisette-antakiu-modeliavimo-palete-53-g-1.jpg\",\"width\":388,\"height\":388},{\"@type\":\"BreadcrumbList\",\"@id\":\"https:\\\/\\\/www.malinashop.lt\\\/shop\\\/mia-makeup-set-define-eyebrow-palette-noisette-antakiu-modeliavimo-palete-53-g\\\/#breadcrumb\",\"itemListElement\":[{\"@type\":\"ListItem\",\"position\":1,\"name\":\"Pagrindinis\",\"item\":\"https:\\\/\\\/www.malinashop.lt\\\/\"},{\"@type\":\"ListItem\",\"position\":2,\"name\":\"Parduotuv\u0117\",\"item\":\"https:\\\/\\\/www.malinashop.lt\\\/en\\\/parduotuve\\\/\"},{\"@type\":\"ListItem\",\"position\":3,\"name\":\"MIA MAKEUP SET &#038; DEFINE EYEBROW PALETTE NOISETTE antaki\u0173 modeliavimo palet\u0117, 5,3 g\"}]},{\"@type\":\"WebSite\",\"@id\":\"https:\\\/\\\/www.malinashop.lt\\\/#website\",\"url\":\"https:\\\/\\\/www.malinashop.lt\\\/\",\"name\":\"COM Group Ecommerce\",\"description\":\"MalinaShop.lt - Gro\u017eio ir sveikatos produktai i\u0161 patikim\u0173 preki\u0173 \u017eenkl\u0173. Atraskite auk\u0161tos kokyb\u0117s kosmetik\u0105 u\u017e puiki\u0105 kain\u0105.\",\"publisher\":{\"@id\":\"https:\\\/\\\/www.malinashop.lt\\\/#organization\"},\"potentialAction\":[{\"@type\":\"SearchAction\",\"target\":{\"@type\":\"EntryPoint\",\"urlTemplate\":\"https:\\\/\\\/www.malinashop.lt\\\/?s={search_term_string}\"},\"query-input\":{\"@type\":\"PropertyValueSpecification\",\"valueRequired\":true,\"valueName\":\"search_term_string\"}}],\"inLanguage\":\"lt-LT\"},{\"@type\":\"Organization\",\"@id\":\"https:\\\/\\\/www.malinashop.lt\\\/#organization\",\"name\":\"COM Group Ecommerce\",\"url\":\"https:\\\/\\\/www.malinashop.lt\\\/\",\"logo\":{\"@type\":\"ImageObject\",\"inLanguage\":\"lt-LT\",\"@id\":\"https:\\\/\\\/www.malinashop.lt\\\/#\\\/schema\\\/logo\\\/image\\\/\",\"url\":\"https:\\\/\\\/www.malinashop.lt\\\/wp-content\\\/uploads\\\/2024\\\/08\\\/462559670_3787732518133670_9795632669273463_n-e1731525914575.png\",\"contentUrl\":\"https:\\\/\\\/www.malinashop.lt\\\/wp-content\\\/uploads\\\/2024\\\/08\\\/462559670_3787732518133670_9795632669273463_n-e1731525914575.png\",\"width\":180,\"height\":60,\"caption\":\"COM Group Ecommerce\"},\"image\":{\"@id\":\"https:\\\/\\\/www.malinashop.lt\\\/#\\\/schema\\\/logo\\\/image\\\/\"}}]}<\/script>\n<!-- \/ Yoast SEO plugin. -->","yoast_head_json":{"title":"MIA MAKEUP SET & DEFINE EYEBROW PALETTE NOISETTE antaki\u0173 modeliavimo palet\u0117, 5,3 g - MalinaShop.lt J\u016bs\u0173 sveikatai ir gro\u017eiui.","description":"MIA MAKEUP SET &amp; DEFINE EYEBROW PALETTE NOISETTE \u2014 antaki\u0173 modeliavimo palet\u0117 Tobulai formuoti, u\u017epildyti ir fiksuoti antakiai su viena palete \u2014 MIA MAKEUP...","robots":{"index":"index","follow":"follow","max-snippet":"max-snippet:-1","max-image-preview":"max-image-preview:large","max-video-preview":"max-video-preview:-1"},"canonical":"https:\/\/www.malinashop.lt\/lt_lt\/shop\/mia-makeup-set-define-eyebrow-palette-noisette-antakiu-modeliavimo-palete-53-g\/","og_locale":"lt_LT","og_type":"article","og_title":"MIA MAKEUP SET & DEFINE EYEBROW PALETTE NOISETTE antaki\u0173 modeliavimo palet\u0117, 5,3 g - MalinaShop.lt J\u016bs\u0173 sveikatai ir gro\u017eiui.","og_description":"MIA MAKEUP SET &amp; DEFINE EYEBROW PALETTE NOISETTE \u2014 antaki\u0173 modeliavimo palet\u0117 Tobulai formuoti, u\u017epildyti ir fiksuoti antakiai su viena palete \u2014 MIA MAKEUP...","og_url":"https:\/\/www.malinashop.lt\/lt_lt\/shop\/mia-makeup-set-define-eyebrow-palette-noisette-antakiu-modeliavimo-palete-53-g\/","og_site_name":"MalinaShop.lt J\u016bs\u0173 sveikatai ir gro\u017eiui.","article_modified_time":"2026-04-06T16:03:15+00:00","og_image":[{"width":388,"height":388,"url":"https:\/\/www.malinashop.lt\/wp-content\/uploads\/2024\/11\/mia-makeup-set-define-eyebrow-palette-noisette-antakiu-modeliavimo-palete-53-g-1.jpg","type":"image\/jpeg"}],"twitter_card":"summary_large_image","schema":{"@context":"https:\/\/schema.org","@graph":[{"@type":"WebPage","@id":"https:\/\/www.malinashop.lt\/shop\/mia-makeup-set-define-eyebrow-palette-noisette-antakiu-modeliavimo-palete-53-g\/","url":"https:\/\/www.malinashop.lt\/shop\/mia-makeup-set-define-eyebrow-palette-noisette-antakiu-modeliavimo-palete-53-g\/","name":"MIA MAKEUP SET & DEFINE EYEBROW PALETTE NOISETTE antaki\u0173 modeliavimo palet\u0117, 5,3 g - MalinaShop.lt J\u016bs\u0173 sveikatai ir gro\u017eiui.","isPartOf":{"@id":"https:\/\/www.malinashop.lt\/#website"},"primaryImageOfPage":{"@id":"https:\/\/www.malinashop.lt\/shop\/mia-makeup-set-define-eyebrow-palette-noisette-antakiu-modeliavimo-palete-53-g\/#primaryimage"},"image":{"@id":"https:\/\/www.malinashop.lt\/shop\/mia-makeup-set-define-eyebrow-palette-noisette-antakiu-modeliavimo-palete-53-g\/#primaryimage"},"thumbnailUrl":"https:\/\/www.malinashop.lt\/wp-content\/uploads\/2024\/11\/mia-makeup-set-define-eyebrow-palette-noisette-antakiu-modeliavimo-palete-53-g-1.jpg","datePublished":"2024-11-06T12:52:28+00:00","dateModified":"2026-04-06T16:03:15+00:00","description":"MIA MAKEUP SET &amp; DEFINE EYEBROW PALETTE NOISETTE \u2014 antaki\u0173 modeliavimo palet\u0117 Tobulai formuoti, u\u017epildyti ir fiksuoti antakiai su viena palete \u2014 MIA MAKEUP...","breadcrumb":{"@id":"https:\/\/www.malinashop.lt\/shop\/mia-makeup-set-define-eyebrow-palette-noisette-antakiu-modeliavimo-palete-53-g\/#breadcrumb"},"inLanguage":"lt-LT","potentialAction":[{"@type":"ReadAction","target":["https:\/\/www.malinashop.lt\/shop\/mia-makeup-set-define-eyebrow-palette-noisette-antakiu-modeliavimo-palete-53-g\/"]}]},{"@type":"ImageObject","inLanguage":"lt-LT","@id":"https:\/\/www.malinashop.lt\/shop\/mia-makeup-set-define-eyebrow-palette-noisette-antakiu-modeliavimo-palete-53-g\/#primaryimage","url":"https:\/\/www.malinashop.lt\/wp-content\/uploads\/2024\/11\/mia-makeup-set-define-eyebrow-palette-noisette-antakiu-modeliavimo-palete-53-g-1.jpg","contentUrl":"https:\/\/www.malinashop.lt\/wp-content\/uploads\/2024\/11\/mia-makeup-set-define-eyebrow-palette-noisette-antakiu-modeliavimo-palete-53-g-1.jpg","width":388,"height":388},{"@type":"BreadcrumbList","@id":"https:\/\/www.malinashop.lt\/shop\/mia-makeup-set-define-eyebrow-palette-noisette-antakiu-modeliavimo-palete-53-g\/#breadcrumb","itemListElement":[{"@type":"ListItem","position":1,"name":"Pagrindinis","item":"https:\/\/www.malinashop.lt\/"},{"@type":"ListItem","position":2,"name":"Parduotuv\u0117","item":"https:\/\/www.malinashop.lt\/en\/parduotuve\/"},{"@type":"ListItem","position":3,"name":"MIA MAKEUP SET &#038; DEFINE EYEBROW PALETTE NOISETTE antaki\u0173 modeliavimo palet\u0117, 5,3 g"}]},{"@type":"WebSite","@id":"https:\/\/www.malinashop.lt\/#website","url":"https:\/\/www.malinashop.lt\/","name":"COM Group Ecommerce","description":"MalinaShop.lt - Gro\u017eio ir sveikatos produktai i\u0161 patikim\u0173 preki\u0173 \u017eenkl\u0173. Atraskite auk\u0161tos kokyb\u0117s kosmetik\u0105 u\u017e puiki\u0105 kain\u0105.","publisher":{"@id":"https:\/\/www.malinashop.lt\/#organization"},"potentialAction":[{"@type":"SearchAction","target":{"@type":"EntryPoint","urlTemplate":"https:\/\/www.malinashop.lt\/?s={search_term_string}"},"query-input":{"@type":"PropertyValueSpecification","valueRequired":true,"valueName":"search_term_string"}}],"inLanguage":"lt-LT"},{"@type":"Organization","@id":"https:\/\/www.malinashop.lt\/#organization","name":"COM Group Ecommerce","url":"https:\/\/www.malinashop.lt\/","logo":{"@type":"ImageObject","inLanguage":"lt-LT","@id":"https:\/\/www.malinashop.lt\/#\/schema\/logo\/image\/","url":"https:\/\/www.malinashop.lt\/wp-content\/uploads\/2024\/08\/462559670_3787732518133670_9795632669273463_n-e1731525914575.png","contentUrl":"https:\/\/www.malinashop.lt\/wp-content\/uploads\/2024\/08\/462559670_3787732518133670_9795632669273463_n-e1731525914575.png","width":180,"height":60,"caption":"COM Group Ecommerce"},"image":{"@id":"https:\/\/www.malinashop.lt\/#\/schema\/logo\/image\/"}}]}},"jetpack_sharing_enabled":true,"_links":{"self":[{"href":"https:\/\/www.malinashop.lt\/lt_lt\/wp-json\/wp\/v2\/product\/19697","targetHints":{"allow":["GET"]}}],"collection":[{"href":"https:\/\/www.malinashop.lt\/lt_lt\/wp-json\/wp\/v2\/product"}],"about":[{"href":"https:\/\/www.malinashop.lt\/lt_lt\/wp-json\/wp\/v2\/types\/product"}],"version-history":[{"count":3,"href":"https:\/\/www.malinashop.lt\/lt_lt\/wp-json\/wp\/v2\/product\/19697\/revisions"}],"predecessor-version":[{"id":76348,"href":"https:\/\/www.malinashop.lt\/lt_lt\/wp-json\/wp\/v2\/product\/19697\/revisions\/76348"}],"wp:featuredmedia":[{"embeddable":true,"href":"https:\/\/www.malinashop.lt\/lt_lt\/wp-json\/wp\/v2\/media\/21197"}],"wp:attachment":[{"href":"https:\/\/www.malinashop.lt\/lt_lt\/wp-json\/wp\/v2\/media?parent=19697"}],"wp:term":[{"taxonomy":"product_brand","embeddable":true,"href":"https:\/\/www.malinashop.lt\/lt_lt\/wp-json\/wp\/v2\/product_brand?post=19697"},{"taxonomy":"product_cat","embeddable":true,"href":"https:\/\/www.malinashop.lt\/lt_lt\/wp-json\/wp\/v2\/product_cat?post=19697"},{"taxonomy":"product_tag","embeddable":true,"href":"https:\/\/www.malinashop.lt\/lt_lt\/wp-json\/wp\/v2\/product_tag?post=19697"}],"curies":[{"name":"wp","href":"https:\/\/api.w.org\/{rel}","templated":true}]}}