{"id":19691,"date":"2024-11-06T15:52:28","date_gmt":"2024-11-06T12:52:28","guid":{"rendered":"https:\/\/malinashop.lt\/produktas\/mia-makeup-soft-lips-soft-fuchsia-lupu-dazai-4-ml\/"},"modified":"2026-04-06T19:03:12","modified_gmt":"2026-04-06T16:03:12","slug":"mia-makeup-soft-lips-soft-fuchsia-lupu-dazai-4-ml","status":"publish","type":"product","link":"https:\/\/www.malinashop.lt\/lt_lt\/shop\/mia-makeup-soft-lips-soft-fuchsia-lupu-dazai-4-ml\/","title":{"rendered":"MIA MAKEUP SOFT LIPS SOFT FUCHSIA l\u016bp\u0173 da\u017eai, 4 ml"},"content":{"rendered":"<p>MIA MAKEUP l\u016bp\u0173 da\u017eai &#8222;SOFT LIPS&#8221; gausu augalinio sviesto, pasi\u017eymintys raminan\u010diomis ir dr\u0117kinan\u010diomis savyb\u0117mis. J\u0173 kremin\u0117 formul\u0117, kuri\u0105 papildo argano aliejus ir alavijas, maitina bei atkuria l\u016bp\u0173 dr\u0117gm\u0119, suteikdama \u0161velni\u0105 spalv\u0105. \u0160i\u0173 l\u016bp\u0173 da\u017e\u0173 tekst\u016bra yra maloni ir nelipni, puikiai tinka turin\u010dioms sausas ir skilin\u0117jan\u010dias l\u016bpas. &#8222;SOFT LIPS&#8221; l\u016bp\u0173 da\u017eai sukurti tam, kad suteikt\u0173 gaivi\u0105, nat\u016brali\u0105 i\u0161vaizd\u0105 ir b\u016bt\u0173 puikus pasirinkimas kasdieniam makia\u017eui.<\/p>\n","protected":false},"excerpt":{"rendered":"<p>MIA MAKEUP l\u016bp\u0173 da\u017eai &#8222;SOFT LIPS&#8221; gausu augalinio sviesto, pasi\u017eymintys raminan\u010diomis ir dr\u0117kinan\u010diomis savyb\u0117mis. J\u0173 kremin\u0117 formul\u0117, kuri\u0105 papildo argano aliejus ir alavijas, maitina bei atkuria l\u016bp\u0173 dr\u0117gm\u0119, suteikdama \u0161velni\u0105 spalv\u0105.<\/p>\n","protected":false},"featured_media":18442,"template":"","meta":[],"product_brand":[522],"product_cat":[102,708,533,728],"product_tag":[1633],"class_list":{"0":"post-19691","1":"product","2":"type-product","3":"status-publish","4":"has-post-thumbnail","6":"product_brand-mia-makeup","7":"product_cat-dekoratyvine-kosmetika","8":"product_cat-lupoms","9":"product_cat-lupu-dazai","10":"product_cat-veidui","11":"product_tag-mia-makeup","13":"first","14":"instock","15":"sale","16":"taxable","17":"shipping-taxable","18":"purchasable","19":"product-type-simple"},"yoast_head":"<!-- This site is optimized with the Yoast SEO plugin v27.4 - https:\/\/yoast.com\/product\/yoast-seo-wordpress\/ -->\n<title>MIA MAKEUP SOFT LIPS SOFT FUCHSIA l\u016bp\u0173 da\u017eai, 4 ml - MalinaShop.lt J\u016bs\u0173 sveikatai ir gro\u017eiui.<\/title>\n<meta name=\"description\" content=\"MIA MAKEUP l\u016bp\u0173 da\u017eai &quot;SOFT LIPS&quot; gausu augalinio sviesto, pasi\u017eymintys raminan\u010diomis ir dr\u0117kinan\u010diomis savyb\u0117mis. J\u0173 kremin\u0117 formul\u0117, kuri\u0105 papildo argano...\" \/>\n<meta name=\"robots\" content=\"index, follow, max-snippet:-1, max-image-preview:large, max-video-preview:-1\" \/>\n<link rel=\"canonical\" href=\"https:\/\/www.malinashop.lt\/lt_lt\/shop\/mia-makeup-soft-lips-soft-fuchsia-lupu-dazai-4-ml\/\" \/>\n<meta property=\"og:locale\" content=\"lt_LT\" \/>\n<meta property=\"og:type\" content=\"article\" \/>\n<meta property=\"og:title\" content=\"MIA MAKEUP SOFT LIPS SOFT FUCHSIA l\u016bp\u0173 da\u017eai, 4 ml - MalinaShop.lt J\u016bs\u0173 sveikatai ir gro\u017eiui.\" \/>\n<meta property=\"og:description\" content=\"MIA MAKEUP l\u016bp\u0173 da\u017eai &quot;SOFT LIPS&quot; gausu augalinio sviesto, pasi\u017eymintys raminan\u010diomis ir dr\u0117kinan\u010diomis savyb\u0117mis. J\u0173 kremin\u0117 formul\u0117, kuri\u0105 papildo argano...\" \/>\n<meta property=\"og:url\" content=\"https:\/\/www.malinashop.lt\/lt_lt\/shop\/mia-makeup-soft-lips-soft-fuchsia-lupu-dazai-4-ml\/\" \/>\n<meta property=\"og:site_name\" content=\"MalinaShop.lt J\u016bs\u0173 sveikatai ir gro\u017eiui.\" \/>\n<meta property=\"article:modified_time\" content=\"2026-04-06T16:03:12+00:00\" \/>\n<meta property=\"og:image\" content=\"https:\/\/www.malinashop.lt\/wp-content\/uploads\/2024\/11\/MIA-MAKEUP-SOFT-LIPS-SOFT-FUCHSIA-lupu-dazai-4-ml.jpg\" \/>\n\t<meta property=\"og:image:width\" content=\"1000\" \/>\n\t<meta property=\"og:image:height\" content=\"1000\" \/>\n\t<meta property=\"og:image:type\" content=\"image\/jpeg\" \/>\n<meta name=\"twitter:card\" content=\"summary_large_image\" \/>\n<script type=\"application\/ld+json\" class=\"yoast-schema-graph\">{\"@context\":\"https:\\\/\\\/schema.org\",\"@graph\":[{\"@type\":\"WebPage\",\"@id\":\"https:\\\/\\\/www.malinashop.lt\\\/en\\\/shop\\\/mia-makeup-soft-lips-soft-fuchsia-lupu-dazai-4-ml\\\/\",\"url\":\"https:\\\/\\\/www.malinashop.lt\\\/en\\\/shop\\\/mia-makeup-soft-lips-soft-fuchsia-lupu-dazai-4-ml\\\/\",\"name\":\"MIA MAKEUP SOFT LIPS SOFT FUCHSIA l\u016bp\u0173 da\u017eai, 4 ml - MalinaShop.lt J\u016bs\u0173 sveikatai ir gro\u017eiui.\",\"isPartOf\":{\"@id\":\"https:\\\/\\\/www.malinashop.lt\\\/#website\"},\"primaryImageOfPage\":{\"@id\":\"https:\\\/\\\/www.malinashop.lt\\\/en\\\/shop\\\/mia-makeup-soft-lips-soft-fuchsia-lupu-dazai-4-ml\\\/#primaryimage\"},\"image\":{\"@id\":\"https:\\\/\\\/www.malinashop.lt\\\/en\\\/shop\\\/mia-makeup-soft-lips-soft-fuchsia-lupu-dazai-4-ml\\\/#primaryimage\"},\"thumbnailUrl\":\"https:\\\/\\\/www.malinashop.lt\\\/wp-content\\\/uploads\\\/2024\\\/11\\\/MIA-MAKEUP-SOFT-LIPS-SOFT-FUCHSIA-lupu-dazai-4-ml.jpg\",\"datePublished\":\"2024-11-06T12:52:28+00:00\",\"dateModified\":\"2026-04-06T16:03:12+00:00\",\"description\":\"MIA MAKEUP l\u016bp\u0173 da\u017eai \\\"SOFT LIPS\\\" gausu augalinio sviesto, pasi\u017eymintys raminan\u010diomis ir dr\u0117kinan\u010diomis savyb\u0117mis. J\u0173 kremin\u0117 formul\u0117, kuri\u0105 papildo argano...\",\"breadcrumb\":{\"@id\":\"https:\\\/\\\/www.malinashop.lt\\\/en\\\/shop\\\/mia-makeup-soft-lips-soft-fuchsia-lupu-dazai-4-ml\\\/#breadcrumb\"},\"inLanguage\":\"lt-LT\",\"potentialAction\":[{\"@type\":\"ReadAction\",\"target\":[\"https:\\\/\\\/www.malinashop.lt\\\/en\\\/shop\\\/mia-makeup-soft-lips-soft-fuchsia-lupu-dazai-4-ml\\\/\"]}]},{\"@type\":\"ImageObject\",\"inLanguage\":\"lt-LT\",\"@id\":\"https:\\\/\\\/www.malinashop.lt\\\/en\\\/shop\\\/mia-makeup-soft-lips-soft-fuchsia-lupu-dazai-4-ml\\\/#primaryimage\",\"url\":\"https:\\\/\\\/www.malinashop.lt\\\/wp-content\\\/uploads\\\/2024\\\/11\\\/MIA-MAKEUP-SOFT-LIPS-SOFT-FUCHSIA-lupu-dazai-4-ml.jpg\",\"contentUrl\":\"https:\\\/\\\/www.malinashop.lt\\\/wp-content\\\/uploads\\\/2024\\\/11\\\/MIA-MAKEUP-SOFT-LIPS-SOFT-FUCHSIA-lupu-dazai-4-ml.jpg\",\"width\":1000,\"height\":1000},{\"@type\":\"BreadcrumbList\",\"@id\":\"https:\\\/\\\/www.malinashop.lt\\\/en\\\/shop\\\/mia-makeup-soft-lips-soft-fuchsia-lupu-dazai-4-ml\\\/#breadcrumb\",\"itemListElement\":[{\"@type\":\"ListItem\",\"position\":1,\"name\":\"Pagrindinis\",\"item\":\"https:\\\/\\\/www.malinashop.lt\\\/\"},{\"@type\":\"ListItem\",\"position\":2,\"name\":\"Parduotuv\u0117\",\"item\":\"https:\\\/\\\/www.malinashop.lt\\\/en\\\/parduotuve\\\/\"},{\"@type\":\"ListItem\",\"position\":3,\"name\":\"MIA MAKEUP SOFT LIPS SOFT FUCHSIA l\u016bp\u0173 da\u017eai, 4 ml\"}]},{\"@type\":\"WebSite\",\"@id\":\"https:\\\/\\\/www.malinashop.lt\\\/#website\",\"url\":\"https:\\\/\\\/www.malinashop.lt\\\/\",\"name\":\"COM Group Ecommerce\",\"description\":\"MalinaShop.lt - Gro\u017eio ir sveikatos produktai i\u0161 patikim\u0173 preki\u0173 \u017eenkl\u0173. Atraskite auk\u0161tos kokyb\u0117s kosmetik\u0105 u\u017e puiki\u0105 kain\u0105.\",\"publisher\":{\"@id\":\"https:\\\/\\\/www.malinashop.lt\\\/#organization\"},\"potentialAction\":[{\"@type\":\"SearchAction\",\"target\":{\"@type\":\"EntryPoint\",\"urlTemplate\":\"https:\\\/\\\/www.malinashop.lt\\\/?s={search_term_string}\"},\"query-input\":{\"@type\":\"PropertyValueSpecification\",\"valueRequired\":true,\"valueName\":\"search_term_string\"}}],\"inLanguage\":\"lt-LT\"},{\"@type\":\"Organization\",\"@id\":\"https:\\\/\\\/www.malinashop.lt\\\/#organization\",\"name\":\"COM Group Ecommerce\",\"url\":\"https:\\\/\\\/www.malinashop.lt\\\/\",\"logo\":{\"@type\":\"ImageObject\",\"inLanguage\":\"lt-LT\",\"@id\":\"https:\\\/\\\/www.malinashop.lt\\\/#\\\/schema\\\/logo\\\/image\\\/\",\"url\":\"https:\\\/\\\/www.malinashop.lt\\\/wp-content\\\/uploads\\\/2024\\\/08\\\/462559670_3787732518133670_9795632669273463_n-e1731525914575.png\",\"contentUrl\":\"https:\\\/\\\/www.malinashop.lt\\\/wp-content\\\/uploads\\\/2024\\\/08\\\/462559670_3787732518133670_9795632669273463_n-e1731525914575.png\",\"width\":180,\"height\":60,\"caption\":\"COM Group Ecommerce\"},\"image\":{\"@id\":\"https:\\\/\\\/www.malinashop.lt\\\/#\\\/schema\\\/logo\\\/image\\\/\"}}]}<\/script>\n<!-- \/ Yoast SEO plugin. -->","yoast_head_json":{"title":"MIA MAKEUP SOFT LIPS SOFT FUCHSIA l\u016bp\u0173 da\u017eai, 4 ml - MalinaShop.lt J\u016bs\u0173 sveikatai ir gro\u017eiui.","description":"MIA MAKEUP l\u016bp\u0173 da\u017eai \"SOFT LIPS\" gausu augalinio sviesto, pasi\u017eymintys raminan\u010diomis ir dr\u0117kinan\u010diomis savyb\u0117mis. J\u0173 kremin\u0117 formul\u0117, kuri\u0105 papildo argano...","robots":{"index":"index","follow":"follow","max-snippet":"max-snippet:-1","max-image-preview":"max-image-preview:large","max-video-preview":"max-video-preview:-1"},"canonical":"https:\/\/www.malinashop.lt\/lt_lt\/shop\/mia-makeup-soft-lips-soft-fuchsia-lupu-dazai-4-ml\/","og_locale":"lt_LT","og_type":"article","og_title":"MIA MAKEUP SOFT LIPS SOFT FUCHSIA l\u016bp\u0173 da\u017eai, 4 ml - MalinaShop.lt J\u016bs\u0173 sveikatai ir gro\u017eiui.","og_description":"MIA MAKEUP l\u016bp\u0173 da\u017eai \"SOFT LIPS\" gausu augalinio sviesto, pasi\u017eymintys raminan\u010diomis ir dr\u0117kinan\u010diomis savyb\u0117mis. J\u0173 kremin\u0117 formul\u0117, kuri\u0105 papildo argano...","og_url":"https:\/\/www.malinashop.lt\/lt_lt\/shop\/mia-makeup-soft-lips-soft-fuchsia-lupu-dazai-4-ml\/","og_site_name":"MalinaShop.lt J\u016bs\u0173 sveikatai ir gro\u017eiui.","article_modified_time":"2026-04-06T16:03:12+00:00","og_image":[{"width":1000,"height":1000,"url":"https:\/\/www.malinashop.lt\/wp-content\/uploads\/2024\/11\/MIA-MAKEUP-SOFT-LIPS-SOFT-FUCHSIA-lupu-dazai-4-ml.jpg","type":"image\/jpeg"}],"twitter_card":"summary_large_image","schema":{"@context":"https:\/\/schema.org","@graph":[{"@type":"WebPage","@id":"https:\/\/www.malinashop.lt\/en\/shop\/mia-makeup-soft-lips-soft-fuchsia-lupu-dazai-4-ml\/","url":"https:\/\/www.malinashop.lt\/en\/shop\/mia-makeup-soft-lips-soft-fuchsia-lupu-dazai-4-ml\/","name":"MIA MAKEUP SOFT LIPS SOFT FUCHSIA l\u016bp\u0173 da\u017eai, 4 ml - MalinaShop.lt J\u016bs\u0173 sveikatai ir gro\u017eiui.","isPartOf":{"@id":"https:\/\/www.malinashop.lt\/#website"},"primaryImageOfPage":{"@id":"https:\/\/www.malinashop.lt\/en\/shop\/mia-makeup-soft-lips-soft-fuchsia-lupu-dazai-4-ml\/#primaryimage"},"image":{"@id":"https:\/\/www.malinashop.lt\/en\/shop\/mia-makeup-soft-lips-soft-fuchsia-lupu-dazai-4-ml\/#primaryimage"},"thumbnailUrl":"https:\/\/www.malinashop.lt\/wp-content\/uploads\/2024\/11\/MIA-MAKEUP-SOFT-LIPS-SOFT-FUCHSIA-lupu-dazai-4-ml.jpg","datePublished":"2024-11-06T12:52:28+00:00","dateModified":"2026-04-06T16:03:12+00:00","description":"MIA MAKEUP l\u016bp\u0173 da\u017eai \"SOFT LIPS\" gausu augalinio sviesto, pasi\u017eymintys raminan\u010diomis ir dr\u0117kinan\u010diomis savyb\u0117mis. J\u0173 kremin\u0117 formul\u0117, kuri\u0105 papildo argano...","breadcrumb":{"@id":"https:\/\/www.malinashop.lt\/en\/shop\/mia-makeup-soft-lips-soft-fuchsia-lupu-dazai-4-ml\/#breadcrumb"},"inLanguage":"lt-LT","potentialAction":[{"@type":"ReadAction","target":["https:\/\/www.malinashop.lt\/en\/shop\/mia-makeup-soft-lips-soft-fuchsia-lupu-dazai-4-ml\/"]}]},{"@type":"ImageObject","inLanguage":"lt-LT","@id":"https:\/\/www.malinashop.lt\/en\/shop\/mia-makeup-soft-lips-soft-fuchsia-lupu-dazai-4-ml\/#primaryimage","url":"https:\/\/www.malinashop.lt\/wp-content\/uploads\/2024\/11\/MIA-MAKEUP-SOFT-LIPS-SOFT-FUCHSIA-lupu-dazai-4-ml.jpg","contentUrl":"https:\/\/www.malinashop.lt\/wp-content\/uploads\/2024\/11\/MIA-MAKEUP-SOFT-LIPS-SOFT-FUCHSIA-lupu-dazai-4-ml.jpg","width":1000,"height":1000},{"@type":"BreadcrumbList","@id":"https:\/\/www.malinashop.lt\/en\/shop\/mia-makeup-soft-lips-soft-fuchsia-lupu-dazai-4-ml\/#breadcrumb","itemListElement":[{"@type":"ListItem","position":1,"name":"Pagrindinis","item":"https:\/\/www.malinashop.lt\/"},{"@type":"ListItem","position":2,"name":"Parduotuv\u0117","item":"https:\/\/www.malinashop.lt\/en\/parduotuve\/"},{"@type":"ListItem","position":3,"name":"MIA MAKEUP SOFT LIPS SOFT FUCHSIA l\u016bp\u0173 da\u017eai, 4 ml"}]},{"@type":"WebSite","@id":"https:\/\/www.malinashop.lt\/#website","url":"https:\/\/www.malinashop.lt\/","name":"COM Group Ecommerce","description":"MalinaShop.lt - Gro\u017eio ir sveikatos produktai i\u0161 patikim\u0173 preki\u0173 \u017eenkl\u0173. Atraskite auk\u0161tos kokyb\u0117s kosmetik\u0105 u\u017e puiki\u0105 kain\u0105.","publisher":{"@id":"https:\/\/www.malinashop.lt\/#organization"},"potentialAction":[{"@type":"SearchAction","target":{"@type":"EntryPoint","urlTemplate":"https:\/\/www.malinashop.lt\/?s={search_term_string}"},"query-input":{"@type":"PropertyValueSpecification","valueRequired":true,"valueName":"search_term_string"}}],"inLanguage":"lt-LT"},{"@type":"Organization","@id":"https:\/\/www.malinashop.lt\/#organization","name":"COM Group Ecommerce","url":"https:\/\/www.malinashop.lt\/","logo":{"@type":"ImageObject","inLanguage":"lt-LT","@id":"https:\/\/www.malinashop.lt\/#\/schema\/logo\/image\/","url":"https:\/\/www.malinashop.lt\/wp-content\/uploads\/2024\/08\/462559670_3787732518133670_9795632669273463_n-e1731525914575.png","contentUrl":"https:\/\/www.malinashop.lt\/wp-content\/uploads\/2024\/08\/462559670_3787732518133670_9795632669273463_n-e1731525914575.png","width":180,"height":60,"caption":"COM Group Ecommerce"},"image":{"@id":"https:\/\/www.malinashop.lt\/#\/schema\/logo\/image\/"}}]}},"jetpack_sharing_enabled":true,"_links":{"self":[{"href":"https:\/\/www.malinashop.lt\/lt_lt\/wp-json\/wp\/v2\/product\/19691","targetHints":{"allow":["GET"]}}],"collection":[{"href":"https:\/\/www.malinashop.lt\/lt_lt\/wp-json\/wp\/v2\/product"}],"about":[{"href":"https:\/\/www.malinashop.lt\/lt_lt\/wp-json\/wp\/v2\/types\/product"}],"version-history":[{"count":2,"href":"https:\/\/www.malinashop.lt\/lt_lt\/wp-json\/wp\/v2\/product\/19691\/revisions"}],"predecessor-version":[{"id":76258,"href":"https:\/\/www.malinashop.lt\/lt_lt\/wp-json\/wp\/v2\/product\/19691\/revisions\/76258"}],"wp:featuredmedia":[{"embeddable":true,"href":"https:\/\/www.malinashop.lt\/lt_lt\/wp-json\/wp\/v2\/media\/18442"}],"wp:attachment":[{"href":"https:\/\/www.malinashop.lt\/lt_lt\/wp-json\/wp\/v2\/media?parent=19691"}],"wp:term":[{"taxonomy":"product_brand","embeddable":true,"href":"https:\/\/www.malinashop.lt\/lt_lt\/wp-json\/wp\/v2\/product_brand?post=19691"},{"taxonomy":"product_cat","embeddable":true,"href":"https:\/\/www.malinashop.lt\/lt_lt\/wp-json\/wp\/v2\/product_cat?post=19691"},{"taxonomy":"product_tag","embeddable":true,"href":"https:\/\/www.malinashop.lt\/lt_lt\/wp-json\/wp\/v2\/product_tag?post=19691"}],"curies":[{"name":"wp","href":"https:\/\/api.w.org\/{rel}","templated":true}]}}