{"id":19667,"date":"2024-11-06T15:52:22","date_gmt":"2024-11-06T12:52:22","guid":{"rendered":"https:\/\/malinashop.lt\/produktas\/mia-makeup-beyond-full-coverage-concealer-honey-maskuojamoji-priemone-20-ml\/"},"modified":"2026-04-06T19:03:07","modified_gmt":"2026-04-06T16:03:07","slug":"mia-makeup-beyond-full-coverage-concealer-honey-maskuojamoji-priemone-20-ml","status":"publish","type":"product","link":"https:\/\/www.malinashop.lt\/lt_lt\/shop\/mia-makeup-beyond-full-coverage-concealer-honey-maskuojamoji-priemone-20-ml\/","title":{"rendered":"MIA MAKEUP BEYOND FULL COVERAGE CONCEALER HONEY maskuojamoji priemon\u0117, 20 ml"},"content":{"rendered":"<p>MIA MAKEUP maskuojamoji priemon\u0117 yra i\u0161skirtinai gerai dengianti skysta maskuojamoji priemon\u0117, turinti naujovi\u0161k\u0105 formul\u0119. \u0160i priemon\u0117 puikiai maskuoja odos netobulumus ir tamsias d\u0117mes, tuo pa\u010diu praturtinta hialurono r\u016bg\u0161timi, kuri padeda kovoti su odos sen\u0117jimu. Maskuoklio tekst\u016bra lengvai formuojama, idealiai padengia, pary\u0161kina ir i\u0161lygina veido spalv\u0105, u\u017etikrindama profesional\u0173 ir nat\u016bral\u0173 rezultat\u0105. D\u0117l vandeniui atspari\u0173 komponent\u0173 \u0161i priemon\u0117 tinkama net pa\u010dioms ekstremaliausioms s\u0105lygoms ir tinka vis\u0173 tip\u0173 odai.<\/p>\n<p>Tepkite ant veido netobulum\u0173 prie\u0161 kremin\u0119 pudr\u0105, taip pat ant tamsi\u0173 paaki\u0173, aplink l\u016bpas ir nosies \u0161onus. Tepkite \u0161velniai pir\u0161t\u0173 galiukais arba makia\u017eo kempinele \u2013 blendreriu.<\/p>\n<p>Mes \u012fsipareigoj\u0119 tiekti tik auk\u0161tos kokyb\u0117s produktus, kurie tausot\u0173 j\u016bs\u0173 od\u0105 ir aplink\u0105. Naudojame tik kontroliuojamas ir sertifikuotas sudedam\u0105sias dalis, atitinkan\u010dias grie\u017etus ES reglamentus.<\/p>\n","protected":false},"excerpt":{"rendered":"<p>MIA MAKEUP maskuojamoji priemon\u0117 yra i\u0161skirtinai gerai dengianti skysta maskuojamoji priemon\u0117, turinti naujovi\u0161k\u0105 formul\u0119. \u0160i priemon\u0117 puikiai maskuoja odos netobulumus ir tamsias d\u0117mes, tuo pa\u010diu praturtinta hialurono r\u016bg\u0161timi, kuri padeda kovoti su odos sen\u0117jimu.<\/p>\n","protected":false},"featured_media":18218,"template":"","meta":[],"product_brand":[522],"product_cat":[102,798,728],"product_tag":[1633],"class_list":{"0":"post-19667","1":"product","2":"type-product","3":"status-publish","4":"has-post-thumbnail","6":"product_brand-mia-makeup","7":"product_cat-dekoratyvine-kosmetika","8":"product_cat-maskavimo-priemones","9":"product_cat-veidui","10":"product_tag-mia-makeup","12":"first","13":"outofstock","14":"sale","15":"taxable","16":"shipping-taxable","17":"purchasable","18":"product-type-simple"},"yoast_head":"<!-- This site is optimized with the Yoast SEO plugin v27.4 - https:\/\/yoast.com\/product\/yoast-seo-wordpress\/ -->\n<title>MIA MAKEUP BEYOND FULL COVERAGE CONCEALER HONEY maskuojamoji priemon\u0117, 20 ml - MalinaShop.lt J\u016bs\u0173 sveikatai ir gro\u017eiui.<\/title>\n<meta name=\"description\" content=\"MIA MAKEUP maskuojamoji priemon\u0117 yra i\u0161skirtinai gerai dengianti skysta maskuojamoji priemon\u0117, turinti naujovi\u0161k\u0105 formul\u0119. \u0160i priemon\u0117 puikiai maskuoja odos...\" \/>\n<meta name=\"robots\" content=\"index, follow, max-snippet:-1, max-image-preview:large, max-video-preview:-1\" \/>\n<link rel=\"canonical\" href=\"https:\/\/www.malinashop.lt\/lt_lt\/shop\/mia-makeup-beyond-full-coverage-concealer-honey-maskuojamoji-priemone-20-ml\/\" \/>\n<meta property=\"og:locale\" content=\"lt_LT\" \/>\n<meta property=\"og:type\" content=\"article\" \/>\n<meta property=\"og:title\" content=\"MIA MAKEUP BEYOND FULL COVERAGE CONCEALER HONEY maskuojamoji priemon\u0117, 20 ml - MalinaShop.lt J\u016bs\u0173 sveikatai ir gro\u017eiui.\" \/>\n<meta property=\"og:description\" content=\"MIA MAKEUP maskuojamoji priemon\u0117 yra i\u0161skirtinai gerai dengianti skysta maskuojamoji priemon\u0117, turinti naujovi\u0161k\u0105 formul\u0119. \u0160i priemon\u0117 puikiai maskuoja odos...\" \/>\n<meta property=\"og:url\" content=\"https:\/\/www.malinashop.lt\/lt_lt\/shop\/mia-makeup-beyond-full-coverage-concealer-honey-maskuojamoji-priemone-20-ml\/\" \/>\n<meta property=\"og:site_name\" content=\"MalinaShop.lt J\u016bs\u0173 sveikatai ir gro\u017eiui.\" \/>\n<meta property=\"article:modified_time\" content=\"2026-04-06T16:03:07+00:00\" \/>\n<meta property=\"og:image\" content=\"https:\/\/www.malinashop.lt\/wp-content\/uploads\/2024\/11\/MIA-MAKEUP-BEYOND-FULL-COVERAGE-CONCEALER-HONEY-maskuojamoji-priemone-20-ml.jpg\" \/>\n\t<meta property=\"og:image:width\" content=\"1000\" \/>\n\t<meta property=\"og:image:height\" content=\"1000\" \/>\n\t<meta property=\"og:image:type\" content=\"image\/jpeg\" \/>\n<meta name=\"twitter:card\" content=\"summary_large_image\" \/>\n<script type=\"application\/ld+json\" class=\"yoast-schema-graph\">{\"@context\":\"https:\\\/\\\/schema.org\",\"@graph\":[{\"@type\":\"WebPage\",\"@id\":\"https:\\\/\\\/www.malinashop.lt\\\/en\\\/shop\\\/mia-makeup-beyond-full-coverage-concealer-honey-maskuojamoji-priemone-20-ml\\\/\",\"url\":\"https:\\\/\\\/www.malinashop.lt\\\/en\\\/shop\\\/mia-makeup-beyond-full-coverage-concealer-honey-maskuojamoji-priemone-20-ml\\\/\",\"name\":\"MIA MAKEUP BEYOND FULL COVERAGE CONCEALER HONEY maskuojamoji priemon\u0117, 20 ml - MalinaShop.lt J\u016bs\u0173 sveikatai ir gro\u017eiui.\",\"isPartOf\":{\"@id\":\"https:\\\/\\\/www.malinashop.lt\\\/#website\"},\"primaryImageOfPage\":{\"@id\":\"https:\\\/\\\/www.malinashop.lt\\\/en\\\/shop\\\/mia-makeup-beyond-full-coverage-concealer-honey-maskuojamoji-priemone-20-ml\\\/#primaryimage\"},\"image\":{\"@id\":\"https:\\\/\\\/www.malinashop.lt\\\/en\\\/shop\\\/mia-makeup-beyond-full-coverage-concealer-honey-maskuojamoji-priemone-20-ml\\\/#primaryimage\"},\"thumbnailUrl\":\"https:\\\/\\\/www.malinashop.lt\\\/wp-content\\\/uploads\\\/2024\\\/11\\\/MIA-MAKEUP-BEYOND-FULL-COVERAGE-CONCEALER-HONEY-maskuojamoji-priemone-20-ml.jpg\",\"datePublished\":\"2024-11-06T12:52:22+00:00\",\"dateModified\":\"2026-04-06T16:03:07+00:00\",\"description\":\"MIA MAKEUP maskuojamoji priemon\u0117 yra i\u0161skirtinai gerai dengianti skysta maskuojamoji priemon\u0117, turinti naujovi\u0161k\u0105 formul\u0119. \u0160i priemon\u0117 puikiai maskuoja odos...\",\"breadcrumb\":{\"@id\":\"https:\\\/\\\/www.malinashop.lt\\\/en\\\/shop\\\/mia-makeup-beyond-full-coverage-concealer-honey-maskuojamoji-priemone-20-ml\\\/#breadcrumb\"},\"inLanguage\":\"lt-LT\",\"potentialAction\":[{\"@type\":\"ReadAction\",\"target\":[\"https:\\\/\\\/www.malinashop.lt\\\/en\\\/shop\\\/mia-makeup-beyond-full-coverage-concealer-honey-maskuojamoji-priemone-20-ml\\\/\"]}]},{\"@type\":\"ImageObject\",\"inLanguage\":\"lt-LT\",\"@id\":\"https:\\\/\\\/www.malinashop.lt\\\/en\\\/shop\\\/mia-makeup-beyond-full-coverage-concealer-honey-maskuojamoji-priemone-20-ml\\\/#primaryimage\",\"url\":\"https:\\\/\\\/www.malinashop.lt\\\/wp-content\\\/uploads\\\/2024\\\/11\\\/MIA-MAKEUP-BEYOND-FULL-COVERAGE-CONCEALER-HONEY-maskuojamoji-priemone-20-ml.jpg\",\"contentUrl\":\"https:\\\/\\\/www.malinashop.lt\\\/wp-content\\\/uploads\\\/2024\\\/11\\\/MIA-MAKEUP-BEYOND-FULL-COVERAGE-CONCEALER-HONEY-maskuojamoji-priemone-20-ml.jpg\",\"width\":1000,\"height\":1000},{\"@type\":\"BreadcrumbList\",\"@id\":\"https:\\\/\\\/www.malinashop.lt\\\/en\\\/shop\\\/mia-makeup-beyond-full-coverage-concealer-honey-maskuojamoji-priemone-20-ml\\\/#breadcrumb\",\"itemListElement\":[{\"@type\":\"ListItem\",\"position\":1,\"name\":\"Pagrindinis\",\"item\":\"https:\\\/\\\/www.malinashop.lt\\\/\"},{\"@type\":\"ListItem\",\"position\":2,\"name\":\"Parduotuv\u0117\",\"item\":\"https:\\\/\\\/www.malinashop.lt\\\/en\\\/parduotuve\\\/\"},{\"@type\":\"ListItem\",\"position\":3,\"name\":\"MIA MAKEUP BEYOND FULL COVERAGE CONCEALER HONEY maskuojamoji priemon\u0117, 20 ml\"}]},{\"@type\":\"WebSite\",\"@id\":\"https:\\\/\\\/www.malinashop.lt\\\/#website\",\"url\":\"https:\\\/\\\/www.malinashop.lt\\\/\",\"name\":\"COM Group Ecommerce\",\"description\":\"MalinaShop.lt - Gro\u017eio ir sveikatos produktai i\u0161 patikim\u0173 preki\u0173 \u017eenkl\u0173. Atraskite auk\u0161tos kokyb\u0117s kosmetik\u0105 u\u017e puiki\u0105 kain\u0105.\",\"publisher\":{\"@id\":\"https:\\\/\\\/www.malinashop.lt\\\/#organization\"},\"potentialAction\":[{\"@type\":\"SearchAction\",\"target\":{\"@type\":\"EntryPoint\",\"urlTemplate\":\"https:\\\/\\\/www.malinashop.lt\\\/?s={search_term_string}\"},\"query-input\":{\"@type\":\"PropertyValueSpecification\",\"valueRequired\":true,\"valueName\":\"search_term_string\"}}],\"inLanguage\":\"lt-LT\"},{\"@type\":\"Organization\",\"@id\":\"https:\\\/\\\/www.malinashop.lt\\\/#organization\",\"name\":\"COM Group Ecommerce\",\"url\":\"https:\\\/\\\/www.malinashop.lt\\\/\",\"logo\":{\"@type\":\"ImageObject\",\"inLanguage\":\"lt-LT\",\"@id\":\"https:\\\/\\\/www.malinashop.lt\\\/#\\\/schema\\\/logo\\\/image\\\/\",\"url\":\"https:\\\/\\\/www.malinashop.lt\\\/wp-content\\\/uploads\\\/2024\\\/08\\\/462559670_3787732518133670_9795632669273463_n-e1731525914575.png\",\"contentUrl\":\"https:\\\/\\\/www.malinashop.lt\\\/wp-content\\\/uploads\\\/2024\\\/08\\\/462559670_3787732518133670_9795632669273463_n-e1731525914575.png\",\"width\":180,\"height\":60,\"caption\":\"COM Group Ecommerce\"},\"image\":{\"@id\":\"https:\\\/\\\/www.malinashop.lt\\\/#\\\/schema\\\/logo\\\/image\\\/\"}}]}<\/script>\n<!-- \/ Yoast SEO plugin. -->","yoast_head_json":{"title":"MIA MAKEUP BEYOND FULL COVERAGE CONCEALER HONEY maskuojamoji priemon\u0117, 20 ml - MalinaShop.lt J\u016bs\u0173 sveikatai ir gro\u017eiui.","description":"MIA MAKEUP maskuojamoji priemon\u0117 yra i\u0161skirtinai gerai dengianti skysta maskuojamoji priemon\u0117, turinti naujovi\u0161k\u0105 formul\u0119. \u0160i priemon\u0117 puikiai maskuoja odos...","robots":{"index":"index","follow":"follow","max-snippet":"max-snippet:-1","max-image-preview":"max-image-preview:large","max-video-preview":"max-video-preview:-1"},"canonical":"https:\/\/www.malinashop.lt\/lt_lt\/shop\/mia-makeup-beyond-full-coverage-concealer-honey-maskuojamoji-priemone-20-ml\/","og_locale":"lt_LT","og_type":"article","og_title":"MIA MAKEUP BEYOND FULL COVERAGE CONCEALER HONEY maskuojamoji priemon\u0117, 20 ml - MalinaShop.lt J\u016bs\u0173 sveikatai ir gro\u017eiui.","og_description":"MIA MAKEUP maskuojamoji priemon\u0117 yra i\u0161skirtinai gerai dengianti skysta maskuojamoji priemon\u0117, turinti naujovi\u0161k\u0105 formul\u0119. \u0160i priemon\u0117 puikiai maskuoja odos...","og_url":"https:\/\/www.malinashop.lt\/lt_lt\/shop\/mia-makeup-beyond-full-coverage-concealer-honey-maskuojamoji-priemone-20-ml\/","og_site_name":"MalinaShop.lt J\u016bs\u0173 sveikatai ir gro\u017eiui.","article_modified_time":"2026-04-06T16:03:07+00:00","og_image":[{"width":1000,"height":1000,"url":"https:\/\/www.malinashop.lt\/wp-content\/uploads\/2024\/11\/MIA-MAKEUP-BEYOND-FULL-COVERAGE-CONCEALER-HONEY-maskuojamoji-priemone-20-ml.jpg","type":"image\/jpeg"}],"twitter_card":"summary_large_image","schema":{"@context":"https:\/\/schema.org","@graph":[{"@type":"WebPage","@id":"https:\/\/www.malinashop.lt\/en\/shop\/mia-makeup-beyond-full-coverage-concealer-honey-maskuojamoji-priemone-20-ml\/","url":"https:\/\/www.malinashop.lt\/en\/shop\/mia-makeup-beyond-full-coverage-concealer-honey-maskuojamoji-priemone-20-ml\/","name":"MIA MAKEUP BEYOND FULL COVERAGE CONCEALER HONEY maskuojamoji priemon\u0117, 20 ml - MalinaShop.lt J\u016bs\u0173 sveikatai ir gro\u017eiui.","isPartOf":{"@id":"https:\/\/www.malinashop.lt\/#website"},"primaryImageOfPage":{"@id":"https:\/\/www.malinashop.lt\/en\/shop\/mia-makeup-beyond-full-coverage-concealer-honey-maskuojamoji-priemone-20-ml\/#primaryimage"},"image":{"@id":"https:\/\/www.malinashop.lt\/en\/shop\/mia-makeup-beyond-full-coverage-concealer-honey-maskuojamoji-priemone-20-ml\/#primaryimage"},"thumbnailUrl":"https:\/\/www.malinashop.lt\/wp-content\/uploads\/2024\/11\/MIA-MAKEUP-BEYOND-FULL-COVERAGE-CONCEALER-HONEY-maskuojamoji-priemone-20-ml.jpg","datePublished":"2024-11-06T12:52:22+00:00","dateModified":"2026-04-06T16:03:07+00:00","description":"MIA MAKEUP maskuojamoji priemon\u0117 yra i\u0161skirtinai gerai dengianti skysta maskuojamoji priemon\u0117, turinti naujovi\u0161k\u0105 formul\u0119. \u0160i priemon\u0117 puikiai maskuoja odos...","breadcrumb":{"@id":"https:\/\/www.malinashop.lt\/en\/shop\/mia-makeup-beyond-full-coverage-concealer-honey-maskuojamoji-priemone-20-ml\/#breadcrumb"},"inLanguage":"lt-LT","potentialAction":[{"@type":"ReadAction","target":["https:\/\/www.malinashop.lt\/en\/shop\/mia-makeup-beyond-full-coverage-concealer-honey-maskuojamoji-priemone-20-ml\/"]}]},{"@type":"ImageObject","inLanguage":"lt-LT","@id":"https:\/\/www.malinashop.lt\/en\/shop\/mia-makeup-beyond-full-coverage-concealer-honey-maskuojamoji-priemone-20-ml\/#primaryimage","url":"https:\/\/www.malinashop.lt\/wp-content\/uploads\/2024\/11\/MIA-MAKEUP-BEYOND-FULL-COVERAGE-CONCEALER-HONEY-maskuojamoji-priemone-20-ml.jpg","contentUrl":"https:\/\/www.malinashop.lt\/wp-content\/uploads\/2024\/11\/MIA-MAKEUP-BEYOND-FULL-COVERAGE-CONCEALER-HONEY-maskuojamoji-priemone-20-ml.jpg","width":1000,"height":1000},{"@type":"BreadcrumbList","@id":"https:\/\/www.malinashop.lt\/en\/shop\/mia-makeup-beyond-full-coverage-concealer-honey-maskuojamoji-priemone-20-ml\/#breadcrumb","itemListElement":[{"@type":"ListItem","position":1,"name":"Pagrindinis","item":"https:\/\/www.malinashop.lt\/"},{"@type":"ListItem","position":2,"name":"Parduotuv\u0117","item":"https:\/\/www.malinashop.lt\/en\/parduotuve\/"},{"@type":"ListItem","position":3,"name":"MIA MAKEUP BEYOND FULL COVERAGE CONCEALER HONEY maskuojamoji priemon\u0117, 20 ml"}]},{"@type":"WebSite","@id":"https:\/\/www.malinashop.lt\/#website","url":"https:\/\/www.malinashop.lt\/","name":"COM Group Ecommerce","description":"MalinaShop.lt - Gro\u017eio ir sveikatos produktai i\u0161 patikim\u0173 preki\u0173 \u017eenkl\u0173. Atraskite auk\u0161tos kokyb\u0117s kosmetik\u0105 u\u017e puiki\u0105 kain\u0105.","publisher":{"@id":"https:\/\/www.malinashop.lt\/#organization"},"potentialAction":[{"@type":"SearchAction","target":{"@type":"EntryPoint","urlTemplate":"https:\/\/www.malinashop.lt\/?s={search_term_string}"},"query-input":{"@type":"PropertyValueSpecification","valueRequired":true,"valueName":"search_term_string"}}],"inLanguage":"lt-LT"},{"@type":"Organization","@id":"https:\/\/www.malinashop.lt\/#organization","name":"COM Group Ecommerce","url":"https:\/\/www.malinashop.lt\/","logo":{"@type":"ImageObject","inLanguage":"lt-LT","@id":"https:\/\/www.malinashop.lt\/#\/schema\/logo\/image\/","url":"https:\/\/www.malinashop.lt\/wp-content\/uploads\/2024\/08\/462559670_3787732518133670_9795632669273463_n-e1731525914575.png","contentUrl":"https:\/\/www.malinashop.lt\/wp-content\/uploads\/2024\/08\/462559670_3787732518133670_9795632669273463_n-e1731525914575.png","width":180,"height":60,"caption":"COM Group Ecommerce"},"image":{"@id":"https:\/\/www.malinashop.lt\/#\/schema\/logo\/image\/"}}]}},"jetpack_sharing_enabled":true,"_links":{"self":[{"href":"https:\/\/www.malinashop.lt\/lt_lt\/wp-json\/wp\/v2\/product\/19667","targetHints":{"allow":["GET"]}}],"collection":[{"href":"https:\/\/www.malinashop.lt\/lt_lt\/wp-json\/wp\/v2\/product"}],"about":[{"href":"https:\/\/www.malinashop.lt\/lt_lt\/wp-json\/wp\/v2\/types\/product"}],"version-history":[{"count":2,"href":"https:\/\/www.malinashop.lt\/lt_lt\/wp-json\/wp\/v2\/product\/19667\/revisions"}],"predecessor-version":[{"id":76246,"href":"https:\/\/www.malinashop.lt\/lt_lt\/wp-json\/wp\/v2\/product\/19667\/revisions\/76246"}],"wp:featuredmedia":[{"embeddable":true,"href":"https:\/\/www.malinashop.lt\/lt_lt\/wp-json\/wp\/v2\/media\/18218"}],"wp:attachment":[{"href":"https:\/\/www.malinashop.lt\/lt_lt\/wp-json\/wp\/v2\/media?parent=19667"}],"wp:term":[{"taxonomy":"product_brand","embeddable":true,"href":"https:\/\/www.malinashop.lt\/lt_lt\/wp-json\/wp\/v2\/product_brand?post=19667"},{"taxonomy":"product_cat","embeddable":true,"href":"https:\/\/www.malinashop.lt\/lt_lt\/wp-json\/wp\/v2\/product_cat?post=19667"},{"taxonomy":"product_tag","embeddable":true,"href":"https:\/\/www.malinashop.lt\/lt_lt\/wp-json\/wp\/v2\/product_tag?post=19667"}],"curies":[{"name":"wp","href":"https:\/\/api.w.org\/{rel}","templated":true}]}}