{"id":19655,"date":"2024-11-06T15:52:22","date_gmt":"2024-11-06T12:52:22","guid":{"rendered":"https:\/\/malinashop.lt\/produktas\/mia-makeup-bb-secret-cream-12-bb-veido-kremas-su-atspalviu-30-ml-2\/"},"modified":"2026-04-06T19:03:03","modified_gmt":"2026-04-06T16:03:03","slug":"mia-makeup-bb-secret-cream-12-bb-veido-kremas-su-atspalviu-30-ml-2","status":"publish","type":"product","link":"https:\/\/www.malinashop.lt\/lt_lt\/shop\/mia-makeup-bb-secret-cream-12-bb-veido-kremas-su-atspalviu-30-ml-2\/","title":{"rendered":"MIA MAKEUP BB SECRET CREAM 12 BB veido k\u2026"},"content":{"rendered":"<p>MIA MAKEUP BB veido kremas atspalviu &#8211; puikus pasirinkimas tiems, kurie m\u0117gsta nat\u016bral\u0173 makia\u017e\u0105. Tai idealus pagrindas norintiems greitai ir lengvai atlikti kasdien\u0119 gro\u017eio rutin\u0105. BB kremas lygina odos spalv\u0105, suma\u017eina netobulumus ir dr\u0117kina od\u0105. Jo unikali daugiafunkcin\u0117 formul\u0117, pagaminta pagal kremo pagrind\u0105, praturtinta mikrokapsuliuotais pigmentais, puikiai prisitaiko prie odos tono, suteikiant nat\u016bral\u0173 rezultat\u0105. Patogus dozatorius u\u017etikrina efektyv\u0173 produkto naudojim\u0105, o beoris buteliukas u\u017etikrina puik\u0173 produkto i\u0161silaikym\u0105.<\/p>\n<p>Puikiai tinka tiems, kurie siekia sudr\u0117kintos ir tolygios odos, bei labai nat\u016bralaus rezultato.<\/p>\n<p>Naudojimas: tepkite \u0161velniai pir\u0161t\u0173 galiukais ant \u0161varios veido odos.<\/p>\n<p>Patarimas: MIA MAKEUP BB veido kremas atspalviu taip pat gali b\u016bti naudojamas ant bet kurios k\u016bno vietos norint suteikti tolygesn\u012f odos atspalv\u012f ir lengvai pamaskuoti.<\/p>\n","protected":false},"excerpt":{"rendered":"<p>MIA MAKEUP BB veido kremas atspalviu &#8211; puikus pasirinkimas tiems, kurie m\u0117gsta nat\u016bral\u0173 makia\u017e\u0105. Tai idealus pagrindas norintiems greitai ir lengvai atlikti kasdien\u0119 gro\u017eio rutin\u0105. BB kremas lygina odos spalv\u0105, suma\u017eina netobulumus ir dr\u0117kina od\u0105.<\/p>\n","protected":false},"featured_media":18212,"template":"","meta":[],"product_brand":[522],"product_cat":[186,102,728],"product_tag":[1633],"class_list":{"0":"post-19655","1":"product","2":"type-product","3":"status-publish","4":"has-post-thumbnail","6":"product_brand-mia-makeup","7":"product_cat-bb-ir-cc-kremai","8":"product_cat-dekoratyvine-kosmetika","9":"product_cat-veidui","10":"product_tag-mia-makeup","12":"first","13":"instock","14":"sale","15":"taxable","16":"shipping-taxable","17":"purchasable","18":"product-type-simple"},"yoast_head":"<!-- This site is optimized with the Yoast SEO plugin v27.4 - https:\/\/yoast.com\/product\/yoast-seo-wordpress\/ -->\n<title>MIA MAKEUP BB SECRET CREAM 12 BB veido k\u2026 - MalinaShop.lt J\u016bs\u0173 sveikatai ir gro\u017eiui.<\/title>\n<meta name=\"description\" content=\"MIA MAKEUP BB veido kremas atspalviu - puikus pasirinkimas tiems, kurie m\u0117gsta nat\u016bral\u0173 makia\u017e\u0105. Tai idealus pagrindas norintiems greitai ir lengvai atlikti...\" \/>\n<meta name=\"robots\" content=\"index, follow, max-snippet:-1, max-image-preview:large, max-video-preview:-1\" \/>\n<link rel=\"canonical\" href=\"https:\/\/www.malinashop.lt\/lt_lt\/shop\/mia-makeup-bb-secret-cream-12-bb-veido-kremas-su-atspalviu-30-ml-2\/\" \/>\n<meta property=\"og:locale\" content=\"lt_LT\" \/>\n<meta property=\"og:type\" content=\"article\" \/>\n<meta property=\"og:title\" content=\"MIA MAKEUP BB SECRET CREAM 12 BB veido k\u2026 - MalinaShop.lt J\u016bs\u0173 sveikatai ir gro\u017eiui.\" \/>\n<meta property=\"og:description\" content=\"MIA MAKEUP BB veido kremas atspalviu - puikus pasirinkimas tiems, kurie m\u0117gsta nat\u016bral\u0173 makia\u017e\u0105. Tai idealus pagrindas norintiems greitai ir lengvai atlikti...\" \/>\n<meta property=\"og:url\" content=\"https:\/\/www.malinashop.lt\/lt_lt\/shop\/mia-makeup-bb-secret-cream-12-bb-veido-kremas-su-atspalviu-30-ml-2\/\" \/>\n<meta property=\"og:site_name\" content=\"MalinaShop.lt J\u016bs\u0173 sveikatai ir gro\u017eiui.\" \/>\n<meta property=\"article:modified_time\" content=\"2026-04-06T16:03:03+00:00\" \/>\n<meta property=\"og:image\" content=\"https:\/\/www.malinashop.lt\/wp-content\/uploads\/2024\/11\/MIA-MAKEUP-BB-SECRET-CREAM-12-BB-veido-kremas-su-atspalviu-30-ml.jpg\" \/>\n\t<meta property=\"og:image:width\" content=\"1000\" \/>\n\t<meta property=\"og:image:height\" content=\"1000\" \/>\n\t<meta property=\"og:image:type\" content=\"image\/jpeg\" \/>\n<meta name=\"twitter:card\" content=\"summary_large_image\" \/>\n<script type=\"application\/ld+json\" class=\"yoast-schema-graph\">{\"@context\":\"https:\\\/\\\/schema.org\",\"@graph\":[{\"@type\":\"WebPage\",\"@id\":\"https:\\\/\\\/www.malinashop.lt\\\/lt_lt\\\/shop\\\/mia-makeup-bb-secret-cream-12-bb-veido-kremas-su-atspalviu-30-ml-2\\\/\",\"url\":\"https:\\\/\\\/www.malinashop.lt\\\/lt_lt\\\/shop\\\/mia-makeup-bb-secret-cream-12-bb-veido-kremas-su-atspalviu-30-ml-2\\\/\",\"name\":\"MIA MAKEUP BB SECRET CREAM 12 BB veido k\u2026 - MalinaShop.lt J\u016bs\u0173 sveikatai ir gro\u017eiui.\",\"isPartOf\":{\"@id\":\"https:\\\/\\\/www.malinashop.lt\\\/#website\"},\"primaryImageOfPage\":{\"@id\":\"https:\\\/\\\/www.malinashop.lt\\\/lt_lt\\\/shop\\\/mia-makeup-bb-secret-cream-12-bb-veido-kremas-su-atspalviu-30-ml-2\\\/#primaryimage\"},\"image\":{\"@id\":\"https:\\\/\\\/www.malinashop.lt\\\/lt_lt\\\/shop\\\/mia-makeup-bb-secret-cream-12-bb-veido-kremas-su-atspalviu-30-ml-2\\\/#primaryimage\"},\"thumbnailUrl\":\"https:\\\/\\\/www.malinashop.lt\\\/wp-content\\\/uploads\\\/2024\\\/11\\\/MIA-MAKEUP-BB-SECRET-CREAM-12-BB-veido-kremas-su-atspalviu-30-ml.jpg\",\"datePublished\":\"2024-11-06T12:52:22+00:00\",\"dateModified\":\"2026-04-06T16:03:03+00:00\",\"description\":\"MIA MAKEUP BB veido kremas atspalviu - puikus pasirinkimas tiems, kurie m\u0117gsta nat\u016bral\u0173 makia\u017e\u0105. Tai idealus pagrindas norintiems greitai ir lengvai atlikti...\",\"breadcrumb\":{\"@id\":\"https:\\\/\\\/www.malinashop.lt\\\/lt_lt\\\/shop\\\/mia-makeup-bb-secret-cream-12-bb-veido-kremas-su-atspalviu-30-ml-2\\\/#breadcrumb\"},\"inLanguage\":\"lt-LT\",\"potentialAction\":[{\"@type\":\"ReadAction\",\"target\":[\"https:\\\/\\\/www.malinashop.lt\\\/lt_lt\\\/shop\\\/mia-makeup-bb-secret-cream-12-bb-veido-kremas-su-atspalviu-30-ml-2\\\/\"]}]},{\"@type\":\"ImageObject\",\"inLanguage\":\"lt-LT\",\"@id\":\"https:\\\/\\\/www.malinashop.lt\\\/lt_lt\\\/shop\\\/mia-makeup-bb-secret-cream-12-bb-veido-kremas-su-atspalviu-30-ml-2\\\/#primaryimage\",\"url\":\"https:\\\/\\\/www.malinashop.lt\\\/wp-content\\\/uploads\\\/2024\\\/11\\\/MIA-MAKEUP-BB-SECRET-CREAM-12-BB-veido-kremas-su-atspalviu-30-ml.jpg\",\"contentUrl\":\"https:\\\/\\\/www.malinashop.lt\\\/wp-content\\\/uploads\\\/2024\\\/11\\\/MIA-MAKEUP-BB-SECRET-CREAM-12-BB-veido-kremas-su-atspalviu-30-ml.jpg\",\"width\":1000,\"height\":1000},{\"@type\":\"BreadcrumbList\",\"@id\":\"https:\\\/\\\/www.malinashop.lt\\\/lt_lt\\\/shop\\\/mia-makeup-bb-secret-cream-12-bb-veido-kremas-su-atspalviu-30-ml-2\\\/#breadcrumb\",\"itemListElement\":[{\"@type\":\"ListItem\",\"position\":1,\"name\":\"Pagrindinis\",\"item\":\"https:\\\/\\\/www.malinashop.lt\\\/\"},{\"@type\":\"ListItem\",\"position\":2,\"name\":\"Parduotuv\u0117\",\"item\":\"https:\\\/\\\/www.malinashop.lt\\\/en\\\/parduotuve\\\/\"},{\"@type\":\"ListItem\",\"position\":3,\"name\":\"MIA MAKEUP BB SECRET CREAM 12 BB veido k\u2026\"}]},{\"@type\":\"WebSite\",\"@id\":\"https:\\\/\\\/www.malinashop.lt\\\/#website\",\"url\":\"https:\\\/\\\/www.malinashop.lt\\\/\",\"name\":\"COM Group Ecommerce\",\"description\":\"MalinaShop.lt - Gro\u017eio ir sveikatos produktai i\u0161 patikim\u0173 preki\u0173 \u017eenkl\u0173. Atraskite auk\u0161tos kokyb\u0117s kosmetik\u0105 u\u017e puiki\u0105 kain\u0105.\",\"publisher\":{\"@id\":\"https:\\\/\\\/www.malinashop.lt\\\/#organization\"},\"potentialAction\":[{\"@type\":\"SearchAction\",\"target\":{\"@type\":\"EntryPoint\",\"urlTemplate\":\"https:\\\/\\\/www.malinashop.lt\\\/?s={search_term_string}\"},\"query-input\":{\"@type\":\"PropertyValueSpecification\",\"valueRequired\":true,\"valueName\":\"search_term_string\"}}],\"inLanguage\":\"lt-LT\"},{\"@type\":\"Organization\",\"@id\":\"https:\\\/\\\/www.malinashop.lt\\\/#organization\",\"name\":\"COM Group Ecommerce\",\"url\":\"https:\\\/\\\/www.malinashop.lt\\\/\",\"logo\":{\"@type\":\"ImageObject\",\"inLanguage\":\"lt-LT\",\"@id\":\"https:\\\/\\\/www.malinashop.lt\\\/#\\\/schema\\\/logo\\\/image\\\/\",\"url\":\"https:\\\/\\\/www.malinashop.lt\\\/wp-content\\\/uploads\\\/2024\\\/08\\\/462559670_3787732518133670_9795632669273463_n-e1731525914575.png\",\"contentUrl\":\"https:\\\/\\\/www.malinashop.lt\\\/wp-content\\\/uploads\\\/2024\\\/08\\\/462559670_3787732518133670_9795632669273463_n-e1731525914575.png\",\"width\":180,\"height\":60,\"caption\":\"COM Group Ecommerce\"},\"image\":{\"@id\":\"https:\\\/\\\/www.malinashop.lt\\\/#\\\/schema\\\/logo\\\/image\\\/\"}}]}<\/script>\n<!-- \/ Yoast SEO plugin. -->","yoast_head_json":{"title":"MIA MAKEUP BB SECRET CREAM 12 BB veido k\u2026 - MalinaShop.lt J\u016bs\u0173 sveikatai ir gro\u017eiui.","description":"MIA MAKEUP BB veido kremas atspalviu - puikus pasirinkimas tiems, kurie m\u0117gsta nat\u016bral\u0173 makia\u017e\u0105. Tai idealus pagrindas norintiems greitai ir lengvai atlikti...","robots":{"index":"index","follow":"follow","max-snippet":"max-snippet:-1","max-image-preview":"max-image-preview:large","max-video-preview":"max-video-preview:-1"},"canonical":"https:\/\/www.malinashop.lt\/lt_lt\/shop\/mia-makeup-bb-secret-cream-12-bb-veido-kremas-su-atspalviu-30-ml-2\/","og_locale":"lt_LT","og_type":"article","og_title":"MIA MAKEUP BB SECRET CREAM 12 BB veido k\u2026 - MalinaShop.lt J\u016bs\u0173 sveikatai ir gro\u017eiui.","og_description":"MIA MAKEUP BB veido kremas atspalviu - puikus pasirinkimas tiems, kurie m\u0117gsta nat\u016bral\u0173 makia\u017e\u0105. Tai idealus pagrindas norintiems greitai ir lengvai atlikti...","og_url":"https:\/\/www.malinashop.lt\/lt_lt\/shop\/mia-makeup-bb-secret-cream-12-bb-veido-kremas-su-atspalviu-30-ml-2\/","og_site_name":"MalinaShop.lt J\u016bs\u0173 sveikatai ir gro\u017eiui.","article_modified_time":"2026-04-06T16:03:03+00:00","og_image":[{"width":1000,"height":1000,"url":"https:\/\/www.malinashop.lt\/wp-content\/uploads\/2024\/11\/MIA-MAKEUP-BB-SECRET-CREAM-12-BB-veido-kremas-su-atspalviu-30-ml.jpg","type":"image\/jpeg"}],"twitter_card":"summary_large_image","schema":{"@context":"https:\/\/schema.org","@graph":[{"@type":"WebPage","@id":"https:\/\/www.malinashop.lt\/lt_lt\/shop\/mia-makeup-bb-secret-cream-12-bb-veido-kremas-su-atspalviu-30-ml-2\/","url":"https:\/\/www.malinashop.lt\/lt_lt\/shop\/mia-makeup-bb-secret-cream-12-bb-veido-kremas-su-atspalviu-30-ml-2\/","name":"MIA MAKEUP BB SECRET CREAM 12 BB veido k\u2026 - MalinaShop.lt J\u016bs\u0173 sveikatai ir gro\u017eiui.","isPartOf":{"@id":"https:\/\/www.malinashop.lt\/#website"},"primaryImageOfPage":{"@id":"https:\/\/www.malinashop.lt\/lt_lt\/shop\/mia-makeup-bb-secret-cream-12-bb-veido-kremas-su-atspalviu-30-ml-2\/#primaryimage"},"image":{"@id":"https:\/\/www.malinashop.lt\/lt_lt\/shop\/mia-makeup-bb-secret-cream-12-bb-veido-kremas-su-atspalviu-30-ml-2\/#primaryimage"},"thumbnailUrl":"https:\/\/www.malinashop.lt\/wp-content\/uploads\/2024\/11\/MIA-MAKEUP-BB-SECRET-CREAM-12-BB-veido-kremas-su-atspalviu-30-ml.jpg","datePublished":"2024-11-06T12:52:22+00:00","dateModified":"2026-04-06T16:03:03+00:00","description":"MIA MAKEUP BB veido kremas atspalviu - puikus pasirinkimas tiems, kurie m\u0117gsta nat\u016bral\u0173 makia\u017e\u0105. Tai idealus pagrindas norintiems greitai ir lengvai atlikti...","breadcrumb":{"@id":"https:\/\/www.malinashop.lt\/lt_lt\/shop\/mia-makeup-bb-secret-cream-12-bb-veido-kremas-su-atspalviu-30-ml-2\/#breadcrumb"},"inLanguage":"lt-LT","potentialAction":[{"@type":"ReadAction","target":["https:\/\/www.malinashop.lt\/lt_lt\/shop\/mia-makeup-bb-secret-cream-12-bb-veido-kremas-su-atspalviu-30-ml-2\/"]}]},{"@type":"ImageObject","inLanguage":"lt-LT","@id":"https:\/\/www.malinashop.lt\/lt_lt\/shop\/mia-makeup-bb-secret-cream-12-bb-veido-kremas-su-atspalviu-30-ml-2\/#primaryimage","url":"https:\/\/www.malinashop.lt\/wp-content\/uploads\/2024\/11\/MIA-MAKEUP-BB-SECRET-CREAM-12-BB-veido-kremas-su-atspalviu-30-ml.jpg","contentUrl":"https:\/\/www.malinashop.lt\/wp-content\/uploads\/2024\/11\/MIA-MAKEUP-BB-SECRET-CREAM-12-BB-veido-kremas-su-atspalviu-30-ml.jpg","width":1000,"height":1000},{"@type":"BreadcrumbList","@id":"https:\/\/www.malinashop.lt\/lt_lt\/shop\/mia-makeup-bb-secret-cream-12-bb-veido-kremas-su-atspalviu-30-ml-2\/#breadcrumb","itemListElement":[{"@type":"ListItem","position":1,"name":"Pagrindinis","item":"https:\/\/www.malinashop.lt\/"},{"@type":"ListItem","position":2,"name":"Parduotuv\u0117","item":"https:\/\/www.malinashop.lt\/en\/parduotuve\/"},{"@type":"ListItem","position":3,"name":"MIA MAKEUP BB SECRET CREAM 12 BB veido k\u2026"}]},{"@type":"WebSite","@id":"https:\/\/www.malinashop.lt\/#website","url":"https:\/\/www.malinashop.lt\/","name":"COM Group Ecommerce","description":"MalinaShop.lt - Gro\u017eio ir sveikatos produktai i\u0161 patikim\u0173 preki\u0173 \u017eenkl\u0173. Atraskite auk\u0161tos kokyb\u0117s kosmetik\u0105 u\u017e puiki\u0105 kain\u0105.","publisher":{"@id":"https:\/\/www.malinashop.lt\/#organization"},"potentialAction":[{"@type":"SearchAction","target":{"@type":"EntryPoint","urlTemplate":"https:\/\/www.malinashop.lt\/?s={search_term_string}"},"query-input":{"@type":"PropertyValueSpecification","valueRequired":true,"valueName":"search_term_string"}}],"inLanguage":"lt-LT"},{"@type":"Organization","@id":"https:\/\/www.malinashop.lt\/#organization","name":"COM Group Ecommerce","url":"https:\/\/www.malinashop.lt\/","logo":{"@type":"ImageObject","inLanguage":"lt-LT","@id":"https:\/\/www.malinashop.lt\/#\/schema\/logo\/image\/","url":"https:\/\/www.malinashop.lt\/wp-content\/uploads\/2024\/08\/462559670_3787732518133670_9795632669273463_n-e1731525914575.png","contentUrl":"https:\/\/www.malinashop.lt\/wp-content\/uploads\/2024\/08\/462559670_3787732518133670_9795632669273463_n-e1731525914575.png","width":180,"height":60,"caption":"COM Group Ecommerce"},"image":{"@id":"https:\/\/www.malinashop.lt\/#\/schema\/logo\/image\/"}}]}},"jetpack_sharing_enabled":true,"_links":{"self":[{"href":"https:\/\/www.malinashop.lt\/lt_lt\/wp-json\/wp\/v2\/product\/19655","targetHints":{"allow":["GET"]}}],"collection":[{"href":"https:\/\/www.malinashop.lt\/lt_lt\/wp-json\/wp\/v2\/product"}],"about":[{"href":"https:\/\/www.malinashop.lt\/lt_lt\/wp-json\/wp\/v2\/types\/product"}],"version-history":[{"count":4,"href":"https:\/\/www.malinashop.lt\/lt_lt\/wp-json\/wp\/v2\/product\/19655\/revisions"}],"predecessor-version":[{"id":76240,"href":"https:\/\/www.malinashop.lt\/lt_lt\/wp-json\/wp\/v2\/product\/19655\/revisions\/76240"}],"wp:featuredmedia":[{"embeddable":true,"href":"https:\/\/www.malinashop.lt\/lt_lt\/wp-json\/wp\/v2\/media\/18212"}],"wp:attachment":[{"href":"https:\/\/www.malinashop.lt\/lt_lt\/wp-json\/wp\/v2\/media?parent=19655"}],"wp:term":[{"taxonomy":"product_brand","embeddable":true,"href":"https:\/\/www.malinashop.lt\/lt_lt\/wp-json\/wp\/v2\/product_brand?post=19655"},{"taxonomy":"product_cat","embeddable":true,"href":"https:\/\/www.malinashop.lt\/lt_lt\/wp-json\/wp\/v2\/product_cat?post=19655"},{"taxonomy":"product_tag","embeddable":true,"href":"https:\/\/www.malinashop.lt\/lt_lt\/wp-json\/wp\/v2\/product_tag?post=19655"}],"curies":[{"name":"wp","href":"https:\/\/api.w.org\/{rel}","templated":true}]}}