{"id":19619,"date":"2024-11-06T15:52:17","date_gmt":"2024-11-06T12:52:17","guid":{"rendered":"https:\/\/malinashop.lt\/produktas\/mia-makeup-slimmy-brow-03-noisette-itin-plonas-antakiu-piestukas-30-ml\/"},"modified":"2026-04-06T19:02:52","modified_gmt":"2026-04-06T16:02:52","slug":"mia-makeup-slimmy-brow-03-noisette-itin-plonas-antakiu-piestukas-30-ml","status":"publish","type":"product","link":"https:\/\/www.malinashop.lt\/lt_lt\/shop\/mia-makeup-slimmy-brow-03-noisette-itin-plonas-antakiu-piestukas-30-ml\/","title":{"rendered":"MIA MAKEUP SLIMMY BROW 03 NOISETTE itin plonas antaki\u0173 pie\u0161tukas, 30 ml"},"content":{"rendered":"<p>MIA MAKEUP itin plonas antaki\u0173 pie\u0161tukas SLIMMY BROW apgaubia net ir ploniausius antaki\u0173 plaukelius, suteikdamas nat\u016bral\u0173 \u012fvaizd\u012f. Jo tikslus antgalis leid\u017eia lengvai padengti tarpus ir u\u017epildyti netolygumus. U\u017ebaikite formavim\u0105 su specialiu \u0161epet\u0117liu, i\u0161\u0161ukuodami antakius, kad sulygintum\u0117te spalv\u0105. D\u0117l patogios i\u0161sukamos pakuot\u0117s pie\u0161tuko nereikia dro\u017eti.<\/p>\n<p>Kaip naudoti: Nubr\u0117\u017ekite norim\u0105 antakio kont\u016br\u0105, tada \u0161velniais br\u016bk\u0161tel\u0117jimais u\u017epildykite antak\u012f, pary\u0161kinkite ir suteikite jam form\u0105. Galiausiai, perbraukite per antakius \u0161epet\u0117liu, kad su\u0161velnintum\u0117te linijas ir i\u0161gautum\u0117te nat\u016bral\u0173 efekt\u0105.<\/p>\n","protected":false},"excerpt":{"rendered":"<p>MIA MAKEUP itin plonas antaki\u0173 pie\u0161tukas SLIMMY BROW apgaubia net ir ploniausius antaki\u0173 plaukelius, suteikdamas nat\u016bral\u0173 \u012fvaizd\u012f. Jo tikslus antgalis leid\u017eia lengvai padengti tarpus ir u\u017epildyti netolygumus.<\/p>\n","protected":false},"featured_media":21230,"template":"","meta":[],"product_brand":[522],"product_cat":[102,805,728],"product_tag":[1633],"class_list":{"0":"post-19619","1":"product","2":"type-product","3":"status-publish","4":"has-post-thumbnail","6":"product_brand-mia-makeup","7":"product_cat-dekoratyvine-kosmetika","8":"product_cat-priemones-antakiams","9":"product_cat-veidui","10":"product_tag-mia-makeup","12":"first","13":"instock","14":"sale","15":"taxable","16":"shipping-taxable","17":"purchasable","18":"product-type-simple"},"yoast_head":"<!-- This site is optimized with the Yoast SEO plugin v27.4 - https:\/\/yoast.com\/product\/yoast-seo-wordpress\/ -->\n<title>MIA MAKEUP SLIMMY BROW 03 NOISETTE itin plonas antaki\u0173 pie\u0161tukas, 30 ml - MalinaShop.lt J\u016bs\u0173 sveikatai ir gro\u017eiui.<\/title>\n<meta name=\"description\" content=\"MIA MAKEUP itin plonas antaki\u0173 pie\u0161tukas SLIMMY BROW apgaubia net ir ploniausius antaki\u0173 plaukelius, suteikdamas nat\u016bral\u0173 \u012fvaizd\u012f. Jo tikslus antgalis...\" \/>\n<meta name=\"robots\" content=\"index, follow, max-snippet:-1, max-image-preview:large, max-video-preview:-1\" \/>\n<link rel=\"canonical\" href=\"https:\/\/www.malinashop.lt\/lt_lt\/shop\/mia-makeup-slimmy-brow-03-noisette-itin-plonas-antakiu-piestukas-30-ml\/\" \/>\n<meta property=\"og:locale\" content=\"lt_LT\" \/>\n<meta property=\"og:type\" content=\"article\" \/>\n<meta property=\"og:title\" content=\"MIA MAKEUP SLIMMY BROW 03 NOISETTE itin plonas antaki\u0173 pie\u0161tukas, 30 ml - MalinaShop.lt J\u016bs\u0173 sveikatai ir gro\u017eiui.\" \/>\n<meta property=\"og:description\" content=\"MIA MAKEUP itin plonas antaki\u0173 pie\u0161tukas SLIMMY BROW apgaubia net ir ploniausius antaki\u0173 plaukelius, suteikdamas nat\u016bral\u0173 \u012fvaizd\u012f. Jo tikslus antgalis...\" \/>\n<meta property=\"og:url\" content=\"https:\/\/www.malinashop.lt\/lt_lt\/shop\/mia-makeup-slimmy-brow-03-noisette-itin-plonas-antakiu-piestukas-30-ml\/\" \/>\n<meta property=\"og:site_name\" content=\"MalinaShop.lt J\u016bs\u0173 sveikatai ir gro\u017eiui.\" \/>\n<meta property=\"article:modified_time\" content=\"2026-04-06T16:02:52+00:00\" \/>\n<meta property=\"og:image\" content=\"https:\/\/www.malinashop.lt\/wp-content\/uploads\/2024\/11\/mia-makeup-slimmy-brow-03-noisette-itin-plonas-antakiu-piestukas-30-ml-1-1.jpg\" \/>\n\t<meta property=\"og:image:width\" content=\"388\" \/>\n\t<meta property=\"og:image:height\" content=\"388\" \/>\n\t<meta property=\"og:image:type\" content=\"image\/jpeg\" \/>\n<meta name=\"twitter:card\" content=\"summary_large_image\" \/>\n<script type=\"application\/ld+json\" class=\"yoast-schema-graph\">{\"@context\":\"https:\\\/\\\/schema.org\",\"@graph\":[{\"@type\":\"WebPage\",\"@id\":\"https:\\\/\\\/www.malinashop.lt\\\/shop\\\/mia-makeup-slimmy-brow-03-noisette-itin-plonas-antakiu-piestukas-30-ml\\\/\",\"url\":\"https:\\\/\\\/www.malinashop.lt\\\/shop\\\/mia-makeup-slimmy-brow-03-noisette-itin-plonas-antakiu-piestukas-30-ml\\\/\",\"name\":\"MIA MAKEUP SLIMMY BROW 03 NOISETTE itin plonas antaki\u0173 pie\u0161tukas, 30 ml - MalinaShop.lt J\u016bs\u0173 sveikatai ir gro\u017eiui.\",\"isPartOf\":{\"@id\":\"https:\\\/\\\/www.malinashop.lt\\\/#website\"},\"primaryImageOfPage\":{\"@id\":\"https:\\\/\\\/www.malinashop.lt\\\/shop\\\/mia-makeup-slimmy-brow-03-noisette-itin-plonas-antakiu-piestukas-30-ml\\\/#primaryimage\"},\"image\":{\"@id\":\"https:\\\/\\\/www.malinashop.lt\\\/shop\\\/mia-makeup-slimmy-brow-03-noisette-itin-plonas-antakiu-piestukas-30-ml\\\/#primaryimage\"},\"thumbnailUrl\":\"https:\\\/\\\/www.malinashop.lt\\\/wp-content\\\/uploads\\\/2024\\\/11\\\/mia-makeup-slimmy-brow-03-noisette-itin-plonas-antakiu-piestukas-30-ml-1-1.jpg\",\"datePublished\":\"2024-11-06T12:52:17+00:00\",\"dateModified\":\"2026-04-06T16:02:52+00:00\",\"description\":\"MIA MAKEUP itin plonas antaki\u0173 pie\u0161tukas SLIMMY BROW apgaubia net ir ploniausius antaki\u0173 plaukelius, suteikdamas nat\u016bral\u0173 \u012fvaizd\u012f. Jo tikslus antgalis...\",\"breadcrumb\":{\"@id\":\"https:\\\/\\\/www.malinashop.lt\\\/shop\\\/mia-makeup-slimmy-brow-03-noisette-itin-plonas-antakiu-piestukas-30-ml\\\/#breadcrumb\"},\"inLanguage\":\"lt-LT\",\"potentialAction\":[{\"@type\":\"ReadAction\",\"target\":[\"https:\\\/\\\/www.malinashop.lt\\\/shop\\\/mia-makeup-slimmy-brow-03-noisette-itin-plonas-antakiu-piestukas-30-ml\\\/\"]}]},{\"@type\":\"ImageObject\",\"inLanguage\":\"lt-LT\",\"@id\":\"https:\\\/\\\/www.malinashop.lt\\\/shop\\\/mia-makeup-slimmy-brow-03-noisette-itin-plonas-antakiu-piestukas-30-ml\\\/#primaryimage\",\"url\":\"https:\\\/\\\/www.malinashop.lt\\\/wp-content\\\/uploads\\\/2024\\\/11\\\/mia-makeup-slimmy-brow-03-noisette-itin-plonas-antakiu-piestukas-30-ml-1-1.jpg\",\"contentUrl\":\"https:\\\/\\\/www.malinashop.lt\\\/wp-content\\\/uploads\\\/2024\\\/11\\\/mia-makeup-slimmy-brow-03-noisette-itin-plonas-antakiu-piestukas-30-ml-1-1.jpg\",\"width\":388,\"height\":388},{\"@type\":\"BreadcrumbList\",\"@id\":\"https:\\\/\\\/www.malinashop.lt\\\/shop\\\/mia-makeup-slimmy-brow-03-noisette-itin-plonas-antakiu-piestukas-30-ml\\\/#breadcrumb\",\"itemListElement\":[{\"@type\":\"ListItem\",\"position\":1,\"name\":\"Pagrindinis\",\"item\":\"https:\\\/\\\/www.malinashop.lt\\\/\"},{\"@type\":\"ListItem\",\"position\":2,\"name\":\"Parduotuv\u0117\",\"item\":\"https:\\\/\\\/www.malinashop.lt\\\/en\\\/parduotuve\\\/\"},{\"@type\":\"ListItem\",\"position\":3,\"name\":\"MIA MAKEUP SLIMMY BROW 03 NOISETTE itin plonas antaki\u0173 pie\u0161tukas, 30 ml\"}]},{\"@type\":\"WebSite\",\"@id\":\"https:\\\/\\\/www.malinashop.lt\\\/#website\",\"url\":\"https:\\\/\\\/www.malinashop.lt\\\/\",\"name\":\"COM Group Ecommerce\",\"description\":\"MalinaShop.lt - Gro\u017eio ir sveikatos produktai i\u0161 patikim\u0173 preki\u0173 \u017eenkl\u0173. Atraskite auk\u0161tos kokyb\u0117s kosmetik\u0105 u\u017e puiki\u0105 kain\u0105.\",\"publisher\":{\"@id\":\"https:\\\/\\\/www.malinashop.lt\\\/#organization\"},\"potentialAction\":[{\"@type\":\"SearchAction\",\"target\":{\"@type\":\"EntryPoint\",\"urlTemplate\":\"https:\\\/\\\/www.malinashop.lt\\\/?s={search_term_string}\"},\"query-input\":{\"@type\":\"PropertyValueSpecification\",\"valueRequired\":true,\"valueName\":\"search_term_string\"}}],\"inLanguage\":\"lt-LT\"},{\"@type\":\"Organization\",\"@id\":\"https:\\\/\\\/www.malinashop.lt\\\/#organization\",\"name\":\"COM Group Ecommerce\",\"url\":\"https:\\\/\\\/www.malinashop.lt\\\/\",\"logo\":{\"@type\":\"ImageObject\",\"inLanguage\":\"lt-LT\",\"@id\":\"https:\\\/\\\/www.malinashop.lt\\\/#\\\/schema\\\/logo\\\/image\\\/\",\"url\":\"https:\\\/\\\/www.malinashop.lt\\\/wp-content\\\/uploads\\\/2024\\\/08\\\/462559670_3787732518133670_9795632669273463_n-e1731525914575.png\",\"contentUrl\":\"https:\\\/\\\/www.malinashop.lt\\\/wp-content\\\/uploads\\\/2024\\\/08\\\/462559670_3787732518133670_9795632669273463_n-e1731525914575.png\",\"width\":180,\"height\":60,\"caption\":\"COM Group Ecommerce\"},\"image\":{\"@id\":\"https:\\\/\\\/www.malinashop.lt\\\/#\\\/schema\\\/logo\\\/image\\\/\"}}]}<\/script>\n<!-- \/ Yoast SEO plugin. -->","yoast_head_json":{"title":"MIA MAKEUP SLIMMY BROW 03 NOISETTE itin plonas antaki\u0173 pie\u0161tukas, 30 ml - MalinaShop.lt J\u016bs\u0173 sveikatai ir gro\u017eiui.","description":"MIA MAKEUP itin plonas antaki\u0173 pie\u0161tukas SLIMMY BROW apgaubia net ir ploniausius antaki\u0173 plaukelius, suteikdamas nat\u016bral\u0173 \u012fvaizd\u012f. Jo tikslus antgalis...","robots":{"index":"index","follow":"follow","max-snippet":"max-snippet:-1","max-image-preview":"max-image-preview:large","max-video-preview":"max-video-preview:-1"},"canonical":"https:\/\/www.malinashop.lt\/lt_lt\/shop\/mia-makeup-slimmy-brow-03-noisette-itin-plonas-antakiu-piestukas-30-ml\/","og_locale":"lt_LT","og_type":"article","og_title":"MIA MAKEUP SLIMMY BROW 03 NOISETTE itin plonas antaki\u0173 pie\u0161tukas, 30 ml - MalinaShop.lt J\u016bs\u0173 sveikatai ir gro\u017eiui.","og_description":"MIA MAKEUP itin plonas antaki\u0173 pie\u0161tukas SLIMMY BROW apgaubia net ir ploniausius antaki\u0173 plaukelius, suteikdamas nat\u016bral\u0173 \u012fvaizd\u012f. Jo tikslus antgalis...","og_url":"https:\/\/www.malinashop.lt\/lt_lt\/shop\/mia-makeup-slimmy-brow-03-noisette-itin-plonas-antakiu-piestukas-30-ml\/","og_site_name":"MalinaShop.lt J\u016bs\u0173 sveikatai ir gro\u017eiui.","article_modified_time":"2026-04-06T16:02:52+00:00","og_image":[{"width":388,"height":388,"url":"https:\/\/www.malinashop.lt\/wp-content\/uploads\/2024\/11\/mia-makeup-slimmy-brow-03-noisette-itin-plonas-antakiu-piestukas-30-ml-1-1.jpg","type":"image\/jpeg"}],"twitter_card":"summary_large_image","schema":{"@context":"https:\/\/schema.org","@graph":[{"@type":"WebPage","@id":"https:\/\/www.malinashop.lt\/shop\/mia-makeup-slimmy-brow-03-noisette-itin-plonas-antakiu-piestukas-30-ml\/","url":"https:\/\/www.malinashop.lt\/shop\/mia-makeup-slimmy-brow-03-noisette-itin-plonas-antakiu-piestukas-30-ml\/","name":"MIA MAKEUP SLIMMY BROW 03 NOISETTE itin plonas antaki\u0173 pie\u0161tukas, 30 ml - MalinaShop.lt J\u016bs\u0173 sveikatai ir gro\u017eiui.","isPartOf":{"@id":"https:\/\/www.malinashop.lt\/#website"},"primaryImageOfPage":{"@id":"https:\/\/www.malinashop.lt\/shop\/mia-makeup-slimmy-brow-03-noisette-itin-plonas-antakiu-piestukas-30-ml\/#primaryimage"},"image":{"@id":"https:\/\/www.malinashop.lt\/shop\/mia-makeup-slimmy-brow-03-noisette-itin-plonas-antakiu-piestukas-30-ml\/#primaryimage"},"thumbnailUrl":"https:\/\/www.malinashop.lt\/wp-content\/uploads\/2024\/11\/mia-makeup-slimmy-brow-03-noisette-itin-plonas-antakiu-piestukas-30-ml-1-1.jpg","datePublished":"2024-11-06T12:52:17+00:00","dateModified":"2026-04-06T16:02:52+00:00","description":"MIA MAKEUP itin plonas antaki\u0173 pie\u0161tukas SLIMMY BROW apgaubia net ir ploniausius antaki\u0173 plaukelius, suteikdamas nat\u016bral\u0173 \u012fvaizd\u012f. Jo tikslus antgalis...","breadcrumb":{"@id":"https:\/\/www.malinashop.lt\/shop\/mia-makeup-slimmy-brow-03-noisette-itin-plonas-antakiu-piestukas-30-ml\/#breadcrumb"},"inLanguage":"lt-LT","potentialAction":[{"@type":"ReadAction","target":["https:\/\/www.malinashop.lt\/shop\/mia-makeup-slimmy-brow-03-noisette-itin-plonas-antakiu-piestukas-30-ml\/"]}]},{"@type":"ImageObject","inLanguage":"lt-LT","@id":"https:\/\/www.malinashop.lt\/shop\/mia-makeup-slimmy-brow-03-noisette-itin-plonas-antakiu-piestukas-30-ml\/#primaryimage","url":"https:\/\/www.malinashop.lt\/wp-content\/uploads\/2024\/11\/mia-makeup-slimmy-brow-03-noisette-itin-plonas-antakiu-piestukas-30-ml-1-1.jpg","contentUrl":"https:\/\/www.malinashop.lt\/wp-content\/uploads\/2024\/11\/mia-makeup-slimmy-brow-03-noisette-itin-plonas-antakiu-piestukas-30-ml-1-1.jpg","width":388,"height":388},{"@type":"BreadcrumbList","@id":"https:\/\/www.malinashop.lt\/shop\/mia-makeup-slimmy-brow-03-noisette-itin-plonas-antakiu-piestukas-30-ml\/#breadcrumb","itemListElement":[{"@type":"ListItem","position":1,"name":"Pagrindinis","item":"https:\/\/www.malinashop.lt\/"},{"@type":"ListItem","position":2,"name":"Parduotuv\u0117","item":"https:\/\/www.malinashop.lt\/en\/parduotuve\/"},{"@type":"ListItem","position":3,"name":"MIA MAKEUP SLIMMY BROW 03 NOISETTE itin plonas antaki\u0173 pie\u0161tukas, 30 ml"}]},{"@type":"WebSite","@id":"https:\/\/www.malinashop.lt\/#website","url":"https:\/\/www.malinashop.lt\/","name":"COM Group Ecommerce","description":"MalinaShop.lt - Gro\u017eio ir sveikatos produktai i\u0161 patikim\u0173 preki\u0173 \u017eenkl\u0173. Atraskite auk\u0161tos kokyb\u0117s kosmetik\u0105 u\u017e puiki\u0105 kain\u0105.","publisher":{"@id":"https:\/\/www.malinashop.lt\/#organization"},"potentialAction":[{"@type":"SearchAction","target":{"@type":"EntryPoint","urlTemplate":"https:\/\/www.malinashop.lt\/?s={search_term_string}"},"query-input":{"@type":"PropertyValueSpecification","valueRequired":true,"valueName":"search_term_string"}}],"inLanguage":"lt-LT"},{"@type":"Organization","@id":"https:\/\/www.malinashop.lt\/#organization","name":"COM Group Ecommerce","url":"https:\/\/www.malinashop.lt\/","logo":{"@type":"ImageObject","inLanguage":"lt-LT","@id":"https:\/\/www.malinashop.lt\/#\/schema\/logo\/image\/","url":"https:\/\/www.malinashop.lt\/wp-content\/uploads\/2024\/08\/462559670_3787732518133670_9795632669273463_n-e1731525914575.png","contentUrl":"https:\/\/www.malinashop.lt\/wp-content\/uploads\/2024\/08\/462559670_3787732518133670_9795632669273463_n-e1731525914575.png","width":180,"height":60,"caption":"COM Group Ecommerce"},"image":{"@id":"https:\/\/www.malinashop.lt\/#\/schema\/logo\/image\/"}}]}},"jetpack_sharing_enabled":true,"_links":{"self":[{"href":"https:\/\/www.malinashop.lt\/lt_lt\/wp-json\/wp\/v2\/product\/19619","targetHints":{"allow":["GET"]}}],"collection":[{"href":"https:\/\/www.malinashop.lt\/lt_lt\/wp-json\/wp\/v2\/product"}],"about":[{"href":"https:\/\/www.malinashop.lt\/lt_lt\/wp-json\/wp\/v2\/types\/product"}],"version-history":[{"count":2,"href":"https:\/\/www.malinashop.lt\/lt_lt\/wp-json\/wp\/v2\/product\/19619\/revisions"}],"predecessor-version":[{"id":76222,"href":"https:\/\/www.malinashop.lt\/lt_lt\/wp-json\/wp\/v2\/product\/19619\/revisions\/76222"}],"wp:featuredmedia":[{"embeddable":true,"href":"https:\/\/www.malinashop.lt\/lt_lt\/wp-json\/wp\/v2\/media\/21230"}],"wp:attachment":[{"href":"https:\/\/www.malinashop.lt\/lt_lt\/wp-json\/wp\/v2\/media?parent=19619"}],"wp:term":[{"taxonomy":"product_brand","embeddable":true,"href":"https:\/\/www.malinashop.lt\/lt_lt\/wp-json\/wp\/v2\/product_brand?post=19619"},{"taxonomy":"product_cat","embeddable":true,"href":"https:\/\/www.malinashop.lt\/lt_lt\/wp-json\/wp\/v2\/product_cat?post=19619"},{"taxonomy":"product_tag","embeddable":true,"href":"https:\/\/www.malinashop.lt\/lt_lt\/wp-json\/wp\/v2\/product_tag?post=19619"}],"curies":[{"name":"wp","href":"https:\/\/api.w.org\/{rel}","templated":true}]}}