{"id":19617,"date":"2024-11-06T15:52:17","date_gmt":"2024-11-06T12:52:17","guid":{"rendered":"https:\/\/malinashop.lt\/produktas\/mia-makeup-slimmy-brow-04-chocolate-itin-plonas-antakiu-piestukas-30-ml\/"},"modified":"2026-04-06T19:02:51","modified_gmt":"2026-04-06T16:02:51","slug":"mia-makeup-slimmy-brow-04-chocolate-itin-plonas-antakiu-piestukas-30-ml","status":"publish","type":"product","link":"https:\/\/www.malinashop.lt\/lt_lt\/shop\/mia-makeup-slimmy-brow-04-chocolate-itin-plonas-antakiu-piestukas-30-ml\/","title":{"rendered":"MIA MAKEUP SLIMMY BROW 04 CHOCOLATE itin plonas antaki\u0173 pie\u0161tukas, 30 ml"},"content":{"rendered":"<p><strong>MIA MAKEUP Itin plonas antaki\u0173 pie\u0161tukas SLIMMY BROW<\/strong><\/p>\n<p><strong>Produkto apra\u0161ymas:<\/strong> MIA MAKEUP Slimmy Brow antaki\u0173 pie\u0161tukas yra puikus \u012frankis norint sukurti nat\u016bral\u0173, ta\u010diau precizi\u0161kai apibr\u0117\u017et\u0105 antaki\u0173 \u012fvaizd\u012f. D\u0117l itin plono antgalio, \u0161is pie\u0161tukas apgaubia net ir ploniausius antaki\u0173 plaukelius, suteikdamas jiems sodri\u0105 spalv\u0105 ir intensyvum\u0105. Lengvai u\u017epildo tarpus ir netolygumus, o specialus \u0161epet\u0117lis leid\u017eia su\u0161velninti linijas ir sukurti nat\u016bral\u0173 efekt\u0105, kad atrodytum\u0117te taip, lyg j\u016bs\u0173 antakiai b\u016bt\u0173 nat\u016braliai tobuli.<\/p>\n<p><strong>Pagrindin\u0117s savyb\u0117s:<\/strong><\/p>\n<ul>\n<li><strong>Itin plonas antgalis:<\/strong> leid\u017eia sukurti nat\u016braliai atrodant\u012f antaki\u0173 \u012fvaizd\u012f, net ir ploniausiems plaukeliams.<\/li>\n<li><strong>Patogus \u0161epet\u0117lis:<\/strong> padeda su\u0161velninti linijas ir u\u017etikrina nat\u016bral\u0173, tolyg\u0173 rezultat\u0105.<\/li>\n<li><strong>Lengvas naudojimas:<\/strong> n\u0117ra reikalo dro\u017eti pie\u0161tuko \u2013 tiesiog i\u0161sukite ir naudokite.<\/li>\n<li><strong>Patogi i\u0161sukama pakuot\u0117:<\/strong> u\u017etikrina lengv\u0105 naudojim\u0105 be r\u016bpes\u010di\u0173.<\/li>\n<\/ul>\n<p><strong>Kaip naudoti:<\/strong><\/p>\n<ol>\n<li>Naudodami pie\u0161tuko antgal\u012f, nubr\u0117\u017ekite norim\u0105 antakio kont\u016br\u0105, kad sukurtum\u0117te ai\u0161kias linijas.<\/li>\n<li>\u0160velniais br\u016bk\u0161tel\u0117jimais u\u017epildykite antak\u012f, sutvarkydami netolygumus ir pary\u0161kindami plaukus.<\/li>\n<li>Galiausiai, su specialiu \u0161epet\u0117liu perbraukite per antakius, kad su\u0161velnintum\u0117te linijas ir pasiektum\u0117te nat\u016bral\u0173, lengv\u0105 efekt\u0105.<\/li>\n<\/ol>\n<p><strong>Rezultatas:<\/strong> Gra\u017eiai suformuoti, nat\u016bral\u016bs antakiai, kurie atrodys pilni ir apibr\u0117\u017eti be per didelio dirbtinumo, suteikiantys veidui tvarking\u0105 ir \u0161vytin\u010di\u0105 i\u0161vaizd\u0105.<\/p>\n","protected":false},"excerpt":{"rendered":"<p>MIA MAKEUP Itin plonas antaki\u0173 pie\u0161tukas SLIMMY BROW <\/p>\n<p> Produkto apra\u0161ymas: MIA MAKEUP Slimmy Brow antaki\u0173 pie\u0161tukas yra puikus \u012frankis norint sukurti nat\u016bral\u0173, ta\u010diau precizi\u0161kai apibr\u0117\u017et\u0105 antaki\u0173 \u012fvaizd\u012f.<\/p>\n","protected":false},"featured_media":18432,"template":"","meta":[],"product_brand":[522],"product_cat":[102,805],"product_tag":[1633],"class_list":{"0":"post-19617","1":"product","2":"type-product","3":"status-publish","4":"has-post-thumbnail","6":"product_brand-mia-makeup","7":"product_cat-dekoratyvine-kosmetika","8":"product_cat-priemones-antakiams","9":"product_tag-mia-makeup","11":"first","12":"instock","13":"sale","14":"taxable","15":"shipping-taxable","16":"purchasable","17":"product-type-simple"},"yoast_head":"<!-- This site is optimized with the Yoast SEO plugin v27.4 - https:\/\/yoast.com\/product\/yoast-seo-wordpress\/ -->\n<title>MIA MAKEUP SLIMMY BROW 04 CHOCOLATE itin plonas antaki\u0173 pie\u0161tukas, 30 ml - MalinaShop.lt J\u016bs\u0173 sveikatai ir gro\u017eiui.<\/title>\n<meta name=\"description\" content=\"MIA MAKEUP Itin plonas antaki\u0173 pie\u0161tukas SLIMMY BROW n n Produkto apra\u0161ymas: MIA MAKEUP Slimmy Brow antaki\u0173 pie\u0161tukas yra puikus \u012frankis norint sukurti...\" \/>\n<meta name=\"robots\" content=\"index, follow, max-snippet:-1, max-image-preview:large, max-video-preview:-1\" \/>\n<link rel=\"canonical\" href=\"https:\/\/www.malinashop.lt\/lt_lt\/shop\/mia-makeup-slimmy-brow-04-chocolate-itin-plonas-antakiu-piestukas-30-ml\/\" \/>\n<meta property=\"og:locale\" content=\"lt_LT\" \/>\n<meta property=\"og:type\" content=\"article\" \/>\n<meta property=\"og:title\" content=\"MIA MAKEUP SLIMMY BROW 04 CHOCOLATE itin plonas antaki\u0173 pie\u0161tukas, 30 ml - MalinaShop.lt J\u016bs\u0173 sveikatai ir gro\u017eiui.\" \/>\n<meta property=\"og:description\" content=\"MIA MAKEUP Itin plonas antaki\u0173 pie\u0161tukas SLIMMY BROW n n Produkto apra\u0161ymas: MIA MAKEUP Slimmy Brow antaki\u0173 pie\u0161tukas yra puikus \u012frankis norint sukurti...\" \/>\n<meta property=\"og:url\" content=\"https:\/\/www.malinashop.lt\/lt_lt\/shop\/mia-makeup-slimmy-brow-04-chocolate-itin-plonas-antakiu-piestukas-30-ml\/\" \/>\n<meta property=\"og:site_name\" content=\"MalinaShop.lt J\u016bs\u0173 sveikatai ir gro\u017eiui.\" \/>\n<meta property=\"article:modified_time\" content=\"2026-04-06T16:02:51+00:00\" \/>\n<meta property=\"og:image\" content=\"https:\/\/www.malinashop.lt\/wp-content\/uploads\/2024\/11\/MIA-MAKEUP-SLIMMY-BROW-04-CHOCOLATE-itin-plonas-antakiu-piestukas-30-ml.jpg\" \/>\n\t<meta property=\"og:image:width\" content=\"1000\" \/>\n\t<meta property=\"og:image:height\" content=\"1000\" \/>\n\t<meta property=\"og:image:type\" content=\"image\/jpeg\" \/>\n<meta name=\"twitter:card\" content=\"summary_large_image\" \/>\n<script type=\"application\/ld+json\" class=\"yoast-schema-graph\">{\"@context\":\"https:\\\/\\\/schema.org\",\"@graph\":[{\"@type\":\"WebPage\",\"@id\":\"https:\\\/\\\/www.malinashop.lt\\\/lt_lt\\\/shop\\\/mia-makeup-slimmy-brow-04-chocolate-itin-plonas-antakiu-piestukas-30-ml\\\/\",\"url\":\"https:\\\/\\\/www.malinashop.lt\\\/lt_lt\\\/shop\\\/mia-makeup-slimmy-brow-04-chocolate-itin-plonas-antakiu-piestukas-30-ml\\\/\",\"name\":\"MIA MAKEUP SLIMMY BROW 04 CHOCOLATE itin plonas antaki\u0173 pie\u0161tukas, 30 ml - MalinaShop.lt J\u016bs\u0173 sveikatai ir gro\u017eiui.\",\"isPartOf\":{\"@id\":\"https:\\\/\\\/www.malinashop.lt\\\/#website\"},\"primaryImageOfPage\":{\"@id\":\"https:\\\/\\\/www.malinashop.lt\\\/lt_lt\\\/shop\\\/mia-makeup-slimmy-brow-04-chocolate-itin-plonas-antakiu-piestukas-30-ml\\\/#primaryimage\"},\"image\":{\"@id\":\"https:\\\/\\\/www.malinashop.lt\\\/lt_lt\\\/shop\\\/mia-makeup-slimmy-brow-04-chocolate-itin-plonas-antakiu-piestukas-30-ml\\\/#primaryimage\"},\"thumbnailUrl\":\"https:\\\/\\\/www.malinashop.lt\\\/wp-content\\\/uploads\\\/2024\\\/11\\\/MIA-MAKEUP-SLIMMY-BROW-04-CHOCOLATE-itin-plonas-antakiu-piestukas-30-ml.jpg\",\"datePublished\":\"2024-11-06T12:52:17+00:00\",\"dateModified\":\"2026-04-06T16:02:51+00:00\",\"description\":\"MIA MAKEUP Itin plonas antaki\u0173 pie\u0161tukas SLIMMY BROW \\\\n \\\\n Produkto apra\u0161ymas: MIA MAKEUP Slimmy Brow antaki\u0173 pie\u0161tukas yra puikus \u012frankis norint sukurti...\",\"breadcrumb\":{\"@id\":\"https:\\\/\\\/www.malinashop.lt\\\/lt_lt\\\/shop\\\/mia-makeup-slimmy-brow-04-chocolate-itin-plonas-antakiu-piestukas-30-ml\\\/#breadcrumb\"},\"inLanguage\":\"lt-LT\",\"potentialAction\":[{\"@type\":\"ReadAction\",\"target\":[\"https:\\\/\\\/www.malinashop.lt\\\/lt_lt\\\/shop\\\/mia-makeup-slimmy-brow-04-chocolate-itin-plonas-antakiu-piestukas-30-ml\\\/\"]}]},{\"@type\":\"ImageObject\",\"inLanguage\":\"lt-LT\",\"@id\":\"https:\\\/\\\/www.malinashop.lt\\\/lt_lt\\\/shop\\\/mia-makeup-slimmy-brow-04-chocolate-itin-plonas-antakiu-piestukas-30-ml\\\/#primaryimage\",\"url\":\"https:\\\/\\\/www.malinashop.lt\\\/wp-content\\\/uploads\\\/2024\\\/11\\\/MIA-MAKEUP-SLIMMY-BROW-04-CHOCOLATE-itin-plonas-antakiu-piestukas-30-ml.jpg\",\"contentUrl\":\"https:\\\/\\\/www.malinashop.lt\\\/wp-content\\\/uploads\\\/2024\\\/11\\\/MIA-MAKEUP-SLIMMY-BROW-04-CHOCOLATE-itin-plonas-antakiu-piestukas-30-ml.jpg\",\"width\":1000,\"height\":1000},{\"@type\":\"BreadcrumbList\",\"@id\":\"https:\\\/\\\/www.malinashop.lt\\\/lt_lt\\\/shop\\\/mia-makeup-slimmy-brow-04-chocolate-itin-plonas-antakiu-piestukas-30-ml\\\/#breadcrumb\",\"itemListElement\":[{\"@type\":\"ListItem\",\"position\":1,\"name\":\"Pagrindinis\",\"item\":\"https:\\\/\\\/www.malinashop.lt\\\/\"},{\"@type\":\"ListItem\",\"position\":2,\"name\":\"Parduotuv\u0117\",\"item\":\"https:\\\/\\\/www.malinashop.lt\\\/en\\\/parduotuve\\\/\"},{\"@type\":\"ListItem\",\"position\":3,\"name\":\"MIA MAKEUP SLIMMY BROW 04 CHOCOLATE itin plonas antaki\u0173 pie\u0161tukas, 30 ml\"}]},{\"@type\":\"WebSite\",\"@id\":\"https:\\\/\\\/www.malinashop.lt\\\/#website\",\"url\":\"https:\\\/\\\/www.malinashop.lt\\\/\",\"name\":\"COM Group Ecommerce\",\"description\":\"MalinaShop.lt - Gro\u017eio ir sveikatos produktai i\u0161 patikim\u0173 preki\u0173 \u017eenkl\u0173. Atraskite auk\u0161tos kokyb\u0117s kosmetik\u0105 u\u017e puiki\u0105 kain\u0105.\",\"publisher\":{\"@id\":\"https:\\\/\\\/www.malinashop.lt\\\/#organization\"},\"potentialAction\":[{\"@type\":\"SearchAction\",\"target\":{\"@type\":\"EntryPoint\",\"urlTemplate\":\"https:\\\/\\\/www.malinashop.lt\\\/?s={search_term_string}\"},\"query-input\":{\"@type\":\"PropertyValueSpecification\",\"valueRequired\":true,\"valueName\":\"search_term_string\"}}],\"inLanguage\":\"lt-LT\"},{\"@type\":\"Organization\",\"@id\":\"https:\\\/\\\/www.malinashop.lt\\\/#organization\",\"name\":\"COM Group Ecommerce\",\"url\":\"https:\\\/\\\/www.malinashop.lt\\\/\",\"logo\":{\"@type\":\"ImageObject\",\"inLanguage\":\"lt-LT\",\"@id\":\"https:\\\/\\\/www.malinashop.lt\\\/#\\\/schema\\\/logo\\\/image\\\/\",\"url\":\"https:\\\/\\\/www.malinashop.lt\\\/wp-content\\\/uploads\\\/2024\\\/08\\\/462559670_3787732518133670_9795632669273463_n-e1731525914575.png\",\"contentUrl\":\"https:\\\/\\\/www.malinashop.lt\\\/wp-content\\\/uploads\\\/2024\\\/08\\\/462559670_3787732518133670_9795632669273463_n-e1731525914575.png\",\"width\":180,\"height\":60,\"caption\":\"COM Group Ecommerce\"},\"image\":{\"@id\":\"https:\\\/\\\/www.malinashop.lt\\\/#\\\/schema\\\/logo\\\/image\\\/\"}}]}<\/script>\n<!-- \/ Yoast SEO plugin. -->","yoast_head_json":{"title":"MIA MAKEUP SLIMMY BROW 04 CHOCOLATE itin plonas antaki\u0173 pie\u0161tukas, 30 ml - MalinaShop.lt J\u016bs\u0173 sveikatai ir gro\u017eiui.","description":"MIA MAKEUP Itin plonas antaki\u0173 pie\u0161tukas SLIMMY BROW n n Produkto apra\u0161ymas: MIA MAKEUP Slimmy Brow antaki\u0173 pie\u0161tukas yra puikus \u012frankis norint sukurti...","robots":{"index":"index","follow":"follow","max-snippet":"max-snippet:-1","max-image-preview":"max-image-preview:large","max-video-preview":"max-video-preview:-1"},"canonical":"https:\/\/www.malinashop.lt\/lt_lt\/shop\/mia-makeup-slimmy-brow-04-chocolate-itin-plonas-antakiu-piestukas-30-ml\/","og_locale":"lt_LT","og_type":"article","og_title":"MIA MAKEUP SLIMMY BROW 04 CHOCOLATE itin plonas antaki\u0173 pie\u0161tukas, 30 ml - MalinaShop.lt J\u016bs\u0173 sveikatai ir gro\u017eiui.","og_description":"MIA MAKEUP Itin plonas antaki\u0173 pie\u0161tukas SLIMMY BROW n n Produkto apra\u0161ymas: MIA MAKEUP Slimmy Brow antaki\u0173 pie\u0161tukas yra puikus \u012frankis norint sukurti...","og_url":"https:\/\/www.malinashop.lt\/lt_lt\/shop\/mia-makeup-slimmy-brow-04-chocolate-itin-plonas-antakiu-piestukas-30-ml\/","og_site_name":"MalinaShop.lt J\u016bs\u0173 sveikatai ir gro\u017eiui.","article_modified_time":"2026-04-06T16:02:51+00:00","og_image":[{"width":1000,"height":1000,"url":"https:\/\/www.malinashop.lt\/wp-content\/uploads\/2024\/11\/MIA-MAKEUP-SLIMMY-BROW-04-CHOCOLATE-itin-plonas-antakiu-piestukas-30-ml.jpg","type":"image\/jpeg"}],"twitter_card":"summary_large_image","schema":{"@context":"https:\/\/schema.org","@graph":[{"@type":"WebPage","@id":"https:\/\/www.malinashop.lt\/lt_lt\/shop\/mia-makeup-slimmy-brow-04-chocolate-itin-plonas-antakiu-piestukas-30-ml\/","url":"https:\/\/www.malinashop.lt\/lt_lt\/shop\/mia-makeup-slimmy-brow-04-chocolate-itin-plonas-antakiu-piestukas-30-ml\/","name":"MIA MAKEUP SLIMMY BROW 04 CHOCOLATE itin plonas antaki\u0173 pie\u0161tukas, 30 ml - MalinaShop.lt J\u016bs\u0173 sveikatai ir gro\u017eiui.","isPartOf":{"@id":"https:\/\/www.malinashop.lt\/#website"},"primaryImageOfPage":{"@id":"https:\/\/www.malinashop.lt\/lt_lt\/shop\/mia-makeup-slimmy-brow-04-chocolate-itin-plonas-antakiu-piestukas-30-ml\/#primaryimage"},"image":{"@id":"https:\/\/www.malinashop.lt\/lt_lt\/shop\/mia-makeup-slimmy-brow-04-chocolate-itin-plonas-antakiu-piestukas-30-ml\/#primaryimage"},"thumbnailUrl":"https:\/\/www.malinashop.lt\/wp-content\/uploads\/2024\/11\/MIA-MAKEUP-SLIMMY-BROW-04-CHOCOLATE-itin-plonas-antakiu-piestukas-30-ml.jpg","datePublished":"2024-11-06T12:52:17+00:00","dateModified":"2026-04-06T16:02:51+00:00","description":"MIA MAKEUP Itin plonas antaki\u0173 pie\u0161tukas SLIMMY BROW \\n \\n Produkto apra\u0161ymas: MIA MAKEUP Slimmy Brow antaki\u0173 pie\u0161tukas yra puikus \u012frankis norint sukurti...","breadcrumb":{"@id":"https:\/\/www.malinashop.lt\/lt_lt\/shop\/mia-makeup-slimmy-brow-04-chocolate-itin-plonas-antakiu-piestukas-30-ml\/#breadcrumb"},"inLanguage":"lt-LT","potentialAction":[{"@type":"ReadAction","target":["https:\/\/www.malinashop.lt\/lt_lt\/shop\/mia-makeup-slimmy-brow-04-chocolate-itin-plonas-antakiu-piestukas-30-ml\/"]}]},{"@type":"ImageObject","inLanguage":"lt-LT","@id":"https:\/\/www.malinashop.lt\/lt_lt\/shop\/mia-makeup-slimmy-brow-04-chocolate-itin-plonas-antakiu-piestukas-30-ml\/#primaryimage","url":"https:\/\/www.malinashop.lt\/wp-content\/uploads\/2024\/11\/MIA-MAKEUP-SLIMMY-BROW-04-CHOCOLATE-itin-plonas-antakiu-piestukas-30-ml.jpg","contentUrl":"https:\/\/www.malinashop.lt\/wp-content\/uploads\/2024\/11\/MIA-MAKEUP-SLIMMY-BROW-04-CHOCOLATE-itin-plonas-antakiu-piestukas-30-ml.jpg","width":1000,"height":1000},{"@type":"BreadcrumbList","@id":"https:\/\/www.malinashop.lt\/lt_lt\/shop\/mia-makeup-slimmy-brow-04-chocolate-itin-plonas-antakiu-piestukas-30-ml\/#breadcrumb","itemListElement":[{"@type":"ListItem","position":1,"name":"Pagrindinis","item":"https:\/\/www.malinashop.lt\/"},{"@type":"ListItem","position":2,"name":"Parduotuv\u0117","item":"https:\/\/www.malinashop.lt\/en\/parduotuve\/"},{"@type":"ListItem","position":3,"name":"MIA MAKEUP SLIMMY BROW 04 CHOCOLATE itin plonas antaki\u0173 pie\u0161tukas, 30 ml"}]},{"@type":"WebSite","@id":"https:\/\/www.malinashop.lt\/#website","url":"https:\/\/www.malinashop.lt\/","name":"COM Group Ecommerce","description":"MalinaShop.lt - Gro\u017eio ir sveikatos produktai i\u0161 patikim\u0173 preki\u0173 \u017eenkl\u0173. Atraskite auk\u0161tos kokyb\u0117s kosmetik\u0105 u\u017e puiki\u0105 kain\u0105.","publisher":{"@id":"https:\/\/www.malinashop.lt\/#organization"},"potentialAction":[{"@type":"SearchAction","target":{"@type":"EntryPoint","urlTemplate":"https:\/\/www.malinashop.lt\/?s={search_term_string}"},"query-input":{"@type":"PropertyValueSpecification","valueRequired":true,"valueName":"search_term_string"}}],"inLanguage":"lt-LT"},{"@type":"Organization","@id":"https:\/\/www.malinashop.lt\/#organization","name":"COM Group Ecommerce","url":"https:\/\/www.malinashop.lt\/","logo":{"@type":"ImageObject","inLanguage":"lt-LT","@id":"https:\/\/www.malinashop.lt\/#\/schema\/logo\/image\/","url":"https:\/\/www.malinashop.lt\/wp-content\/uploads\/2024\/08\/462559670_3787732518133670_9795632669273463_n-e1731525914575.png","contentUrl":"https:\/\/www.malinashop.lt\/wp-content\/uploads\/2024\/08\/462559670_3787732518133670_9795632669273463_n-e1731525914575.png","width":180,"height":60,"caption":"COM Group Ecommerce"},"image":{"@id":"https:\/\/www.malinashop.lt\/#\/schema\/logo\/image\/"}}]}},"jetpack_sharing_enabled":true,"_links":{"self":[{"href":"https:\/\/www.malinashop.lt\/lt_lt\/wp-json\/wp\/v2\/product\/19617","targetHints":{"allow":["GET"]}}],"collection":[{"href":"https:\/\/www.malinashop.lt\/lt_lt\/wp-json\/wp\/v2\/product"}],"about":[{"href":"https:\/\/www.malinashop.lt\/lt_lt\/wp-json\/wp\/v2\/types\/product"}],"version-history":[{"count":2,"href":"https:\/\/www.malinashop.lt\/lt_lt\/wp-json\/wp\/v2\/product\/19617\/revisions"}],"predecessor-version":[{"id":76221,"href":"https:\/\/www.malinashop.lt\/lt_lt\/wp-json\/wp\/v2\/product\/19617\/revisions\/76221"}],"wp:featuredmedia":[{"embeddable":true,"href":"https:\/\/www.malinashop.lt\/lt_lt\/wp-json\/wp\/v2\/media\/18432"}],"wp:attachment":[{"href":"https:\/\/www.malinashop.lt\/lt_lt\/wp-json\/wp\/v2\/media?parent=19617"}],"wp:term":[{"taxonomy":"product_brand","embeddable":true,"href":"https:\/\/www.malinashop.lt\/lt_lt\/wp-json\/wp\/v2\/product_brand?post=19617"},{"taxonomy":"product_cat","embeddable":true,"href":"https:\/\/www.malinashop.lt\/lt_lt\/wp-json\/wp\/v2\/product_cat?post=19617"},{"taxonomy":"product_tag","embeddable":true,"href":"https:\/\/www.malinashop.lt\/lt_lt\/wp-json\/wp\/v2\/product_tag?post=19617"}],"curies":[{"name":"wp","href":"https:\/\/api.w.org\/{rel}","templated":true}]}}