{"id":19553,"date":"2024-11-06T15:52:04","date_gmt":"2024-11-06T12:52:04","guid":{"rendered":"https:\/\/malinashop.lt\/produktas\/mia-makeup-reset-face-palette-01-pink-attitude-konturavimo-palete-15-g\/"},"modified":"2026-04-06T19:02:33","modified_gmt":"2026-04-06T16:02:33","slug":"mia-makeup-reset-face-palette-01-pink-attitude-konturavimo-palete-15-g","status":"publish","type":"product","link":"https:\/\/www.malinashop.lt\/lt_lt\/shop\/mia-makeup-reset-face-palette-01-pink-attitude-konturavimo-palete-15-g\/","title":{"rendered":"MIA MAKEUP RESET FACE PALETTE 01 PINK ATTITUDE kont\u016bravimo palet\u0117 15 g"},"content":{"rendered":"<p>MIA Makeup\u201c kont\u016bravimo palet\u0117 \u201eRESET FACE PALETTE\u201c skirta pabr\u0117\u017eti j\u016bs\u0173 veido bruo\u017eus. Tams\u016bs atspalviai padeda modeliuoti veido oval\u0105, vidutiniai atspalviai subalansuoja ir sulieja kont\u016brus, o \u0161viesesni atspalviai suteikia gaivumo efekt\u0105, pary\u0161kindami nat\u016bralius bruo\u017eus.<\/p>\n<p>Tamsesnius atspalvius naudokite veido \u012fdubimams, o \u0161viesesnius \u2013 i\u0161kilioms veido vietoms pary\u0161kinti. Naudodami \u0161epet\u0117l\u012f, aplikatori\u0173 ar pir\u0161t\u0173 galiukus, u\u017etepkite skaistalus ant skruostikauli\u0173 ir i\u0161sklaidykite, kad spalva nat\u016braliai susiliet\u0173 su oda.<\/p>\n","protected":false},"excerpt":{"rendered":"<p>MIA Makeup\u201c kont\u016bravimo palet\u0117 \u201eRESET FACE PALETTE\u201c skirta pabr\u0117\u017eti j\u016bs\u0173 veido bruo\u017eus. Tams\u016bs atspalviai padeda modeliuoti veido oval\u0105, vidutiniai atspalviai subalansuoja ir sulieja kont\u016brus, o \u0161viesesni atspalviai suteikia gaivumo efekt\u0105, pary\u0161kindami nat\u016bralius bruo\u017eus.<\/p>\n","protected":false},"featured_media":18353,"template":"","meta":[],"product_brand":[522],"product_cat":[102,528,728],"product_tag":[1633],"class_list":{"0":"post-19553","1":"product","2":"type-product","3":"status-publish","4":"has-post-thumbnail","6":"product_brand-mia-makeup","7":"product_cat-dekoratyvine-kosmetika","8":"product_cat-modeliavimo-priemones","9":"product_cat-veidui","10":"product_tag-mia-makeup","12":"first","13":"instock","14":"sale","15":"taxable","16":"shipping-taxable","17":"purchasable","18":"product-type-simple"},"yoast_head":"<!-- This site is optimized with the Yoast SEO plugin v27.4 - https:\/\/yoast.com\/product\/yoast-seo-wordpress\/ -->\n<title>MIA MAKEUP RESET FACE PALETTE 01 PINK ATTITUDE kont\u016bravimo palet\u0117 15 g - MalinaShop.lt J\u016bs\u0173 sveikatai ir gro\u017eiui.<\/title>\n<meta name=\"description\" content=\"MIA Makeup\u201c kont\u016bravimo palet\u0117 \u201eRESET FACE PALETTE\u201c skirta pabr\u0117\u017eti j\u016bs\u0173 veido bruo\u017eus. Tams\u016bs atspalviai padeda modeliuoti veido oval\u0105, vidutiniai...\" \/>\n<meta name=\"robots\" content=\"index, follow, max-snippet:-1, max-image-preview:large, max-video-preview:-1\" \/>\n<link rel=\"canonical\" href=\"https:\/\/www.malinashop.lt\/lt_lt\/shop\/mia-makeup-reset-face-palette-01-pink-attitude-konturavimo-palete-15-g\/\" \/>\n<meta property=\"og:locale\" content=\"lt_LT\" \/>\n<meta property=\"og:type\" content=\"article\" \/>\n<meta property=\"og:title\" content=\"MIA MAKEUP RESET FACE PALETTE 01 PINK ATTITUDE kont\u016bravimo palet\u0117 15 g - MalinaShop.lt J\u016bs\u0173 sveikatai ir gro\u017eiui.\" \/>\n<meta property=\"og:description\" content=\"MIA Makeup\u201c kont\u016bravimo palet\u0117 \u201eRESET FACE PALETTE\u201c skirta pabr\u0117\u017eti j\u016bs\u0173 veido bruo\u017eus. Tams\u016bs atspalviai padeda modeliuoti veido oval\u0105, vidutiniai...\" \/>\n<meta property=\"og:url\" content=\"https:\/\/www.malinashop.lt\/lt_lt\/shop\/mia-makeup-reset-face-palette-01-pink-attitude-konturavimo-palete-15-g\/\" \/>\n<meta property=\"og:site_name\" content=\"MalinaShop.lt J\u016bs\u0173 sveikatai ir gro\u017eiui.\" \/>\n<meta property=\"article:modified_time\" content=\"2026-04-06T16:02:33+00:00\" \/>\n<meta property=\"og:image\" content=\"https:\/\/www.malinashop.lt\/wp-content\/uploads\/2024\/11\/MIA-MAKEUP-RESET-FACE-PALETTE-01-PINK-ATTITUDE-konturavimo-palete-15-g.jpg\" \/>\n\t<meta property=\"og:image:width\" content=\"768\" \/>\n\t<meta property=\"og:image:height\" content=\"768\" \/>\n\t<meta property=\"og:image:type\" content=\"image\/jpeg\" \/>\n<meta name=\"twitter:card\" content=\"summary_large_image\" \/>\n<script type=\"application\/ld+json\" class=\"yoast-schema-graph\">{\"@context\":\"https:\\\/\\\/schema.org\",\"@graph\":[{\"@type\":\"WebPage\",\"@id\":\"https:\\\/\\\/www.malinashop.lt\\\/lt_lt\\\/shop\\\/mia-makeup-reset-face-palette-01-pink-attitude-konturavimo-palete-15-g\\\/\",\"url\":\"https:\\\/\\\/www.malinashop.lt\\\/lt_lt\\\/shop\\\/mia-makeup-reset-face-palette-01-pink-attitude-konturavimo-palete-15-g\\\/\",\"name\":\"MIA MAKEUP RESET FACE PALETTE 01 PINK ATTITUDE kont\u016bravimo palet\u0117 15 g - MalinaShop.lt J\u016bs\u0173 sveikatai ir gro\u017eiui.\",\"isPartOf\":{\"@id\":\"https:\\\/\\\/www.malinashop.lt\\\/en\\\/#website\"},\"primaryImageOfPage\":{\"@id\":\"https:\\\/\\\/www.malinashop.lt\\\/lt_lt\\\/shop\\\/mia-makeup-reset-face-palette-01-pink-attitude-konturavimo-palete-15-g\\\/#primaryimage\"},\"image\":{\"@id\":\"https:\\\/\\\/www.malinashop.lt\\\/lt_lt\\\/shop\\\/mia-makeup-reset-face-palette-01-pink-attitude-konturavimo-palete-15-g\\\/#primaryimage\"},\"thumbnailUrl\":\"https:\\\/\\\/www.malinashop.lt\\\/wp-content\\\/uploads\\\/2024\\\/11\\\/MIA-MAKEUP-RESET-FACE-PALETTE-01-PINK-ATTITUDE-konturavimo-palete-15-g.jpg\",\"datePublished\":\"2024-11-06T12:52:04+00:00\",\"dateModified\":\"2026-04-06T16:02:33+00:00\",\"description\":\"MIA Makeup\u201c kont\u016bravimo palet\u0117 \u201eRESET FACE PALETTE\u201c skirta pabr\u0117\u017eti j\u016bs\u0173 veido bruo\u017eus. Tams\u016bs atspalviai padeda modeliuoti veido oval\u0105, vidutiniai...\",\"breadcrumb\":{\"@id\":\"https:\\\/\\\/www.malinashop.lt\\\/lt_lt\\\/shop\\\/mia-makeup-reset-face-palette-01-pink-attitude-konturavimo-palete-15-g\\\/#breadcrumb\"},\"inLanguage\":\"lt-LT\",\"potentialAction\":[{\"@type\":\"ReadAction\",\"target\":[\"https:\\\/\\\/www.malinashop.lt\\\/lt_lt\\\/shop\\\/mia-makeup-reset-face-palette-01-pink-attitude-konturavimo-palete-15-g\\\/\"]}]},{\"@type\":\"ImageObject\",\"inLanguage\":\"lt-LT\",\"@id\":\"https:\\\/\\\/www.malinashop.lt\\\/lt_lt\\\/shop\\\/mia-makeup-reset-face-palette-01-pink-attitude-konturavimo-palete-15-g\\\/#primaryimage\",\"url\":\"https:\\\/\\\/www.malinashop.lt\\\/wp-content\\\/uploads\\\/2024\\\/11\\\/MIA-MAKEUP-RESET-FACE-PALETTE-01-PINK-ATTITUDE-konturavimo-palete-15-g.jpg\",\"contentUrl\":\"https:\\\/\\\/www.malinashop.lt\\\/wp-content\\\/uploads\\\/2024\\\/11\\\/MIA-MAKEUP-RESET-FACE-PALETTE-01-PINK-ATTITUDE-konturavimo-palete-15-g.jpg\",\"width\":768,\"height\":768},{\"@type\":\"BreadcrumbList\",\"@id\":\"https:\\\/\\\/www.malinashop.lt\\\/lt_lt\\\/shop\\\/mia-makeup-reset-face-palette-01-pink-attitude-konturavimo-palete-15-g\\\/#breadcrumb\",\"itemListElement\":[{\"@type\":\"ListItem\",\"position\":1,\"name\":\"Home\",\"item\":\"https:\\\/\\\/www.malinashop.lt\\\/en\\\/\"},{\"@type\":\"ListItem\",\"position\":2,\"name\":\"Parduotuv\u0117\",\"item\":\"https:\\\/\\\/www.malinashop.lt\\\/en\\\/parduotuve\\\/\"},{\"@type\":\"ListItem\",\"position\":3,\"name\":\"MIA MAKEUP RESET FACE PALETTE 01 PINK ATTITUDE kont\u016bravimo palet\u0117 15 g\"}]},{\"@type\":\"WebSite\",\"@id\":\"https:\\\/\\\/www.malinashop.lt\\\/en\\\/#website\",\"url\":\"https:\\\/\\\/www.malinashop.lt\\\/en\\\/\",\"name\":\"COM Group Ecommerce\",\"description\":\"MalinaShop.lt - Gro\u017eio ir sveikatos produktai i\u0161 patikim\u0173 preki\u0173 \u017eenkl\u0173. Atraskite auk\u0161tos kokyb\u0117s kosmetik\u0105 u\u017e puiki\u0105 kain\u0105.\",\"publisher\":{\"@id\":\"https:\\\/\\\/www.malinashop.lt\\\/en\\\/#organization\"},\"potentialAction\":[{\"@type\":\"SearchAction\",\"target\":{\"@type\":\"EntryPoint\",\"urlTemplate\":\"https:\\\/\\\/www.malinashop.lt\\\/en\\\/?s={search_term_string}\"},\"query-input\":{\"@type\":\"PropertyValueSpecification\",\"valueRequired\":true,\"valueName\":\"search_term_string\"}}],\"inLanguage\":\"lt-LT\"},{\"@type\":\"Organization\",\"@id\":\"https:\\\/\\\/www.malinashop.lt\\\/en\\\/#organization\",\"name\":\"COM Group Ecommerce\",\"url\":\"https:\\\/\\\/www.malinashop.lt\\\/en\\\/\",\"logo\":{\"@type\":\"ImageObject\",\"inLanguage\":\"lt-LT\",\"@id\":\"https:\\\/\\\/www.malinashop.lt\\\/en\\\/#\\\/schema\\\/logo\\\/image\\\/\",\"url\":\"https:\\\/\\\/www.malinashop.lt\\\/wp-content\\\/uploads\\\/2024\\\/08\\\/462559670_3787732518133670_9795632669273463_n-e1731525914575.png\",\"contentUrl\":\"https:\\\/\\\/www.malinashop.lt\\\/wp-content\\\/uploads\\\/2024\\\/08\\\/462559670_3787732518133670_9795632669273463_n-e1731525914575.png\",\"width\":180,\"height\":60,\"caption\":\"COM Group Ecommerce\"},\"image\":{\"@id\":\"https:\\\/\\\/www.malinashop.lt\\\/en\\\/#\\\/schema\\\/logo\\\/image\\\/\"}}]}<\/script>\n<!-- \/ Yoast SEO plugin. -->","yoast_head_json":{"title":"MIA MAKEUP RESET FACE PALETTE 01 PINK ATTITUDE kont\u016bravimo palet\u0117 15 g - MalinaShop.lt J\u016bs\u0173 sveikatai ir gro\u017eiui.","description":"MIA Makeup\u201c kont\u016bravimo palet\u0117 \u201eRESET FACE PALETTE\u201c skirta pabr\u0117\u017eti j\u016bs\u0173 veido bruo\u017eus. Tams\u016bs atspalviai padeda modeliuoti veido oval\u0105, vidutiniai...","robots":{"index":"index","follow":"follow","max-snippet":"max-snippet:-1","max-image-preview":"max-image-preview:large","max-video-preview":"max-video-preview:-1"},"canonical":"https:\/\/www.malinashop.lt\/lt_lt\/shop\/mia-makeup-reset-face-palette-01-pink-attitude-konturavimo-palete-15-g\/","og_locale":"lt_LT","og_type":"article","og_title":"MIA MAKEUP RESET FACE PALETTE 01 PINK ATTITUDE kont\u016bravimo palet\u0117 15 g - MalinaShop.lt J\u016bs\u0173 sveikatai ir gro\u017eiui.","og_description":"MIA Makeup\u201c kont\u016bravimo palet\u0117 \u201eRESET FACE PALETTE\u201c skirta pabr\u0117\u017eti j\u016bs\u0173 veido bruo\u017eus. Tams\u016bs atspalviai padeda modeliuoti veido oval\u0105, vidutiniai...","og_url":"https:\/\/www.malinashop.lt\/lt_lt\/shop\/mia-makeup-reset-face-palette-01-pink-attitude-konturavimo-palete-15-g\/","og_site_name":"MalinaShop.lt J\u016bs\u0173 sveikatai ir gro\u017eiui.","article_modified_time":"2026-04-06T16:02:33+00:00","og_image":[{"width":768,"height":768,"url":"https:\/\/www.malinashop.lt\/wp-content\/uploads\/2024\/11\/MIA-MAKEUP-RESET-FACE-PALETTE-01-PINK-ATTITUDE-konturavimo-palete-15-g.jpg","type":"image\/jpeg"}],"twitter_card":"summary_large_image","schema":{"@context":"https:\/\/schema.org","@graph":[{"@type":"WebPage","@id":"https:\/\/www.malinashop.lt\/lt_lt\/shop\/mia-makeup-reset-face-palette-01-pink-attitude-konturavimo-palete-15-g\/","url":"https:\/\/www.malinashop.lt\/lt_lt\/shop\/mia-makeup-reset-face-palette-01-pink-attitude-konturavimo-palete-15-g\/","name":"MIA MAKEUP RESET FACE PALETTE 01 PINK ATTITUDE kont\u016bravimo palet\u0117 15 g - MalinaShop.lt J\u016bs\u0173 sveikatai ir gro\u017eiui.","isPartOf":{"@id":"https:\/\/www.malinashop.lt\/en\/#website"},"primaryImageOfPage":{"@id":"https:\/\/www.malinashop.lt\/lt_lt\/shop\/mia-makeup-reset-face-palette-01-pink-attitude-konturavimo-palete-15-g\/#primaryimage"},"image":{"@id":"https:\/\/www.malinashop.lt\/lt_lt\/shop\/mia-makeup-reset-face-palette-01-pink-attitude-konturavimo-palete-15-g\/#primaryimage"},"thumbnailUrl":"https:\/\/www.malinashop.lt\/wp-content\/uploads\/2024\/11\/MIA-MAKEUP-RESET-FACE-PALETTE-01-PINK-ATTITUDE-konturavimo-palete-15-g.jpg","datePublished":"2024-11-06T12:52:04+00:00","dateModified":"2026-04-06T16:02:33+00:00","description":"MIA Makeup\u201c kont\u016bravimo palet\u0117 \u201eRESET FACE PALETTE\u201c skirta pabr\u0117\u017eti j\u016bs\u0173 veido bruo\u017eus. Tams\u016bs atspalviai padeda modeliuoti veido oval\u0105, vidutiniai...","breadcrumb":{"@id":"https:\/\/www.malinashop.lt\/lt_lt\/shop\/mia-makeup-reset-face-palette-01-pink-attitude-konturavimo-palete-15-g\/#breadcrumb"},"inLanguage":"lt-LT","potentialAction":[{"@type":"ReadAction","target":["https:\/\/www.malinashop.lt\/lt_lt\/shop\/mia-makeup-reset-face-palette-01-pink-attitude-konturavimo-palete-15-g\/"]}]},{"@type":"ImageObject","inLanguage":"lt-LT","@id":"https:\/\/www.malinashop.lt\/lt_lt\/shop\/mia-makeup-reset-face-palette-01-pink-attitude-konturavimo-palete-15-g\/#primaryimage","url":"https:\/\/www.malinashop.lt\/wp-content\/uploads\/2024\/11\/MIA-MAKEUP-RESET-FACE-PALETTE-01-PINK-ATTITUDE-konturavimo-palete-15-g.jpg","contentUrl":"https:\/\/www.malinashop.lt\/wp-content\/uploads\/2024\/11\/MIA-MAKEUP-RESET-FACE-PALETTE-01-PINK-ATTITUDE-konturavimo-palete-15-g.jpg","width":768,"height":768},{"@type":"BreadcrumbList","@id":"https:\/\/www.malinashop.lt\/lt_lt\/shop\/mia-makeup-reset-face-palette-01-pink-attitude-konturavimo-palete-15-g\/#breadcrumb","itemListElement":[{"@type":"ListItem","position":1,"name":"Home","item":"https:\/\/www.malinashop.lt\/en\/"},{"@type":"ListItem","position":2,"name":"Parduotuv\u0117","item":"https:\/\/www.malinashop.lt\/en\/parduotuve\/"},{"@type":"ListItem","position":3,"name":"MIA MAKEUP RESET FACE PALETTE 01 PINK ATTITUDE kont\u016bravimo palet\u0117 15 g"}]},{"@type":"WebSite","@id":"https:\/\/www.malinashop.lt\/en\/#website","url":"https:\/\/www.malinashop.lt\/en\/","name":"COM Group Ecommerce","description":"MalinaShop.lt - Gro\u017eio ir sveikatos produktai i\u0161 patikim\u0173 preki\u0173 \u017eenkl\u0173. Atraskite auk\u0161tos kokyb\u0117s kosmetik\u0105 u\u017e puiki\u0105 kain\u0105.","publisher":{"@id":"https:\/\/www.malinashop.lt\/en\/#organization"},"potentialAction":[{"@type":"SearchAction","target":{"@type":"EntryPoint","urlTemplate":"https:\/\/www.malinashop.lt\/en\/?s={search_term_string}"},"query-input":{"@type":"PropertyValueSpecification","valueRequired":true,"valueName":"search_term_string"}}],"inLanguage":"lt-LT"},{"@type":"Organization","@id":"https:\/\/www.malinashop.lt\/en\/#organization","name":"COM Group Ecommerce","url":"https:\/\/www.malinashop.lt\/en\/","logo":{"@type":"ImageObject","inLanguage":"lt-LT","@id":"https:\/\/www.malinashop.lt\/en\/#\/schema\/logo\/image\/","url":"https:\/\/www.malinashop.lt\/wp-content\/uploads\/2024\/08\/462559670_3787732518133670_9795632669273463_n-e1731525914575.png","contentUrl":"https:\/\/www.malinashop.lt\/wp-content\/uploads\/2024\/08\/462559670_3787732518133670_9795632669273463_n-e1731525914575.png","width":180,"height":60,"caption":"COM Group Ecommerce"},"image":{"@id":"https:\/\/www.malinashop.lt\/en\/#\/schema\/logo\/image\/"}}]}},"jetpack_sharing_enabled":true,"_links":{"self":[{"href":"https:\/\/www.malinashop.lt\/lt_lt\/wp-json\/wp\/v2\/product\/19553","targetHints":{"allow":["GET"]}}],"collection":[{"href":"https:\/\/www.malinashop.lt\/lt_lt\/wp-json\/wp\/v2\/product"}],"about":[{"href":"https:\/\/www.malinashop.lt\/lt_lt\/wp-json\/wp\/v2\/types\/product"}],"version-history":[{"count":2,"href":"https:\/\/www.malinashop.lt\/lt_lt\/wp-json\/wp\/v2\/product\/19553\/revisions"}],"predecessor-version":[{"id":76189,"href":"https:\/\/www.malinashop.lt\/lt_lt\/wp-json\/wp\/v2\/product\/19553\/revisions\/76189"}],"wp:featuredmedia":[{"embeddable":true,"href":"https:\/\/www.malinashop.lt\/lt_lt\/wp-json\/wp\/v2\/media\/18353"}],"wp:attachment":[{"href":"https:\/\/www.malinashop.lt\/lt_lt\/wp-json\/wp\/v2\/media?parent=19553"}],"wp:term":[{"taxonomy":"product_brand","embeddable":true,"href":"https:\/\/www.malinashop.lt\/lt_lt\/wp-json\/wp\/v2\/product_brand?post=19553"},{"taxonomy":"product_cat","embeddable":true,"href":"https:\/\/www.malinashop.lt\/lt_lt\/wp-json\/wp\/v2\/product_cat?post=19553"},{"taxonomy":"product_tag","embeddable":true,"href":"https:\/\/www.malinashop.lt\/lt_lt\/wp-json\/wp\/v2\/product_tag?post=19553"}],"curies":[{"name":"wp","href":"https:\/\/api.w.org\/{rel}","templated":true}]}}