{"id":19545,"date":"2024-11-06T15:52:04","date_gmt":"2024-11-06T12:52:04","guid":{"rendered":"https:\/\/malinashop.lt\/produktas\/mia-makeup-sparkling-powder-pink-svytejima-suteikianti-purskiama-pudra-5-g\/"},"modified":"2026-04-06T19:02:31","modified_gmt":"2026-04-06T16:02:31","slug":"mia-makeup-sparkling-powder-pink-svytejima-suteikianti-purskiama-pudra-5-g","status":"publish","type":"product","link":"https:\/\/www.malinashop.lt\/lt_lt\/shop\/mia-makeup-sparkling-powder-pink-svytejima-suteikianti-purskiama-pudra-5-g\/","title":{"rendered":"MIA MAKEUP SPARKLING POWDER PINK \u0161vyt\u0117jim\u0105 suteikianti pur\u0161kiama pudra, 5 g"},"content":{"rendered":"<p>MIA Makeup\u201c \u0161vyt\u0117jim\u0105 suteikianti pur\u0161kiama pudra \u201eSPARKLING POWDER PINK\u201c idealiai tinka dekolt\u0117, pe\u010diams, rankoms, veidui ir plaukams pary\u0161kinti. Smulkios pudros dalel\u0117s subtiliai \u017evilga ir prilimpa prie odos, sukurdamos magi\u0161k\u0105 efekt\u0105. Lengva, \u0161velni biri pudra su \u0161vytin\u010diu prisilietimu palieka od\u0105 spindin\u010di\u0105 ir subtiliai kvepian\u010di\u0105 egzoti\u0161ku aromatu.<\/p>\n<p>Pur\u0161kite pudr\u0105 tiesiai ant odos, laikydami buteliuk\u0105 15-20 cm atstumu nuo k\u016bno ar plauk\u0173. Norint u\u017etikrinti ilgesn\u012f efekt\u0105, prie\u0161 pur\u0161kim\u0105 rekomenduojama od\u0105 sudr\u0117kinti losjonu ar fiksatoriumi.<\/p>\n","protected":false},"excerpt":{"rendered":"<p>MIA Makeup\u201c \u0161vyt\u0117jim\u0105 suteikianti pur\u0161kiama pudra \u201eSPARKLING POWDER PINK\u201c idealiai tinka dekolt\u0117, pe\u010diams, rankoms, veidui ir plaukams pary\u0161kinti. Smulkios pudros dalel\u0117s subtiliai \u017evilga ir prilimpa prie odos, sukurdamos magi\u0161k\u0105 efekt\u0105.<\/p>\n","protected":false},"featured_media":18445,"template":"","meta":[],"product_brand":[522],"product_cat":[102,792,728],"product_tag":[1633],"class_list":{"0":"post-19545","1":"product","2":"type-product","3":"status-publish","4":"has-post-thumbnail","6":"product_brand-mia-makeup","7":"product_cat-dekoratyvine-kosmetika","8":"product_cat-veido-pudros","9":"product_cat-veidui","10":"product_tag-mia-makeup","12":"first","13":"instock","14":"sale","15":"taxable","16":"shipping-taxable","17":"purchasable","18":"product-type-simple"},"yoast_head":"<!-- This site is optimized with the Yoast SEO plugin v27.4 - https:\/\/yoast.com\/product\/yoast-seo-wordpress\/ -->\n<title>MIA MAKEUP SPARKLING POWDER PINK \u0161vyt\u0117jim\u0105 suteikianti pur\u0161kiama pudra, 5 g - MalinaShop.lt J\u016bs\u0173 sveikatai ir gro\u017eiui.<\/title>\n<meta name=\"description\" content=\"MIA Makeup\u201c \u0161vyt\u0117jim\u0105 suteikianti pur\u0161kiama pudra \u201eSPARKLING POWDER PINK\u201c idealiai tinka dekolt\u0117, pe\u010diams, rankoms, veidui ir plaukams pary\u0161kinti. Smulkios...\" \/>\n<meta name=\"robots\" content=\"index, follow, max-snippet:-1, max-image-preview:large, max-video-preview:-1\" \/>\n<link rel=\"canonical\" href=\"https:\/\/www.malinashop.lt\/lt_lt\/shop\/mia-makeup-sparkling-powder-pink-svytejima-suteikianti-purskiama-pudra-5-g\/\" \/>\n<meta property=\"og:locale\" content=\"lt_LT\" \/>\n<meta property=\"og:type\" content=\"article\" \/>\n<meta property=\"og:title\" content=\"MIA MAKEUP SPARKLING POWDER PINK \u0161vyt\u0117jim\u0105 suteikianti pur\u0161kiama pudra, 5 g - MalinaShop.lt J\u016bs\u0173 sveikatai ir gro\u017eiui.\" \/>\n<meta property=\"og:description\" content=\"MIA Makeup\u201c \u0161vyt\u0117jim\u0105 suteikianti pur\u0161kiama pudra \u201eSPARKLING POWDER PINK\u201c idealiai tinka dekolt\u0117, pe\u010diams, rankoms, veidui ir plaukams pary\u0161kinti. Smulkios...\" \/>\n<meta property=\"og:url\" content=\"https:\/\/www.malinashop.lt\/lt_lt\/shop\/mia-makeup-sparkling-powder-pink-svytejima-suteikianti-purskiama-pudra-5-g\/\" \/>\n<meta property=\"og:site_name\" content=\"MalinaShop.lt J\u016bs\u0173 sveikatai ir gro\u017eiui.\" \/>\n<meta property=\"article:modified_time\" content=\"2026-04-06T16:02:31+00:00\" \/>\n<meta property=\"og:image\" content=\"https:\/\/www.malinashop.lt\/wp-content\/uploads\/2024\/11\/MIA-MAKEUP-SPARKLING-POWDER-PINK-svytejima-suteikianti-purskiama-pudra-5-g.jpg\" \/>\n\t<meta property=\"og:image:width\" content=\"1000\" \/>\n\t<meta property=\"og:image:height\" content=\"1000\" \/>\n\t<meta property=\"og:image:type\" content=\"image\/jpeg\" \/>\n<meta name=\"twitter:card\" content=\"summary_large_image\" \/>\n<script type=\"application\/ld+json\" class=\"yoast-schema-graph\">{\"@context\":\"https:\\\/\\\/schema.org\",\"@graph\":[{\"@type\":\"WebPage\",\"@id\":\"https:\\\/\\\/www.malinashop.lt\\\/lt_lt\\\/shop\\\/mia-makeup-sparkling-powder-pink-svytejima-suteikianti-purskiama-pudra-5-g\\\/\",\"url\":\"https:\\\/\\\/www.malinashop.lt\\\/lt_lt\\\/shop\\\/mia-makeup-sparkling-powder-pink-svytejima-suteikianti-purskiama-pudra-5-g\\\/\",\"name\":\"MIA MAKEUP SPARKLING POWDER PINK \u0161vyt\u0117jim\u0105 suteikianti pur\u0161kiama pudra, 5 g - MalinaShop.lt J\u016bs\u0173 sveikatai ir gro\u017eiui.\",\"isPartOf\":{\"@id\":\"https:\\\/\\\/www.malinashop.lt\\\/en\\\/#website\"},\"primaryImageOfPage\":{\"@id\":\"https:\\\/\\\/www.malinashop.lt\\\/lt_lt\\\/shop\\\/mia-makeup-sparkling-powder-pink-svytejima-suteikianti-purskiama-pudra-5-g\\\/#primaryimage\"},\"image\":{\"@id\":\"https:\\\/\\\/www.malinashop.lt\\\/lt_lt\\\/shop\\\/mia-makeup-sparkling-powder-pink-svytejima-suteikianti-purskiama-pudra-5-g\\\/#primaryimage\"},\"thumbnailUrl\":\"https:\\\/\\\/www.malinashop.lt\\\/wp-content\\\/uploads\\\/2024\\\/11\\\/MIA-MAKEUP-SPARKLING-POWDER-PINK-svytejima-suteikianti-purskiama-pudra-5-g.jpg\",\"datePublished\":\"2024-11-06T12:52:04+00:00\",\"dateModified\":\"2026-04-06T16:02:31+00:00\",\"description\":\"MIA Makeup\u201c \u0161vyt\u0117jim\u0105 suteikianti pur\u0161kiama pudra \u201eSPARKLING POWDER PINK\u201c idealiai tinka dekolt\u0117, pe\u010diams, rankoms, veidui ir plaukams pary\u0161kinti. Smulkios...\",\"breadcrumb\":{\"@id\":\"https:\\\/\\\/www.malinashop.lt\\\/lt_lt\\\/shop\\\/mia-makeup-sparkling-powder-pink-svytejima-suteikianti-purskiama-pudra-5-g\\\/#breadcrumb\"},\"inLanguage\":\"lt-LT\",\"potentialAction\":[{\"@type\":\"ReadAction\",\"target\":[\"https:\\\/\\\/www.malinashop.lt\\\/lt_lt\\\/shop\\\/mia-makeup-sparkling-powder-pink-svytejima-suteikianti-purskiama-pudra-5-g\\\/\"]}]},{\"@type\":\"ImageObject\",\"inLanguage\":\"lt-LT\",\"@id\":\"https:\\\/\\\/www.malinashop.lt\\\/lt_lt\\\/shop\\\/mia-makeup-sparkling-powder-pink-svytejima-suteikianti-purskiama-pudra-5-g\\\/#primaryimage\",\"url\":\"https:\\\/\\\/www.malinashop.lt\\\/wp-content\\\/uploads\\\/2024\\\/11\\\/MIA-MAKEUP-SPARKLING-POWDER-PINK-svytejima-suteikianti-purskiama-pudra-5-g.jpg\",\"contentUrl\":\"https:\\\/\\\/www.malinashop.lt\\\/wp-content\\\/uploads\\\/2024\\\/11\\\/MIA-MAKEUP-SPARKLING-POWDER-PINK-svytejima-suteikianti-purskiama-pudra-5-g.jpg\",\"width\":1000,\"height\":1000},{\"@type\":\"BreadcrumbList\",\"@id\":\"https:\\\/\\\/www.malinashop.lt\\\/lt_lt\\\/shop\\\/mia-makeup-sparkling-powder-pink-svytejima-suteikianti-purskiama-pudra-5-g\\\/#breadcrumb\",\"itemListElement\":[{\"@type\":\"ListItem\",\"position\":1,\"name\":\"Home\",\"item\":\"https:\\\/\\\/www.malinashop.lt\\\/en\\\/\"},{\"@type\":\"ListItem\",\"position\":2,\"name\":\"Parduotuv\u0117\",\"item\":\"https:\\\/\\\/www.malinashop.lt\\\/en\\\/parduotuve\\\/\"},{\"@type\":\"ListItem\",\"position\":3,\"name\":\"MIA MAKEUP SPARKLING POWDER PINK \u0161vyt\u0117jim\u0105 suteikianti pur\u0161kiama pudra, 5 g\"}]},{\"@type\":\"WebSite\",\"@id\":\"https:\\\/\\\/www.malinashop.lt\\\/en\\\/#website\",\"url\":\"https:\\\/\\\/www.malinashop.lt\\\/en\\\/\",\"name\":\"COM Group Ecommerce\",\"description\":\"MalinaShop.lt - Gro\u017eio ir sveikatos produktai i\u0161 patikim\u0173 preki\u0173 \u017eenkl\u0173. Atraskite auk\u0161tos kokyb\u0117s kosmetik\u0105 u\u017e puiki\u0105 kain\u0105.\",\"publisher\":{\"@id\":\"https:\\\/\\\/www.malinashop.lt\\\/en\\\/#organization\"},\"potentialAction\":[{\"@type\":\"SearchAction\",\"target\":{\"@type\":\"EntryPoint\",\"urlTemplate\":\"https:\\\/\\\/www.malinashop.lt\\\/en\\\/?s={search_term_string}\"},\"query-input\":{\"@type\":\"PropertyValueSpecification\",\"valueRequired\":true,\"valueName\":\"search_term_string\"}}],\"inLanguage\":\"lt-LT\"},{\"@type\":\"Organization\",\"@id\":\"https:\\\/\\\/www.malinashop.lt\\\/en\\\/#organization\",\"name\":\"COM Group Ecommerce\",\"url\":\"https:\\\/\\\/www.malinashop.lt\\\/en\\\/\",\"logo\":{\"@type\":\"ImageObject\",\"inLanguage\":\"lt-LT\",\"@id\":\"https:\\\/\\\/www.malinashop.lt\\\/en\\\/#\\\/schema\\\/logo\\\/image\\\/\",\"url\":\"https:\\\/\\\/www.malinashop.lt\\\/wp-content\\\/uploads\\\/2024\\\/08\\\/462559670_3787732518133670_9795632669273463_n-e1731525914575.png\",\"contentUrl\":\"https:\\\/\\\/www.malinashop.lt\\\/wp-content\\\/uploads\\\/2024\\\/08\\\/462559670_3787732518133670_9795632669273463_n-e1731525914575.png\",\"width\":180,\"height\":60,\"caption\":\"COM Group Ecommerce\"},\"image\":{\"@id\":\"https:\\\/\\\/www.malinashop.lt\\\/en\\\/#\\\/schema\\\/logo\\\/image\\\/\"}}]}<\/script>\n<!-- \/ Yoast SEO plugin. -->","yoast_head_json":{"title":"MIA MAKEUP SPARKLING POWDER PINK \u0161vyt\u0117jim\u0105 suteikianti pur\u0161kiama pudra, 5 g - MalinaShop.lt J\u016bs\u0173 sveikatai ir gro\u017eiui.","description":"MIA Makeup\u201c \u0161vyt\u0117jim\u0105 suteikianti pur\u0161kiama pudra \u201eSPARKLING POWDER PINK\u201c idealiai tinka dekolt\u0117, pe\u010diams, rankoms, veidui ir plaukams pary\u0161kinti. Smulkios...","robots":{"index":"index","follow":"follow","max-snippet":"max-snippet:-1","max-image-preview":"max-image-preview:large","max-video-preview":"max-video-preview:-1"},"canonical":"https:\/\/www.malinashop.lt\/lt_lt\/shop\/mia-makeup-sparkling-powder-pink-svytejima-suteikianti-purskiama-pudra-5-g\/","og_locale":"lt_LT","og_type":"article","og_title":"MIA MAKEUP SPARKLING POWDER PINK \u0161vyt\u0117jim\u0105 suteikianti pur\u0161kiama pudra, 5 g - MalinaShop.lt J\u016bs\u0173 sveikatai ir gro\u017eiui.","og_description":"MIA Makeup\u201c \u0161vyt\u0117jim\u0105 suteikianti pur\u0161kiama pudra \u201eSPARKLING POWDER PINK\u201c idealiai tinka dekolt\u0117, pe\u010diams, rankoms, veidui ir plaukams pary\u0161kinti. Smulkios...","og_url":"https:\/\/www.malinashop.lt\/lt_lt\/shop\/mia-makeup-sparkling-powder-pink-svytejima-suteikianti-purskiama-pudra-5-g\/","og_site_name":"MalinaShop.lt J\u016bs\u0173 sveikatai ir gro\u017eiui.","article_modified_time":"2026-04-06T16:02:31+00:00","og_image":[{"width":1000,"height":1000,"url":"https:\/\/www.malinashop.lt\/wp-content\/uploads\/2024\/11\/MIA-MAKEUP-SPARKLING-POWDER-PINK-svytejima-suteikianti-purskiama-pudra-5-g.jpg","type":"image\/jpeg"}],"twitter_card":"summary_large_image","schema":{"@context":"https:\/\/schema.org","@graph":[{"@type":"WebPage","@id":"https:\/\/www.malinashop.lt\/lt_lt\/shop\/mia-makeup-sparkling-powder-pink-svytejima-suteikianti-purskiama-pudra-5-g\/","url":"https:\/\/www.malinashop.lt\/lt_lt\/shop\/mia-makeup-sparkling-powder-pink-svytejima-suteikianti-purskiama-pudra-5-g\/","name":"MIA MAKEUP SPARKLING POWDER PINK \u0161vyt\u0117jim\u0105 suteikianti pur\u0161kiama pudra, 5 g - MalinaShop.lt J\u016bs\u0173 sveikatai ir gro\u017eiui.","isPartOf":{"@id":"https:\/\/www.malinashop.lt\/en\/#website"},"primaryImageOfPage":{"@id":"https:\/\/www.malinashop.lt\/lt_lt\/shop\/mia-makeup-sparkling-powder-pink-svytejima-suteikianti-purskiama-pudra-5-g\/#primaryimage"},"image":{"@id":"https:\/\/www.malinashop.lt\/lt_lt\/shop\/mia-makeup-sparkling-powder-pink-svytejima-suteikianti-purskiama-pudra-5-g\/#primaryimage"},"thumbnailUrl":"https:\/\/www.malinashop.lt\/wp-content\/uploads\/2024\/11\/MIA-MAKEUP-SPARKLING-POWDER-PINK-svytejima-suteikianti-purskiama-pudra-5-g.jpg","datePublished":"2024-11-06T12:52:04+00:00","dateModified":"2026-04-06T16:02:31+00:00","description":"MIA Makeup\u201c \u0161vyt\u0117jim\u0105 suteikianti pur\u0161kiama pudra \u201eSPARKLING POWDER PINK\u201c idealiai tinka dekolt\u0117, pe\u010diams, rankoms, veidui ir plaukams pary\u0161kinti. Smulkios...","breadcrumb":{"@id":"https:\/\/www.malinashop.lt\/lt_lt\/shop\/mia-makeup-sparkling-powder-pink-svytejima-suteikianti-purskiama-pudra-5-g\/#breadcrumb"},"inLanguage":"lt-LT","potentialAction":[{"@type":"ReadAction","target":["https:\/\/www.malinashop.lt\/lt_lt\/shop\/mia-makeup-sparkling-powder-pink-svytejima-suteikianti-purskiama-pudra-5-g\/"]}]},{"@type":"ImageObject","inLanguage":"lt-LT","@id":"https:\/\/www.malinashop.lt\/lt_lt\/shop\/mia-makeup-sparkling-powder-pink-svytejima-suteikianti-purskiama-pudra-5-g\/#primaryimage","url":"https:\/\/www.malinashop.lt\/wp-content\/uploads\/2024\/11\/MIA-MAKEUP-SPARKLING-POWDER-PINK-svytejima-suteikianti-purskiama-pudra-5-g.jpg","contentUrl":"https:\/\/www.malinashop.lt\/wp-content\/uploads\/2024\/11\/MIA-MAKEUP-SPARKLING-POWDER-PINK-svytejima-suteikianti-purskiama-pudra-5-g.jpg","width":1000,"height":1000},{"@type":"BreadcrumbList","@id":"https:\/\/www.malinashop.lt\/lt_lt\/shop\/mia-makeup-sparkling-powder-pink-svytejima-suteikianti-purskiama-pudra-5-g\/#breadcrumb","itemListElement":[{"@type":"ListItem","position":1,"name":"Home","item":"https:\/\/www.malinashop.lt\/en\/"},{"@type":"ListItem","position":2,"name":"Parduotuv\u0117","item":"https:\/\/www.malinashop.lt\/en\/parduotuve\/"},{"@type":"ListItem","position":3,"name":"MIA MAKEUP SPARKLING POWDER PINK \u0161vyt\u0117jim\u0105 suteikianti pur\u0161kiama pudra, 5 g"}]},{"@type":"WebSite","@id":"https:\/\/www.malinashop.lt\/en\/#website","url":"https:\/\/www.malinashop.lt\/en\/","name":"COM Group Ecommerce","description":"MalinaShop.lt - Gro\u017eio ir sveikatos produktai i\u0161 patikim\u0173 preki\u0173 \u017eenkl\u0173. Atraskite auk\u0161tos kokyb\u0117s kosmetik\u0105 u\u017e puiki\u0105 kain\u0105.","publisher":{"@id":"https:\/\/www.malinashop.lt\/en\/#organization"},"potentialAction":[{"@type":"SearchAction","target":{"@type":"EntryPoint","urlTemplate":"https:\/\/www.malinashop.lt\/en\/?s={search_term_string}"},"query-input":{"@type":"PropertyValueSpecification","valueRequired":true,"valueName":"search_term_string"}}],"inLanguage":"lt-LT"},{"@type":"Organization","@id":"https:\/\/www.malinashop.lt\/en\/#organization","name":"COM Group Ecommerce","url":"https:\/\/www.malinashop.lt\/en\/","logo":{"@type":"ImageObject","inLanguage":"lt-LT","@id":"https:\/\/www.malinashop.lt\/en\/#\/schema\/logo\/image\/","url":"https:\/\/www.malinashop.lt\/wp-content\/uploads\/2024\/08\/462559670_3787732518133670_9795632669273463_n-e1731525914575.png","contentUrl":"https:\/\/www.malinashop.lt\/wp-content\/uploads\/2024\/08\/462559670_3787732518133670_9795632669273463_n-e1731525914575.png","width":180,"height":60,"caption":"COM Group Ecommerce"},"image":{"@id":"https:\/\/www.malinashop.lt\/en\/#\/schema\/logo\/image\/"}}]}},"jetpack_sharing_enabled":true,"_links":{"self":[{"href":"https:\/\/www.malinashop.lt\/lt_lt\/wp-json\/wp\/v2\/product\/19545","targetHints":{"allow":["GET"]}}],"collection":[{"href":"https:\/\/www.malinashop.lt\/lt_lt\/wp-json\/wp\/v2\/product"}],"about":[{"href":"https:\/\/www.malinashop.lt\/lt_lt\/wp-json\/wp\/v2\/types\/product"}],"version-history":[{"count":2,"href":"https:\/\/www.malinashop.lt\/lt_lt\/wp-json\/wp\/v2\/product\/19545\/revisions"}],"predecessor-version":[{"id":76185,"href":"https:\/\/www.malinashop.lt\/lt_lt\/wp-json\/wp\/v2\/product\/19545\/revisions\/76185"}],"wp:featuredmedia":[{"embeddable":true,"href":"https:\/\/www.malinashop.lt\/lt_lt\/wp-json\/wp\/v2\/media\/18445"}],"wp:attachment":[{"href":"https:\/\/www.malinashop.lt\/lt_lt\/wp-json\/wp\/v2\/media?parent=19545"}],"wp:term":[{"taxonomy":"product_brand","embeddable":true,"href":"https:\/\/www.malinashop.lt\/lt_lt\/wp-json\/wp\/v2\/product_brand?post=19545"},{"taxonomy":"product_cat","embeddable":true,"href":"https:\/\/www.malinashop.lt\/lt_lt\/wp-json\/wp\/v2\/product_cat?post=19545"},{"taxonomy":"product_tag","embeddable":true,"href":"https:\/\/www.malinashop.lt\/lt_lt\/wp-json\/wp\/v2\/product_tag?post=19545"}],"curies":[{"name":"wp","href":"https:\/\/api.w.org\/{rel}","templated":true}]}}