{"id":19515,"date":"2024-11-06T15:51:58","date_gmt":"2024-11-06T12:51:58","guid":{"rendered":"https:\/\/malinashop.lt\/produktas\/mia-makeup-nude-lighter-lupu-balzamas-blizgis-4ml\/"},"modified":"2026-04-06T19:02:23","modified_gmt":"2026-04-06T16:02:23","slug":"mia-makeup-nude-lighter-lupu-balzamas-blizgis-4ml","status":"publish","type":"product","link":"https:\/\/www.malinashop.lt\/lt_lt\/shop\/mia-makeup-nude-lighter-lupu-balzamas-blizgis-4ml\/","title":{"rendered":"MIA MAKEUP NUDE LIGHTER l\u016bp\u0173 balzamas \u2013 blizgis, 4ml"},"content":{"rendered":"<p>MIA Makeup\u201c l\u016bp\u0173 balzamas-blizgis \u201eSOFT LIPS\u201c yra praturtintas augaliniu sviestu, suteikian\u010diu raminan\u010di\u0173 ir dr\u0117kinan\u010di\u0173 savybi\u0173. Kremin\u0117 formul\u0117, turinti argano aliejaus ir alavijo, maitina ir atkuria l\u016bp\u0173 dr\u0117gm\u0119, subtiliai pary\u0161kindama \u0161velni\u0105 spalv\u0105. Nelipni \u201eSOFT LIPS\u201c tekst\u016bra puikiai tinka sausoms, skilin\u0117jan\u010dioms l\u016bpoms, suteikdama malon\u0173 komfort\u0105 ir gaiv\u0173, nat\u016bral\u0173 \u012fvaizd\u012f. Idealus kasdieniam makia\u017eui!<\/p>\n","protected":false},"excerpt":{"rendered":"<p>MIA Makeup\u201c l\u016bp\u0173 balzamas-blizgis \u201eSOFT LIPS\u201c yra praturtintas augaliniu sviestu, suteikian\u010diu raminan\u010di\u0173 ir dr\u0117kinan\u010di\u0173 savybi\u0173. Kremin\u0117 formul\u0117, turinti argano aliejaus ir alavijo, maitina ir atkuria l\u016bp\u0173 dr\u0117gm\u0119, subtiliai pary\u0161kindama \u0161velni\u0105 spalv\u0105.<\/p>\n","protected":false},"featured_media":18335,"template":"","meta":[],"product_brand":[522],"product_cat":[102,708,523],"product_tag":[1633],"class_list":{"0":"post-19515","1":"product","2":"type-product","3":"status-publish","4":"has-post-thumbnail","6":"product_brand-mia-makeup","7":"product_cat-dekoratyvine-kosmetika","8":"product_cat-lupoms","9":"product_cat-lupu-blizgiai","10":"product_tag-mia-makeup","12":"first","13":"instock","14":"sale","15":"taxable","16":"shipping-taxable","17":"purchasable","18":"product-type-simple"},"yoast_head":"<!-- This site is optimized with the Yoast SEO plugin v27.4 - https:\/\/yoast.com\/product\/yoast-seo-wordpress\/ -->\n<title>MIA MAKEUP NUDE LIGHTER l\u016bp\u0173 balzamas \u2013 blizgis, 4ml - MalinaShop.lt J\u016bs\u0173 sveikatai ir gro\u017eiui.<\/title>\n<meta name=\"description\" content=\"MIA Makeup\u201c l\u016bp\u0173 balzamas-blizgis \u201eSOFT LIPS\u201c yra praturtintas augaliniu sviestu, suteikian\u010diu raminan\u010di\u0173 ir dr\u0117kinan\u010di\u0173 savybi\u0173. Kremin\u0117 formul\u0117, turinti...\" \/>\n<meta name=\"robots\" content=\"index, follow, max-snippet:-1, max-image-preview:large, max-video-preview:-1\" \/>\n<link rel=\"canonical\" href=\"https:\/\/www.malinashop.lt\/lt_lt\/shop\/mia-makeup-nude-lighter-lupu-balzamas-blizgis-4ml\/\" \/>\n<meta property=\"og:locale\" content=\"lt_LT\" \/>\n<meta property=\"og:type\" content=\"article\" \/>\n<meta property=\"og:title\" content=\"MIA MAKEUP NUDE LIGHTER l\u016bp\u0173 balzamas \u2013 blizgis, 4ml - MalinaShop.lt J\u016bs\u0173 sveikatai ir gro\u017eiui.\" \/>\n<meta property=\"og:description\" content=\"MIA Makeup\u201c l\u016bp\u0173 balzamas-blizgis \u201eSOFT LIPS\u201c yra praturtintas augaliniu sviestu, suteikian\u010diu raminan\u010di\u0173 ir dr\u0117kinan\u010di\u0173 savybi\u0173. Kremin\u0117 formul\u0117, turinti...\" \/>\n<meta property=\"og:url\" content=\"https:\/\/www.malinashop.lt\/lt_lt\/shop\/mia-makeup-nude-lighter-lupu-balzamas-blizgis-4ml\/\" \/>\n<meta property=\"og:site_name\" content=\"MalinaShop.lt J\u016bs\u0173 sveikatai ir gro\u017eiui.\" \/>\n<meta property=\"article:modified_time\" content=\"2026-04-06T16:02:23+00:00\" \/>\n<meta property=\"og:image\" content=\"https:\/\/www.malinashop.lt\/wp-content\/uploads\/2024\/11\/MIA-MAKEUP-NUDE-LIGHTER-lupu-balzamas-\u2013-blizgis-4ml.jpg\" \/>\n\t<meta property=\"og:image:width\" content=\"768\" \/>\n\t<meta property=\"og:image:height\" content=\"768\" \/>\n\t<meta property=\"og:image:type\" content=\"image\/jpeg\" \/>\n<meta name=\"twitter:card\" content=\"summary_large_image\" \/>\n<script type=\"application\/ld+json\" class=\"yoast-schema-graph\">{\"@context\":\"https:\\\/\\\/schema.org\",\"@graph\":[{\"@type\":\"WebPage\",\"@id\":\"https:\\\/\\\/www.malinashop.lt\\\/lt_lt\\\/shop\\\/mia-makeup-nude-lighter-lupu-balzamas-blizgis-4ml\\\/\",\"url\":\"https:\\\/\\\/www.malinashop.lt\\\/lt_lt\\\/shop\\\/mia-makeup-nude-lighter-lupu-balzamas-blizgis-4ml\\\/\",\"name\":\"MIA MAKEUP NUDE LIGHTER l\u016bp\u0173 balzamas \u2013 blizgis, 4ml - MalinaShop.lt J\u016bs\u0173 sveikatai ir gro\u017eiui.\",\"isPartOf\":{\"@id\":\"https:\\\/\\\/www.malinashop.lt\\\/en\\\/#website\"},\"primaryImageOfPage\":{\"@id\":\"https:\\\/\\\/www.malinashop.lt\\\/lt_lt\\\/shop\\\/mia-makeup-nude-lighter-lupu-balzamas-blizgis-4ml\\\/#primaryimage\"},\"image\":{\"@id\":\"https:\\\/\\\/www.malinashop.lt\\\/lt_lt\\\/shop\\\/mia-makeup-nude-lighter-lupu-balzamas-blizgis-4ml\\\/#primaryimage\"},\"thumbnailUrl\":\"https:\\\/\\\/www.malinashop.lt\\\/wp-content\\\/uploads\\\/2024\\\/11\\\/MIA-MAKEUP-NUDE-LIGHTER-lupu-balzamas-\u2013-blizgis-4ml.jpg\",\"datePublished\":\"2024-11-06T12:51:58+00:00\",\"dateModified\":\"2026-04-06T16:02:23+00:00\",\"description\":\"MIA Makeup\u201c l\u016bp\u0173 balzamas-blizgis \u201eSOFT LIPS\u201c yra praturtintas augaliniu sviestu, suteikian\u010diu raminan\u010di\u0173 ir dr\u0117kinan\u010di\u0173 savybi\u0173. Kremin\u0117 formul\u0117, turinti...\",\"breadcrumb\":{\"@id\":\"https:\\\/\\\/www.malinashop.lt\\\/lt_lt\\\/shop\\\/mia-makeup-nude-lighter-lupu-balzamas-blizgis-4ml\\\/#breadcrumb\"},\"inLanguage\":\"lt-LT\",\"potentialAction\":[{\"@type\":\"ReadAction\",\"target\":[\"https:\\\/\\\/www.malinashop.lt\\\/lt_lt\\\/shop\\\/mia-makeup-nude-lighter-lupu-balzamas-blizgis-4ml\\\/\"]}]},{\"@type\":\"ImageObject\",\"inLanguage\":\"lt-LT\",\"@id\":\"https:\\\/\\\/www.malinashop.lt\\\/lt_lt\\\/shop\\\/mia-makeup-nude-lighter-lupu-balzamas-blizgis-4ml\\\/#primaryimage\",\"url\":\"https:\\\/\\\/www.malinashop.lt\\\/wp-content\\\/uploads\\\/2024\\\/11\\\/MIA-MAKEUP-NUDE-LIGHTER-lupu-balzamas-\u2013-blizgis-4ml.jpg\",\"contentUrl\":\"https:\\\/\\\/www.malinashop.lt\\\/wp-content\\\/uploads\\\/2024\\\/11\\\/MIA-MAKEUP-NUDE-LIGHTER-lupu-balzamas-\u2013-blizgis-4ml.jpg\",\"width\":768,\"height\":768},{\"@type\":\"BreadcrumbList\",\"@id\":\"https:\\\/\\\/www.malinashop.lt\\\/lt_lt\\\/shop\\\/mia-makeup-nude-lighter-lupu-balzamas-blizgis-4ml\\\/#breadcrumb\",\"itemListElement\":[{\"@type\":\"ListItem\",\"position\":1,\"name\":\"Home\",\"item\":\"https:\\\/\\\/www.malinashop.lt\\\/en\\\/\"},{\"@type\":\"ListItem\",\"position\":2,\"name\":\"Parduotuv\u0117\",\"item\":\"https:\\\/\\\/www.malinashop.lt\\\/en\\\/parduotuve\\\/\"},{\"@type\":\"ListItem\",\"position\":3,\"name\":\"MIA MAKEUP NUDE LIGHTER l\u016bp\u0173 balzamas \u2013 blizgis, 4ml\"}]},{\"@type\":\"WebSite\",\"@id\":\"https:\\\/\\\/www.malinashop.lt\\\/en\\\/#website\",\"url\":\"https:\\\/\\\/www.malinashop.lt\\\/en\\\/\",\"name\":\"COM Group Ecommerce\",\"description\":\"MalinaShop.lt - Gro\u017eio ir sveikatos produktai i\u0161 patikim\u0173 preki\u0173 \u017eenkl\u0173. Atraskite auk\u0161tos kokyb\u0117s kosmetik\u0105 u\u017e puiki\u0105 kain\u0105.\",\"publisher\":{\"@id\":\"https:\\\/\\\/www.malinashop.lt\\\/en\\\/#organization\"},\"potentialAction\":[{\"@type\":\"SearchAction\",\"target\":{\"@type\":\"EntryPoint\",\"urlTemplate\":\"https:\\\/\\\/www.malinashop.lt\\\/en\\\/?s={search_term_string}\"},\"query-input\":{\"@type\":\"PropertyValueSpecification\",\"valueRequired\":true,\"valueName\":\"search_term_string\"}}],\"inLanguage\":\"lt-LT\"},{\"@type\":\"Organization\",\"@id\":\"https:\\\/\\\/www.malinashop.lt\\\/en\\\/#organization\",\"name\":\"COM Group Ecommerce\",\"url\":\"https:\\\/\\\/www.malinashop.lt\\\/en\\\/\",\"logo\":{\"@type\":\"ImageObject\",\"inLanguage\":\"lt-LT\",\"@id\":\"https:\\\/\\\/www.malinashop.lt\\\/en\\\/#\\\/schema\\\/logo\\\/image\\\/\",\"url\":\"https:\\\/\\\/www.malinashop.lt\\\/wp-content\\\/uploads\\\/2024\\\/08\\\/462559670_3787732518133670_9795632669273463_n-e1731525914575.png\",\"contentUrl\":\"https:\\\/\\\/www.malinashop.lt\\\/wp-content\\\/uploads\\\/2024\\\/08\\\/462559670_3787732518133670_9795632669273463_n-e1731525914575.png\",\"width\":180,\"height\":60,\"caption\":\"COM Group Ecommerce\"},\"image\":{\"@id\":\"https:\\\/\\\/www.malinashop.lt\\\/en\\\/#\\\/schema\\\/logo\\\/image\\\/\"}}]}<\/script>\n<!-- \/ Yoast SEO plugin. -->","yoast_head_json":{"title":"MIA MAKEUP NUDE LIGHTER l\u016bp\u0173 balzamas \u2013 blizgis, 4ml - MalinaShop.lt J\u016bs\u0173 sveikatai ir gro\u017eiui.","description":"MIA Makeup\u201c l\u016bp\u0173 balzamas-blizgis \u201eSOFT LIPS\u201c yra praturtintas augaliniu sviestu, suteikian\u010diu raminan\u010di\u0173 ir dr\u0117kinan\u010di\u0173 savybi\u0173. Kremin\u0117 formul\u0117, turinti...","robots":{"index":"index","follow":"follow","max-snippet":"max-snippet:-1","max-image-preview":"max-image-preview:large","max-video-preview":"max-video-preview:-1"},"canonical":"https:\/\/www.malinashop.lt\/lt_lt\/shop\/mia-makeup-nude-lighter-lupu-balzamas-blizgis-4ml\/","og_locale":"lt_LT","og_type":"article","og_title":"MIA MAKEUP NUDE LIGHTER l\u016bp\u0173 balzamas \u2013 blizgis, 4ml - MalinaShop.lt J\u016bs\u0173 sveikatai ir gro\u017eiui.","og_description":"MIA Makeup\u201c l\u016bp\u0173 balzamas-blizgis \u201eSOFT LIPS\u201c yra praturtintas augaliniu sviestu, suteikian\u010diu raminan\u010di\u0173 ir dr\u0117kinan\u010di\u0173 savybi\u0173. Kremin\u0117 formul\u0117, turinti...","og_url":"https:\/\/www.malinashop.lt\/lt_lt\/shop\/mia-makeup-nude-lighter-lupu-balzamas-blizgis-4ml\/","og_site_name":"MalinaShop.lt J\u016bs\u0173 sveikatai ir gro\u017eiui.","article_modified_time":"2026-04-06T16:02:23+00:00","og_image":[{"width":768,"height":768,"url":"https:\/\/www.malinashop.lt\/wp-content\/uploads\/2024\/11\/MIA-MAKEUP-NUDE-LIGHTER-lupu-balzamas-\u2013-blizgis-4ml.jpg","type":"image\/jpeg"}],"twitter_card":"summary_large_image","schema":{"@context":"https:\/\/schema.org","@graph":[{"@type":"WebPage","@id":"https:\/\/www.malinashop.lt\/lt_lt\/shop\/mia-makeup-nude-lighter-lupu-balzamas-blizgis-4ml\/","url":"https:\/\/www.malinashop.lt\/lt_lt\/shop\/mia-makeup-nude-lighter-lupu-balzamas-blizgis-4ml\/","name":"MIA MAKEUP NUDE LIGHTER l\u016bp\u0173 balzamas \u2013 blizgis, 4ml - MalinaShop.lt J\u016bs\u0173 sveikatai ir gro\u017eiui.","isPartOf":{"@id":"https:\/\/www.malinashop.lt\/en\/#website"},"primaryImageOfPage":{"@id":"https:\/\/www.malinashop.lt\/lt_lt\/shop\/mia-makeup-nude-lighter-lupu-balzamas-blizgis-4ml\/#primaryimage"},"image":{"@id":"https:\/\/www.malinashop.lt\/lt_lt\/shop\/mia-makeup-nude-lighter-lupu-balzamas-blizgis-4ml\/#primaryimage"},"thumbnailUrl":"https:\/\/www.malinashop.lt\/wp-content\/uploads\/2024\/11\/MIA-MAKEUP-NUDE-LIGHTER-lupu-balzamas-\u2013-blizgis-4ml.jpg","datePublished":"2024-11-06T12:51:58+00:00","dateModified":"2026-04-06T16:02:23+00:00","description":"MIA Makeup\u201c l\u016bp\u0173 balzamas-blizgis \u201eSOFT LIPS\u201c yra praturtintas augaliniu sviestu, suteikian\u010diu raminan\u010di\u0173 ir dr\u0117kinan\u010di\u0173 savybi\u0173. Kremin\u0117 formul\u0117, turinti...","breadcrumb":{"@id":"https:\/\/www.malinashop.lt\/lt_lt\/shop\/mia-makeup-nude-lighter-lupu-balzamas-blizgis-4ml\/#breadcrumb"},"inLanguage":"lt-LT","potentialAction":[{"@type":"ReadAction","target":["https:\/\/www.malinashop.lt\/lt_lt\/shop\/mia-makeup-nude-lighter-lupu-balzamas-blizgis-4ml\/"]}]},{"@type":"ImageObject","inLanguage":"lt-LT","@id":"https:\/\/www.malinashop.lt\/lt_lt\/shop\/mia-makeup-nude-lighter-lupu-balzamas-blizgis-4ml\/#primaryimage","url":"https:\/\/www.malinashop.lt\/wp-content\/uploads\/2024\/11\/MIA-MAKEUP-NUDE-LIGHTER-lupu-balzamas-\u2013-blizgis-4ml.jpg","contentUrl":"https:\/\/www.malinashop.lt\/wp-content\/uploads\/2024\/11\/MIA-MAKEUP-NUDE-LIGHTER-lupu-balzamas-\u2013-blizgis-4ml.jpg","width":768,"height":768},{"@type":"BreadcrumbList","@id":"https:\/\/www.malinashop.lt\/lt_lt\/shop\/mia-makeup-nude-lighter-lupu-balzamas-blizgis-4ml\/#breadcrumb","itemListElement":[{"@type":"ListItem","position":1,"name":"Home","item":"https:\/\/www.malinashop.lt\/en\/"},{"@type":"ListItem","position":2,"name":"Parduotuv\u0117","item":"https:\/\/www.malinashop.lt\/en\/parduotuve\/"},{"@type":"ListItem","position":3,"name":"MIA MAKEUP NUDE LIGHTER l\u016bp\u0173 balzamas \u2013 blizgis, 4ml"}]},{"@type":"WebSite","@id":"https:\/\/www.malinashop.lt\/en\/#website","url":"https:\/\/www.malinashop.lt\/en\/","name":"COM Group Ecommerce","description":"MalinaShop.lt - Gro\u017eio ir sveikatos produktai i\u0161 patikim\u0173 preki\u0173 \u017eenkl\u0173. Atraskite auk\u0161tos kokyb\u0117s kosmetik\u0105 u\u017e puiki\u0105 kain\u0105.","publisher":{"@id":"https:\/\/www.malinashop.lt\/en\/#organization"},"potentialAction":[{"@type":"SearchAction","target":{"@type":"EntryPoint","urlTemplate":"https:\/\/www.malinashop.lt\/en\/?s={search_term_string}"},"query-input":{"@type":"PropertyValueSpecification","valueRequired":true,"valueName":"search_term_string"}}],"inLanguage":"lt-LT"},{"@type":"Organization","@id":"https:\/\/www.malinashop.lt\/en\/#organization","name":"COM Group Ecommerce","url":"https:\/\/www.malinashop.lt\/en\/","logo":{"@type":"ImageObject","inLanguage":"lt-LT","@id":"https:\/\/www.malinashop.lt\/en\/#\/schema\/logo\/image\/","url":"https:\/\/www.malinashop.lt\/wp-content\/uploads\/2024\/08\/462559670_3787732518133670_9795632669273463_n-e1731525914575.png","contentUrl":"https:\/\/www.malinashop.lt\/wp-content\/uploads\/2024\/08\/462559670_3787732518133670_9795632669273463_n-e1731525914575.png","width":180,"height":60,"caption":"COM Group Ecommerce"},"image":{"@id":"https:\/\/www.malinashop.lt\/en\/#\/schema\/logo\/image\/"}}]}},"jetpack_sharing_enabled":true,"_links":{"self":[{"href":"https:\/\/www.malinashop.lt\/lt_lt\/wp-json\/wp\/v2\/product\/19515","targetHints":{"allow":["GET"]}}],"collection":[{"href":"https:\/\/www.malinashop.lt\/lt_lt\/wp-json\/wp\/v2\/product"}],"about":[{"href":"https:\/\/www.malinashop.lt\/lt_lt\/wp-json\/wp\/v2\/types\/product"}],"version-history":[{"count":3,"href":"https:\/\/www.malinashop.lt\/lt_lt\/wp-json\/wp\/v2\/product\/19515\/revisions"}],"predecessor-version":[{"id":76170,"href":"https:\/\/www.malinashop.lt\/lt_lt\/wp-json\/wp\/v2\/product\/19515\/revisions\/76170"}],"wp:featuredmedia":[{"embeddable":true,"href":"https:\/\/www.malinashop.lt\/lt_lt\/wp-json\/wp\/v2\/media\/18335"}],"wp:attachment":[{"href":"https:\/\/www.malinashop.lt\/lt_lt\/wp-json\/wp\/v2\/media?parent=19515"}],"wp:term":[{"taxonomy":"product_brand","embeddable":true,"href":"https:\/\/www.malinashop.lt\/lt_lt\/wp-json\/wp\/v2\/product_brand?post=19515"},{"taxonomy":"product_cat","embeddable":true,"href":"https:\/\/www.malinashop.lt\/lt_lt\/wp-json\/wp\/v2\/product_cat?post=19515"},{"taxonomy":"product_tag","embeddable":true,"href":"https:\/\/www.malinashop.lt\/lt_lt\/wp-json\/wp\/v2\/product_tag?post=19515"}],"curies":[{"name":"wp","href":"https:\/\/api.w.org\/{rel}","templated":true}]}}