{"id":19445,"date":"2024-11-06T15:51:51","date_gmt":"2024-11-06T12:51:51","guid":{"rendered":"https:\/\/malinashop.lt\/produktas\/technique-alkemy-sleek-glotninanti-ir-apsauganti-kauke-plaukams-500-ml\/"},"modified":"2026-02-13T00:11:14","modified_gmt":"2026-02-12T21:11:14","slug":"technique-alkemy-sleek-glotninanti-ir-apsauganti-kauke-plaukams-500-ml","status":"publish","type":"product","link":"https:\/\/www.malinashop.lt\/lt_lt\/shop\/technique-alkemy-sleek-glotninanti-ir-apsauganti-kauke-plaukams-500-ml\/","title":{"rendered":"TECHNIQUE ALKEMY SLEEK glotninanti ir apsauganti kauk\u0117 plaukams, 500 ml"},"content":{"rendered":"<p>TECHNIQUE glotninanti ir apsauganti kauk\u0117 ALKEMY SLEEK idealiai tinka nepaklusni\u0173 ir sunkiai formuojam\u0173 plauk\u0173 prie\u017ei\u016brai. Sud\u0117tyje esantis medviln\u0117s s\u0117kl\u0173 aliejus mink\u0161tina ir giliai dr\u0117kina plaukus.<\/p>\n<p>Medviln\u0117s s\u0117kl\u0173 aliejus: atkuria plauk\u0173 \u0161velnum\u0105, blizges\u012f ir suteikia nat\u016brali\u0105 i\u0161vaizd\u0105. Tur\u0117damas daug riebal\u0173 r\u016bg\u0161\u010di\u0173, jis giliai dr\u0117kina ir mink\u0161tina galvos od\u0105, sukuria apsaugin\u0119 pl\u0117vel\u0119 ant plauko, padedan\u010di\u0105 i\u0161laikyti dr\u0117gm\u0119. Aliejus greitai absorbuojamas, tad rezultatai matomi jau po pirmojo naudojimo.<br \/>\nRicinos aliejus: \u017einomas kaip gro\u017eio eliksyras, nes jame gausu vitamino E, baltym\u0173 ir omega-6 bei omega-9 riebal\u0173 r\u016bg\u0161\u010di\u0173. Jis ma\u017eina plauk\u0173 slinkim\u0105, prie\u0161laikin\u012f \u017eilim\u0105 ir galvos odos problemas, tuo pa\u010diu skatindamas plauk\u0173 augim\u0105.<br \/>\nNaudojimas: tepkite nedidel\u012f kauk\u0117s kiek\u012f ant \u0161amp\u016bnu i\u0161plaut\u0173, dr\u0117gn\u0173 plauk\u0173, paskirstykite per vis\u0105 ilg\u012f ir palikite kelioms minut\u0117ms. Kruop\u0161\u010diai i\u0161skalaukite.<\/p>\n<p>Norint pasiekti geriausi\u0105 rezultat\u0105, naudokite kartu su glotninan\u010diu ir apsaugan\u010diu \u0161amp\u016bnu TECHNIQUE ALKEMY SLEEK.<\/p>\n<p><strong>Apie TECHNIQUE:<\/strong><\/p>\n<p>Italijos kompanijos \u201eComprof\u201c prek\u0117s \u017eenklas rinkoje daugiau nei 20 met\u0173 tiekia kokybi\u0161kus plauk\u0173 prie\u017ei\u016bros gaminius.<\/p>\n<p>M\u016bs\u0173 parduotuv\u0117je rasite atrinkt\u0173 produkt\u0173, tinkan\u010di\u0173 tiek profesionaliam naudojimui salonuose, tiek namuose, kad pasiektum\u0117te kirpyklos lygio rezultat\u0173.<\/p>\n<p>Made in Italy: Visi TECHNIQUE produktai yra sukurti ir pagaminti Italijoje, u\u017etikrinant auk\u0161\u010diausi\u0105 kokyb\u0119 j\u016bs\u0173 plauk\u0173 gro\u017eiui ir sveikatai.&#8221;<\/p>\n<div class=\"text-tab text-tab-id-10\">\n<p>Siuntas i\u0161siun\u010diame antradieniais ir ketvirtadieniais. Jei d\u0117l koki\u0173 nors prie\u017eas\u010di\u0173 siunta negali b\u016bti i\u0161si\u0173sta \u0161iomis dienomis ir ji yra perkeliama \u012f kit\u0105 dien\u0105, apie tai informuosime jus svetain\u0117je arba el. pa\u0161tu.<\/p>\n<p>\u201eJei turite klausim\u0173, pra\u0161ome susisiekti el. pa\u0161tu info@malinashop.lt arba telefonu +37065444002 darbo dienomis nuo 10:00 iki 16:00 val.\u201c<\/p>\n<\/div>\n<div class=\"text-tab text-tab-id-11\">\n<p>Perkant u\u017e daugiau nei 50\u20ac &#8211; pristatymas nemokamas.<\/p>\n<p>Pristatymas \u012f LPexpress pa\u0161tomat\u0105\u00a0(visoje Lietuvoje, i\u0161skyrus Kur\u0161i\u0173 Nerij\u0105).<\/p>\n<\/div>\n","protected":false},"excerpt":{"rendered":"<p>TECHNIQUE glotninanti ir apsauganti kauk\u0117 ALKEMY SLEEK idealiai tinka nepaklusni\u0173 ir sunkiai formuojam\u0173 plauk\u0173 prie\u017ei\u016brai. Sud\u0117tyje esantis medviln\u0117s s\u0117kl\u0173 aliejus mink\u0161tina ir&hellip;<\/p>\n","protected":false},"featured_media":18096,"template":"","meta":[],"product_brand":[519],"product_cat":[517],"product_tag":[1638],"class_list":{"0":"post-19445","1":"product","2":"type-product","3":"status-publish","4":"has-post-thumbnail","6":"product_brand-technique","7":"product_cat-plauku-kaukes-ir-kremai-ampules","8":"product_tag-technique","10":"first","11":"instock","12":"sale","13":"taxable","14":"shipping-taxable","15":"purchasable","16":"product-type-simple"},"yoast_head":"<!-- This site is optimized with the Yoast SEO plugin v27.4 - https:\/\/yoast.com\/product\/yoast-seo-wordpress\/ -->\n<title>TECHNIQUE ALKEMY SLEEK glotninanti ir apsauganti kauk\u0117 plaukams, 500 ml - MalinaShop.lt J\u016bs\u0173 sveikatai ir gro\u017eiui.<\/title>\n<meta name=\"robots\" content=\"index, follow, max-snippet:-1, max-image-preview:large, max-video-preview:-1\" \/>\n<link rel=\"canonical\" href=\"https:\/\/www.malinashop.lt\/lt_lt\/shop\/technique-alkemy-sleek-glotninanti-ir-apsauganti-kauke-plaukams-500-ml\/\" \/>\n<meta property=\"og:locale\" content=\"lt_LT\" \/>\n<meta property=\"og:type\" content=\"article\" \/>\n<meta property=\"og:title\" content=\"TECHNIQUE ALKEMY SLEEK glotninanti ir apsauganti kauk\u0117 plaukams, 500 ml - MalinaShop.lt J\u016bs\u0173 sveikatai ir gro\u017eiui.\" \/>\n<meta property=\"og:url\" content=\"https:\/\/www.malinashop.lt\/lt_lt\/shop\/technique-alkemy-sleek-glotninanti-ir-apsauganti-kauke-plaukams-500-ml\/\" \/>\n<meta property=\"og:site_name\" content=\"MalinaShop.lt J\u016bs\u0173 sveikatai ir gro\u017eiui.\" \/>\n<meta property=\"article:modified_time\" content=\"2026-02-12T21:11:14+00:00\" \/>\n<meta property=\"og:image\" content=\"https:\/\/www.malinashop.lt\/wp-content\/uploads\/2024\/11\/TECHNIQUE-ALKEMY-SLEEK-glotninanti-ir-apsauganti-kauke-plaukams-500-ml.png\" \/>\n\t<meta property=\"og:image:width\" content=\"2000\" \/>\n\t<meta property=\"og:image:height\" content=\"2000\" \/>\n\t<meta property=\"og:image:type\" content=\"image\/png\" \/>\n<meta name=\"twitter:card\" content=\"summary_large_image\" \/>\n<script type=\"application\/ld+json\" class=\"yoast-schema-graph\">{\"@context\":\"https:\\\/\\\/schema.org\",\"@graph\":[{\"@type\":\"WebPage\",\"@id\":\"https:\\\/\\\/www.malinashop.lt\\\/lt_lt\\\/shop\\\/technique-alkemy-sleek-glotninanti-ir-apsauganti-kauke-plaukams-500-ml\\\/\",\"url\":\"https:\\\/\\\/www.malinashop.lt\\\/lt_lt\\\/shop\\\/technique-alkemy-sleek-glotninanti-ir-apsauganti-kauke-plaukams-500-ml\\\/\",\"name\":\"TECHNIQUE ALKEMY SLEEK glotninanti ir apsauganti kauk\u0117 plaukams, 500 ml - MalinaShop.lt J\u016bs\u0173 sveikatai ir gro\u017eiui.\",\"isPartOf\":{\"@id\":\"https:\\\/\\\/www.malinashop.lt\\\/en\\\/#website\"},\"primaryImageOfPage\":{\"@id\":\"https:\\\/\\\/www.malinashop.lt\\\/lt_lt\\\/shop\\\/technique-alkemy-sleek-glotninanti-ir-apsauganti-kauke-plaukams-500-ml\\\/#primaryimage\"},\"image\":{\"@id\":\"https:\\\/\\\/www.malinashop.lt\\\/lt_lt\\\/shop\\\/technique-alkemy-sleek-glotninanti-ir-apsauganti-kauke-plaukams-500-ml\\\/#primaryimage\"},\"thumbnailUrl\":\"https:\\\/\\\/www.malinashop.lt\\\/wp-content\\\/uploads\\\/2024\\\/11\\\/TECHNIQUE-ALKEMY-SLEEK-glotninanti-ir-apsauganti-kauke-plaukams-500-ml.png\",\"datePublished\":\"2024-11-06T12:51:51+00:00\",\"dateModified\":\"2026-02-12T21:11:14+00:00\",\"breadcrumb\":{\"@id\":\"https:\\\/\\\/www.malinashop.lt\\\/lt_lt\\\/shop\\\/technique-alkemy-sleek-glotninanti-ir-apsauganti-kauke-plaukams-500-ml\\\/#breadcrumb\"},\"inLanguage\":\"lt-LT\",\"potentialAction\":[{\"@type\":\"ReadAction\",\"target\":[\"https:\\\/\\\/www.malinashop.lt\\\/lt_lt\\\/shop\\\/technique-alkemy-sleek-glotninanti-ir-apsauganti-kauke-plaukams-500-ml\\\/\"]}]},{\"@type\":\"ImageObject\",\"inLanguage\":\"lt-LT\",\"@id\":\"https:\\\/\\\/www.malinashop.lt\\\/lt_lt\\\/shop\\\/technique-alkemy-sleek-glotninanti-ir-apsauganti-kauke-plaukams-500-ml\\\/#primaryimage\",\"url\":\"https:\\\/\\\/www.malinashop.lt\\\/wp-content\\\/uploads\\\/2024\\\/11\\\/TECHNIQUE-ALKEMY-SLEEK-glotninanti-ir-apsauganti-kauke-plaukams-500-ml.png\",\"contentUrl\":\"https:\\\/\\\/www.malinashop.lt\\\/wp-content\\\/uploads\\\/2024\\\/11\\\/TECHNIQUE-ALKEMY-SLEEK-glotninanti-ir-apsauganti-kauke-plaukams-500-ml.png\",\"width\":2000,\"height\":2000},{\"@type\":\"BreadcrumbList\",\"@id\":\"https:\\\/\\\/www.malinashop.lt\\\/lt_lt\\\/shop\\\/technique-alkemy-sleek-glotninanti-ir-apsauganti-kauke-plaukams-500-ml\\\/#breadcrumb\",\"itemListElement\":[{\"@type\":\"ListItem\",\"position\":1,\"name\":\"Home\",\"item\":\"https:\\\/\\\/www.malinashop.lt\\\/en\\\/\"},{\"@type\":\"ListItem\",\"position\":2,\"name\":\"Parduotuv\u0117\",\"item\":\"https:\\\/\\\/www.malinashop.lt\\\/en\\\/parduotuve\\\/\"},{\"@type\":\"ListItem\",\"position\":3,\"name\":\"TECHNIQUE ALKEMY SLEEK glotninanti ir apsauganti kauk\u0117 plaukams, 500 ml\"}]},{\"@type\":\"WebSite\",\"@id\":\"https:\\\/\\\/www.malinashop.lt\\\/en\\\/#website\",\"url\":\"https:\\\/\\\/www.malinashop.lt\\\/en\\\/\",\"name\":\"COM Group Ecommerce\",\"description\":\"MalinaShop.lt - Gro\u017eio ir sveikatos produktai i\u0161 patikim\u0173 preki\u0173 \u017eenkl\u0173. Atraskite auk\u0161tos kokyb\u0117s kosmetik\u0105 u\u017e puiki\u0105 kain\u0105.\",\"publisher\":{\"@id\":\"https:\\\/\\\/www.malinashop.lt\\\/en\\\/#organization\"},\"potentialAction\":[{\"@type\":\"SearchAction\",\"target\":{\"@type\":\"EntryPoint\",\"urlTemplate\":\"https:\\\/\\\/www.malinashop.lt\\\/en\\\/?s={search_term_string}\"},\"query-input\":{\"@type\":\"PropertyValueSpecification\",\"valueRequired\":true,\"valueName\":\"search_term_string\"}}],\"inLanguage\":\"lt-LT\"},{\"@type\":\"Organization\",\"@id\":\"https:\\\/\\\/www.malinashop.lt\\\/en\\\/#organization\",\"name\":\"COM Group Ecommerce\",\"url\":\"https:\\\/\\\/www.malinashop.lt\\\/en\\\/\",\"logo\":{\"@type\":\"ImageObject\",\"inLanguage\":\"lt-LT\",\"@id\":\"https:\\\/\\\/www.malinashop.lt\\\/en\\\/#\\\/schema\\\/logo\\\/image\\\/\",\"url\":\"https:\\\/\\\/www.malinashop.lt\\\/wp-content\\\/uploads\\\/2024\\\/08\\\/462559670_3787732518133670_9795632669273463_n-e1731525914575.png\",\"contentUrl\":\"https:\\\/\\\/www.malinashop.lt\\\/wp-content\\\/uploads\\\/2024\\\/08\\\/462559670_3787732518133670_9795632669273463_n-e1731525914575.png\",\"width\":180,\"height\":60,\"caption\":\"COM Group Ecommerce\"},\"image\":{\"@id\":\"https:\\\/\\\/www.malinashop.lt\\\/en\\\/#\\\/schema\\\/logo\\\/image\\\/\"}}]}<\/script>\n<!-- \/ Yoast SEO plugin. -->","yoast_head_json":{"title":"TECHNIQUE ALKEMY SLEEK glotninanti ir apsauganti kauk\u0117 plaukams, 500 ml - MalinaShop.lt J\u016bs\u0173 sveikatai ir gro\u017eiui.","robots":{"index":"index","follow":"follow","max-snippet":"max-snippet:-1","max-image-preview":"max-image-preview:large","max-video-preview":"max-video-preview:-1"},"canonical":"https:\/\/www.malinashop.lt\/lt_lt\/shop\/technique-alkemy-sleek-glotninanti-ir-apsauganti-kauke-plaukams-500-ml\/","og_locale":"lt_LT","og_type":"article","og_title":"TECHNIQUE ALKEMY SLEEK glotninanti ir apsauganti kauk\u0117 plaukams, 500 ml - MalinaShop.lt J\u016bs\u0173 sveikatai ir gro\u017eiui.","og_url":"https:\/\/www.malinashop.lt\/lt_lt\/shop\/technique-alkemy-sleek-glotninanti-ir-apsauganti-kauke-plaukams-500-ml\/","og_site_name":"MalinaShop.lt J\u016bs\u0173 sveikatai ir gro\u017eiui.","article_modified_time":"2026-02-12T21:11:14+00:00","og_image":[{"width":2000,"height":2000,"url":"https:\/\/www.malinashop.lt\/wp-content\/uploads\/2024\/11\/TECHNIQUE-ALKEMY-SLEEK-glotninanti-ir-apsauganti-kauke-plaukams-500-ml.png","type":"image\/png"}],"twitter_card":"summary_large_image","schema":{"@context":"https:\/\/schema.org","@graph":[{"@type":"WebPage","@id":"https:\/\/www.malinashop.lt\/lt_lt\/shop\/technique-alkemy-sleek-glotninanti-ir-apsauganti-kauke-plaukams-500-ml\/","url":"https:\/\/www.malinashop.lt\/lt_lt\/shop\/technique-alkemy-sleek-glotninanti-ir-apsauganti-kauke-plaukams-500-ml\/","name":"TECHNIQUE ALKEMY SLEEK glotninanti ir apsauganti kauk\u0117 plaukams, 500 ml - MalinaShop.lt J\u016bs\u0173 sveikatai ir gro\u017eiui.","isPartOf":{"@id":"https:\/\/www.malinashop.lt\/en\/#website"},"primaryImageOfPage":{"@id":"https:\/\/www.malinashop.lt\/lt_lt\/shop\/technique-alkemy-sleek-glotninanti-ir-apsauganti-kauke-plaukams-500-ml\/#primaryimage"},"image":{"@id":"https:\/\/www.malinashop.lt\/lt_lt\/shop\/technique-alkemy-sleek-glotninanti-ir-apsauganti-kauke-plaukams-500-ml\/#primaryimage"},"thumbnailUrl":"https:\/\/www.malinashop.lt\/wp-content\/uploads\/2024\/11\/TECHNIQUE-ALKEMY-SLEEK-glotninanti-ir-apsauganti-kauke-plaukams-500-ml.png","datePublished":"2024-11-06T12:51:51+00:00","dateModified":"2026-02-12T21:11:14+00:00","breadcrumb":{"@id":"https:\/\/www.malinashop.lt\/lt_lt\/shop\/technique-alkemy-sleek-glotninanti-ir-apsauganti-kauke-plaukams-500-ml\/#breadcrumb"},"inLanguage":"lt-LT","potentialAction":[{"@type":"ReadAction","target":["https:\/\/www.malinashop.lt\/lt_lt\/shop\/technique-alkemy-sleek-glotninanti-ir-apsauganti-kauke-plaukams-500-ml\/"]}]},{"@type":"ImageObject","inLanguage":"lt-LT","@id":"https:\/\/www.malinashop.lt\/lt_lt\/shop\/technique-alkemy-sleek-glotninanti-ir-apsauganti-kauke-plaukams-500-ml\/#primaryimage","url":"https:\/\/www.malinashop.lt\/wp-content\/uploads\/2024\/11\/TECHNIQUE-ALKEMY-SLEEK-glotninanti-ir-apsauganti-kauke-plaukams-500-ml.png","contentUrl":"https:\/\/www.malinashop.lt\/wp-content\/uploads\/2024\/11\/TECHNIQUE-ALKEMY-SLEEK-glotninanti-ir-apsauganti-kauke-plaukams-500-ml.png","width":2000,"height":2000},{"@type":"BreadcrumbList","@id":"https:\/\/www.malinashop.lt\/lt_lt\/shop\/technique-alkemy-sleek-glotninanti-ir-apsauganti-kauke-plaukams-500-ml\/#breadcrumb","itemListElement":[{"@type":"ListItem","position":1,"name":"Home","item":"https:\/\/www.malinashop.lt\/en\/"},{"@type":"ListItem","position":2,"name":"Parduotuv\u0117","item":"https:\/\/www.malinashop.lt\/en\/parduotuve\/"},{"@type":"ListItem","position":3,"name":"TECHNIQUE ALKEMY SLEEK glotninanti ir apsauganti kauk\u0117 plaukams, 500 ml"}]},{"@type":"WebSite","@id":"https:\/\/www.malinashop.lt\/en\/#website","url":"https:\/\/www.malinashop.lt\/en\/","name":"COM Group Ecommerce","description":"MalinaShop.lt - Gro\u017eio ir sveikatos produktai i\u0161 patikim\u0173 preki\u0173 \u017eenkl\u0173. Atraskite auk\u0161tos kokyb\u0117s kosmetik\u0105 u\u017e puiki\u0105 kain\u0105.","publisher":{"@id":"https:\/\/www.malinashop.lt\/en\/#organization"},"potentialAction":[{"@type":"SearchAction","target":{"@type":"EntryPoint","urlTemplate":"https:\/\/www.malinashop.lt\/en\/?s={search_term_string}"},"query-input":{"@type":"PropertyValueSpecification","valueRequired":true,"valueName":"search_term_string"}}],"inLanguage":"lt-LT"},{"@type":"Organization","@id":"https:\/\/www.malinashop.lt\/en\/#organization","name":"COM Group Ecommerce","url":"https:\/\/www.malinashop.lt\/en\/","logo":{"@type":"ImageObject","inLanguage":"lt-LT","@id":"https:\/\/www.malinashop.lt\/en\/#\/schema\/logo\/image\/","url":"https:\/\/www.malinashop.lt\/wp-content\/uploads\/2024\/08\/462559670_3787732518133670_9795632669273463_n-e1731525914575.png","contentUrl":"https:\/\/www.malinashop.lt\/wp-content\/uploads\/2024\/08\/462559670_3787732518133670_9795632669273463_n-e1731525914575.png","width":180,"height":60,"caption":"COM Group Ecommerce"},"image":{"@id":"https:\/\/www.malinashop.lt\/en\/#\/schema\/logo\/image\/"}}]}},"jetpack_sharing_enabled":true,"_links":{"self":[{"href":"https:\/\/www.malinashop.lt\/lt_lt\/wp-json\/wp\/v2\/product\/19445","targetHints":{"allow":["GET"]}}],"collection":[{"href":"https:\/\/www.malinashop.lt\/lt_lt\/wp-json\/wp\/v2\/product"}],"about":[{"href":"https:\/\/www.malinashop.lt\/lt_lt\/wp-json\/wp\/v2\/types\/product"}],"version-history":[{"count":1,"href":"https:\/\/www.malinashop.lt\/lt_lt\/wp-json\/wp\/v2\/product\/19445\/revisions"}],"predecessor-version":[{"id":33282,"href":"https:\/\/www.malinashop.lt\/lt_lt\/wp-json\/wp\/v2\/product\/19445\/revisions\/33282"}],"wp:featuredmedia":[{"embeddable":true,"href":"https:\/\/www.malinashop.lt\/lt_lt\/wp-json\/wp\/v2\/media\/18096"}],"wp:attachment":[{"href":"https:\/\/www.malinashop.lt\/lt_lt\/wp-json\/wp\/v2\/media?parent=19445"}],"wp:term":[{"taxonomy":"product_brand","embeddable":true,"href":"https:\/\/www.malinashop.lt\/lt_lt\/wp-json\/wp\/v2\/product_brand?post=19445"},{"taxonomy":"product_cat","embeddable":true,"href":"https:\/\/www.malinashop.lt\/lt_lt\/wp-json\/wp\/v2\/product_cat?post=19445"},{"taxonomy":"product_tag","embeddable":true,"href":"https:\/\/www.malinashop.lt\/lt_lt\/wp-json\/wp\/v2\/product_tag?post=19445"}],"curies":[{"name":"wp","href":"https:\/\/api.w.org\/{rel}","templated":true}]}}