{"id":19439,"date":"2024-11-06T15:51:51","date_gmt":"2024-11-06T12:51:51","guid":{"rendered":"https:\/\/malinashop.lt\/produktas\/technique-alkemy-re-active-1-zingsnis-paruosiamasis-sarminantis-sampunas-atstatomajai-procedurai-1000-ml\/"},"modified":"2026-02-13T00:11:17","modified_gmt":"2026-02-12T21:11:17","slug":"technique-alkemy-re-active-1-zingsnis-paruosiamasis-sarminantis-sampunas-atstatomajai-procedurai-1000-ml","status":"publish","type":"product","link":"https:\/\/www.malinashop.lt\/lt_lt\/shop\/technique-alkemy-re-active-1-zingsnis-paruosiamasis-sarminantis-sampunas-atstatomajai-procedurai-1000-ml\/","title":{"rendered":"TECHNIQUE ALKEMY RE-ACTIVE (1 \u017eingsnis) paruo\u0161iamasis \u0161arminantis \u0161amp\u016bnas atstatomajai proced\u016brai, 1000 ml"},"content":{"rendered":"<p>TECHNIQUE paruo\u0161iamasis \u0161arminantis \u0161amp\u016bnas ALKEMY RE-ACTIVE yra pirmasis \u017eingsnis atstatomojoje plauk\u0173 proced\u016broje:<\/p>\n<p>\u0160velniai pa\u0161alina ne\u0161varumus, dr\u0117kina ir mink\u0161tina plaukus, paruo\u0161damas juos kitiems etapams.<br \/>\n9.5 pH: padeda atverti plauko kutikul\u0119, kad tolesni\u0173 \u017eingsni\u0173 veikliosios med\u017eiagos lengviau \u012fsigert\u0173.<br \/>\nSuteikia plaukams gyvybingumo.<br \/>\nSkirtas sausiems ir pa\u017eeistiems plaukams.<br \/>\nPagrindiniai komponentai:<\/p>\n<p>Glicerinas: intensyviai dr\u0117kina.<br \/>\nHidrolizuotas kolagenas: atkuria plauk\u0173 strukt\u016br\u0105.<br \/>\nHidrolizuotas keratinas: stiprina plaukus.<br \/>\nPistacij\u0173 s\u0117kl\u0173 aliejus: maitina ir mink\u0161tina.<br \/>\nNaudojimas: tepkite nedidel\u012f kiek\u012f \u0161amp\u016bno ant vandeniu sudr\u0117kint\u0173 plauk\u0173 ir galvos odos, \u0161velniai masa\u017euokite ir kruop\u0161\u010diai i\u0161skalaukite. Jei reikia, pakartokite.<\/p>\n<p>Naudokite TECHNIQUE paruo\u0161iam\u0105j\u012f \u0161arminant\u012f \u0161amp\u016bn\u0105 ALKEMY RE-ACTIVE kartu su kitais atstatomosios proced\u016bros \u017eingsniais: TECHNIQUE plaukus atstatan\u010diu serumu ir TECHNIQUE plaukus atstatan\u010diu fluidu ALKEMY RE-ACTIVE.<\/p>\n<p>T\u016bris: 1000 ml<\/p>\n<p><strong>Apie TECHNIQUE:<\/strong><\/p>\n<p>Italijos kompanijos \u201eComprof\u201c prek\u0117s \u017eenklas rinkoje daugiau nei 20 met\u0173 tiekia kokybi\u0161kus plauk\u0173 prie\u017ei\u016bros gaminius.<\/p>\n<p>M\u016bs\u0173 parduotuv\u0117je rasite atrinkt\u0173 produkt\u0173, tinkan\u010di\u0173 tiek profesionaliam naudojimui salonuose, tiek namuose, kad pasiektum\u0117te kirpyklos lygio rezultat\u0173.<\/p>\n<p>Made in Italy: Visi TECHNIQUE produktai yra sukurti ir pagaminti Italijoje, u\u017etikrinant auk\u0161\u010diausi\u0105 kokyb\u0119 j\u016bs\u0173 plauk\u0173 gro\u017eiui ir sveikatai.&#8221;<\/p>\n<div class=\"text-tab text-tab-id-10\">\n<p>Siuntas i\u0161siun\u010diame antradieniais ir ketvirtadieniais. Jei d\u0117l koki\u0173 nors prie\u017eas\u010di\u0173 siunta negali b\u016bti i\u0161si\u0173sta \u0161iomis dienomis ir ji yra perkeliama \u012f kit\u0105 dien\u0105, apie tai informuosime jus svetain\u0117je arba el. pa\u0161tu.<\/p>\n<p>\u201eJei turite klausim\u0173, pra\u0161ome susisiekti el. pa\u0161tu info@malinashop.lt arba telefonu +37065444002 darbo dienomis nuo 10:00 iki 16:00 val.\u201c<\/p>\n<\/div>\n<div class=\"text-tab text-tab-id-11\">\n<p>Perkant u\u017e daugiau nei 50\u20ac &#8211; pristatymas nemokamas.<\/p>\n<p>Pristatymas \u012f LPexpress pa\u0161tomat\u0105\u00a0(visoje Lietuvoje, i\u0161skyrus Kur\u0161i\u0173 Nerij\u0105).<\/p>\n<\/div>\n","protected":false},"excerpt":{"rendered":"<p>TECHNIQUE paruo\u0161iamasis \u0161arminantis \u0161amp\u016bnas ALKEMY RE-ACTIVE yra pirmasis \u017eingsnis atstatomojoje plauk\u0173 proced\u016broje: \u0160velniai pa\u0161alina ne\u0161varumus, dr\u0117kina ir mink\u0161tina plaukus, paruo\u0161damas juos kitiems&hellip;<\/p>\n","protected":false},"featured_media":18089,"template":"","meta":[],"product_brand":[519],"product_cat":[185],"product_tag":[1638],"class_list":{"0":"post-19439","1":"product","2":"type-product","3":"status-publish","4":"has-post-thumbnail","6":"product_brand-technique","7":"product_cat-plauku-sampunai","8":"product_tag-technique","10":"first","11":"instock","12":"sale","13":"taxable","14":"shipping-taxable","15":"purchasable","16":"product-type-simple"},"yoast_head":"<!-- This site is optimized with the Yoast SEO plugin v27.4 - https:\/\/yoast.com\/product\/yoast-seo-wordpress\/ -->\n<title>TECHNIQUE ALKEMY RE-ACTIVE (1 \u017eingsnis) paruo\u0161iamasis \u0161arminantis \u0161amp\u016bnas atstatomajai proced\u016brai, 1000 ml - MalinaShop.lt J\u016bs\u0173 sveikatai ir gro\u017eiui.<\/title>\n<meta name=\"robots\" content=\"index, follow, max-snippet:-1, max-image-preview:large, max-video-preview:-1\" \/>\n<link rel=\"canonical\" href=\"https:\/\/www.malinashop.lt\/lt_lt\/shop\/technique-alkemy-re-active-1-zingsnis-paruosiamasis-sarminantis-sampunas-atstatomajai-procedurai-1000-ml\/\" \/>\n<meta property=\"og:locale\" content=\"lt_LT\" \/>\n<meta property=\"og:type\" content=\"article\" \/>\n<meta property=\"og:title\" content=\"TECHNIQUE ALKEMY RE-ACTIVE (1 \u017eingsnis) paruo\u0161iamasis \u0161arminantis \u0161amp\u016bnas atstatomajai proced\u016brai, 1000 ml - MalinaShop.lt J\u016bs\u0173 sveikatai ir gro\u017eiui.\" \/>\n<meta property=\"og:url\" content=\"https:\/\/www.malinashop.lt\/lt_lt\/shop\/technique-alkemy-re-active-1-zingsnis-paruosiamasis-sarminantis-sampunas-atstatomajai-procedurai-1000-ml\/\" \/>\n<meta property=\"og:site_name\" content=\"MalinaShop.lt J\u016bs\u0173 sveikatai ir gro\u017eiui.\" \/>\n<meta property=\"article:modified_time\" content=\"2026-02-12T21:11:17+00:00\" \/>\n<meta property=\"og:image\" content=\"https:\/\/www.malinashop.lt\/wp-content\/uploads\/2024\/11\/TECHNIQUE-ALKEMY-RE-ACTIVE-1-zingsnis-paruosiamasis-sarminantis-sampunas-atstatomajai-procedurai-1000-ml.jpg\" \/>\n\t<meta property=\"og:image:width\" content=\"768\" \/>\n\t<meta property=\"og:image:height\" content=\"768\" \/>\n\t<meta property=\"og:image:type\" content=\"image\/jpeg\" \/>\n<meta name=\"twitter:card\" content=\"summary_large_image\" \/>\n<script type=\"application\/ld+json\" class=\"yoast-schema-graph\">{\"@context\":\"https:\\\/\\\/schema.org\",\"@graph\":[{\"@type\":\"WebPage\",\"@id\":\"https:\\\/\\\/www.malinashop.lt\\\/shop\\\/technique-alkemy-re-active-1-zingsnis-paruosiamasis-sarminantis-sampunas-atstatomajai-procedurai-1000-ml\\\/\",\"url\":\"https:\\\/\\\/www.malinashop.lt\\\/shop\\\/technique-alkemy-re-active-1-zingsnis-paruosiamasis-sarminantis-sampunas-atstatomajai-procedurai-1000-ml\\\/\",\"name\":\"TECHNIQUE ALKEMY RE-ACTIVE (1 \u017eingsnis) paruo\u0161iamasis \u0161arminantis \u0161amp\u016bnas atstatomajai proced\u016brai, 1000 ml - MalinaShop.lt J\u016bs\u0173 sveikatai ir gro\u017eiui.\",\"isPartOf\":{\"@id\":\"https:\\\/\\\/www.malinashop.lt\\\/#website\"},\"primaryImageOfPage\":{\"@id\":\"https:\\\/\\\/www.malinashop.lt\\\/shop\\\/technique-alkemy-re-active-1-zingsnis-paruosiamasis-sarminantis-sampunas-atstatomajai-procedurai-1000-ml\\\/#primaryimage\"},\"image\":{\"@id\":\"https:\\\/\\\/www.malinashop.lt\\\/shop\\\/technique-alkemy-re-active-1-zingsnis-paruosiamasis-sarminantis-sampunas-atstatomajai-procedurai-1000-ml\\\/#primaryimage\"},\"thumbnailUrl\":\"https:\\\/\\\/www.malinashop.lt\\\/wp-content\\\/uploads\\\/2024\\\/11\\\/TECHNIQUE-ALKEMY-RE-ACTIVE-1-zingsnis-paruosiamasis-sarminantis-sampunas-atstatomajai-procedurai-1000-ml.jpg\",\"datePublished\":\"2024-11-06T12:51:51+00:00\",\"dateModified\":\"2026-02-12T21:11:17+00:00\",\"breadcrumb\":{\"@id\":\"https:\\\/\\\/www.malinashop.lt\\\/shop\\\/technique-alkemy-re-active-1-zingsnis-paruosiamasis-sarminantis-sampunas-atstatomajai-procedurai-1000-ml\\\/#breadcrumb\"},\"inLanguage\":\"lt-LT\",\"potentialAction\":[{\"@type\":\"ReadAction\",\"target\":[\"https:\\\/\\\/www.malinashop.lt\\\/shop\\\/technique-alkemy-re-active-1-zingsnis-paruosiamasis-sarminantis-sampunas-atstatomajai-procedurai-1000-ml\\\/\"]}]},{\"@type\":\"ImageObject\",\"inLanguage\":\"lt-LT\",\"@id\":\"https:\\\/\\\/www.malinashop.lt\\\/shop\\\/technique-alkemy-re-active-1-zingsnis-paruosiamasis-sarminantis-sampunas-atstatomajai-procedurai-1000-ml\\\/#primaryimage\",\"url\":\"https:\\\/\\\/www.malinashop.lt\\\/wp-content\\\/uploads\\\/2024\\\/11\\\/TECHNIQUE-ALKEMY-RE-ACTIVE-1-zingsnis-paruosiamasis-sarminantis-sampunas-atstatomajai-procedurai-1000-ml.jpg\",\"contentUrl\":\"https:\\\/\\\/www.malinashop.lt\\\/wp-content\\\/uploads\\\/2024\\\/11\\\/TECHNIQUE-ALKEMY-RE-ACTIVE-1-zingsnis-paruosiamasis-sarminantis-sampunas-atstatomajai-procedurai-1000-ml.jpg\",\"width\":768,\"height\":768},{\"@type\":\"BreadcrumbList\",\"@id\":\"https:\\\/\\\/www.malinashop.lt\\\/shop\\\/technique-alkemy-re-active-1-zingsnis-paruosiamasis-sarminantis-sampunas-atstatomajai-procedurai-1000-ml\\\/#breadcrumb\",\"itemListElement\":[{\"@type\":\"ListItem\",\"position\":1,\"name\":\"Pagrindinis\",\"item\":\"https:\\\/\\\/www.malinashop.lt\\\/\"},{\"@type\":\"ListItem\",\"position\":2,\"name\":\"Parduotuv\u0117\",\"item\":\"https:\\\/\\\/www.malinashop.lt\\\/en\\\/parduotuve\\\/\"},{\"@type\":\"ListItem\",\"position\":3,\"name\":\"TECHNIQUE ALKEMY RE-ACTIVE (1 \u017eingsnis) paruo\u0161iamasis \u0161arminantis \u0161amp\u016bnas atstatomajai proced\u016brai, 1000 ml\"}]},{\"@type\":\"WebSite\",\"@id\":\"https:\\\/\\\/www.malinashop.lt\\\/#website\",\"url\":\"https:\\\/\\\/www.malinashop.lt\\\/\",\"name\":\"COM Group Ecommerce\",\"description\":\"MalinaShop.lt - Gro\u017eio ir sveikatos produktai i\u0161 patikim\u0173 preki\u0173 \u017eenkl\u0173. Atraskite auk\u0161tos kokyb\u0117s kosmetik\u0105 u\u017e puiki\u0105 kain\u0105.\",\"publisher\":{\"@id\":\"https:\\\/\\\/www.malinashop.lt\\\/#organization\"},\"potentialAction\":[{\"@type\":\"SearchAction\",\"target\":{\"@type\":\"EntryPoint\",\"urlTemplate\":\"https:\\\/\\\/www.malinashop.lt\\\/?s={search_term_string}\"},\"query-input\":{\"@type\":\"PropertyValueSpecification\",\"valueRequired\":true,\"valueName\":\"search_term_string\"}}],\"inLanguage\":\"lt-LT\"},{\"@type\":\"Organization\",\"@id\":\"https:\\\/\\\/www.malinashop.lt\\\/#organization\",\"name\":\"COM Group Ecommerce\",\"url\":\"https:\\\/\\\/www.malinashop.lt\\\/\",\"logo\":{\"@type\":\"ImageObject\",\"inLanguage\":\"lt-LT\",\"@id\":\"https:\\\/\\\/www.malinashop.lt\\\/#\\\/schema\\\/logo\\\/image\\\/\",\"url\":\"https:\\\/\\\/www.malinashop.lt\\\/wp-content\\\/uploads\\\/2024\\\/08\\\/462559670_3787732518133670_9795632669273463_n-e1731525914575.png\",\"contentUrl\":\"https:\\\/\\\/www.malinashop.lt\\\/wp-content\\\/uploads\\\/2024\\\/08\\\/462559670_3787732518133670_9795632669273463_n-e1731525914575.png\",\"width\":180,\"height\":60,\"caption\":\"COM Group Ecommerce\"},\"image\":{\"@id\":\"https:\\\/\\\/www.malinashop.lt\\\/#\\\/schema\\\/logo\\\/image\\\/\"}}]}<\/script>\n<!-- \/ Yoast SEO plugin. -->","yoast_head_json":{"title":"TECHNIQUE ALKEMY RE-ACTIVE (1 \u017eingsnis) paruo\u0161iamasis \u0161arminantis \u0161amp\u016bnas atstatomajai proced\u016brai, 1000 ml - MalinaShop.lt J\u016bs\u0173 sveikatai ir gro\u017eiui.","robots":{"index":"index","follow":"follow","max-snippet":"max-snippet:-1","max-image-preview":"max-image-preview:large","max-video-preview":"max-video-preview:-1"},"canonical":"https:\/\/www.malinashop.lt\/lt_lt\/shop\/technique-alkemy-re-active-1-zingsnis-paruosiamasis-sarminantis-sampunas-atstatomajai-procedurai-1000-ml\/","og_locale":"lt_LT","og_type":"article","og_title":"TECHNIQUE ALKEMY RE-ACTIVE (1 \u017eingsnis) paruo\u0161iamasis \u0161arminantis \u0161amp\u016bnas atstatomajai proced\u016brai, 1000 ml - MalinaShop.lt J\u016bs\u0173 sveikatai ir gro\u017eiui.","og_url":"https:\/\/www.malinashop.lt\/lt_lt\/shop\/technique-alkemy-re-active-1-zingsnis-paruosiamasis-sarminantis-sampunas-atstatomajai-procedurai-1000-ml\/","og_site_name":"MalinaShop.lt J\u016bs\u0173 sveikatai ir gro\u017eiui.","article_modified_time":"2026-02-12T21:11:17+00:00","og_image":[{"width":768,"height":768,"url":"https:\/\/www.malinashop.lt\/wp-content\/uploads\/2024\/11\/TECHNIQUE-ALKEMY-RE-ACTIVE-1-zingsnis-paruosiamasis-sarminantis-sampunas-atstatomajai-procedurai-1000-ml.jpg","type":"image\/jpeg"}],"twitter_card":"summary_large_image","schema":{"@context":"https:\/\/schema.org","@graph":[{"@type":"WebPage","@id":"https:\/\/www.malinashop.lt\/shop\/technique-alkemy-re-active-1-zingsnis-paruosiamasis-sarminantis-sampunas-atstatomajai-procedurai-1000-ml\/","url":"https:\/\/www.malinashop.lt\/shop\/technique-alkemy-re-active-1-zingsnis-paruosiamasis-sarminantis-sampunas-atstatomajai-procedurai-1000-ml\/","name":"TECHNIQUE ALKEMY RE-ACTIVE (1 \u017eingsnis) paruo\u0161iamasis \u0161arminantis \u0161amp\u016bnas atstatomajai proced\u016brai, 1000 ml - MalinaShop.lt J\u016bs\u0173 sveikatai ir gro\u017eiui.","isPartOf":{"@id":"https:\/\/www.malinashop.lt\/#website"},"primaryImageOfPage":{"@id":"https:\/\/www.malinashop.lt\/shop\/technique-alkemy-re-active-1-zingsnis-paruosiamasis-sarminantis-sampunas-atstatomajai-procedurai-1000-ml\/#primaryimage"},"image":{"@id":"https:\/\/www.malinashop.lt\/shop\/technique-alkemy-re-active-1-zingsnis-paruosiamasis-sarminantis-sampunas-atstatomajai-procedurai-1000-ml\/#primaryimage"},"thumbnailUrl":"https:\/\/www.malinashop.lt\/wp-content\/uploads\/2024\/11\/TECHNIQUE-ALKEMY-RE-ACTIVE-1-zingsnis-paruosiamasis-sarminantis-sampunas-atstatomajai-procedurai-1000-ml.jpg","datePublished":"2024-11-06T12:51:51+00:00","dateModified":"2026-02-12T21:11:17+00:00","breadcrumb":{"@id":"https:\/\/www.malinashop.lt\/shop\/technique-alkemy-re-active-1-zingsnis-paruosiamasis-sarminantis-sampunas-atstatomajai-procedurai-1000-ml\/#breadcrumb"},"inLanguage":"lt-LT","potentialAction":[{"@type":"ReadAction","target":["https:\/\/www.malinashop.lt\/shop\/technique-alkemy-re-active-1-zingsnis-paruosiamasis-sarminantis-sampunas-atstatomajai-procedurai-1000-ml\/"]}]},{"@type":"ImageObject","inLanguage":"lt-LT","@id":"https:\/\/www.malinashop.lt\/shop\/technique-alkemy-re-active-1-zingsnis-paruosiamasis-sarminantis-sampunas-atstatomajai-procedurai-1000-ml\/#primaryimage","url":"https:\/\/www.malinashop.lt\/wp-content\/uploads\/2024\/11\/TECHNIQUE-ALKEMY-RE-ACTIVE-1-zingsnis-paruosiamasis-sarminantis-sampunas-atstatomajai-procedurai-1000-ml.jpg","contentUrl":"https:\/\/www.malinashop.lt\/wp-content\/uploads\/2024\/11\/TECHNIQUE-ALKEMY-RE-ACTIVE-1-zingsnis-paruosiamasis-sarminantis-sampunas-atstatomajai-procedurai-1000-ml.jpg","width":768,"height":768},{"@type":"BreadcrumbList","@id":"https:\/\/www.malinashop.lt\/shop\/technique-alkemy-re-active-1-zingsnis-paruosiamasis-sarminantis-sampunas-atstatomajai-procedurai-1000-ml\/#breadcrumb","itemListElement":[{"@type":"ListItem","position":1,"name":"Pagrindinis","item":"https:\/\/www.malinashop.lt\/"},{"@type":"ListItem","position":2,"name":"Parduotuv\u0117","item":"https:\/\/www.malinashop.lt\/en\/parduotuve\/"},{"@type":"ListItem","position":3,"name":"TECHNIQUE ALKEMY RE-ACTIVE (1 \u017eingsnis) paruo\u0161iamasis \u0161arminantis \u0161amp\u016bnas atstatomajai proced\u016brai, 1000 ml"}]},{"@type":"WebSite","@id":"https:\/\/www.malinashop.lt\/#website","url":"https:\/\/www.malinashop.lt\/","name":"COM Group Ecommerce","description":"MalinaShop.lt - Gro\u017eio ir sveikatos produktai i\u0161 patikim\u0173 preki\u0173 \u017eenkl\u0173. Atraskite auk\u0161tos kokyb\u0117s kosmetik\u0105 u\u017e puiki\u0105 kain\u0105.","publisher":{"@id":"https:\/\/www.malinashop.lt\/#organization"},"potentialAction":[{"@type":"SearchAction","target":{"@type":"EntryPoint","urlTemplate":"https:\/\/www.malinashop.lt\/?s={search_term_string}"},"query-input":{"@type":"PropertyValueSpecification","valueRequired":true,"valueName":"search_term_string"}}],"inLanguage":"lt-LT"},{"@type":"Organization","@id":"https:\/\/www.malinashop.lt\/#organization","name":"COM Group Ecommerce","url":"https:\/\/www.malinashop.lt\/","logo":{"@type":"ImageObject","inLanguage":"lt-LT","@id":"https:\/\/www.malinashop.lt\/#\/schema\/logo\/image\/","url":"https:\/\/www.malinashop.lt\/wp-content\/uploads\/2024\/08\/462559670_3787732518133670_9795632669273463_n-e1731525914575.png","contentUrl":"https:\/\/www.malinashop.lt\/wp-content\/uploads\/2024\/08\/462559670_3787732518133670_9795632669273463_n-e1731525914575.png","width":180,"height":60,"caption":"COM Group Ecommerce"},"image":{"@id":"https:\/\/www.malinashop.lt\/#\/schema\/logo\/image\/"}}]}},"jetpack_sharing_enabled":true,"_links":{"self":[{"href":"https:\/\/www.malinashop.lt\/lt_lt\/wp-json\/wp\/v2\/product\/19439","targetHints":{"allow":["GET"]}}],"collection":[{"href":"https:\/\/www.malinashop.lt\/lt_lt\/wp-json\/wp\/v2\/product"}],"about":[{"href":"https:\/\/www.malinashop.lt\/lt_lt\/wp-json\/wp\/v2\/types\/product"}],"version-history":[{"count":1,"href":"https:\/\/www.malinashop.lt\/lt_lt\/wp-json\/wp\/v2\/product\/19439\/revisions"}],"predecessor-version":[{"id":33285,"href":"https:\/\/www.malinashop.lt\/lt_lt\/wp-json\/wp\/v2\/product\/19439\/revisions\/33285"}],"wp:featuredmedia":[{"embeddable":true,"href":"https:\/\/www.malinashop.lt\/lt_lt\/wp-json\/wp\/v2\/media\/18089"}],"wp:attachment":[{"href":"https:\/\/www.malinashop.lt\/lt_lt\/wp-json\/wp\/v2\/media?parent=19439"}],"wp:term":[{"taxonomy":"product_brand","embeddable":true,"href":"https:\/\/www.malinashop.lt\/lt_lt\/wp-json\/wp\/v2\/product_brand?post=19439"},{"taxonomy":"product_cat","embeddable":true,"href":"https:\/\/www.malinashop.lt\/lt_lt\/wp-json\/wp\/v2\/product_cat?post=19439"},{"taxonomy":"product_tag","embeddable":true,"href":"https:\/\/www.malinashop.lt\/lt_lt\/wp-json\/wp\/v2\/product_tag?post=19439"}],"curies":[{"name":"wp","href":"https:\/\/api.w.org\/{rel}","templated":true}]}}