{"id":19435,"date":"2024-11-06T15:51:51","date_gmt":"2024-11-06T12:51:51","guid":{"rendered":"https:\/\/malinashop.lt\/produktas\/technique-alkemy-re-active-2-zingsnis-plaukus-atstatanti-procedura-serumas-12x10ml\/"},"modified":"2026-02-13T00:11:17","modified_gmt":"2026-02-12T21:11:17","slug":"technique-alkemy-re-active-2-zingsnis-plaukus-atstatanti-procedura-serumas-12x10ml","status":"publish","type":"product","link":"https:\/\/www.malinashop.lt\/lt_lt\/shop\/technique-alkemy-re-active-2-zingsnis-plaukus-atstatanti-procedura-serumas-12x10ml\/","title":{"rendered":"TECHNIQUE ALKEMY RE-ACTIVE (2 \u017eingsnis) plaukus atstatanti proced\u016bra-serumas, 12x10ml"},"content":{"rendered":"<p>TECHNIQUE Plauk\u0173 Atstatymo Proced\u016bra-Serumas &#8222;ALKEMY RE-ACTIVE&#8221;<\/p>\n<p>Technique &#8222;ALKEMY RE-ACTIVE&#8221; yra specialiai sukurtas serumas skirtas sausiems ir pa\u017eeistiems plaukams. \u0160is ypatingas losjonas yra praturtintas atstatomais plauk\u0173 skaidul\u0173 komponentais, tokiomis kaip hialuronas, hidrolizuotas keratinas, keramidai ir kolagenas. Be to, jis papildytas pistacij\u0173 aliejumi, kuris suteikia plaukams apsaug\u0105 nuo l\u016b\u017ein\u0117jimo ir galiuk\u0173 skilin\u0117jimo bei ma\u017eina j\u0173 trapum\u0105.<\/p>\n<p>Savyb\u0117s:<\/p>\n<p>Suteikia botokso efekt\u0105 plaukams.<br \/>\nSkirtas sausiems, trapiems, chemi\u0161kai apdorotiems ar kitaip pa\u017eeistiems plaukams.<br \/>\nSuteikia plaukams tvirtumo, stangrumo, blizgesio ir glotnumo.<br \/>\nAtstato plauk\u0173 strukt\u016br\u0105 ir suteikia jiems sveik\u0105 i\u0161vaizd\u0105.<br \/>\nNaudojimas:<\/p>\n<p>Jei losjonas kristalizavosi nuo temperat\u016br\u0173 skirtumo, \u012fd\u0117kite buteliuk\u0105 \u012f \u0161ilto vandens duben\u0117l\u012f ir palikite kelioms minut\u0117ms, kol priemon\u0117 suskyst\u0117s.<br \/>\n\u0160variame indelyje sumai\u0161ykite vanden\u012f ir serum\u0105, kol gausite kremin\u0119 konsistencij\u0105.<br \/>\nPadalinkite plaukus \u012f 4 dalis ir tepkite gaut\u0105 mas\u0119 ant kiekvienos sruogel\u0117s, paliekant apie 3 cm nuo \u0161akn\u0173. Palikite 15 minu\u010di\u0173.<br \/>\nKruop\u0161\u010diai i\u0161skalaukite.<br \/>\nNaudojimo Da\u017enumas: Kartokite ne da\u017eniau kaip kart\u0105 per savait\u0119.<\/p>\n<p>Rekomendacija: Naudojant &#8222;ALKEMY RE-ACTIVE&#8221; proced\u016br\u0105, rekomenduojama derinti su kitais atstatomosios proced\u016bros \u017eingsniais, tokiomis kaip paruo\u0161iamasis \u0161arminantis \u0161amp\u016bnas ir plauk\u0173 atstatomasis fluidas.<\/p>\n<p>T\u016bris: 12 x 10 ml<\/p>\n<div class=\"text-tab text-tab-id-10\">\n<p>Siuntas i\u0161siun\u010diame antradieniais ir ketvirtadieniais. Jei d\u0117l koki\u0173 nors prie\u017eas\u010di\u0173 siunta negali b\u016bti i\u0161si\u0173sta \u0161iomis dienomis ir ji yra perkeliama \u012f kit\u0105 dien\u0105, apie tai informuosime jus svetain\u0117je arba el. pa\u0161tu.<\/p>\n<p>\u201eJei turite klausim\u0173, pra\u0161ome susisiekti el. pa\u0161tu info@malinashop.lt arba telefonu +37065444002 darbo dienomis nuo 10:00 iki 16:00 val.\u201c<\/p>\n<\/div>\n<div class=\"text-tab text-tab-id-11\">\n<p>Perkant u\u017e daugiau nei 50\u20ac &#8211; pristatymas nemokamas.<\/p>\n<p>Pristatymas \u012f LPexpress pa\u0161tomat\u0105\u00a0(visoje Lietuvoje, i\u0161skyrus Kur\u0161i\u0173 Nerij\u0105).<\/p>\n<\/div>\n","protected":false},"excerpt":{"rendered":"<p>TECHNIQUE Plauk\u0173 Atstatymo Proced\u016bra-Serumas &#8222;ALKEMY RE-ACTIVE&#8221; Technique &#8222;ALKEMY RE-ACTIVE&#8221; yra specialiai sukurtas serumas skirtas sausiems ir pa\u017eeistiems plaukams. \u0160is ypatingas losjonas yra&hellip;<\/p>\n","protected":false},"featured_media":18090,"template":"","meta":[],"product_brand":[519],"product_cat":[516],"product_tag":[1638],"class_list":{"0":"post-19435","1":"product","2":"type-product","3":"status-publish","4":"has-post-thumbnail","6":"product_brand-technique","7":"product_cat-plauku-aliejai-serumai-pilingas","8":"product_tag-technique","10":"first","11":"instock","12":"sale","13":"taxable","14":"shipping-taxable","15":"purchasable","16":"product-type-simple"},"yoast_head":"<!-- This site is optimized with the Yoast SEO plugin v27.4 - https:\/\/yoast.com\/product\/yoast-seo-wordpress\/ -->\n<title>TECHNIQUE ALKEMY RE-ACTIVE (2 \u017eingsnis) plaukus atstatanti proced\u016bra-serumas, 12x10ml - MalinaShop.lt J\u016bs\u0173 sveikatai ir gro\u017eiui.<\/title>\n<meta name=\"robots\" content=\"index, follow, max-snippet:-1, max-image-preview:large, max-video-preview:-1\" \/>\n<link rel=\"canonical\" href=\"https:\/\/www.malinashop.lt\/lt_lt\/shop\/technique-alkemy-re-active-2-zingsnis-plaukus-atstatanti-procedura-serumas-12x10ml\/\" \/>\n<meta property=\"og:locale\" content=\"lt_LT\" \/>\n<meta property=\"og:type\" content=\"article\" \/>\n<meta property=\"og:title\" content=\"TECHNIQUE ALKEMY RE-ACTIVE (2 \u017eingsnis) plaukus atstatanti proced\u016bra-serumas, 12x10ml - MalinaShop.lt J\u016bs\u0173 sveikatai ir gro\u017eiui.\" \/>\n<meta property=\"og:url\" content=\"https:\/\/www.malinashop.lt\/lt_lt\/shop\/technique-alkemy-re-active-2-zingsnis-plaukus-atstatanti-procedura-serumas-12x10ml\/\" \/>\n<meta property=\"og:site_name\" content=\"MalinaShop.lt J\u016bs\u0173 sveikatai ir gro\u017eiui.\" \/>\n<meta property=\"article:modified_time\" content=\"2026-02-12T21:11:17+00:00\" \/>\n<meta property=\"og:image\" content=\"https:\/\/www.malinashop.lt\/wp-content\/uploads\/2024\/11\/TECHNIQUE-ALKEMY-RE-ACTIVE-2-zingsnis-plaukus-atstatanti-procedura-serumas-12x10ml.png\" \/>\n\t<meta property=\"og:image:width\" content=\"768\" \/>\n\t<meta property=\"og:image:height\" content=\"768\" \/>\n\t<meta property=\"og:image:type\" content=\"image\/png\" \/>\n<meta name=\"twitter:card\" content=\"summary_large_image\" \/>\n<script type=\"application\/ld+json\" class=\"yoast-schema-graph\">{\"@context\":\"https:\\\/\\\/schema.org\",\"@graph\":[{\"@type\":\"WebPage\",\"@id\":\"https:\\\/\\\/www.malinashop.lt\\\/en\\\/shop\\\/technique-alkemy-re-active-2-zingsnis-plaukus-atstatanti-procedura-serumas-12x10ml\\\/\",\"url\":\"https:\\\/\\\/www.malinashop.lt\\\/en\\\/shop\\\/technique-alkemy-re-active-2-zingsnis-plaukus-atstatanti-procedura-serumas-12x10ml\\\/\",\"name\":\"TECHNIQUE ALKEMY RE-ACTIVE (2 \u017eingsnis) plaukus atstatanti proced\u016bra-serumas, 12x10ml - MalinaShop.lt J\u016bs\u0173 sveikatai ir gro\u017eiui.\",\"isPartOf\":{\"@id\":\"https:\\\/\\\/www.malinashop.lt\\\/#website\"},\"primaryImageOfPage\":{\"@id\":\"https:\\\/\\\/www.malinashop.lt\\\/en\\\/shop\\\/technique-alkemy-re-active-2-zingsnis-plaukus-atstatanti-procedura-serumas-12x10ml\\\/#primaryimage\"},\"image\":{\"@id\":\"https:\\\/\\\/www.malinashop.lt\\\/en\\\/shop\\\/technique-alkemy-re-active-2-zingsnis-plaukus-atstatanti-procedura-serumas-12x10ml\\\/#primaryimage\"},\"thumbnailUrl\":\"https:\\\/\\\/www.malinashop.lt\\\/wp-content\\\/uploads\\\/2024\\\/11\\\/TECHNIQUE-ALKEMY-RE-ACTIVE-2-zingsnis-plaukus-atstatanti-procedura-serumas-12x10ml.png\",\"datePublished\":\"2024-11-06T12:51:51+00:00\",\"dateModified\":\"2026-02-12T21:11:17+00:00\",\"breadcrumb\":{\"@id\":\"https:\\\/\\\/www.malinashop.lt\\\/en\\\/shop\\\/technique-alkemy-re-active-2-zingsnis-plaukus-atstatanti-procedura-serumas-12x10ml\\\/#breadcrumb\"},\"inLanguage\":\"lt-LT\",\"potentialAction\":[{\"@type\":\"ReadAction\",\"target\":[\"https:\\\/\\\/www.malinashop.lt\\\/en\\\/shop\\\/technique-alkemy-re-active-2-zingsnis-plaukus-atstatanti-procedura-serumas-12x10ml\\\/\"]}]},{\"@type\":\"ImageObject\",\"inLanguage\":\"lt-LT\",\"@id\":\"https:\\\/\\\/www.malinashop.lt\\\/en\\\/shop\\\/technique-alkemy-re-active-2-zingsnis-plaukus-atstatanti-procedura-serumas-12x10ml\\\/#primaryimage\",\"url\":\"https:\\\/\\\/www.malinashop.lt\\\/wp-content\\\/uploads\\\/2024\\\/11\\\/TECHNIQUE-ALKEMY-RE-ACTIVE-2-zingsnis-plaukus-atstatanti-procedura-serumas-12x10ml.png\",\"contentUrl\":\"https:\\\/\\\/www.malinashop.lt\\\/wp-content\\\/uploads\\\/2024\\\/11\\\/TECHNIQUE-ALKEMY-RE-ACTIVE-2-zingsnis-plaukus-atstatanti-procedura-serumas-12x10ml.png\",\"width\":768,\"height\":768},{\"@type\":\"BreadcrumbList\",\"@id\":\"https:\\\/\\\/www.malinashop.lt\\\/en\\\/shop\\\/technique-alkemy-re-active-2-zingsnis-plaukus-atstatanti-procedura-serumas-12x10ml\\\/#breadcrumb\",\"itemListElement\":[{\"@type\":\"ListItem\",\"position\":1,\"name\":\"Pagrindinis\",\"item\":\"https:\\\/\\\/www.malinashop.lt\\\/\"},{\"@type\":\"ListItem\",\"position\":2,\"name\":\"Parduotuv\u0117\",\"item\":\"https:\\\/\\\/www.malinashop.lt\\\/en\\\/parduotuve\\\/\"},{\"@type\":\"ListItem\",\"position\":3,\"name\":\"TECHNIQUE ALKEMY RE-ACTIVE (2 \u017eingsnis) plaukus atstatanti proced\u016bra-serumas, 12x10ml\"}]},{\"@type\":\"WebSite\",\"@id\":\"https:\\\/\\\/www.malinashop.lt\\\/#website\",\"url\":\"https:\\\/\\\/www.malinashop.lt\\\/\",\"name\":\"COM Group Ecommerce\",\"description\":\"MalinaShop.lt - Gro\u017eio ir sveikatos produktai i\u0161 patikim\u0173 preki\u0173 \u017eenkl\u0173. Atraskite auk\u0161tos kokyb\u0117s kosmetik\u0105 u\u017e puiki\u0105 kain\u0105.\",\"publisher\":{\"@id\":\"https:\\\/\\\/www.malinashop.lt\\\/#organization\"},\"potentialAction\":[{\"@type\":\"SearchAction\",\"target\":{\"@type\":\"EntryPoint\",\"urlTemplate\":\"https:\\\/\\\/www.malinashop.lt\\\/?s={search_term_string}\"},\"query-input\":{\"@type\":\"PropertyValueSpecification\",\"valueRequired\":true,\"valueName\":\"search_term_string\"}}],\"inLanguage\":\"lt-LT\"},{\"@type\":\"Organization\",\"@id\":\"https:\\\/\\\/www.malinashop.lt\\\/#organization\",\"name\":\"COM Group Ecommerce\",\"url\":\"https:\\\/\\\/www.malinashop.lt\\\/\",\"logo\":{\"@type\":\"ImageObject\",\"inLanguage\":\"lt-LT\",\"@id\":\"https:\\\/\\\/www.malinashop.lt\\\/#\\\/schema\\\/logo\\\/image\\\/\",\"url\":\"https:\\\/\\\/www.malinashop.lt\\\/wp-content\\\/uploads\\\/2024\\\/08\\\/462559670_3787732518133670_9795632669273463_n-e1731525914575.png\",\"contentUrl\":\"https:\\\/\\\/www.malinashop.lt\\\/wp-content\\\/uploads\\\/2024\\\/08\\\/462559670_3787732518133670_9795632669273463_n-e1731525914575.png\",\"width\":180,\"height\":60,\"caption\":\"COM Group Ecommerce\"},\"image\":{\"@id\":\"https:\\\/\\\/www.malinashop.lt\\\/#\\\/schema\\\/logo\\\/image\\\/\"}}]}<\/script>\n<!-- \/ Yoast SEO plugin. -->","yoast_head_json":{"title":"TECHNIQUE ALKEMY RE-ACTIVE (2 \u017eingsnis) plaukus atstatanti proced\u016bra-serumas, 12x10ml - MalinaShop.lt J\u016bs\u0173 sveikatai ir gro\u017eiui.","robots":{"index":"index","follow":"follow","max-snippet":"max-snippet:-1","max-image-preview":"max-image-preview:large","max-video-preview":"max-video-preview:-1"},"canonical":"https:\/\/www.malinashop.lt\/lt_lt\/shop\/technique-alkemy-re-active-2-zingsnis-plaukus-atstatanti-procedura-serumas-12x10ml\/","og_locale":"lt_LT","og_type":"article","og_title":"TECHNIQUE ALKEMY RE-ACTIVE (2 \u017eingsnis) plaukus atstatanti proced\u016bra-serumas, 12x10ml - MalinaShop.lt J\u016bs\u0173 sveikatai ir gro\u017eiui.","og_url":"https:\/\/www.malinashop.lt\/lt_lt\/shop\/technique-alkemy-re-active-2-zingsnis-plaukus-atstatanti-procedura-serumas-12x10ml\/","og_site_name":"MalinaShop.lt J\u016bs\u0173 sveikatai ir gro\u017eiui.","article_modified_time":"2026-02-12T21:11:17+00:00","og_image":[{"width":768,"height":768,"url":"https:\/\/www.malinashop.lt\/wp-content\/uploads\/2024\/11\/TECHNIQUE-ALKEMY-RE-ACTIVE-2-zingsnis-plaukus-atstatanti-procedura-serumas-12x10ml.png","type":"image\/png"}],"twitter_card":"summary_large_image","schema":{"@context":"https:\/\/schema.org","@graph":[{"@type":"WebPage","@id":"https:\/\/www.malinashop.lt\/en\/shop\/technique-alkemy-re-active-2-zingsnis-plaukus-atstatanti-procedura-serumas-12x10ml\/","url":"https:\/\/www.malinashop.lt\/en\/shop\/technique-alkemy-re-active-2-zingsnis-plaukus-atstatanti-procedura-serumas-12x10ml\/","name":"TECHNIQUE ALKEMY RE-ACTIVE (2 \u017eingsnis) plaukus atstatanti proced\u016bra-serumas, 12x10ml - MalinaShop.lt J\u016bs\u0173 sveikatai ir gro\u017eiui.","isPartOf":{"@id":"https:\/\/www.malinashop.lt\/#website"},"primaryImageOfPage":{"@id":"https:\/\/www.malinashop.lt\/en\/shop\/technique-alkemy-re-active-2-zingsnis-plaukus-atstatanti-procedura-serumas-12x10ml\/#primaryimage"},"image":{"@id":"https:\/\/www.malinashop.lt\/en\/shop\/technique-alkemy-re-active-2-zingsnis-plaukus-atstatanti-procedura-serumas-12x10ml\/#primaryimage"},"thumbnailUrl":"https:\/\/www.malinashop.lt\/wp-content\/uploads\/2024\/11\/TECHNIQUE-ALKEMY-RE-ACTIVE-2-zingsnis-plaukus-atstatanti-procedura-serumas-12x10ml.png","datePublished":"2024-11-06T12:51:51+00:00","dateModified":"2026-02-12T21:11:17+00:00","breadcrumb":{"@id":"https:\/\/www.malinashop.lt\/en\/shop\/technique-alkemy-re-active-2-zingsnis-plaukus-atstatanti-procedura-serumas-12x10ml\/#breadcrumb"},"inLanguage":"lt-LT","potentialAction":[{"@type":"ReadAction","target":["https:\/\/www.malinashop.lt\/en\/shop\/technique-alkemy-re-active-2-zingsnis-plaukus-atstatanti-procedura-serumas-12x10ml\/"]}]},{"@type":"ImageObject","inLanguage":"lt-LT","@id":"https:\/\/www.malinashop.lt\/en\/shop\/technique-alkemy-re-active-2-zingsnis-plaukus-atstatanti-procedura-serumas-12x10ml\/#primaryimage","url":"https:\/\/www.malinashop.lt\/wp-content\/uploads\/2024\/11\/TECHNIQUE-ALKEMY-RE-ACTIVE-2-zingsnis-plaukus-atstatanti-procedura-serumas-12x10ml.png","contentUrl":"https:\/\/www.malinashop.lt\/wp-content\/uploads\/2024\/11\/TECHNIQUE-ALKEMY-RE-ACTIVE-2-zingsnis-plaukus-atstatanti-procedura-serumas-12x10ml.png","width":768,"height":768},{"@type":"BreadcrumbList","@id":"https:\/\/www.malinashop.lt\/en\/shop\/technique-alkemy-re-active-2-zingsnis-plaukus-atstatanti-procedura-serumas-12x10ml\/#breadcrumb","itemListElement":[{"@type":"ListItem","position":1,"name":"Pagrindinis","item":"https:\/\/www.malinashop.lt\/"},{"@type":"ListItem","position":2,"name":"Parduotuv\u0117","item":"https:\/\/www.malinashop.lt\/en\/parduotuve\/"},{"@type":"ListItem","position":3,"name":"TECHNIQUE ALKEMY RE-ACTIVE (2 \u017eingsnis) plaukus atstatanti proced\u016bra-serumas, 12x10ml"}]},{"@type":"WebSite","@id":"https:\/\/www.malinashop.lt\/#website","url":"https:\/\/www.malinashop.lt\/","name":"COM Group Ecommerce","description":"MalinaShop.lt - Gro\u017eio ir sveikatos produktai i\u0161 patikim\u0173 preki\u0173 \u017eenkl\u0173. Atraskite auk\u0161tos kokyb\u0117s kosmetik\u0105 u\u017e puiki\u0105 kain\u0105.","publisher":{"@id":"https:\/\/www.malinashop.lt\/#organization"},"potentialAction":[{"@type":"SearchAction","target":{"@type":"EntryPoint","urlTemplate":"https:\/\/www.malinashop.lt\/?s={search_term_string}"},"query-input":{"@type":"PropertyValueSpecification","valueRequired":true,"valueName":"search_term_string"}}],"inLanguage":"lt-LT"},{"@type":"Organization","@id":"https:\/\/www.malinashop.lt\/#organization","name":"COM Group Ecommerce","url":"https:\/\/www.malinashop.lt\/","logo":{"@type":"ImageObject","inLanguage":"lt-LT","@id":"https:\/\/www.malinashop.lt\/#\/schema\/logo\/image\/","url":"https:\/\/www.malinashop.lt\/wp-content\/uploads\/2024\/08\/462559670_3787732518133670_9795632669273463_n-e1731525914575.png","contentUrl":"https:\/\/www.malinashop.lt\/wp-content\/uploads\/2024\/08\/462559670_3787732518133670_9795632669273463_n-e1731525914575.png","width":180,"height":60,"caption":"COM Group Ecommerce"},"image":{"@id":"https:\/\/www.malinashop.lt\/#\/schema\/logo\/image\/"}}]}},"jetpack_sharing_enabled":true,"_links":{"self":[{"href":"https:\/\/www.malinashop.lt\/lt_lt\/wp-json\/wp\/v2\/product\/19435","targetHints":{"allow":["GET"]}}],"collection":[{"href":"https:\/\/www.malinashop.lt\/lt_lt\/wp-json\/wp\/v2\/product"}],"about":[{"href":"https:\/\/www.malinashop.lt\/lt_lt\/wp-json\/wp\/v2\/types\/product"}],"version-history":[{"count":1,"href":"https:\/\/www.malinashop.lt\/lt_lt\/wp-json\/wp\/v2\/product\/19435\/revisions"}],"predecessor-version":[{"id":33288,"href":"https:\/\/www.malinashop.lt\/lt_lt\/wp-json\/wp\/v2\/product\/19435\/revisions\/33288"}],"wp:featuredmedia":[{"embeddable":true,"href":"https:\/\/www.malinashop.lt\/lt_lt\/wp-json\/wp\/v2\/media\/18090"}],"wp:attachment":[{"href":"https:\/\/www.malinashop.lt\/lt_lt\/wp-json\/wp\/v2\/media?parent=19435"}],"wp:term":[{"taxonomy":"product_brand","embeddable":true,"href":"https:\/\/www.malinashop.lt\/lt_lt\/wp-json\/wp\/v2\/product_brand?post=19435"},{"taxonomy":"product_cat","embeddable":true,"href":"https:\/\/www.malinashop.lt\/lt_lt\/wp-json\/wp\/v2\/product_cat?post=19435"},{"taxonomy":"product_tag","embeddable":true,"href":"https:\/\/www.malinashop.lt\/lt_lt\/wp-json\/wp\/v2\/product_tag?post=19435"}],"curies":[{"name":"wp","href":"https:\/\/api.w.org\/{rel}","templated":true}]}}