{"id":19393,"date":"2024-11-06T15:51:46","date_gmt":"2024-11-06T12:51:46","guid":{"rendered":"https:\/\/malinashop.lt\/produktas\/technique-jetting-up-full-hd-hairspray-plauku-lakas-500-ml\/"},"modified":"2026-03-15T20:57:01","modified_gmt":"2026-03-15T17:57:01","slug":"technique-jetting-up-full-hd-hairspray-plauku-lakas-500-ml","status":"publish","type":"product","link":"https:\/\/www.malinashop.lt\/lt_lt\/shop\/technique-jetting-up-full-hd-hairspray-plauku-lakas-500-ml\/","title":{"rendered":"TECHNIQUE JETTING UP FULL HD HAIRSPRAY plauk\u0173 lakas, 500 ml"},"content":{"rendered":"<p>TECHNIQUE JETTING UP FULL HD HAIRSPRAY plauk\u0173 lakas suteikia stipri\u0105 fiksacij\u0105 ir i\u0161skirtin\u012f \u017evilges\u012f, leid\u017eiant formuoti \u0161ukuosen\u0105, tarsi apgaubiant j\u0105 nematoma pl\u0117vele. Unikali formul\u0117 neapsunkina plauk\u0173 ir nepalieka matom\u0173 \u017eymi\u0173, tod\u0117l \u0161is plauk\u0173 lakas tampa j\u016bs\u0173 nauju m\u0117gstamiausiu.<\/p>\n<p><strong>Privalumai:<\/strong><\/p>\n<p>Tvirtas, ilgalaikis fiksavimas;<br \/>\nSuteikia apimties, neapsunkindamas plauk\u0173;<br \/>\nNelieka produkto liku\u010di\u0173, lengvai nusivalo;<br \/>\nGass-free formul\u0117.<br \/>\nNaudojimo instrukcijos: Pur\u0161kite ant saus\u0173 plauk\u0173 i\u0161 ma\u017edaug 30 cm atstumo.<\/p>\n<p><strong>Apie TECHNIQUE:<\/strong><br \/>\n\u0160is prekinis \u017eenklas yra pirmasis i\u0161 Italijos kompanijos \u201eComprof\u201c ir daugiau nei 20 met\u0173 tiekia profesionalius plauk\u0173 prie\u017ei\u016bros gaminius. TECHNIQUE produktai sukurti ir pagaminti Italijoje, u\u017etikrinant auk\u0161\u010diausi\u0105 kokyb\u0119. J\u0173 efektyvumas ir patikimumas yra laiko patikrinti ir patenkina net pa\u010di\u0173 reikliausi\u0173 klient\u0173 poreikius.<\/p>\n<p>M\u016bs\u0173 elektronin\u0117je parduotuv\u0117je rasite kruop\u0161\u010diai atrinkt\u0173 produkt\u0173 tiek profesionaliam gro\u017eio salon\u0173 naudojimui, tiek saugi\u0173 naudoti namuose. Pasiekite profesionalaus lygio rezultat\u0173, lyg k\u0105 tik po kirpyklos apsilankymo!<\/p>\n<p>Made in Italy: Visi TECHNIQUE produktai sukurti ir pagaminti Italijoje, atsi\u017evelgiant \u012f vartotoj\u0173 ir kirp\u0117j\u0173 poreikius. Kiekvien\u0105 dien\u0105 si\u016blome sprendimus, kurie atitinka j\u016bs\u0173 l\u016bkes\u010dius.&#8221;<\/p>\n","protected":false},"excerpt":{"rendered":"<p>TECHNIQUE JETTING UP FULL HD HAIRSPRAY plauk\u0173 lakas suteikia stipri\u0105 fiksacij\u0105 ir i\u0161skirtin\u012f \u017evilges\u012f, leid\u017eiant formuoti \u0161ukuosen\u0105, tarsi apgaubiant j\u0105 nematoma pl\u0117vele.&hellip;<\/p>\n","protected":false},"featured_media":18109,"template":"","meta":[],"product_brand":[519],"product_cat":[518],"product_tag":[1638],"class_list":{"0":"post-19393","1":"product","2":"type-product","3":"status-publish","4":"has-post-thumbnail","6":"product_brand-technique","7":"product_cat-plauku-lakai-putos-vaskas-ir-kitos-priemones","8":"product_tag-technique","10":"first","11":"instock","12":"sale","13":"taxable","14":"shipping-taxable","15":"purchasable","16":"product-type-simple"},"yoast_head":"<!-- This site is optimized with the Yoast SEO plugin v27.4 - https:\/\/yoast.com\/product\/yoast-seo-wordpress\/ -->\n<title>TECHNIQUE JETTING UP FULL HD HAIRSPRAY plauk\u0173 lakas, 500 ml - MalinaShop.lt J\u016bs\u0173 sveikatai ir gro\u017eiui.<\/title>\n<meta name=\"robots\" content=\"index, follow, max-snippet:-1, max-image-preview:large, max-video-preview:-1\" \/>\n<link rel=\"canonical\" href=\"https:\/\/www.malinashop.lt\/lt_lt\/shop\/technique-jetting-up-full-hd-hairspray-plauku-lakas-500-ml\/\" \/>\n<meta property=\"og:locale\" content=\"lt_LT\" \/>\n<meta property=\"og:type\" content=\"article\" \/>\n<meta property=\"og:title\" content=\"TECHNIQUE JETTING UP FULL HD HAIRSPRAY plauk\u0173 lakas, 500 ml - MalinaShop.lt J\u016bs\u0173 sveikatai ir gro\u017eiui.\" \/>\n<meta property=\"og:url\" content=\"https:\/\/www.malinashop.lt\/lt_lt\/shop\/technique-jetting-up-full-hd-hairspray-plauku-lakas-500-ml\/\" \/>\n<meta property=\"og:site_name\" content=\"MalinaShop.lt J\u016bs\u0173 sveikatai ir gro\u017eiui.\" \/>\n<meta property=\"article:modified_time\" content=\"2026-03-15T17:57:01+00:00\" \/>\n<meta property=\"og:image\" content=\"https:\/\/www.malinashop.lt\/wp-content\/uploads\/2024\/11\/TECHNIQUE-JETTING-UP-FULL-HD-HAIRSPRAY-plauku-lakas-500-ml.png\" \/>\n\t<meta property=\"og:image:width\" content=\"768\" \/>\n\t<meta property=\"og:image:height\" content=\"768\" \/>\n\t<meta property=\"og:image:type\" content=\"image\/png\" \/>\n<meta name=\"twitter:card\" content=\"summary_large_image\" \/>\n<script type=\"application\/ld+json\" class=\"yoast-schema-graph\">{\"@context\":\"https:\\\/\\\/schema.org\",\"@graph\":[{\"@type\":\"WebPage\",\"@id\":\"https:\\\/\\\/www.malinashop.lt\\\/lt_lt\\\/shop\\\/technique-jetting-up-full-hd-hairspray-plauku-lakas-500-ml\\\/\",\"url\":\"https:\\\/\\\/www.malinashop.lt\\\/lt_lt\\\/shop\\\/technique-jetting-up-full-hd-hairspray-plauku-lakas-500-ml\\\/\",\"name\":\"TECHNIQUE JETTING UP FULL HD HAIRSPRAY plauk\u0173 lakas, 500 ml - MalinaShop.lt J\u016bs\u0173 sveikatai ir gro\u017eiui.\",\"isPartOf\":{\"@id\":\"https:\\\/\\\/www.malinashop.lt\\\/#website\"},\"primaryImageOfPage\":{\"@id\":\"https:\\\/\\\/www.malinashop.lt\\\/lt_lt\\\/shop\\\/technique-jetting-up-full-hd-hairspray-plauku-lakas-500-ml\\\/#primaryimage\"},\"image\":{\"@id\":\"https:\\\/\\\/www.malinashop.lt\\\/lt_lt\\\/shop\\\/technique-jetting-up-full-hd-hairspray-plauku-lakas-500-ml\\\/#primaryimage\"},\"thumbnailUrl\":\"https:\\\/\\\/www.malinashop.lt\\\/wp-content\\\/uploads\\\/2024\\\/11\\\/TECHNIQUE-JETTING-UP-FULL-HD-HAIRSPRAY-plauku-lakas-500-ml.png\",\"datePublished\":\"2024-11-06T12:51:46+00:00\",\"dateModified\":\"2026-03-15T17:57:01+00:00\",\"breadcrumb\":{\"@id\":\"https:\\\/\\\/www.malinashop.lt\\\/lt_lt\\\/shop\\\/technique-jetting-up-full-hd-hairspray-plauku-lakas-500-ml\\\/#breadcrumb\"},\"inLanguage\":\"lt-LT\",\"potentialAction\":[{\"@type\":\"ReadAction\",\"target\":[\"https:\\\/\\\/www.malinashop.lt\\\/lt_lt\\\/shop\\\/technique-jetting-up-full-hd-hairspray-plauku-lakas-500-ml\\\/\"]}]},{\"@type\":\"ImageObject\",\"inLanguage\":\"lt-LT\",\"@id\":\"https:\\\/\\\/www.malinashop.lt\\\/lt_lt\\\/shop\\\/technique-jetting-up-full-hd-hairspray-plauku-lakas-500-ml\\\/#primaryimage\",\"url\":\"https:\\\/\\\/www.malinashop.lt\\\/wp-content\\\/uploads\\\/2024\\\/11\\\/TECHNIQUE-JETTING-UP-FULL-HD-HAIRSPRAY-plauku-lakas-500-ml.png\",\"contentUrl\":\"https:\\\/\\\/www.malinashop.lt\\\/wp-content\\\/uploads\\\/2024\\\/11\\\/TECHNIQUE-JETTING-UP-FULL-HD-HAIRSPRAY-plauku-lakas-500-ml.png\",\"width\":768,\"height\":768},{\"@type\":\"BreadcrumbList\",\"@id\":\"https:\\\/\\\/www.malinashop.lt\\\/lt_lt\\\/shop\\\/technique-jetting-up-full-hd-hairspray-plauku-lakas-500-ml\\\/#breadcrumb\",\"itemListElement\":[{\"@type\":\"ListItem\",\"position\":1,\"name\":\"Pagrindinis\",\"item\":\"https:\\\/\\\/www.malinashop.lt\\\/\"},{\"@type\":\"ListItem\",\"position\":2,\"name\":\"Parduotuv\u0117\",\"item\":\"https:\\\/\\\/www.malinashop.lt\\\/en\\\/parduotuve\\\/\"},{\"@type\":\"ListItem\",\"position\":3,\"name\":\"TECHNIQUE JETTING UP FULL HD HAIRSPRAY plauk\u0173 lakas, 500 ml\"}]},{\"@type\":\"WebSite\",\"@id\":\"https:\\\/\\\/www.malinashop.lt\\\/#website\",\"url\":\"https:\\\/\\\/www.malinashop.lt\\\/\",\"name\":\"COM Group Ecommerce\",\"description\":\"MalinaShop.lt - Gro\u017eio ir sveikatos produktai i\u0161 patikim\u0173 preki\u0173 \u017eenkl\u0173. Atraskite auk\u0161tos kokyb\u0117s kosmetik\u0105 u\u017e puiki\u0105 kain\u0105.\",\"publisher\":{\"@id\":\"https:\\\/\\\/www.malinashop.lt\\\/#organization\"},\"potentialAction\":[{\"@type\":\"SearchAction\",\"target\":{\"@type\":\"EntryPoint\",\"urlTemplate\":\"https:\\\/\\\/www.malinashop.lt\\\/?s={search_term_string}\"},\"query-input\":{\"@type\":\"PropertyValueSpecification\",\"valueRequired\":true,\"valueName\":\"search_term_string\"}}],\"inLanguage\":\"lt-LT\"},{\"@type\":\"Organization\",\"@id\":\"https:\\\/\\\/www.malinashop.lt\\\/#organization\",\"name\":\"COM Group Ecommerce\",\"url\":\"https:\\\/\\\/www.malinashop.lt\\\/\",\"logo\":{\"@type\":\"ImageObject\",\"inLanguage\":\"lt-LT\",\"@id\":\"https:\\\/\\\/www.malinashop.lt\\\/#\\\/schema\\\/logo\\\/image\\\/\",\"url\":\"https:\\\/\\\/www.malinashop.lt\\\/wp-content\\\/uploads\\\/2024\\\/08\\\/462559670_3787732518133670_9795632669273463_n-e1731525914575.png\",\"contentUrl\":\"https:\\\/\\\/www.malinashop.lt\\\/wp-content\\\/uploads\\\/2024\\\/08\\\/462559670_3787732518133670_9795632669273463_n-e1731525914575.png\",\"width\":180,\"height\":60,\"caption\":\"COM Group Ecommerce\"},\"image\":{\"@id\":\"https:\\\/\\\/www.malinashop.lt\\\/#\\\/schema\\\/logo\\\/image\\\/\"}}]}<\/script>\n<!-- \/ Yoast SEO plugin. -->","yoast_head_json":{"title":"TECHNIQUE JETTING UP FULL HD HAIRSPRAY plauk\u0173 lakas, 500 ml - MalinaShop.lt J\u016bs\u0173 sveikatai ir gro\u017eiui.","robots":{"index":"index","follow":"follow","max-snippet":"max-snippet:-1","max-image-preview":"max-image-preview:large","max-video-preview":"max-video-preview:-1"},"canonical":"https:\/\/www.malinashop.lt\/lt_lt\/shop\/technique-jetting-up-full-hd-hairspray-plauku-lakas-500-ml\/","og_locale":"lt_LT","og_type":"article","og_title":"TECHNIQUE JETTING UP FULL HD HAIRSPRAY plauk\u0173 lakas, 500 ml - MalinaShop.lt J\u016bs\u0173 sveikatai ir gro\u017eiui.","og_url":"https:\/\/www.malinashop.lt\/lt_lt\/shop\/technique-jetting-up-full-hd-hairspray-plauku-lakas-500-ml\/","og_site_name":"MalinaShop.lt J\u016bs\u0173 sveikatai ir gro\u017eiui.","article_modified_time":"2026-03-15T17:57:01+00:00","og_image":[{"width":768,"height":768,"url":"https:\/\/www.malinashop.lt\/wp-content\/uploads\/2024\/11\/TECHNIQUE-JETTING-UP-FULL-HD-HAIRSPRAY-plauku-lakas-500-ml.png","type":"image\/png"}],"twitter_card":"summary_large_image","schema":{"@context":"https:\/\/schema.org","@graph":[{"@type":"WebPage","@id":"https:\/\/www.malinashop.lt\/lt_lt\/shop\/technique-jetting-up-full-hd-hairspray-plauku-lakas-500-ml\/","url":"https:\/\/www.malinashop.lt\/lt_lt\/shop\/technique-jetting-up-full-hd-hairspray-plauku-lakas-500-ml\/","name":"TECHNIQUE JETTING UP FULL HD HAIRSPRAY plauk\u0173 lakas, 500 ml - MalinaShop.lt J\u016bs\u0173 sveikatai ir gro\u017eiui.","isPartOf":{"@id":"https:\/\/www.malinashop.lt\/#website"},"primaryImageOfPage":{"@id":"https:\/\/www.malinashop.lt\/lt_lt\/shop\/technique-jetting-up-full-hd-hairspray-plauku-lakas-500-ml\/#primaryimage"},"image":{"@id":"https:\/\/www.malinashop.lt\/lt_lt\/shop\/technique-jetting-up-full-hd-hairspray-plauku-lakas-500-ml\/#primaryimage"},"thumbnailUrl":"https:\/\/www.malinashop.lt\/wp-content\/uploads\/2024\/11\/TECHNIQUE-JETTING-UP-FULL-HD-HAIRSPRAY-plauku-lakas-500-ml.png","datePublished":"2024-11-06T12:51:46+00:00","dateModified":"2026-03-15T17:57:01+00:00","breadcrumb":{"@id":"https:\/\/www.malinashop.lt\/lt_lt\/shop\/technique-jetting-up-full-hd-hairspray-plauku-lakas-500-ml\/#breadcrumb"},"inLanguage":"lt-LT","potentialAction":[{"@type":"ReadAction","target":["https:\/\/www.malinashop.lt\/lt_lt\/shop\/technique-jetting-up-full-hd-hairspray-plauku-lakas-500-ml\/"]}]},{"@type":"ImageObject","inLanguage":"lt-LT","@id":"https:\/\/www.malinashop.lt\/lt_lt\/shop\/technique-jetting-up-full-hd-hairspray-plauku-lakas-500-ml\/#primaryimage","url":"https:\/\/www.malinashop.lt\/wp-content\/uploads\/2024\/11\/TECHNIQUE-JETTING-UP-FULL-HD-HAIRSPRAY-plauku-lakas-500-ml.png","contentUrl":"https:\/\/www.malinashop.lt\/wp-content\/uploads\/2024\/11\/TECHNIQUE-JETTING-UP-FULL-HD-HAIRSPRAY-plauku-lakas-500-ml.png","width":768,"height":768},{"@type":"BreadcrumbList","@id":"https:\/\/www.malinashop.lt\/lt_lt\/shop\/technique-jetting-up-full-hd-hairspray-plauku-lakas-500-ml\/#breadcrumb","itemListElement":[{"@type":"ListItem","position":1,"name":"Pagrindinis","item":"https:\/\/www.malinashop.lt\/"},{"@type":"ListItem","position":2,"name":"Parduotuv\u0117","item":"https:\/\/www.malinashop.lt\/en\/parduotuve\/"},{"@type":"ListItem","position":3,"name":"TECHNIQUE JETTING UP FULL HD HAIRSPRAY plauk\u0173 lakas, 500 ml"}]},{"@type":"WebSite","@id":"https:\/\/www.malinashop.lt\/#website","url":"https:\/\/www.malinashop.lt\/","name":"COM Group Ecommerce","description":"MalinaShop.lt - Gro\u017eio ir sveikatos produktai i\u0161 patikim\u0173 preki\u0173 \u017eenkl\u0173. Atraskite auk\u0161tos kokyb\u0117s kosmetik\u0105 u\u017e puiki\u0105 kain\u0105.","publisher":{"@id":"https:\/\/www.malinashop.lt\/#organization"},"potentialAction":[{"@type":"SearchAction","target":{"@type":"EntryPoint","urlTemplate":"https:\/\/www.malinashop.lt\/?s={search_term_string}"},"query-input":{"@type":"PropertyValueSpecification","valueRequired":true,"valueName":"search_term_string"}}],"inLanguage":"lt-LT"},{"@type":"Organization","@id":"https:\/\/www.malinashop.lt\/#organization","name":"COM Group Ecommerce","url":"https:\/\/www.malinashop.lt\/","logo":{"@type":"ImageObject","inLanguage":"lt-LT","@id":"https:\/\/www.malinashop.lt\/#\/schema\/logo\/image\/","url":"https:\/\/www.malinashop.lt\/wp-content\/uploads\/2024\/08\/462559670_3787732518133670_9795632669273463_n-e1731525914575.png","contentUrl":"https:\/\/www.malinashop.lt\/wp-content\/uploads\/2024\/08\/462559670_3787732518133670_9795632669273463_n-e1731525914575.png","width":180,"height":60,"caption":"COM Group Ecommerce"},"image":{"@id":"https:\/\/www.malinashop.lt\/#\/schema\/logo\/image\/"}}]}},"jetpack_sharing_enabled":true,"_links":{"self":[{"href":"https:\/\/www.malinashop.lt\/lt_lt\/wp-json\/wp\/v2\/product\/19393","targetHints":{"allow":["GET"]}}],"collection":[{"href":"https:\/\/www.malinashop.lt\/lt_lt\/wp-json\/wp\/v2\/product"}],"about":[{"href":"https:\/\/www.malinashop.lt\/lt_lt\/wp-json\/wp\/v2\/types\/product"}],"version-history":[{"count":3,"href":"https:\/\/www.malinashop.lt\/lt_lt\/wp-json\/wp\/v2\/product\/19393\/revisions"}],"predecessor-version":[{"id":75288,"href":"https:\/\/www.malinashop.lt\/lt_lt\/wp-json\/wp\/v2\/product\/19393\/revisions\/75288"}],"wp:featuredmedia":[{"embeddable":true,"href":"https:\/\/www.malinashop.lt\/lt_lt\/wp-json\/wp\/v2\/media\/18109"}],"wp:attachment":[{"href":"https:\/\/www.malinashop.lt\/lt_lt\/wp-json\/wp\/v2\/media?parent=19393"}],"wp:term":[{"taxonomy":"product_brand","embeddable":true,"href":"https:\/\/www.malinashop.lt\/lt_lt\/wp-json\/wp\/v2\/product_brand?post=19393"},{"taxonomy":"product_cat","embeddable":true,"href":"https:\/\/www.malinashop.lt\/lt_lt\/wp-json\/wp\/v2\/product_cat?post=19393"},{"taxonomy":"product_tag","embeddable":true,"href":"https:\/\/www.malinashop.lt\/lt_lt\/wp-json\/wp\/v2\/product_tag?post=19393"}],"curies":[{"name":"wp","href":"https:\/\/api.w.org\/{rel}","templated":true}]}}