{"id":19364,"date":"2024-11-06T15:51:43","date_gmt":"2024-11-06T12:51:43","guid":{"rendered":"https:\/\/malinashop.lt\/produktas\/yunsey-be-kids-sampunas-vaikams-400-ml\/"},"modified":"2026-03-03T22:53:52","modified_gmt":"2026-03-03T19:53:52","slug":"yunsey-be-kids-sampunas-vaikams-400-ml","status":"publish","type":"product","link":"https:\/\/www.malinashop.lt\/lt_lt\/shop\/yunsey-be-kids-sampunas-vaikams-400-ml\/","title":{"rendered":"YUNSEY BE KIDS \u0161amp\u016bnas vaikams, 400 ml"},"content":{"rendered":"<p data-start=\"302\" data-end=\"585\">YUNSEY kondicionierius vaikams <strong data-start=\"356\" data-end=\"367\">BE KIDS<\/strong> sukurtas specialiai ma\u017eyli\u0173 plauk\u0173 ir jautrios galvos odos prie\u017ei\u016brai. Tai lengvas, <strong data-start=\"452\" data-end=\"481\">nenuskalaujamas pur\u0161kalas<\/strong>, kuris akimirksniu palengvina \u0161ukavim\u0105 ir padeda pamir\u0161ti skausming\u0105, nemaloni\u0105 plauk\u0173 \u0161ukavimo rutin\u0105.<\/p>\n<p data-start=\"587\" data-end=\"604\">\u0160velni formul\u0117:<\/p>\n<ul data-start=\"605\" data-end=\"822\">\n<li data-start=\"605\" data-end=\"681\">\n<p data-start=\"607\" data-end=\"681\"><strong data-start=\"607\" data-end=\"638\">Pa\u0161alina mazgus ir v\u0117lim\u0105si<\/strong> tiek \u0161lapiuose, tiek sausuose plaukuose;<\/p>\n<\/li>\n<li data-start=\"682\" data-end=\"757\">\n<p data-start=\"684\" data-end=\"757\">Suteikia plaukams <strong data-start=\"702\" data-end=\"735\">\u0161velnumo, slidumo ir glotnumo<\/strong>, j\u0173 neapsunkindama;<\/p>\n<\/li>\n<li data-start=\"758\" data-end=\"822\">\n<p data-start=\"760\" data-end=\"822\">Padeda <strong data-start=\"767\" data-end=\"819\">ma\u017einti plauk\u0173 slinkim\u0105 mechaninio \u0161ukavimo metu<\/strong>.<\/p>\n<\/li>\n<\/ul>\n<p data-start=\"824\" data-end=\"1060\">Sud\u0117tyje esantis <strong data-start=\"841\" data-end=\"895\">raudon\u0173j\u0173 \u201esupervaisi\u0173\u201c antioksidacinis ekstraktas<\/strong> padeda apsaugoti plaukus nuo <strong data-start=\"925\" data-end=\"942\">UVB spinduli\u0173<\/strong> ir \u017ealingo aplinkos poveikio, tod\u0117l kondicionierius puikiai tinka naudoti kasdien \u2013 tiek namuose, tiek atostog\u0173 metu.<\/p>\n<p data-start=\"1062\" data-end=\"1080\">Priemon\u0117 skirta:<\/p>\n<ul data-start=\"1081\" data-end=\"1263\">\n<li data-start=\"1081\" data-end=\"1120\">\n<p data-start=\"1083\" data-end=\"1120\">vaikams ir j\u0173 jautriai galvos odai;<\/p>\n<\/li>\n<li data-start=\"1121\" data-end=\"1184\">\n<p data-start=\"1123\" data-end=\"1184\">lengvai susivelian\u010di\u0173, plon\u0173 ar ilgesni\u0173 plauk\u0173 prie\u017ei\u016brai;<\/p>\n<\/li>\n<li data-start=\"1185\" data-end=\"1263\">\n<p data-start=\"1187\" data-end=\"1263\">t\u0117vams, kurie nori greitos, \u0161velnios ir vaikui draugi\u0161kos plauk\u0173 prie\u017ei\u016bros.<\/p>\n<\/li>\n<\/ul>\n<p data-start=\"1265\" data-end=\"1416\">YUNSEY BE KIDS paver\u010dia plauk\u0173 \u0161ukavim\u0105 ne kova, o <strong data-start=\"1316\" data-end=\"1344\">malonia ir greita rutina<\/strong> \u2013 plaukai tampa mink\u0161ti, glotn\u016bs, lengvai \u0161ukuojami ir maloniai kvepia.<\/p>\n<p data-start=\"1418\" data-end=\"1434\"><strong data-start=\"1418\" data-end=\"1432\">Naudojimas<\/strong><\/p>\n<ul data-start=\"1435\" data-end=\"1613\">\n<li data-start=\"1435\" data-end=\"1489\">\n<p data-start=\"1437\" data-end=\"1489\">Purk\u0161kite ant \u0161vari\u0173 <strong data-start=\"1458\" data-end=\"1479\">dr\u0117gn\u0173 arba saus\u0173<\/strong> plauk\u0173.<\/p>\n<\/li>\n<li data-start=\"1490\" data-end=\"1543\">\n<p data-start=\"1492\" data-end=\"1543\">\u0160velniai i\u0161\u0161ukuokite plaukus nuo galiuk\u0173 \u012f vir\u0161\u0173.<\/p>\n<\/li>\n<li data-start=\"1544\" data-end=\"1582\">\n<p data-start=\"1546\" data-end=\"1582\">Priemon\u0117s <strong data-start=\"1556\" data-end=\"1579\">nuskalauti nereikia<\/strong>.<\/p>\n<\/li>\n<li data-start=\"1583\" data-end=\"1613\">\n<p data-start=\"1585\" data-end=\"1613\">Tinka kasdieniam naudojimui.<\/p>\n<\/li>\n<\/ul>\n","protected":false},"excerpt":{"rendered":"<p>YUNSEY BE KIDS \u2013 \u0161velnus pur\u0161kiamas kondicionierius vaikams, padedantis lengvai i\u0161\u0161ukuoti \u0161lapius ir sausus plaukus, ma\u017einantis v\u0117lim\u0105si ir saugantis plaukus nuo UVB spinduli\u0173.<\/p>\n","protected":false},"featured_media":18601,"template":"","meta":[],"product_brand":[513],"product_cat":[185,1298],"product_tag":[1143],"class_list":{"0":"post-19364","1":"product","2":"type-product","3":"status-publish","4":"has-post-thumbnail","6":"product_brand-yunsey","7":"product_cat-plauku-sampunai","8":"product_cat-vaikams","9":"product_tag-yunsey","11":"first","12":"outofstock","13":"sale","14":"taxable","15":"shipping-taxable","16":"purchasable","17":"product-type-simple"},"yoast_head":"<!-- This site is optimized with the Yoast SEO plugin v27.4 - https:\/\/yoast.com\/product\/yoast-seo-wordpress\/ -->\n<title>YUNSEY BE KIDS \u0161amp\u016bnas vaikams, 400 ml - MalinaShop.lt J\u016bs\u0173 sveikatai ir gro\u017eiui.<\/title>\n<meta name=\"description\" content=\"YUNSEY BE KIDS pur\u0161kiamas kondicionierius vaikams \u2013 lengvai i\u0161\u0161ukuojami plaukai, mazg\u0173 ma\u017einimas ir UVB apsauga. Nenuskalaujama, \u0161velni formul\u0117 kasdienai.\" \/>\n<meta name=\"robots\" content=\"index, follow, max-snippet:-1, max-image-preview:large, max-video-preview:-1\" \/>\n<link rel=\"canonical\" href=\"https:\/\/www.malinashop.lt\/lt_lt\/shop\/yunsey-be-kids-sampunas-vaikams-400-ml\/\" \/>\n<meta property=\"og:locale\" content=\"lt_LT\" \/>\n<meta property=\"og:type\" content=\"article\" \/>\n<meta property=\"og:title\" content=\"YUNSEY BE KIDS \u0161amp\u016bnas vaikams, 400 ml - MalinaShop.lt J\u016bs\u0173 sveikatai ir gro\u017eiui.\" \/>\n<meta property=\"og:description\" content=\"YUNSEY BE KIDS pur\u0161kiamas kondicionierius vaikams \u2013 lengvai i\u0161\u0161ukuojami plaukai, mazg\u0173 ma\u017einimas ir UVB apsauga. Nenuskalaujama, \u0161velni formul\u0117 kasdienai.\" \/>\n<meta property=\"og:url\" content=\"https:\/\/www.malinashop.lt\/lt_lt\/shop\/yunsey-be-kids-sampunas-vaikams-400-ml\/\" \/>\n<meta property=\"og:site_name\" content=\"MalinaShop.lt J\u016bs\u0173 sveikatai ir gro\u017eiui.\" \/>\n<meta property=\"article:modified_time\" content=\"2026-03-03T19:53:52+00:00\" \/>\n<meta property=\"og:image\" content=\"https:\/\/www.malinashop.lt\/wp-content\/uploads\/2024\/11\/YUNSEY-BE-KIDS-sampunas-vaikams-400-ml.jpg\" \/>\n\t<meta property=\"og:image:width\" content=\"800\" \/>\n\t<meta property=\"og:image:height\" content=\"800\" \/>\n\t<meta property=\"og:image:type\" content=\"image\/jpeg\" \/>\n<meta name=\"twitter:card\" content=\"summary_large_image\" \/>\n<script type=\"application\/ld+json\" class=\"yoast-schema-graph\">{\"@context\":\"https:\\\/\\\/schema.org\",\"@graph\":[{\"@type\":\"WebPage\",\"@id\":\"https:\\\/\\\/www.malinashop.lt\\\/shop\\\/yunsey-be-kids-sampunas-vaikams-400-ml\\\/\",\"url\":\"https:\\\/\\\/www.malinashop.lt\\\/shop\\\/yunsey-be-kids-sampunas-vaikams-400-ml\\\/\",\"name\":\"YUNSEY BE KIDS \u0161amp\u016bnas vaikams, 400 ml - MalinaShop.lt J\u016bs\u0173 sveikatai ir gro\u017eiui.\",\"isPartOf\":{\"@id\":\"https:\\\/\\\/www.malinashop.lt\\\/#website\"},\"primaryImageOfPage\":{\"@id\":\"https:\\\/\\\/www.malinashop.lt\\\/shop\\\/yunsey-be-kids-sampunas-vaikams-400-ml\\\/#primaryimage\"},\"image\":{\"@id\":\"https:\\\/\\\/www.malinashop.lt\\\/shop\\\/yunsey-be-kids-sampunas-vaikams-400-ml\\\/#primaryimage\"},\"thumbnailUrl\":\"https:\\\/\\\/www.malinashop.lt\\\/wp-content\\\/uploads\\\/2024\\\/11\\\/YUNSEY-BE-KIDS-sampunas-vaikams-400-ml.jpg\",\"datePublished\":\"2024-11-06T12:51:43+00:00\",\"dateModified\":\"2026-03-03T19:53:52+00:00\",\"description\":\"YUNSEY BE KIDS pur\u0161kiamas kondicionierius vaikams \u2013 lengvai i\u0161\u0161ukuojami plaukai, mazg\u0173 ma\u017einimas ir UVB apsauga. Nenuskalaujama, \u0161velni formul\u0117 kasdienai.\",\"breadcrumb\":{\"@id\":\"https:\\\/\\\/www.malinashop.lt\\\/shop\\\/yunsey-be-kids-sampunas-vaikams-400-ml\\\/#breadcrumb\"},\"inLanguage\":\"lt-LT\",\"potentialAction\":[{\"@type\":\"ReadAction\",\"target\":[\"https:\\\/\\\/www.malinashop.lt\\\/shop\\\/yunsey-be-kids-sampunas-vaikams-400-ml\\\/\"]}]},{\"@type\":\"ImageObject\",\"inLanguage\":\"lt-LT\",\"@id\":\"https:\\\/\\\/www.malinashop.lt\\\/shop\\\/yunsey-be-kids-sampunas-vaikams-400-ml\\\/#primaryimage\",\"url\":\"https:\\\/\\\/www.malinashop.lt\\\/wp-content\\\/uploads\\\/2024\\\/11\\\/YUNSEY-BE-KIDS-sampunas-vaikams-400-ml.jpg\",\"contentUrl\":\"https:\\\/\\\/www.malinashop.lt\\\/wp-content\\\/uploads\\\/2024\\\/11\\\/YUNSEY-BE-KIDS-sampunas-vaikams-400-ml.jpg\",\"width\":800,\"height\":800},{\"@type\":\"BreadcrumbList\",\"@id\":\"https:\\\/\\\/www.malinashop.lt\\\/shop\\\/yunsey-be-kids-sampunas-vaikams-400-ml\\\/#breadcrumb\",\"itemListElement\":[{\"@type\":\"ListItem\",\"position\":1,\"name\":\"Pagrindinis\",\"item\":\"https:\\\/\\\/www.malinashop.lt\\\/\"},{\"@type\":\"ListItem\",\"position\":2,\"name\":\"Parduotuv\u0117\",\"item\":\"https:\\\/\\\/www.malinashop.lt\\\/en\\\/parduotuve\\\/\"},{\"@type\":\"ListItem\",\"position\":3,\"name\":\"YUNSEY BE KIDS \u0161amp\u016bnas vaikams, 400 ml\"}]},{\"@type\":\"WebSite\",\"@id\":\"https:\\\/\\\/www.malinashop.lt\\\/#website\",\"url\":\"https:\\\/\\\/www.malinashop.lt\\\/\",\"name\":\"COM Group Ecommerce\",\"description\":\"MalinaShop.lt - Gro\u017eio ir sveikatos produktai i\u0161 patikim\u0173 preki\u0173 \u017eenkl\u0173. Atraskite auk\u0161tos kokyb\u0117s kosmetik\u0105 u\u017e puiki\u0105 kain\u0105.\",\"publisher\":{\"@id\":\"https:\\\/\\\/www.malinashop.lt\\\/#organization\"},\"potentialAction\":[{\"@type\":\"SearchAction\",\"target\":{\"@type\":\"EntryPoint\",\"urlTemplate\":\"https:\\\/\\\/www.malinashop.lt\\\/?s={search_term_string}\"},\"query-input\":{\"@type\":\"PropertyValueSpecification\",\"valueRequired\":true,\"valueName\":\"search_term_string\"}}],\"inLanguage\":\"lt-LT\"},{\"@type\":\"Organization\",\"@id\":\"https:\\\/\\\/www.malinashop.lt\\\/#organization\",\"name\":\"COM Group Ecommerce\",\"url\":\"https:\\\/\\\/www.malinashop.lt\\\/\",\"logo\":{\"@type\":\"ImageObject\",\"inLanguage\":\"lt-LT\",\"@id\":\"https:\\\/\\\/www.malinashop.lt\\\/#\\\/schema\\\/logo\\\/image\\\/\",\"url\":\"https:\\\/\\\/www.malinashop.lt\\\/wp-content\\\/uploads\\\/2024\\\/08\\\/462559670_3787732518133670_9795632669273463_n-e1731525914575.png\",\"contentUrl\":\"https:\\\/\\\/www.malinashop.lt\\\/wp-content\\\/uploads\\\/2024\\\/08\\\/462559670_3787732518133670_9795632669273463_n-e1731525914575.png\",\"width\":180,\"height\":60,\"caption\":\"COM Group Ecommerce\"},\"image\":{\"@id\":\"https:\\\/\\\/www.malinashop.lt\\\/#\\\/schema\\\/logo\\\/image\\\/\"}}]}<\/script>\n<!-- \/ Yoast SEO plugin. -->","yoast_head_json":{"title":"YUNSEY BE KIDS \u0161amp\u016bnas vaikams, 400 ml - MalinaShop.lt J\u016bs\u0173 sveikatai ir gro\u017eiui.","description":"YUNSEY BE KIDS pur\u0161kiamas kondicionierius vaikams \u2013 lengvai i\u0161\u0161ukuojami plaukai, mazg\u0173 ma\u017einimas ir UVB apsauga. Nenuskalaujama, \u0161velni formul\u0117 kasdienai.","robots":{"index":"index","follow":"follow","max-snippet":"max-snippet:-1","max-image-preview":"max-image-preview:large","max-video-preview":"max-video-preview:-1"},"canonical":"https:\/\/www.malinashop.lt\/lt_lt\/shop\/yunsey-be-kids-sampunas-vaikams-400-ml\/","og_locale":"lt_LT","og_type":"article","og_title":"YUNSEY BE KIDS \u0161amp\u016bnas vaikams, 400 ml - MalinaShop.lt J\u016bs\u0173 sveikatai ir gro\u017eiui.","og_description":"YUNSEY BE KIDS pur\u0161kiamas kondicionierius vaikams \u2013 lengvai i\u0161\u0161ukuojami plaukai, mazg\u0173 ma\u017einimas ir UVB apsauga. Nenuskalaujama, \u0161velni formul\u0117 kasdienai.","og_url":"https:\/\/www.malinashop.lt\/lt_lt\/shop\/yunsey-be-kids-sampunas-vaikams-400-ml\/","og_site_name":"MalinaShop.lt J\u016bs\u0173 sveikatai ir gro\u017eiui.","article_modified_time":"2026-03-03T19:53:52+00:00","og_image":[{"width":800,"height":800,"url":"https:\/\/www.malinashop.lt\/wp-content\/uploads\/2024\/11\/YUNSEY-BE-KIDS-sampunas-vaikams-400-ml.jpg","type":"image\/jpeg"}],"twitter_card":"summary_large_image","schema":{"@context":"https:\/\/schema.org","@graph":[{"@type":"WebPage","@id":"https:\/\/www.malinashop.lt\/shop\/yunsey-be-kids-sampunas-vaikams-400-ml\/","url":"https:\/\/www.malinashop.lt\/shop\/yunsey-be-kids-sampunas-vaikams-400-ml\/","name":"YUNSEY BE KIDS \u0161amp\u016bnas vaikams, 400 ml - MalinaShop.lt J\u016bs\u0173 sveikatai ir gro\u017eiui.","isPartOf":{"@id":"https:\/\/www.malinashop.lt\/#website"},"primaryImageOfPage":{"@id":"https:\/\/www.malinashop.lt\/shop\/yunsey-be-kids-sampunas-vaikams-400-ml\/#primaryimage"},"image":{"@id":"https:\/\/www.malinashop.lt\/shop\/yunsey-be-kids-sampunas-vaikams-400-ml\/#primaryimage"},"thumbnailUrl":"https:\/\/www.malinashop.lt\/wp-content\/uploads\/2024\/11\/YUNSEY-BE-KIDS-sampunas-vaikams-400-ml.jpg","datePublished":"2024-11-06T12:51:43+00:00","dateModified":"2026-03-03T19:53:52+00:00","description":"YUNSEY BE KIDS pur\u0161kiamas kondicionierius vaikams \u2013 lengvai i\u0161\u0161ukuojami plaukai, mazg\u0173 ma\u017einimas ir UVB apsauga. Nenuskalaujama, \u0161velni formul\u0117 kasdienai.","breadcrumb":{"@id":"https:\/\/www.malinashop.lt\/shop\/yunsey-be-kids-sampunas-vaikams-400-ml\/#breadcrumb"},"inLanguage":"lt-LT","potentialAction":[{"@type":"ReadAction","target":["https:\/\/www.malinashop.lt\/shop\/yunsey-be-kids-sampunas-vaikams-400-ml\/"]}]},{"@type":"ImageObject","inLanguage":"lt-LT","@id":"https:\/\/www.malinashop.lt\/shop\/yunsey-be-kids-sampunas-vaikams-400-ml\/#primaryimage","url":"https:\/\/www.malinashop.lt\/wp-content\/uploads\/2024\/11\/YUNSEY-BE-KIDS-sampunas-vaikams-400-ml.jpg","contentUrl":"https:\/\/www.malinashop.lt\/wp-content\/uploads\/2024\/11\/YUNSEY-BE-KIDS-sampunas-vaikams-400-ml.jpg","width":800,"height":800},{"@type":"BreadcrumbList","@id":"https:\/\/www.malinashop.lt\/shop\/yunsey-be-kids-sampunas-vaikams-400-ml\/#breadcrumb","itemListElement":[{"@type":"ListItem","position":1,"name":"Pagrindinis","item":"https:\/\/www.malinashop.lt\/"},{"@type":"ListItem","position":2,"name":"Parduotuv\u0117","item":"https:\/\/www.malinashop.lt\/en\/parduotuve\/"},{"@type":"ListItem","position":3,"name":"YUNSEY BE KIDS \u0161amp\u016bnas vaikams, 400 ml"}]},{"@type":"WebSite","@id":"https:\/\/www.malinashop.lt\/#website","url":"https:\/\/www.malinashop.lt\/","name":"COM Group Ecommerce","description":"MalinaShop.lt - Gro\u017eio ir sveikatos produktai i\u0161 patikim\u0173 preki\u0173 \u017eenkl\u0173. Atraskite auk\u0161tos kokyb\u0117s kosmetik\u0105 u\u017e puiki\u0105 kain\u0105.","publisher":{"@id":"https:\/\/www.malinashop.lt\/#organization"},"potentialAction":[{"@type":"SearchAction","target":{"@type":"EntryPoint","urlTemplate":"https:\/\/www.malinashop.lt\/?s={search_term_string}"},"query-input":{"@type":"PropertyValueSpecification","valueRequired":true,"valueName":"search_term_string"}}],"inLanguage":"lt-LT"},{"@type":"Organization","@id":"https:\/\/www.malinashop.lt\/#organization","name":"COM Group Ecommerce","url":"https:\/\/www.malinashop.lt\/","logo":{"@type":"ImageObject","inLanguage":"lt-LT","@id":"https:\/\/www.malinashop.lt\/#\/schema\/logo\/image\/","url":"https:\/\/www.malinashop.lt\/wp-content\/uploads\/2024\/08\/462559670_3787732518133670_9795632669273463_n-e1731525914575.png","contentUrl":"https:\/\/www.malinashop.lt\/wp-content\/uploads\/2024\/08\/462559670_3787732518133670_9795632669273463_n-e1731525914575.png","width":180,"height":60,"caption":"COM Group Ecommerce"},"image":{"@id":"https:\/\/www.malinashop.lt\/#\/schema\/logo\/image\/"}}]}},"jetpack_sharing_enabled":true,"_links":{"self":[{"href":"https:\/\/www.malinashop.lt\/lt_lt\/wp-json\/wp\/v2\/product\/19364","targetHints":{"allow":["GET"]}}],"collection":[{"href":"https:\/\/www.malinashop.lt\/lt_lt\/wp-json\/wp\/v2\/product"}],"about":[{"href":"https:\/\/www.malinashop.lt\/lt_lt\/wp-json\/wp\/v2\/types\/product"}],"version-history":[{"count":3,"href":"https:\/\/www.malinashop.lt\/lt_lt\/wp-json\/wp\/v2\/product\/19364\/revisions"}],"predecessor-version":[{"id":72782,"href":"https:\/\/www.malinashop.lt\/lt_lt\/wp-json\/wp\/v2\/product\/19364\/revisions\/72782"}],"wp:featuredmedia":[{"embeddable":true,"href":"https:\/\/www.malinashop.lt\/lt_lt\/wp-json\/wp\/v2\/media\/18601"}],"wp:attachment":[{"href":"https:\/\/www.malinashop.lt\/lt_lt\/wp-json\/wp\/v2\/media?parent=19364"}],"wp:term":[{"taxonomy":"product_brand","embeddable":true,"href":"https:\/\/www.malinashop.lt\/lt_lt\/wp-json\/wp\/v2\/product_brand?post=19364"},{"taxonomy":"product_cat","embeddable":true,"href":"https:\/\/www.malinashop.lt\/lt_lt\/wp-json\/wp\/v2\/product_cat?post=19364"},{"taxonomy":"product_tag","embeddable":true,"href":"https:\/\/www.malinashop.lt\/lt_lt\/wp-json\/wp\/v2\/product_tag?post=19364"}],"curies":[{"name":"wp","href":"https:\/\/api.w.org\/{rel}","templated":true}]}}