{"id":19348,"date":"2024-11-06T15:51:43","date_gmt":"2024-11-06T12:51:43","guid":{"rendered":"https:\/\/malinashop.lt\/produktas\/yunsey-kauke-braskiu-ir-grietineles-kvapo-400-ml\/"},"modified":"2026-03-03T23:13:48","modified_gmt":"2026-03-03T20:13:48","slug":"yunsey-kauke-braskiu-ir-grietineles-kvapo-400-ml","status":"publish","type":"product","link":"https:\/\/www.malinashop.lt\/lt_lt\/shop\/yunsey-kauke-braskiu-ir-grietineles-kvapo-400-ml\/","title":{"rendered":"YUNSEY kauk\u0117 bra\u0161ki\u0173 ir grietin\u0117l\u0117s kvapo, 400 ml"},"content":{"rendered":"<h5 data-path-to-node=\"2\">YUNSEY bra\u0161ki\u0173 ir led\u0173 kauk\u0117 \u2013 saldi palaima j\u016bs\u0173 plaukams<\/h5>\n<p data-path-to-node=\"3\">Pasinerkite \u012f vasari\u0161k\u0173 prisiminim\u0173 s\u016bkur\u012f su <b data-path-to-node=\"3\" data-index-in-node=\"46\">YUNSEY<\/b> aromatine kauke. \u0160i priemon\u0117 ne tik apgaubia plaukus nuostabiu bra\u0161ki\u0173 ir led\u0173 kvapu, bet ir suteikia jiems visapusi\u0161k\u0105 prie\u017ei\u016br\u0105. Kruop\u0161\u010diai parinktos veikliosios med\u017eiagos akimirksniu sumink\u0161tina sruogas, suteikia joms sveiko \u017evilgesio ir palengvina \u0161ukavim\u0105, tad plaukai tampa paklusn\u016bs ir \u0161velni lyg \u0161ilkas.<\/p>\n<h6 data-path-to-node=\"4\">Vitamin\u0173 ir aliej\u0173 kompleksas<\/h6>\n<p data-path-to-node=\"5\">Kauk\u0117s efektyvum\u0105 u\u017etikrina verting\u0173 ingredient\u0173 derinys:<\/p>\n<ul data-path-to-node=\"6\">\n<li>\n<p data-path-to-node=\"6,0,0\"><b data-path-to-node=\"6,0,0\" data-index-in-node=\"0\">Avokad\u0173 aliejus:<\/b> tikras lecitino ir vitamin\u0173 (A, B, D) \u0161altinis. Jis giliai \u012fsigeria \u012f plauk\u0105, regeneruoja sausas sruogas ir saugo jas nuo \u017ealingo saul\u0117s poveikio, nepalikdamas riebumo poj\u016b\u010dio.<\/p>\n<\/li>\n<li>\n<p data-path-to-node=\"6,1,0\"><b data-path-to-node=\"6,1,0\" data-index-in-node=\"0\">Pantenolis (Provitaminas B5):<\/b> veikia kaip apsauginis barjeras, tonizuoja ir intensyviai dr\u0117kina. Jis saugo plaukus nuo aplinkos tar\u0161os bei laisv\u0173j\u0173 radikal\u0173, suteikdamas jiems ypatingo mink\u0161tumo.<\/p>\n<\/li>\n<li>\n<p data-path-to-node=\"6,2,0\"><b data-path-to-node=\"6,2,0\" data-index-in-node=\"0\">Bra\u0161ki\u0173 ekstraktas:<\/b> gausus riebi\u0173j\u0173 r\u016bg\u0161\u010di\u0173, kurios \u0161velnina plauko pavir\u0161i\u0173. \u0160is ekstraktas padeda reguliuoti nat\u016bral\u0173 pH balans\u0105 ir palaiko optimal\u0173 dr\u0117gm\u0117s lyg\u012f.<\/p>\n<\/li>\n<\/ul>\n<h6 data-path-to-node=\"7\">Naudojimo rekomendacijos<\/h6>\n<p data-path-to-node=\"8\">Nedidel\u012f kiek\u012f kauk\u0117s tolygiai paskirstykite ant \u0161vari\u0173, dr\u0117gn\u0173 plauk\u0173 per vis\u0105 j\u0173 ilg\u012f. Leiskite ingredientams suveikti <b data-path-to-node=\"8\" data-index-in-node=\"121\">5\u201310 minu\u010di\u0173<\/b>, tada kruop\u0161\u010diai nuskalaukite vandeniu.<\/p>\n<h6 data-path-to-node=\"9\">Apie YUNSEY Professionals<\/h6>\n<p data-path-to-node=\"10\">Ispan\u0173 gamintojas <b data-path-to-node=\"10\" data-index-in-node=\"18\">YUNSEY<\/b> si\u016blo profesionalius produktus, kurie sujungia salonin\u0119 kokyb\u0119 su emociniu malonumu. \u0160ios priemon\u0117s veikia giliuosius plauko sluoksnius, maitina, gydo pa\u017eeidimus ir atkuria nat\u016bral\u0173 elastingum\u0105, kad j\u016bs\u0173 plaukai spind\u0117t\u0173 ir kvep\u0117t\u0173 vis\u0105 dien\u0105.<\/p>\n","protected":false},"excerpt":{"rendered":"<p><b data-path-to-node=\"12\" data-index-in-node=\"26\">YUNSEY<\/b> bra\u0161ki\u0173 ir led\u0173 aromato kauk\u0117 \u2013 tai intensyviai dr\u0117kinanti priemon\u0117, praturtinta avokad\u0173 aliejumi ir pantenoliu. Ji akimirksniu suteikia plaukams mink\u0161tumo, spindesio ir palengvina \u0161ukavim\u0105, o saldus vasari\u0161kas kvapas paver\u010dia plauk\u0173 prie\u017ei\u016br\u0105 tikru vonios malonumu.<\/p>\n","protected":false},"featured_media":18626,"template":"","meta":[],"product_brand":[513],"product_cat":[517],"product_tag":[1143],"class_list":{"0":"post-19348","1":"product","2":"type-product","3":"status-publish","4":"has-post-thumbnail","6":"product_brand-yunsey","7":"product_cat-plauku-kaukes-ir-kremai-ampules","8":"product_tag-yunsey","10":"first","11":"outofstock","12":"sale","13":"taxable","14":"shipping-taxable","15":"purchasable","16":"product-type-simple"},"yoast_head":"<!-- This site is optimized with the Yoast SEO plugin v27.4 - https:\/\/yoast.com\/product\/yoast-seo-wordpress\/ -->\n<title>YUNSEY kauk\u0117 bra\u0161ki\u0173 ir grietin\u0117l\u0117s kvapo, 400 ml - MalinaShop.lt J\u016bs\u0173 sveikatai ir gro\u017eiui.<\/title>\n<meta name=\"description\" content=\"YUNSEY kauk\u0117 su bra\u0161ki\u0173 ir led\u0173 aromatu: intensyvus dr\u0117kinimas su avokad\u0173 aliejumi ir vitaminu B5. Mink\u0161ti, blizgantys ir lengvai \u0161ukuojami plaukai.\" \/>\n<meta name=\"robots\" content=\"index, follow, max-snippet:-1, max-image-preview:large, max-video-preview:-1\" \/>\n<link rel=\"canonical\" href=\"https:\/\/www.malinashop.lt\/lt_lt\/shop\/yunsey-kauke-braskiu-ir-grietineles-kvapo-400-ml\/\" \/>\n<meta property=\"og:locale\" content=\"lt_LT\" \/>\n<meta property=\"og:type\" content=\"article\" \/>\n<meta property=\"og:title\" content=\"YUNSEY kauk\u0117 bra\u0161ki\u0173 ir grietin\u0117l\u0117s kvapo, 400 ml - MalinaShop.lt J\u016bs\u0173 sveikatai ir gro\u017eiui.\" \/>\n<meta property=\"og:description\" content=\"YUNSEY kauk\u0117 su bra\u0161ki\u0173 ir led\u0173 aromatu: intensyvus dr\u0117kinimas su avokad\u0173 aliejumi ir vitaminu B5. Mink\u0161ti, blizgantys ir lengvai \u0161ukuojami plaukai.\" \/>\n<meta property=\"og:url\" content=\"https:\/\/www.malinashop.lt\/lt_lt\/shop\/yunsey-kauke-braskiu-ir-grietineles-kvapo-400-ml\/\" \/>\n<meta property=\"og:site_name\" content=\"MalinaShop.lt J\u016bs\u0173 sveikatai ir gro\u017eiui.\" \/>\n<meta property=\"article:modified_time\" content=\"2026-03-03T20:13:48+00:00\" \/>\n<meta property=\"og:image\" content=\"https:\/\/www.malinashop.lt\/wp-content\/uploads\/2024\/11\/YUNSEY-kauke-braskiu-ir-grietineles-kvapo-400-ml.jpg\" \/>\n\t<meta property=\"og:image:width\" content=\"800\" \/>\n\t<meta property=\"og:image:height\" content=\"800\" \/>\n\t<meta property=\"og:image:type\" content=\"image\/jpeg\" \/>\n<meta name=\"twitter:card\" content=\"summary_large_image\" \/>\n<script type=\"application\/ld+json\" class=\"yoast-schema-graph\">{\"@context\":\"https:\\\/\\\/schema.org\",\"@graph\":[{\"@type\":\"WebPage\",\"@id\":\"https:\\\/\\\/www.malinashop.lt\\\/lt_lt\\\/shop\\\/yunsey-kauke-braskiu-ir-grietineles-kvapo-400-ml\\\/\",\"url\":\"https:\\\/\\\/www.malinashop.lt\\\/lt_lt\\\/shop\\\/yunsey-kauke-braskiu-ir-grietineles-kvapo-400-ml\\\/\",\"name\":\"YUNSEY kauk\u0117 bra\u0161ki\u0173 ir grietin\u0117l\u0117s kvapo, 400 ml - MalinaShop.lt J\u016bs\u0173 sveikatai ir gro\u017eiui.\",\"isPartOf\":{\"@id\":\"https:\\\/\\\/www.malinashop.lt\\\/en\\\/#website\"},\"primaryImageOfPage\":{\"@id\":\"https:\\\/\\\/www.malinashop.lt\\\/lt_lt\\\/shop\\\/yunsey-kauke-braskiu-ir-grietineles-kvapo-400-ml\\\/#primaryimage\"},\"image\":{\"@id\":\"https:\\\/\\\/www.malinashop.lt\\\/lt_lt\\\/shop\\\/yunsey-kauke-braskiu-ir-grietineles-kvapo-400-ml\\\/#primaryimage\"},\"thumbnailUrl\":\"https:\\\/\\\/www.malinashop.lt\\\/wp-content\\\/uploads\\\/2024\\\/11\\\/YUNSEY-kauke-braskiu-ir-grietineles-kvapo-400-ml.jpg\",\"datePublished\":\"2024-11-06T12:51:43+00:00\",\"dateModified\":\"2026-03-03T20:13:48+00:00\",\"description\":\"YUNSEY kauk\u0117 su bra\u0161ki\u0173 ir led\u0173 aromatu: intensyvus dr\u0117kinimas su avokad\u0173 aliejumi ir vitaminu B5. Mink\u0161ti, blizgantys ir lengvai \u0161ukuojami plaukai.\",\"breadcrumb\":{\"@id\":\"https:\\\/\\\/www.malinashop.lt\\\/lt_lt\\\/shop\\\/yunsey-kauke-braskiu-ir-grietineles-kvapo-400-ml\\\/#breadcrumb\"},\"inLanguage\":\"lt-LT\",\"potentialAction\":[{\"@type\":\"ReadAction\",\"target\":[\"https:\\\/\\\/www.malinashop.lt\\\/lt_lt\\\/shop\\\/yunsey-kauke-braskiu-ir-grietineles-kvapo-400-ml\\\/\"]}]},{\"@type\":\"ImageObject\",\"inLanguage\":\"lt-LT\",\"@id\":\"https:\\\/\\\/www.malinashop.lt\\\/lt_lt\\\/shop\\\/yunsey-kauke-braskiu-ir-grietineles-kvapo-400-ml\\\/#primaryimage\",\"url\":\"https:\\\/\\\/www.malinashop.lt\\\/wp-content\\\/uploads\\\/2024\\\/11\\\/YUNSEY-kauke-braskiu-ir-grietineles-kvapo-400-ml.jpg\",\"contentUrl\":\"https:\\\/\\\/www.malinashop.lt\\\/wp-content\\\/uploads\\\/2024\\\/11\\\/YUNSEY-kauke-braskiu-ir-grietineles-kvapo-400-ml.jpg\",\"width\":800,\"height\":800},{\"@type\":\"BreadcrumbList\",\"@id\":\"https:\\\/\\\/www.malinashop.lt\\\/lt_lt\\\/shop\\\/yunsey-kauke-braskiu-ir-grietineles-kvapo-400-ml\\\/#breadcrumb\",\"itemListElement\":[{\"@type\":\"ListItem\",\"position\":1,\"name\":\"Home\",\"item\":\"https:\\\/\\\/www.malinashop.lt\\\/en\\\/\"},{\"@type\":\"ListItem\",\"position\":2,\"name\":\"Parduotuv\u0117\",\"item\":\"https:\\\/\\\/www.malinashop.lt\\\/en\\\/parduotuve\\\/\"},{\"@type\":\"ListItem\",\"position\":3,\"name\":\"YUNSEY kauk\u0117 bra\u0161ki\u0173 ir grietin\u0117l\u0117s kvapo, 400 ml\"}]},{\"@type\":\"WebSite\",\"@id\":\"https:\\\/\\\/www.malinashop.lt\\\/en\\\/#website\",\"url\":\"https:\\\/\\\/www.malinashop.lt\\\/en\\\/\",\"name\":\"COM Group Ecommerce\",\"description\":\"MalinaShop.lt - Gro\u017eio ir sveikatos produktai i\u0161 patikim\u0173 preki\u0173 \u017eenkl\u0173. Atraskite auk\u0161tos kokyb\u0117s kosmetik\u0105 u\u017e puiki\u0105 kain\u0105.\",\"publisher\":{\"@id\":\"https:\\\/\\\/www.malinashop.lt\\\/en\\\/#organization\"},\"potentialAction\":[{\"@type\":\"SearchAction\",\"target\":{\"@type\":\"EntryPoint\",\"urlTemplate\":\"https:\\\/\\\/www.malinashop.lt\\\/en\\\/?s={search_term_string}\"},\"query-input\":{\"@type\":\"PropertyValueSpecification\",\"valueRequired\":true,\"valueName\":\"search_term_string\"}}],\"inLanguage\":\"lt-LT\"},{\"@type\":\"Organization\",\"@id\":\"https:\\\/\\\/www.malinashop.lt\\\/en\\\/#organization\",\"name\":\"COM Group Ecommerce\",\"url\":\"https:\\\/\\\/www.malinashop.lt\\\/en\\\/\",\"logo\":{\"@type\":\"ImageObject\",\"inLanguage\":\"lt-LT\",\"@id\":\"https:\\\/\\\/www.malinashop.lt\\\/en\\\/#\\\/schema\\\/logo\\\/image\\\/\",\"url\":\"https:\\\/\\\/www.malinashop.lt\\\/wp-content\\\/uploads\\\/2024\\\/08\\\/462559670_3787732518133670_9795632669273463_n-e1731525914575.png\",\"contentUrl\":\"https:\\\/\\\/www.malinashop.lt\\\/wp-content\\\/uploads\\\/2024\\\/08\\\/462559670_3787732518133670_9795632669273463_n-e1731525914575.png\",\"width\":180,\"height\":60,\"caption\":\"COM Group Ecommerce\"},\"image\":{\"@id\":\"https:\\\/\\\/www.malinashop.lt\\\/en\\\/#\\\/schema\\\/logo\\\/image\\\/\"}}]}<\/script>\n<!-- \/ Yoast SEO plugin. -->","yoast_head_json":{"title":"YUNSEY kauk\u0117 bra\u0161ki\u0173 ir grietin\u0117l\u0117s kvapo, 400 ml - MalinaShop.lt J\u016bs\u0173 sveikatai ir gro\u017eiui.","description":"YUNSEY kauk\u0117 su bra\u0161ki\u0173 ir led\u0173 aromatu: intensyvus dr\u0117kinimas su avokad\u0173 aliejumi ir vitaminu B5. Mink\u0161ti, blizgantys ir lengvai \u0161ukuojami plaukai.","robots":{"index":"index","follow":"follow","max-snippet":"max-snippet:-1","max-image-preview":"max-image-preview:large","max-video-preview":"max-video-preview:-1"},"canonical":"https:\/\/www.malinashop.lt\/lt_lt\/shop\/yunsey-kauke-braskiu-ir-grietineles-kvapo-400-ml\/","og_locale":"lt_LT","og_type":"article","og_title":"YUNSEY kauk\u0117 bra\u0161ki\u0173 ir grietin\u0117l\u0117s kvapo, 400 ml - MalinaShop.lt J\u016bs\u0173 sveikatai ir gro\u017eiui.","og_description":"YUNSEY kauk\u0117 su bra\u0161ki\u0173 ir led\u0173 aromatu: intensyvus dr\u0117kinimas su avokad\u0173 aliejumi ir vitaminu B5. Mink\u0161ti, blizgantys ir lengvai \u0161ukuojami plaukai.","og_url":"https:\/\/www.malinashop.lt\/lt_lt\/shop\/yunsey-kauke-braskiu-ir-grietineles-kvapo-400-ml\/","og_site_name":"MalinaShop.lt J\u016bs\u0173 sveikatai ir gro\u017eiui.","article_modified_time":"2026-03-03T20:13:48+00:00","og_image":[{"width":800,"height":800,"url":"https:\/\/www.malinashop.lt\/wp-content\/uploads\/2024\/11\/YUNSEY-kauke-braskiu-ir-grietineles-kvapo-400-ml.jpg","type":"image\/jpeg"}],"twitter_card":"summary_large_image","schema":{"@context":"https:\/\/schema.org","@graph":[{"@type":"WebPage","@id":"https:\/\/www.malinashop.lt\/lt_lt\/shop\/yunsey-kauke-braskiu-ir-grietineles-kvapo-400-ml\/","url":"https:\/\/www.malinashop.lt\/lt_lt\/shop\/yunsey-kauke-braskiu-ir-grietineles-kvapo-400-ml\/","name":"YUNSEY kauk\u0117 bra\u0161ki\u0173 ir grietin\u0117l\u0117s kvapo, 400 ml - MalinaShop.lt J\u016bs\u0173 sveikatai ir gro\u017eiui.","isPartOf":{"@id":"https:\/\/www.malinashop.lt\/en\/#website"},"primaryImageOfPage":{"@id":"https:\/\/www.malinashop.lt\/lt_lt\/shop\/yunsey-kauke-braskiu-ir-grietineles-kvapo-400-ml\/#primaryimage"},"image":{"@id":"https:\/\/www.malinashop.lt\/lt_lt\/shop\/yunsey-kauke-braskiu-ir-grietineles-kvapo-400-ml\/#primaryimage"},"thumbnailUrl":"https:\/\/www.malinashop.lt\/wp-content\/uploads\/2024\/11\/YUNSEY-kauke-braskiu-ir-grietineles-kvapo-400-ml.jpg","datePublished":"2024-11-06T12:51:43+00:00","dateModified":"2026-03-03T20:13:48+00:00","description":"YUNSEY kauk\u0117 su bra\u0161ki\u0173 ir led\u0173 aromatu: intensyvus dr\u0117kinimas su avokad\u0173 aliejumi ir vitaminu B5. Mink\u0161ti, blizgantys ir lengvai \u0161ukuojami plaukai.","breadcrumb":{"@id":"https:\/\/www.malinashop.lt\/lt_lt\/shop\/yunsey-kauke-braskiu-ir-grietineles-kvapo-400-ml\/#breadcrumb"},"inLanguage":"lt-LT","potentialAction":[{"@type":"ReadAction","target":["https:\/\/www.malinashop.lt\/lt_lt\/shop\/yunsey-kauke-braskiu-ir-grietineles-kvapo-400-ml\/"]}]},{"@type":"ImageObject","inLanguage":"lt-LT","@id":"https:\/\/www.malinashop.lt\/lt_lt\/shop\/yunsey-kauke-braskiu-ir-grietineles-kvapo-400-ml\/#primaryimage","url":"https:\/\/www.malinashop.lt\/wp-content\/uploads\/2024\/11\/YUNSEY-kauke-braskiu-ir-grietineles-kvapo-400-ml.jpg","contentUrl":"https:\/\/www.malinashop.lt\/wp-content\/uploads\/2024\/11\/YUNSEY-kauke-braskiu-ir-grietineles-kvapo-400-ml.jpg","width":800,"height":800},{"@type":"BreadcrumbList","@id":"https:\/\/www.malinashop.lt\/lt_lt\/shop\/yunsey-kauke-braskiu-ir-grietineles-kvapo-400-ml\/#breadcrumb","itemListElement":[{"@type":"ListItem","position":1,"name":"Home","item":"https:\/\/www.malinashop.lt\/en\/"},{"@type":"ListItem","position":2,"name":"Parduotuv\u0117","item":"https:\/\/www.malinashop.lt\/en\/parduotuve\/"},{"@type":"ListItem","position":3,"name":"YUNSEY kauk\u0117 bra\u0161ki\u0173 ir grietin\u0117l\u0117s kvapo, 400 ml"}]},{"@type":"WebSite","@id":"https:\/\/www.malinashop.lt\/en\/#website","url":"https:\/\/www.malinashop.lt\/en\/","name":"COM Group Ecommerce","description":"MalinaShop.lt - Gro\u017eio ir sveikatos produktai i\u0161 patikim\u0173 preki\u0173 \u017eenkl\u0173. Atraskite auk\u0161tos kokyb\u0117s kosmetik\u0105 u\u017e puiki\u0105 kain\u0105.","publisher":{"@id":"https:\/\/www.malinashop.lt\/en\/#organization"},"potentialAction":[{"@type":"SearchAction","target":{"@type":"EntryPoint","urlTemplate":"https:\/\/www.malinashop.lt\/en\/?s={search_term_string}"},"query-input":{"@type":"PropertyValueSpecification","valueRequired":true,"valueName":"search_term_string"}}],"inLanguage":"lt-LT"},{"@type":"Organization","@id":"https:\/\/www.malinashop.lt\/en\/#organization","name":"COM Group Ecommerce","url":"https:\/\/www.malinashop.lt\/en\/","logo":{"@type":"ImageObject","inLanguage":"lt-LT","@id":"https:\/\/www.malinashop.lt\/en\/#\/schema\/logo\/image\/","url":"https:\/\/www.malinashop.lt\/wp-content\/uploads\/2024\/08\/462559670_3787732518133670_9795632669273463_n-e1731525914575.png","contentUrl":"https:\/\/www.malinashop.lt\/wp-content\/uploads\/2024\/08\/462559670_3787732518133670_9795632669273463_n-e1731525914575.png","width":180,"height":60,"caption":"COM Group Ecommerce"},"image":{"@id":"https:\/\/www.malinashop.lt\/en\/#\/schema\/logo\/image\/"}}]}},"jetpack_sharing_enabled":true,"_links":{"self":[{"href":"https:\/\/www.malinashop.lt\/lt_lt\/wp-json\/wp\/v2\/product\/19348","targetHints":{"allow":["GET"]}}],"collection":[{"href":"https:\/\/www.malinashop.lt\/lt_lt\/wp-json\/wp\/v2\/product"}],"about":[{"href":"https:\/\/www.malinashop.lt\/lt_lt\/wp-json\/wp\/v2\/types\/product"}],"version-history":[{"count":4,"href":"https:\/\/www.malinashop.lt\/lt_lt\/wp-json\/wp\/v2\/product\/19348\/revisions"}],"predecessor-version":[{"id":75331,"href":"https:\/\/www.malinashop.lt\/lt_lt\/wp-json\/wp\/v2\/product\/19348\/revisions\/75331"}],"wp:featuredmedia":[{"embeddable":true,"href":"https:\/\/www.malinashop.lt\/lt_lt\/wp-json\/wp\/v2\/media\/18626"}],"wp:attachment":[{"href":"https:\/\/www.malinashop.lt\/lt_lt\/wp-json\/wp\/v2\/media?parent=19348"}],"wp:term":[{"taxonomy":"product_brand","embeddable":true,"href":"https:\/\/www.malinashop.lt\/lt_lt\/wp-json\/wp\/v2\/product_brand?post=19348"},{"taxonomy":"product_cat","embeddable":true,"href":"https:\/\/www.malinashop.lt\/lt_lt\/wp-json\/wp\/v2\/product_cat?post=19348"},{"taxonomy":"product_tag","embeddable":true,"href":"https:\/\/www.malinashop.lt\/lt_lt\/wp-json\/wp\/v2\/product_tag?post=19348"}],"curies":[{"name":"wp","href":"https:\/\/api.w.org\/{rel}","templated":true}]}}