{"id":19302,"date":"2024-11-06T15:51:40","date_gmt":"2024-11-06T12:51:40","guid":{"rendered":"https:\/\/malinashop.lt\/produktas\/yunsey-creationyst-shine-blizgesio-suteikiantis-plauku-vaskas-100-ml\/"},"modified":"2026-03-04T00:13:57","modified_gmt":"2026-03-03T21:13:57","slug":"yunsey-creationyst-shine-blizgesio-suteikiantis-plauku-vaskas-100-ml","status":"publish","type":"product","link":"https:\/\/www.malinashop.lt\/lt_lt\/shop\/yunsey-creationyst-shine-blizgesio-suteikiantis-plauku-vaskas-100-ml\/","title":{"rendered":"YUNSEY CREATIONYST SHINE blizgesio suteikiantis plauk\u0173 va\u0161kas, 100 ml"},"content":{"rendered":"<hr class=\"\" data-path-to-node=\"1\" \/>\n<h5 class=\"\" data-path-to-node=\"2\">YUNSEY CREATIONYST SHINE \u2013 nat\u016bralus spindesys ir \u0161velni kontrol\u0117<\/h5>\n<p data-path-to-node=\"3\"><span class=\"\">Suteikite savo plaukams sveiko \u017evilgesio ir subtilios formos su <\/span><b class=\"\" data-path-to-node=\"3\" data-index-in-node=\"64\">YUNSEY CREATIONYST SHINE<\/b><span class=\"\"> plauk\u0173 va\u0161ku.<\/span><span class=\"\"> \u0160i \u0161velnios fiksacijos priemon\u0117 sukurta tiems,<\/span><span class=\"\"> kurie vertina nat\u016braliai atrodan\u010dias \u0161ukuosenas,<\/span><span class=\"\"> pabr\u0117\u017etas eleganti\u0161ku blizgesiu.<\/span><span class=\"\"> Va\u0161kas suteikia plaukams apibr\u0117\u017etumo ir kontrol\u0117s,<\/span><span class=\"\"> ta\u010diau i\u0161laiko j\u0173 elastingum\u0105,<\/span><span class=\"\"> tod\u0117l sruogos atrodo gyvybingos ir juda nat\u016braliai.<\/span><\/p>\n<h6 class=\"\" data-path-to-node=\"4\">Spindesys ir apsauga kasdienai<\/h6>\n<p data-path-to-node=\"5\"><span class=\"\">\u0160is va\u0161kas puikiai tinka kasdieniam naudojimui,<\/span><span class=\"\"> derinant stili\u0173 su apsauga:<\/span><\/p>\n<ul data-path-to-node=\"6\">\n<li>\n<p data-path-to-node=\"6,0,0\"><b class=\"\" data-path-to-node=\"6,0,0\" data-index-in-node=\"0\">Nat\u016bralus blizgesys:<\/b><span class=\"\"> suteikia plaukams sveik\u0105,<\/span><span class=\"\"> \u0161vytint\u012f u\u017ebaigim\u0105,<\/span><span class=\"\"> kuris akimirksniu pagyvina \u0161ukuosen\u0105.<\/span><\/p>\n<\/li>\n<li>\n<p data-path-to-node=\"6,1,0\"><b class=\"\" data-path-to-node=\"6,1,0\" data-index-in-node=\"0\">Elastinga fiksacija:<\/b><span class=\"\"> \u0161velniai suvaldo nepaklusnias sruogas,<\/span><span class=\"\"> j\u0173 nesustandindamas ir neapsunkindamas.<\/span><\/p>\n<\/li>\n<li>\n<p data-path-to-node=\"6,2,0\"><b class=\"\" data-path-to-node=\"6,2,0\" data-index-in-node=\"0\">Apsauga nuo saul\u0117s:<\/b><span class=\"\"> integruoti UV filtrai saugo plaukus nuo neigiamo saul\u0117s spinduli\u0173 poveikio,<\/span><span class=\"\"> pad\u0117dami i\u0161laikyti dr\u0117gm\u0119 ir spalvos ry\u0161kum\u0105.<\/span><\/p>\n<\/li>\n<li>\n<p data-path-to-node=\"6,3,0\"><b class=\"\" data-path-to-node=\"6,3,0\" data-index-in-node=\"0\">Sveika i\u0161vaizda:<\/b><span class=\"\"> unikali formul\u0117 pagerina vizualin\u0119 plauk\u0173 b\u016bkl\u0119,<\/span><span class=\"\"> suteikdama jiems glotnumo ir mink\u0161tumo.<\/span><\/p>\n<\/li>\n<\/ul>\n<h6 class=\"\" data-path-to-node=\"7\">Naudojimo instrukcija<\/h6>\n<p data-path-to-node=\"8\"><span class=\"\">Nedidel\u012f kiek\u012f va\u0161ko \u012ftrinkite tarp deln\u0173,<\/span><span class=\"\"> kol priemon\u0117 sumink\u0161t\u0117s.<\/span><span class=\"\"> Tolygiai paskirstykite ant saus\u0173 arba vos dr\u0117gn\u0173 plauk\u0173 ir formuokite \u0161ukuosen\u0105 pir\u0161tais,<\/span><span class=\"\"> suteikdami jai norim\u0105 form\u0105 bei krypt\u012f.<\/span><span class=\"\"> Puikiai tinka tiek trumpiems,<\/span><span class=\"\"> tiek ilgesniems plaukams pabr\u0117\u017eti.<\/span><\/p>\n<h6 class=\"\" data-path-to-node=\"9\">Apie YUNSEY Professionals<\/h6>\n<p data-path-to-node=\"10\"><span class=\"\">Ispan\u0173 gamintojas <\/span><b class=\"\" data-path-to-node=\"10\" data-index-in-node=\"18\">YUNSEY<\/b><span class=\"\"> si\u016blo profesionali\u0105 salon\u0173 kokyb\u0119,<\/span><span class=\"\"> kuri\u0105 lengva pritaikyti namuose.<\/span><span class=\"\"> Priemon\u0117s veikia plauk\u0105 i\u0161 vidaus \u2013 jos maitina,<\/span><span class=\"\"> mink\u0161tina ir atkuria nat\u016bral\u0173 elastingum\u0105.<\/span><span class=\"\"> Naudodami <\/span><b class=\"\" data-path-to-node=\"10\" data-index-in-node=\"195\">YUNSEY<\/b><span class=\"\">,<\/span><span class=\"\"> d\u017eiaugsit\u0117s ne tik nepriekai\u0161tingu stiliumi,<\/span><span class=\"\"> bet ir maloniu aromatu bei sveikai atrodan\u010diais plaukais vis\u0105 dien\u0105.<\/span><\/p>\n","protected":false},"excerpt":{"rendered":"<p><b data-path-to-node=\"12\" data-index-in-node=\"26\">YUNSEY CREATIONYST SHINE<\/b> \u2013 tai \u0161velnios fiksacijos plauk\u0173 va\u0161kas, suteikiantis \u0161ukuosenai nat\u016bral\u0173 spindes\u012f ir subtil\u0173 apibr\u0117\u017etum\u0105. Praturtintas UV filtrais, jis saugo plaukus nuo saul\u0117s, suteikia jiems elastingumo ir sveiko \u0161vyt\u0117jimo, nesulipindamas sruog\u0173. Idealus pasirinkimas lengvam, kasdieniam formavimui.<\/p>\n","protected":false},"featured_media":18610,"template":"","meta":[],"product_brand":[513],"product_cat":[518],"product_tag":[1143],"class_list":{"0":"post-19302","1":"product","2":"type-product","3":"status-publish","4":"has-post-thumbnail","6":"product_brand-yunsey","7":"product_cat-plauku-lakai-putos-vaskas-ir-kitos-priemones","8":"product_tag-yunsey","10":"first","11":"instock","12":"sale","13":"taxable","14":"shipping-taxable","15":"purchasable","16":"product-type-simple"},"yoast_head":"<!-- This site is optimized with the Yoast SEO plugin v27.4 - https:\/\/yoast.com\/product\/yoast-seo-wordpress\/ -->\n<title>YUNSEY CREATIONYST SHINE blizgesio suteikiantis plauk\u0173 va\u0161kas, 100 ml - MalinaShop.lt J\u016bs\u0173 sveikatai ir gro\u017eiui.<\/title>\n<meta name=\"description\" content=\"YUNSEY CREATIONYST SHINE va\u0161kas: \u0161velni fiksacija, nat\u016bralus spindesys ir UV apsauga. Suteikia elastingumo ir sveik\u0105 i\u0161vaizd\u0105. Tobulas \u012fvaizd\u017eiui!\" \/>\n<meta name=\"robots\" content=\"index, follow, max-snippet:-1, max-image-preview:large, max-video-preview:-1\" \/>\n<link rel=\"canonical\" href=\"https:\/\/www.malinashop.lt\/lt_lt\/shop\/yunsey-creationyst-shine-blizgesio-suteikiantis-plauku-vaskas-100-ml\/\" \/>\n<meta property=\"og:locale\" content=\"lt_LT\" \/>\n<meta property=\"og:type\" content=\"article\" \/>\n<meta property=\"og:title\" content=\"YUNSEY CREATIONYST SHINE blizgesio suteikiantis plauk\u0173 va\u0161kas, 100 ml - MalinaShop.lt J\u016bs\u0173 sveikatai ir gro\u017eiui.\" \/>\n<meta property=\"og:description\" content=\"YUNSEY CREATIONYST SHINE va\u0161kas: \u0161velni fiksacija, nat\u016bralus spindesys ir UV apsauga. Suteikia elastingumo ir sveik\u0105 i\u0161vaizd\u0105. Tobulas \u012fvaizd\u017eiui!\" \/>\n<meta property=\"og:url\" content=\"https:\/\/www.malinashop.lt\/lt_lt\/shop\/yunsey-creationyst-shine-blizgesio-suteikiantis-plauku-vaskas-100-ml\/\" \/>\n<meta property=\"og:site_name\" content=\"MalinaShop.lt J\u016bs\u0173 sveikatai ir gro\u017eiui.\" \/>\n<meta property=\"article:modified_time\" content=\"2026-03-03T21:13:57+00:00\" \/>\n<meta property=\"og:image\" content=\"https:\/\/www.malinashop.lt\/wp-content\/uploads\/2024\/11\/YUNSEY-CREATIONYST-SHINE-blizgesio-suteikiantis-plauku-vaskas-100-ml.jpg\" \/>\n\t<meta property=\"og:image:width\" content=\"800\" \/>\n\t<meta property=\"og:image:height\" content=\"800\" \/>\n\t<meta property=\"og:image:type\" content=\"image\/jpeg\" \/>\n<meta name=\"twitter:card\" content=\"summary_large_image\" \/>\n<script type=\"application\/ld+json\" class=\"yoast-schema-graph\">{\"@context\":\"https:\\\/\\\/schema.org\",\"@graph\":[{\"@type\":\"WebPage\",\"@id\":\"https:\\\/\\\/www.malinashop.lt\\\/en\\\/shop\\\/yunsey-creationyst-shine-blizgesio-suteikiantis-plauku-vaskas-100-ml\\\/\",\"url\":\"https:\\\/\\\/www.malinashop.lt\\\/en\\\/shop\\\/yunsey-creationyst-shine-blizgesio-suteikiantis-plauku-vaskas-100-ml\\\/\",\"name\":\"YUNSEY CREATIONYST SHINE blizgesio suteikiantis plauk\u0173 va\u0161kas, 100 ml - MalinaShop.lt J\u016bs\u0173 sveikatai ir gro\u017eiui.\",\"isPartOf\":{\"@id\":\"https:\\\/\\\/www.malinashop.lt\\\/en\\\/#website\"},\"primaryImageOfPage\":{\"@id\":\"https:\\\/\\\/www.malinashop.lt\\\/en\\\/shop\\\/yunsey-creationyst-shine-blizgesio-suteikiantis-plauku-vaskas-100-ml\\\/#primaryimage\"},\"image\":{\"@id\":\"https:\\\/\\\/www.malinashop.lt\\\/en\\\/shop\\\/yunsey-creationyst-shine-blizgesio-suteikiantis-plauku-vaskas-100-ml\\\/#primaryimage\"},\"thumbnailUrl\":\"https:\\\/\\\/www.malinashop.lt\\\/wp-content\\\/uploads\\\/2024\\\/11\\\/YUNSEY-CREATIONYST-SHINE-blizgesio-suteikiantis-plauku-vaskas-100-ml.jpg\",\"datePublished\":\"2024-11-06T12:51:40+00:00\",\"dateModified\":\"2026-03-03T21:13:57+00:00\",\"description\":\"YUNSEY CREATIONYST SHINE va\u0161kas: \u0161velni fiksacija, nat\u016bralus spindesys ir UV apsauga. Suteikia elastingumo ir sveik\u0105 i\u0161vaizd\u0105. Tobulas \u012fvaizd\u017eiui!\",\"breadcrumb\":{\"@id\":\"https:\\\/\\\/www.malinashop.lt\\\/en\\\/shop\\\/yunsey-creationyst-shine-blizgesio-suteikiantis-plauku-vaskas-100-ml\\\/#breadcrumb\"},\"inLanguage\":\"lt-LT\",\"potentialAction\":[{\"@type\":\"ReadAction\",\"target\":[\"https:\\\/\\\/www.malinashop.lt\\\/en\\\/shop\\\/yunsey-creationyst-shine-blizgesio-suteikiantis-plauku-vaskas-100-ml\\\/\"]}]},{\"@type\":\"ImageObject\",\"inLanguage\":\"lt-LT\",\"@id\":\"https:\\\/\\\/www.malinashop.lt\\\/en\\\/shop\\\/yunsey-creationyst-shine-blizgesio-suteikiantis-plauku-vaskas-100-ml\\\/#primaryimage\",\"url\":\"https:\\\/\\\/www.malinashop.lt\\\/wp-content\\\/uploads\\\/2024\\\/11\\\/YUNSEY-CREATIONYST-SHINE-blizgesio-suteikiantis-plauku-vaskas-100-ml.jpg\",\"contentUrl\":\"https:\\\/\\\/www.malinashop.lt\\\/wp-content\\\/uploads\\\/2024\\\/11\\\/YUNSEY-CREATIONYST-SHINE-blizgesio-suteikiantis-plauku-vaskas-100-ml.jpg\",\"width\":800,\"height\":800},{\"@type\":\"BreadcrumbList\",\"@id\":\"https:\\\/\\\/www.malinashop.lt\\\/en\\\/shop\\\/yunsey-creationyst-shine-blizgesio-suteikiantis-plauku-vaskas-100-ml\\\/#breadcrumb\",\"itemListElement\":[{\"@type\":\"ListItem\",\"position\":1,\"name\":\"Home\",\"item\":\"https:\\\/\\\/www.malinashop.lt\\\/en\\\/\"},{\"@type\":\"ListItem\",\"position\":2,\"name\":\"Parduotuv\u0117\",\"item\":\"https:\\\/\\\/www.malinashop.lt\\\/en\\\/parduotuve\\\/\"},{\"@type\":\"ListItem\",\"position\":3,\"name\":\"YUNSEY CREATIONYST SHINE blizgesio suteikiantis plauk\u0173 va\u0161kas, 100 ml\"}]},{\"@type\":\"WebSite\",\"@id\":\"https:\\\/\\\/www.malinashop.lt\\\/en\\\/#website\",\"url\":\"https:\\\/\\\/www.malinashop.lt\\\/en\\\/\",\"name\":\"COM Group Ecommerce\",\"description\":\"MalinaShop.lt - Gro\u017eio ir sveikatos produktai i\u0161 patikim\u0173 preki\u0173 \u017eenkl\u0173. Atraskite auk\u0161tos kokyb\u0117s kosmetik\u0105 u\u017e puiki\u0105 kain\u0105.\",\"publisher\":{\"@id\":\"https:\\\/\\\/www.malinashop.lt\\\/en\\\/#organization\"},\"potentialAction\":[{\"@type\":\"SearchAction\",\"target\":{\"@type\":\"EntryPoint\",\"urlTemplate\":\"https:\\\/\\\/www.malinashop.lt\\\/en\\\/?s={search_term_string}\"},\"query-input\":{\"@type\":\"PropertyValueSpecification\",\"valueRequired\":true,\"valueName\":\"search_term_string\"}}],\"inLanguage\":\"lt-LT\"},{\"@type\":\"Organization\",\"@id\":\"https:\\\/\\\/www.malinashop.lt\\\/en\\\/#organization\",\"name\":\"COM Group Ecommerce\",\"url\":\"https:\\\/\\\/www.malinashop.lt\\\/en\\\/\",\"logo\":{\"@type\":\"ImageObject\",\"inLanguage\":\"lt-LT\",\"@id\":\"https:\\\/\\\/www.malinashop.lt\\\/en\\\/#\\\/schema\\\/logo\\\/image\\\/\",\"url\":\"https:\\\/\\\/www.malinashop.lt\\\/wp-content\\\/uploads\\\/2024\\\/08\\\/462559670_3787732518133670_9795632669273463_n-e1731525914575.png\",\"contentUrl\":\"https:\\\/\\\/www.malinashop.lt\\\/wp-content\\\/uploads\\\/2024\\\/08\\\/462559670_3787732518133670_9795632669273463_n-e1731525914575.png\",\"width\":180,\"height\":60,\"caption\":\"COM Group Ecommerce\"},\"image\":{\"@id\":\"https:\\\/\\\/www.malinashop.lt\\\/en\\\/#\\\/schema\\\/logo\\\/image\\\/\"}}]}<\/script>\n<!-- \/ Yoast SEO plugin. -->","yoast_head_json":{"title":"YUNSEY CREATIONYST SHINE blizgesio suteikiantis plauk\u0173 va\u0161kas, 100 ml - MalinaShop.lt J\u016bs\u0173 sveikatai ir gro\u017eiui.","description":"YUNSEY CREATIONYST SHINE va\u0161kas: \u0161velni fiksacija, nat\u016bralus spindesys ir UV apsauga. Suteikia elastingumo ir sveik\u0105 i\u0161vaizd\u0105. Tobulas \u012fvaizd\u017eiui!","robots":{"index":"index","follow":"follow","max-snippet":"max-snippet:-1","max-image-preview":"max-image-preview:large","max-video-preview":"max-video-preview:-1"},"canonical":"https:\/\/www.malinashop.lt\/lt_lt\/shop\/yunsey-creationyst-shine-blizgesio-suteikiantis-plauku-vaskas-100-ml\/","og_locale":"lt_LT","og_type":"article","og_title":"YUNSEY CREATIONYST SHINE blizgesio suteikiantis plauk\u0173 va\u0161kas, 100 ml - MalinaShop.lt J\u016bs\u0173 sveikatai ir gro\u017eiui.","og_description":"YUNSEY CREATIONYST SHINE va\u0161kas: \u0161velni fiksacija, nat\u016bralus spindesys ir UV apsauga. Suteikia elastingumo ir sveik\u0105 i\u0161vaizd\u0105. Tobulas \u012fvaizd\u017eiui!","og_url":"https:\/\/www.malinashop.lt\/lt_lt\/shop\/yunsey-creationyst-shine-blizgesio-suteikiantis-plauku-vaskas-100-ml\/","og_site_name":"MalinaShop.lt J\u016bs\u0173 sveikatai ir gro\u017eiui.","article_modified_time":"2026-03-03T21:13:57+00:00","og_image":[{"width":800,"height":800,"url":"https:\/\/www.malinashop.lt\/wp-content\/uploads\/2024\/11\/YUNSEY-CREATIONYST-SHINE-blizgesio-suteikiantis-plauku-vaskas-100-ml.jpg","type":"image\/jpeg"}],"twitter_card":"summary_large_image","schema":{"@context":"https:\/\/schema.org","@graph":[{"@type":"WebPage","@id":"https:\/\/www.malinashop.lt\/en\/shop\/yunsey-creationyst-shine-blizgesio-suteikiantis-plauku-vaskas-100-ml\/","url":"https:\/\/www.malinashop.lt\/en\/shop\/yunsey-creationyst-shine-blizgesio-suteikiantis-plauku-vaskas-100-ml\/","name":"YUNSEY CREATIONYST SHINE blizgesio suteikiantis plauk\u0173 va\u0161kas, 100 ml - MalinaShop.lt J\u016bs\u0173 sveikatai ir gro\u017eiui.","isPartOf":{"@id":"https:\/\/www.malinashop.lt\/en\/#website"},"primaryImageOfPage":{"@id":"https:\/\/www.malinashop.lt\/en\/shop\/yunsey-creationyst-shine-blizgesio-suteikiantis-plauku-vaskas-100-ml\/#primaryimage"},"image":{"@id":"https:\/\/www.malinashop.lt\/en\/shop\/yunsey-creationyst-shine-blizgesio-suteikiantis-plauku-vaskas-100-ml\/#primaryimage"},"thumbnailUrl":"https:\/\/www.malinashop.lt\/wp-content\/uploads\/2024\/11\/YUNSEY-CREATIONYST-SHINE-blizgesio-suteikiantis-plauku-vaskas-100-ml.jpg","datePublished":"2024-11-06T12:51:40+00:00","dateModified":"2026-03-03T21:13:57+00:00","description":"YUNSEY CREATIONYST SHINE va\u0161kas: \u0161velni fiksacija, nat\u016bralus spindesys ir UV apsauga. Suteikia elastingumo ir sveik\u0105 i\u0161vaizd\u0105. Tobulas \u012fvaizd\u017eiui!","breadcrumb":{"@id":"https:\/\/www.malinashop.lt\/en\/shop\/yunsey-creationyst-shine-blizgesio-suteikiantis-plauku-vaskas-100-ml\/#breadcrumb"},"inLanguage":"lt-LT","potentialAction":[{"@type":"ReadAction","target":["https:\/\/www.malinashop.lt\/en\/shop\/yunsey-creationyst-shine-blizgesio-suteikiantis-plauku-vaskas-100-ml\/"]}]},{"@type":"ImageObject","inLanguage":"lt-LT","@id":"https:\/\/www.malinashop.lt\/en\/shop\/yunsey-creationyst-shine-blizgesio-suteikiantis-plauku-vaskas-100-ml\/#primaryimage","url":"https:\/\/www.malinashop.lt\/wp-content\/uploads\/2024\/11\/YUNSEY-CREATIONYST-SHINE-blizgesio-suteikiantis-plauku-vaskas-100-ml.jpg","contentUrl":"https:\/\/www.malinashop.lt\/wp-content\/uploads\/2024\/11\/YUNSEY-CREATIONYST-SHINE-blizgesio-suteikiantis-plauku-vaskas-100-ml.jpg","width":800,"height":800},{"@type":"BreadcrumbList","@id":"https:\/\/www.malinashop.lt\/en\/shop\/yunsey-creationyst-shine-blizgesio-suteikiantis-plauku-vaskas-100-ml\/#breadcrumb","itemListElement":[{"@type":"ListItem","position":1,"name":"Home","item":"https:\/\/www.malinashop.lt\/en\/"},{"@type":"ListItem","position":2,"name":"Parduotuv\u0117","item":"https:\/\/www.malinashop.lt\/en\/parduotuve\/"},{"@type":"ListItem","position":3,"name":"YUNSEY CREATIONYST SHINE blizgesio suteikiantis plauk\u0173 va\u0161kas, 100 ml"}]},{"@type":"WebSite","@id":"https:\/\/www.malinashop.lt\/en\/#website","url":"https:\/\/www.malinashop.lt\/en\/","name":"COM Group Ecommerce","description":"MalinaShop.lt - Gro\u017eio ir sveikatos produktai i\u0161 patikim\u0173 preki\u0173 \u017eenkl\u0173. Atraskite auk\u0161tos kokyb\u0117s kosmetik\u0105 u\u017e puiki\u0105 kain\u0105.","publisher":{"@id":"https:\/\/www.malinashop.lt\/en\/#organization"},"potentialAction":[{"@type":"SearchAction","target":{"@type":"EntryPoint","urlTemplate":"https:\/\/www.malinashop.lt\/en\/?s={search_term_string}"},"query-input":{"@type":"PropertyValueSpecification","valueRequired":true,"valueName":"search_term_string"}}],"inLanguage":"lt-LT"},{"@type":"Organization","@id":"https:\/\/www.malinashop.lt\/en\/#organization","name":"COM Group Ecommerce","url":"https:\/\/www.malinashop.lt\/en\/","logo":{"@type":"ImageObject","inLanguage":"lt-LT","@id":"https:\/\/www.malinashop.lt\/en\/#\/schema\/logo\/image\/","url":"https:\/\/www.malinashop.lt\/wp-content\/uploads\/2024\/08\/462559670_3787732518133670_9795632669273463_n-e1731525914575.png","contentUrl":"https:\/\/www.malinashop.lt\/wp-content\/uploads\/2024\/08\/462559670_3787732518133670_9795632669273463_n-e1731525914575.png","width":180,"height":60,"caption":"COM Group Ecommerce"},"image":{"@id":"https:\/\/www.malinashop.lt\/en\/#\/schema\/logo\/image\/"}}]}},"jetpack_sharing_enabled":true,"_links":{"self":[{"href":"https:\/\/www.malinashop.lt\/lt_lt\/wp-json\/wp\/v2\/product\/19302","targetHints":{"allow":["GET"]}}],"collection":[{"href":"https:\/\/www.malinashop.lt\/lt_lt\/wp-json\/wp\/v2\/product"}],"about":[{"href":"https:\/\/www.malinashop.lt\/lt_lt\/wp-json\/wp\/v2\/types\/product"}],"version-history":[{"count":2,"href":"https:\/\/www.malinashop.lt\/lt_lt\/wp-json\/wp\/v2\/product\/19302\/revisions"}],"predecessor-version":[{"id":75364,"href":"https:\/\/www.malinashop.lt\/lt_lt\/wp-json\/wp\/v2\/product\/19302\/revisions\/75364"}],"wp:featuredmedia":[{"embeddable":true,"href":"https:\/\/www.malinashop.lt\/lt_lt\/wp-json\/wp\/v2\/media\/18610"}],"wp:attachment":[{"href":"https:\/\/www.malinashop.lt\/lt_lt\/wp-json\/wp\/v2\/media?parent=19302"}],"wp:term":[{"taxonomy":"product_brand","embeddable":true,"href":"https:\/\/www.malinashop.lt\/lt_lt\/wp-json\/wp\/v2\/product_brand?post=19302"},{"taxonomy":"product_cat","embeddable":true,"href":"https:\/\/www.malinashop.lt\/lt_lt\/wp-json\/wp\/v2\/product_cat?post=19302"},{"taxonomy":"product_tag","embeddable":true,"href":"https:\/\/www.malinashop.lt\/lt_lt\/wp-json\/wp\/v2\/product_tag?post=19302"}],"curies":[{"name":"wp","href":"https:\/\/api.w.org\/{rel}","templated":true}]}}