{"id":19300,"date":"2024-11-06T15:51:40","date_gmt":"2024-11-06T12:51:40","guid":{"rendered":"https:\/\/malinashop.lt\/produktas\/yunsey-defining-cream-firm-clay-tvirtas-plauku-vaskas-100-ml\/"},"modified":"2026-03-04T00:16:00","modified_gmt":"2026-03-03T21:16:00","slug":"yunsey-defining-cream-firm-clay-tvirtas-plauku-vaskas-100-ml","status":"publish","type":"product","link":"https:\/\/www.malinashop.lt\/lt_lt\/shop\/yunsey-defining-cream-firm-clay-tvirtas-plauku-vaskas-100-ml\/","title":{"rendered":"YUNSEY DEFINING CREAM FIRM CLAY tvirtas plauk\u0173 va\u0161kas, 100 ml"},"content":{"rendered":"<hr class=\"\" data-path-to-node=\"1\" \/>\n<h5 class=\"\" data-path-to-node=\"2\">YUNSEY FIRM CLAY \u2013 tvirtas fiksavimas ir modernus matinis \u012fvaizdis<\/h5>\n<p data-path-to-node=\"3\"><span class=\"\">Sukurkite ry\u0161k\u0173 ir \u0161iuolaiki\u0161k\u0105 stili\u0173 su <\/span><b class=\"\" data-path-to-node=\"3\" data-index-in-node=\"42\">YUNSEY DEFINING CREAM FIRM CLAY<\/b><span class=\"\">.<\/span><span class=\"\"> Tai auk\u0161tos kokyb\u0117s va\u0161kas-kremas,<\/span><span class=\"\"> kuris suteikia plaukams tvirtumo,<\/span><span class=\"\"> ta\u010diau i\u0161laiko j\u0173 mink\u0161tum\u0105.<\/span><span class=\"\"> D\u0117l sud\u0117tyje esan\u010dio nat\u016bralaus molio komponento,<\/span><span class=\"\"> \u0161ukuosena \u012fgauna mading\u0105 matin\u012f efekt\u0105,<\/span><span class=\"\"> o sruogos i\u0161lieka paklusnios ir stangrios vis\u0105 dien\u0105.<\/span><\/p>\n<h6 class=\"\" data-path-to-node=\"4\">Stiliaus ir prie\u017ei\u016bros derm\u0117<\/h6>\n<p data-path-to-node=\"5\"><span class=\"\">\u0160i priemon\u0117 sukurta ne tik formavimui,<\/span><span class=\"\"> bet ir plauk\u0173 sveikatos puosel\u0117jimui:<\/span><\/p>\n<ul data-path-to-node=\"6\">\n<li>\n<p data-path-to-node=\"6,0,0\"><b class=\"\" data-path-to-node=\"6,0,0\" data-index-in-node=\"0\">Matinis efektas su molio komponentu:<\/b><span class=\"\"> suteikia \u0161ukuosenai nat\u016brali\u0105 tekst\u016br\u0105 be jokio blizgesio,<\/span><span class=\"\"> idealiai tinka \u0161iuolaikiniams kirpimams.<\/span><\/p>\n<\/li>\n<li>\n<p data-path-to-node=\"6,1,0\"><b class=\"\" data-path-to-node=\"6,1,0\" data-index-in-node=\"0\">Intensyvus dr\u0117kinimas:<\/b><span class=\"\"> formul\u0117 padeda i\u0161saugoti nat\u016bral\u0173 plauk\u0173 dr\u0117gm\u0117s balans\u0105,<\/span><span class=\"\"> tod\u0117l plaukai i\u0161lieka sveiki,<\/span><span class=\"\"> elastingi ir gyvybingi.<\/span><\/p>\n<\/li>\n<li>\n<p data-path-to-node=\"6,2,0\"><b class=\"\" data-path-to-node=\"6,2,0\" data-index-in-node=\"0\">Apsauga nuo saul\u0117s:<\/b><span class=\"\"> integruoti filtrai saugo sruogas nuo dehidratacijos ir spalvos blukimo,<\/span><span class=\"\"> kur\u012f sukelia \u017ealingi saul\u0117s spinduliai.<\/span><\/p>\n<\/li>\n<li>\n<p data-path-to-node=\"6,3,0\"><b class=\"\" data-path-to-node=\"6,3,0\" data-index-in-node=\"0\">Universalumas:<\/b><span class=\"\"> produktas puikiai tinka tiek sausiems,<\/span><span class=\"\"> tiek \u012f riebum\u0105 linkusiems plaukams,<\/span><span class=\"\"> u\u017etikrindamas tvarking\u0105 i\u0161vaizd\u0105 be apsunkinimo.<\/span><\/p>\n<\/li>\n<\/ul>\n<h6 class=\"\" data-path-to-node=\"7\">Naudojimo instrukcija<\/h6>\n<p data-path-to-node=\"8\"><span class=\"\">Nedidel\u012f kiek\u012f priemon\u0117s gerai \u012ftrinkite tarp deln\u0173,<\/span><span class=\"\"> kol ji sumink\u0161t\u0117s.<\/span><span class=\"\"> Tolygiai paskirstykite ant plauk\u0173 ir formuokite \u0161ukuosen\u0105 pir\u0161tais,<\/span><span class=\"\"> suteikdami jai norim\u0105 strukt\u016br\u0105.<\/span><span class=\"\"> Galima naudoti tiek subtiliems akcentams pabr\u0117\u017eti,<\/span><span class=\"\"> tiek visos \u0161ukuosenos fiksavimui.<\/span><\/p>\n<h6 class=\"\" data-path-to-node=\"9\">Apie YUNSEY Professionals<\/h6>\n<p data-path-to-node=\"10\"><span class=\"\">Ispan\u0173 gamintojas <\/span><b class=\"\" data-path-to-node=\"10\" data-index-in-node=\"18\">YUNSEY<\/b><span class=\"\"> si\u016blo profesionali\u0105 salon\u0173 kokyb\u0119,<\/span><span class=\"\"> kuri\u0105 lengva pritaikyti kasdienai.<\/span><span class=\"\"> Priemon\u0117s veikia plauk\u0105 i\u0161 vidaus \u2013 jos maitina,<\/span><span class=\"\"> mink\u0161tina ir atkuria nat\u016bral\u0173 elastingum\u0105.<\/span><span class=\"\"> Naudodami <\/span><b class=\"\" data-path-to-node=\"10\" data-index-in-node=\"197\">YUNSEY<\/b><span class=\"\">,<\/span><span class=\"\"> d\u017eiaugsit\u0117s ne tik nepriekai\u0161tingu stiliumi,<\/span><span class=\"\"> bet ir maloniu aromatu bei sveikai atrodan\u010diais plaukais.<\/span><\/p>\n","protected":false},"excerpt":{"rendered":"<p><b data-path-to-node=\"12\" data-index-in-node=\"26\">YUNSEY DEFINING CREAM FIRM CLAY<\/b> \u2013 tai tvirtos fiksacijos plauk\u0173 va\u0161kas-kremas su nat\u016braliu moliu, suteikiantis \u0161ukuosenai matin\u012f u\u017ebaigim\u0105. Priemon\u0117 efektyviai dr\u0117kina plaukus, saugo juos nuo saul\u0117s sukeltos dehidratacijos ir u\u017etikrina stiling\u0105 tekst\u016br\u0105, kartu i\u0161laikant sruog\u0173 \u0161velnum\u0105 bei stangrum\u0105.<\/p>\n","protected":false},"featured_media":18614,"template":"","meta":[],"product_brand":[513],"product_cat":[518],"product_tag":[1143],"class_list":{"0":"post-19300","1":"product","2":"type-product","3":"status-publish","4":"has-post-thumbnail","6":"product_brand-yunsey","7":"product_cat-plauku-lakai-putos-vaskas-ir-kitos-priemones","8":"product_tag-yunsey","10":"first","11":"instock","12":"sale","13":"taxable","14":"shipping-taxable","15":"purchasable","16":"product-type-simple"},"yoast_head":"<!-- This site is optimized with the Yoast SEO plugin v27.4 - https:\/\/yoast.com\/product\/yoast-seo-wordpress\/ -->\n<title>YUNSEY DEFINING CREAM FIRM CLAY tvirtas plauk\u0173 va\u0161kas, 100 ml - MalinaShop.lt J\u016bs\u0173 sveikatai ir gro\u017eiui.<\/title>\n<meta name=\"description\" content=\"YUNSEY FIRM CLAY: tvirta fiksacija, matinis efektas ir UV apsauga. Dr\u0117kina plaukus, saugo nuo i\u0161saus\u0117jimo ir neapsunkina. Idealu \u0161iuolaikiniam stiliui.\" \/>\n<meta name=\"robots\" content=\"index, follow, max-snippet:-1, max-image-preview:large, max-video-preview:-1\" \/>\n<link rel=\"canonical\" href=\"https:\/\/www.malinashop.lt\/lt_lt\/shop\/yunsey-defining-cream-firm-clay-tvirtas-plauku-vaskas-100-ml\/\" \/>\n<meta property=\"og:locale\" content=\"lt_LT\" \/>\n<meta property=\"og:type\" content=\"article\" \/>\n<meta property=\"og:title\" content=\"YUNSEY DEFINING CREAM FIRM CLAY tvirtas plauk\u0173 va\u0161kas, 100 ml - MalinaShop.lt J\u016bs\u0173 sveikatai ir gro\u017eiui.\" \/>\n<meta property=\"og:description\" content=\"YUNSEY FIRM CLAY: tvirta fiksacija, matinis efektas ir UV apsauga. Dr\u0117kina plaukus, saugo nuo i\u0161saus\u0117jimo ir neapsunkina. Idealu \u0161iuolaikiniam stiliui.\" \/>\n<meta property=\"og:url\" content=\"https:\/\/www.malinashop.lt\/lt_lt\/shop\/yunsey-defining-cream-firm-clay-tvirtas-plauku-vaskas-100-ml\/\" \/>\n<meta property=\"og:site_name\" content=\"MalinaShop.lt J\u016bs\u0173 sveikatai ir gro\u017eiui.\" \/>\n<meta property=\"article:modified_time\" content=\"2026-03-03T21:16:00+00:00\" \/>\n<meta property=\"og:image\" content=\"https:\/\/www.malinashop.lt\/wp-content\/uploads\/2024\/11\/YUNSEY-DEFINING-CREAM-FIRM-CLAY-tvirtas-plauku-vaskas-100-ml.jpg\" \/>\n\t<meta property=\"og:image:width\" content=\"768\" \/>\n\t<meta property=\"og:image:height\" content=\"768\" \/>\n\t<meta property=\"og:image:type\" content=\"image\/jpeg\" \/>\n<meta name=\"twitter:card\" content=\"summary_large_image\" \/>\n<script type=\"application\/ld+json\" class=\"yoast-schema-graph\">{\"@context\":\"https:\\\/\\\/schema.org\",\"@graph\":[{\"@type\":\"WebPage\",\"@id\":\"https:\\\/\\\/www.malinashop.lt\\\/lt_lt\\\/shop\\\/yunsey-defining-cream-firm-clay-tvirtas-plauku-vaskas-100-ml\\\/\",\"url\":\"https:\\\/\\\/www.malinashop.lt\\\/lt_lt\\\/shop\\\/yunsey-defining-cream-firm-clay-tvirtas-plauku-vaskas-100-ml\\\/\",\"name\":\"YUNSEY DEFINING CREAM FIRM CLAY tvirtas plauk\u0173 va\u0161kas, 100 ml - MalinaShop.lt J\u016bs\u0173 sveikatai ir gro\u017eiui.\",\"isPartOf\":{\"@id\":\"https:\\\/\\\/www.malinashop.lt\\\/#website\"},\"primaryImageOfPage\":{\"@id\":\"https:\\\/\\\/www.malinashop.lt\\\/lt_lt\\\/shop\\\/yunsey-defining-cream-firm-clay-tvirtas-plauku-vaskas-100-ml\\\/#primaryimage\"},\"image\":{\"@id\":\"https:\\\/\\\/www.malinashop.lt\\\/lt_lt\\\/shop\\\/yunsey-defining-cream-firm-clay-tvirtas-plauku-vaskas-100-ml\\\/#primaryimage\"},\"thumbnailUrl\":\"https:\\\/\\\/www.malinashop.lt\\\/wp-content\\\/uploads\\\/2024\\\/11\\\/YUNSEY-DEFINING-CREAM-FIRM-CLAY-tvirtas-plauku-vaskas-100-ml.jpg\",\"datePublished\":\"2024-11-06T12:51:40+00:00\",\"dateModified\":\"2026-03-03T21:16:00+00:00\",\"description\":\"YUNSEY FIRM CLAY: tvirta fiksacija, matinis efektas ir UV apsauga. Dr\u0117kina plaukus, saugo nuo i\u0161saus\u0117jimo ir neapsunkina. Idealu \u0161iuolaikiniam stiliui.\",\"breadcrumb\":{\"@id\":\"https:\\\/\\\/www.malinashop.lt\\\/lt_lt\\\/shop\\\/yunsey-defining-cream-firm-clay-tvirtas-plauku-vaskas-100-ml\\\/#breadcrumb\"},\"inLanguage\":\"lt-LT\",\"potentialAction\":[{\"@type\":\"ReadAction\",\"target\":[\"https:\\\/\\\/www.malinashop.lt\\\/lt_lt\\\/shop\\\/yunsey-defining-cream-firm-clay-tvirtas-plauku-vaskas-100-ml\\\/\"]}]},{\"@type\":\"ImageObject\",\"inLanguage\":\"lt-LT\",\"@id\":\"https:\\\/\\\/www.malinashop.lt\\\/lt_lt\\\/shop\\\/yunsey-defining-cream-firm-clay-tvirtas-plauku-vaskas-100-ml\\\/#primaryimage\",\"url\":\"https:\\\/\\\/www.malinashop.lt\\\/wp-content\\\/uploads\\\/2024\\\/11\\\/YUNSEY-DEFINING-CREAM-FIRM-CLAY-tvirtas-plauku-vaskas-100-ml.jpg\",\"contentUrl\":\"https:\\\/\\\/www.malinashop.lt\\\/wp-content\\\/uploads\\\/2024\\\/11\\\/YUNSEY-DEFINING-CREAM-FIRM-CLAY-tvirtas-plauku-vaskas-100-ml.jpg\",\"width\":768,\"height\":768},{\"@type\":\"BreadcrumbList\",\"@id\":\"https:\\\/\\\/www.malinashop.lt\\\/lt_lt\\\/shop\\\/yunsey-defining-cream-firm-clay-tvirtas-plauku-vaskas-100-ml\\\/#breadcrumb\",\"itemListElement\":[{\"@type\":\"ListItem\",\"position\":1,\"name\":\"Pagrindinis\",\"item\":\"https:\\\/\\\/www.malinashop.lt\\\/\"},{\"@type\":\"ListItem\",\"position\":2,\"name\":\"Parduotuv\u0117\",\"item\":\"https:\\\/\\\/www.malinashop.lt\\\/en\\\/parduotuve\\\/\"},{\"@type\":\"ListItem\",\"position\":3,\"name\":\"YUNSEY DEFINING CREAM FIRM CLAY tvirtas plauk\u0173 va\u0161kas, 100 ml\"}]},{\"@type\":\"WebSite\",\"@id\":\"https:\\\/\\\/www.malinashop.lt\\\/#website\",\"url\":\"https:\\\/\\\/www.malinashop.lt\\\/\",\"name\":\"COM Group Ecommerce\",\"description\":\"MalinaShop.lt - Gro\u017eio ir sveikatos produktai i\u0161 patikim\u0173 preki\u0173 \u017eenkl\u0173. Atraskite auk\u0161tos kokyb\u0117s kosmetik\u0105 u\u017e puiki\u0105 kain\u0105.\",\"publisher\":{\"@id\":\"https:\\\/\\\/www.malinashop.lt\\\/#organization\"},\"potentialAction\":[{\"@type\":\"SearchAction\",\"target\":{\"@type\":\"EntryPoint\",\"urlTemplate\":\"https:\\\/\\\/www.malinashop.lt\\\/?s={search_term_string}\"},\"query-input\":{\"@type\":\"PropertyValueSpecification\",\"valueRequired\":true,\"valueName\":\"search_term_string\"}}],\"inLanguage\":\"lt-LT\"},{\"@type\":\"Organization\",\"@id\":\"https:\\\/\\\/www.malinashop.lt\\\/#organization\",\"name\":\"COM Group Ecommerce\",\"url\":\"https:\\\/\\\/www.malinashop.lt\\\/\",\"logo\":{\"@type\":\"ImageObject\",\"inLanguage\":\"lt-LT\",\"@id\":\"https:\\\/\\\/www.malinashop.lt\\\/#\\\/schema\\\/logo\\\/image\\\/\",\"url\":\"https:\\\/\\\/www.malinashop.lt\\\/wp-content\\\/uploads\\\/2024\\\/08\\\/462559670_3787732518133670_9795632669273463_n-e1731525914575.png\",\"contentUrl\":\"https:\\\/\\\/www.malinashop.lt\\\/wp-content\\\/uploads\\\/2024\\\/08\\\/462559670_3787732518133670_9795632669273463_n-e1731525914575.png\",\"width\":180,\"height\":60,\"caption\":\"COM Group Ecommerce\"},\"image\":{\"@id\":\"https:\\\/\\\/www.malinashop.lt\\\/#\\\/schema\\\/logo\\\/image\\\/\"}}]}<\/script>\n<!-- \/ Yoast SEO plugin. -->","yoast_head_json":{"title":"YUNSEY DEFINING CREAM FIRM CLAY tvirtas plauk\u0173 va\u0161kas, 100 ml - MalinaShop.lt J\u016bs\u0173 sveikatai ir gro\u017eiui.","description":"YUNSEY FIRM CLAY: tvirta fiksacija, matinis efektas ir UV apsauga. Dr\u0117kina plaukus, saugo nuo i\u0161saus\u0117jimo ir neapsunkina. Idealu \u0161iuolaikiniam stiliui.","robots":{"index":"index","follow":"follow","max-snippet":"max-snippet:-1","max-image-preview":"max-image-preview:large","max-video-preview":"max-video-preview:-1"},"canonical":"https:\/\/www.malinashop.lt\/lt_lt\/shop\/yunsey-defining-cream-firm-clay-tvirtas-plauku-vaskas-100-ml\/","og_locale":"lt_LT","og_type":"article","og_title":"YUNSEY DEFINING CREAM FIRM CLAY tvirtas plauk\u0173 va\u0161kas, 100 ml - MalinaShop.lt J\u016bs\u0173 sveikatai ir gro\u017eiui.","og_description":"YUNSEY FIRM CLAY: tvirta fiksacija, matinis efektas ir UV apsauga. Dr\u0117kina plaukus, saugo nuo i\u0161saus\u0117jimo ir neapsunkina. Idealu \u0161iuolaikiniam stiliui.","og_url":"https:\/\/www.malinashop.lt\/lt_lt\/shop\/yunsey-defining-cream-firm-clay-tvirtas-plauku-vaskas-100-ml\/","og_site_name":"MalinaShop.lt J\u016bs\u0173 sveikatai ir gro\u017eiui.","article_modified_time":"2026-03-03T21:16:00+00:00","og_image":[{"width":768,"height":768,"url":"https:\/\/www.malinashop.lt\/wp-content\/uploads\/2024\/11\/YUNSEY-DEFINING-CREAM-FIRM-CLAY-tvirtas-plauku-vaskas-100-ml.jpg","type":"image\/jpeg"}],"twitter_card":"summary_large_image","schema":{"@context":"https:\/\/schema.org","@graph":[{"@type":"WebPage","@id":"https:\/\/www.malinashop.lt\/lt_lt\/shop\/yunsey-defining-cream-firm-clay-tvirtas-plauku-vaskas-100-ml\/","url":"https:\/\/www.malinashop.lt\/lt_lt\/shop\/yunsey-defining-cream-firm-clay-tvirtas-plauku-vaskas-100-ml\/","name":"YUNSEY DEFINING CREAM FIRM CLAY tvirtas plauk\u0173 va\u0161kas, 100 ml - MalinaShop.lt J\u016bs\u0173 sveikatai ir gro\u017eiui.","isPartOf":{"@id":"https:\/\/www.malinashop.lt\/#website"},"primaryImageOfPage":{"@id":"https:\/\/www.malinashop.lt\/lt_lt\/shop\/yunsey-defining-cream-firm-clay-tvirtas-plauku-vaskas-100-ml\/#primaryimage"},"image":{"@id":"https:\/\/www.malinashop.lt\/lt_lt\/shop\/yunsey-defining-cream-firm-clay-tvirtas-plauku-vaskas-100-ml\/#primaryimage"},"thumbnailUrl":"https:\/\/www.malinashop.lt\/wp-content\/uploads\/2024\/11\/YUNSEY-DEFINING-CREAM-FIRM-CLAY-tvirtas-plauku-vaskas-100-ml.jpg","datePublished":"2024-11-06T12:51:40+00:00","dateModified":"2026-03-03T21:16:00+00:00","description":"YUNSEY FIRM CLAY: tvirta fiksacija, matinis efektas ir UV apsauga. Dr\u0117kina plaukus, saugo nuo i\u0161saus\u0117jimo ir neapsunkina. Idealu \u0161iuolaikiniam stiliui.","breadcrumb":{"@id":"https:\/\/www.malinashop.lt\/lt_lt\/shop\/yunsey-defining-cream-firm-clay-tvirtas-plauku-vaskas-100-ml\/#breadcrumb"},"inLanguage":"lt-LT","potentialAction":[{"@type":"ReadAction","target":["https:\/\/www.malinashop.lt\/lt_lt\/shop\/yunsey-defining-cream-firm-clay-tvirtas-plauku-vaskas-100-ml\/"]}]},{"@type":"ImageObject","inLanguage":"lt-LT","@id":"https:\/\/www.malinashop.lt\/lt_lt\/shop\/yunsey-defining-cream-firm-clay-tvirtas-plauku-vaskas-100-ml\/#primaryimage","url":"https:\/\/www.malinashop.lt\/wp-content\/uploads\/2024\/11\/YUNSEY-DEFINING-CREAM-FIRM-CLAY-tvirtas-plauku-vaskas-100-ml.jpg","contentUrl":"https:\/\/www.malinashop.lt\/wp-content\/uploads\/2024\/11\/YUNSEY-DEFINING-CREAM-FIRM-CLAY-tvirtas-plauku-vaskas-100-ml.jpg","width":768,"height":768},{"@type":"BreadcrumbList","@id":"https:\/\/www.malinashop.lt\/lt_lt\/shop\/yunsey-defining-cream-firm-clay-tvirtas-plauku-vaskas-100-ml\/#breadcrumb","itemListElement":[{"@type":"ListItem","position":1,"name":"Pagrindinis","item":"https:\/\/www.malinashop.lt\/"},{"@type":"ListItem","position":2,"name":"Parduotuv\u0117","item":"https:\/\/www.malinashop.lt\/en\/parduotuve\/"},{"@type":"ListItem","position":3,"name":"YUNSEY DEFINING CREAM FIRM CLAY tvirtas plauk\u0173 va\u0161kas, 100 ml"}]},{"@type":"WebSite","@id":"https:\/\/www.malinashop.lt\/#website","url":"https:\/\/www.malinashop.lt\/","name":"COM Group Ecommerce","description":"MalinaShop.lt - Gro\u017eio ir sveikatos produktai i\u0161 patikim\u0173 preki\u0173 \u017eenkl\u0173. Atraskite auk\u0161tos kokyb\u0117s kosmetik\u0105 u\u017e puiki\u0105 kain\u0105.","publisher":{"@id":"https:\/\/www.malinashop.lt\/#organization"},"potentialAction":[{"@type":"SearchAction","target":{"@type":"EntryPoint","urlTemplate":"https:\/\/www.malinashop.lt\/?s={search_term_string}"},"query-input":{"@type":"PropertyValueSpecification","valueRequired":true,"valueName":"search_term_string"}}],"inLanguage":"lt-LT"},{"@type":"Organization","@id":"https:\/\/www.malinashop.lt\/#organization","name":"COM Group Ecommerce","url":"https:\/\/www.malinashop.lt\/","logo":{"@type":"ImageObject","inLanguage":"lt-LT","@id":"https:\/\/www.malinashop.lt\/#\/schema\/logo\/image\/","url":"https:\/\/www.malinashop.lt\/wp-content\/uploads\/2024\/08\/462559670_3787732518133670_9795632669273463_n-e1731525914575.png","contentUrl":"https:\/\/www.malinashop.lt\/wp-content\/uploads\/2024\/08\/462559670_3787732518133670_9795632669273463_n-e1731525914575.png","width":180,"height":60,"caption":"COM Group Ecommerce"},"image":{"@id":"https:\/\/www.malinashop.lt\/#\/schema\/logo\/image\/"}}]}},"jetpack_sharing_enabled":true,"_links":{"self":[{"href":"https:\/\/www.malinashop.lt\/lt_lt\/wp-json\/wp\/v2\/product\/19300","targetHints":{"allow":["GET"]}}],"collection":[{"href":"https:\/\/www.malinashop.lt\/lt_lt\/wp-json\/wp\/v2\/product"}],"about":[{"href":"https:\/\/www.malinashop.lt\/lt_lt\/wp-json\/wp\/v2\/types\/product"}],"version-history":[{"count":2,"href":"https:\/\/www.malinashop.lt\/lt_lt\/wp-json\/wp\/v2\/product\/19300\/revisions"}],"predecessor-version":[{"id":75365,"href":"https:\/\/www.malinashop.lt\/lt_lt\/wp-json\/wp\/v2\/product\/19300\/revisions\/75365"}],"wp:featuredmedia":[{"embeddable":true,"href":"https:\/\/www.malinashop.lt\/lt_lt\/wp-json\/wp\/v2\/media\/18614"}],"wp:attachment":[{"href":"https:\/\/www.malinashop.lt\/lt_lt\/wp-json\/wp\/v2\/media?parent=19300"}],"wp:term":[{"taxonomy":"product_brand","embeddable":true,"href":"https:\/\/www.malinashop.lt\/lt_lt\/wp-json\/wp\/v2\/product_brand?post=19300"},{"taxonomy":"product_cat","embeddable":true,"href":"https:\/\/www.malinashop.lt\/lt_lt\/wp-json\/wp\/v2\/product_cat?post=19300"},{"taxonomy":"product_tag","embeddable":true,"href":"https:\/\/www.malinashop.lt\/lt_lt\/wp-json\/wp\/v2\/product_tag?post=19300"}],"curies":[{"name":"wp","href":"https:\/\/api.w.org\/{rel}","templated":true}]}}