{"id":19296,"date":"2024-11-06T15:51:40","date_gmt":"2024-11-06T12:51:40","guid":{"rendered":"https:\/\/malinashop.lt\/produktas\/yunsey-kauke-saugantis-nuo-saules-poveikio-solar-mask-200-ml\/"},"modified":"2026-03-04T00:21:25","modified_gmt":"2026-03-03T21:21:25","slug":"yunsey-kauke-saugantis-nuo-saules-poveikio-solar-mask-200-ml","status":"publish","type":"product","link":"https:\/\/www.malinashop.lt\/lt_lt\/shop\/yunsey-kauke-saugantis-nuo-saules-poveikio-solar-mask-200-ml\/","title":{"rendered":"YUNSEY kauk\u0117 saugantis nuo saul\u0117s poveikio SOLAR MASK, 200 ml"},"content":{"rendered":"<hr class=\"\" data-path-to-node=\"1\" \/>\n<h5 class=\"\" data-path-to-node=\"2\">YUNSEY SOLAR MASK \u2013 intensyvus dr\u0117kinimas ir apsauga nuo saul\u0117s spinduli\u0173<\/h5>\n<p data-path-to-node=\"3\"><span class=\"\">Suteikite savo plaukams maksimali\u0105 prie\u017ei\u016br\u0105 po buvimo saul\u0117je su <\/span><b class=\"\" data-path-to-node=\"3\" data-index-in-node=\"66\">YUNSEY SOLAR MASK<\/b><span class=\"\">.<\/span><span class=\"\"> \u0160i atkuriamoji kauk\u0117 sukurta specialiai saul\u0117s,<\/span><span class=\"\"> druskos ir chloro i\u0161vargintoms sruogoms.<\/span><span class=\"\"> Ji ne tik intensyviai dr\u0117kina,<\/span><span class=\"\"> bet ir veikia kaip skydas,<\/span><span class=\"\"> saugantis plaukus nuo tolimesnio \u017ealingo UV spinduli\u0173 poveikio,<\/span><span class=\"\"> kartu i\u0161laikant sruog\u0173 gyvybingum\u0105 ir nat\u016bral\u0173 elastingum\u0105.<\/span><\/p>\n<h6 class=\"\" data-path-to-node=\"4\">Tobula prie\u017ei\u016bra saul\u0117toms dienoms<\/h6>\n<p data-path-to-node=\"5\"><span class=\"\">Kauk\u0117 pasi\u017eymi kompleksiniu poveikiu,<\/span><span class=\"\"> kuris padeda i\u0161laikyti plauk\u0173 gro\u017e\u012f vasaros metu:<\/span><\/p>\n<ul data-path-to-node=\"6\">\n<li>\n<p data-path-to-node=\"6,0,0\"><b class=\"\" data-path-to-node=\"6,0,0\" data-index-in-node=\"0\">Plataus spektro UV apsauga:<\/b><span class=\"\"> sud\u0117tyje esantys filtrai saugo plauk\u0173 strukt\u016br\u0105 nuo pa\u017eeidim\u0173 ir neleid\u017eia saulei i\u0161blukinti ar pa\u0161viesinti j\u016bs\u0173 plauk\u0173 spalvos.<\/span><\/p>\n<\/li>\n<li>\n<p data-path-to-node=\"6,1,0\"><b class=\"\" data-path-to-node=\"6,1,0\" data-index-in-node=\"0\">Gilus dr\u0117kinimas ir glotnumas:<\/b><span class=\"\"> kauk\u0117 akimirksniu sumink\u0161tina plaukus,<\/span><span class=\"\"> suteikdama jiems \u0161ilkin\u012f \u0161velnum\u0105 ir prabang\u0173 \u017evilges\u012f.<\/span><\/p>\n<\/li>\n<li>\n<p data-path-to-node=\"6,2,0\"><b class=\"\" data-path-to-node=\"6,2,0\" data-index-in-node=\"0\">Spalvos intensyvumo i\u0161saugojimas:<\/b><span class=\"\"> speciali formul\u0117 pagerina ir i\u0161ry\u0161kina plauk\u0173 spalv\u0105,<\/span><span class=\"\"> apsaugodama j\u0105 nuo oksidacijos ir saus\u0117jimo.<\/span><\/p>\n<\/li>\n<li>\n<p data-path-to-node=\"6,3,0\"><b class=\"\" data-path-to-node=\"6,3,0\" data-index-in-node=\"0\">Atstatomasis poveikis:<\/b><span class=\"\"> priemon\u0117 veikia i\u0161 vidaus,<\/span><span class=\"\"> gydo pa\u017eeistas skaidulas ir sugr\u0105\u017eina plaukams \u201ek\u0105 tik i\u0161 kirpyklos\u201c jausm\u0105.<\/span><\/p>\n<\/li>\n<\/ul>\n<h6 class=\"\" data-path-to-node=\"7\">Naudojimo instrukcija<\/h6>\n<p data-path-to-node=\"8\"><span class=\"\">Nedidel\u012f kiek\u012f kauk\u0117s tolygiai paskirstykite ant \u0161amp\u016bnu (rekomenduojama <\/span><b class=\"\" data-path-to-node=\"8\" data-index-in-node=\"73\">YUNSEY SOLAR<\/b><span class=\"\">) i\u0161plaut\u0173 ir dr\u0117gn\u0173 plauk\u0173.<\/span><span class=\"\"> Tepkite per vis\u0105 plauko ilg\u012f iki pat galiuk\u0173.<\/span> <b class=\"\" data-path-to-node=\"8\" data-index-in-node=\"160\">Palikite veikti 3\u20135 minutes<\/b><span class=\"\">,<\/span><span class=\"\"> kad aktyv\u016bs ingredientai prasiskverbt\u0173 \u012f plauk\u0105.<\/span><span class=\"\"> Tuomet kruop\u0161\u010diai nuskalaukite po tekan\u010diu vandeniu.<\/span><\/p>\n<h6 class=\"\" data-path-to-node=\"9\">Apie YUNSEY Professionals<\/h6>\n<p data-path-to-node=\"10\"><span class=\"\">Ispan\u0173 gamintojas <\/span><b class=\"\" data-path-to-node=\"10\" data-index-in-node=\"18\">YUNSEY<\/b><span class=\"\"> si\u016blo profesionalius sprendimus,<\/span><span class=\"\"> kuriuose dera auk\u0161ta kokyb\u0117 ir inovacijos.<\/span><span class=\"\"> Priemon\u0117s sukurtos veikti plauk\u0105 i\u0161 vidaus \u2013 jos maitina,<\/span><span class=\"\"> suteikia glotnumo ir atkuria nat\u016bral\u0173 elastingum\u0105.<\/span><span class=\"\"> Naudodami <\/span><b class=\"\" data-path-to-node=\"10\" data-index-in-node=\"220\">YUNSEY<\/b><span class=\"\">,<\/span><span class=\"\"> d\u017eiaugsit\u0117s gyvybingais,<\/span><span class=\"\"> \u0161velniais ir maloniai kvepian\u010diais plaukais kiekvien\u0105 dien\u0105.<\/span><\/p>\n","protected":false},"excerpt":{"rendered":"<p><b data-path-to-node=\"12\" data-index-in-node=\"26\">YUNSEY SOLAR MASK<\/b> \u2013 tai regeneruojanti plauk\u0173 kauk\u0117 su plataus spektro UV apsauga, skirta saul\u0117s veikiam\u0173 plauk\u0173 prie\u017ei\u016brai. Ji intensyviai dr\u0117kina, saugo spalv\u0105 nuo i\u0161blukimo bei suteikia sruogoms ne\u012ftik\u0117tino \u0161velnumo ir spindesio. Puiki priemon\u0117 norint atstatyti plauk\u0173 gyvybingum\u0105 ir glotnum\u0105 po atostog\u0173 ar kar\u0161t\u0173 vasaros dien\u0173.<\/p>\n","protected":false},"featured_media":18627,"template":"","meta":[],"product_brand":[513],"product_cat":[517],"product_tag":[1143],"class_list":{"0":"post-19296","1":"product","2":"type-product","3":"status-publish","4":"has-post-thumbnail","6":"product_brand-yunsey","7":"product_cat-plauku-kaukes-ir-kremai-ampules","8":"product_tag-yunsey","10":"first","11":"instock","12":"sale","13":"taxable","14":"shipping-taxable","15":"purchasable","16":"product-type-simple"},"yoast_head":"<!-- This site is optimized with the Yoast SEO plugin v27.4 - https:\/\/yoast.com\/product\/yoast-seo-wordpress\/ -->\n<title>YUNSEY kauk\u0117 saugantis nuo saul\u0117s poveikio SOLAR MASK, 200 ml - MalinaShop.lt J\u016bs\u0173 sveikatai ir gro\u017eiui.<\/title>\n<meta name=\"description\" content=\"YUNSEY SOLAR kauk\u0117: gilus dr\u0117kinimas, apsauga nuo UV spinduli\u0173 ir spalvos blukimo. Suteikia plaukams glotnumo, \u0161velnumo ir spindesio. Atstatomoji prie\u017ei\u016bra!\" \/>\n<meta name=\"robots\" content=\"index, follow, max-snippet:-1, max-image-preview:large, max-video-preview:-1\" \/>\n<link rel=\"canonical\" href=\"https:\/\/www.malinashop.lt\/lt_lt\/shop\/yunsey-kauke-saugantis-nuo-saules-poveikio-solar-mask-200-ml\/\" \/>\n<meta property=\"og:locale\" content=\"lt_LT\" \/>\n<meta property=\"og:type\" content=\"article\" \/>\n<meta property=\"og:title\" content=\"YUNSEY kauk\u0117 saugantis nuo saul\u0117s poveikio SOLAR MASK, 200 ml - MalinaShop.lt J\u016bs\u0173 sveikatai ir gro\u017eiui.\" \/>\n<meta property=\"og:description\" content=\"YUNSEY SOLAR kauk\u0117: gilus dr\u0117kinimas, apsauga nuo UV spinduli\u0173 ir spalvos blukimo. Suteikia plaukams glotnumo, \u0161velnumo ir spindesio. Atstatomoji prie\u017ei\u016bra!\" \/>\n<meta property=\"og:url\" content=\"https:\/\/www.malinashop.lt\/lt_lt\/shop\/yunsey-kauke-saugantis-nuo-saules-poveikio-solar-mask-200-ml\/\" \/>\n<meta property=\"og:site_name\" content=\"MalinaShop.lt J\u016bs\u0173 sveikatai ir gro\u017eiui.\" \/>\n<meta property=\"article:modified_time\" content=\"2026-03-03T21:21:25+00:00\" \/>\n<meta property=\"og:image\" content=\"https:\/\/www.malinashop.lt\/wp-content\/uploads\/2024\/11\/YUNSEY-kauke-saugantis-nuo-saules-poveikio-SOLAR-MASK-200-ml.png\" \/>\n\t<meta property=\"og:image:width\" content=\"768\" \/>\n\t<meta property=\"og:image:height\" content=\"768\" \/>\n\t<meta property=\"og:image:type\" content=\"image\/png\" \/>\n<meta name=\"twitter:card\" content=\"summary_large_image\" \/>\n<script type=\"application\/ld+json\" class=\"yoast-schema-graph\">{\"@context\":\"https:\\\/\\\/schema.org\",\"@graph\":[{\"@type\":\"WebPage\",\"@id\":\"https:\\\/\\\/www.malinashop.lt\\\/lt_lt\\\/shop\\\/yunsey-kauke-saugantis-nuo-saules-poveikio-solar-mask-200-ml\\\/\",\"url\":\"https:\\\/\\\/www.malinashop.lt\\\/lt_lt\\\/shop\\\/yunsey-kauke-saugantis-nuo-saules-poveikio-solar-mask-200-ml\\\/\",\"name\":\"YUNSEY kauk\u0117 saugantis nuo saul\u0117s poveikio SOLAR MASK, 200 ml - MalinaShop.lt J\u016bs\u0173 sveikatai ir gro\u017eiui.\",\"isPartOf\":{\"@id\":\"https:\\\/\\\/www.malinashop.lt\\\/en\\\/#website\"},\"primaryImageOfPage\":{\"@id\":\"https:\\\/\\\/www.malinashop.lt\\\/lt_lt\\\/shop\\\/yunsey-kauke-saugantis-nuo-saules-poveikio-solar-mask-200-ml\\\/#primaryimage\"},\"image\":{\"@id\":\"https:\\\/\\\/www.malinashop.lt\\\/lt_lt\\\/shop\\\/yunsey-kauke-saugantis-nuo-saules-poveikio-solar-mask-200-ml\\\/#primaryimage\"},\"thumbnailUrl\":\"https:\\\/\\\/www.malinashop.lt\\\/wp-content\\\/uploads\\\/2024\\\/11\\\/YUNSEY-kauke-saugantis-nuo-saules-poveikio-SOLAR-MASK-200-ml.png\",\"datePublished\":\"2024-11-06T12:51:40+00:00\",\"dateModified\":\"2026-03-03T21:21:25+00:00\",\"description\":\"YUNSEY SOLAR kauk\u0117: gilus dr\u0117kinimas, apsauga nuo UV spinduli\u0173 ir spalvos blukimo. Suteikia plaukams glotnumo, \u0161velnumo ir spindesio. Atstatomoji prie\u017ei\u016bra!\",\"breadcrumb\":{\"@id\":\"https:\\\/\\\/www.malinashop.lt\\\/lt_lt\\\/shop\\\/yunsey-kauke-saugantis-nuo-saules-poveikio-solar-mask-200-ml\\\/#breadcrumb\"},\"inLanguage\":\"lt-LT\",\"potentialAction\":[{\"@type\":\"ReadAction\",\"target\":[\"https:\\\/\\\/www.malinashop.lt\\\/lt_lt\\\/shop\\\/yunsey-kauke-saugantis-nuo-saules-poveikio-solar-mask-200-ml\\\/\"]}]},{\"@type\":\"ImageObject\",\"inLanguage\":\"lt-LT\",\"@id\":\"https:\\\/\\\/www.malinashop.lt\\\/lt_lt\\\/shop\\\/yunsey-kauke-saugantis-nuo-saules-poveikio-solar-mask-200-ml\\\/#primaryimage\",\"url\":\"https:\\\/\\\/www.malinashop.lt\\\/wp-content\\\/uploads\\\/2024\\\/11\\\/YUNSEY-kauke-saugantis-nuo-saules-poveikio-SOLAR-MASK-200-ml.png\",\"contentUrl\":\"https:\\\/\\\/www.malinashop.lt\\\/wp-content\\\/uploads\\\/2024\\\/11\\\/YUNSEY-kauke-saugantis-nuo-saules-poveikio-SOLAR-MASK-200-ml.png\",\"width\":768,\"height\":768},{\"@type\":\"BreadcrumbList\",\"@id\":\"https:\\\/\\\/www.malinashop.lt\\\/lt_lt\\\/shop\\\/yunsey-kauke-saugantis-nuo-saules-poveikio-solar-mask-200-ml\\\/#breadcrumb\",\"itemListElement\":[{\"@type\":\"ListItem\",\"position\":1,\"name\":\"Home\",\"item\":\"https:\\\/\\\/www.malinashop.lt\\\/en\\\/\"},{\"@type\":\"ListItem\",\"position\":2,\"name\":\"Parduotuv\u0117\",\"item\":\"https:\\\/\\\/www.malinashop.lt\\\/en\\\/parduotuve\\\/\"},{\"@type\":\"ListItem\",\"position\":3,\"name\":\"YUNSEY kauk\u0117 saugantis nuo saul\u0117s poveikio SOLAR MASK, 200 ml\"}]},{\"@type\":\"WebSite\",\"@id\":\"https:\\\/\\\/www.malinashop.lt\\\/en\\\/#website\",\"url\":\"https:\\\/\\\/www.malinashop.lt\\\/en\\\/\",\"name\":\"COM Group Ecommerce\",\"description\":\"MalinaShop.lt - Gro\u017eio ir sveikatos produktai i\u0161 patikim\u0173 preki\u0173 \u017eenkl\u0173. Atraskite auk\u0161tos kokyb\u0117s kosmetik\u0105 u\u017e puiki\u0105 kain\u0105.\",\"publisher\":{\"@id\":\"https:\\\/\\\/www.malinashop.lt\\\/en\\\/#organization\"},\"potentialAction\":[{\"@type\":\"SearchAction\",\"target\":{\"@type\":\"EntryPoint\",\"urlTemplate\":\"https:\\\/\\\/www.malinashop.lt\\\/en\\\/?s={search_term_string}\"},\"query-input\":{\"@type\":\"PropertyValueSpecification\",\"valueRequired\":true,\"valueName\":\"search_term_string\"}}],\"inLanguage\":\"lt-LT\"},{\"@type\":\"Organization\",\"@id\":\"https:\\\/\\\/www.malinashop.lt\\\/en\\\/#organization\",\"name\":\"COM Group Ecommerce\",\"url\":\"https:\\\/\\\/www.malinashop.lt\\\/en\\\/\",\"logo\":{\"@type\":\"ImageObject\",\"inLanguage\":\"lt-LT\",\"@id\":\"https:\\\/\\\/www.malinashop.lt\\\/en\\\/#\\\/schema\\\/logo\\\/image\\\/\",\"url\":\"https:\\\/\\\/www.malinashop.lt\\\/wp-content\\\/uploads\\\/2024\\\/08\\\/462559670_3787732518133670_9795632669273463_n-e1731525914575.png\",\"contentUrl\":\"https:\\\/\\\/www.malinashop.lt\\\/wp-content\\\/uploads\\\/2024\\\/08\\\/462559670_3787732518133670_9795632669273463_n-e1731525914575.png\",\"width\":180,\"height\":60,\"caption\":\"COM Group Ecommerce\"},\"image\":{\"@id\":\"https:\\\/\\\/www.malinashop.lt\\\/en\\\/#\\\/schema\\\/logo\\\/image\\\/\"}}]}<\/script>\n<!-- \/ Yoast SEO plugin. -->","yoast_head_json":{"title":"YUNSEY kauk\u0117 saugantis nuo saul\u0117s poveikio SOLAR MASK, 200 ml - MalinaShop.lt J\u016bs\u0173 sveikatai ir gro\u017eiui.","description":"YUNSEY SOLAR kauk\u0117: gilus dr\u0117kinimas, apsauga nuo UV spinduli\u0173 ir spalvos blukimo. Suteikia plaukams glotnumo, \u0161velnumo ir spindesio. Atstatomoji prie\u017ei\u016bra!","robots":{"index":"index","follow":"follow","max-snippet":"max-snippet:-1","max-image-preview":"max-image-preview:large","max-video-preview":"max-video-preview:-1"},"canonical":"https:\/\/www.malinashop.lt\/lt_lt\/shop\/yunsey-kauke-saugantis-nuo-saules-poveikio-solar-mask-200-ml\/","og_locale":"lt_LT","og_type":"article","og_title":"YUNSEY kauk\u0117 saugantis nuo saul\u0117s poveikio SOLAR MASK, 200 ml - MalinaShop.lt J\u016bs\u0173 sveikatai ir gro\u017eiui.","og_description":"YUNSEY SOLAR kauk\u0117: gilus dr\u0117kinimas, apsauga nuo UV spinduli\u0173 ir spalvos blukimo. Suteikia plaukams glotnumo, \u0161velnumo ir spindesio. Atstatomoji prie\u017ei\u016bra!","og_url":"https:\/\/www.malinashop.lt\/lt_lt\/shop\/yunsey-kauke-saugantis-nuo-saules-poveikio-solar-mask-200-ml\/","og_site_name":"MalinaShop.lt J\u016bs\u0173 sveikatai ir gro\u017eiui.","article_modified_time":"2026-03-03T21:21:25+00:00","og_image":[{"width":768,"height":768,"url":"https:\/\/www.malinashop.lt\/wp-content\/uploads\/2024\/11\/YUNSEY-kauke-saugantis-nuo-saules-poveikio-SOLAR-MASK-200-ml.png","type":"image\/png"}],"twitter_card":"summary_large_image","schema":{"@context":"https:\/\/schema.org","@graph":[{"@type":"WebPage","@id":"https:\/\/www.malinashop.lt\/lt_lt\/shop\/yunsey-kauke-saugantis-nuo-saules-poveikio-solar-mask-200-ml\/","url":"https:\/\/www.malinashop.lt\/lt_lt\/shop\/yunsey-kauke-saugantis-nuo-saules-poveikio-solar-mask-200-ml\/","name":"YUNSEY kauk\u0117 saugantis nuo saul\u0117s poveikio SOLAR MASK, 200 ml - MalinaShop.lt J\u016bs\u0173 sveikatai ir gro\u017eiui.","isPartOf":{"@id":"https:\/\/www.malinashop.lt\/en\/#website"},"primaryImageOfPage":{"@id":"https:\/\/www.malinashop.lt\/lt_lt\/shop\/yunsey-kauke-saugantis-nuo-saules-poveikio-solar-mask-200-ml\/#primaryimage"},"image":{"@id":"https:\/\/www.malinashop.lt\/lt_lt\/shop\/yunsey-kauke-saugantis-nuo-saules-poveikio-solar-mask-200-ml\/#primaryimage"},"thumbnailUrl":"https:\/\/www.malinashop.lt\/wp-content\/uploads\/2024\/11\/YUNSEY-kauke-saugantis-nuo-saules-poveikio-SOLAR-MASK-200-ml.png","datePublished":"2024-11-06T12:51:40+00:00","dateModified":"2026-03-03T21:21:25+00:00","description":"YUNSEY SOLAR kauk\u0117: gilus dr\u0117kinimas, apsauga nuo UV spinduli\u0173 ir spalvos blukimo. Suteikia plaukams glotnumo, \u0161velnumo ir spindesio. Atstatomoji prie\u017ei\u016bra!","breadcrumb":{"@id":"https:\/\/www.malinashop.lt\/lt_lt\/shop\/yunsey-kauke-saugantis-nuo-saules-poveikio-solar-mask-200-ml\/#breadcrumb"},"inLanguage":"lt-LT","potentialAction":[{"@type":"ReadAction","target":["https:\/\/www.malinashop.lt\/lt_lt\/shop\/yunsey-kauke-saugantis-nuo-saules-poveikio-solar-mask-200-ml\/"]}]},{"@type":"ImageObject","inLanguage":"lt-LT","@id":"https:\/\/www.malinashop.lt\/lt_lt\/shop\/yunsey-kauke-saugantis-nuo-saules-poveikio-solar-mask-200-ml\/#primaryimage","url":"https:\/\/www.malinashop.lt\/wp-content\/uploads\/2024\/11\/YUNSEY-kauke-saugantis-nuo-saules-poveikio-SOLAR-MASK-200-ml.png","contentUrl":"https:\/\/www.malinashop.lt\/wp-content\/uploads\/2024\/11\/YUNSEY-kauke-saugantis-nuo-saules-poveikio-SOLAR-MASK-200-ml.png","width":768,"height":768},{"@type":"BreadcrumbList","@id":"https:\/\/www.malinashop.lt\/lt_lt\/shop\/yunsey-kauke-saugantis-nuo-saules-poveikio-solar-mask-200-ml\/#breadcrumb","itemListElement":[{"@type":"ListItem","position":1,"name":"Home","item":"https:\/\/www.malinashop.lt\/en\/"},{"@type":"ListItem","position":2,"name":"Parduotuv\u0117","item":"https:\/\/www.malinashop.lt\/en\/parduotuve\/"},{"@type":"ListItem","position":3,"name":"YUNSEY kauk\u0117 saugantis nuo saul\u0117s poveikio SOLAR MASK, 200 ml"}]},{"@type":"WebSite","@id":"https:\/\/www.malinashop.lt\/en\/#website","url":"https:\/\/www.malinashop.lt\/en\/","name":"COM Group Ecommerce","description":"MalinaShop.lt - Gro\u017eio ir sveikatos produktai i\u0161 patikim\u0173 preki\u0173 \u017eenkl\u0173. Atraskite auk\u0161tos kokyb\u0117s kosmetik\u0105 u\u017e puiki\u0105 kain\u0105.","publisher":{"@id":"https:\/\/www.malinashop.lt\/en\/#organization"},"potentialAction":[{"@type":"SearchAction","target":{"@type":"EntryPoint","urlTemplate":"https:\/\/www.malinashop.lt\/en\/?s={search_term_string}"},"query-input":{"@type":"PropertyValueSpecification","valueRequired":true,"valueName":"search_term_string"}}],"inLanguage":"lt-LT"},{"@type":"Organization","@id":"https:\/\/www.malinashop.lt\/en\/#organization","name":"COM Group Ecommerce","url":"https:\/\/www.malinashop.lt\/en\/","logo":{"@type":"ImageObject","inLanguage":"lt-LT","@id":"https:\/\/www.malinashop.lt\/en\/#\/schema\/logo\/image\/","url":"https:\/\/www.malinashop.lt\/wp-content\/uploads\/2024\/08\/462559670_3787732518133670_9795632669273463_n-e1731525914575.png","contentUrl":"https:\/\/www.malinashop.lt\/wp-content\/uploads\/2024\/08\/462559670_3787732518133670_9795632669273463_n-e1731525914575.png","width":180,"height":60,"caption":"COM Group Ecommerce"},"image":{"@id":"https:\/\/www.malinashop.lt\/en\/#\/schema\/logo\/image\/"}}]}},"jetpack_sharing_enabled":true,"_links":{"self":[{"href":"https:\/\/www.malinashop.lt\/lt_lt\/wp-json\/wp\/v2\/product\/19296","targetHints":{"allow":["GET"]}}],"collection":[{"href":"https:\/\/www.malinashop.lt\/lt_lt\/wp-json\/wp\/v2\/product"}],"about":[{"href":"https:\/\/www.malinashop.lt\/lt_lt\/wp-json\/wp\/v2\/types\/product"}],"version-history":[{"count":2,"href":"https:\/\/www.malinashop.lt\/lt_lt\/wp-json\/wp\/v2\/product\/19296\/revisions"}],"predecessor-version":[{"id":75368,"href":"https:\/\/www.malinashop.lt\/lt_lt\/wp-json\/wp\/v2\/product\/19296\/revisions\/75368"}],"wp:featuredmedia":[{"embeddable":true,"href":"https:\/\/www.malinashop.lt\/lt_lt\/wp-json\/wp\/v2\/media\/18627"}],"wp:attachment":[{"href":"https:\/\/www.malinashop.lt\/lt_lt\/wp-json\/wp\/v2\/media?parent=19296"}],"wp:term":[{"taxonomy":"product_brand","embeddable":true,"href":"https:\/\/www.malinashop.lt\/lt_lt\/wp-json\/wp\/v2\/product_brand?post=19296"},{"taxonomy":"product_cat","embeddable":true,"href":"https:\/\/www.malinashop.lt\/lt_lt\/wp-json\/wp\/v2\/product_cat?post=19296"},{"taxonomy":"product_tag","embeddable":true,"href":"https:\/\/www.malinashop.lt\/lt_lt\/wp-json\/wp\/v2\/product_tag?post=19296"}],"curies":[{"name":"wp","href":"https:\/\/api.w.org\/{rel}","templated":true}]}}