{"id":19286,"date":"2024-11-06T15:51:36","date_gmt":"2024-11-06T12:51:36","guid":{"rendered":"https:\/\/malinashop.lt\/produktas\/yunsey-plauku-kauke-neutralizuojanti-oranzinius-atspalvius-neutralizing-mask-bye-bye-orange-200-ml\/"},"modified":"2026-02-12T22:16:15","modified_gmt":"2026-02-12T19:16:15","slug":"yunsey-plauku-kauke-neutralizuojanti-oranzinius-atspalvius-neutralizing-mask-bye-bye-orange-200-ml","status":"publish","type":"product","link":"https:\/\/www.malinashop.lt\/lt_lt\/shop\/yunsey-plauku-kauke-neutralizuojanti-oranzinius-atspalvius-neutralizing-mask-bye-bye-orange-200-ml\/","title":{"rendered":"YUNSEY plauk\u0173 kauk\u0117 neutralizuojanti oran\u017einius atspalvius NEUTRALIZING MASK BYE BYE ORANGE, 200 ml"},"content":{"rendered":"<p>YUNSEY \u201eBye Bye Orange\u201c neutralizuojanti plauk\u0173 kauk\u0117 yra sukurta specialiai \u0161viesiems rudiems plaukams, kurie link\u0119 \u012fgyti varinius atspalvius. Ji efektyviai neutralizuoja nepageidaujamus oran\u017einius tonus, tuo pa\u010diu mink\u0161tindama ir atkuriant l\u016b\u017ein\u0117jan\u010dius arba da\u017eytus plaukus, nesunkindama j\u0173. Po naudojimo plaukai tampa \u0161veln\u016bs, o spalva \u2013 atgaivinta ir ry\u0161ki.<\/p>\n<p>Naudojimas: U\u017etepkite kauk\u0119 ant dr\u0117gn\u0173 plauk\u0173. Palikite veikti 5-10 minu\u010di\u0173 arba ilgiau, jei reikia gilesn\u0117s spalvos korekcijos. Po to kruop\u0161\u010diai i\u0161skalaukite \u0161iltu vandeniu. Jeigu kauk\u0117 pateks \u012f akis, nedelsiant jas gerai praplaukite.<\/p>\n<div class=\"text-tab text-tab-id-10\">\n<p>Siuntas i\u0161siun\u010diame antradieniais ir ketvirtadieniais. Jei d\u0117l koki\u0173 nors prie\u017eas\u010di\u0173 siunta negali b\u016bti i\u0161si\u0173sta \u0161iomis dienomis ir ji yra perkeliama \u012f kit\u0105 dien\u0105, apie tai informuosime jus svetain\u0117je arba el. pa\u0161tu.<\/p>\n<p>\u201eJei turite klausim\u0173, pra\u0161ome susisiekti el. pa\u0161tu info@malinashop.lt arba telefonu +37065444002 darbo dienomis nuo 10:00 iki 16:00 val.\u201c<\/p>\n<\/div>\n<div class=\"text-tab text-tab-id-11\">\n<p>Perkant u\u017e daugiau nei 50\u20ac &#8211; pristatymas nemokamas.<\/p>\n<p>Pristatymas \u012f LPexpress pa\u0161tomat\u0105\u00a0(visoje Lietuvoje, i\u0161skyrus Kur\u0161i\u0173 Nerij\u0105).<\/p>\n<\/div>\n","protected":false},"excerpt":{"rendered":"<p>YUNSEY \u201eBye Bye Orange\u201c neutralizuojanti plauk\u0173 kauk\u0117 yra sukurta specialiai \u0161viesiems rudiems plaukams, kurie link\u0119 \u012fgyti varinius atspalvius. Ji efektyviai neutralizuoja nepageidaujamus&hellip;<\/p>\n","protected":false},"featured_media":18652,"template":"","meta":[],"product_brand":[513],"product_cat":[517],"product_tag":[1143],"class_list":{"0":"post-19286","1":"product","2":"type-product","3":"status-publish","4":"has-post-thumbnail","6":"product_brand-yunsey","7":"product_cat-plauku-kaukes-ir-kremai-ampules","8":"product_tag-yunsey","10":"first","11":"instock","12":"sale","13":"taxable","14":"shipping-taxable","15":"purchasable","16":"product-type-simple"},"yoast_head":"<!-- This site is optimized with the Yoast SEO plugin v27.4 - https:\/\/yoast.com\/product\/yoast-seo-wordpress\/ -->\n<title>YUNSEY plauk\u0173 kauk\u0117 neutralizuojanti oran\u017einius atspalvius NEUTRALIZING MASK BYE BYE ORANGE, 200 ml - MalinaShop.lt J\u016bs\u0173 sveikatai ir gro\u017eiui.<\/title>\n<meta name=\"robots\" content=\"index, follow, max-snippet:-1, max-image-preview:large, max-video-preview:-1\" \/>\n<link rel=\"canonical\" href=\"https:\/\/www.malinashop.lt\/lt_lt\/shop\/yunsey-plauku-kauke-neutralizuojanti-oranzinius-atspalvius-neutralizing-mask-bye-bye-orange-200-ml\/\" \/>\n<meta property=\"og:locale\" content=\"lt_LT\" \/>\n<meta property=\"og:type\" content=\"article\" \/>\n<meta property=\"og:title\" content=\"YUNSEY plauk\u0173 kauk\u0117 neutralizuojanti oran\u017einius atspalvius NEUTRALIZING MASK BYE BYE ORANGE, 200 ml - MalinaShop.lt J\u016bs\u0173 sveikatai ir gro\u017eiui.\" \/>\n<meta property=\"og:url\" content=\"https:\/\/www.malinashop.lt\/lt_lt\/shop\/yunsey-plauku-kauke-neutralizuojanti-oranzinius-atspalvius-neutralizing-mask-bye-bye-orange-200-ml\/\" \/>\n<meta property=\"og:site_name\" content=\"MalinaShop.lt J\u016bs\u0173 sveikatai ir gro\u017eiui.\" \/>\n<meta property=\"article:modified_time\" content=\"2026-02-12T19:16:15+00:00\" \/>\n<meta property=\"og:image\" content=\"https:\/\/www.malinashop.lt\/wp-content\/uploads\/2024\/11\/YUNSEY-plauku-kauke-neutralizuojanti-oranzinius-atspalvius-NEUTRALIZING-MASK-BYE-BYE-ORANGE-200-ml.jpg\" \/>\n\t<meta property=\"og:image:width\" content=\"1000\" \/>\n\t<meta property=\"og:image:height\" content=\"1000\" \/>\n\t<meta property=\"og:image:type\" content=\"image\/jpeg\" \/>\n<meta name=\"twitter:card\" content=\"summary_large_image\" \/>\n<script type=\"application\/ld+json\" class=\"yoast-schema-graph\">{\"@context\":\"https:\\\/\\\/schema.org\",\"@graph\":[{\"@type\":\"WebPage\",\"@id\":\"https:\\\/\\\/www.malinashop.lt\\\/lt_lt\\\/shop\\\/yunsey-plauku-kauke-neutralizuojanti-oranzinius-atspalvius-neutralizing-mask-bye-bye-orange-200-ml\\\/\",\"url\":\"https:\\\/\\\/www.malinashop.lt\\\/lt_lt\\\/shop\\\/yunsey-plauku-kauke-neutralizuojanti-oranzinius-atspalvius-neutralizing-mask-bye-bye-orange-200-ml\\\/\",\"name\":\"YUNSEY plauk\u0173 kauk\u0117 neutralizuojanti oran\u017einius atspalvius NEUTRALIZING MASK BYE BYE ORANGE, 200 ml - MalinaShop.lt J\u016bs\u0173 sveikatai ir gro\u017eiui.\",\"isPartOf\":{\"@id\":\"https:\\\/\\\/www.malinashop.lt\\\/#website\"},\"primaryImageOfPage\":{\"@id\":\"https:\\\/\\\/www.malinashop.lt\\\/lt_lt\\\/shop\\\/yunsey-plauku-kauke-neutralizuojanti-oranzinius-atspalvius-neutralizing-mask-bye-bye-orange-200-ml\\\/#primaryimage\"},\"image\":{\"@id\":\"https:\\\/\\\/www.malinashop.lt\\\/lt_lt\\\/shop\\\/yunsey-plauku-kauke-neutralizuojanti-oranzinius-atspalvius-neutralizing-mask-bye-bye-orange-200-ml\\\/#primaryimage\"},\"thumbnailUrl\":\"https:\\\/\\\/www.malinashop.lt\\\/wp-content\\\/uploads\\\/2024\\\/11\\\/YUNSEY-plauku-kauke-neutralizuojanti-oranzinius-atspalvius-NEUTRALIZING-MASK-BYE-BYE-ORANGE-200-ml.jpg\",\"datePublished\":\"2024-11-06T12:51:36+00:00\",\"dateModified\":\"2026-02-12T19:16:15+00:00\",\"breadcrumb\":{\"@id\":\"https:\\\/\\\/www.malinashop.lt\\\/lt_lt\\\/shop\\\/yunsey-plauku-kauke-neutralizuojanti-oranzinius-atspalvius-neutralizing-mask-bye-bye-orange-200-ml\\\/#breadcrumb\"},\"inLanguage\":\"lt-LT\",\"potentialAction\":[{\"@type\":\"ReadAction\",\"target\":[\"https:\\\/\\\/www.malinashop.lt\\\/lt_lt\\\/shop\\\/yunsey-plauku-kauke-neutralizuojanti-oranzinius-atspalvius-neutralizing-mask-bye-bye-orange-200-ml\\\/\"]}]},{\"@type\":\"ImageObject\",\"inLanguage\":\"lt-LT\",\"@id\":\"https:\\\/\\\/www.malinashop.lt\\\/lt_lt\\\/shop\\\/yunsey-plauku-kauke-neutralizuojanti-oranzinius-atspalvius-neutralizing-mask-bye-bye-orange-200-ml\\\/#primaryimage\",\"url\":\"https:\\\/\\\/www.malinashop.lt\\\/wp-content\\\/uploads\\\/2024\\\/11\\\/YUNSEY-plauku-kauke-neutralizuojanti-oranzinius-atspalvius-NEUTRALIZING-MASK-BYE-BYE-ORANGE-200-ml.jpg\",\"contentUrl\":\"https:\\\/\\\/www.malinashop.lt\\\/wp-content\\\/uploads\\\/2024\\\/11\\\/YUNSEY-plauku-kauke-neutralizuojanti-oranzinius-atspalvius-NEUTRALIZING-MASK-BYE-BYE-ORANGE-200-ml.jpg\",\"width\":1000,\"height\":1000},{\"@type\":\"BreadcrumbList\",\"@id\":\"https:\\\/\\\/www.malinashop.lt\\\/lt_lt\\\/shop\\\/yunsey-plauku-kauke-neutralizuojanti-oranzinius-atspalvius-neutralizing-mask-bye-bye-orange-200-ml\\\/#breadcrumb\",\"itemListElement\":[{\"@type\":\"ListItem\",\"position\":1,\"name\":\"Pagrindinis\",\"item\":\"https:\\\/\\\/www.malinashop.lt\\\/\"},{\"@type\":\"ListItem\",\"position\":2,\"name\":\"Parduotuv\u0117\",\"item\":\"https:\\\/\\\/www.malinashop.lt\\\/en\\\/parduotuve\\\/\"},{\"@type\":\"ListItem\",\"position\":3,\"name\":\"YUNSEY plauk\u0173 kauk\u0117 neutralizuojanti oran\u017einius atspalvius NEUTRALIZING MASK BYE BYE ORANGE, 200 ml\"}]},{\"@type\":\"WebSite\",\"@id\":\"https:\\\/\\\/www.malinashop.lt\\\/#website\",\"url\":\"https:\\\/\\\/www.malinashop.lt\\\/\",\"name\":\"COM Group Ecommerce\",\"description\":\"MalinaShop.lt - Gro\u017eio ir sveikatos produktai i\u0161 patikim\u0173 preki\u0173 \u017eenkl\u0173. Atraskite auk\u0161tos kokyb\u0117s kosmetik\u0105 u\u017e puiki\u0105 kain\u0105.\",\"publisher\":{\"@id\":\"https:\\\/\\\/www.malinashop.lt\\\/#organization\"},\"potentialAction\":[{\"@type\":\"SearchAction\",\"target\":{\"@type\":\"EntryPoint\",\"urlTemplate\":\"https:\\\/\\\/www.malinashop.lt\\\/?s={search_term_string}\"},\"query-input\":{\"@type\":\"PropertyValueSpecification\",\"valueRequired\":true,\"valueName\":\"search_term_string\"}}],\"inLanguage\":\"lt-LT\"},{\"@type\":\"Organization\",\"@id\":\"https:\\\/\\\/www.malinashop.lt\\\/#organization\",\"name\":\"COM Group Ecommerce\",\"url\":\"https:\\\/\\\/www.malinashop.lt\\\/\",\"logo\":{\"@type\":\"ImageObject\",\"inLanguage\":\"lt-LT\",\"@id\":\"https:\\\/\\\/www.malinashop.lt\\\/#\\\/schema\\\/logo\\\/image\\\/\",\"url\":\"https:\\\/\\\/www.malinashop.lt\\\/wp-content\\\/uploads\\\/2024\\\/08\\\/462559670_3787732518133670_9795632669273463_n-e1731525914575.png\",\"contentUrl\":\"https:\\\/\\\/www.malinashop.lt\\\/wp-content\\\/uploads\\\/2024\\\/08\\\/462559670_3787732518133670_9795632669273463_n-e1731525914575.png\",\"width\":180,\"height\":60,\"caption\":\"COM Group Ecommerce\"},\"image\":{\"@id\":\"https:\\\/\\\/www.malinashop.lt\\\/#\\\/schema\\\/logo\\\/image\\\/\"}}]}<\/script>\n<!-- \/ Yoast SEO plugin. -->","yoast_head_json":{"title":"YUNSEY plauk\u0173 kauk\u0117 neutralizuojanti oran\u017einius atspalvius NEUTRALIZING MASK BYE BYE ORANGE, 200 ml - MalinaShop.lt J\u016bs\u0173 sveikatai ir gro\u017eiui.","robots":{"index":"index","follow":"follow","max-snippet":"max-snippet:-1","max-image-preview":"max-image-preview:large","max-video-preview":"max-video-preview:-1"},"canonical":"https:\/\/www.malinashop.lt\/lt_lt\/shop\/yunsey-plauku-kauke-neutralizuojanti-oranzinius-atspalvius-neutralizing-mask-bye-bye-orange-200-ml\/","og_locale":"lt_LT","og_type":"article","og_title":"YUNSEY plauk\u0173 kauk\u0117 neutralizuojanti oran\u017einius atspalvius NEUTRALIZING MASK BYE BYE ORANGE, 200 ml - MalinaShop.lt J\u016bs\u0173 sveikatai ir gro\u017eiui.","og_url":"https:\/\/www.malinashop.lt\/lt_lt\/shop\/yunsey-plauku-kauke-neutralizuojanti-oranzinius-atspalvius-neutralizing-mask-bye-bye-orange-200-ml\/","og_site_name":"MalinaShop.lt J\u016bs\u0173 sveikatai ir gro\u017eiui.","article_modified_time":"2026-02-12T19:16:15+00:00","og_image":[{"width":1000,"height":1000,"url":"https:\/\/www.malinashop.lt\/wp-content\/uploads\/2024\/11\/YUNSEY-plauku-kauke-neutralizuojanti-oranzinius-atspalvius-NEUTRALIZING-MASK-BYE-BYE-ORANGE-200-ml.jpg","type":"image\/jpeg"}],"twitter_card":"summary_large_image","schema":{"@context":"https:\/\/schema.org","@graph":[{"@type":"WebPage","@id":"https:\/\/www.malinashop.lt\/lt_lt\/shop\/yunsey-plauku-kauke-neutralizuojanti-oranzinius-atspalvius-neutralizing-mask-bye-bye-orange-200-ml\/","url":"https:\/\/www.malinashop.lt\/lt_lt\/shop\/yunsey-plauku-kauke-neutralizuojanti-oranzinius-atspalvius-neutralizing-mask-bye-bye-orange-200-ml\/","name":"YUNSEY plauk\u0173 kauk\u0117 neutralizuojanti oran\u017einius atspalvius NEUTRALIZING MASK BYE BYE ORANGE, 200 ml - MalinaShop.lt J\u016bs\u0173 sveikatai ir gro\u017eiui.","isPartOf":{"@id":"https:\/\/www.malinashop.lt\/#website"},"primaryImageOfPage":{"@id":"https:\/\/www.malinashop.lt\/lt_lt\/shop\/yunsey-plauku-kauke-neutralizuojanti-oranzinius-atspalvius-neutralizing-mask-bye-bye-orange-200-ml\/#primaryimage"},"image":{"@id":"https:\/\/www.malinashop.lt\/lt_lt\/shop\/yunsey-plauku-kauke-neutralizuojanti-oranzinius-atspalvius-neutralizing-mask-bye-bye-orange-200-ml\/#primaryimage"},"thumbnailUrl":"https:\/\/www.malinashop.lt\/wp-content\/uploads\/2024\/11\/YUNSEY-plauku-kauke-neutralizuojanti-oranzinius-atspalvius-NEUTRALIZING-MASK-BYE-BYE-ORANGE-200-ml.jpg","datePublished":"2024-11-06T12:51:36+00:00","dateModified":"2026-02-12T19:16:15+00:00","breadcrumb":{"@id":"https:\/\/www.malinashop.lt\/lt_lt\/shop\/yunsey-plauku-kauke-neutralizuojanti-oranzinius-atspalvius-neutralizing-mask-bye-bye-orange-200-ml\/#breadcrumb"},"inLanguage":"lt-LT","potentialAction":[{"@type":"ReadAction","target":["https:\/\/www.malinashop.lt\/lt_lt\/shop\/yunsey-plauku-kauke-neutralizuojanti-oranzinius-atspalvius-neutralizing-mask-bye-bye-orange-200-ml\/"]}]},{"@type":"ImageObject","inLanguage":"lt-LT","@id":"https:\/\/www.malinashop.lt\/lt_lt\/shop\/yunsey-plauku-kauke-neutralizuojanti-oranzinius-atspalvius-neutralizing-mask-bye-bye-orange-200-ml\/#primaryimage","url":"https:\/\/www.malinashop.lt\/wp-content\/uploads\/2024\/11\/YUNSEY-plauku-kauke-neutralizuojanti-oranzinius-atspalvius-NEUTRALIZING-MASK-BYE-BYE-ORANGE-200-ml.jpg","contentUrl":"https:\/\/www.malinashop.lt\/wp-content\/uploads\/2024\/11\/YUNSEY-plauku-kauke-neutralizuojanti-oranzinius-atspalvius-NEUTRALIZING-MASK-BYE-BYE-ORANGE-200-ml.jpg","width":1000,"height":1000},{"@type":"BreadcrumbList","@id":"https:\/\/www.malinashop.lt\/lt_lt\/shop\/yunsey-plauku-kauke-neutralizuojanti-oranzinius-atspalvius-neutralizing-mask-bye-bye-orange-200-ml\/#breadcrumb","itemListElement":[{"@type":"ListItem","position":1,"name":"Pagrindinis","item":"https:\/\/www.malinashop.lt\/"},{"@type":"ListItem","position":2,"name":"Parduotuv\u0117","item":"https:\/\/www.malinashop.lt\/en\/parduotuve\/"},{"@type":"ListItem","position":3,"name":"YUNSEY plauk\u0173 kauk\u0117 neutralizuojanti oran\u017einius atspalvius NEUTRALIZING MASK BYE BYE ORANGE, 200 ml"}]},{"@type":"WebSite","@id":"https:\/\/www.malinashop.lt\/#website","url":"https:\/\/www.malinashop.lt\/","name":"COM Group Ecommerce","description":"MalinaShop.lt - Gro\u017eio ir sveikatos produktai i\u0161 patikim\u0173 preki\u0173 \u017eenkl\u0173. Atraskite auk\u0161tos kokyb\u0117s kosmetik\u0105 u\u017e puiki\u0105 kain\u0105.","publisher":{"@id":"https:\/\/www.malinashop.lt\/#organization"},"potentialAction":[{"@type":"SearchAction","target":{"@type":"EntryPoint","urlTemplate":"https:\/\/www.malinashop.lt\/?s={search_term_string}"},"query-input":{"@type":"PropertyValueSpecification","valueRequired":true,"valueName":"search_term_string"}}],"inLanguage":"lt-LT"},{"@type":"Organization","@id":"https:\/\/www.malinashop.lt\/#organization","name":"COM Group Ecommerce","url":"https:\/\/www.malinashop.lt\/","logo":{"@type":"ImageObject","inLanguage":"lt-LT","@id":"https:\/\/www.malinashop.lt\/#\/schema\/logo\/image\/","url":"https:\/\/www.malinashop.lt\/wp-content\/uploads\/2024\/08\/462559670_3787732518133670_9795632669273463_n-e1731525914575.png","contentUrl":"https:\/\/www.malinashop.lt\/wp-content\/uploads\/2024\/08\/462559670_3787732518133670_9795632669273463_n-e1731525914575.png","width":180,"height":60,"caption":"COM Group Ecommerce"},"image":{"@id":"https:\/\/www.malinashop.lt\/#\/schema\/logo\/image\/"}}]}},"jetpack_sharing_enabled":true,"_links":{"self":[{"href":"https:\/\/www.malinashop.lt\/lt_lt\/wp-json\/wp\/v2\/product\/19286","targetHints":{"allow":["GET"]}}],"collection":[{"href":"https:\/\/www.malinashop.lt\/lt_lt\/wp-json\/wp\/v2\/product"}],"about":[{"href":"https:\/\/www.malinashop.lt\/lt_lt\/wp-json\/wp\/v2\/types\/product"}],"version-history":[{"count":1,"href":"https:\/\/www.malinashop.lt\/lt_lt\/wp-json\/wp\/v2\/product\/19286\/revisions"}],"predecessor-version":[{"id":33194,"href":"https:\/\/www.malinashop.lt\/lt_lt\/wp-json\/wp\/v2\/product\/19286\/revisions\/33194"}],"wp:featuredmedia":[{"embeddable":true,"href":"https:\/\/www.malinashop.lt\/lt_lt\/wp-json\/wp\/v2\/media\/18652"}],"wp:attachment":[{"href":"https:\/\/www.malinashop.lt\/lt_lt\/wp-json\/wp\/v2\/media?parent=19286"}],"wp:term":[{"taxonomy":"product_brand","embeddable":true,"href":"https:\/\/www.malinashop.lt\/lt_lt\/wp-json\/wp\/v2\/product_brand?post=19286"},{"taxonomy":"product_cat","embeddable":true,"href":"https:\/\/www.malinashop.lt\/lt_lt\/wp-json\/wp\/v2\/product_cat?post=19286"},{"taxonomy":"product_tag","embeddable":true,"href":"https:\/\/www.malinashop.lt\/lt_lt\/wp-json\/wp\/v2\/product_tag?post=19286"}],"curies":[{"name":"wp","href":"https:\/\/api.w.org\/{rel}","templated":true}]}}