{"id":19226,"date":"2024-11-06T15:51:32","date_gmt":"2024-11-06T12:51:32","guid":{"rendered":"https:\/\/malinashop.lt\/produktas\/yunsey-neutralizing-shampoo-bye-bye-yellow-sampunas-sviesiems-plaukams-neutralizuojantis-geltonus-tonus-300-ml\/"},"modified":"2026-02-12T22:16:43","modified_gmt":"2026-02-12T19:16:43","slug":"yunsey-neutralizing-shampoo-bye-bye-yellow-sampunas-sviesiems-plaukams-neutralizuojantis-geltonus-tonus-300-ml","status":"publish","type":"product","link":"https:\/\/www.malinashop.lt\/lt_lt\/shop\/yunsey-neutralizing-shampoo-bye-bye-yellow-sampunas-sviesiems-plaukams-neutralizuojantis-geltonus-tonus-300-ml\/","title":{"rendered":"YUNSEY NEUTRALIZING SHAMPOO BYE BYE YELLOW \u0161amp\u016bnas \u0161viesiems plaukams neutralizuojantis geltonus tonus, 300 ml"},"content":{"rendered":"<p>YUNSEY \u201eBye Bye Yellow\u201c \u0161amp\u016bnas yra specifi\u0161kai skirtas neutralizuoti nepageidaujamus geltonus atspalvius \u0161viesintuose, \u017eiluose ir pilkuose plaukuose. \u0160is produktas suteikia plaukams \u0161alt\u0105 atspalv\u012f ir padeda i\u0161laikyti norim\u0105 plauk\u0173 ton\u0105. Rekomenduojama naudoti 1\u20132 kartus per savait\u0119 ir naudoti tinkamas pir\u0161tines, kad apsaugotum\u0117te rankas.<\/p>\n<p>Naudojimo instrukcija: u\u017etepkite \u0161amp\u016bn\u0105 ant \u0161lapi\u0173 plauk\u0173, palikite veikti bent vien\u0105 minut\u0119 ar ilgiau, siekiant gauti intensyvesn\u0119 spalvos korekcij\u0105. Po to kruop\u0161\u010diai i\u0161skalaukite. Jeigu produktas pateks \u012f akis, nedelsiant praplaukite jas vandeniu.<\/p>\n<p><span style=\"color: var(--rz-text-color); font-family: var(--rz-font-family-primary);\">Siuntas i\u0161siun\u010diame antradieniais ir ketvirtadieniais. Jei d\u0117l koki\u0173 nors prie\u017eas\u010di\u0173 siunta negali b\u016bti i\u0161si\u0173sta \u0161iomis dienomis ir ji yra perkeliama \u012f kit\u0105 dien\u0105, apie tai informuosime jus svetain\u0117je arba el. pa\u0161tu.<\/span><\/p>\n<div class=\"text-tab text-tab-id-10\">\n<p>\u201eJei turite klausim\u0173, pra\u0161ome susisiekti el. pa\u0161tu info@malinashop.lt arba telefonu +37065444002 darbo dienomis nuo 10:00 iki 16:00 val.\u201c<\/p>\n<\/div>\n<div class=\"text-tab text-tab-id-11\">\n<p>Perkant u\u017e daugiau nei 50\u20ac &#8211; pristatymas nemokamas.<\/p>\n<p>Pristatymas \u012f LPexpress pa\u0161tomat\u0105\u00a0(visoje Lietuvoje, i\u0161skyrus Kur\u0161i\u0173 Nerij\u0105).<\/p>\n<\/div>\n","protected":false},"excerpt":{"rendered":"<p>YUNSEY \u201eBye Bye Yellow\u201c \u0161amp\u016bnas yra specifi\u0161kai skirtas neutralizuoti nepageidaujamus geltonus atspalvius \u0161viesintuose, \u017eiluose ir pilkuose plaukuose. \u0160is produktas suteikia plaukams \u0161alt\u0105&hellip;<\/p>\n","protected":false},"featured_media":21333,"template":"","meta":[],"product_brand":[513],"product_cat":[185],"product_tag":[1143],"class_list":{"0":"post-19226","1":"product","2":"type-product","3":"status-publish","4":"has-post-thumbnail","6":"product_brand-yunsey","7":"product_cat-plauku-sampunai","8":"product_tag-yunsey","10":"first","11":"instock","12":"sale","13":"taxable","14":"shipping-taxable","15":"purchasable","16":"product-type-simple"},"yoast_head":"<!-- This site is optimized with the Yoast SEO plugin v27.4 - https:\/\/yoast.com\/product\/yoast-seo-wordpress\/ -->\n<title>YUNSEY NEUTRALIZING SHAMPOO BYE BYE YELLOW \u0161amp\u016bnas \u0161viesiems plaukams neutralizuojantis geltonus tonus, 300 ml - MalinaShop.lt J\u016bs\u0173 sveikatai ir gro\u017eiui.<\/title>\n<meta name=\"robots\" content=\"index, follow, max-snippet:-1, max-image-preview:large, max-video-preview:-1\" \/>\n<link rel=\"canonical\" href=\"https:\/\/www.malinashop.lt\/lt_lt\/shop\/yunsey-neutralizing-shampoo-bye-bye-yellow-sampunas-sviesiems-plaukams-neutralizuojantis-geltonus-tonus-300-ml\/\" \/>\n<meta property=\"og:locale\" content=\"lt_LT\" \/>\n<meta property=\"og:type\" content=\"article\" \/>\n<meta property=\"og:title\" content=\"YUNSEY NEUTRALIZING SHAMPOO BYE BYE YELLOW \u0161amp\u016bnas \u0161viesiems plaukams neutralizuojantis geltonus tonus, 300 ml - MalinaShop.lt J\u016bs\u0173 sveikatai ir gro\u017eiui.\" \/>\n<meta property=\"og:url\" content=\"https:\/\/www.malinashop.lt\/lt_lt\/shop\/yunsey-neutralizing-shampoo-bye-bye-yellow-sampunas-sviesiems-plaukams-neutralizuojantis-geltonus-tonus-300-ml\/\" \/>\n<meta property=\"og:site_name\" content=\"MalinaShop.lt J\u016bs\u0173 sveikatai ir gro\u017eiui.\" \/>\n<meta property=\"article:modified_time\" content=\"2026-02-12T19:16:43+00:00\" \/>\n<meta property=\"og:image\" content=\"https:\/\/www.malinashop.lt\/wp-content\/uploads\/2024\/11\/yunsey-sampunas-sviesiems-plaukams-neutralizuojantis-geltonus-tonus-1000-ml-kopija-1.jpg\" \/>\n\t<meta property=\"og:image:width\" content=\"388\" \/>\n\t<meta property=\"og:image:height\" content=\"388\" \/>\n\t<meta property=\"og:image:type\" content=\"image\/jpeg\" \/>\n<meta name=\"twitter:card\" content=\"summary_large_image\" \/>\n<script type=\"application\/ld+json\" class=\"yoast-schema-graph\">{\"@context\":\"https:\\\/\\\/schema.org\",\"@graph\":[{\"@type\":\"WebPage\",\"@id\":\"https:\\\/\\\/www.malinashop.lt\\\/shop\\\/yunsey-neutralizing-shampoo-bye-bye-yellow-sampunas-sviesiems-plaukams-neutralizuojantis-geltonus-tonus-300-ml\\\/\",\"url\":\"https:\\\/\\\/www.malinashop.lt\\\/shop\\\/yunsey-neutralizing-shampoo-bye-bye-yellow-sampunas-sviesiems-plaukams-neutralizuojantis-geltonus-tonus-300-ml\\\/\",\"name\":\"YUNSEY NEUTRALIZING SHAMPOO BYE BYE YELLOW \u0161amp\u016bnas \u0161viesiems plaukams neutralizuojantis geltonus tonus, 300 ml - MalinaShop.lt J\u016bs\u0173 sveikatai ir gro\u017eiui.\",\"isPartOf\":{\"@id\":\"https:\\\/\\\/www.malinashop.lt\\\/#website\"},\"primaryImageOfPage\":{\"@id\":\"https:\\\/\\\/www.malinashop.lt\\\/shop\\\/yunsey-neutralizing-shampoo-bye-bye-yellow-sampunas-sviesiems-plaukams-neutralizuojantis-geltonus-tonus-300-ml\\\/#primaryimage\"},\"image\":{\"@id\":\"https:\\\/\\\/www.malinashop.lt\\\/shop\\\/yunsey-neutralizing-shampoo-bye-bye-yellow-sampunas-sviesiems-plaukams-neutralizuojantis-geltonus-tonus-300-ml\\\/#primaryimage\"},\"thumbnailUrl\":\"https:\\\/\\\/www.malinashop.lt\\\/wp-content\\\/uploads\\\/2024\\\/11\\\/yunsey-sampunas-sviesiems-plaukams-neutralizuojantis-geltonus-tonus-1000-ml-kopija-1.jpg\",\"datePublished\":\"2024-11-06T12:51:32+00:00\",\"dateModified\":\"2026-02-12T19:16:43+00:00\",\"breadcrumb\":{\"@id\":\"https:\\\/\\\/www.malinashop.lt\\\/shop\\\/yunsey-neutralizing-shampoo-bye-bye-yellow-sampunas-sviesiems-plaukams-neutralizuojantis-geltonus-tonus-300-ml\\\/#breadcrumb\"},\"inLanguage\":\"lt-LT\",\"potentialAction\":[{\"@type\":\"ReadAction\",\"target\":[\"https:\\\/\\\/www.malinashop.lt\\\/shop\\\/yunsey-neutralizing-shampoo-bye-bye-yellow-sampunas-sviesiems-plaukams-neutralizuojantis-geltonus-tonus-300-ml\\\/\"]}]},{\"@type\":\"ImageObject\",\"inLanguage\":\"lt-LT\",\"@id\":\"https:\\\/\\\/www.malinashop.lt\\\/shop\\\/yunsey-neutralizing-shampoo-bye-bye-yellow-sampunas-sviesiems-plaukams-neutralizuojantis-geltonus-tonus-300-ml\\\/#primaryimage\",\"url\":\"https:\\\/\\\/www.malinashop.lt\\\/wp-content\\\/uploads\\\/2024\\\/11\\\/yunsey-sampunas-sviesiems-plaukams-neutralizuojantis-geltonus-tonus-1000-ml-kopija-1.jpg\",\"contentUrl\":\"https:\\\/\\\/www.malinashop.lt\\\/wp-content\\\/uploads\\\/2024\\\/11\\\/yunsey-sampunas-sviesiems-plaukams-neutralizuojantis-geltonus-tonus-1000-ml-kopija-1.jpg\",\"width\":388,\"height\":388},{\"@type\":\"BreadcrumbList\",\"@id\":\"https:\\\/\\\/www.malinashop.lt\\\/shop\\\/yunsey-neutralizing-shampoo-bye-bye-yellow-sampunas-sviesiems-plaukams-neutralizuojantis-geltonus-tonus-300-ml\\\/#breadcrumb\",\"itemListElement\":[{\"@type\":\"ListItem\",\"position\":1,\"name\":\"Pagrindinis\",\"item\":\"https:\\\/\\\/www.malinashop.lt\\\/\"},{\"@type\":\"ListItem\",\"position\":2,\"name\":\"Parduotuv\u0117\",\"item\":\"https:\\\/\\\/www.malinashop.lt\\\/en\\\/parduotuve\\\/\"},{\"@type\":\"ListItem\",\"position\":3,\"name\":\"YUNSEY NEUTRALIZING SHAMPOO BYE BYE YELLOW \u0161amp\u016bnas \u0161viesiems plaukams neutralizuojantis geltonus tonus, 300 ml\"}]},{\"@type\":\"WebSite\",\"@id\":\"https:\\\/\\\/www.malinashop.lt\\\/#website\",\"url\":\"https:\\\/\\\/www.malinashop.lt\\\/\",\"name\":\"COM Group Ecommerce\",\"description\":\"MalinaShop.lt - Gro\u017eio ir sveikatos produktai i\u0161 patikim\u0173 preki\u0173 \u017eenkl\u0173. Atraskite auk\u0161tos kokyb\u0117s kosmetik\u0105 u\u017e puiki\u0105 kain\u0105.\",\"publisher\":{\"@id\":\"https:\\\/\\\/www.malinashop.lt\\\/#organization\"},\"potentialAction\":[{\"@type\":\"SearchAction\",\"target\":{\"@type\":\"EntryPoint\",\"urlTemplate\":\"https:\\\/\\\/www.malinashop.lt\\\/?s={search_term_string}\"},\"query-input\":{\"@type\":\"PropertyValueSpecification\",\"valueRequired\":true,\"valueName\":\"search_term_string\"}}],\"inLanguage\":\"lt-LT\"},{\"@type\":\"Organization\",\"@id\":\"https:\\\/\\\/www.malinashop.lt\\\/#organization\",\"name\":\"COM Group Ecommerce\",\"url\":\"https:\\\/\\\/www.malinashop.lt\\\/\",\"logo\":{\"@type\":\"ImageObject\",\"inLanguage\":\"lt-LT\",\"@id\":\"https:\\\/\\\/www.malinashop.lt\\\/#\\\/schema\\\/logo\\\/image\\\/\",\"url\":\"https:\\\/\\\/www.malinashop.lt\\\/wp-content\\\/uploads\\\/2024\\\/08\\\/462559670_3787732518133670_9795632669273463_n-e1731525914575.png\",\"contentUrl\":\"https:\\\/\\\/www.malinashop.lt\\\/wp-content\\\/uploads\\\/2024\\\/08\\\/462559670_3787732518133670_9795632669273463_n-e1731525914575.png\",\"width\":180,\"height\":60,\"caption\":\"COM Group Ecommerce\"},\"image\":{\"@id\":\"https:\\\/\\\/www.malinashop.lt\\\/#\\\/schema\\\/logo\\\/image\\\/\"}}]}<\/script>\n<!-- \/ Yoast SEO plugin. -->","yoast_head_json":{"title":"YUNSEY NEUTRALIZING SHAMPOO BYE BYE YELLOW \u0161amp\u016bnas \u0161viesiems plaukams neutralizuojantis geltonus tonus, 300 ml - MalinaShop.lt J\u016bs\u0173 sveikatai ir gro\u017eiui.","robots":{"index":"index","follow":"follow","max-snippet":"max-snippet:-1","max-image-preview":"max-image-preview:large","max-video-preview":"max-video-preview:-1"},"canonical":"https:\/\/www.malinashop.lt\/lt_lt\/shop\/yunsey-neutralizing-shampoo-bye-bye-yellow-sampunas-sviesiems-plaukams-neutralizuojantis-geltonus-tonus-300-ml\/","og_locale":"lt_LT","og_type":"article","og_title":"YUNSEY NEUTRALIZING SHAMPOO BYE BYE YELLOW \u0161amp\u016bnas \u0161viesiems plaukams neutralizuojantis geltonus tonus, 300 ml - MalinaShop.lt J\u016bs\u0173 sveikatai ir gro\u017eiui.","og_url":"https:\/\/www.malinashop.lt\/lt_lt\/shop\/yunsey-neutralizing-shampoo-bye-bye-yellow-sampunas-sviesiems-plaukams-neutralizuojantis-geltonus-tonus-300-ml\/","og_site_name":"MalinaShop.lt J\u016bs\u0173 sveikatai ir gro\u017eiui.","article_modified_time":"2026-02-12T19:16:43+00:00","og_image":[{"width":388,"height":388,"url":"https:\/\/www.malinashop.lt\/wp-content\/uploads\/2024\/11\/yunsey-sampunas-sviesiems-plaukams-neutralizuojantis-geltonus-tonus-1000-ml-kopija-1.jpg","type":"image\/jpeg"}],"twitter_card":"summary_large_image","schema":{"@context":"https:\/\/schema.org","@graph":[{"@type":"WebPage","@id":"https:\/\/www.malinashop.lt\/shop\/yunsey-neutralizing-shampoo-bye-bye-yellow-sampunas-sviesiems-plaukams-neutralizuojantis-geltonus-tonus-300-ml\/","url":"https:\/\/www.malinashop.lt\/shop\/yunsey-neutralizing-shampoo-bye-bye-yellow-sampunas-sviesiems-plaukams-neutralizuojantis-geltonus-tonus-300-ml\/","name":"YUNSEY NEUTRALIZING SHAMPOO BYE BYE YELLOW \u0161amp\u016bnas \u0161viesiems plaukams neutralizuojantis geltonus tonus, 300 ml - MalinaShop.lt J\u016bs\u0173 sveikatai ir gro\u017eiui.","isPartOf":{"@id":"https:\/\/www.malinashop.lt\/#website"},"primaryImageOfPage":{"@id":"https:\/\/www.malinashop.lt\/shop\/yunsey-neutralizing-shampoo-bye-bye-yellow-sampunas-sviesiems-plaukams-neutralizuojantis-geltonus-tonus-300-ml\/#primaryimage"},"image":{"@id":"https:\/\/www.malinashop.lt\/shop\/yunsey-neutralizing-shampoo-bye-bye-yellow-sampunas-sviesiems-plaukams-neutralizuojantis-geltonus-tonus-300-ml\/#primaryimage"},"thumbnailUrl":"https:\/\/www.malinashop.lt\/wp-content\/uploads\/2024\/11\/yunsey-sampunas-sviesiems-plaukams-neutralizuojantis-geltonus-tonus-1000-ml-kopija-1.jpg","datePublished":"2024-11-06T12:51:32+00:00","dateModified":"2026-02-12T19:16:43+00:00","breadcrumb":{"@id":"https:\/\/www.malinashop.lt\/shop\/yunsey-neutralizing-shampoo-bye-bye-yellow-sampunas-sviesiems-plaukams-neutralizuojantis-geltonus-tonus-300-ml\/#breadcrumb"},"inLanguage":"lt-LT","potentialAction":[{"@type":"ReadAction","target":["https:\/\/www.malinashop.lt\/shop\/yunsey-neutralizing-shampoo-bye-bye-yellow-sampunas-sviesiems-plaukams-neutralizuojantis-geltonus-tonus-300-ml\/"]}]},{"@type":"ImageObject","inLanguage":"lt-LT","@id":"https:\/\/www.malinashop.lt\/shop\/yunsey-neutralizing-shampoo-bye-bye-yellow-sampunas-sviesiems-plaukams-neutralizuojantis-geltonus-tonus-300-ml\/#primaryimage","url":"https:\/\/www.malinashop.lt\/wp-content\/uploads\/2024\/11\/yunsey-sampunas-sviesiems-plaukams-neutralizuojantis-geltonus-tonus-1000-ml-kopija-1.jpg","contentUrl":"https:\/\/www.malinashop.lt\/wp-content\/uploads\/2024\/11\/yunsey-sampunas-sviesiems-plaukams-neutralizuojantis-geltonus-tonus-1000-ml-kopija-1.jpg","width":388,"height":388},{"@type":"BreadcrumbList","@id":"https:\/\/www.malinashop.lt\/shop\/yunsey-neutralizing-shampoo-bye-bye-yellow-sampunas-sviesiems-plaukams-neutralizuojantis-geltonus-tonus-300-ml\/#breadcrumb","itemListElement":[{"@type":"ListItem","position":1,"name":"Pagrindinis","item":"https:\/\/www.malinashop.lt\/"},{"@type":"ListItem","position":2,"name":"Parduotuv\u0117","item":"https:\/\/www.malinashop.lt\/en\/parduotuve\/"},{"@type":"ListItem","position":3,"name":"YUNSEY NEUTRALIZING SHAMPOO BYE BYE YELLOW \u0161amp\u016bnas \u0161viesiems plaukams neutralizuojantis geltonus tonus, 300 ml"}]},{"@type":"WebSite","@id":"https:\/\/www.malinashop.lt\/#website","url":"https:\/\/www.malinashop.lt\/","name":"COM Group Ecommerce","description":"MalinaShop.lt - Gro\u017eio ir sveikatos produktai i\u0161 patikim\u0173 preki\u0173 \u017eenkl\u0173. Atraskite auk\u0161tos kokyb\u0117s kosmetik\u0105 u\u017e puiki\u0105 kain\u0105.","publisher":{"@id":"https:\/\/www.malinashop.lt\/#organization"},"potentialAction":[{"@type":"SearchAction","target":{"@type":"EntryPoint","urlTemplate":"https:\/\/www.malinashop.lt\/?s={search_term_string}"},"query-input":{"@type":"PropertyValueSpecification","valueRequired":true,"valueName":"search_term_string"}}],"inLanguage":"lt-LT"},{"@type":"Organization","@id":"https:\/\/www.malinashop.lt\/#organization","name":"COM Group Ecommerce","url":"https:\/\/www.malinashop.lt\/","logo":{"@type":"ImageObject","inLanguage":"lt-LT","@id":"https:\/\/www.malinashop.lt\/#\/schema\/logo\/image\/","url":"https:\/\/www.malinashop.lt\/wp-content\/uploads\/2024\/08\/462559670_3787732518133670_9795632669273463_n-e1731525914575.png","contentUrl":"https:\/\/www.malinashop.lt\/wp-content\/uploads\/2024\/08\/462559670_3787732518133670_9795632669273463_n-e1731525914575.png","width":180,"height":60,"caption":"COM Group Ecommerce"},"image":{"@id":"https:\/\/www.malinashop.lt\/#\/schema\/logo\/image\/"}}]}},"jetpack_sharing_enabled":true,"_links":{"self":[{"href":"https:\/\/www.malinashop.lt\/lt_lt\/wp-json\/wp\/v2\/product\/19226","targetHints":{"allow":["GET"]}}],"collection":[{"href":"https:\/\/www.malinashop.lt\/lt_lt\/wp-json\/wp\/v2\/product"}],"about":[{"href":"https:\/\/www.malinashop.lt\/lt_lt\/wp-json\/wp\/v2\/types\/product"}],"version-history":[{"count":1,"href":"https:\/\/www.malinashop.lt\/lt_lt\/wp-json\/wp\/v2\/product\/19226\/revisions"}],"predecessor-version":[{"id":33211,"href":"https:\/\/www.malinashop.lt\/lt_lt\/wp-json\/wp\/v2\/product\/19226\/revisions\/33211"}],"wp:featuredmedia":[{"embeddable":true,"href":"https:\/\/www.malinashop.lt\/lt_lt\/wp-json\/wp\/v2\/media\/21333"}],"wp:attachment":[{"href":"https:\/\/www.malinashop.lt\/lt_lt\/wp-json\/wp\/v2\/media?parent=19226"}],"wp:term":[{"taxonomy":"product_brand","embeddable":true,"href":"https:\/\/www.malinashop.lt\/lt_lt\/wp-json\/wp\/v2\/product_brand?post=19226"},{"taxonomy":"product_cat","embeddable":true,"href":"https:\/\/www.malinashop.lt\/lt_lt\/wp-json\/wp\/v2\/product_cat?post=19226"},{"taxonomy":"product_tag","embeddable":true,"href":"https:\/\/www.malinashop.lt\/lt_lt\/wp-json\/wp\/v2\/product_tag?post=19226"}],"curies":[{"name":"wp","href":"https:\/\/api.w.org\/{rel}","templated":true}]}}