{"id":19224,"date":"2024-11-06T15:51:32","date_gmt":"2024-11-06T12:51:32","guid":{"rendered":"https:\/\/malinashop.lt\/produktas\/yunsey-neutralizing-shampoo-bye-bye-yellow-sampunas-sviesiems-plaukams-neutralizuojantis-geltonus-tonus-1000-ml\/"},"modified":"2026-02-12T22:16:43","modified_gmt":"2026-02-12T19:16:43","slug":"yunsey-neutralizing-shampoo-bye-bye-yellow-sampunas-sviesiems-plaukams-neutralizuojantis-geltonus-tonus-1000-ml","status":"publish","type":"product","link":"https:\/\/www.malinashop.lt\/lt_lt\/shop\/yunsey-neutralizing-shampoo-bye-bye-yellow-sampunas-sviesiems-plaukams-neutralizuojantis-geltonus-tonus-1000-ml\/","title":{"rendered":"YUNSEY NEUTRALIZING SHAMPOO BYE BYE YELLOW \u0161amp\u016bnas \u0161viesiems plaukams neutralizuojantis geltonus tonus, 1000 ml"},"content":{"rendered":"<p data-start=\"273\" data-end=\"562\"><span style=\"color: #000000;\"><strong data-start=\"273\" data-end=\"309\">YUNSEY \u201eBye Bye Yellow\u201c \u0161amp\u016bnas<\/strong> \u2013 profesionali priemon\u0117, sukurta <strong data-start=\"343\" data-end=\"378\">\u0161viesint\u0173, \u017eil\u0173 ir pilk\u0173 plauk\u0173<\/strong> prie\u017ei\u016brai. \u0160is \u0161amp\u016bnas efektyviai <strong data-start=\"415\" data-end=\"463\">neutralizuoja nepageidaujamus geltonus tonus<\/strong>, pad\u0117damas i\u0161laikyti <strong data-start=\"485\" data-end=\"513\">\u0161alt\u0105, pelenin\u012f atspalv\u012f<\/strong> ir suteikdamas plaukams \u0161var\u0173, gaiv\u0173 \u017evilges\u012f.<\/span><\/p>\n<p data-start=\"564\" data-end=\"826\"><span style=\"color: #000000;\">D\u0117l <strong data-start=\"568\" data-end=\"591\">violetini\u0173 pigment\u0173<\/strong> formul\u0117s \u0161amp\u016bnas subalansuoja plauk\u0173 spalv\u0105, atkuria j\u0173 gyvybingum\u0105 ir neleid\u017eia atsirasti \u0161iltiems tonams.<\/span><br data-start=\"700\" data-end=\"703\" \/><span style=\"color: #000000;\">Be to, \u0161velni valomoji baz\u0117 u\u017etikrina, kad plaukai i\u0161likt\u0173 <strong data-start=\"762\" data-end=\"798\">mink\u0161ti, elastingi ir nepa\u017eeisti<\/strong>, net ir naudojant da\u017enai.<\/span><\/p>\n<p data-start=\"828\" data-end=\"858\"><span style=\"color: #000000;\"><strong data-start=\"828\" data-end=\"856\">Pagrindiniai privalumai:<\/strong><\/span><\/p>\n<ul data-start=\"859\" data-end=\"1143\">\n<li data-start=\"859\" data-end=\"941\">\n<p data-start=\"861\" data-end=\"941\"><span style=\"color: #000000;\">Neutralizuoja geltonus atspalvius \u0161viesintuose, \u017eiluose ir pilkuose plaukuose.<\/span><\/p>\n<\/li>\n<li data-start=\"942\" data-end=\"982\">\n<p data-start=\"944\" data-end=\"982\"><span style=\"color: #000000;\">Suteikia plaukams \u0161alt\u0105, sodr\u0173 ton\u0105.<\/span><\/p>\n<\/li>\n<li data-start=\"983\" data-end=\"1031\">\n<p data-start=\"985\" data-end=\"1031\"><span style=\"color: #000000;\">Padeda ilgiau i\u0161laikyti spalvos intensyvum\u0105.<\/span><\/p>\n<\/li>\n<li data-start=\"1032\" data-end=\"1081\">\n<p data-start=\"1034\" data-end=\"1081\"><span style=\"color: #000000;\">\u0160velniai valo ir suteikia plaukams spindesio.<\/span><\/p>\n<\/li>\n<li data-start=\"1082\" data-end=\"1143\">\n<p data-start=\"1084\" data-end=\"1143\"><span style=\"color: #000000;\">Profesionali formul\u0117 \u2013 rezultatas jau po keli\u0173 naudojim\u0173.<\/span><\/p>\n<\/li>\n<\/ul>\n<p data-start=\"1145\" data-end=\"1531\"><span style=\"color: #000000;\"><strong data-start=\"1145\" data-end=\"1160\">Naudojimas:<\/strong><\/span><br data-start=\"1160\" data-end=\"1163\" \/><span style=\"color: #000000;\">U\u017etepkite \u0161amp\u016bn\u0105 ant \u0161lapi\u0173 plauk\u0173 ir \u0161velniai \u012fmasa\u017euokite.<\/span><br data-start=\"1224\" data-end=\"1227\" \/><span style=\"color: #000000;\">Palikite veikti <strong data-start=\"1243\" data-end=\"1258\">1\u20133 minutes<\/strong>, priklausomai nuo norimo neutralizacijos lygio, tada kruop\u0161\u010diai i\u0161skalaukite.<\/span><br data-start=\"1336\" data-end=\"1339\" \/><span style=\"color: #000000;\">Naudokite <strong data-start=\"1349\" data-end=\"1375\">1\u20132 kartus per savait\u0119<\/strong>.<\/span><br data-start=\"1376\" data-end=\"1379\" \/><span style=\"color: #000000;\">Rekomenduojama naudoti <strong data-start=\"1402\" data-end=\"1426\">apsaugines pir\u0161tines<\/strong>, kad i\u0161vengtum\u0117te odos nusida\u017eymo.<\/span><br data-start=\"1461\" data-end=\"1464\" \/><span style=\"color: #000000;\">Venkite patekimo \u012f akis. Jei taip nutikt\u0173 \u2013 praplaukite vandeniu.<\/span><\/p>\n<p data-start=\"1533\" data-end=\"1725\"><span style=\"color: #000000;\"><strong data-start=\"1533\" data-end=\"1552\">Apie gamintoj\u0105:<\/strong><\/span><br data-start=\"1552\" data-end=\"1555\" \/><span style=\"color: #000000;\"><strong data-start=\"1555\" data-end=\"1578\">YUNSEY Professional<\/strong> \u2013 Ispanijos plauk\u0173 prie\u017ei\u016bros ekspertai, kuriantys profesionalios kokyb\u0117s produktus, skirtus i\u0161laikyti sveik\u0105 plauk\u0173 strukt\u016br\u0105 ir ry\u0161ki\u0105 spalv\u0105.<\/span><\/p>\n<div class=\"text-tab text-tab-id-11\">\n<p>&nbsp;<\/p>\n<\/div>\n","protected":false},"excerpt":{"rendered":"<p>YUNSEY \u201eBye Bye Yellow\u201c \u0161amp\u016bnas neutralizuoja geltonus atspalvius, suteikia plaukams \u0161alt\u0105 ton\u0105 ir i\u0161laiko j\u0173 spindes\u012f.<\/p>\n","protected":false},"featured_media":21332,"template":"","meta":[],"product_brand":[513],"product_cat":[185],"product_tag":[1143],"class_list":{"0":"post-19224","1":"product","2":"type-product","3":"status-publish","4":"has-post-thumbnail","6":"product_brand-yunsey","7":"product_cat-plauku-sampunai","8":"product_tag-yunsey","10":"first","11":"instock","12":"sale","13":"taxable","14":"shipping-taxable","15":"purchasable","16":"product-type-simple"},"yoast_head":"<!-- This site is optimized with the Yoast SEO plugin v27.4 - https:\/\/yoast.com\/product\/yoast-seo-wordpress\/ -->\n<title>YUNSEY NEUTRALIZING SHAMPOO BYE BYE YELLOW \u0161amp\u016bnas \u0161viesiems plaukams neutralizuojantis geltonus tonus, 1000 ml - MalinaShop.lt J\u016bs\u0173 sveikatai ir gro\u017eiui.<\/title>\n<meta name=\"description\" content=\"YUNSEY \u201eBye Bye Yellow\u201c \u0161amp\u016bnas neutralizuoja geltonus atspalvius \u0161viesintuose, \u017eiluose ir pilkuose plaukuose, suteikia \u0161alt\u0105 ton\u0105 ir \u017evilgesio.\" \/>\n<meta name=\"robots\" content=\"index, follow, max-snippet:-1, max-image-preview:large, max-video-preview:-1\" \/>\n<link rel=\"canonical\" href=\"https:\/\/www.malinashop.lt\/lt_lt\/shop\/yunsey-neutralizing-shampoo-bye-bye-yellow-sampunas-sviesiems-plaukams-neutralizuojantis-geltonus-tonus-1000-ml\/\" \/>\n<meta property=\"og:locale\" content=\"lt_LT\" \/>\n<meta property=\"og:type\" content=\"article\" \/>\n<meta property=\"og:title\" content=\"YUNSEY NEUTRALIZING SHAMPOO BYE BYE YELLOW \u0161amp\u016bnas \u0161viesiems plaukams neutralizuojantis geltonus tonus, 1000 ml - MalinaShop.lt J\u016bs\u0173 sveikatai ir gro\u017eiui.\" \/>\n<meta property=\"og:description\" content=\"YUNSEY \u201eBye Bye Yellow\u201c \u0161amp\u016bnas neutralizuoja geltonus atspalvius \u0161viesintuose, \u017eiluose ir pilkuose plaukuose, suteikia \u0161alt\u0105 ton\u0105 ir \u017evilgesio.\" \/>\n<meta property=\"og:url\" content=\"https:\/\/www.malinashop.lt\/lt_lt\/shop\/yunsey-neutralizing-shampoo-bye-bye-yellow-sampunas-sviesiems-plaukams-neutralizuojantis-geltonus-tonus-1000-ml\/\" \/>\n<meta property=\"og:site_name\" content=\"MalinaShop.lt J\u016bs\u0173 sveikatai ir gro\u017eiui.\" \/>\n<meta property=\"article:modified_time\" content=\"2026-02-12T19:16:43+00:00\" \/>\n<meta property=\"og:image\" content=\"https:\/\/www.malinashop.lt\/wp-content\/uploads\/2024\/11\/yunsey-neutralizuojantis-oranzinius-atspalvius-plauku-sampunas-1000-ml-kopija-2-1.jpg\" \/>\n\t<meta property=\"og:image:width\" content=\"388\" \/>\n\t<meta property=\"og:image:height\" content=\"388\" \/>\n\t<meta property=\"og:image:type\" content=\"image\/jpeg\" \/>\n<meta name=\"twitter:card\" content=\"summary_large_image\" \/>\n<script type=\"application\/ld+json\" class=\"yoast-schema-graph\">{\"@context\":\"https:\\\/\\\/schema.org\",\"@graph\":[{\"@type\":\"WebPage\",\"@id\":\"https:\\\/\\\/www.malinashop.lt\\\/en\\\/shop\\\/yunsey-neutralizing-shampoo-bye-bye-yellow-sampunas-sviesiems-plaukams-neutralizuojantis-geltonus-tonus-1000-ml\\\/\",\"url\":\"https:\\\/\\\/www.malinashop.lt\\\/en\\\/shop\\\/yunsey-neutralizing-shampoo-bye-bye-yellow-sampunas-sviesiems-plaukams-neutralizuojantis-geltonus-tonus-1000-ml\\\/\",\"name\":\"YUNSEY NEUTRALIZING SHAMPOO BYE BYE YELLOW \u0161amp\u016bnas \u0161viesiems plaukams neutralizuojantis geltonus tonus, 1000 ml - MalinaShop.lt J\u016bs\u0173 sveikatai ir gro\u017eiui.\",\"isPartOf\":{\"@id\":\"https:\\\/\\\/www.malinashop.lt\\\/#website\"},\"primaryImageOfPage\":{\"@id\":\"https:\\\/\\\/www.malinashop.lt\\\/en\\\/shop\\\/yunsey-neutralizing-shampoo-bye-bye-yellow-sampunas-sviesiems-plaukams-neutralizuojantis-geltonus-tonus-1000-ml\\\/#primaryimage\"},\"image\":{\"@id\":\"https:\\\/\\\/www.malinashop.lt\\\/en\\\/shop\\\/yunsey-neutralizing-shampoo-bye-bye-yellow-sampunas-sviesiems-plaukams-neutralizuojantis-geltonus-tonus-1000-ml\\\/#primaryimage\"},\"thumbnailUrl\":\"https:\\\/\\\/www.malinashop.lt\\\/wp-content\\\/uploads\\\/2024\\\/11\\\/yunsey-neutralizuojantis-oranzinius-atspalvius-plauku-sampunas-1000-ml-kopija-2-1.jpg\",\"datePublished\":\"2024-11-06T12:51:32+00:00\",\"dateModified\":\"2026-02-12T19:16:43+00:00\",\"description\":\"YUNSEY \u201eBye Bye Yellow\u201c \u0161amp\u016bnas neutralizuoja geltonus atspalvius \u0161viesintuose, \u017eiluose ir pilkuose plaukuose, suteikia \u0161alt\u0105 ton\u0105 ir \u017evilgesio.\",\"breadcrumb\":{\"@id\":\"https:\\\/\\\/www.malinashop.lt\\\/en\\\/shop\\\/yunsey-neutralizing-shampoo-bye-bye-yellow-sampunas-sviesiems-plaukams-neutralizuojantis-geltonus-tonus-1000-ml\\\/#breadcrumb\"},\"inLanguage\":\"lt-LT\",\"potentialAction\":[{\"@type\":\"ReadAction\",\"target\":[\"https:\\\/\\\/www.malinashop.lt\\\/en\\\/shop\\\/yunsey-neutralizing-shampoo-bye-bye-yellow-sampunas-sviesiems-plaukams-neutralizuojantis-geltonus-tonus-1000-ml\\\/\"]}]},{\"@type\":\"ImageObject\",\"inLanguage\":\"lt-LT\",\"@id\":\"https:\\\/\\\/www.malinashop.lt\\\/en\\\/shop\\\/yunsey-neutralizing-shampoo-bye-bye-yellow-sampunas-sviesiems-plaukams-neutralizuojantis-geltonus-tonus-1000-ml\\\/#primaryimage\",\"url\":\"https:\\\/\\\/www.malinashop.lt\\\/wp-content\\\/uploads\\\/2024\\\/11\\\/yunsey-neutralizuojantis-oranzinius-atspalvius-plauku-sampunas-1000-ml-kopija-2-1.jpg\",\"contentUrl\":\"https:\\\/\\\/www.malinashop.lt\\\/wp-content\\\/uploads\\\/2024\\\/11\\\/yunsey-neutralizuojantis-oranzinius-atspalvius-plauku-sampunas-1000-ml-kopija-2-1.jpg\",\"width\":388,\"height\":388},{\"@type\":\"BreadcrumbList\",\"@id\":\"https:\\\/\\\/www.malinashop.lt\\\/en\\\/shop\\\/yunsey-neutralizing-shampoo-bye-bye-yellow-sampunas-sviesiems-plaukams-neutralizuojantis-geltonus-tonus-1000-ml\\\/#breadcrumb\",\"itemListElement\":[{\"@type\":\"ListItem\",\"position\":1,\"name\":\"Pagrindinis\",\"item\":\"https:\\\/\\\/www.malinashop.lt\\\/\"},{\"@type\":\"ListItem\",\"position\":2,\"name\":\"Parduotuv\u0117\",\"item\":\"https:\\\/\\\/www.malinashop.lt\\\/en\\\/parduotuve\\\/\"},{\"@type\":\"ListItem\",\"position\":3,\"name\":\"YUNSEY NEUTRALIZING SHAMPOO BYE BYE YELLOW \u0161amp\u016bnas \u0161viesiems plaukams neutralizuojantis geltonus tonus, 1000 ml\"}]},{\"@type\":\"WebSite\",\"@id\":\"https:\\\/\\\/www.malinashop.lt\\\/#website\",\"url\":\"https:\\\/\\\/www.malinashop.lt\\\/\",\"name\":\"COM Group Ecommerce\",\"description\":\"MalinaShop.lt - Gro\u017eio ir sveikatos produktai i\u0161 patikim\u0173 preki\u0173 \u017eenkl\u0173. Atraskite auk\u0161tos kokyb\u0117s kosmetik\u0105 u\u017e puiki\u0105 kain\u0105.\",\"publisher\":{\"@id\":\"https:\\\/\\\/www.malinashop.lt\\\/#organization\"},\"potentialAction\":[{\"@type\":\"SearchAction\",\"target\":{\"@type\":\"EntryPoint\",\"urlTemplate\":\"https:\\\/\\\/www.malinashop.lt\\\/?s={search_term_string}\"},\"query-input\":{\"@type\":\"PropertyValueSpecification\",\"valueRequired\":true,\"valueName\":\"search_term_string\"}}],\"inLanguage\":\"lt-LT\"},{\"@type\":\"Organization\",\"@id\":\"https:\\\/\\\/www.malinashop.lt\\\/#organization\",\"name\":\"COM Group Ecommerce\",\"url\":\"https:\\\/\\\/www.malinashop.lt\\\/\",\"logo\":{\"@type\":\"ImageObject\",\"inLanguage\":\"lt-LT\",\"@id\":\"https:\\\/\\\/www.malinashop.lt\\\/#\\\/schema\\\/logo\\\/image\\\/\",\"url\":\"https:\\\/\\\/www.malinashop.lt\\\/wp-content\\\/uploads\\\/2024\\\/08\\\/462559670_3787732518133670_9795632669273463_n-e1731525914575.png\",\"contentUrl\":\"https:\\\/\\\/www.malinashop.lt\\\/wp-content\\\/uploads\\\/2024\\\/08\\\/462559670_3787732518133670_9795632669273463_n-e1731525914575.png\",\"width\":180,\"height\":60,\"caption\":\"COM Group Ecommerce\"},\"image\":{\"@id\":\"https:\\\/\\\/www.malinashop.lt\\\/#\\\/schema\\\/logo\\\/image\\\/\"}}]}<\/script>\n<!-- \/ Yoast SEO plugin. -->","yoast_head_json":{"title":"YUNSEY NEUTRALIZING SHAMPOO BYE BYE YELLOW \u0161amp\u016bnas \u0161viesiems plaukams neutralizuojantis geltonus tonus, 1000 ml - MalinaShop.lt J\u016bs\u0173 sveikatai ir gro\u017eiui.","description":"YUNSEY \u201eBye Bye Yellow\u201c \u0161amp\u016bnas neutralizuoja geltonus atspalvius \u0161viesintuose, \u017eiluose ir pilkuose plaukuose, suteikia \u0161alt\u0105 ton\u0105 ir \u017evilgesio.","robots":{"index":"index","follow":"follow","max-snippet":"max-snippet:-1","max-image-preview":"max-image-preview:large","max-video-preview":"max-video-preview:-1"},"canonical":"https:\/\/www.malinashop.lt\/lt_lt\/shop\/yunsey-neutralizing-shampoo-bye-bye-yellow-sampunas-sviesiems-plaukams-neutralizuojantis-geltonus-tonus-1000-ml\/","og_locale":"lt_LT","og_type":"article","og_title":"YUNSEY NEUTRALIZING SHAMPOO BYE BYE YELLOW \u0161amp\u016bnas \u0161viesiems plaukams neutralizuojantis geltonus tonus, 1000 ml - MalinaShop.lt J\u016bs\u0173 sveikatai ir gro\u017eiui.","og_description":"YUNSEY \u201eBye Bye Yellow\u201c \u0161amp\u016bnas neutralizuoja geltonus atspalvius \u0161viesintuose, \u017eiluose ir pilkuose plaukuose, suteikia \u0161alt\u0105 ton\u0105 ir \u017evilgesio.","og_url":"https:\/\/www.malinashop.lt\/lt_lt\/shop\/yunsey-neutralizing-shampoo-bye-bye-yellow-sampunas-sviesiems-plaukams-neutralizuojantis-geltonus-tonus-1000-ml\/","og_site_name":"MalinaShop.lt J\u016bs\u0173 sveikatai ir gro\u017eiui.","article_modified_time":"2026-02-12T19:16:43+00:00","og_image":[{"width":388,"height":388,"url":"https:\/\/www.malinashop.lt\/wp-content\/uploads\/2024\/11\/yunsey-neutralizuojantis-oranzinius-atspalvius-plauku-sampunas-1000-ml-kopija-2-1.jpg","type":"image\/jpeg"}],"twitter_card":"summary_large_image","schema":{"@context":"https:\/\/schema.org","@graph":[{"@type":"WebPage","@id":"https:\/\/www.malinashop.lt\/en\/shop\/yunsey-neutralizing-shampoo-bye-bye-yellow-sampunas-sviesiems-plaukams-neutralizuojantis-geltonus-tonus-1000-ml\/","url":"https:\/\/www.malinashop.lt\/en\/shop\/yunsey-neutralizing-shampoo-bye-bye-yellow-sampunas-sviesiems-plaukams-neutralizuojantis-geltonus-tonus-1000-ml\/","name":"YUNSEY NEUTRALIZING SHAMPOO BYE BYE YELLOW \u0161amp\u016bnas \u0161viesiems plaukams neutralizuojantis geltonus tonus, 1000 ml - MalinaShop.lt J\u016bs\u0173 sveikatai ir gro\u017eiui.","isPartOf":{"@id":"https:\/\/www.malinashop.lt\/#website"},"primaryImageOfPage":{"@id":"https:\/\/www.malinashop.lt\/en\/shop\/yunsey-neutralizing-shampoo-bye-bye-yellow-sampunas-sviesiems-plaukams-neutralizuojantis-geltonus-tonus-1000-ml\/#primaryimage"},"image":{"@id":"https:\/\/www.malinashop.lt\/en\/shop\/yunsey-neutralizing-shampoo-bye-bye-yellow-sampunas-sviesiems-plaukams-neutralizuojantis-geltonus-tonus-1000-ml\/#primaryimage"},"thumbnailUrl":"https:\/\/www.malinashop.lt\/wp-content\/uploads\/2024\/11\/yunsey-neutralizuojantis-oranzinius-atspalvius-plauku-sampunas-1000-ml-kopija-2-1.jpg","datePublished":"2024-11-06T12:51:32+00:00","dateModified":"2026-02-12T19:16:43+00:00","description":"YUNSEY \u201eBye Bye Yellow\u201c \u0161amp\u016bnas neutralizuoja geltonus atspalvius \u0161viesintuose, \u017eiluose ir pilkuose plaukuose, suteikia \u0161alt\u0105 ton\u0105 ir \u017evilgesio.","breadcrumb":{"@id":"https:\/\/www.malinashop.lt\/en\/shop\/yunsey-neutralizing-shampoo-bye-bye-yellow-sampunas-sviesiems-plaukams-neutralizuojantis-geltonus-tonus-1000-ml\/#breadcrumb"},"inLanguage":"lt-LT","potentialAction":[{"@type":"ReadAction","target":["https:\/\/www.malinashop.lt\/en\/shop\/yunsey-neutralizing-shampoo-bye-bye-yellow-sampunas-sviesiems-plaukams-neutralizuojantis-geltonus-tonus-1000-ml\/"]}]},{"@type":"ImageObject","inLanguage":"lt-LT","@id":"https:\/\/www.malinashop.lt\/en\/shop\/yunsey-neutralizing-shampoo-bye-bye-yellow-sampunas-sviesiems-plaukams-neutralizuojantis-geltonus-tonus-1000-ml\/#primaryimage","url":"https:\/\/www.malinashop.lt\/wp-content\/uploads\/2024\/11\/yunsey-neutralizuojantis-oranzinius-atspalvius-plauku-sampunas-1000-ml-kopija-2-1.jpg","contentUrl":"https:\/\/www.malinashop.lt\/wp-content\/uploads\/2024\/11\/yunsey-neutralizuojantis-oranzinius-atspalvius-plauku-sampunas-1000-ml-kopija-2-1.jpg","width":388,"height":388},{"@type":"BreadcrumbList","@id":"https:\/\/www.malinashop.lt\/en\/shop\/yunsey-neutralizing-shampoo-bye-bye-yellow-sampunas-sviesiems-plaukams-neutralizuojantis-geltonus-tonus-1000-ml\/#breadcrumb","itemListElement":[{"@type":"ListItem","position":1,"name":"Pagrindinis","item":"https:\/\/www.malinashop.lt\/"},{"@type":"ListItem","position":2,"name":"Parduotuv\u0117","item":"https:\/\/www.malinashop.lt\/en\/parduotuve\/"},{"@type":"ListItem","position":3,"name":"YUNSEY NEUTRALIZING SHAMPOO BYE BYE YELLOW \u0161amp\u016bnas \u0161viesiems plaukams neutralizuojantis geltonus tonus, 1000 ml"}]},{"@type":"WebSite","@id":"https:\/\/www.malinashop.lt\/#website","url":"https:\/\/www.malinashop.lt\/","name":"COM Group Ecommerce","description":"MalinaShop.lt - Gro\u017eio ir sveikatos produktai i\u0161 patikim\u0173 preki\u0173 \u017eenkl\u0173. Atraskite auk\u0161tos kokyb\u0117s kosmetik\u0105 u\u017e puiki\u0105 kain\u0105.","publisher":{"@id":"https:\/\/www.malinashop.lt\/#organization"},"potentialAction":[{"@type":"SearchAction","target":{"@type":"EntryPoint","urlTemplate":"https:\/\/www.malinashop.lt\/?s={search_term_string}"},"query-input":{"@type":"PropertyValueSpecification","valueRequired":true,"valueName":"search_term_string"}}],"inLanguage":"lt-LT"},{"@type":"Organization","@id":"https:\/\/www.malinashop.lt\/#organization","name":"COM Group Ecommerce","url":"https:\/\/www.malinashop.lt\/","logo":{"@type":"ImageObject","inLanguage":"lt-LT","@id":"https:\/\/www.malinashop.lt\/#\/schema\/logo\/image\/","url":"https:\/\/www.malinashop.lt\/wp-content\/uploads\/2024\/08\/462559670_3787732518133670_9795632669273463_n-e1731525914575.png","contentUrl":"https:\/\/www.malinashop.lt\/wp-content\/uploads\/2024\/08\/462559670_3787732518133670_9795632669273463_n-e1731525914575.png","width":180,"height":60,"caption":"COM Group Ecommerce"},"image":{"@id":"https:\/\/www.malinashop.lt\/#\/schema\/logo\/image\/"}}]}},"jetpack_sharing_enabled":true,"_links":{"self":[{"href":"https:\/\/www.malinashop.lt\/lt_lt\/wp-json\/wp\/v2\/product\/19224","targetHints":{"allow":["GET"]}}],"collection":[{"href":"https:\/\/www.malinashop.lt\/lt_lt\/wp-json\/wp\/v2\/product"}],"about":[{"href":"https:\/\/www.malinashop.lt\/lt_lt\/wp-json\/wp\/v2\/types\/product"}],"version-history":[{"count":2,"href":"https:\/\/www.malinashop.lt\/lt_lt\/wp-json\/wp\/v2\/product\/19224\/revisions"}],"predecessor-version":[{"id":61442,"href":"https:\/\/www.malinashop.lt\/lt_lt\/wp-json\/wp\/v2\/product\/19224\/revisions\/61442"}],"wp:featuredmedia":[{"embeddable":true,"href":"https:\/\/www.malinashop.lt\/lt_lt\/wp-json\/wp\/v2\/media\/21332"}],"wp:attachment":[{"href":"https:\/\/www.malinashop.lt\/lt_lt\/wp-json\/wp\/v2\/media?parent=19224"}],"wp:term":[{"taxonomy":"product_brand","embeddable":true,"href":"https:\/\/www.malinashop.lt\/lt_lt\/wp-json\/wp\/v2\/product_brand?post=19224"},{"taxonomy":"product_cat","embeddable":true,"href":"https:\/\/www.malinashop.lt\/lt_lt\/wp-json\/wp\/v2\/product_cat?post=19224"},{"taxonomy":"product_tag","embeddable":true,"href":"https:\/\/www.malinashop.lt\/lt_lt\/wp-json\/wp\/v2\/product_tag?post=19224"}],"curies":[{"name":"wp","href":"https:\/\/api.w.org\/{rel}","templated":true}]}}