{"id":19214,"date":"2024-11-06T15:51:32","date_gmt":"2024-11-06T12:51:32","guid":{"rendered":"https:\/\/malinashop.lt\/produktas\/yunsey-dvifazis-purskiamas-kondicionierius-misko-uogu-aromato-100ml\/"},"modified":"2026-04-13T23:06:50","modified_gmt":"2026-04-13T20:06:50","slug":"yunsey-dvifazis-purskiamas-kondicionierius-misko-uogu-aromato-100ml","status":"publish","type":"product","link":"https:\/\/www.malinashop.lt\/lt_lt\/shop\/yunsey-dvifazis-purskiamas-kondicionierius-misko-uogu-aromato-100ml\/","title":{"rendered":"YUNSEY dvifazis pur\u0161kiamas kondicionierius mi\u0161ko uog\u0173 aromato, 100ml"},"content":{"rendered":"<p data-start=\"281\" data-end=\"490\"><span style=\"color: #000000\"><strong data-start=\"281\" data-end=\"349\">YUNSEY dvifazis pur\u0161kiamas kondicionierius su mi\u0161ko uog\u0173 aromatu<\/strong> \u2013 tai profesionali plauk\u0173 prie\u017ei\u016bros priemon\u0117, sukurta <strong data-start=\"405\" data-end=\"427\">vis\u0173 tip\u0173 plaukams<\/strong>, siekiant suteikti jiems glotnumo, spindesio ir gyvybingumo.<\/span><\/p>\n<p data-start=\"492\" data-end=\"538\"><span style=\"color: #000000\">Dvigubos faz\u0117s formul\u0117 veikia dviem etapais:<\/span><\/p>\n<ul data-start=\"539\" data-end=\"765\">\n<li data-start=\"539\" data-end=\"668\">\n<p data-start=\"541\" data-end=\"668\"><span style=\"color: #000000\"><strong data-start=\"541\" data-end=\"559\">Vir\u0161utin\u0117 faz\u0117<\/strong> suteikia plaukams <strong data-start=\"578\" data-end=\"616\">blizgesio, \u0161velnumo ir elastingumo<\/strong>, palengvina \u0161ukavim\u0105 bei apsaugo nuo i\u0161saus\u0117jimo.<\/span><\/p>\n<\/li>\n<li data-start=\"669\" data-end=\"765\">\n<p data-start=\"671\" data-end=\"765\"><span style=\"color: #000000\"><strong data-start=\"671\" data-end=\"687\">Apatin\u0117 faz\u0117<\/strong> giliai <strong data-start=\"695\" data-end=\"723\">maitina plauko strukt\u016br\u0105<\/strong>, stiprina ir atkuria plaukus i\u0161 vidaus.<\/span><\/p>\n<\/li>\n<\/ul>\n<p data-start=\"767\" data-end=\"944\"><span style=\"color: #000000\">Unikali formul\u0117, praturtinta <strong data-start=\"796\" data-end=\"838\">aminor\u016bg\u0161timis ir augaliniais aliejais<\/strong>, padeda i\u0161saugoti dr\u0117gm\u0117s balans\u0105, suteikia plaukams \u0161ilkinio glotnumo ir apsaugo nuo <strong data-start=\"925\" data-end=\"941\">UV spinduli\u0173<\/strong>.<\/span><\/p>\n<p data-start=\"946\" data-end=\"1283\"><span style=\"color: #000000\"><strong data-start=\"946\" data-end=\"965\">Ricinos aliejus<\/strong> \u2013 turtingas <strong data-start=\"978\" data-end=\"1034\">vitamino E, baltym\u0173 ir Omega 6 bei 9 riebal\u0173 r\u016bg\u0161\u010di\u0173<\/strong>, padeda stiprinti plaukus ir skatina j\u0173 augim\u0105.<\/span><br data-start=\"1082\" data-end=\"1085\" \/><span style=\"color: #000000\"><strong data-start=\"1085\" data-end=\"1107\">Simondsij\u0173 aliejus<\/strong> dr\u0117kina, suteikia <strong data-start=\"1126\" data-end=\"1152\">mink\u0161tumo ir lankstumo<\/strong>, o <strong data-start=\"1156\" data-end=\"1175\">avokad\u0173 aliejus<\/strong>, gausus <strong data-start=\"1184\" data-end=\"1204\">vitamin\u0173 A, B, D<\/strong>, maitina plaukus, suteikia jiems spindesio ir apsaug\u0105 nuo aplinkos poveikio.<\/span><\/p>\n<p data-start=\"1285\" data-end=\"1392\"><span style=\"color: #000000\">\u0160velnus <strong data-start=\"1293\" data-end=\"1316\">mi\u0161ko uog\u0173 aromatas<\/strong> atgaivina poj\u016b\u010dius ir palieka ilgai i\u0161liekant\u012f vaisi\u0161k\u0105 kvap\u0105 ant plauk\u0173.<\/span><\/p>\n<p data-start=\"1394\" data-end=\"1424\"><span style=\"color: #000000\"><strong data-start=\"1394\" data-end=\"1422\">Pagrindiniai privalumai:<\/strong><\/span><\/p>\n<ul data-start=\"1425\" data-end=\"1704\">\n<li data-start=\"1425\" data-end=\"1490\">\n<p data-start=\"1427\" data-end=\"1490\"><span style=\"color: #000000\">Dvifaz\u0117 formul\u0117 \u2013 intensyvus maitinimas ir \u0161velnumas viename.<\/span><\/p>\n<\/li>\n<li data-start=\"1491\" data-end=\"1549\">\n<p data-start=\"1493\" data-end=\"1549\"><span style=\"color: #000000\">Sud\u0117tyje \u2013 <strong data-start=\"1504\" data-end=\"1546\">ricinos, simondsij\u0173 ir avokad\u0173 aliejai<\/strong>.<\/span><\/p>\n<\/li>\n<li data-start=\"1550\" data-end=\"1600\">\n<p data-start=\"1552\" data-end=\"1600\"><span style=\"color: #000000\">Apsauga nuo UV spinduli\u0173 ir i\u0161orini\u0173 veiksni\u0173.<\/span><\/p>\n<\/li>\n<li data-start=\"1601\" data-end=\"1657\">\n<p data-start=\"1603\" data-end=\"1657\"><span style=\"color: #000000\">Palengvina \u0161ukavim\u0105, suteikia blizgesio ir glotnumo.<\/span><\/p>\n<\/li>\n<li data-start=\"1658\" data-end=\"1704\">\n<p data-start=\"1660\" data-end=\"1704\"><span style=\"color: #000000\">Ilgai i\u0161liekantis <strong data-start=\"1678\" data-end=\"1701\">mi\u0161ko uog\u0173 aromatas<\/strong>.<\/span><\/p>\n<\/li>\n<\/ul>\n<p data-start=\"1706\" data-end=\"1943\"><span style=\"color: #000000\"><strong data-start=\"1706\" data-end=\"1721\">Naudojimas:<\/strong><\/span><br data-start=\"1721\" data-end=\"1724\" \/><span style=\"color: #000000\">Prie\u0161 naudojim\u0105 gerai suplakite, kad susimai\u0161yt\u0173 abi faz\u0117s.<\/span><br data-start=\"1783\" data-end=\"1786\" \/><span style=\"color: #000000\">Purk\u0161kite ant dr\u0117gn\u0173 ar saus\u0173 plauk\u0173, tolygiai paskirstykite per vis\u0105 ilg\u012f.<\/span><br data-start=\"1861\" data-end=\"1864\" \/><span style=\"color: #000000\">Nenuskalaukite. Naudokite kasdien sveikai spindintiems ir \u0161velniems plaukams.<\/span><\/p>\n<p data-start=\"1945\" data-end=\"2136\"><span style=\"color: #000000\"><strong data-start=\"1945\" data-end=\"1964\">Apie gamintoj\u0105:<\/strong><\/span><br data-start=\"1964\" data-end=\"1967\" \/><span style=\"color: #000000\"><strong data-start=\"1967\" data-end=\"1990\">YUNSEY Professional<\/strong> \u2013 Ispanijos plauk\u0173 prie\u017ei\u016bros ekspertai, kuriantys inovatyvias priemones, u\u017etikrinan\u010dias <strong data-start=\"2080\" data-end=\"2133\">stiprius, \u0161velnius ir sveikai \u017evilgan\u010dius plaukus<\/strong>.<\/span><\/p>\n<div class=\"text-tab text-tab-id-10\"><\/div>\n<div class=\"text-tab text-tab-id-11\">\n<p>&nbsp;<\/p>\n<\/div>\n","protected":false},"excerpt":{"rendered":"<p>YUNSEY dvifazis kondicionierius su mi\u0161ko uog\u0173 aromatu maitina, stiprina ir suteikia plaukams \u017evilgesio bei \u0161velnumo, neapsunkindamas j\u0173.<\/p>\n","protected":false},"featured_media":18620,"template":"","meta":[],"product_brand":[513],"product_cat":[514],"product_tag":[1143],"class_list":{"0":"post-19214","1":"product","2":"type-product","3":"status-publish","4":"has-post-thumbnail","6":"product_brand-yunsey","7":"product_cat-plauku-kondicionieriai-ir-balzamai","8":"product_tag-yunsey","10":"first","11":"outofstock","12":"sale","13":"taxable","14":"shipping-taxable","15":"purchasable","16":"product-type-simple"},"yoast_head":"<!-- This site is optimized with the Yoast SEO plugin v27.4 - https:\/\/yoast.com\/product\/yoast-seo-wordpress\/ -->\n<title>YUNSEY dvifazis pur\u0161kiamas kondicionierius mi\u0161ko uog\u0173 aromato, 100ml - MalinaShop.lt J\u016bs\u0173 sveikatai ir gro\u017eiui.<\/title>\n<meta name=\"description\" content=\"YUNSEY dvifazis kondicionierius su mi\u0161ko uog\u0173 aromatu maitina, stiprina ir suteikia plaukams \u017evilgesio bei \u0161velnumo, palikdamas gaiv\u0173 vaisi\u0173 kvap\u0105.\" \/>\n<meta name=\"robots\" content=\"index, follow, max-snippet:-1, max-image-preview:large, max-video-preview:-1\" \/>\n<link rel=\"canonical\" href=\"https:\/\/www.malinashop.lt\/lt_lt\/shop\/yunsey-dvifazis-purskiamas-kondicionierius-misko-uogu-aromato-100ml\/\" \/>\n<meta property=\"og:locale\" content=\"lt_LT\" \/>\n<meta property=\"og:type\" content=\"article\" \/>\n<meta property=\"og:title\" content=\"YUNSEY dvifazis pur\u0161kiamas kondicionierius mi\u0161ko uog\u0173 aromato, 100ml - MalinaShop.lt J\u016bs\u0173 sveikatai ir gro\u017eiui.\" \/>\n<meta property=\"og:description\" content=\"YUNSEY dvifazis kondicionierius su mi\u0161ko uog\u0173 aromatu maitina, stiprina ir suteikia plaukams \u017evilgesio bei \u0161velnumo, palikdamas gaiv\u0173 vaisi\u0173 kvap\u0105.\" \/>\n<meta property=\"og:url\" content=\"https:\/\/www.malinashop.lt\/lt_lt\/shop\/yunsey-dvifazis-purskiamas-kondicionierius-misko-uogu-aromato-100ml\/\" \/>\n<meta property=\"og:site_name\" content=\"MalinaShop.lt J\u016bs\u0173 sveikatai ir gro\u017eiui.\" \/>\n<meta property=\"article:modified_time\" content=\"2026-04-13T20:06:50+00:00\" \/>\n<meta property=\"og:image\" content=\"https:\/\/www.malinashop.lt\/wp-content\/uploads\/2024\/11\/YUNSEY-dvifazis-purskiamas-kondicionierius-misko-uogu-aromato-100ml.jpg\" \/>\n\t<meta property=\"og:image:width\" content=\"800\" \/>\n\t<meta property=\"og:image:height\" content=\"800\" \/>\n\t<meta property=\"og:image:type\" content=\"image\/jpeg\" \/>\n<meta name=\"twitter:card\" content=\"summary_large_image\" \/>\n<script type=\"application\/ld+json\" class=\"yoast-schema-graph\">{\"@context\":\"https:\\\/\\\/schema.org\",\"@graph\":[{\"@type\":\"WebPage\",\"@id\":\"https:\\\/\\\/www.malinashop.lt\\\/lt_lt\\\/shop\\\/yunsey-dvifazis-purskiamas-kondicionierius-misko-uogu-aromato-100ml\\\/\",\"url\":\"https:\\\/\\\/www.malinashop.lt\\\/lt_lt\\\/shop\\\/yunsey-dvifazis-purskiamas-kondicionierius-misko-uogu-aromato-100ml\\\/\",\"name\":\"YUNSEY dvifazis pur\u0161kiamas kondicionierius mi\u0161ko uog\u0173 aromato, 100ml - MalinaShop.lt J\u016bs\u0173 sveikatai ir gro\u017eiui.\",\"isPartOf\":{\"@id\":\"https:\\\/\\\/www.malinashop.lt\\\/#website\"},\"primaryImageOfPage\":{\"@id\":\"https:\\\/\\\/www.malinashop.lt\\\/lt_lt\\\/shop\\\/yunsey-dvifazis-purskiamas-kondicionierius-misko-uogu-aromato-100ml\\\/#primaryimage\"},\"image\":{\"@id\":\"https:\\\/\\\/www.malinashop.lt\\\/lt_lt\\\/shop\\\/yunsey-dvifazis-purskiamas-kondicionierius-misko-uogu-aromato-100ml\\\/#primaryimage\"},\"thumbnailUrl\":\"https:\\\/\\\/www.malinashop.lt\\\/wp-content\\\/uploads\\\/2024\\\/11\\\/YUNSEY-dvifazis-purskiamas-kondicionierius-misko-uogu-aromato-100ml.jpg\",\"datePublished\":\"2024-11-06T12:51:32+00:00\",\"dateModified\":\"2026-04-13T20:06:50+00:00\",\"description\":\"YUNSEY dvifazis kondicionierius su mi\u0161ko uog\u0173 aromatu maitina, stiprina ir suteikia plaukams \u017evilgesio bei \u0161velnumo, palikdamas gaiv\u0173 vaisi\u0173 kvap\u0105.\",\"breadcrumb\":{\"@id\":\"https:\\\/\\\/www.malinashop.lt\\\/lt_lt\\\/shop\\\/yunsey-dvifazis-purskiamas-kondicionierius-misko-uogu-aromato-100ml\\\/#breadcrumb\"},\"inLanguage\":\"lt-LT\",\"potentialAction\":[{\"@type\":\"ReadAction\",\"target\":[\"https:\\\/\\\/www.malinashop.lt\\\/lt_lt\\\/shop\\\/yunsey-dvifazis-purskiamas-kondicionierius-misko-uogu-aromato-100ml\\\/\"]}]},{\"@type\":\"ImageObject\",\"inLanguage\":\"lt-LT\",\"@id\":\"https:\\\/\\\/www.malinashop.lt\\\/lt_lt\\\/shop\\\/yunsey-dvifazis-purskiamas-kondicionierius-misko-uogu-aromato-100ml\\\/#primaryimage\",\"url\":\"https:\\\/\\\/www.malinashop.lt\\\/wp-content\\\/uploads\\\/2024\\\/11\\\/YUNSEY-dvifazis-purskiamas-kondicionierius-misko-uogu-aromato-100ml.jpg\",\"contentUrl\":\"https:\\\/\\\/www.malinashop.lt\\\/wp-content\\\/uploads\\\/2024\\\/11\\\/YUNSEY-dvifazis-purskiamas-kondicionierius-misko-uogu-aromato-100ml.jpg\",\"width\":800,\"height\":800},{\"@type\":\"BreadcrumbList\",\"@id\":\"https:\\\/\\\/www.malinashop.lt\\\/lt_lt\\\/shop\\\/yunsey-dvifazis-purskiamas-kondicionierius-misko-uogu-aromato-100ml\\\/#breadcrumb\",\"itemListElement\":[{\"@type\":\"ListItem\",\"position\":1,\"name\":\"Pagrindinis\",\"item\":\"https:\\\/\\\/www.malinashop.lt\\\/\"},{\"@type\":\"ListItem\",\"position\":2,\"name\":\"Parduotuv\u0117\",\"item\":\"https:\\\/\\\/www.malinashop.lt\\\/en\\\/parduotuve\\\/\"},{\"@type\":\"ListItem\",\"position\":3,\"name\":\"YUNSEY dvifazis pur\u0161kiamas kondicionierius mi\u0161ko uog\u0173 aromato, 100ml\"}]},{\"@type\":\"WebSite\",\"@id\":\"https:\\\/\\\/www.malinashop.lt\\\/#website\",\"url\":\"https:\\\/\\\/www.malinashop.lt\\\/\",\"name\":\"COM Group Ecommerce\",\"description\":\"MalinaShop.lt - Gro\u017eio ir sveikatos produktai i\u0161 patikim\u0173 preki\u0173 \u017eenkl\u0173. Atraskite auk\u0161tos kokyb\u0117s kosmetik\u0105 u\u017e puiki\u0105 kain\u0105.\",\"publisher\":{\"@id\":\"https:\\\/\\\/www.malinashop.lt\\\/#organization\"},\"potentialAction\":[{\"@type\":\"SearchAction\",\"target\":{\"@type\":\"EntryPoint\",\"urlTemplate\":\"https:\\\/\\\/www.malinashop.lt\\\/?s={search_term_string}\"},\"query-input\":{\"@type\":\"PropertyValueSpecification\",\"valueRequired\":true,\"valueName\":\"search_term_string\"}}],\"inLanguage\":\"lt-LT\"},{\"@type\":\"Organization\",\"@id\":\"https:\\\/\\\/www.malinashop.lt\\\/#organization\",\"name\":\"COM Group Ecommerce\",\"url\":\"https:\\\/\\\/www.malinashop.lt\\\/\",\"logo\":{\"@type\":\"ImageObject\",\"inLanguage\":\"lt-LT\",\"@id\":\"https:\\\/\\\/www.malinashop.lt\\\/#\\\/schema\\\/logo\\\/image\\\/\",\"url\":\"https:\\\/\\\/www.malinashop.lt\\\/wp-content\\\/uploads\\\/2024\\\/08\\\/462559670_3787732518133670_9795632669273463_n-e1731525914575.png\",\"contentUrl\":\"https:\\\/\\\/www.malinashop.lt\\\/wp-content\\\/uploads\\\/2024\\\/08\\\/462559670_3787732518133670_9795632669273463_n-e1731525914575.png\",\"width\":180,\"height\":60,\"caption\":\"COM Group Ecommerce\"},\"image\":{\"@id\":\"https:\\\/\\\/www.malinashop.lt\\\/#\\\/schema\\\/logo\\\/image\\\/\"}}]}<\/script>\n<!-- \/ Yoast SEO plugin. -->","yoast_head_json":{"title":"YUNSEY dvifazis pur\u0161kiamas kondicionierius mi\u0161ko uog\u0173 aromato, 100ml - MalinaShop.lt J\u016bs\u0173 sveikatai ir gro\u017eiui.","description":"YUNSEY dvifazis kondicionierius su mi\u0161ko uog\u0173 aromatu maitina, stiprina ir suteikia plaukams \u017evilgesio bei \u0161velnumo, palikdamas gaiv\u0173 vaisi\u0173 kvap\u0105.","robots":{"index":"index","follow":"follow","max-snippet":"max-snippet:-1","max-image-preview":"max-image-preview:large","max-video-preview":"max-video-preview:-1"},"canonical":"https:\/\/www.malinashop.lt\/lt_lt\/shop\/yunsey-dvifazis-purskiamas-kondicionierius-misko-uogu-aromato-100ml\/","og_locale":"lt_LT","og_type":"article","og_title":"YUNSEY dvifazis pur\u0161kiamas kondicionierius mi\u0161ko uog\u0173 aromato, 100ml - MalinaShop.lt J\u016bs\u0173 sveikatai ir gro\u017eiui.","og_description":"YUNSEY dvifazis kondicionierius su mi\u0161ko uog\u0173 aromatu maitina, stiprina ir suteikia plaukams \u017evilgesio bei \u0161velnumo, palikdamas gaiv\u0173 vaisi\u0173 kvap\u0105.","og_url":"https:\/\/www.malinashop.lt\/lt_lt\/shop\/yunsey-dvifazis-purskiamas-kondicionierius-misko-uogu-aromato-100ml\/","og_site_name":"MalinaShop.lt J\u016bs\u0173 sveikatai ir gro\u017eiui.","article_modified_time":"2026-04-13T20:06:50+00:00","og_image":[{"width":800,"height":800,"url":"https:\/\/www.malinashop.lt\/wp-content\/uploads\/2024\/11\/YUNSEY-dvifazis-purskiamas-kondicionierius-misko-uogu-aromato-100ml.jpg","type":"image\/jpeg"}],"twitter_card":"summary_large_image","schema":{"@context":"https:\/\/schema.org","@graph":[{"@type":"WebPage","@id":"https:\/\/www.malinashop.lt\/lt_lt\/shop\/yunsey-dvifazis-purskiamas-kondicionierius-misko-uogu-aromato-100ml\/","url":"https:\/\/www.malinashop.lt\/lt_lt\/shop\/yunsey-dvifazis-purskiamas-kondicionierius-misko-uogu-aromato-100ml\/","name":"YUNSEY dvifazis pur\u0161kiamas kondicionierius mi\u0161ko uog\u0173 aromato, 100ml - MalinaShop.lt J\u016bs\u0173 sveikatai ir gro\u017eiui.","isPartOf":{"@id":"https:\/\/www.malinashop.lt\/#website"},"primaryImageOfPage":{"@id":"https:\/\/www.malinashop.lt\/lt_lt\/shop\/yunsey-dvifazis-purskiamas-kondicionierius-misko-uogu-aromato-100ml\/#primaryimage"},"image":{"@id":"https:\/\/www.malinashop.lt\/lt_lt\/shop\/yunsey-dvifazis-purskiamas-kondicionierius-misko-uogu-aromato-100ml\/#primaryimage"},"thumbnailUrl":"https:\/\/www.malinashop.lt\/wp-content\/uploads\/2024\/11\/YUNSEY-dvifazis-purskiamas-kondicionierius-misko-uogu-aromato-100ml.jpg","datePublished":"2024-11-06T12:51:32+00:00","dateModified":"2026-04-13T20:06:50+00:00","description":"YUNSEY dvifazis kondicionierius su mi\u0161ko uog\u0173 aromatu maitina, stiprina ir suteikia plaukams \u017evilgesio bei \u0161velnumo, palikdamas gaiv\u0173 vaisi\u0173 kvap\u0105.","breadcrumb":{"@id":"https:\/\/www.malinashop.lt\/lt_lt\/shop\/yunsey-dvifazis-purskiamas-kondicionierius-misko-uogu-aromato-100ml\/#breadcrumb"},"inLanguage":"lt-LT","potentialAction":[{"@type":"ReadAction","target":["https:\/\/www.malinashop.lt\/lt_lt\/shop\/yunsey-dvifazis-purskiamas-kondicionierius-misko-uogu-aromato-100ml\/"]}]},{"@type":"ImageObject","inLanguage":"lt-LT","@id":"https:\/\/www.malinashop.lt\/lt_lt\/shop\/yunsey-dvifazis-purskiamas-kondicionierius-misko-uogu-aromato-100ml\/#primaryimage","url":"https:\/\/www.malinashop.lt\/wp-content\/uploads\/2024\/11\/YUNSEY-dvifazis-purskiamas-kondicionierius-misko-uogu-aromato-100ml.jpg","contentUrl":"https:\/\/www.malinashop.lt\/wp-content\/uploads\/2024\/11\/YUNSEY-dvifazis-purskiamas-kondicionierius-misko-uogu-aromato-100ml.jpg","width":800,"height":800},{"@type":"BreadcrumbList","@id":"https:\/\/www.malinashop.lt\/lt_lt\/shop\/yunsey-dvifazis-purskiamas-kondicionierius-misko-uogu-aromato-100ml\/#breadcrumb","itemListElement":[{"@type":"ListItem","position":1,"name":"Pagrindinis","item":"https:\/\/www.malinashop.lt\/"},{"@type":"ListItem","position":2,"name":"Parduotuv\u0117","item":"https:\/\/www.malinashop.lt\/en\/parduotuve\/"},{"@type":"ListItem","position":3,"name":"YUNSEY dvifazis pur\u0161kiamas kondicionierius mi\u0161ko uog\u0173 aromato, 100ml"}]},{"@type":"WebSite","@id":"https:\/\/www.malinashop.lt\/#website","url":"https:\/\/www.malinashop.lt\/","name":"COM Group Ecommerce","description":"MalinaShop.lt - Gro\u017eio ir sveikatos produktai i\u0161 patikim\u0173 preki\u0173 \u017eenkl\u0173. Atraskite auk\u0161tos kokyb\u0117s kosmetik\u0105 u\u017e puiki\u0105 kain\u0105.","publisher":{"@id":"https:\/\/www.malinashop.lt\/#organization"},"potentialAction":[{"@type":"SearchAction","target":{"@type":"EntryPoint","urlTemplate":"https:\/\/www.malinashop.lt\/?s={search_term_string}"},"query-input":{"@type":"PropertyValueSpecification","valueRequired":true,"valueName":"search_term_string"}}],"inLanguage":"lt-LT"},{"@type":"Organization","@id":"https:\/\/www.malinashop.lt\/#organization","name":"COM Group Ecommerce","url":"https:\/\/www.malinashop.lt\/","logo":{"@type":"ImageObject","inLanguage":"lt-LT","@id":"https:\/\/www.malinashop.lt\/#\/schema\/logo\/image\/","url":"https:\/\/www.malinashop.lt\/wp-content\/uploads\/2024\/08\/462559670_3787732518133670_9795632669273463_n-e1731525914575.png","contentUrl":"https:\/\/www.malinashop.lt\/wp-content\/uploads\/2024\/08\/462559670_3787732518133670_9795632669273463_n-e1731525914575.png","width":180,"height":60,"caption":"COM Group Ecommerce"},"image":{"@id":"https:\/\/www.malinashop.lt\/#\/schema\/logo\/image\/"}}]}},"jetpack_sharing_enabled":true,"_links":{"self":[{"href":"https:\/\/www.malinashop.lt\/lt_lt\/wp-json\/wp\/v2\/product\/19214","targetHints":{"allow":["GET"]}}],"collection":[{"href":"https:\/\/www.malinashop.lt\/lt_lt\/wp-json\/wp\/v2\/product"}],"about":[{"href":"https:\/\/www.malinashop.lt\/lt_lt\/wp-json\/wp\/v2\/types\/product"}],"version-history":[{"count":3,"href":"https:\/\/www.malinashop.lt\/lt_lt\/wp-json\/wp\/v2\/product\/19214\/revisions"}],"predecessor-version":[{"id":76165,"href":"https:\/\/www.malinashop.lt\/lt_lt\/wp-json\/wp\/v2\/product\/19214\/revisions\/76165"}],"wp:featuredmedia":[{"embeddable":true,"href":"https:\/\/www.malinashop.lt\/lt_lt\/wp-json\/wp\/v2\/media\/18620"}],"wp:attachment":[{"href":"https:\/\/www.malinashop.lt\/lt_lt\/wp-json\/wp\/v2\/media?parent=19214"}],"wp:term":[{"taxonomy":"product_brand","embeddable":true,"href":"https:\/\/www.malinashop.lt\/lt_lt\/wp-json\/wp\/v2\/product_brand?post=19214"},{"taxonomy":"product_cat","embeddable":true,"href":"https:\/\/www.malinashop.lt\/lt_lt\/wp-json\/wp\/v2\/product_cat?post=19214"},{"taxonomy":"product_tag","embeddable":true,"href":"https:\/\/www.malinashop.lt\/lt_lt\/wp-json\/wp\/v2\/product_tag?post=19214"}],"curies":[{"name":"wp","href":"https:\/\/api.w.org\/{rel}","templated":true}]}}