{"id":19212,"date":"2024-11-06T15:51:32","date_gmt":"2024-11-06T12:51:32","guid":{"rendered":"https:\/\/malinashop.lt\/produktas\/yunsey-dvifazis-purskiamas-kondicionierius-melyniu-ir-kardamono-aromato-100ml\/"},"modified":"2026-02-23T16:24:01","modified_gmt":"2026-02-23T13:24:01","slug":"yunsey-dvifazis-purskiamas-kondicionierius-melyniu-ir-kardamono-aromato-100ml","status":"publish","type":"product","link":"https:\/\/www.malinashop.lt\/lt_lt\/shop\/yunsey-dvifazis-purskiamas-kondicionierius-melyniu-ir-kardamono-aromato-100ml\/","title":{"rendered":"YUNSEY dvifazis pur\u0161kiamas kondicionierius m\u0117lyni\u0173 ir kardamono aromato, 100ml"},"content":{"rendered":"<p data-start=\"294\" data-end=\"510\"><span style=\"color: #000000;\"><strong data-start=\"294\" data-end=\"372\">YUNSEY dvifazis pur\u0161kiamas kondicionierius su m\u0117lyni\u0173 ir kardamono aromatu<\/strong> \u2013 tai <strong data-start=\"379\" data-end=\"414\">profesionalios kokyb\u0117s priemon\u0117<\/strong>, skirta <strong data-start=\"423\" data-end=\"445\">vis\u0173 tip\u0173 plaukams<\/strong>, ypa\u010d tiems, kuriems tr\u016bksta dr\u0117gm\u0117s, \u0161velnumo ir gyvybingumo.<\/span><\/p>\n<p data-start=\"512\" data-end=\"560\"><span style=\"color: #000000;\">Dvigubos faz\u0117s formul\u0117 suteikia dvigub\u0105 naud\u0105:<\/span><\/p>\n<ul data-start=\"561\" data-end=\"842\">\n<li data-start=\"561\" data-end=\"710\">\n<p data-start=\"563\" data-end=\"710\"><span style=\"color: #000000;\"><strong data-start=\"563\" data-end=\"581\">Vir\u0161utin\u0117 faz\u0117<\/strong> glotnina plauk\u0173 pavir\u0161i\u0173, suteikia <strong data-start=\"617\" data-end=\"655\">\u017evilgesio, \u0161velnumo ir elastingumo<\/strong>, palengvina \u0161ukavim\u0105 bei ma\u017eina plauk\u0173 pasi\u0161iau\u0161im\u0105.<\/span><\/p>\n<\/li>\n<li data-start=\"711\" data-end=\"842\">\n<p data-start=\"713\" data-end=\"842\"><span style=\"color: #000000;\"><strong data-start=\"713\" data-end=\"729\">Apatin\u0117 faz\u0117<\/strong> maitina ir <strong data-start=\"741\" data-end=\"779\">atkuria plauko strukt\u016br\u0105 i\u0161 vidaus<\/strong>, stiprina ir apsaugo nuo UV spinduli\u0173 bei aplinkos poveikio.<\/span><\/p>\n<\/li>\n<\/ul>\n<p data-start=\"844\" data-end=\"976\"><span style=\"color: #000000;\">Kondicionierius praturtintas <strong data-start=\"873\" data-end=\"916\">ricinos, simondsij\u0173 ir avokad\u0173 aliejais<\/strong>, kurie suteikia intensyv\u0173 maitinim\u0105 ir ilgalaik\u0119 apsaug\u0105:<\/span><\/p>\n<ul data-start=\"977\" data-end=\"1382\">\n<li data-start=\"977\" data-end=\"1128\">\n<p data-start=\"979\" data-end=\"1128\"><span style=\"color: #000000;\"><strong data-start=\"979\" data-end=\"998\">Ricinos aliejus<\/strong> \u2013 turtingas <strong data-start=\"1011\" data-end=\"1067\">vitamino E, baltym\u0173 ir Omega 6 bei 9 riebal\u0173 r\u016bg\u0161\u010di\u0173<\/strong>, stiprina plaukus, ma\u017eina j\u0173 l\u016b\u017ein\u0117jim\u0105 ir skatina augim\u0105.<\/span><\/p>\n<\/li>\n<li data-start=\"1129\" data-end=\"1253\">\n<p data-start=\"1131\" data-end=\"1253\"><span style=\"color: #000000;\"><strong data-start=\"1131\" data-end=\"1153\">Simondsij\u0173 aliejus<\/strong> \u2013 dr\u0117kina, suteikia plaukams <strong data-start=\"1183\" data-end=\"1220\">mink\u0161tumo, lankstumo ir blizgesio<\/strong>, apsaugodamas nuo i\u0161saus\u0117jimo.<\/span><\/p>\n<\/li>\n<li data-start=\"1254\" data-end=\"1382\">\n<p data-start=\"1256\" data-end=\"1382\"><span style=\"color: #000000;\"><strong data-start=\"1256\" data-end=\"1275\">Avokad\u0173 aliejus<\/strong> \u2013 turtingas <strong data-start=\"1288\" data-end=\"1320\">vitamin\u0173 A, B, D ir lecitino<\/strong>, atgaivina, maitina ir saugo plaukus nuo aplinkos poveikio.<\/span><\/p>\n<\/li>\n<\/ul>\n<p data-start=\"1384\" data-end=\"1523\"><span style=\"color: #000000;\">Malonus <strong data-start=\"1392\" data-end=\"1425\">m\u0117lyni\u0173 ir kardamono aromatas<\/strong> suteikia gaivumo, o plaukai tampa <strong data-start=\"1460\" data-end=\"1520\">glotn\u016bs, \u0161veln\u016bs ir \u017evilgantys kaip po salono proced\u016bros<\/strong>.<\/span><\/p>\n<p data-start=\"1525\" data-end=\"1555\"><span style=\"color: #000000;\"><strong data-start=\"1525\" data-end=\"1553\">Pagrindiniai privalumai:<\/strong><\/span><\/p>\n<ul data-start=\"1556\" data-end=\"1848\">\n<li data-start=\"1556\" data-end=\"1619\">\n<p data-start=\"1558\" data-end=\"1619\"><span style=\"color: #000000;\">Dvifaz\u0117 formul\u0117 \u2013 \u0161velnumas ir maitinimas viename produkte.<\/span><\/p>\n<\/li>\n<li data-start=\"1620\" data-end=\"1678\">\n<p data-start=\"1622\" data-end=\"1678\"><span style=\"color: #000000;\">Sud\u0117tyje \u2013 <strong data-start=\"1633\" data-end=\"1675\">ricinos, simondsij\u0173 ir avokad\u0173 aliejai<\/strong>.<\/span><\/p>\n<\/li>\n<li data-start=\"1679\" data-end=\"1729\">\n<p data-start=\"1681\" data-end=\"1729\"><span style=\"color: #000000;\">Apsauga nuo UV spinduli\u0173 ir i\u0161orini\u0173 veiksni\u0173.<\/span><\/p>\n<\/li>\n<li data-start=\"1730\" data-end=\"1785\">\n<p data-start=\"1732\" data-end=\"1785\"><span style=\"color: #000000;\">Palengvina \u0161ukavim\u0105 ir suteikia plaukams \u017evilgesio.<\/span><\/p>\n<\/li>\n<li data-start=\"1786\" data-end=\"1848\">\n<p data-start=\"1788\" data-end=\"1848\"><span style=\"color: #000000;\">Gaivus, ilgai i\u0161liekantis <strong data-start=\"1814\" data-end=\"1845\">m\u0117lyni\u0173 ir kardamono kvapas<\/strong>.<\/span><\/p>\n<\/li>\n<\/ul>\n<p data-start=\"1850\" data-end=\"2089\"><span style=\"color: #000000;\"><strong data-start=\"1850\" data-end=\"1865\">Naudojimas:<\/strong><\/span><br data-start=\"1865\" data-end=\"1868\" \/><span style=\"color: #000000;\">Prie\u0161 naudojim\u0105 gerai suplakite, kad susimai\u0161yt\u0173 abi faz\u0117s.<\/span><br data-start=\"1927\" data-end=\"1930\" \/><span style=\"color: #000000;\">Purk\u0161kite ant dr\u0117gn\u0173 arba saus\u0173 plauk\u0173, tolygiai paskirstykite per vis\u0105 ilg\u012f.<\/span><br data-start=\"2007\" data-end=\"2010\" \/><span style=\"color: #000000;\">Nenuskalaukite. Naudokite kasdien sveikai \u017evilgantiems ir \u0161velniems plaukams.<\/span><\/p>\n<p data-start=\"2091\" data-end=\"2300\"><span style=\"color: #000000;\"><strong data-start=\"2091\" data-end=\"2110\">Apie gamintoj\u0105:<\/strong><\/span><br data-start=\"2110\" data-end=\"2113\" \/><span style=\"color: #000000;\"><strong data-start=\"2113\" data-end=\"2136\">YUNSEY Professional<\/strong> \u2013 Ispanijos prek\u0117s \u017eenklas, kuriantis profesionalios kokyb\u0117s plauk\u0173 prie\u017ei\u016bros priemones, u\u017etikrinan\u010dias <strong data-start=\"2242\" data-end=\"2297\">stiprius, elastingus ir sveikai spindin\u010dius plaukus<\/strong>.<\/span><\/p>\n","protected":false},"excerpt":{"rendered":"<p>YUNSEY dvifazis kondicionierius su m\u0117lyni\u0173 ir kardamono aromatu maitina, stiprina ir suteikia plaukams \u017evilgesio bei \u0161velnumo be skalavimo.<\/p>\n","protected":false},"featured_media":18618,"template":"","meta":[],"product_brand":[513],"product_cat":[514],"product_tag":[1143],"class_list":{"0":"post-19212","1":"product","2":"type-product","3":"status-publish","4":"has-post-thumbnail","6":"product_brand-yunsey","7":"product_cat-plauku-kondicionieriai-ir-balzamai","8":"product_tag-yunsey","10":"first","11":"outofstock","12":"sale","13":"taxable","14":"shipping-taxable","15":"purchasable","16":"product-type-simple"},"yoast_head":"<!-- This site is optimized with the Yoast SEO plugin v27.4 - https:\/\/yoast.com\/product\/yoast-seo-wordpress\/ -->\n<title>YUNSEY dvifazis pur\u0161kiamas kondicionierius m\u0117lyni\u0173 ir kardamono aromato, 100ml - MalinaShop.lt J\u016bs\u0173 sveikatai ir gro\u017eiui.<\/title>\n<meta name=\"description\" content=\"YUNSEY dvifazis kondicionierius su m\u0117lyni\u0173 ir kardamono aromatu maitina, stiprina ir suteikia plaukams \u017evilgesio bei \u0161velnumo, nereikalauja skalavimo.\" \/>\n<meta name=\"robots\" content=\"index, follow, max-snippet:-1, max-image-preview:large, max-video-preview:-1\" \/>\n<link rel=\"canonical\" href=\"https:\/\/www.malinashop.lt\/lt_lt\/shop\/yunsey-dvifazis-purskiamas-kondicionierius-melyniu-ir-kardamono-aromato-100ml\/\" \/>\n<meta property=\"og:locale\" content=\"lt_LT\" \/>\n<meta property=\"og:type\" content=\"article\" \/>\n<meta property=\"og:title\" content=\"YUNSEY dvifazis pur\u0161kiamas kondicionierius m\u0117lyni\u0173 ir kardamono aromato, 100ml - MalinaShop.lt J\u016bs\u0173 sveikatai ir gro\u017eiui.\" \/>\n<meta property=\"og:description\" content=\"YUNSEY dvifazis kondicionierius su m\u0117lyni\u0173 ir kardamono aromatu maitina, stiprina ir suteikia plaukams \u017evilgesio bei \u0161velnumo, nereikalauja skalavimo.\" \/>\n<meta property=\"og:url\" content=\"https:\/\/www.malinashop.lt\/lt_lt\/shop\/yunsey-dvifazis-purskiamas-kondicionierius-melyniu-ir-kardamono-aromato-100ml\/\" \/>\n<meta property=\"og:site_name\" content=\"MalinaShop.lt J\u016bs\u0173 sveikatai ir gro\u017eiui.\" \/>\n<meta property=\"article:modified_time\" content=\"2026-02-23T13:24:01+00:00\" \/>\n<meta property=\"og:image\" content=\"https:\/\/www.malinashop.lt\/wp-content\/uploads\/2024\/11\/YUNSEY-dvifazis-purskiamas-kondicionierius-melyniu-ir-kardamono-aromato-100ml.jpg\" \/>\n\t<meta property=\"og:image:width\" content=\"800\" \/>\n\t<meta property=\"og:image:height\" content=\"800\" \/>\n\t<meta property=\"og:image:type\" content=\"image\/jpeg\" \/>\n<meta name=\"twitter:card\" content=\"summary_large_image\" \/>\n<script type=\"application\/ld+json\" class=\"yoast-schema-graph\">{\"@context\":\"https:\\\/\\\/schema.org\",\"@graph\":[{\"@type\":\"WebPage\",\"@id\":\"https:\\\/\\\/www.malinashop.lt\\\/lt_lt\\\/shop\\\/yunsey-dvifazis-purskiamas-kondicionierius-melyniu-ir-kardamono-aromato-100ml\\\/\",\"url\":\"https:\\\/\\\/www.malinashop.lt\\\/lt_lt\\\/shop\\\/yunsey-dvifazis-purskiamas-kondicionierius-melyniu-ir-kardamono-aromato-100ml\\\/\",\"name\":\"YUNSEY dvifazis pur\u0161kiamas kondicionierius m\u0117lyni\u0173 ir kardamono aromato, 100ml - MalinaShop.lt J\u016bs\u0173 sveikatai ir gro\u017eiui.\",\"isPartOf\":{\"@id\":\"https:\\\/\\\/www.malinashop.lt\\\/#website\"},\"primaryImageOfPage\":{\"@id\":\"https:\\\/\\\/www.malinashop.lt\\\/lt_lt\\\/shop\\\/yunsey-dvifazis-purskiamas-kondicionierius-melyniu-ir-kardamono-aromato-100ml\\\/#primaryimage\"},\"image\":{\"@id\":\"https:\\\/\\\/www.malinashop.lt\\\/lt_lt\\\/shop\\\/yunsey-dvifazis-purskiamas-kondicionierius-melyniu-ir-kardamono-aromato-100ml\\\/#primaryimage\"},\"thumbnailUrl\":\"https:\\\/\\\/www.malinashop.lt\\\/wp-content\\\/uploads\\\/2024\\\/11\\\/YUNSEY-dvifazis-purskiamas-kondicionierius-melyniu-ir-kardamono-aromato-100ml.jpg\",\"datePublished\":\"2024-11-06T12:51:32+00:00\",\"dateModified\":\"2026-02-23T13:24:01+00:00\",\"description\":\"YUNSEY dvifazis kondicionierius su m\u0117lyni\u0173 ir kardamono aromatu maitina, stiprina ir suteikia plaukams \u017evilgesio bei \u0161velnumo, nereikalauja skalavimo.\",\"breadcrumb\":{\"@id\":\"https:\\\/\\\/www.malinashop.lt\\\/lt_lt\\\/shop\\\/yunsey-dvifazis-purskiamas-kondicionierius-melyniu-ir-kardamono-aromato-100ml\\\/#breadcrumb\"},\"inLanguage\":\"lt-LT\",\"potentialAction\":[{\"@type\":\"ReadAction\",\"target\":[\"https:\\\/\\\/www.malinashop.lt\\\/lt_lt\\\/shop\\\/yunsey-dvifazis-purskiamas-kondicionierius-melyniu-ir-kardamono-aromato-100ml\\\/\"]}]},{\"@type\":\"ImageObject\",\"inLanguage\":\"lt-LT\",\"@id\":\"https:\\\/\\\/www.malinashop.lt\\\/lt_lt\\\/shop\\\/yunsey-dvifazis-purskiamas-kondicionierius-melyniu-ir-kardamono-aromato-100ml\\\/#primaryimage\",\"url\":\"https:\\\/\\\/www.malinashop.lt\\\/wp-content\\\/uploads\\\/2024\\\/11\\\/YUNSEY-dvifazis-purskiamas-kondicionierius-melyniu-ir-kardamono-aromato-100ml.jpg\",\"contentUrl\":\"https:\\\/\\\/www.malinashop.lt\\\/wp-content\\\/uploads\\\/2024\\\/11\\\/YUNSEY-dvifazis-purskiamas-kondicionierius-melyniu-ir-kardamono-aromato-100ml.jpg\",\"width\":800,\"height\":800},{\"@type\":\"BreadcrumbList\",\"@id\":\"https:\\\/\\\/www.malinashop.lt\\\/lt_lt\\\/shop\\\/yunsey-dvifazis-purskiamas-kondicionierius-melyniu-ir-kardamono-aromato-100ml\\\/#breadcrumb\",\"itemListElement\":[{\"@type\":\"ListItem\",\"position\":1,\"name\":\"Pagrindinis\",\"item\":\"https:\\\/\\\/www.malinashop.lt\\\/\"},{\"@type\":\"ListItem\",\"position\":2,\"name\":\"Parduotuv\u0117\",\"item\":\"https:\\\/\\\/www.malinashop.lt\\\/en\\\/parduotuve\\\/\"},{\"@type\":\"ListItem\",\"position\":3,\"name\":\"YUNSEY dvifazis pur\u0161kiamas kondicionierius m\u0117lyni\u0173 ir kardamono aromato, 100ml\"}]},{\"@type\":\"WebSite\",\"@id\":\"https:\\\/\\\/www.malinashop.lt\\\/#website\",\"url\":\"https:\\\/\\\/www.malinashop.lt\\\/\",\"name\":\"COM Group Ecommerce\",\"description\":\"MalinaShop.lt - Gro\u017eio ir sveikatos produktai i\u0161 patikim\u0173 preki\u0173 \u017eenkl\u0173. Atraskite auk\u0161tos kokyb\u0117s kosmetik\u0105 u\u017e puiki\u0105 kain\u0105.\",\"publisher\":{\"@id\":\"https:\\\/\\\/www.malinashop.lt\\\/#organization\"},\"potentialAction\":[{\"@type\":\"SearchAction\",\"target\":{\"@type\":\"EntryPoint\",\"urlTemplate\":\"https:\\\/\\\/www.malinashop.lt\\\/?s={search_term_string}\"},\"query-input\":{\"@type\":\"PropertyValueSpecification\",\"valueRequired\":true,\"valueName\":\"search_term_string\"}}],\"inLanguage\":\"lt-LT\"},{\"@type\":\"Organization\",\"@id\":\"https:\\\/\\\/www.malinashop.lt\\\/#organization\",\"name\":\"COM Group Ecommerce\",\"url\":\"https:\\\/\\\/www.malinashop.lt\\\/\",\"logo\":{\"@type\":\"ImageObject\",\"inLanguage\":\"lt-LT\",\"@id\":\"https:\\\/\\\/www.malinashop.lt\\\/#\\\/schema\\\/logo\\\/image\\\/\",\"url\":\"https:\\\/\\\/www.malinashop.lt\\\/wp-content\\\/uploads\\\/2024\\\/08\\\/462559670_3787732518133670_9795632669273463_n-e1731525914575.png\",\"contentUrl\":\"https:\\\/\\\/www.malinashop.lt\\\/wp-content\\\/uploads\\\/2024\\\/08\\\/462559670_3787732518133670_9795632669273463_n-e1731525914575.png\",\"width\":180,\"height\":60,\"caption\":\"COM Group Ecommerce\"},\"image\":{\"@id\":\"https:\\\/\\\/www.malinashop.lt\\\/#\\\/schema\\\/logo\\\/image\\\/\"}}]}<\/script>\n<!-- \/ Yoast SEO plugin. -->","yoast_head_json":{"title":"YUNSEY dvifazis pur\u0161kiamas kondicionierius m\u0117lyni\u0173 ir kardamono aromato, 100ml - MalinaShop.lt J\u016bs\u0173 sveikatai ir gro\u017eiui.","description":"YUNSEY dvifazis kondicionierius su m\u0117lyni\u0173 ir kardamono aromatu maitina, stiprina ir suteikia plaukams \u017evilgesio bei \u0161velnumo, nereikalauja skalavimo.","robots":{"index":"index","follow":"follow","max-snippet":"max-snippet:-1","max-image-preview":"max-image-preview:large","max-video-preview":"max-video-preview:-1"},"canonical":"https:\/\/www.malinashop.lt\/lt_lt\/shop\/yunsey-dvifazis-purskiamas-kondicionierius-melyniu-ir-kardamono-aromato-100ml\/","og_locale":"lt_LT","og_type":"article","og_title":"YUNSEY dvifazis pur\u0161kiamas kondicionierius m\u0117lyni\u0173 ir kardamono aromato, 100ml - MalinaShop.lt J\u016bs\u0173 sveikatai ir gro\u017eiui.","og_description":"YUNSEY dvifazis kondicionierius su m\u0117lyni\u0173 ir kardamono aromatu maitina, stiprina ir suteikia plaukams \u017evilgesio bei \u0161velnumo, nereikalauja skalavimo.","og_url":"https:\/\/www.malinashop.lt\/lt_lt\/shop\/yunsey-dvifazis-purskiamas-kondicionierius-melyniu-ir-kardamono-aromato-100ml\/","og_site_name":"MalinaShop.lt J\u016bs\u0173 sveikatai ir gro\u017eiui.","article_modified_time":"2026-02-23T13:24:01+00:00","og_image":[{"width":800,"height":800,"url":"https:\/\/www.malinashop.lt\/wp-content\/uploads\/2024\/11\/YUNSEY-dvifazis-purskiamas-kondicionierius-melyniu-ir-kardamono-aromato-100ml.jpg","type":"image\/jpeg"}],"twitter_card":"summary_large_image","schema":{"@context":"https:\/\/schema.org","@graph":[{"@type":"WebPage","@id":"https:\/\/www.malinashop.lt\/lt_lt\/shop\/yunsey-dvifazis-purskiamas-kondicionierius-melyniu-ir-kardamono-aromato-100ml\/","url":"https:\/\/www.malinashop.lt\/lt_lt\/shop\/yunsey-dvifazis-purskiamas-kondicionierius-melyniu-ir-kardamono-aromato-100ml\/","name":"YUNSEY dvifazis pur\u0161kiamas kondicionierius m\u0117lyni\u0173 ir kardamono aromato, 100ml - MalinaShop.lt J\u016bs\u0173 sveikatai ir gro\u017eiui.","isPartOf":{"@id":"https:\/\/www.malinashop.lt\/#website"},"primaryImageOfPage":{"@id":"https:\/\/www.malinashop.lt\/lt_lt\/shop\/yunsey-dvifazis-purskiamas-kondicionierius-melyniu-ir-kardamono-aromato-100ml\/#primaryimage"},"image":{"@id":"https:\/\/www.malinashop.lt\/lt_lt\/shop\/yunsey-dvifazis-purskiamas-kondicionierius-melyniu-ir-kardamono-aromato-100ml\/#primaryimage"},"thumbnailUrl":"https:\/\/www.malinashop.lt\/wp-content\/uploads\/2024\/11\/YUNSEY-dvifazis-purskiamas-kondicionierius-melyniu-ir-kardamono-aromato-100ml.jpg","datePublished":"2024-11-06T12:51:32+00:00","dateModified":"2026-02-23T13:24:01+00:00","description":"YUNSEY dvifazis kondicionierius su m\u0117lyni\u0173 ir kardamono aromatu maitina, stiprina ir suteikia plaukams \u017evilgesio bei \u0161velnumo, nereikalauja skalavimo.","breadcrumb":{"@id":"https:\/\/www.malinashop.lt\/lt_lt\/shop\/yunsey-dvifazis-purskiamas-kondicionierius-melyniu-ir-kardamono-aromato-100ml\/#breadcrumb"},"inLanguage":"lt-LT","potentialAction":[{"@type":"ReadAction","target":["https:\/\/www.malinashop.lt\/lt_lt\/shop\/yunsey-dvifazis-purskiamas-kondicionierius-melyniu-ir-kardamono-aromato-100ml\/"]}]},{"@type":"ImageObject","inLanguage":"lt-LT","@id":"https:\/\/www.malinashop.lt\/lt_lt\/shop\/yunsey-dvifazis-purskiamas-kondicionierius-melyniu-ir-kardamono-aromato-100ml\/#primaryimage","url":"https:\/\/www.malinashop.lt\/wp-content\/uploads\/2024\/11\/YUNSEY-dvifazis-purskiamas-kondicionierius-melyniu-ir-kardamono-aromato-100ml.jpg","contentUrl":"https:\/\/www.malinashop.lt\/wp-content\/uploads\/2024\/11\/YUNSEY-dvifazis-purskiamas-kondicionierius-melyniu-ir-kardamono-aromato-100ml.jpg","width":800,"height":800},{"@type":"BreadcrumbList","@id":"https:\/\/www.malinashop.lt\/lt_lt\/shop\/yunsey-dvifazis-purskiamas-kondicionierius-melyniu-ir-kardamono-aromato-100ml\/#breadcrumb","itemListElement":[{"@type":"ListItem","position":1,"name":"Pagrindinis","item":"https:\/\/www.malinashop.lt\/"},{"@type":"ListItem","position":2,"name":"Parduotuv\u0117","item":"https:\/\/www.malinashop.lt\/en\/parduotuve\/"},{"@type":"ListItem","position":3,"name":"YUNSEY dvifazis pur\u0161kiamas kondicionierius m\u0117lyni\u0173 ir kardamono aromato, 100ml"}]},{"@type":"WebSite","@id":"https:\/\/www.malinashop.lt\/#website","url":"https:\/\/www.malinashop.lt\/","name":"COM Group Ecommerce","description":"MalinaShop.lt - Gro\u017eio ir sveikatos produktai i\u0161 patikim\u0173 preki\u0173 \u017eenkl\u0173. Atraskite auk\u0161tos kokyb\u0117s kosmetik\u0105 u\u017e puiki\u0105 kain\u0105.","publisher":{"@id":"https:\/\/www.malinashop.lt\/#organization"},"potentialAction":[{"@type":"SearchAction","target":{"@type":"EntryPoint","urlTemplate":"https:\/\/www.malinashop.lt\/?s={search_term_string}"},"query-input":{"@type":"PropertyValueSpecification","valueRequired":true,"valueName":"search_term_string"}}],"inLanguage":"lt-LT"},{"@type":"Organization","@id":"https:\/\/www.malinashop.lt\/#organization","name":"COM Group Ecommerce","url":"https:\/\/www.malinashop.lt\/","logo":{"@type":"ImageObject","inLanguage":"lt-LT","@id":"https:\/\/www.malinashop.lt\/#\/schema\/logo\/image\/","url":"https:\/\/www.malinashop.lt\/wp-content\/uploads\/2024\/08\/462559670_3787732518133670_9795632669273463_n-e1731525914575.png","contentUrl":"https:\/\/www.malinashop.lt\/wp-content\/uploads\/2024\/08\/462559670_3787732518133670_9795632669273463_n-e1731525914575.png","width":180,"height":60,"caption":"COM Group Ecommerce"},"image":{"@id":"https:\/\/www.malinashop.lt\/#\/schema\/logo\/image\/"}}]}},"jetpack_sharing_enabled":true,"_links":{"self":[{"href":"https:\/\/www.malinashop.lt\/lt_lt\/wp-json\/wp\/v2\/product\/19212","targetHints":{"allow":["GET"]}}],"collection":[{"href":"https:\/\/www.malinashop.lt\/lt_lt\/wp-json\/wp\/v2\/product"}],"about":[{"href":"https:\/\/www.malinashop.lt\/lt_lt\/wp-json\/wp\/v2\/types\/product"}],"version-history":[{"count":3,"href":"https:\/\/www.malinashop.lt\/lt_lt\/wp-json\/wp\/v2\/product\/19212\/revisions"}],"predecessor-version":[{"id":61438,"href":"https:\/\/www.malinashop.lt\/lt_lt\/wp-json\/wp\/v2\/product\/19212\/revisions\/61438"}],"wp:featuredmedia":[{"embeddable":true,"href":"https:\/\/www.malinashop.lt\/lt_lt\/wp-json\/wp\/v2\/media\/18618"}],"wp:attachment":[{"href":"https:\/\/www.malinashop.lt\/lt_lt\/wp-json\/wp\/v2\/media?parent=19212"}],"wp:term":[{"taxonomy":"product_brand","embeddable":true,"href":"https:\/\/www.malinashop.lt\/lt_lt\/wp-json\/wp\/v2\/product_brand?post=19212"},{"taxonomy":"product_cat","embeddable":true,"href":"https:\/\/www.malinashop.lt\/lt_lt\/wp-json\/wp\/v2\/product_cat?post=19212"},{"taxonomy":"product_tag","embeddable":true,"href":"https:\/\/www.malinashop.lt\/lt_lt\/wp-json\/wp\/v2\/product_tag?post=19212"}],"curies":[{"name":"wp","href":"https:\/\/api.w.org\/{rel}","templated":true}]}}