{"id":19200,"date":"2024-11-06T15:51:28","date_gmt":"2024-11-06T12:51:28","guid":{"rendered":"https:\/\/malinashop.lt\/produktas\/yunsey-purskiamas-dvifazis-kondicionierius-plaukams-su-su-ikru-ekstraktu-500-ml\/"},"modified":"2026-04-13T23:06:30","modified_gmt":"2026-04-13T20:06:30","slug":"yunsey-purskiamas-dvifazis-kondicionierius-plaukams-su-su-ikru-ekstraktu-500-ml","status":"publish","type":"product","link":"https:\/\/www.malinashop.lt\/lt_lt\/shop\/yunsey-purskiamas-dvifazis-kondicionierius-plaukams-su-su-ikru-ekstraktu-500-ml\/","title":{"rendered":"YUNSEY pur\u0161kiamas dvifazis kondicionierius plaukams su su ikr\u0173 ekstraktu, 500 ml"},"content":{"rendered":"<p data-start=\"304\" data-end=\"509\"><span style=\"color: #000000\"><strong data-start=\"304\" data-end=\"368\">YUNSEY dvifazis pur\u0161kiamas kondicionierius su ikr\u0173 ekstraktu<\/strong> \u2013 tai profesionali, prabangi plauk\u0173 prie\u017ei\u016bros priemon\u0117, skirta <strong data-start=\"433\" data-end=\"455\">vis\u0173 tip\u0173 plaukams<\/strong>, ypa\u010d tiems, kurie prarado gyvybingum\u0105 ir \u017evilges\u012f.<\/span><\/p>\n<p data-start=\"511\" data-end=\"564\"><span style=\"color: #000000\">Dvigubos faz\u0117s formul\u0117 suteikia i\u0161skirtin\u012f poveik\u012f:<\/span><\/p>\n<ul data-start=\"565\" data-end=\"839\">\n<li data-start=\"565\" data-end=\"717\">\n<p data-start=\"567\" data-end=\"717\"><span style=\"color: #000000\"><strong data-start=\"567\" data-end=\"585\">Vir\u0161utin\u0117 faz\u0117<\/strong> akimirksniu <strong data-start=\"598\" data-end=\"626\">glotnina plauk\u0173 pavir\u0161i\u0173<\/strong>, suteikia jiems <strong data-start=\"643\" data-end=\"668\">spindesio ir \u0161velnumo<\/strong>, palengvina \u0161ukavim\u0105 ir saugo nuo i\u0161saus\u0117jimo.<\/span><\/p>\n<\/li>\n<li data-start=\"718\" data-end=\"839\">\n<p data-start=\"720\" data-end=\"839\"><span style=\"color: #000000\"><strong data-start=\"720\" data-end=\"736\">Apatin\u0117 faz\u0117<\/strong> giliai <strong data-start=\"744\" data-end=\"772\">maitina plauko strukt\u016br\u0105<\/strong>, padeda atkurti pa\u017eeistus plaukus ir suteikia jiems elastingumo.<\/span><\/p>\n<\/li>\n<\/ul>\n<p data-start=\"841\" data-end=\"1208\"><span style=\"color: #000000\"><strong data-start=\"841\" data-end=\"860\">Ikr\u0173 ekstraktas<\/strong>, turtingas <strong data-start=\"872\" data-end=\"915\">aminor\u016bg\u0161timis, vitaminais ir baltymais<\/strong>, intensyviai maitina plaukus, stiprina j\u0173 strukt\u016br\u0105 ir skatina sveik\u0105 augim\u0105.<\/span><br data-start=\"993\" data-end=\"996\" \/><span style=\"color: #000000\"><strong data-start=\"996\" data-end=\"1009\">Keratinas<\/strong> atkuria pa\u017eeistus plaukus i\u0161 vidaus, ma\u017eina j\u0173 \u0161akojim\u0105si ir suteikia elastingumo, o <strong data-start=\"1095\" data-end=\"1113\">argano aliejus<\/strong>, turtingas <strong data-start=\"1125\" data-end=\"1139\">vitamino E<\/strong>, maitina, dr\u0117kina ir saugo nuo aplinkos poveikio bei UV spinduli\u0173.<\/span><\/p>\n<p data-start=\"1210\" data-end=\"1323\"><span style=\"color: #000000\">Rezultatas \u2013 <strong data-start=\"1223\" data-end=\"1284\">mink\u0161ti, stipr\u016bs, \u017evilgantys ir lengvai \u0161ukuojami plaukai<\/strong>, spindintys sveikata ir gyvybingumu.<\/span><\/p>\n<p data-start=\"1325\" data-end=\"1355\"><span style=\"color: #000000\"><strong data-start=\"1325\" data-end=\"1353\">Pagrindiniai privalumai:<\/strong><\/span><\/p>\n<ul data-start=\"1356\" data-end=\"1659\">\n<li data-start=\"1356\" data-end=\"1419\">\n<p data-start=\"1358\" data-end=\"1419\"><span style=\"color: #000000\">Dvifaz\u0117 formul\u0117 \u2013 momentinis \u0161velnumas ir gilus maitinimas.<\/span><\/p>\n<\/li>\n<li data-start=\"1420\" data-end=\"1488\">\n<p data-start=\"1422\" data-end=\"1488\"><span style=\"color: #000000\">Sud\u0117tyje \u2013 <strong data-start=\"1433\" data-end=\"1485\">ikrai, keratinas, argano aliejus ir aminor\u016bg\u0161tys<\/strong>.<\/span><\/p>\n<\/li>\n<li data-start=\"1489\" data-end=\"1545\">\n<p data-start=\"1491\" data-end=\"1545\"><span style=\"color: #000000\">Atkuria pa\u017eeistus plaukus ir suteikia jiems apsaug\u0105.<\/span><\/p>\n<\/li>\n<li data-start=\"1546\" data-end=\"1608\">\n<p data-start=\"1548\" data-end=\"1608\"><span style=\"color: #000000\">Nereikia nuplauti \u2013 ideali priemon\u0117 kasdieniam naudojimui.<\/span><\/p>\n<\/li>\n<li data-start=\"1609\" data-end=\"1659\">\n<p data-start=\"1611\" data-end=\"1659\"><span style=\"color: #000000\">Saugo plaukus nuo saul\u0117s ir dr\u0117gm\u0117s praradimo.<\/span><\/p>\n<\/li>\n<\/ul>\n<p data-start=\"1661\" data-end=\"1909\"><span style=\"color: #000000\"><strong data-start=\"1661\" data-end=\"1676\">Naudojimas:<\/strong><\/span><br data-start=\"1676\" data-end=\"1679\" \/><span style=\"color: #000000\">Prie\u0161 naudojim\u0105 gerai suplakite, kad susimai\u0161yt\u0173 abi faz\u0117s.<\/span><br data-start=\"1738\" data-end=\"1741\" \/><span style=\"color: #000000\">Purk\u0161kite ant dr\u0117gn\u0173 arba saus\u0173 plauk\u0173 ir tolygiai paskirstykite per vis\u0105 ilg\u012f.<\/span><br data-start=\"1820\" data-end=\"1823\" \/><span style=\"color: #000000\">Nenuskalaukite. Naudokite kasdien, nor\u0117dami suteikti plaukams \u0161vyt\u0117jimo ir apsaugos.<\/span><\/p>\n<p data-start=\"1911\" data-end=\"2118\"><span style=\"color: #000000\"><strong data-start=\"1911\" data-end=\"1930\">Apie gamintoj\u0105:<\/strong><\/span><br data-start=\"1930\" data-end=\"1933\" \/><span style=\"color: #000000\"><strong data-start=\"1933\" data-end=\"1956\">YUNSEY Professional<\/strong> \u2013 ispan\u0173 plauk\u0173 prie\u017ei\u016bros ekspertai, kuriantys <strong data-start=\"2005\" data-end=\"2051\">profesionalias, salonin\u0117s kokyb\u0117s formules<\/strong>, skirtas u\u017etikrinti plauk\u0173 stiprum\u0105, spindes\u012f ir nat\u016bral\u0173 gro\u017e\u012f.<\/span><\/p>\n","protected":false},"excerpt":{"rendered":"<p>Prabangus YUNSEY dvifazis kondicionierius su ikr\u0173 ekstraktu, keratinu ir argano aliejumi maitina, atkuria bei suteikia plaukams \u0161velnumo ir spindesio be skalavimo.<\/p>\n","protected":false},"featured_media":18666,"template":"","meta":[],"product_brand":[513],"product_cat":[514],"product_tag":[1143],"class_list":{"0":"post-19200","1":"product","2":"type-product","3":"status-publish","4":"has-post-thumbnail","6":"product_brand-yunsey","7":"product_cat-plauku-kondicionieriai-ir-balzamai","8":"product_tag-yunsey","10":"first","11":"outofstock","12":"sale","13":"taxable","14":"shipping-taxable","15":"purchasable","16":"product-type-simple"},"yoast_head":"<!-- This site is optimized with the Yoast SEO plugin v27.3 - https:\/\/yoast.com\/product\/yoast-seo-wordpress\/ -->\n<title>YUNSEY pur\u0161kiamas dvifazis kondicionierius plaukams su su ikr\u0173 ekstraktu, 500 ml - MalinaShop.lt J\u016bs\u0173 sveikatai ir gro\u017eiui.<\/title>\n<meta name=\"description\" content=\"YUNSEY dvifazis kondicionierius su ikr\u0173 ekstraktu, keratinu ir argano aliejumi maitina, glotnina ir atkuria plaukus, suteikdamas jiems \u0161vyt\u0117jimo be skalavimo.\" \/>\n<meta name=\"robots\" content=\"index, follow, max-snippet:-1, max-image-preview:large, max-video-preview:-1\" \/>\n<link rel=\"canonical\" href=\"https:\/\/www.malinashop.lt\/lt_lt\/shop\/yunsey-purskiamas-dvifazis-kondicionierius-plaukams-su-su-ikru-ekstraktu-500-ml\/\" \/>\n<meta property=\"og:locale\" content=\"lt_LT\" \/>\n<meta property=\"og:type\" content=\"article\" \/>\n<meta property=\"og:title\" content=\"YUNSEY pur\u0161kiamas dvifazis kondicionierius plaukams su su ikr\u0173 ekstraktu, 500 ml - MalinaShop.lt J\u016bs\u0173 sveikatai ir gro\u017eiui.\" \/>\n<meta property=\"og:description\" content=\"YUNSEY dvifazis kondicionierius su ikr\u0173 ekstraktu, keratinu ir argano aliejumi maitina, glotnina ir atkuria plaukus, suteikdamas jiems \u0161vyt\u0117jimo be skalavimo.\" \/>\n<meta property=\"og:url\" content=\"https:\/\/www.malinashop.lt\/lt_lt\/shop\/yunsey-purskiamas-dvifazis-kondicionierius-plaukams-su-su-ikru-ekstraktu-500-ml\/\" \/>\n<meta property=\"og:site_name\" content=\"MalinaShop.lt J\u016bs\u0173 sveikatai ir gro\u017eiui.\" \/>\n<meta property=\"article:modified_time\" content=\"2026-04-13T20:06:30+00:00\" \/>\n<meta property=\"og:image\" content=\"https:\/\/www.malinashop.lt\/wp-content\/uploads\/2024\/11\/YUNSEY-purskiamas-dvifazis-kondicionierius-plaukams-su-su-ikru-ekstraktu-500-ml.jpg\" \/>\n\t<meta property=\"og:image:width\" content=\"768\" \/>\n\t<meta property=\"og:image:height\" content=\"768\" \/>\n\t<meta property=\"og:image:type\" content=\"image\/jpeg\" \/>\n<meta name=\"twitter:card\" content=\"summary_large_image\" \/>\n<script type=\"application\/ld+json\" class=\"yoast-schema-graph\">{\"@context\":\"https:\\\/\\\/schema.org\",\"@graph\":[{\"@type\":\"WebPage\",\"@id\":\"https:\\\/\\\/www.malinashop.lt\\\/lt_lt\\\/shop\\\/yunsey-purskiamas-dvifazis-kondicionierius-plaukams-su-su-ikru-ekstraktu-500-ml\\\/\",\"url\":\"https:\\\/\\\/www.malinashop.lt\\\/lt_lt\\\/shop\\\/yunsey-purskiamas-dvifazis-kondicionierius-plaukams-su-su-ikru-ekstraktu-500-ml\\\/\",\"name\":\"YUNSEY pur\u0161kiamas dvifazis kondicionierius plaukams su su ikr\u0173 ekstraktu, 500 ml - MalinaShop.lt J\u016bs\u0173 sveikatai ir gro\u017eiui.\",\"isPartOf\":{\"@id\":\"https:\\\/\\\/www.malinashop.lt\\\/en\\\/#website\"},\"primaryImageOfPage\":{\"@id\":\"https:\\\/\\\/www.malinashop.lt\\\/lt_lt\\\/shop\\\/yunsey-purskiamas-dvifazis-kondicionierius-plaukams-su-su-ikru-ekstraktu-500-ml\\\/#primaryimage\"},\"image\":{\"@id\":\"https:\\\/\\\/www.malinashop.lt\\\/lt_lt\\\/shop\\\/yunsey-purskiamas-dvifazis-kondicionierius-plaukams-su-su-ikru-ekstraktu-500-ml\\\/#primaryimage\"},\"thumbnailUrl\":\"https:\\\/\\\/www.malinashop.lt\\\/wp-content\\\/uploads\\\/2024\\\/11\\\/YUNSEY-purskiamas-dvifazis-kondicionierius-plaukams-su-su-ikru-ekstraktu-500-ml.jpg\",\"datePublished\":\"2024-11-06T12:51:28+00:00\",\"dateModified\":\"2026-04-13T20:06:30+00:00\",\"description\":\"YUNSEY dvifazis kondicionierius su ikr\u0173 ekstraktu, keratinu ir argano aliejumi maitina, glotnina ir atkuria plaukus, suteikdamas jiems \u0161vyt\u0117jimo be skalavimo.\",\"breadcrumb\":{\"@id\":\"https:\\\/\\\/www.malinashop.lt\\\/lt_lt\\\/shop\\\/yunsey-purskiamas-dvifazis-kondicionierius-plaukams-su-su-ikru-ekstraktu-500-ml\\\/#breadcrumb\"},\"inLanguage\":\"lt-LT\",\"potentialAction\":[{\"@type\":\"ReadAction\",\"target\":[\"https:\\\/\\\/www.malinashop.lt\\\/lt_lt\\\/shop\\\/yunsey-purskiamas-dvifazis-kondicionierius-plaukams-su-su-ikru-ekstraktu-500-ml\\\/\"]}]},{\"@type\":\"ImageObject\",\"inLanguage\":\"lt-LT\",\"@id\":\"https:\\\/\\\/www.malinashop.lt\\\/lt_lt\\\/shop\\\/yunsey-purskiamas-dvifazis-kondicionierius-plaukams-su-su-ikru-ekstraktu-500-ml\\\/#primaryimage\",\"url\":\"https:\\\/\\\/www.malinashop.lt\\\/wp-content\\\/uploads\\\/2024\\\/11\\\/YUNSEY-purskiamas-dvifazis-kondicionierius-plaukams-su-su-ikru-ekstraktu-500-ml.jpg\",\"contentUrl\":\"https:\\\/\\\/www.malinashop.lt\\\/wp-content\\\/uploads\\\/2024\\\/11\\\/YUNSEY-purskiamas-dvifazis-kondicionierius-plaukams-su-su-ikru-ekstraktu-500-ml.jpg\",\"width\":768,\"height\":768},{\"@type\":\"BreadcrumbList\",\"@id\":\"https:\\\/\\\/www.malinashop.lt\\\/lt_lt\\\/shop\\\/yunsey-purskiamas-dvifazis-kondicionierius-plaukams-su-su-ikru-ekstraktu-500-ml\\\/#breadcrumb\",\"itemListElement\":[{\"@type\":\"ListItem\",\"position\":1,\"name\":\"Home\",\"item\":\"https:\\\/\\\/www.malinashop.lt\\\/en\\\/\"},{\"@type\":\"ListItem\",\"position\":2,\"name\":\"Parduotuv\u0117\",\"item\":\"https:\\\/\\\/www.malinashop.lt\\\/en\\\/parduotuve\\\/\"},{\"@type\":\"ListItem\",\"position\":3,\"name\":\"YUNSEY pur\u0161kiamas dvifazis kondicionierius plaukams su su ikr\u0173 ekstraktu, 500 ml\"}]},{\"@type\":\"WebSite\",\"@id\":\"https:\\\/\\\/www.malinashop.lt\\\/en\\\/#website\",\"url\":\"https:\\\/\\\/www.malinashop.lt\\\/en\\\/\",\"name\":\"COM Group Ecommerce\",\"description\":\"MalinaShop.lt - Gro\u017eio ir sveikatos produktai i\u0161 patikim\u0173 preki\u0173 \u017eenkl\u0173. Atraskite auk\u0161tos kokyb\u0117s kosmetik\u0105 u\u017e puiki\u0105 kain\u0105.\",\"publisher\":{\"@id\":\"https:\\\/\\\/www.malinashop.lt\\\/en\\\/#organization\"},\"potentialAction\":[{\"@type\":\"SearchAction\",\"target\":{\"@type\":\"EntryPoint\",\"urlTemplate\":\"https:\\\/\\\/www.malinashop.lt\\\/en\\\/?s={search_term_string}\"},\"query-input\":{\"@type\":\"PropertyValueSpecification\",\"valueRequired\":true,\"valueName\":\"search_term_string\"}}],\"inLanguage\":\"lt-LT\"},{\"@type\":\"Organization\",\"@id\":\"https:\\\/\\\/www.malinashop.lt\\\/en\\\/#organization\",\"name\":\"COM Group Ecommerce\",\"url\":\"https:\\\/\\\/www.malinashop.lt\\\/en\\\/\",\"logo\":{\"@type\":\"ImageObject\",\"inLanguage\":\"lt-LT\",\"@id\":\"https:\\\/\\\/www.malinashop.lt\\\/en\\\/#\\\/schema\\\/logo\\\/image\\\/\",\"url\":\"https:\\\/\\\/www.malinashop.lt\\\/wp-content\\\/uploads\\\/2024\\\/08\\\/462559670_3787732518133670_9795632669273463_n-e1731525914575.png\",\"contentUrl\":\"https:\\\/\\\/www.malinashop.lt\\\/wp-content\\\/uploads\\\/2024\\\/08\\\/462559670_3787732518133670_9795632669273463_n-e1731525914575.png\",\"width\":180,\"height\":60,\"caption\":\"COM Group Ecommerce\"},\"image\":{\"@id\":\"https:\\\/\\\/www.malinashop.lt\\\/en\\\/#\\\/schema\\\/logo\\\/image\\\/\"}}]}<\/script>\n<!-- \/ Yoast SEO plugin. -->","yoast_head_json":{"title":"YUNSEY pur\u0161kiamas dvifazis kondicionierius plaukams su su ikr\u0173 ekstraktu, 500 ml - MalinaShop.lt J\u016bs\u0173 sveikatai ir gro\u017eiui.","description":"YUNSEY dvifazis kondicionierius su ikr\u0173 ekstraktu, keratinu ir argano aliejumi maitina, glotnina ir atkuria plaukus, suteikdamas jiems \u0161vyt\u0117jimo be skalavimo.","robots":{"index":"index","follow":"follow","max-snippet":"max-snippet:-1","max-image-preview":"max-image-preview:large","max-video-preview":"max-video-preview:-1"},"canonical":"https:\/\/www.malinashop.lt\/lt_lt\/shop\/yunsey-purskiamas-dvifazis-kondicionierius-plaukams-su-su-ikru-ekstraktu-500-ml\/","og_locale":"lt_LT","og_type":"article","og_title":"YUNSEY pur\u0161kiamas dvifazis kondicionierius plaukams su su ikr\u0173 ekstraktu, 500 ml - MalinaShop.lt J\u016bs\u0173 sveikatai ir gro\u017eiui.","og_description":"YUNSEY dvifazis kondicionierius su ikr\u0173 ekstraktu, keratinu ir argano aliejumi maitina, glotnina ir atkuria plaukus, suteikdamas jiems \u0161vyt\u0117jimo be skalavimo.","og_url":"https:\/\/www.malinashop.lt\/lt_lt\/shop\/yunsey-purskiamas-dvifazis-kondicionierius-plaukams-su-su-ikru-ekstraktu-500-ml\/","og_site_name":"MalinaShop.lt J\u016bs\u0173 sveikatai ir gro\u017eiui.","article_modified_time":"2026-04-13T20:06:30+00:00","og_image":[{"width":768,"height":768,"url":"https:\/\/www.malinashop.lt\/wp-content\/uploads\/2024\/11\/YUNSEY-purskiamas-dvifazis-kondicionierius-plaukams-su-su-ikru-ekstraktu-500-ml.jpg","type":"image\/jpeg"}],"twitter_card":"summary_large_image","schema":{"@context":"https:\/\/schema.org","@graph":[{"@type":"WebPage","@id":"https:\/\/www.malinashop.lt\/lt_lt\/shop\/yunsey-purskiamas-dvifazis-kondicionierius-plaukams-su-su-ikru-ekstraktu-500-ml\/","url":"https:\/\/www.malinashop.lt\/lt_lt\/shop\/yunsey-purskiamas-dvifazis-kondicionierius-plaukams-su-su-ikru-ekstraktu-500-ml\/","name":"YUNSEY pur\u0161kiamas dvifazis kondicionierius plaukams su su ikr\u0173 ekstraktu, 500 ml - MalinaShop.lt J\u016bs\u0173 sveikatai ir gro\u017eiui.","isPartOf":{"@id":"https:\/\/www.malinashop.lt\/en\/#website"},"primaryImageOfPage":{"@id":"https:\/\/www.malinashop.lt\/lt_lt\/shop\/yunsey-purskiamas-dvifazis-kondicionierius-plaukams-su-su-ikru-ekstraktu-500-ml\/#primaryimage"},"image":{"@id":"https:\/\/www.malinashop.lt\/lt_lt\/shop\/yunsey-purskiamas-dvifazis-kondicionierius-plaukams-su-su-ikru-ekstraktu-500-ml\/#primaryimage"},"thumbnailUrl":"https:\/\/www.malinashop.lt\/wp-content\/uploads\/2024\/11\/YUNSEY-purskiamas-dvifazis-kondicionierius-plaukams-su-su-ikru-ekstraktu-500-ml.jpg","datePublished":"2024-11-06T12:51:28+00:00","dateModified":"2026-04-13T20:06:30+00:00","description":"YUNSEY dvifazis kondicionierius su ikr\u0173 ekstraktu, keratinu ir argano aliejumi maitina, glotnina ir atkuria plaukus, suteikdamas jiems \u0161vyt\u0117jimo be skalavimo.","breadcrumb":{"@id":"https:\/\/www.malinashop.lt\/lt_lt\/shop\/yunsey-purskiamas-dvifazis-kondicionierius-plaukams-su-su-ikru-ekstraktu-500-ml\/#breadcrumb"},"inLanguage":"lt-LT","potentialAction":[{"@type":"ReadAction","target":["https:\/\/www.malinashop.lt\/lt_lt\/shop\/yunsey-purskiamas-dvifazis-kondicionierius-plaukams-su-su-ikru-ekstraktu-500-ml\/"]}]},{"@type":"ImageObject","inLanguage":"lt-LT","@id":"https:\/\/www.malinashop.lt\/lt_lt\/shop\/yunsey-purskiamas-dvifazis-kondicionierius-plaukams-su-su-ikru-ekstraktu-500-ml\/#primaryimage","url":"https:\/\/www.malinashop.lt\/wp-content\/uploads\/2024\/11\/YUNSEY-purskiamas-dvifazis-kondicionierius-plaukams-su-su-ikru-ekstraktu-500-ml.jpg","contentUrl":"https:\/\/www.malinashop.lt\/wp-content\/uploads\/2024\/11\/YUNSEY-purskiamas-dvifazis-kondicionierius-plaukams-su-su-ikru-ekstraktu-500-ml.jpg","width":768,"height":768},{"@type":"BreadcrumbList","@id":"https:\/\/www.malinashop.lt\/lt_lt\/shop\/yunsey-purskiamas-dvifazis-kondicionierius-plaukams-su-su-ikru-ekstraktu-500-ml\/#breadcrumb","itemListElement":[{"@type":"ListItem","position":1,"name":"Home","item":"https:\/\/www.malinashop.lt\/en\/"},{"@type":"ListItem","position":2,"name":"Parduotuv\u0117","item":"https:\/\/www.malinashop.lt\/en\/parduotuve\/"},{"@type":"ListItem","position":3,"name":"YUNSEY pur\u0161kiamas dvifazis kondicionierius plaukams su su ikr\u0173 ekstraktu, 500 ml"}]},{"@type":"WebSite","@id":"https:\/\/www.malinashop.lt\/en\/#website","url":"https:\/\/www.malinashop.lt\/en\/","name":"COM Group Ecommerce","description":"MalinaShop.lt - Gro\u017eio ir sveikatos produktai i\u0161 patikim\u0173 preki\u0173 \u017eenkl\u0173. Atraskite auk\u0161tos kokyb\u0117s kosmetik\u0105 u\u017e puiki\u0105 kain\u0105.","publisher":{"@id":"https:\/\/www.malinashop.lt\/en\/#organization"},"potentialAction":[{"@type":"SearchAction","target":{"@type":"EntryPoint","urlTemplate":"https:\/\/www.malinashop.lt\/en\/?s={search_term_string}"},"query-input":{"@type":"PropertyValueSpecification","valueRequired":true,"valueName":"search_term_string"}}],"inLanguage":"lt-LT"},{"@type":"Organization","@id":"https:\/\/www.malinashop.lt\/en\/#organization","name":"COM Group Ecommerce","url":"https:\/\/www.malinashop.lt\/en\/","logo":{"@type":"ImageObject","inLanguage":"lt-LT","@id":"https:\/\/www.malinashop.lt\/en\/#\/schema\/logo\/image\/","url":"https:\/\/www.malinashop.lt\/wp-content\/uploads\/2024\/08\/462559670_3787732518133670_9795632669273463_n-e1731525914575.png","contentUrl":"https:\/\/www.malinashop.lt\/wp-content\/uploads\/2024\/08\/462559670_3787732518133670_9795632669273463_n-e1731525914575.png","width":180,"height":60,"caption":"COM Group Ecommerce"},"image":{"@id":"https:\/\/www.malinashop.lt\/en\/#\/schema\/logo\/image\/"}}]}},"jetpack_sharing_enabled":true,"_links":{"self":[{"href":"https:\/\/www.malinashop.lt\/lt_lt\/wp-json\/wp\/v2\/product\/19200","targetHints":{"allow":["GET"]}}],"collection":[{"href":"https:\/\/www.malinashop.lt\/lt_lt\/wp-json\/wp\/v2\/product"}],"about":[{"href":"https:\/\/www.malinashop.lt\/lt_lt\/wp-json\/wp\/v2\/types\/product"}],"version-history":[{"count":4,"href":"https:\/\/www.malinashop.lt\/lt_lt\/wp-json\/wp\/v2\/product\/19200\/revisions"}],"predecessor-version":[{"id":74007,"href":"https:\/\/www.malinashop.lt\/lt_lt\/wp-json\/wp\/v2\/product\/19200\/revisions\/74007"}],"wp:featuredmedia":[{"embeddable":true,"href":"https:\/\/www.malinashop.lt\/lt_lt\/wp-json\/wp\/v2\/media\/18666"}],"wp:attachment":[{"href":"https:\/\/www.malinashop.lt\/lt_lt\/wp-json\/wp\/v2\/media?parent=19200"}],"wp:term":[{"taxonomy":"product_brand","embeddable":true,"href":"https:\/\/www.malinashop.lt\/lt_lt\/wp-json\/wp\/v2\/product_brand?post=19200"},{"taxonomy":"product_cat","embeddable":true,"href":"https:\/\/www.malinashop.lt\/lt_lt\/wp-json\/wp\/v2\/product_cat?post=19200"},{"taxonomy":"product_tag","embeddable":true,"href":"https:\/\/www.malinashop.lt\/lt_lt\/wp-json\/wp\/v2\/product_tag?post=19200"}],"curies":[{"name":"wp","href":"https:\/\/api.w.org\/{rel}","templated":true}]}}