{"id":19194,"date":"2024-11-06T15:51:28","date_gmt":"2024-11-06T12:51:28","guid":{"rendered":"https:\/\/malinashop.lt\/produktas\/yunsey-neutral-shampoo-mintginger-plauku-sampunas-metu-ir-imbiero-kvapo-1000-ml\/"},"modified":"2026-02-12T22:15:42","modified_gmt":"2026-02-12T19:15:42","slug":"yunsey-neutral-shampoo-mintginger-plauku-sampunas-metu-ir-imbiero-kvapo-1000-ml","status":"publish","type":"product","link":"https:\/\/www.malinashop.lt\/lt_lt\/shop\/yunsey-neutral-shampoo-mintginger-plauku-sampunas-metu-ir-imbiero-kvapo-1000-ml\/","title":{"rendered":"YUNSEY NEUTRAL SHAMPOO MINT&#038;GINGER plauk\u0173 \u0161amp\u016bnas m\u0117t\u0173 ir imbiero kvapo, 1000 ml"},"content":{"rendered":"<p data-start=\"311\" data-end=\"587\"><span style=\"color: #000000;\"><strong data-start=\"311\" data-end=\"351\">YUNSEY NEUTRAL SHAMPOO MINT &amp; GINGER<\/strong> \u2013 tai <strong data-start=\"358\" data-end=\"388\">\u0161velnus kasdienis \u0161amp\u016bnas<\/strong>, sukurtas vaikams nuo <strong data-start=\"411\" data-end=\"429\">3 met\u0173 am\u017eiaus<\/strong> ir visai \u0161eimai. Jo <strong data-start=\"450\" data-end=\"466\">neutralus pH<\/strong> \u0161velniai, bet veiksmingai valo plaukus bei galvos od\u0105, pa\u0161alindamas ne\u0161varumus, nepa\u017eeisdamas nat\u016bralaus odos balanso.<\/span><\/p>\n<p data-start=\"589\" data-end=\"846\"><span style=\"color: #000000;\"><strong data-start=\"589\" data-end=\"619\">M\u0117t\u0173 ir imbiero ekstraktai<\/strong> suteikia ilgai i\u0161liekan\u010di\u0105 gaiv\u0105, o \u0161amp\u016bno formul\u0117 u\u017etikrina <strong data-start=\"682\" data-end=\"735\">mink\u0161tus, glotnius ir sveikai atrodan\u010dius plaukus<\/strong>. Lengva, odai draugi\u0161ka sud\u0117tis nesukelia dirginimo, tod\u0117l \u0161amp\u016bnas puikiai tinka <strong data-start=\"818\" data-end=\"843\">kasdieniam naudojimui<\/strong>.<\/span><\/p>\n<p data-start=\"848\" data-end=\"878\"><span style=\"color: #000000;\"><strong data-start=\"848\" data-end=\"876\">Pagrindiniai privalumai:<\/strong><\/span><\/p>\n<ul data-start=\"879\" data-end=\"1172\">\n<li data-start=\"879\" data-end=\"933\">\n<p data-start=\"881\" data-end=\"933\"><span style=\"color: #000000;\">Neutralus <strong data-start=\"891\" data-end=\"897\">pH<\/strong>, tinkamas vaikams nuo <strong data-start=\"920\" data-end=\"930\">3 met\u0173<\/strong>.<\/span><\/p>\n<\/li>\n<li data-start=\"934\" data-end=\"995\">\n<p data-start=\"936\" data-end=\"995\"><span style=\"color: #000000;\">\u0160velniai, bet veiksmingai <strong data-start=\"962\" data-end=\"992\">valo plaukus ir galvos od\u0105<\/strong>.<\/span><\/p>\n<\/li>\n<li data-start=\"996\" data-end=\"1061\">\n<p data-start=\"998\" data-end=\"1061\"><span style=\"color: #000000;\"><strong data-start=\"998\" data-end=\"1024\">M\u0117t\u0173 ir imbiero kvapas<\/strong> suteikia gaivumo ir \u0161varos poj\u016bt\u012f.<\/span><\/p>\n<\/li>\n<li data-start=\"1062\" data-end=\"1122\">\n<p data-start=\"1064\" data-end=\"1122\"><span style=\"color: #000000;\">Plaukai tampa <strong data-start=\"1078\" data-end=\"1119\">mink\u0161ti, \u0161veln\u016bs ir lengvai \u0161ukuojami<\/strong>.<\/span><\/p>\n<\/li>\n<li data-start=\"1123\" data-end=\"1172\">\n<p data-start=\"1125\" data-end=\"1172\"><span style=\"color: #000000;\">Tinka <strong data-start=\"1131\" data-end=\"1156\">kasdieniam naudojimui<\/strong> visai \u0161eimai.<\/span><\/p>\n<\/li>\n<\/ul>\n<p data-start=\"1174\" data-end=\"1368\"><span style=\"color: #000000;\"><strong data-start=\"1174\" data-end=\"1189\">Naudojimas:<\/strong><\/span><br data-start=\"1189\" data-end=\"1192\" \/><span style=\"color: #000000;\">Nedidel\u012f kiek\u012f \u0161amp\u016bno tepkite ant dr\u0117gn\u0173 plauk\u0173 ir galvos odos.<\/span><br data-start=\"1256\" data-end=\"1259\" \/><span style=\"color: #000000;\">\u0160velniai \u012fmasa\u017euokite, kol susidarys putos, ir kruop\u0161\u010diai i\u0161skalaukite vandeniu.<\/span><br data-start=\"1339\" data-end=\"1342\" \/><span style=\"color: #000000;\">Jei reikia, pakartokite.<\/span><\/p>\n<p data-start=\"1370\" data-end=\"1580\"><span style=\"color: #000000;\"><strong data-start=\"1370\" data-end=\"1389\">Apie gamintoj\u0105:<\/strong><\/span><br data-start=\"1389\" data-end=\"1392\" \/><span style=\"color: #000000;\"><strong data-start=\"1392\" data-end=\"1415\">YUNSEY Professional<\/strong> \u2013 ispan\u0173 profesionalios plauk\u0173 prie\u017ei\u016bros prek\u0117s \u017eenklas, kuriantis auk\u0161tos kokyb\u0117s produktus, skirtus u\u017etikrinti <strong data-start=\"1530\" data-end=\"1577\">sveikus, spindin\u010dius ir pri\u017ei\u016br\u0117tus plaukus<\/strong>.<\/span><\/p>\n","protected":false},"excerpt":{"rendered":"<p>\u0160velnus YUNSEY \u0161amp\u016bnas su m\u0117t\u0173 ir imbiero aromatu, neutralus pH, tinka vaikams nuo 3 met\u0173 ir kasdieniam naudojimui \u2013 \u0161var\u016bs, mink\u0161ti, maloniai kvepiantys plaukai.<\/p>\n","protected":false},"featured_media":18646,"template":"","meta":[],"product_brand":[513],"product_cat":[185],"product_tag":[1143],"class_list":{"0":"post-19194","1":"product","2":"type-product","3":"status-publish","4":"has-post-thumbnail","6":"product_brand-yunsey","7":"product_cat-plauku-sampunai","8":"product_tag-yunsey","10":"first","11":"instock","12":"sale","13":"taxable","14":"shipping-taxable","15":"purchasable","16":"product-type-simple"},"yoast_head":"<!-- This site is optimized with the Yoast SEO plugin v27.4 - https:\/\/yoast.com\/product\/yoast-seo-wordpress\/ -->\n<title>YUNSEY NEUTRAL SHAMPOO MINT&amp;GINGER plauk\u0173 \u0161amp\u016bnas m\u0117t\u0173 ir imbiero kvapo, 1000 ml - MalinaShop.lt J\u016bs\u0173 sveikatai ir gro\u017eiui.<\/title>\n<meta name=\"description\" content=\"YUNSEY m\u0117t\u0173 ir imbiero \u0161amp\u016bnas su neutraliu pH tinka vaikams nuo 3 m. Kasdienis gaivinamasis valymas, suteikiantis \u0161velnumo ir gaivumo poj\u016bt\u012f.\" \/>\n<meta name=\"robots\" content=\"index, follow, max-snippet:-1, max-image-preview:large, max-video-preview:-1\" \/>\n<link rel=\"canonical\" href=\"https:\/\/www.malinashop.lt\/lt_lt\/shop\/yunsey-neutral-shampoo-mintginger-plauku-sampunas-metu-ir-imbiero-kvapo-1000-ml\/\" \/>\n<meta property=\"og:locale\" content=\"lt_LT\" \/>\n<meta property=\"og:type\" content=\"article\" \/>\n<meta property=\"og:title\" content=\"YUNSEY NEUTRAL SHAMPOO MINT&amp;GINGER plauk\u0173 \u0161amp\u016bnas m\u0117t\u0173 ir imbiero kvapo, 1000 ml - MalinaShop.lt J\u016bs\u0173 sveikatai ir gro\u017eiui.\" \/>\n<meta property=\"og:description\" content=\"YUNSEY m\u0117t\u0173 ir imbiero \u0161amp\u016bnas su neutraliu pH tinka vaikams nuo 3 m. Kasdienis gaivinamasis valymas, suteikiantis \u0161velnumo ir gaivumo poj\u016bt\u012f.\" \/>\n<meta property=\"og:url\" content=\"https:\/\/www.malinashop.lt\/lt_lt\/shop\/yunsey-neutral-shampoo-mintginger-plauku-sampunas-metu-ir-imbiero-kvapo-1000-ml\/\" \/>\n<meta property=\"og:site_name\" content=\"MalinaShop.lt J\u016bs\u0173 sveikatai ir gro\u017eiui.\" \/>\n<meta property=\"article:modified_time\" content=\"2026-02-12T19:15:42+00:00\" \/>\n<meta property=\"og:image\" content=\"https:\/\/www.malinashop.lt\/wp-content\/uploads\/2024\/11\/YUNSEY-NEUTRAL-SHAMPOO-MINTGINGER-plauku-sampunas-metu-ir-imbiero-kvapo-400-ml.jpg\" \/>\n\t<meta property=\"og:image:width\" content=\"1000\" \/>\n\t<meta property=\"og:image:height\" content=\"1000\" \/>\n\t<meta property=\"og:image:type\" content=\"image\/jpeg\" \/>\n<meta name=\"twitter:card\" content=\"summary_large_image\" \/>\n<script type=\"application\/ld+json\" class=\"yoast-schema-graph\">{\"@context\":\"https:\\\/\\\/schema.org\",\"@graph\":[{\"@type\":\"WebPage\",\"@id\":\"https:\\\/\\\/www.malinashop.lt\\\/lt_lt\\\/shop\\\/yunsey-neutral-shampoo-mintginger-plauku-sampunas-metu-ir-imbiero-kvapo-1000-ml\\\/\",\"url\":\"https:\\\/\\\/www.malinashop.lt\\\/lt_lt\\\/shop\\\/yunsey-neutral-shampoo-mintginger-plauku-sampunas-metu-ir-imbiero-kvapo-1000-ml\\\/\",\"name\":\"YUNSEY NEUTRAL SHAMPOO MINT&GINGER plauk\u0173 \u0161amp\u016bnas m\u0117t\u0173 ir imbiero kvapo, 1000 ml - MalinaShop.lt J\u016bs\u0173 sveikatai ir gro\u017eiui.\",\"isPartOf\":{\"@id\":\"https:\\\/\\\/www.malinashop.lt\\\/#website\"},\"primaryImageOfPage\":{\"@id\":\"https:\\\/\\\/www.malinashop.lt\\\/lt_lt\\\/shop\\\/yunsey-neutral-shampoo-mintginger-plauku-sampunas-metu-ir-imbiero-kvapo-1000-ml\\\/#primaryimage\"},\"image\":{\"@id\":\"https:\\\/\\\/www.malinashop.lt\\\/lt_lt\\\/shop\\\/yunsey-neutral-shampoo-mintginger-plauku-sampunas-metu-ir-imbiero-kvapo-1000-ml\\\/#primaryimage\"},\"thumbnailUrl\":\"https:\\\/\\\/www.malinashop.lt\\\/wp-content\\\/uploads\\\/2024\\\/11\\\/YUNSEY-NEUTRAL-SHAMPOO-MINTGINGER-plauku-sampunas-metu-ir-imbiero-kvapo-400-ml.jpg\",\"datePublished\":\"2024-11-06T12:51:28+00:00\",\"dateModified\":\"2026-02-12T19:15:42+00:00\",\"description\":\"YUNSEY m\u0117t\u0173 ir imbiero \u0161amp\u016bnas su neutraliu pH tinka vaikams nuo 3 m. Kasdienis gaivinamasis valymas, suteikiantis \u0161velnumo ir gaivumo poj\u016bt\u012f.\",\"breadcrumb\":{\"@id\":\"https:\\\/\\\/www.malinashop.lt\\\/lt_lt\\\/shop\\\/yunsey-neutral-shampoo-mintginger-plauku-sampunas-metu-ir-imbiero-kvapo-1000-ml\\\/#breadcrumb\"},\"inLanguage\":\"lt-LT\",\"potentialAction\":[{\"@type\":\"ReadAction\",\"target\":[\"https:\\\/\\\/www.malinashop.lt\\\/lt_lt\\\/shop\\\/yunsey-neutral-shampoo-mintginger-plauku-sampunas-metu-ir-imbiero-kvapo-1000-ml\\\/\"]}]},{\"@type\":\"ImageObject\",\"inLanguage\":\"lt-LT\",\"@id\":\"https:\\\/\\\/www.malinashop.lt\\\/lt_lt\\\/shop\\\/yunsey-neutral-shampoo-mintginger-plauku-sampunas-metu-ir-imbiero-kvapo-1000-ml\\\/#primaryimage\",\"url\":\"https:\\\/\\\/www.malinashop.lt\\\/wp-content\\\/uploads\\\/2024\\\/11\\\/YUNSEY-NEUTRAL-SHAMPOO-MINTGINGER-plauku-sampunas-metu-ir-imbiero-kvapo-400-ml.jpg\",\"contentUrl\":\"https:\\\/\\\/www.malinashop.lt\\\/wp-content\\\/uploads\\\/2024\\\/11\\\/YUNSEY-NEUTRAL-SHAMPOO-MINTGINGER-plauku-sampunas-metu-ir-imbiero-kvapo-400-ml.jpg\",\"width\":1000,\"height\":1000},{\"@type\":\"BreadcrumbList\",\"@id\":\"https:\\\/\\\/www.malinashop.lt\\\/lt_lt\\\/shop\\\/yunsey-neutral-shampoo-mintginger-plauku-sampunas-metu-ir-imbiero-kvapo-1000-ml\\\/#breadcrumb\",\"itemListElement\":[{\"@type\":\"ListItem\",\"position\":1,\"name\":\"Pagrindinis\",\"item\":\"https:\\\/\\\/www.malinashop.lt\\\/\"},{\"@type\":\"ListItem\",\"position\":2,\"name\":\"Parduotuv\u0117\",\"item\":\"https:\\\/\\\/www.malinashop.lt\\\/en\\\/parduotuve\\\/\"},{\"@type\":\"ListItem\",\"position\":3,\"name\":\"YUNSEY NEUTRAL SHAMPOO MINT&#038;GINGER plauk\u0173 \u0161amp\u016bnas m\u0117t\u0173 ir imbiero kvapo, 1000 ml\"}]},{\"@type\":\"WebSite\",\"@id\":\"https:\\\/\\\/www.malinashop.lt\\\/#website\",\"url\":\"https:\\\/\\\/www.malinashop.lt\\\/\",\"name\":\"COM Group Ecommerce\",\"description\":\"MalinaShop.lt - Gro\u017eio ir sveikatos produktai i\u0161 patikim\u0173 preki\u0173 \u017eenkl\u0173. Atraskite auk\u0161tos kokyb\u0117s kosmetik\u0105 u\u017e puiki\u0105 kain\u0105.\",\"publisher\":{\"@id\":\"https:\\\/\\\/www.malinashop.lt\\\/#organization\"},\"potentialAction\":[{\"@type\":\"SearchAction\",\"target\":{\"@type\":\"EntryPoint\",\"urlTemplate\":\"https:\\\/\\\/www.malinashop.lt\\\/?s={search_term_string}\"},\"query-input\":{\"@type\":\"PropertyValueSpecification\",\"valueRequired\":true,\"valueName\":\"search_term_string\"}}],\"inLanguage\":\"lt-LT\"},{\"@type\":\"Organization\",\"@id\":\"https:\\\/\\\/www.malinashop.lt\\\/#organization\",\"name\":\"COM Group Ecommerce\",\"url\":\"https:\\\/\\\/www.malinashop.lt\\\/\",\"logo\":{\"@type\":\"ImageObject\",\"inLanguage\":\"lt-LT\",\"@id\":\"https:\\\/\\\/www.malinashop.lt\\\/#\\\/schema\\\/logo\\\/image\\\/\",\"url\":\"https:\\\/\\\/www.malinashop.lt\\\/wp-content\\\/uploads\\\/2024\\\/08\\\/462559670_3787732518133670_9795632669273463_n-e1731525914575.png\",\"contentUrl\":\"https:\\\/\\\/www.malinashop.lt\\\/wp-content\\\/uploads\\\/2024\\\/08\\\/462559670_3787732518133670_9795632669273463_n-e1731525914575.png\",\"width\":180,\"height\":60,\"caption\":\"COM Group Ecommerce\"},\"image\":{\"@id\":\"https:\\\/\\\/www.malinashop.lt\\\/#\\\/schema\\\/logo\\\/image\\\/\"}}]}<\/script>\n<!-- \/ Yoast SEO plugin. -->","yoast_head_json":{"title":"YUNSEY NEUTRAL SHAMPOO MINT&GINGER plauk\u0173 \u0161amp\u016bnas m\u0117t\u0173 ir imbiero kvapo, 1000 ml - MalinaShop.lt J\u016bs\u0173 sveikatai ir gro\u017eiui.","description":"YUNSEY m\u0117t\u0173 ir imbiero \u0161amp\u016bnas su neutraliu pH tinka vaikams nuo 3 m. Kasdienis gaivinamasis valymas, suteikiantis \u0161velnumo ir gaivumo poj\u016bt\u012f.","robots":{"index":"index","follow":"follow","max-snippet":"max-snippet:-1","max-image-preview":"max-image-preview:large","max-video-preview":"max-video-preview:-1"},"canonical":"https:\/\/www.malinashop.lt\/lt_lt\/shop\/yunsey-neutral-shampoo-mintginger-plauku-sampunas-metu-ir-imbiero-kvapo-1000-ml\/","og_locale":"lt_LT","og_type":"article","og_title":"YUNSEY NEUTRAL SHAMPOO MINT&GINGER plauk\u0173 \u0161amp\u016bnas m\u0117t\u0173 ir imbiero kvapo, 1000 ml - MalinaShop.lt J\u016bs\u0173 sveikatai ir gro\u017eiui.","og_description":"YUNSEY m\u0117t\u0173 ir imbiero \u0161amp\u016bnas su neutraliu pH tinka vaikams nuo 3 m. Kasdienis gaivinamasis valymas, suteikiantis \u0161velnumo ir gaivumo poj\u016bt\u012f.","og_url":"https:\/\/www.malinashop.lt\/lt_lt\/shop\/yunsey-neutral-shampoo-mintginger-plauku-sampunas-metu-ir-imbiero-kvapo-1000-ml\/","og_site_name":"MalinaShop.lt J\u016bs\u0173 sveikatai ir gro\u017eiui.","article_modified_time":"2026-02-12T19:15:42+00:00","og_image":[{"width":1000,"height":1000,"url":"https:\/\/www.malinashop.lt\/wp-content\/uploads\/2024\/11\/YUNSEY-NEUTRAL-SHAMPOO-MINTGINGER-plauku-sampunas-metu-ir-imbiero-kvapo-400-ml.jpg","type":"image\/jpeg"}],"twitter_card":"summary_large_image","schema":{"@context":"https:\/\/schema.org","@graph":[{"@type":"WebPage","@id":"https:\/\/www.malinashop.lt\/lt_lt\/shop\/yunsey-neutral-shampoo-mintginger-plauku-sampunas-metu-ir-imbiero-kvapo-1000-ml\/","url":"https:\/\/www.malinashop.lt\/lt_lt\/shop\/yunsey-neutral-shampoo-mintginger-plauku-sampunas-metu-ir-imbiero-kvapo-1000-ml\/","name":"YUNSEY NEUTRAL SHAMPOO MINT&GINGER plauk\u0173 \u0161amp\u016bnas m\u0117t\u0173 ir imbiero kvapo, 1000 ml - MalinaShop.lt J\u016bs\u0173 sveikatai ir gro\u017eiui.","isPartOf":{"@id":"https:\/\/www.malinashop.lt\/#website"},"primaryImageOfPage":{"@id":"https:\/\/www.malinashop.lt\/lt_lt\/shop\/yunsey-neutral-shampoo-mintginger-plauku-sampunas-metu-ir-imbiero-kvapo-1000-ml\/#primaryimage"},"image":{"@id":"https:\/\/www.malinashop.lt\/lt_lt\/shop\/yunsey-neutral-shampoo-mintginger-plauku-sampunas-metu-ir-imbiero-kvapo-1000-ml\/#primaryimage"},"thumbnailUrl":"https:\/\/www.malinashop.lt\/wp-content\/uploads\/2024\/11\/YUNSEY-NEUTRAL-SHAMPOO-MINTGINGER-plauku-sampunas-metu-ir-imbiero-kvapo-400-ml.jpg","datePublished":"2024-11-06T12:51:28+00:00","dateModified":"2026-02-12T19:15:42+00:00","description":"YUNSEY m\u0117t\u0173 ir imbiero \u0161amp\u016bnas su neutraliu pH tinka vaikams nuo 3 m. Kasdienis gaivinamasis valymas, suteikiantis \u0161velnumo ir gaivumo poj\u016bt\u012f.","breadcrumb":{"@id":"https:\/\/www.malinashop.lt\/lt_lt\/shop\/yunsey-neutral-shampoo-mintginger-plauku-sampunas-metu-ir-imbiero-kvapo-1000-ml\/#breadcrumb"},"inLanguage":"lt-LT","potentialAction":[{"@type":"ReadAction","target":["https:\/\/www.malinashop.lt\/lt_lt\/shop\/yunsey-neutral-shampoo-mintginger-plauku-sampunas-metu-ir-imbiero-kvapo-1000-ml\/"]}]},{"@type":"ImageObject","inLanguage":"lt-LT","@id":"https:\/\/www.malinashop.lt\/lt_lt\/shop\/yunsey-neutral-shampoo-mintginger-plauku-sampunas-metu-ir-imbiero-kvapo-1000-ml\/#primaryimage","url":"https:\/\/www.malinashop.lt\/wp-content\/uploads\/2024\/11\/YUNSEY-NEUTRAL-SHAMPOO-MINTGINGER-plauku-sampunas-metu-ir-imbiero-kvapo-400-ml.jpg","contentUrl":"https:\/\/www.malinashop.lt\/wp-content\/uploads\/2024\/11\/YUNSEY-NEUTRAL-SHAMPOO-MINTGINGER-plauku-sampunas-metu-ir-imbiero-kvapo-400-ml.jpg","width":1000,"height":1000},{"@type":"BreadcrumbList","@id":"https:\/\/www.malinashop.lt\/lt_lt\/shop\/yunsey-neutral-shampoo-mintginger-plauku-sampunas-metu-ir-imbiero-kvapo-1000-ml\/#breadcrumb","itemListElement":[{"@type":"ListItem","position":1,"name":"Pagrindinis","item":"https:\/\/www.malinashop.lt\/"},{"@type":"ListItem","position":2,"name":"Parduotuv\u0117","item":"https:\/\/www.malinashop.lt\/en\/parduotuve\/"},{"@type":"ListItem","position":3,"name":"YUNSEY NEUTRAL SHAMPOO MINT&#038;GINGER plauk\u0173 \u0161amp\u016bnas m\u0117t\u0173 ir imbiero kvapo, 1000 ml"}]},{"@type":"WebSite","@id":"https:\/\/www.malinashop.lt\/#website","url":"https:\/\/www.malinashop.lt\/","name":"COM Group Ecommerce","description":"MalinaShop.lt - Gro\u017eio ir sveikatos produktai i\u0161 patikim\u0173 preki\u0173 \u017eenkl\u0173. Atraskite auk\u0161tos kokyb\u0117s kosmetik\u0105 u\u017e puiki\u0105 kain\u0105.","publisher":{"@id":"https:\/\/www.malinashop.lt\/#organization"},"potentialAction":[{"@type":"SearchAction","target":{"@type":"EntryPoint","urlTemplate":"https:\/\/www.malinashop.lt\/?s={search_term_string}"},"query-input":{"@type":"PropertyValueSpecification","valueRequired":true,"valueName":"search_term_string"}}],"inLanguage":"lt-LT"},{"@type":"Organization","@id":"https:\/\/www.malinashop.lt\/#organization","name":"COM Group Ecommerce","url":"https:\/\/www.malinashop.lt\/","logo":{"@type":"ImageObject","inLanguage":"lt-LT","@id":"https:\/\/www.malinashop.lt\/#\/schema\/logo\/image\/","url":"https:\/\/www.malinashop.lt\/wp-content\/uploads\/2024\/08\/462559670_3787732518133670_9795632669273463_n-e1731525914575.png","contentUrl":"https:\/\/www.malinashop.lt\/wp-content\/uploads\/2024\/08\/462559670_3787732518133670_9795632669273463_n-e1731525914575.png","width":180,"height":60,"caption":"COM Group Ecommerce"},"image":{"@id":"https:\/\/www.malinashop.lt\/#\/schema\/logo\/image\/"}}]}},"jetpack_sharing_enabled":true,"_links":{"self":[{"href":"https:\/\/www.malinashop.lt\/lt_lt\/wp-json\/wp\/v2\/product\/19194","targetHints":{"allow":["GET"]}}],"collection":[{"href":"https:\/\/www.malinashop.lt\/lt_lt\/wp-json\/wp\/v2\/product"}],"about":[{"href":"https:\/\/www.malinashop.lt\/lt_lt\/wp-json\/wp\/v2\/types\/product"}],"version-history":[{"count":3,"href":"https:\/\/www.malinashop.lt\/lt_lt\/wp-json\/wp\/v2\/product\/19194\/revisions"}],"predecessor-version":[{"id":61429,"href":"https:\/\/www.malinashop.lt\/lt_lt\/wp-json\/wp\/v2\/product\/19194\/revisions\/61429"}],"wp:featuredmedia":[{"embeddable":true,"href":"https:\/\/www.malinashop.lt\/lt_lt\/wp-json\/wp\/v2\/media\/18646"}],"wp:attachment":[{"href":"https:\/\/www.malinashop.lt\/lt_lt\/wp-json\/wp\/v2\/media?parent=19194"}],"wp:term":[{"taxonomy":"product_brand","embeddable":true,"href":"https:\/\/www.malinashop.lt\/lt_lt\/wp-json\/wp\/v2\/product_brand?post=19194"},{"taxonomy":"product_cat","embeddable":true,"href":"https:\/\/www.malinashop.lt\/lt_lt\/wp-json\/wp\/v2\/product_cat?post=19194"},{"taxonomy":"product_tag","embeddable":true,"href":"https:\/\/www.malinashop.lt\/lt_lt\/wp-json\/wp\/v2\/product_tag?post=19194"}],"curies":[{"name":"wp","href":"https:\/\/api.w.org\/{rel}","templated":true}]}}