{"id":19192,"date":"2024-11-06T15:51:28","date_gmt":"2024-11-06T12:51:28","guid":{"rendered":"https:\/\/malinashop.lt\/produktas\/yunsey-neutral-shampoo-mintginger-plauku-sampunas-metu-ir-imbiero-kvapo-400-ml\/"},"modified":"2026-02-12T22:15:42","modified_gmt":"2026-02-12T19:15:42","slug":"yunsey-neutral-shampoo-mintginger-plauku-sampunas-metu-ir-imbiero-kvapo-400-ml","status":"publish","type":"product","link":"https:\/\/www.malinashop.lt\/lt_lt\/shop\/yunsey-neutral-shampoo-mintginger-plauku-sampunas-metu-ir-imbiero-kvapo-400-ml\/","title":{"rendered":"YUNSEY NEUTRAL SHAMPOO MINT&#038;GINGER plauk\u0173 \u0161amp\u016bnas m\u0117t\u0173 ir imbiero kvapo, 400 ml"},"content":{"rendered":"<p data-start=\"312\" data-end=\"499\"><span style=\"color: #000000;\"><strong data-start=\"312\" data-end=\"352\">YUNSEY NEUTRAL SHAMPOO MINT &amp; GINGER<\/strong> \u2013 tai \u0161velnus kasdienis \u0161amp\u016bnas su <strong data-start=\"389\" data-end=\"428\">gaivinan\u010diu m\u0117t\u0173 ir imbiero aromatu<\/strong>, sukurtas specialiai <strong data-start=\"450\" data-end=\"472\">vaikams nuo 3 met\u0173<\/strong> ir jautriai galvos odai.<\/span><\/p>\n<p data-start=\"501\" data-end=\"774\"><span style=\"color: #000000;\">Jo <strong data-start=\"504\" data-end=\"529\">neutralaus pH formul\u0117<\/strong> \u0161velniai, bet veiksmingai valo plaukus ir galvos od\u0105, pa\u0161alindama ne\u0161varumus, nesukeliant dirginimo ar sausumo poj\u016b\u010dio. <strong data-start=\"650\" data-end=\"680\">M\u0117t\u0173 ir imbiero ekstraktai<\/strong> suteikia malon\u0173 gaivos jausm\u0105, o plaukai tampa <strong data-start=\"728\" data-end=\"771\">mink\u0161ti, \u0161veln\u016bs ir maloniai kvepiantys<\/strong>.<\/span><\/p>\n<p data-start=\"776\" data-end=\"885\"><span style=\"color: #000000;\">\u0160amp\u016bnas tinka <strong data-start=\"791\" data-end=\"816\">kasdieniam naudojimui<\/strong> visai \u0161eimai ir puikiai palaiko plauk\u0173 \u0161var\u0105 bei nat\u016bral\u0173 balans\u0105.<\/span><\/p>\n<p data-start=\"887\" data-end=\"917\"><span style=\"color: #000000;\"><strong data-start=\"887\" data-end=\"915\">Pagrindiniai privalumai:<\/strong><\/span><\/p>\n<ul data-start=\"918\" data-end=\"1187\">\n<li data-start=\"918\" data-end=\"969\">\n<p data-start=\"920\" data-end=\"969\"><span style=\"color: #000000;\">Neutralus <strong data-start=\"930\" data-end=\"936\">pH<\/strong>, tinka vaikams nuo <strong data-start=\"956\" data-end=\"966\">3 met\u0173<\/strong>.<\/span><\/p>\n<\/li>\n<li data-start=\"970\" data-end=\"1029\">\n<p data-start=\"972\" data-end=\"1029\"><span style=\"color: #000000;\"><strong data-start=\"972\" data-end=\"989\">\u0160velniai valo<\/strong> plaukus ir galvos od\u0105, nedirgindamas.<\/span><\/p>\n<\/li>\n<li data-start=\"1030\" data-end=\"1089\">\n<p data-start=\"1032\" data-end=\"1089\"><span style=\"color: #000000;\"><strong data-start=\"1032\" data-end=\"1067\">Gaivus m\u0117t\u0173 ir imbiero aromatas<\/strong> i\u0161lieka vis\u0105 dien\u0105.<\/span><\/p>\n<\/li>\n<li data-start=\"1090\" data-end=\"1150\">\n<p data-start=\"1092\" data-end=\"1150\"><span style=\"color: #000000;\">Plaukai tampa <strong data-start=\"1106\" data-end=\"1147\">mink\u0161ti, \u0161veln\u016bs ir lengvai \u0161ukuojami<\/strong>.<\/span><\/p>\n<\/li>\n<li data-start=\"1151\" data-end=\"1187\">\n<p data-start=\"1153\" data-end=\"1187\"><span style=\"color: #000000;\">Tinka <strong data-start=\"1159\" data-end=\"1184\">kasdieniam naudojimui<\/strong>.<\/span><\/p>\n<\/li>\n<\/ul>\n<p data-start=\"1189\" data-end=\"1386\"><span style=\"color: #000000;\"><strong data-start=\"1189\" data-end=\"1204\">Naudojimas:<\/strong><\/span><br data-start=\"1204\" data-end=\"1207\" \/><span style=\"color: #000000;\">Nedidel\u012f kiek\u012f \u0161amp\u016bno tepkite ant dr\u0117gn\u0173 plauk\u0173 ir galvos odos.<\/span><br data-start=\"1271\" data-end=\"1274\" \/><span style=\"color: #000000;\">\u0160velniai \u012fmasa\u017euokite, kol susidarys putos, tada kruop\u0161\u010diai i\u0161skalaukite.<\/span><br data-start=\"1347\" data-end=\"1350\" \/><span style=\"color: #000000;\">Jei reikia, pakartokite proced\u016br\u0105.<\/span><\/p>\n<p data-start=\"1388\" data-end=\"1605\"><span style=\"color: #000000;\"><strong data-start=\"1388\" data-end=\"1407\">Apie gamintoj\u0105:<\/strong><\/span><br data-start=\"1407\" data-end=\"1410\" \/><span style=\"color: #000000;\"><strong data-start=\"1410\" data-end=\"1433\">YUNSEY Professional<\/strong> \u2013 ispan\u0173 profesionalios plauk\u0173 prie\u017ei\u016bros prek\u0117s \u017eenklas, kuriantis auk\u0161tos kokyb\u0117s formules, skirtas u\u017etikrinti plauk\u0173 <strong data-start=\"1554\" data-end=\"1602\">sveik\u0105 i\u0161vaizd\u0105, spindes\u012f ir ilgalaik\u012f gro\u017e\u012f<\/strong>.<\/span><\/p>\n","protected":false},"excerpt":{"rendered":"<p>\u0160velnus YUNSEY \u0161amp\u016bnas su m\u0117t\u0173 ir imbiero aromatu, neutralus pH, tinka vaikams nuo 3 met\u0173 ir kasdieniam naudojimui \u2013 \u0161var\u016bs, mink\u0161ti ir gaiviai kvepiantys plaukai.<\/p>\n","protected":false},"featured_media":18646,"template":"","meta":[],"product_brand":[513],"product_cat":[185],"product_tag":[1143],"class_list":{"0":"post-19192","1":"product","2":"type-product","3":"status-publish","4":"has-post-thumbnail","6":"product_brand-yunsey","7":"product_cat-plauku-sampunai","8":"product_tag-yunsey","10":"first","11":"instock","12":"sale","13":"taxable","14":"shipping-taxable","15":"purchasable","16":"product-type-simple"},"yoast_head":"<!-- This site is optimized with the Yoast SEO plugin v27.4 - https:\/\/yoast.com\/product\/yoast-seo-wordpress\/ -->\n<title>YUNSEY NEUTRAL SHAMPOO MINT&amp;GINGER plauk\u0173 \u0161amp\u016bnas m\u0117t\u0173 ir imbiero kvapo, 400 ml - MalinaShop.lt J\u016bs\u0173 sveikatai ir gro\u017eiui.<\/title>\n<meta name=\"description\" content=\"YUNSEY m\u0117t\u0173 ir imbiero \u0161amp\u016bnas su neutraliu pH tinka vaikams nuo 3 m., kasdieniam naudojimui \u2013 \u0161velni, gaivi ir \u0161vari plauk\u0173 prie\u017ei\u016bra.\" \/>\n<meta name=\"robots\" content=\"index, follow, max-snippet:-1, max-image-preview:large, max-video-preview:-1\" \/>\n<link rel=\"canonical\" href=\"https:\/\/www.malinashop.lt\/lt_lt\/shop\/yunsey-neutral-shampoo-mintginger-plauku-sampunas-metu-ir-imbiero-kvapo-400-ml\/\" \/>\n<meta property=\"og:locale\" content=\"lt_LT\" \/>\n<meta property=\"og:type\" content=\"article\" \/>\n<meta property=\"og:title\" content=\"YUNSEY NEUTRAL SHAMPOO MINT&amp;GINGER plauk\u0173 \u0161amp\u016bnas m\u0117t\u0173 ir imbiero kvapo, 400 ml - MalinaShop.lt J\u016bs\u0173 sveikatai ir gro\u017eiui.\" \/>\n<meta property=\"og:description\" content=\"YUNSEY m\u0117t\u0173 ir imbiero \u0161amp\u016bnas su neutraliu pH tinka vaikams nuo 3 m., kasdieniam naudojimui \u2013 \u0161velni, gaivi ir \u0161vari plauk\u0173 prie\u017ei\u016bra.\" \/>\n<meta property=\"og:url\" content=\"https:\/\/www.malinashop.lt\/lt_lt\/shop\/yunsey-neutral-shampoo-mintginger-plauku-sampunas-metu-ir-imbiero-kvapo-400-ml\/\" \/>\n<meta property=\"og:site_name\" content=\"MalinaShop.lt J\u016bs\u0173 sveikatai ir gro\u017eiui.\" \/>\n<meta property=\"article:modified_time\" content=\"2026-02-12T19:15:42+00:00\" \/>\n<meta property=\"og:image\" content=\"https:\/\/www.malinashop.lt\/wp-content\/uploads\/2024\/11\/YUNSEY-NEUTRAL-SHAMPOO-MINTGINGER-plauku-sampunas-metu-ir-imbiero-kvapo-400-ml.jpg\" \/>\n\t<meta property=\"og:image:width\" content=\"1000\" \/>\n\t<meta property=\"og:image:height\" content=\"1000\" \/>\n\t<meta property=\"og:image:type\" content=\"image\/jpeg\" \/>\n<meta name=\"twitter:card\" content=\"summary_large_image\" \/>\n<script type=\"application\/ld+json\" class=\"yoast-schema-graph\">{\"@context\":\"https:\\\/\\\/schema.org\",\"@graph\":[{\"@type\":\"WebPage\",\"@id\":\"https:\\\/\\\/www.malinashop.lt\\\/en\\\/shop\\\/yunsey-neutral-shampoo-mintginger-plauku-sampunas-metu-ir-imbiero-kvapo-400-ml\\\/\",\"url\":\"https:\\\/\\\/www.malinashop.lt\\\/en\\\/shop\\\/yunsey-neutral-shampoo-mintginger-plauku-sampunas-metu-ir-imbiero-kvapo-400-ml\\\/\",\"name\":\"YUNSEY NEUTRAL SHAMPOO MINT&GINGER plauk\u0173 \u0161amp\u016bnas m\u0117t\u0173 ir imbiero kvapo, 400 ml - MalinaShop.lt J\u016bs\u0173 sveikatai ir gro\u017eiui.\",\"isPartOf\":{\"@id\":\"https:\\\/\\\/www.malinashop.lt\\\/#website\"},\"primaryImageOfPage\":{\"@id\":\"https:\\\/\\\/www.malinashop.lt\\\/en\\\/shop\\\/yunsey-neutral-shampoo-mintginger-plauku-sampunas-metu-ir-imbiero-kvapo-400-ml\\\/#primaryimage\"},\"image\":{\"@id\":\"https:\\\/\\\/www.malinashop.lt\\\/en\\\/shop\\\/yunsey-neutral-shampoo-mintginger-plauku-sampunas-metu-ir-imbiero-kvapo-400-ml\\\/#primaryimage\"},\"thumbnailUrl\":\"https:\\\/\\\/www.malinashop.lt\\\/wp-content\\\/uploads\\\/2024\\\/11\\\/YUNSEY-NEUTRAL-SHAMPOO-MINTGINGER-plauku-sampunas-metu-ir-imbiero-kvapo-400-ml.jpg\",\"datePublished\":\"2024-11-06T12:51:28+00:00\",\"dateModified\":\"2026-02-12T19:15:42+00:00\",\"description\":\"YUNSEY m\u0117t\u0173 ir imbiero \u0161amp\u016bnas su neutraliu pH tinka vaikams nuo 3 m., kasdieniam naudojimui \u2013 \u0161velni, gaivi ir \u0161vari plauk\u0173 prie\u017ei\u016bra.\",\"breadcrumb\":{\"@id\":\"https:\\\/\\\/www.malinashop.lt\\\/en\\\/shop\\\/yunsey-neutral-shampoo-mintginger-plauku-sampunas-metu-ir-imbiero-kvapo-400-ml\\\/#breadcrumb\"},\"inLanguage\":\"lt-LT\",\"potentialAction\":[{\"@type\":\"ReadAction\",\"target\":[\"https:\\\/\\\/www.malinashop.lt\\\/en\\\/shop\\\/yunsey-neutral-shampoo-mintginger-plauku-sampunas-metu-ir-imbiero-kvapo-400-ml\\\/\"]}]},{\"@type\":\"ImageObject\",\"inLanguage\":\"lt-LT\",\"@id\":\"https:\\\/\\\/www.malinashop.lt\\\/en\\\/shop\\\/yunsey-neutral-shampoo-mintginger-plauku-sampunas-metu-ir-imbiero-kvapo-400-ml\\\/#primaryimage\",\"url\":\"https:\\\/\\\/www.malinashop.lt\\\/wp-content\\\/uploads\\\/2024\\\/11\\\/YUNSEY-NEUTRAL-SHAMPOO-MINTGINGER-plauku-sampunas-metu-ir-imbiero-kvapo-400-ml.jpg\",\"contentUrl\":\"https:\\\/\\\/www.malinashop.lt\\\/wp-content\\\/uploads\\\/2024\\\/11\\\/YUNSEY-NEUTRAL-SHAMPOO-MINTGINGER-plauku-sampunas-metu-ir-imbiero-kvapo-400-ml.jpg\",\"width\":1000,\"height\":1000},{\"@type\":\"BreadcrumbList\",\"@id\":\"https:\\\/\\\/www.malinashop.lt\\\/en\\\/shop\\\/yunsey-neutral-shampoo-mintginger-plauku-sampunas-metu-ir-imbiero-kvapo-400-ml\\\/#breadcrumb\",\"itemListElement\":[{\"@type\":\"ListItem\",\"position\":1,\"name\":\"Pagrindinis\",\"item\":\"https:\\\/\\\/www.malinashop.lt\\\/\"},{\"@type\":\"ListItem\",\"position\":2,\"name\":\"Parduotuv\u0117\",\"item\":\"https:\\\/\\\/www.malinashop.lt\\\/en\\\/parduotuve\\\/\"},{\"@type\":\"ListItem\",\"position\":3,\"name\":\"YUNSEY NEUTRAL SHAMPOO MINT&#038;GINGER plauk\u0173 \u0161amp\u016bnas m\u0117t\u0173 ir imbiero kvapo, 400 ml\"}]},{\"@type\":\"WebSite\",\"@id\":\"https:\\\/\\\/www.malinashop.lt\\\/#website\",\"url\":\"https:\\\/\\\/www.malinashop.lt\\\/\",\"name\":\"COM Group Ecommerce\",\"description\":\"MalinaShop.lt - Gro\u017eio ir sveikatos produktai i\u0161 patikim\u0173 preki\u0173 \u017eenkl\u0173. Atraskite auk\u0161tos kokyb\u0117s kosmetik\u0105 u\u017e puiki\u0105 kain\u0105.\",\"publisher\":{\"@id\":\"https:\\\/\\\/www.malinashop.lt\\\/#organization\"},\"potentialAction\":[{\"@type\":\"SearchAction\",\"target\":{\"@type\":\"EntryPoint\",\"urlTemplate\":\"https:\\\/\\\/www.malinashop.lt\\\/?s={search_term_string}\"},\"query-input\":{\"@type\":\"PropertyValueSpecification\",\"valueRequired\":true,\"valueName\":\"search_term_string\"}}],\"inLanguage\":\"lt-LT\"},{\"@type\":\"Organization\",\"@id\":\"https:\\\/\\\/www.malinashop.lt\\\/#organization\",\"name\":\"COM Group Ecommerce\",\"url\":\"https:\\\/\\\/www.malinashop.lt\\\/\",\"logo\":{\"@type\":\"ImageObject\",\"inLanguage\":\"lt-LT\",\"@id\":\"https:\\\/\\\/www.malinashop.lt\\\/#\\\/schema\\\/logo\\\/image\\\/\",\"url\":\"https:\\\/\\\/www.malinashop.lt\\\/wp-content\\\/uploads\\\/2024\\\/08\\\/462559670_3787732518133670_9795632669273463_n-e1731525914575.png\",\"contentUrl\":\"https:\\\/\\\/www.malinashop.lt\\\/wp-content\\\/uploads\\\/2024\\\/08\\\/462559670_3787732518133670_9795632669273463_n-e1731525914575.png\",\"width\":180,\"height\":60,\"caption\":\"COM Group Ecommerce\"},\"image\":{\"@id\":\"https:\\\/\\\/www.malinashop.lt\\\/#\\\/schema\\\/logo\\\/image\\\/\"}}]}<\/script>\n<!-- \/ Yoast SEO plugin. -->","yoast_head_json":{"title":"YUNSEY NEUTRAL SHAMPOO MINT&GINGER plauk\u0173 \u0161amp\u016bnas m\u0117t\u0173 ir imbiero kvapo, 400 ml - MalinaShop.lt J\u016bs\u0173 sveikatai ir gro\u017eiui.","description":"YUNSEY m\u0117t\u0173 ir imbiero \u0161amp\u016bnas su neutraliu pH tinka vaikams nuo 3 m., kasdieniam naudojimui \u2013 \u0161velni, gaivi ir \u0161vari plauk\u0173 prie\u017ei\u016bra.","robots":{"index":"index","follow":"follow","max-snippet":"max-snippet:-1","max-image-preview":"max-image-preview:large","max-video-preview":"max-video-preview:-1"},"canonical":"https:\/\/www.malinashop.lt\/lt_lt\/shop\/yunsey-neutral-shampoo-mintginger-plauku-sampunas-metu-ir-imbiero-kvapo-400-ml\/","og_locale":"lt_LT","og_type":"article","og_title":"YUNSEY NEUTRAL SHAMPOO MINT&GINGER plauk\u0173 \u0161amp\u016bnas m\u0117t\u0173 ir imbiero kvapo, 400 ml - MalinaShop.lt J\u016bs\u0173 sveikatai ir gro\u017eiui.","og_description":"YUNSEY m\u0117t\u0173 ir imbiero \u0161amp\u016bnas su neutraliu pH tinka vaikams nuo 3 m., kasdieniam naudojimui \u2013 \u0161velni, gaivi ir \u0161vari plauk\u0173 prie\u017ei\u016bra.","og_url":"https:\/\/www.malinashop.lt\/lt_lt\/shop\/yunsey-neutral-shampoo-mintginger-plauku-sampunas-metu-ir-imbiero-kvapo-400-ml\/","og_site_name":"MalinaShop.lt J\u016bs\u0173 sveikatai ir gro\u017eiui.","article_modified_time":"2026-02-12T19:15:42+00:00","og_image":[{"width":1000,"height":1000,"url":"https:\/\/www.malinashop.lt\/wp-content\/uploads\/2024\/11\/YUNSEY-NEUTRAL-SHAMPOO-MINTGINGER-plauku-sampunas-metu-ir-imbiero-kvapo-400-ml.jpg","type":"image\/jpeg"}],"twitter_card":"summary_large_image","schema":{"@context":"https:\/\/schema.org","@graph":[{"@type":"WebPage","@id":"https:\/\/www.malinashop.lt\/en\/shop\/yunsey-neutral-shampoo-mintginger-plauku-sampunas-metu-ir-imbiero-kvapo-400-ml\/","url":"https:\/\/www.malinashop.lt\/en\/shop\/yunsey-neutral-shampoo-mintginger-plauku-sampunas-metu-ir-imbiero-kvapo-400-ml\/","name":"YUNSEY NEUTRAL SHAMPOO MINT&GINGER plauk\u0173 \u0161amp\u016bnas m\u0117t\u0173 ir imbiero kvapo, 400 ml - MalinaShop.lt J\u016bs\u0173 sveikatai ir gro\u017eiui.","isPartOf":{"@id":"https:\/\/www.malinashop.lt\/#website"},"primaryImageOfPage":{"@id":"https:\/\/www.malinashop.lt\/en\/shop\/yunsey-neutral-shampoo-mintginger-plauku-sampunas-metu-ir-imbiero-kvapo-400-ml\/#primaryimage"},"image":{"@id":"https:\/\/www.malinashop.lt\/en\/shop\/yunsey-neutral-shampoo-mintginger-plauku-sampunas-metu-ir-imbiero-kvapo-400-ml\/#primaryimage"},"thumbnailUrl":"https:\/\/www.malinashop.lt\/wp-content\/uploads\/2024\/11\/YUNSEY-NEUTRAL-SHAMPOO-MINTGINGER-plauku-sampunas-metu-ir-imbiero-kvapo-400-ml.jpg","datePublished":"2024-11-06T12:51:28+00:00","dateModified":"2026-02-12T19:15:42+00:00","description":"YUNSEY m\u0117t\u0173 ir imbiero \u0161amp\u016bnas su neutraliu pH tinka vaikams nuo 3 m., kasdieniam naudojimui \u2013 \u0161velni, gaivi ir \u0161vari plauk\u0173 prie\u017ei\u016bra.","breadcrumb":{"@id":"https:\/\/www.malinashop.lt\/en\/shop\/yunsey-neutral-shampoo-mintginger-plauku-sampunas-metu-ir-imbiero-kvapo-400-ml\/#breadcrumb"},"inLanguage":"lt-LT","potentialAction":[{"@type":"ReadAction","target":["https:\/\/www.malinashop.lt\/en\/shop\/yunsey-neutral-shampoo-mintginger-plauku-sampunas-metu-ir-imbiero-kvapo-400-ml\/"]}]},{"@type":"ImageObject","inLanguage":"lt-LT","@id":"https:\/\/www.malinashop.lt\/en\/shop\/yunsey-neutral-shampoo-mintginger-plauku-sampunas-metu-ir-imbiero-kvapo-400-ml\/#primaryimage","url":"https:\/\/www.malinashop.lt\/wp-content\/uploads\/2024\/11\/YUNSEY-NEUTRAL-SHAMPOO-MINTGINGER-plauku-sampunas-metu-ir-imbiero-kvapo-400-ml.jpg","contentUrl":"https:\/\/www.malinashop.lt\/wp-content\/uploads\/2024\/11\/YUNSEY-NEUTRAL-SHAMPOO-MINTGINGER-plauku-sampunas-metu-ir-imbiero-kvapo-400-ml.jpg","width":1000,"height":1000},{"@type":"BreadcrumbList","@id":"https:\/\/www.malinashop.lt\/en\/shop\/yunsey-neutral-shampoo-mintginger-plauku-sampunas-metu-ir-imbiero-kvapo-400-ml\/#breadcrumb","itemListElement":[{"@type":"ListItem","position":1,"name":"Pagrindinis","item":"https:\/\/www.malinashop.lt\/"},{"@type":"ListItem","position":2,"name":"Parduotuv\u0117","item":"https:\/\/www.malinashop.lt\/en\/parduotuve\/"},{"@type":"ListItem","position":3,"name":"YUNSEY NEUTRAL SHAMPOO MINT&#038;GINGER plauk\u0173 \u0161amp\u016bnas m\u0117t\u0173 ir imbiero kvapo, 400 ml"}]},{"@type":"WebSite","@id":"https:\/\/www.malinashop.lt\/#website","url":"https:\/\/www.malinashop.lt\/","name":"COM Group Ecommerce","description":"MalinaShop.lt - Gro\u017eio ir sveikatos produktai i\u0161 patikim\u0173 preki\u0173 \u017eenkl\u0173. Atraskite auk\u0161tos kokyb\u0117s kosmetik\u0105 u\u017e puiki\u0105 kain\u0105.","publisher":{"@id":"https:\/\/www.malinashop.lt\/#organization"},"potentialAction":[{"@type":"SearchAction","target":{"@type":"EntryPoint","urlTemplate":"https:\/\/www.malinashop.lt\/?s={search_term_string}"},"query-input":{"@type":"PropertyValueSpecification","valueRequired":true,"valueName":"search_term_string"}}],"inLanguage":"lt-LT"},{"@type":"Organization","@id":"https:\/\/www.malinashop.lt\/#organization","name":"COM Group Ecommerce","url":"https:\/\/www.malinashop.lt\/","logo":{"@type":"ImageObject","inLanguage":"lt-LT","@id":"https:\/\/www.malinashop.lt\/#\/schema\/logo\/image\/","url":"https:\/\/www.malinashop.lt\/wp-content\/uploads\/2024\/08\/462559670_3787732518133670_9795632669273463_n-e1731525914575.png","contentUrl":"https:\/\/www.malinashop.lt\/wp-content\/uploads\/2024\/08\/462559670_3787732518133670_9795632669273463_n-e1731525914575.png","width":180,"height":60,"caption":"COM Group Ecommerce"},"image":{"@id":"https:\/\/www.malinashop.lt\/#\/schema\/logo\/image\/"}}]}},"jetpack_sharing_enabled":true,"_links":{"self":[{"href":"https:\/\/www.malinashop.lt\/lt_lt\/wp-json\/wp\/v2\/product\/19192","targetHints":{"allow":["GET"]}}],"collection":[{"href":"https:\/\/www.malinashop.lt\/lt_lt\/wp-json\/wp\/v2\/product"}],"about":[{"href":"https:\/\/www.malinashop.lt\/lt_lt\/wp-json\/wp\/v2\/types\/product"}],"version-history":[{"count":2,"href":"https:\/\/www.malinashop.lt\/lt_lt\/wp-json\/wp\/v2\/product\/19192\/revisions"}],"predecessor-version":[{"id":61428,"href":"https:\/\/www.malinashop.lt\/lt_lt\/wp-json\/wp\/v2\/product\/19192\/revisions\/61428"}],"wp:featuredmedia":[{"embeddable":true,"href":"https:\/\/www.malinashop.lt\/lt_lt\/wp-json\/wp\/v2\/media\/18646"}],"wp:attachment":[{"href":"https:\/\/www.malinashop.lt\/lt_lt\/wp-json\/wp\/v2\/media?parent=19192"}],"wp:term":[{"taxonomy":"product_brand","embeddable":true,"href":"https:\/\/www.malinashop.lt\/lt_lt\/wp-json\/wp\/v2\/product_brand?post=19192"},{"taxonomy":"product_cat","embeddable":true,"href":"https:\/\/www.malinashop.lt\/lt_lt\/wp-json\/wp\/v2\/product_cat?post=19192"},{"taxonomy":"product_tag","embeddable":true,"href":"https:\/\/www.malinashop.lt\/lt_lt\/wp-json\/wp\/v2\/product_tag?post=19192"}],"curies":[{"name":"wp","href":"https:\/\/api.w.org\/{rel}","templated":true}]}}