{"id":19190,"date":"2024-11-06T15:51:28","date_gmt":"2024-11-06T12:51:28","guid":{"rendered":"https:\/\/malinashop.lt\/produktas\/yunsey-neutral-shampoo-mango-plauku-sampunas-mangu-kvapo-400-ml\/"},"modified":"2026-03-15T23:31:57","modified_gmt":"2026-03-15T20:31:57","slug":"yunsey-neutral-shampoo-mango-plauku-sampunas-mangu-kvapo-400-ml","status":"publish","type":"product","link":"https:\/\/www.malinashop.lt\/lt_lt\/shop\/yunsey-neutral-shampoo-mango-plauku-sampunas-mangu-kvapo-400-ml\/","title":{"rendered":"YUNSEY NEUTRAL SHAMPOO MANGO plauk\u0173 \u0161amp\u016bnas mang\u0173 kvapo, 400 ml"},"content":{"rendered":"<p>YUNSEY \u0161amp\u016bnas su mango aromatu yra idealus pasirinkimas net vaikams vaikams, pradedant nuo 3 met\u0173. Su neutraliu pH lygiu, \u0161is \u0161amp\u016bnas akimirksniu suteikia plaukams mink\u0161tum\u0105 ir \u0161velnum\u0105. Puikiai pa\u0161alina ne\u0161varumus, i\u0161valo plaukus ir galvos od\u0105 iki gilumos. D\u0117l itin \u0161velnios formul\u0117s, \u0161amp\u016bnas yra tinkamas kasdieniam naudojimui, o \u017eavingas kvapas suteiks malonum\u0105 vis\u0105 dien\u0105 ir ilgai paliks plaukus kvepian\u010dius.<\/p>\n<p>Glicerinas yra \u017einomas d\u0117l savo intensyvaus dr\u0117kinamojo efekto ir puikaus toleravimo. Jis efektyviai pritraukia ir i\u0161laiko vanden\u012f, taip u\u017ekertant keli\u0105 plauk\u0173 saus\u0117jimui. Citrinos r\u016bg\u0161tis, gaunama i\u0161 citrusini\u0173 vaisi\u0173, naudojama reguliuoti pH ir suteikti kosmetikos produktams \u0161viesinam\u0173j\u0173 savybi\u0173 bei malonaus aromato.<\/p>\n<p>Naudojimo instrukcija: u\u017etepkite nedidel\u012f kiek\u012f \u0161amp\u016bno ant \u0161lapi\u0173 plauk\u0173 ir galvos odos, \u0161velniai \u012fmasa\u017euokite, tada kruop\u0161\u010diai nuplaukite. Jei reikia, proced\u016br\u0105 pakartokite. YUNSEY gervuogi\u0173 kvapo \u0161amp\u016bnas tinkamas kasdieniam naudojimui ir saugus vaikams nuo 3 met\u0173 am\u017eiaus.<\/p>\n<div class=\"text-tab text-tab-id-10\"><\/div>\n<div class=\"text-tab text-tab-id-11\">\n<p>&nbsp;<\/p>\n<\/div>\n","protected":false},"excerpt":{"rendered":"<p>YUNSEY \u0161amp\u016bnas su mango aromatu yra idealus pasirinkimas net vaikams vaikams, pradedant nuo 3 met\u0173. Su neutraliu pH lygiu, \u0161is \u0161amp\u016bnas akimirksniu&hellip;<\/p>\n","protected":false},"featured_media":18643,"template":"","meta":[],"product_brand":[513],"product_cat":[185],"product_tag":[1143],"class_list":{"0":"post-19190","1":"product","2":"type-product","3":"status-publish","4":"has-post-thumbnail","6":"product_brand-yunsey","7":"product_cat-plauku-sampunai","8":"product_tag-yunsey","10":"first","11":"outofstock","12":"sale","13":"taxable","14":"shipping-taxable","15":"purchasable","16":"product-type-simple"},"yoast_head":"<!-- This site is optimized with the Yoast SEO plugin v27.4 - https:\/\/yoast.com\/product\/yoast-seo-wordpress\/ -->\n<title>YUNSEY NEUTRAL SHAMPOO MANGO plauk\u0173 \u0161amp\u016bnas mang\u0173 kvapo, 400 ml - MalinaShop.lt J\u016bs\u0173 sveikatai ir gro\u017eiui.<\/title>\n<meta name=\"robots\" content=\"index, follow, max-snippet:-1, max-image-preview:large, max-video-preview:-1\" \/>\n<link rel=\"canonical\" href=\"https:\/\/www.malinashop.lt\/lt_lt\/shop\/yunsey-neutral-shampoo-mango-plauku-sampunas-mangu-kvapo-400-ml\/\" \/>\n<meta property=\"og:locale\" content=\"lt_LT\" \/>\n<meta property=\"og:type\" content=\"article\" \/>\n<meta property=\"og:title\" content=\"YUNSEY NEUTRAL SHAMPOO MANGO plauk\u0173 \u0161amp\u016bnas mang\u0173 kvapo, 400 ml - MalinaShop.lt J\u016bs\u0173 sveikatai ir gro\u017eiui.\" \/>\n<meta property=\"og:url\" content=\"https:\/\/www.malinashop.lt\/lt_lt\/shop\/yunsey-neutral-shampoo-mango-plauku-sampunas-mangu-kvapo-400-ml\/\" \/>\n<meta property=\"og:site_name\" content=\"MalinaShop.lt J\u016bs\u0173 sveikatai ir gro\u017eiui.\" \/>\n<meta property=\"article:modified_time\" content=\"2026-03-15T20:31:57+00:00\" \/>\n<meta property=\"og:image\" content=\"https:\/\/www.malinashop.lt\/wp-content\/uploads\/2024\/11\/YUNSEY-NEUTRAL-SHAMPOO-MANGO-plauku-sampunas-mangu-kvapo-400-ml.jpg\" \/>\n\t<meta property=\"og:image:width\" content=\"768\" \/>\n\t<meta property=\"og:image:height\" content=\"768\" \/>\n\t<meta property=\"og:image:type\" content=\"image\/jpeg\" \/>\n<meta name=\"twitter:card\" content=\"summary_large_image\" \/>\n<script type=\"application\/ld+json\" class=\"yoast-schema-graph\">{\"@context\":\"https:\\\/\\\/schema.org\",\"@graph\":[{\"@type\":\"WebPage\",\"@id\":\"https:\\\/\\\/www.malinashop.lt\\\/lt_lt\\\/shop\\\/yunsey-neutral-shampoo-mango-plauku-sampunas-mangu-kvapo-400-ml\\\/\",\"url\":\"https:\\\/\\\/www.malinashop.lt\\\/lt_lt\\\/shop\\\/yunsey-neutral-shampoo-mango-plauku-sampunas-mangu-kvapo-400-ml\\\/\",\"name\":\"YUNSEY NEUTRAL SHAMPOO MANGO plauk\u0173 \u0161amp\u016bnas mang\u0173 kvapo, 400 ml - MalinaShop.lt J\u016bs\u0173 sveikatai ir gro\u017eiui.\",\"isPartOf\":{\"@id\":\"https:\\\/\\\/www.malinashop.lt\\\/#website\"},\"primaryImageOfPage\":{\"@id\":\"https:\\\/\\\/www.malinashop.lt\\\/lt_lt\\\/shop\\\/yunsey-neutral-shampoo-mango-plauku-sampunas-mangu-kvapo-400-ml\\\/#primaryimage\"},\"image\":{\"@id\":\"https:\\\/\\\/www.malinashop.lt\\\/lt_lt\\\/shop\\\/yunsey-neutral-shampoo-mango-plauku-sampunas-mangu-kvapo-400-ml\\\/#primaryimage\"},\"thumbnailUrl\":\"https:\\\/\\\/www.malinashop.lt\\\/wp-content\\\/uploads\\\/2024\\\/11\\\/YUNSEY-NEUTRAL-SHAMPOO-MANGO-plauku-sampunas-mangu-kvapo-400-ml.jpg\",\"datePublished\":\"2024-11-06T12:51:28+00:00\",\"dateModified\":\"2026-03-15T20:31:57+00:00\",\"breadcrumb\":{\"@id\":\"https:\\\/\\\/www.malinashop.lt\\\/lt_lt\\\/shop\\\/yunsey-neutral-shampoo-mango-plauku-sampunas-mangu-kvapo-400-ml\\\/#breadcrumb\"},\"inLanguage\":\"lt-LT\",\"potentialAction\":[{\"@type\":\"ReadAction\",\"target\":[\"https:\\\/\\\/www.malinashop.lt\\\/lt_lt\\\/shop\\\/yunsey-neutral-shampoo-mango-plauku-sampunas-mangu-kvapo-400-ml\\\/\"]}]},{\"@type\":\"ImageObject\",\"inLanguage\":\"lt-LT\",\"@id\":\"https:\\\/\\\/www.malinashop.lt\\\/lt_lt\\\/shop\\\/yunsey-neutral-shampoo-mango-plauku-sampunas-mangu-kvapo-400-ml\\\/#primaryimage\",\"url\":\"https:\\\/\\\/www.malinashop.lt\\\/wp-content\\\/uploads\\\/2024\\\/11\\\/YUNSEY-NEUTRAL-SHAMPOO-MANGO-plauku-sampunas-mangu-kvapo-400-ml.jpg\",\"contentUrl\":\"https:\\\/\\\/www.malinashop.lt\\\/wp-content\\\/uploads\\\/2024\\\/11\\\/YUNSEY-NEUTRAL-SHAMPOO-MANGO-plauku-sampunas-mangu-kvapo-400-ml.jpg\",\"width\":768,\"height\":768},{\"@type\":\"BreadcrumbList\",\"@id\":\"https:\\\/\\\/www.malinashop.lt\\\/lt_lt\\\/shop\\\/yunsey-neutral-shampoo-mango-plauku-sampunas-mangu-kvapo-400-ml\\\/#breadcrumb\",\"itemListElement\":[{\"@type\":\"ListItem\",\"position\":1,\"name\":\"Pagrindinis\",\"item\":\"https:\\\/\\\/www.malinashop.lt\\\/\"},{\"@type\":\"ListItem\",\"position\":2,\"name\":\"Parduotuv\u0117\",\"item\":\"https:\\\/\\\/www.malinashop.lt\\\/en\\\/parduotuve\\\/\"},{\"@type\":\"ListItem\",\"position\":3,\"name\":\"YUNSEY NEUTRAL SHAMPOO MANGO plauk\u0173 \u0161amp\u016bnas mang\u0173 kvapo, 400 ml\"}]},{\"@type\":\"WebSite\",\"@id\":\"https:\\\/\\\/www.malinashop.lt\\\/#website\",\"url\":\"https:\\\/\\\/www.malinashop.lt\\\/\",\"name\":\"COM Group Ecommerce\",\"description\":\"MalinaShop.lt - Gro\u017eio ir sveikatos produktai i\u0161 patikim\u0173 preki\u0173 \u017eenkl\u0173. Atraskite auk\u0161tos kokyb\u0117s kosmetik\u0105 u\u017e puiki\u0105 kain\u0105.\",\"publisher\":{\"@id\":\"https:\\\/\\\/www.malinashop.lt\\\/#organization\"},\"potentialAction\":[{\"@type\":\"SearchAction\",\"target\":{\"@type\":\"EntryPoint\",\"urlTemplate\":\"https:\\\/\\\/www.malinashop.lt\\\/?s={search_term_string}\"},\"query-input\":{\"@type\":\"PropertyValueSpecification\",\"valueRequired\":true,\"valueName\":\"search_term_string\"}}],\"inLanguage\":\"lt-LT\"},{\"@type\":\"Organization\",\"@id\":\"https:\\\/\\\/www.malinashop.lt\\\/#organization\",\"name\":\"COM Group Ecommerce\",\"url\":\"https:\\\/\\\/www.malinashop.lt\\\/\",\"logo\":{\"@type\":\"ImageObject\",\"inLanguage\":\"lt-LT\",\"@id\":\"https:\\\/\\\/www.malinashop.lt\\\/#\\\/schema\\\/logo\\\/image\\\/\",\"url\":\"https:\\\/\\\/www.malinashop.lt\\\/wp-content\\\/uploads\\\/2024\\\/08\\\/462559670_3787732518133670_9795632669273463_n-e1731525914575.png\",\"contentUrl\":\"https:\\\/\\\/www.malinashop.lt\\\/wp-content\\\/uploads\\\/2024\\\/08\\\/462559670_3787732518133670_9795632669273463_n-e1731525914575.png\",\"width\":180,\"height\":60,\"caption\":\"COM Group Ecommerce\"},\"image\":{\"@id\":\"https:\\\/\\\/www.malinashop.lt\\\/#\\\/schema\\\/logo\\\/image\\\/\"}}]}<\/script>\n<!-- \/ Yoast SEO plugin. -->","yoast_head_json":{"title":"YUNSEY NEUTRAL SHAMPOO MANGO plauk\u0173 \u0161amp\u016bnas mang\u0173 kvapo, 400 ml - MalinaShop.lt J\u016bs\u0173 sveikatai ir gro\u017eiui.","robots":{"index":"index","follow":"follow","max-snippet":"max-snippet:-1","max-image-preview":"max-image-preview:large","max-video-preview":"max-video-preview:-1"},"canonical":"https:\/\/www.malinashop.lt\/lt_lt\/shop\/yunsey-neutral-shampoo-mango-plauku-sampunas-mangu-kvapo-400-ml\/","og_locale":"lt_LT","og_type":"article","og_title":"YUNSEY NEUTRAL SHAMPOO MANGO plauk\u0173 \u0161amp\u016bnas mang\u0173 kvapo, 400 ml - MalinaShop.lt J\u016bs\u0173 sveikatai ir gro\u017eiui.","og_url":"https:\/\/www.malinashop.lt\/lt_lt\/shop\/yunsey-neutral-shampoo-mango-plauku-sampunas-mangu-kvapo-400-ml\/","og_site_name":"MalinaShop.lt J\u016bs\u0173 sveikatai ir gro\u017eiui.","article_modified_time":"2026-03-15T20:31:57+00:00","og_image":[{"width":768,"height":768,"url":"https:\/\/www.malinashop.lt\/wp-content\/uploads\/2024\/11\/YUNSEY-NEUTRAL-SHAMPOO-MANGO-plauku-sampunas-mangu-kvapo-400-ml.jpg","type":"image\/jpeg"}],"twitter_card":"summary_large_image","schema":{"@context":"https:\/\/schema.org","@graph":[{"@type":"WebPage","@id":"https:\/\/www.malinashop.lt\/lt_lt\/shop\/yunsey-neutral-shampoo-mango-plauku-sampunas-mangu-kvapo-400-ml\/","url":"https:\/\/www.malinashop.lt\/lt_lt\/shop\/yunsey-neutral-shampoo-mango-plauku-sampunas-mangu-kvapo-400-ml\/","name":"YUNSEY NEUTRAL SHAMPOO MANGO plauk\u0173 \u0161amp\u016bnas mang\u0173 kvapo, 400 ml - MalinaShop.lt J\u016bs\u0173 sveikatai ir gro\u017eiui.","isPartOf":{"@id":"https:\/\/www.malinashop.lt\/#website"},"primaryImageOfPage":{"@id":"https:\/\/www.malinashop.lt\/lt_lt\/shop\/yunsey-neutral-shampoo-mango-plauku-sampunas-mangu-kvapo-400-ml\/#primaryimage"},"image":{"@id":"https:\/\/www.malinashop.lt\/lt_lt\/shop\/yunsey-neutral-shampoo-mango-plauku-sampunas-mangu-kvapo-400-ml\/#primaryimage"},"thumbnailUrl":"https:\/\/www.malinashop.lt\/wp-content\/uploads\/2024\/11\/YUNSEY-NEUTRAL-SHAMPOO-MANGO-plauku-sampunas-mangu-kvapo-400-ml.jpg","datePublished":"2024-11-06T12:51:28+00:00","dateModified":"2026-03-15T20:31:57+00:00","breadcrumb":{"@id":"https:\/\/www.malinashop.lt\/lt_lt\/shop\/yunsey-neutral-shampoo-mango-plauku-sampunas-mangu-kvapo-400-ml\/#breadcrumb"},"inLanguage":"lt-LT","potentialAction":[{"@type":"ReadAction","target":["https:\/\/www.malinashop.lt\/lt_lt\/shop\/yunsey-neutral-shampoo-mango-plauku-sampunas-mangu-kvapo-400-ml\/"]}]},{"@type":"ImageObject","inLanguage":"lt-LT","@id":"https:\/\/www.malinashop.lt\/lt_lt\/shop\/yunsey-neutral-shampoo-mango-plauku-sampunas-mangu-kvapo-400-ml\/#primaryimage","url":"https:\/\/www.malinashop.lt\/wp-content\/uploads\/2024\/11\/YUNSEY-NEUTRAL-SHAMPOO-MANGO-plauku-sampunas-mangu-kvapo-400-ml.jpg","contentUrl":"https:\/\/www.malinashop.lt\/wp-content\/uploads\/2024\/11\/YUNSEY-NEUTRAL-SHAMPOO-MANGO-plauku-sampunas-mangu-kvapo-400-ml.jpg","width":768,"height":768},{"@type":"BreadcrumbList","@id":"https:\/\/www.malinashop.lt\/lt_lt\/shop\/yunsey-neutral-shampoo-mango-plauku-sampunas-mangu-kvapo-400-ml\/#breadcrumb","itemListElement":[{"@type":"ListItem","position":1,"name":"Pagrindinis","item":"https:\/\/www.malinashop.lt\/"},{"@type":"ListItem","position":2,"name":"Parduotuv\u0117","item":"https:\/\/www.malinashop.lt\/en\/parduotuve\/"},{"@type":"ListItem","position":3,"name":"YUNSEY NEUTRAL SHAMPOO MANGO plauk\u0173 \u0161amp\u016bnas mang\u0173 kvapo, 400 ml"}]},{"@type":"WebSite","@id":"https:\/\/www.malinashop.lt\/#website","url":"https:\/\/www.malinashop.lt\/","name":"COM Group Ecommerce","description":"MalinaShop.lt - Gro\u017eio ir sveikatos produktai i\u0161 patikim\u0173 preki\u0173 \u017eenkl\u0173. Atraskite auk\u0161tos kokyb\u0117s kosmetik\u0105 u\u017e puiki\u0105 kain\u0105.","publisher":{"@id":"https:\/\/www.malinashop.lt\/#organization"},"potentialAction":[{"@type":"SearchAction","target":{"@type":"EntryPoint","urlTemplate":"https:\/\/www.malinashop.lt\/?s={search_term_string}"},"query-input":{"@type":"PropertyValueSpecification","valueRequired":true,"valueName":"search_term_string"}}],"inLanguage":"lt-LT"},{"@type":"Organization","@id":"https:\/\/www.malinashop.lt\/#organization","name":"COM Group Ecommerce","url":"https:\/\/www.malinashop.lt\/","logo":{"@type":"ImageObject","inLanguage":"lt-LT","@id":"https:\/\/www.malinashop.lt\/#\/schema\/logo\/image\/","url":"https:\/\/www.malinashop.lt\/wp-content\/uploads\/2024\/08\/462559670_3787732518133670_9795632669273463_n-e1731525914575.png","contentUrl":"https:\/\/www.malinashop.lt\/wp-content\/uploads\/2024\/08\/462559670_3787732518133670_9795632669273463_n-e1731525914575.png","width":180,"height":60,"caption":"COM Group Ecommerce"},"image":{"@id":"https:\/\/www.malinashop.lt\/#\/schema\/logo\/image\/"}}]}},"jetpack_sharing_enabled":true,"_links":{"self":[{"href":"https:\/\/www.malinashop.lt\/lt_lt\/wp-json\/wp\/v2\/product\/19190","targetHints":{"allow":["GET"]}}],"collection":[{"href":"https:\/\/www.malinashop.lt\/lt_lt\/wp-json\/wp\/v2\/product"}],"about":[{"href":"https:\/\/www.malinashop.lt\/lt_lt\/wp-json\/wp\/v2\/types\/product"}],"version-history":[{"count":2,"href":"https:\/\/www.malinashop.lt\/lt_lt\/wp-json\/wp\/v2\/product\/19190\/revisions"}],"predecessor-version":[{"id":61999,"href":"https:\/\/www.malinashop.lt\/lt_lt\/wp-json\/wp\/v2\/product\/19190\/revisions\/61999"}],"wp:featuredmedia":[{"embeddable":true,"href":"https:\/\/www.malinashop.lt\/lt_lt\/wp-json\/wp\/v2\/media\/18643"}],"wp:attachment":[{"href":"https:\/\/www.malinashop.lt\/lt_lt\/wp-json\/wp\/v2\/media?parent=19190"}],"wp:term":[{"taxonomy":"product_brand","embeddable":true,"href":"https:\/\/www.malinashop.lt\/lt_lt\/wp-json\/wp\/v2\/product_brand?post=19190"},{"taxonomy":"product_cat","embeddable":true,"href":"https:\/\/www.malinashop.lt\/lt_lt\/wp-json\/wp\/v2\/product_cat?post=19190"},{"taxonomy":"product_tag","embeddable":true,"href":"https:\/\/www.malinashop.lt\/lt_lt\/wp-json\/wp\/v2\/product_tag?post=19190"}],"curies":[{"name":"wp","href":"https:\/\/api.w.org\/{rel}","templated":true}]}}