{"id":57833,"date":"2025-08-27T12:18:47","date_gmt":"2025-08-27T09:18:47","guid":{"rendered":"https:\/\/malinashop.lt\/?page_id=57833"},"modified":"2025-08-27T14:23:12","modified_gmt":"2025-08-27T11:23:12","slug":"bendradarbiaukime","status":"publish","type":"page","link":"https:\/\/www.malinashop.lt\/lt_lt\/bendradarbiaukime\/","title":{"rendered":"Bendradarbiaukime"},"content":{"rendered":"<h1 data-start=\"148\" data-end=\"187\">BENDRADARBIAVIMO PASI\u016aLYMAS<\/h1>\n<h3 data-start=\"189\" data-end=\"246\">LUMINEO \u2013 inovatyv\u016bs gro\u017eio sprendimai J\u016bs\u0173 verslui<\/h3>\n<p data-start=\"248\" data-end=\"474\">LUMINEO produkcija \u2013 tai modern\u016bs prietaisai, kurie leid\u017eia klientams namuose sukurti <strong data-start=\"334\" data-end=\"355\">mini SPA ritualus<\/strong>, o plauk\u0173 prie\u017ei\u016brai si\u016blo vienintel\u012f rinkoje tok\u012f sprendim\u0105 \u2013 <strong data-start=\"419\" data-end=\"471\">galing\u0105 plauk\u0173 d\u017eiovintuv\u0105 su serumo difuzoriumi<\/strong>.<\/p>\n<p data-start=\"476\" data-end=\"633\">M\u016bs\u0173 produktai i\u0161siskiria inovatyvumu, funkcionalumu ir patraukliu dizainu, tod\u0117l tampa puikiu pasirinkimu tiek galutiniam vartotojui, tiek profesionalams.<\/p>\n<h3 data-start=\"640\" data-end=\"674\">KOD\u0116L VERTA TAPTI PARTNERIU?<\/h3>\n<ul data-start=\"675\" data-end=\"918\">\n<li data-start=\"675\" data-end=\"739\">\n<p data-start=\"677\" data-end=\"739\">Greitas preki\u0173 pristatymas ir nuolatin\u0117s atsargos sand\u0117lyje.<\/p>\n<\/li>\n<li data-start=\"740\" data-end=\"790\">\n<p data-start=\"742\" data-end=\"790\">Auk\u0161tos kokyb\u0117s produktai su paklausa rinkoje.<\/p>\n<\/li>\n<li data-start=\"791\" data-end=\"852\">\n<p data-start=\"793\" data-end=\"852\">Partneri\u0173 palaikymas bei individual\u016bs sprendimai verslui.<\/p>\n<\/li>\n<li data-start=\"853\" data-end=\"918\">\n<p data-start=\"855\" data-end=\"918\">Galimyb\u0117 dirbti tiek su ma\u017eais, tiek su dideliais u\u017esakymais.<\/p>\n<\/li>\n<\/ul>\n<h3 data-start=\"925\" data-end=\"949\">NAUDA J\u016aS\u0172 VERSLUI<\/h3>\n<ul data-start=\"950\" data-end=\"1281\">\n<li data-start=\"950\" data-end=\"1037\">\n<p data-start=\"952\" data-end=\"1037\">Galimyb\u0117 \u012ftraukti \u012f asortiment\u0105 i\u0161skirtinius produktus, kuri\u0173 n\u0117ra pas konkurentus.<\/p>\n<\/li>\n<li data-start=\"1038\" data-end=\"1096\">\n<p data-start=\"1040\" data-end=\"1096\">Nauji klientai, ie\u0161kantys inovatyvi\u0173 gro\u017eio sprendim\u0173.<\/p>\n<\/li>\n<li data-start=\"1097\" data-end=\"1194\">\n<p data-start=\"1099\" data-end=\"1194\">Bendradarbiavimas su preki\u0173 \u017eenklu, kuris siejamas su <strong data-start=\"1153\" data-end=\"1191\">kokybe, inovacijomis ir patikimumu<\/strong>.<\/p>\n<\/li>\n<li data-start=\"1195\" data-end=\"1281\">\n<p data-start=\"1197\" data-end=\"1281\">Produkcija, tinkanti tiek <strong data-start=\"1223\" data-end=\"1242\">nam\u0173 vartotojui<\/strong>, tiek <strong data-start=\"1249\" data-end=\"1278\">profesionaliam naudojimui<\/strong>.<\/p>\n<\/li>\n<li data-start=\"1195\" data-end=\"1281\"><\/li>\n<li data-start=\"1195\" data-end=\"1281\">\n<p data-start=\"1197\" data-end=\"1281\">Kvie\u010diame prisijungti prie m\u016bs\u0173 partneri\u0173 tinklo ir kartu pl\u0117sti inovatyvios gro\u017eio technikos prieinamum\u0105.<\/p>\n<\/li>\n<\/ul>\n<p data-start=\"1398\" data-end=\"1510\">\ud83d\udc49 Daugiau apie LUMINEO: <a class=\"decorated-link\" href=\"https:\/\/malinashop.lt\/gamintojas\/lumineo\/\" target=\"_new\" rel=\"noopener\" data-start=\"1423\" data-end=\"1508\">malinashop.lt\/gamintojas\/lumineo<\/a><\/p>\n<p data-start=\"1398\" data-end=\"1510\"><img fetchpriority=\"high\" decoding=\"async\" class=\"alignnone size-medium wp-image-57708\" src=\"https:\/\/malinashop.lt\/wp-content\/uploads\/2025\/08\/NC1A6964-460x307.jpg\" alt=\"\" width=\"460\" height=\"307\" srcset=\"https:\/\/www.malinashop.lt\/wp-content\/uploads\/2025\/08\/NC1A6964-460x307.jpg 460w, https:\/\/www.malinashop.lt\/wp-content\/uploads\/2025\/08\/NC1A6964-scaled-scaled-100x67.jpg 100w, https:\/\/www.malinashop.lt\/wp-content\/uploads\/2025\/08\/NC1A6964-scaled-scaled-1000x667.jpg 1000w, https:\/\/www.malinashop.lt\/wp-content\/uploads\/2025\/08\/NC1A6964-1520x1013.jpg 1520w, https:\/\/www.malinashop.lt\/wp-content\/uploads\/2025\/08\/NC1A6964-760x507.jpg 760w, https:\/\/www.malinashop.lt\/wp-content\/uploads\/2025\/08\/NC1A6964-18x12.jpg 18w, https:\/\/www.malinashop.lt\/wp-content\/uploads\/2025\/08\/NC1A6964-920x613.jpg 920w, https:\/\/www.malinashop.lt\/wp-content\/uploads\/2025\/08\/NC1A6964-218x145.jpg 218w, https:\/\/www.malinashop.lt\/wp-content\/uploads\/2025\/08\/NC1A6964-435x290.jpg 435w\" sizes=\"(max-width: 460px) 100vw, 460px\" \/><\/p>\n<p><iframe title=\"Lumineo Brush Pro  #veidoprie\u017ei\u016bra #skincare #beauty\" width=\"563\" height=\"1000\" src=\"https:\/\/www.youtube.com\/embed\/Yk8E6IFLPV4?feature=oembed\" frameborder=\"0\" allow=\"accelerometer; autoplay; clipboard-write; encrypted-media; gyroscope; picture-in-picture; web-share\" referrerpolicy=\"strict-origin-when-cross-origin\" allowfullscreen><\/iframe><\/p>\n","protected":false},"excerpt":{"rendered":"<p>BENDRADARBIAVIMO PASI\u016aLYMAS LUMINEO \u2013 inovatyv\u016bs gro\u017eio sprendimai J\u016bs\u0173 verslui LUMINEO produkcija \u2013 tai modern\u016bs prietaisai, kurie leid\u017eia klientams namuose sukurti mini SPA&hellip;<\/p>\n","protected":false},"author":1,"featured_media":0,"parent":0,"menu_order":0,"comment_status":"closed","ping_status":"closed","template":"","meta":{"footnotes":""},"class_list":["post-57833","page","type-page","status-publish","hentry"],"yoast_head":"<!-- This site is optimized with the Yoast SEO plugin v27.3 - https:\/\/yoast.com\/product\/yoast-seo-wordpress\/ -->\n<title>Bendradarbiaukime - MalinaShop.lt J\u016bs\u0173 sveikatai ir gro\u017eiui.<\/title>\n<meta name=\"robots\" content=\"index, follow, max-snippet:-1, max-image-preview:large, max-video-preview:-1\" \/>\n<link rel=\"canonical\" href=\"https:\/\/www.malinashop.lt\/lt_lt\/bendradarbiaukime\/\" \/>\n<meta property=\"og:locale\" content=\"lt_LT\" \/>\n<meta property=\"og:type\" content=\"article\" \/>\n<meta property=\"og:title\" content=\"Bendradarbiaukime - MalinaShop.lt J\u016bs\u0173 sveikatai ir gro\u017eiui.\" \/>\n<meta property=\"og:url\" content=\"https:\/\/www.malinashop.lt\/lt_lt\/bendradarbiaukime\/\" \/>\n<meta property=\"og:site_name\" content=\"MalinaShop.lt J\u016bs\u0173 sveikatai ir gro\u017eiui.\" \/>\n<meta property=\"article:modified_time\" content=\"2025-08-27T11:23:12+00:00\" \/>\n<meta property=\"og:image\" content=\"https:\/\/malinashop.lt\/wp-content\/uploads\/2025\/08\/NC1A6964-460x307.jpg\" \/>\n<meta name=\"twitter:card\" content=\"summary_large_image\" \/>\n<script type=\"application\/ld+json\" class=\"yoast-schema-graph\">{\"@context\":\"https:\\\/\\\/schema.org\",\"@graph\":[{\"@type\":\"WebPage\",\"@id\":\"https:\\\/\\\/www.malinashop.lt\\\/lt_lt\\\/bendradarbiaukime\\\/\",\"url\":\"https:\\\/\\\/www.malinashop.lt\\\/lt_lt\\\/bendradarbiaukime\\\/\",\"name\":\"Bendradarbiaukime - MalinaShop.lt J\u016bs\u0173 sveikatai ir gro\u017eiui.\",\"isPartOf\":{\"@id\":\"https:\\\/\\\/www.malinashop.lt\\\/en\\\/#website\"},\"primaryImageOfPage\":{\"@id\":\"https:\\\/\\\/www.malinashop.lt\\\/lt_lt\\\/bendradarbiaukime\\\/#primaryimage\"},\"image\":{\"@id\":\"https:\\\/\\\/www.malinashop.lt\\\/lt_lt\\\/bendradarbiaukime\\\/#primaryimage\"},\"thumbnailUrl\":\"https:\\\/\\\/malinashop.lt\\\/wp-content\\\/uploads\\\/2025\\\/08\\\/NC1A6964-460x307.jpg\",\"datePublished\":\"2025-08-27T09:18:47+00:00\",\"dateModified\":\"2025-08-27T11:23:12+00:00\",\"breadcrumb\":{\"@id\":\"https:\\\/\\\/www.malinashop.lt\\\/lt_lt\\\/bendradarbiaukime\\\/#breadcrumb\"},\"inLanguage\":\"lt-LT\",\"potentialAction\":[{\"@type\":\"ReadAction\",\"target\":[\"https:\\\/\\\/www.malinashop.lt\\\/lt_lt\\\/bendradarbiaukime\\\/\"]}]},{\"@type\":\"ImageObject\",\"inLanguage\":\"lt-LT\",\"@id\":\"https:\\\/\\\/www.malinashop.lt\\\/lt_lt\\\/bendradarbiaukime\\\/#primaryimage\",\"url\":\"https:\\\/\\\/malinashop.lt\\\/wp-content\\\/uploads\\\/2025\\\/08\\\/NC1A6964-460x307.jpg\",\"contentUrl\":\"https:\\\/\\\/malinashop.lt\\\/wp-content\\\/uploads\\\/2025\\\/08\\\/NC1A6964-460x307.jpg\"},{\"@type\":\"BreadcrumbList\",\"@id\":\"https:\\\/\\\/www.malinashop.lt\\\/lt_lt\\\/bendradarbiaukime\\\/#breadcrumb\",\"itemListElement\":[{\"@type\":\"ListItem\",\"position\":1,\"name\":\"Home\",\"item\":\"https:\\\/\\\/www.malinashop.lt\\\/en\\\/\"},{\"@type\":\"ListItem\",\"position\":2,\"name\":\"Bendradarbiaukime\"}]},{\"@type\":\"WebSite\",\"@id\":\"https:\\\/\\\/www.malinashop.lt\\\/en\\\/#website\",\"url\":\"https:\\\/\\\/www.malinashop.lt\\\/en\\\/\",\"name\":\"COM Group Ecommerce\",\"description\":\"MalinaShop.lt - Gro\u017eio ir sveikatos produktai i\u0161 patikim\u0173 preki\u0173 \u017eenkl\u0173. Atraskite auk\u0161tos kokyb\u0117s kosmetik\u0105 u\u017e puiki\u0105 kain\u0105.\",\"publisher\":{\"@id\":\"https:\\\/\\\/www.malinashop.lt\\\/en\\\/#organization\"},\"potentialAction\":[{\"@type\":\"SearchAction\",\"target\":{\"@type\":\"EntryPoint\",\"urlTemplate\":\"https:\\\/\\\/www.malinashop.lt\\\/en\\\/?s={search_term_string}\"},\"query-input\":{\"@type\":\"PropertyValueSpecification\",\"valueRequired\":true,\"valueName\":\"search_term_string\"}}],\"inLanguage\":\"lt-LT\"},{\"@type\":\"Organization\",\"@id\":\"https:\\\/\\\/www.malinashop.lt\\\/en\\\/#organization\",\"name\":\"COM Group Ecommerce\",\"url\":\"https:\\\/\\\/www.malinashop.lt\\\/en\\\/\",\"logo\":{\"@type\":\"ImageObject\",\"inLanguage\":\"lt-LT\",\"@id\":\"https:\\\/\\\/www.malinashop.lt\\\/en\\\/#\\\/schema\\\/logo\\\/image\\\/\",\"url\":\"https:\\\/\\\/www.malinashop.lt\\\/wp-content\\\/uploads\\\/2024\\\/08\\\/462559670_3787732518133670_9795632669273463_n-e1731525914575.png\",\"contentUrl\":\"https:\\\/\\\/www.malinashop.lt\\\/wp-content\\\/uploads\\\/2024\\\/08\\\/462559670_3787732518133670_9795632669273463_n-e1731525914575.png\",\"width\":180,\"height\":60,\"caption\":\"COM Group Ecommerce\"},\"image\":{\"@id\":\"https:\\\/\\\/www.malinashop.lt\\\/en\\\/#\\\/schema\\\/logo\\\/image\\\/\"}}]}<\/script>\n<!-- \/ Yoast SEO plugin. -->","yoast_head_json":{"title":"Bendradarbiaukime - MalinaShop.lt J\u016bs\u0173 sveikatai ir gro\u017eiui.","robots":{"index":"index","follow":"follow","max-snippet":"max-snippet:-1","max-image-preview":"max-image-preview:large","max-video-preview":"max-video-preview:-1"},"canonical":"https:\/\/www.malinashop.lt\/lt_lt\/bendradarbiaukime\/","og_locale":"lt_LT","og_type":"article","og_title":"Bendradarbiaukime - MalinaShop.lt J\u016bs\u0173 sveikatai ir gro\u017eiui.","og_url":"https:\/\/www.malinashop.lt\/lt_lt\/bendradarbiaukime\/","og_site_name":"MalinaShop.lt J\u016bs\u0173 sveikatai ir gro\u017eiui.","article_modified_time":"2025-08-27T11:23:12+00:00","og_image":[{"url":"https:\/\/malinashop.lt\/wp-content\/uploads\/2025\/08\/NC1A6964-460x307.jpg","type":"","width":"","height":""}],"twitter_card":"summary_large_image","schema":{"@context":"https:\/\/schema.org","@graph":[{"@type":"WebPage","@id":"https:\/\/www.malinashop.lt\/lt_lt\/bendradarbiaukime\/","url":"https:\/\/www.malinashop.lt\/lt_lt\/bendradarbiaukime\/","name":"Bendradarbiaukime - MalinaShop.lt J\u016bs\u0173 sveikatai ir gro\u017eiui.","isPartOf":{"@id":"https:\/\/www.malinashop.lt\/en\/#website"},"primaryImageOfPage":{"@id":"https:\/\/www.malinashop.lt\/lt_lt\/bendradarbiaukime\/#primaryimage"},"image":{"@id":"https:\/\/www.malinashop.lt\/lt_lt\/bendradarbiaukime\/#primaryimage"},"thumbnailUrl":"https:\/\/malinashop.lt\/wp-content\/uploads\/2025\/08\/NC1A6964-460x307.jpg","datePublished":"2025-08-27T09:18:47+00:00","dateModified":"2025-08-27T11:23:12+00:00","breadcrumb":{"@id":"https:\/\/www.malinashop.lt\/lt_lt\/bendradarbiaukime\/#breadcrumb"},"inLanguage":"lt-LT","potentialAction":[{"@type":"ReadAction","target":["https:\/\/www.malinashop.lt\/lt_lt\/bendradarbiaukime\/"]}]},{"@type":"ImageObject","inLanguage":"lt-LT","@id":"https:\/\/www.malinashop.lt\/lt_lt\/bendradarbiaukime\/#primaryimage","url":"https:\/\/malinashop.lt\/wp-content\/uploads\/2025\/08\/NC1A6964-460x307.jpg","contentUrl":"https:\/\/malinashop.lt\/wp-content\/uploads\/2025\/08\/NC1A6964-460x307.jpg"},{"@type":"BreadcrumbList","@id":"https:\/\/www.malinashop.lt\/lt_lt\/bendradarbiaukime\/#breadcrumb","itemListElement":[{"@type":"ListItem","position":1,"name":"Home","item":"https:\/\/www.malinashop.lt\/en\/"},{"@type":"ListItem","position":2,"name":"Bendradarbiaukime"}]},{"@type":"WebSite","@id":"https:\/\/www.malinashop.lt\/en\/#website","url":"https:\/\/www.malinashop.lt\/en\/","name":"COM Group Ecommerce","description":"MalinaShop.lt - Gro\u017eio ir sveikatos produktai i\u0161 patikim\u0173 preki\u0173 \u017eenkl\u0173. Atraskite auk\u0161tos kokyb\u0117s kosmetik\u0105 u\u017e puiki\u0105 kain\u0105.","publisher":{"@id":"https:\/\/www.malinashop.lt\/en\/#organization"},"potentialAction":[{"@type":"SearchAction","target":{"@type":"EntryPoint","urlTemplate":"https:\/\/www.malinashop.lt\/en\/?s={search_term_string}"},"query-input":{"@type":"PropertyValueSpecification","valueRequired":true,"valueName":"search_term_string"}}],"inLanguage":"lt-LT"},{"@type":"Organization","@id":"https:\/\/www.malinashop.lt\/en\/#organization","name":"COM Group Ecommerce","url":"https:\/\/www.malinashop.lt\/en\/","logo":{"@type":"ImageObject","inLanguage":"lt-LT","@id":"https:\/\/www.malinashop.lt\/en\/#\/schema\/logo\/image\/","url":"https:\/\/www.malinashop.lt\/wp-content\/uploads\/2024\/08\/462559670_3787732518133670_9795632669273463_n-e1731525914575.png","contentUrl":"https:\/\/www.malinashop.lt\/wp-content\/uploads\/2024\/08\/462559670_3787732518133670_9795632669273463_n-e1731525914575.png","width":180,"height":60,"caption":"COM Group Ecommerce"},"image":{"@id":"https:\/\/www.malinashop.lt\/en\/#\/schema\/logo\/image\/"}}]}},"jetpack_sharing_enabled":true,"_links":{"self":[{"href":"https:\/\/www.malinashop.lt\/lt_lt\/wp-json\/wp\/v2\/pages\/57833","targetHints":{"allow":["GET"]}}],"collection":[{"href":"https:\/\/www.malinashop.lt\/lt_lt\/wp-json\/wp\/v2\/pages"}],"about":[{"href":"https:\/\/www.malinashop.lt\/lt_lt\/wp-json\/wp\/v2\/types\/page"}],"author":[{"embeddable":true,"href":"https:\/\/www.malinashop.lt\/lt_lt\/wp-json\/wp\/v2\/users\/1"}],"replies":[{"embeddable":true,"href":"https:\/\/www.malinashop.lt\/lt_lt\/wp-json\/wp\/v2\/comments?post=57833"}],"version-history":[{"count":0,"href":"https:\/\/www.malinashop.lt\/lt_lt\/wp-json\/wp\/v2\/pages\/57833\/revisions"}],"wp:attachment":[{"href":"https:\/\/www.malinashop.lt\/lt_lt\/wp-json\/wp\/v2\/media?parent=57833"}],"curies":[{"name":"wp","href":"https:\/\/api.w.org\/{rel}","templated":true}]}}