{"id":21512,"date":"2024-11-12T18:40:34","date_gmt":"2024-11-12T15:40:34","guid":{"rendered":"https:\/\/malinashop.lt\/?page_id=21512"},"modified":"2025-04-14T12:02:28","modified_gmt":"2025-04-14T09:02:28","slug":"prekiu-grazinimo-salygos","status":"publish","type":"page","link":"https:\/\/www.malinashop.lt\/lt_lt\/pristatymas-ir-grazinimas\/prekiu-grazinimo-salygos\/","title":{"rendered":"Preki\u0173 gr\u0105\u017einimo s\u0105lygos"},"content":{"rendered":"\r\n<div id=\"middle_content\" class=\"grid_60\">\r\n<div id=\"heading1\" class=\"grid_60 mt5 alpha omega\">\r\n<h1 class=\"wp-block-heading\">Preki\u0173 gr\u0105\u017einimo s\u0105lygos<\/h1>\r\n<\/div>\r\n<\/div>\r\n<div id=\"content-inside-wrap\" class=\"grid_60\">\r\n<div class=\"cat-body mt10 fck \">\r\n<p>Prek\u0117s, \u012fsigytos MalinaShop.lt pagal nuotolines ar ne prekybos patalpose sudarytas vartojimo pirkimo-pardavimo sutartis, gr\u0105\u017einamos vadovaujantis Civilinio kodekso 6.228(10) ir 6.228(11) straipsniais.<\/p>\r\n<p>Nor\u0117damas gr\u0105\u017einti kokybi\u0161k\u0105 prek\u0119 (-es), pirk\u0117jas turi prane\u0161ti pardav\u0117jui ra\u0161tu (el. pa\u0161tu)\u00a0<\/p>\r\n<p class=\"\" data-start=\"274\" data-end=\"717\">Pirk\u0117jas turi teis\u0119 per 14 kalendorini\u0173 dien\u0173 nuo preki\u0173 pristatymo dienos gr\u0105\u017einti Pardav\u0117jui tik kokyb\u0117s neatitinkan\u010dias ar netinkamas prekes. Gr\u0105\u017einama prek\u0117 turi b\u016bti nenaudota, nesugadinta, nepraradusi prekin\u0117s i\u0161vaizdos, i\u0161laikiusi originali\u0105, tvarking\u0105 pakuot\u0119 ir vis\u0105 komplektacij\u0105. Etiket\u0117s, apsaugin\u0117s pl\u0117vel\u0117s ir kiti original\u016bs \u017eenklinimo elementai turi b\u016bti nepa\u017eeisti. \u0160ie reikalavimai netaikomi, jei gr\u0105\u017einama nekokybi\u0161ka prek\u0117.<\/p>\r\n<p class=\"\" data-start=\"719\" data-end=\"850\">Pardav\u0117jas neatsako u\u017e preki\u0173 sugadinim\u0105 d\u0117l netinkamo naudojimo ar pa\u017eeidim\u0173, atsiradusi\u0173 siuntimo metu d\u0117l tre\u010di\u0173j\u0173 \u0161ali\u0173 kalt\u0117s.<\/p>\r\n<p class=\"\" data-start=\"852\" data-end=\"1133\">Pirk\u0117jo pageidavimu nekokybi\u0161ka prek\u0117 gali b\u016bti pakeista analogi\u0161ka, o jei to padaryti ne\u012fmanoma \u2013 u\u017e j\u0105 gr\u0105\u017einama visa sumok\u0117ta suma, \u012fskaitant pristatymo i\u0161laidas. Pinigai gr\u0105\u017einami bankiniu pavedimu \u012f Pirk\u0117jo nurodyt\u0105 s\u0105skait\u0105 per 14 darbo dien\u0173 nuo preki\u0173 gavimo ir \u012fvertinimo.<\/p>\r\n<p class=\"\" data-start=\"1135\" data-end=\"1370\">Jei prek\u0117s gr\u0105\u017einamos ar kei\u010diamos d\u0117l kokyb\u0117s neatitikim\u0173 arba gavus ne tas prekes, visas su pristatymu susijusias i\u0161laidas padengia Pardav\u0117jas. Kitais atvejais (kei\u010diant ar gr\u0105\u017einant kokybi\u0161kas prekes) pa\u0161to i\u0161laidas apmoka Pirk\u0117jas.<\/p>\r\n<p class=\"\" data-start=\"1372\" data-end=\"1554\">Visos gr\u0105\u017einamos prek\u0117s turi b\u016bti siun\u010diamos <strong data-start=\"1417\" data-end=\"1442\">tvarkingai supakuotos<\/strong>. Prie siuntos b\u016btina prid\u0117ti \u012fsigijimo dokument\u0105. Kartu privaloma gr\u0105\u017einti ir visas su pirkiniu gautas dovanas.<\/p>\r\n<p class=\"\" data-start=\"1556\" data-end=\"1697\">Pardav\u0117jas turi teis\u0119 atsisakyti priimti gr\u0105\u017einam\u0105 prek\u0119, jei ji yra nesukomplektuota, sugadinta, netvarkinga ar neatitinka gr\u0105\u017einimo s\u0105lyg\u0173.<\/p>\r\n<p>Pardav\u0117jas neatsako u\u017e preki\u0173 kokyb\u0117s pablog\u0117jim\u0105, jei pirk\u0117jas arba kiti asmenys, kuriems pirk\u0117jas perdav\u0117 prekes, jas naudojo ne pagal paskirt\u012f, nesilaik\u0117 instrukcij\u0173, pa\u017eeid\u0117 gabenimo, laikymo, naudojimo ar sand\u0117liavimo taisykles, arba jei prek\u0117s buvo pa\u017eeistos transportavimo metu, jei tai nebuvo aptarta preki\u0173 perdavimo metu.<\/p>\r\n<p>Pinigai u\u017e gr\u0105\u017eintas prekes pervedami tik \u012f mok\u0117tojo banko s\u0105skait\u0105.<\/p>\r\n<p>Siuntimo i\u0161laidos negr\u0105\u017einamos, jei prek\u0117 buvo neatsiimta i\u0161 pa\u0161tomato arba jos nepavyko pristatyti.\u00a0<\/p>\r\n<p>&nbsp;<\/p>\r\n<\/div>\r\n<\/div>","protected":false},"excerpt":{"rendered":"<p>Preki\u0173 gr\u0105\u017einimo s\u0105lygos Prek\u0117s, \u012fsigytos MalinaShop.lt pagal nuotolines ar ne prekybos patalpose sudarytas vartojimo pirkimo-pardavimo sutartis, gr\u0105\u017einamos vadovaujantis Civilinio kodekso 6.228(10) ir&hellip;<\/p>\n","protected":false},"author":1,"featured_media":0,"parent":16,"menu_order":0,"comment_status":"closed","ping_status":"closed","template":"","meta":{"footnotes":""},"class_list":["post-21512","page","type-page","status-publish","hentry"],"yoast_head":"<!-- This site is optimized with the Yoast SEO plugin v27.3 - https:\/\/yoast.com\/product\/yoast-seo-wordpress\/ -->\n<title>Preki\u0173 gr\u0105\u017einimo s\u0105lygos - MalinaShop.lt J\u016bs\u0173 sveikatai ir gro\u017eiui.<\/title>\n<meta name=\"robots\" content=\"index, follow, max-snippet:-1, max-image-preview:large, max-video-preview:-1\" \/>\n<link rel=\"canonical\" href=\"https:\/\/www.malinashop.lt\/lt_lt\/pristatymas-ir-grazinimas\/prekiu-grazinimo-salygos\/\" \/>\n<meta property=\"og:locale\" content=\"lt_LT\" \/>\n<meta property=\"og:type\" content=\"article\" \/>\n<meta property=\"og:title\" content=\"Preki\u0173 gr\u0105\u017einimo s\u0105lygos - MalinaShop.lt J\u016bs\u0173 sveikatai ir gro\u017eiui.\" \/>\n<meta property=\"og:url\" content=\"https:\/\/www.malinashop.lt\/lt_lt\/pristatymas-ir-grazinimas\/prekiu-grazinimo-salygos\/\" \/>\n<meta property=\"og:site_name\" content=\"MalinaShop.lt J\u016bs\u0173 sveikatai ir gro\u017eiui.\" \/>\n<meta property=\"article:modified_time\" content=\"2025-04-14T09:02:28+00:00\" \/>\n<meta name=\"twitter:card\" content=\"summary_large_image\" \/>\n<script type=\"application\/ld+json\" class=\"yoast-schema-graph\">{\"@context\":\"https:\\\/\\\/schema.org\",\"@graph\":[{\"@type\":\"WebPage\",\"@id\":\"https:\\\/\\\/www.malinashop.lt\\\/lt_lt\\\/pristatymas-ir-grazinimas\\\/prekiu-grazinimo-salygos\\\/\",\"url\":\"https:\\\/\\\/www.malinashop.lt\\\/lt_lt\\\/pristatymas-ir-grazinimas\\\/prekiu-grazinimo-salygos\\\/\",\"name\":\"Preki\u0173 gr\u0105\u017einimo s\u0105lygos - MalinaShop.lt J\u016bs\u0173 sveikatai ir gro\u017eiui.\",\"isPartOf\":{\"@id\":\"https:\\\/\\\/www.malinashop.lt\\\/en\\\/#website\"},\"datePublished\":\"2024-11-12T15:40:34+00:00\",\"dateModified\":\"2025-04-14T09:02:28+00:00\",\"breadcrumb\":{\"@id\":\"https:\\\/\\\/www.malinashop.lt\\\/lt_lt\\\/pristatymas-ir-grazinimas\\\/prekiu-grazinimo-salygos\\\/#breadcrumb\"},\"inLanguage\":\"lt-LT\",\"potentialAction\":[{\"@type\":\"ReadAction\",\"target\":[\"https:\\\/\\\/www.malinashop.lt\\\/lt_lt\\\/pristatymas-ir-grazinimas\\\/prekiu-grazinimo-salygos\\\/\"]}]},{\"@type\":\"BreadcrumbList\",\"@id\":\"https:\\\/\\\/www.malinashop.lt\\\/lt_lt\\\/pristatymas-ir-grazinimas\\\/prekiu-grazinimo-salygos\\\/#breadcrumb\",\"itemListElement\":[{\"@type\":\"ListItem\",\"position\":1,\"name\":\"Home\",\"item\":\"https:\\\/\\\/www.malinashop.lt\\\/en\\\/\"},{\"@type\":\"ListItem\",\"position\":2,\"name\":\"Pristatymas ir gr\u0105\u017einimas\",\"item\":\"https:\\\/\\\/www.malinashop.lt\\\/lt_lt\\\/pristatymas-ir-grazinimas\\\/\"},{\"@type\":\"ListItem\",\"position\":3,\"name\":\"Preki\u0173 gr\u0105\u017einimo s\u0105lygos\"}]},{\"@type\":\"WebSite\",\"@id\":\"https:\\\/\\\/www.malinashop.lt\\\/en\\\/#website\",\"url\":\"https:\\\/\\\/www.malinashop.lt\\\/en\\\/\",\"name\":\"COM Group Ecommerce\",\"description\":\"MalinaShop.lt - Gro\u017eio ir sveikatos produktai i\u0161 patikim\u0173 preki\u0173 \u017eenkl\u0173. Atraskite auk\u0161tos kokyb\u0117s kosmetik\u0105 u\u017e puiki\u0105 kain\u0105.\",\"publisher\":{\"@id\":\"https:\\\/\\\/www.malinashop.lt\\\/en\\\/#organization\"},\"potentialAction\":[{\"@type\":\"SearchAction\",\"target\":{\"@type\":\"EntryPoint\",\"urlTemplate\":\"https:\\\/\\\/www.malinashop.lt\\\/en\\\/?s={search_term_string}\"},\"query-input\":{\"@type\":\"PropertyValueSpecification\",\"valueRequired\":true,\"valueName\":\"search_term_string\"}}],\"inLanguage\":\"lt-LT\"},{\"@type\":\"Organization\",\"@id\":\"https:\\\/\\\/www.malinashop.lt\\\/en\\\/#organization\",\"name\":\"COM Group Ecommerce\",\"url\":\"https:\\\/\\\/www.malinashop.lt\\\/en\\\/\",\"logo\":{\"@type\":\"ImageObject\",\"inLanguage\":\"lt-LT\",\"@id\":\"https:\\\/\\\/www.malinashop.lt\\\/en\\\/#\\\/schema\\\/logo\\\/image\\\/\",\"url\":\"https:\\\/\\\/www.malinashop.lt\\\/wp-content\\\/uploads\\\/2024\\\/08\\\/462559670_3787732518133670_9795632669273463_n-e1731525914575.png\",\"contentUrl\":\"https:\\\/\\\/www.malinashop.lt\\\/wp-content\\\/uploads\\\/2024\\\/08\\\/462559670_3787732518133670_9795632669273463_n-e1731525914575.png\",\"width\":180,\"height\":60,\"caption\":\"COM Group Ecommerce\"},\"image\":{\"@id\":\"https:\\\/\\\/www.malinashop.lt\\\/en\\\/#\\\/schema\\\/logo\\\/image\\\/\"}}]}<\/script>\n<!-- \/ Yoast SEO plugin. -->","yoast_head_json":{"title":"Preki\u0173 gr\u0105\u017einimo s\u0105lygos - MalinaShop.lt J\u016bs\u0173 sveikatai ir gro\u017eiui.","robots":{"index":"index","follow":"follow","max-snippet":"max-snippet:-1","max-image-preview":"max-image-preview:large","max-video-preview":"max-video-preview:-1"},"canonical":"https:\/\/www.malinashop.lt\/lt_lt\/pristatymas-ir-grazinimas\/prekiu-grazinimo-salygos\/","og_locale":"lt_LT","og_type":"article","og_title":"Preki\u0173 gr\u0105\u017einimo s\u0105lygos - MalinaShop.lt J\u016bs\u0173 sveikatai ir gro\u017eiui.","og_url":"https:\/\/www.malinashop.lt\/lt_lt\/pristatymas-ir-grazinimas\/prekiu-grazinimo-salygos\/","og_site_name":"MalinaShop.lt J\u016bs\u0173 sveikatai ir gro\u017eiui.","article_modified_time":"2025-04-14T09:02:28+00:00","twitter_card":"summary_large_image","schema":{"@context":"https:\/\/schema.org","@graph":[{"@type":"WebPage","@id":"https:\/\/www.malinashop.lt\/lt_lt\/pristatymas-ir-grazinimas\/prekiu-grazinimo-salygos\/","url":"https:\/\/www.malinashop.lt\/lt_lt\/pristatymas-ir-grazinimas\/prekiu-grazinimo-salygos\/","name":"Preki\u0173 gr\u0105\u017einimo s\u0105lygos - MalinaShop.lt J\u016bs\u0173 sveikatai ir gro\u017eiui.","isPartOf":{"@id":"https:\/\/www.malinashop.lt\/en\/#website"},"datePublished":"2024-11-12T15:40:34+00:00","dateModified":"2025-04-14T09:02:28+00:00","breadcrumb":{"@id":"https:\/\/www.malinashop.lt\/lt_lt\/pristatymas-ir-grazinimas\/prekiu-grazinimo-salygos\/#breadcrumb"},"inLanguage":"lt-LT","potentialAction":[{"@type":"ReadAction","target":["https:\/\/www.malinashop.lt\/lt_lt\/pristatymas-ir-grazinimas\/prekiu-grazinimo-salygos\/"]}]},{"@type":"BreadcrumbList","@id":"https:\/\/www.malinashop.lt\/lt_lt\/pristatymas-ir-grazinimas\/prekiu-grazinimo-salygos\/#breadcrumb","itemListElement":[{"@type":"ListItem","position":1,"name":"Home","item":"https:\/\/www.malinashop.lt\/en\/"},{"@type":"ListItem","position":2,"name":"Pristatymas ir gr\u0105\u017einimas","item":"https:\/\/www.malinashop.lt\/lt_lt\/pristatymas-ir-grazinimas\/"},{"@type":"ListItem","position":3,"name":"Preki\u0173 gr\u0105\u017einimo s\u0105lygos"}]},{"@type":"WebSite","@id":"https:\/\/www.malinashop.lt\/en\/#website","url":"https:\/\/www.malinashop.lt\/en\/","name":"COM Group Ecommerce","description":"MalinaShop.lt - Gro\u017eio ir sveikatos produktai i\u0161 patikim\u0173 preki\u0173 \u017eenkl\u0173. Atraskite auk\u0161tos kokyb\u0117s kosmetik\u0105 u\u017e puiki\u0105 kain\u0105.","publisher":{"@id":"https:\/\/www.malinashop.lt\/en\/#organization"},"potentialAction":[{"@type":"SearchAction","target":{"@type":"EntryPoint","urlTemplate":"https:\/\/www.malinashop.lt\/en\/?s={search_term_string}"},"query-input":{"@type":"PropertyValueSpecification","valueRequired":true,"valueName":"search_term_string"}}],"inLanguage":"lt-LT"},{"@type":"Organization","@id":"https:\/\/www.malinashop.lt\/en\/#organization","name":"COM Group Ecommerce","url":"https:\/\/www.malinashop.lt\/en\/","logo":{"@type":"ImageObject","inLanguage":"lt-LT","@id":"https:\/\/www.malinashop.lt\/en\/#\/schema\/logo\/image\/","url":"https:\/\/www.malinashop.lt\/wp-content\/uploads\/2024\/08\/462559670_3787732518133670_9795632669273463_n-e1731525914575.png","contentUrl":"https:\/\/www.malinashop.lt\/wp-content\/uploads\/2024\/08\/462559670_3787732518133670_9795632669273463_n-e1731525914575.png","width":180,"height":60,"caption":"COM Group Ecommerce"},"image":{"@id":"https:\/\/www.malinashop.lt\/en\/#\/schema\/logo\/image\/"}}]}},"jetpack_sharing_enabled":true,"_links":{"self":[{"href":"https:\/\/www.malinashop.lt\/lt_lt\/wp-json\/wp\/v2\/pages\/21512","targetHints":{"allow":["GET"]}}],"collection":[{"href":"https:\/\/www.malinashop.lt\/lt_lt\/wp-json\/wp\/v2\/pages"}],"about":[{"href":"https:\/\/www.malinashop.lt\/lt_lt\/wp-json\/wp\/v2\/types\/page"}],"author":[{"embeddable":true,"href":"https:\/\/www.malinashop.lt\/lt_lt\/wp-json\/wp\/v2\/users\/1"}],"replies":[{"embeddable":true,"href":"https:\/\/www.malinashop.lt\/lt_lt\/wp-json\/wp\/v2\/comments?post=21512"}],"version-history":[{"count":0,"href":"https:\/\/www.malinashop.lt\/lt_lt\/wp-json\/wp\/v2\/pages\/21512\/revisions"}],"up":[{"embeddable":true,"href":"https:\/\/www.malinashop.lt\/lt_lt\/wp-json\/wp\/v2\/pages\/16"}],"wp:attachment":[{"href":"https:\/\/www.malinashop.lt\/lt_lt\/wp-json\/wp\/v2\/media?parent=21512"}],"curies":[{"name":"wp","href":"https:\/\/api.w.org\/{rel}","templated":true}]}}