{"id":21498,"date":"2024-11-12T18:33:21","date_gmt":"2024-11-12T15:33:21","guid":{"rendered":"https:\/\/malinashop.lt\/?page_id=21498"},"modified":"2025-11-05T13:12:17","modified_gmt":"2025-11-05T10:12:17","slug":"privatumo-politika-2","status":"publish","type":"page","link":"https:\/\/www.malinashop.lt\/lt_lt\/privatumo-politika-2\/","title":{"rendered":"Privatumo politika"},"content":{"rendered":"\r\n<div id=\"middle_content\" class=\"grid_60\">\r\n<div id=\"heading1\" class=\"grid_60 mt5 alpha omega\">\r\n<h1 class=\"wp-block-heading\">Privatumo politika<\/h1>\r\n<\/div>\r\n<div class=\"clear\">\u00a0<\/div>\r\n<\/div>\r\n<div id=\"content-inside-wrap\" class=\"grid_60\">\r\n<ul id=\"middle_blocks\" class=\"blocks\">\r\n<li class=\"block block-first block-last\">\r\n<div class=\"cat-body mt10 fck \">\r\n<div class=\"clear\">\u00a0<\/div>\r\n<p>MB \u201eMalinaShop\u201c r\u016bpinasi j\u016bs\u0173 privatumo apsauga. \u0160ioje privatumo politikoje paai\u0161kinama, koki\u0105 asmenin\u0119 informacij\u0105 mes renkame ir kaip ji naudojama.<\/p>\r\n<p>M\u016bs\u0173 pagrindinis tikslas, renkant j\u016bs\u0173 asmenin\u0119 informacij\u0105, yra suteikti skland\u017ei\u0105, efektyvi\u0105 ir j\u016bs\u0173 poreikius atitinkan\u010di\u0105 patirt\u012f naudojantis m\u016bs\u0173 elektronine parduotuve. Tai padeda mums pateikti jums aktuali\u0105 informacij\u0105 ir funkcijas, taip pritaikant m\u016bs\u0173 paslaugas, kad jos b\u016bt\u0173 suprantamesn\u0117s ir lengviau naudojamos.<\/p>\r\n<p>VARTOJAMOS S\u0104VOKOS<\/p>\r\n<p>Pardav\u0117jas: MB \u201eMalinaShop\u201c, juridinio asmens kodas 306426216, PVM mok\u0117tojo kodas LT100016871313 , Perk\u016bnkiemio g. 19, Vilnius\u00a0<br \/>MB MalinaShop: Elektronin\u0117 parduotuv\u0117 adresu malinashop.lt<br \/>Naudotojas (pirk\u0117jas): Bet kuris fizinis ar juridinis asmuo, naudojantis elektronine parduotuve ir perkantis prekes.<br \/>Asmens duomenys: Bet kokia informacija apie fizin\u012f asmen\u012f, kurio tapatyb\u0117 yra \u017einoma arba gali b\u016bti nustatyta.<br \/>Asmens duomen\u0173 valdytojas: malinashop.lt<br \/>Paskyra: Naudotojo registracijos rezultatas, leid\u017eiantis saugoti jo asmeninius duomenis ir u\u017esakym\u0173 istorij\u0105.<br \/>Paslaugos: Visos malinashop Pirk\u0117jui teikiamos paslaugos.<br \/>Tre\u010diasis asmuo: Juridinis ar fizinis asmuo, i\u0161skyrus duomen\u0173 subjekt\u0105, duomen\u0173 valdytoj\u0105 ir tvarkytoj\u0105 bei j\u0173 \u012fgaliotus asmenis.<br \/>Administratorius: U\u017e malinashop.lt atsakingas asmuo.<br \/>IP adresas: Kiekvienam prie interneto prijungtam kompiuteriui priskirtas unikalus numeris, naudojamas \u0161aliai nustatyti.<br \/>Taisykl\u0117s: Patvirtintos galiojan\u010dios \u201ePreki\u0173 pirkimo-pardavimo internetin\u0117je parduotuv\u0117je malinashop.lt Taisykl\u0117s\u201c.<br \/>Tiesiogin\u0117 rinkodara: Veikla, skirta si\u016blyti prekes ar paslaugas tiesiogiai ir teirautis nuomon\u0117s apie jas.<br \/>BENDROS NUOSTATOS<br \/>\u0160i privatumo politika u\u017etikrina, kad Pardav\u0117jas laikosi vis\u0173 Lietuvos Respublikos asmens duomen\u0173 apsaugos \u012fstatym\u0173, elektronini\u0173 ry\u0161i\u0173 \u012fstatymo ir kit\u0173 teis\u0117s akt\u0173, reglamentuojan\u010di\u0173 asmens duomen\u0173 apsaug\u0105.<\/p>\r\n<p>ASMENS DUOMEN\u0172 TEIKIMAS, TVARKYMO TEISINIAI PAGRINDAI IR TIKSLAI<br \/>Surinkti duomenys apie naudotojus priklauso nuo teikiam\u0173 paslaug\u0173 ir j\u016bs\u0173 pateiktos informacijos. J\u016bs\u0173 asmens duomenys gali b\u016bti renkami:<\/p>\r\n<p>Jums pateikiant duomenis (pvz., u\u017epildant u\u017eklausos form\u0105);<br \/>Automati\u0161kai generuojant (pvz., nar\u0161ant svetain\u0117je);<br \/>I\u0161 tre\u010di\u0173j\u0173 \u0161ali\u0173 ir vie\u0161ai prieinam\u0173 \u0161altini\u0173.<br \/>Registracijos metu pateikti duomenys yra j\u016bs\u0173 atsakomyb\u0117. Pardav\u0117jas renka ir tvarko j\u016bs\u0173 asmens duomenis remiantis teis\u0117tais pagrindais, \u012fskaitant \u012fstatym\u0173 reikalavimus, sutarties sudarym\u0105 ar vykdym\u0105, j\u016bs\u0173 sutikim\u0105 ir teis\u0117tus Pardav\u0117jo interesus.<\/p>\r\n<p>ASMENS DUOMEN\u0172 NAUDOJIMO IR SAUGOJIMO TVARKA<br \/>J\u016bs\u0173 asmens duomenys saugomi tiek, kiek reikia nustatytam tikslui pasiekti. Pasiekus tiksl\u0105, duomenys i\u0161trinami, i\u0161skyrus atvejus, kai \u012fstatymai reikalauja juos saugoti ilgiau. Pardav\u0117jas taiko organizacines ir technines priemones, kad apsaugot\u0173 j\u016bs\u0173 asmens duomenis nuo neteis\u0117to naudojimo.<\/p>\r\n<p>ASMENS DUOMEN\u0172 SUBJEKT\u0172 TEISI\u0172 \u012eGYVENDINIMAS<br \/>J\u016bs turite teis\u0119 b\u016bti informuotas apie savo duomen\u0173 tvarkym\u0105, susipa\u017einti su jais, reikalauti juos i\u0161taisyti ar sunaikinti ir nesutikti su j\u0173 tvarkymu. \u0160ios teis\u0117s \u012fgyvendinamos patikrinus j\u016bs\u0173 tapatyb\u0119.<\/p>\r\n<p>SLAPUK\u0172 NAUDOJIMAS<br \/>Lankantis malinashop.lt svetain\u0117je naudojami slapukai. Jie padeda atpa\u017einti jus kaip ankstesn\u012f lankytoj\u0105, i\u0161saugoti j\u016bs\u0173 lankymosi istorij\u0105 ir u\u017etikrinti skland\u0173 svetain\u0117s veikim\u0105. J\u016bs galite atsisakyti slapuk\u0173 naudodami nar\u0161ykl\u0117s nustatymus, ta\u010diau tai gali riboti svetain\u0117s funkcionalum\u0105.<\/p>\r\n<p>INTELEKTIN\u0116 NUOSAVYB\u0116<br \/>Visos intelektin\u0117s nuosavyb\u0117s teis\u0117s internetin\u0117je svetain\u0117je ir turinyje priklauso Pardav\u0117jui. Naudotojas gali kaupti ir spausdinti turin\u012f tik asmeniniam naudojimui ir neturi teis\u0117s jo publikuoti ar platinti komerciniais tikslais.<\/p>\r\n<p>BAIGIAMOSIOS NUOSTATOS<br \/>Pardav\u0117jas pasilieka teis\u0119 keisti \u0161i\u0105 privatumo politik\u0105. Pakeitimai \u012fsigalioja juos paskelbus svetain\u0117je.\u00a0<\/p>\r\n<\/div>\r\n<\/li>\r\n<\/ul>\r\n<\/div>","protected":false},"excerpt":{"rendered":"<p>Privatumo politika \u00a0 \u00a0 MB \u201eMalinaShop\u201c r\u016bpinasi j\u016bs\u0173 privatumo apsauga. \u0160ioje privatumo politikoje paai\u0161kinama, koki\u0105 asmenin\u0119 informacij\u0105 mes renkame ir kaip ji&hellip;<\/p>\n","protected":false},"author":1,"featured_media":0,"parent":0,"menu_order":0,"comment_status":"closed","ping_status":"closed","template":"","meta":{"footnotes":""},"class_list":["post-21498","page","type-page","status-publish","hentry"],"yoast_head":"<!-- This site is optimized with the Yoast SEO plugin v27.3 - https:\/\/yoast.com\/product\/yoast-seo-wordpress\/ -->\n<title>Privatumo politika - MalinaShop.lt J\u016bs\u0173 sveikatai ir gro\u017eiui.<\/title>\n<meta name=\"robots\" content=\"index, follow, max-snippet:-1, max-image-preview:large, max-video-preview:-1\" \/>\n<link rel=\"canonical\" href=\"https:\/\/www.malinashop.lt\/lt_lt\/privatumo-politika-2\/\" \/>\n<meta property=\"og:locale\" content=\"lt_LT\" \/>\n<meta property=\"og:type\" content=\"article\" \/>\n<meta property=\"og:title\" content=\"Privatumo politika - MalinaShop.lt J\u016bs\u0173 sveikatai ir gro\u017eiui.\" \/>\n<meta property=\"og:url\" content=\"https:\/\/www.malinashop.lt\/lt_lt\/privatumo-politika-2\/\" \/>\n<meta property=\"og:site_name\" content=\"MalinaShop.lt J\u016bs\u0173 sveikatai ir gro\u017eiui.\" \/>\n<meta property=\"article:modified_time\" content=\"2025-11-05T10:12:17+00:00\" \/>\n<meta name=\"twitter:card\" content=\"summary_large_image\" \/>\n<script type=\"application\/ld+json\" class=\"yoast-schema-graph\">{\"@context\":\"https:\\\/\\\/schema.org\",\"@graph\":[{\"@type\":\"WebPage\",\"@id\":\"https:\\\/\\\/www.malinashop.lt\\\/lt_lt\\\/privatumo-politika-2\\\/\",\"url\":\"https:\\\/\\\/www.malinashop.lt\\\/lt_lt\\\/privatumo-politika-2\\\/\",\"name\":\"Privatumo politika - MalinaShop.lt J\u016bs\u0173 sveikatai ir gro\u017eiui.\",\"isPartOf\":{\"@id\":\"https:\\\/\\\/www.malinashop.lt\\\/en\\\/#website\"},\"datePublished\":\"2024-11-12T15:33:21+00:00\",\"dateModified\":\"2025-11-05T10:12:17+00:00\",\"breadcrumb\":{\"@id\":\"https:\\\/\\\/www.malinashop.lt\\\/lt_lt\\\/privatumo-politika-2\\\/#breadcrumb\"},\"inLanguage\":\"lt-LT\",\"potentialAction\":[{\"@type\":\"ReadAction\",\"target\":[\"https:\\\/\\\/www.malinashop.lt\\\/lt_lt\\\/privatumo-politika-2\\\/\"]}]},{\"@type\":\"BreadcrumbList\",\"@id\":\"https:\\\/\\\/www.malinashop.lt\\\/lt_lt\\\/privatumo-politika-2\\\/#breadcrumb\",\"itemListElement\":[{\"@type\":\"ListItem\",\"position\":1,\"name\":\"Home\",\"item\":\"https:\\\/\\\/www.malinashop.lt\\\/en\\\/\"},{\"@type\":\"ListItem\",\"position\":2,\"name\":\"Privatumo politika\"}]},{\"@type\":\"WebSite\",\"@id\":\"https:\\\/\\\/www.malinashop.lt\\\/en\\\/#website\",\"url\":\"https:\\\/\\\/www.malinashop.lt\\\/en\\\/\",\"name\":\"COM Group Ecommerce\",\"description\":\"MalinaShop.lt - Gro\u017eio ir sveikatos produktai i\u0161 patikim\u0173 preki\u0173 \u017eenkl\u0173. Atraskite auk\u0161tos kokyb\u0117s kosmetik\u0105 u\u017e puiki\u0105 kain\u0105.\",\"publisher\":{\"@id\":\"https:\\\/\\\/www.malinashop.lt\\\/en\\\/#organization\"},\"potentialAction\":[{\"@type\":\"SearchAction\",\"target\":{\"@type\":\"EntryPoint\",\"urlTemplate\":\"https:\\\/\\\/www.malinashop.lt\\\/en\\\/?s={search_term_string}\"},\"query-input\":{\"@type\":\"PropertyValueSpecification\",\"valueRequired\":true,\"valueName\":\"search_term_string\"}}],\"inLanguage\":\"lt-LT\"},{\"@type\":\"Organization\",\"@id\":\"https:\\\/\\\/www.malinashop.lt\\\/en\\\/#organization\",\"name\":\"COM Group Ecommerce\",\"url\":\"https:\\\/\\\/www.malinashop.lt\\\/en\\\/\",\"logo\":{\"@type\":\"ImageObject\",\"inLanguage\":\"lt-LT\",\"@id\":\"https:\\\/\\\/www.malinashop.lt\\\/en\\\/#\\\/schema\\\/logo\\\/image\\\/\",\"url\":\"https:\\\/\\\/www.malinashop.lt\\\/wp-content\\\/uploads\\\/2024\\\/08\\\/462559670_3787732518133670_9795632669273463_n-e1731525914575.png\",\"contentUrl\":\"https:\\\/\\\/www.malinashop.lt\\\/wp-content\\\/uploads\\\/2024\\\/08\\\/462559670_3787732518133670_9795632669273463_n-e1731525914575.png\",\"width\":180,\"height\":60,\"caption\":\"COM Group Ecommerce\"},\"image\":{\"@id\":\"https:\\\/\\\/www.malinashop.lt\\\/en\\\/#\\\/schema\\\/logo\\\/image\\\/\"}}]}<\/script>\n<!-- \/ Yoast SEO plugin. -->","yoast_head_json":{"title":"Privatumo politika - MalinaShop.lt J\u016bs\u0173 sveikatai ir gro\u017eiui.","robots":{"index":"index","follow":"follow","max-snippet":"max-snippet:-1","max-image-preview":"max-image-preview:large","max-video-preview":"max-video-preview:-1"},"canonical":"https:\/\/www.malinashop.lt\/lt_lt\/privatumo-politika-2\/","og_locale":"lt_LT","og_type":"article","og_title":"Privatumo politika - MalinaShop.lt J\u016bs\u0173 sveikatai ir gro\u017eiui.","og_url":"https:\/\/www.malinashop.lt\/lt_lt\/privatumo-politika-2\/","og_site_name":"MalinaShop.lt J\u016bs\u0173 sveikatai ir gro\u017eiui.","article_modified_time":"2025-11-05T10:12:17+00:00","twitter_card":"summary_large_image","schema":{"@context":"https:\/\/schema.org","@graph":[{"@type":"WebPage","@id":"https:\/\/www.malinashop.lt\/lt_lt\/privatumo-politika-2\/","url":"https:\/\/www.malinashop.lt\/lt_lt\/privatumo-politika-2\/","name":"Privatumo politika - MalinaShop.lt J\u016bs\u0173 sveikatai ir gro\u017eiui.","isPartOf":{"@id":"https:\/\/www.malinashop.lt\/en\/#website"},"datePublished":"2024-11-12T15:33:21+00:00","dateModified":"2025-11-05T10:12:17+00:00","breadcrumb":{"@id":"https:\/\/www.malinashop.lt\/lt_lt\/privatumo-politika-2\/#breadcrumb"},"inLanguage":"lt-LT","potentialAction":[{"@type":"ReadAction","target":["https:\/\/www.malinashop.lt\/lt_lt\/privatumo-politika-2\/"]}]},{"@type":"BreadcrumbList","@id":"https:\/\/www.malinashop.lt\/lt_lt\/privatumo-politika-2\/#breadcrumb","itemListElement":[{"@type":"ListItem","position":1,"name":"Home","item":"https:\/\/www.malinashop.lt\/en\/"},{"@type":"ListItem","position":2,"name":"Privatumo politika"}]},{"@type":"WebSite","@id":"https:\/\/www.malinashop.lt\/en\/#website","url":"https:\/\/www.malinashop.lt\/en\/","name":"COM Group Ecommerce","description":"MalinaShop.lt - Gro\u017eio ir sveikatos produktai i\u0161 patikim\u0173 preki\u0173 \u017eenkl\u0173. Atraskite auk\u0161tos kokyb\u0117s kosmetik\u0105 u\u017e puiki\u0105 kain\u0105.","publisher":{"@id":"https:\/\/www.malinashop.lt\/en\/#organization"},"potentialAction":[{"@type":"SearchAction","target":{"@type":"EntryPoint","urlTemplate":"https:\/\/www.malinashop.lt\/en\/?s={search_term_string}"},"query-input":{"@type":"PropertyValueSpecification","valueRequired":true,"valueName":"search_term_string"}}],"inLanguage":"lt-LT"},{"@type":"Organization","@id":"https:\/\/www.malinashop.lt\/en\/#organization","name":"COM Group Ecommerce","url":"https:\/\/www.malinashop.lt\/en\/","logo":{"@type":"ImageObject","inLanguage":"lt-LT","@id":"https:\/\/www.malinashop.lt\/en\/#\/schema\/logo\/image\/","url":"https:\/\/www.malinashop.lt\/wp-content\/uploads\/2024\/08\/462559670_3787732518133670_9795632669273463_n-e1731525914575.png","contentUrl":"https:\/\/www.malinashop.lt\/wp-content\/uploads\/2024\/08\/462559670_3787732518133670_9795632669273463_n-e1731525914575.png","width":180,"height":60,"caption":"COM Group Ecommerce"},"image":{"@id":"https:\/\/www.malinashop.lt\/en\/#\/schema\/logo\/image\/"}}]}},"jetpack_sharing_enabled":true,"_links":{"self":[{"href":"https:\/\/www.malinashop.lt\/lt_lt\/wp-json\/wp\/v2\/pages\/21498","targetHints":{"allow":["GET"]}}],"collection":[{"href":"https:\/\/www.malinashop.lt\/lt_lt\/wp-json\/wp\/v2\/pages"}],"about":[{"href":"https:\/\/www.malinashop.lt\/lt_lt\/wp-json\/wp\/v2\/types\/page"}],"author":[{"embeddable":true,"href":"https:\/\/www.malinashop.lt\/lt_lt\/wp-json\/wp\/v2\/users\/1"}],"replies":[{"embeddable":true,"href":"https:\/\/www.malinashop.lt\/lt_lt\/wp-json\/wp\/v2\/comments?post=21498"}],"version-history":[{"count":1,"href":"https:\/\/www.malinashop.lt\/lt_lt\/wp-json\/wp\/v2\/pages\/21498\/revisions"}],"predecessor-version":[{"id":60696,"href":"https:\/\/www.malinashop.lt\/lt_lt\/wp-json\/wp\/v2\/pages\/21498\/revisions\/60696"}],"wp:attachment":[{"href":"https:\/\/www.malinashop.lt\/lt_lt\/wp-json\/wp\/v2\/media?parent=21498"}],"curies":[{"name":"wp","href":"https:\/\/api.w.org\/{rel}","templated":true}]}}