{"id":16,"date":"2024-08-08T15:06:46","date_gmt":"2024-08-08T12:06:46","guid":{"rendered":"https:\/\/malinashop.lt\/?page_id=16"},"modified":"2025-11-07T11:44:42","modified_gmt":"2025-11-07T08:44:42","slug":"pristatymas-ir-grazinimas","status":"publish","type":"page","link":"https:\/\/www.malinashop.lt\/lt_lt\/pristatymas-ir-grazinimas\/","title":{"rendered":"Pristatymas ir gr\u0105\u017einimas"},"content":{"rendered":"<h3 data-start=\"0\" data-end=\"24\"><span style=\"color: #000000;\"><strong data-start=\"0\" data-end=\"22\">Preki\u0173 pristatymas<\/strong><\/span><\/h3>\n<p data-start=\"26\" data-end=\"199\" data-is-last-node=\"\" data-is-only-node=\"\"><span style=\"color: #000000;\"><strong>U\u017esakymo paruo\u0161imas: Paruo\u0161imas trunka 1-3 darbo dienas.<\/strong><\/span><\/p>\n<p data-start=\"26\" data-end=\"199\" data-is-last-node=\"\" data-is-only-node=\"\"><span style=\"color: #ff0000;\">\u0160ventiniu laikotarpiu u\u017esakymo paruo\u0161imas gali trukti iki 5 darbo dien\u0173.<\/span><\/p>\n<p data-start=\"26\" data-end=\"199\" data-is-last-node=\"\" data-is-only-node=\"\"><span style=\"color: #ff0000;\"><strong data-start=\"113\" data-end=\"125\">Pastaba:<\/strong> art\u0117jant \u0161ventiniam laikotarpiui ir jo metu pristatymo terminas gali b\u016bti ilgesnis d\u0117l padid\u0117jusio siunt\u0173 kiekio.<\/span><\/p>\n<p data-start=\"26\" data-end=\"199\" data-is-last-node=\"\" data-is-only-node=\"\">Kai kuri\u0173 preki\u0173 paruo\u0161imas gali trukti <strong data-start=\"112\" data-end=\"132\">3\u20136 darbo dienas<\/strong> \u2013 prie toki\u0173 preki\u0173 apra\u0161yme nurodome termin\u0105.<\/p>\n<p data-start=\"26\" data-end=\"199\" data-is-last-node=\"\" data-is-only-node=\"\">Siuntim\u0105 vykdome tik darbo dienomis \u2013 nuo pirmadienio iki penktadienio. Savaitgaliais siunt\u0173 nesiun\u010diame.<\/p>\n<h2><strong>Pristatymo b\u016bdai<\/strong><\/h2>\n<p>Pa\u0161tomatai (Omniva): 1-3 darbo dienos.<\/p>\n<p><span style=\"color: #ff0000;\"><strong data-start=\"127\" data-end=\"138\">Svarbu:<\/strong> \u012fsitikinkite, kad nurodytas pristatymo adresas yra teisingas. Jei pateiksite neteising\u0105 adres\u0105 ir siunta tur\u0117s b\u016bti <strong data-start=\"255\" data-end=\"271\">peradresuota<\/strong>, taikomas <strong data-start=\"282\" data-end=\"316\">pilnas naujo siuntimo mokestis<\/strong> pagal Omniva tarifus.<\/span><\/p>\n<p>Pa\u0161tomatai (LP Express): 1-3 darbo dienos.<\/p>\n<ul>\n<li>U\u017esakymo paruo\u0161imas ir pristatymas<br \/>\nU\u017esakymo paruo\u0161imas: Paruo\u0161imas trunka 1-3 darbo dienas.D\u0117l siuntimo \u012f u\u017esien\u012f arba pristatymo Lietuvos pa\u0161tu pra\u0161ome susisiekti \u201eFacebook\u201c paskyroje: MalinaShop.lt arba el. pa\u0161tu info@mailnashop.lt.<\/li>\n<\/ul>\n<h2><strong>Pristatymo kaina Lietuvoje<\/strong><\/h2>\n<ul>\n<li>\u00a0Pa\u0161tomatai (Omniva): <span class=\"woocommerce-Price-currencySymbol\">\u20ac<\/span>2.99<\/li>\n<li><span style=\"color: #ff0000;\"><strong data-start=\"127\" data-end=\"138\">Svarbu:<\/strong> \u012fsitikinkite, kad nurodytas pristatymo adresas yra teisingas. Jei pateiksite neteising\u0105 adres\u0105 ir siunta tur\u0117s b\u016bti <strong data-start=\"255\" data-end=\"271\">peradresuota<\/strong>, taikomas <strong data-start=\"282\" data-end=\"316\">pilnas naujo siuntimo mokestis<\/strong> pagal Omniva tarifus.<\/span><\/li>\n<li>Pa\u0161tomatai (LP Express): <span class=\"woocommerce-Price-currencySymbol\">\u20ac<\/span>2.50<\/li>\n<li>U\u017esakymams vir\u0161 50,00 EUR, pristatymas NEMOKAMAS.<\/li>\n<\/ul>\n<h2><strong>Preki\u0173 gr\u0105\u017einimas<\/strong><\/h2>\n<ul>\n<li>Kokybi\u0161kas prekes galima gr\u0105\u017einti per 14 dien\u0173 nuo preki\u0173 gavimo dienos.<\/li>\n<li>Gr\u0105\u017einama prek\u0117 turi b\u016bti originalioje tvarkingoje pakuot\u0117je.<\/li>\n<li>Prek\u0117 turi b\u016bti nenaudota, nepraradusi prekin\u0117s i\u0161vaizdos.<\/li>\n<li>Prek\u0117s, \u012fsigytos MalinaShop.lt pagal nuotolines ar ne prekybos patalpose sudarytas vartojimo pirkimo-pardavimo sutartis, gr\u0105\u017einamos vadovaujantis Civilinio kodekso 6.228(10) ir 6.228(11) straipsniais.Nor\u0117damas gr\u0105\u017einti kokybi\u0161k\u0105 prek\u0119 (-es), pirk\u0117jas turi prane\u0161ti pardav\u0117jui ra\u0161tu (el. pa\u0161tu) ir u\u017epildyti preki\u0173 gr\u0105\u017einimo form\u0105, esan\u010di\u0105 com skiltyje \u201ePreki\u0173 gr\u0105\u017einimo forma\u201c.Pirk\u0117jas turi teis\u0119 per 14 dien\u0173 nuo preki\u0173 pristatymo arba atsi\u0117mimo dienos gr\u0105\u017einti prekes, jei j\u0173 prekin\u0117 i\u0161vaizda ir pakuot\u0117 yra nepa\u017eeista, prie\u0161 tai informav\u0119s pardav\u0117j\u0105 ra\u0161tu.Pardav\u0117jas gali atsisakyti priimti prekes, jei jos buvo i\u0161pakuotos ir yra netinkamos gr\u0105\u017einti d\u0117l sveikatos apsaugos ar higienos prie\u017eas\u010di\u0173, arba jei to reikalauja kiti Lietuvos Respublikos teis\u0117s aktai. Pirk\u0117jas privalo u\u017etikrinti, kad gr\u0105\u017einam\u0173 preki\u0173 kokyb\u0117, pakuot\u0117 ir atitikimas saugumo ir higienos reikalavimams nepasikeist\u0173.Pardav\u0117jas gali atsisakyti priimti prekes, jei nustatoma, kad jos yra pa\u017eeistos, nuimtos ar pa\u017eeistos etiket\u0117s, nupl\u0117\u0161ta apsaugin\u0117 pl\u0117vel\u0117, sugadinta pakuot\u0117 arba prek\u0117s buvo naudojamos, kaip numatyta \u0161i\u0173 taisykli\u0173 58 punkte.Gr\u0105\u017einimo i\u0161laidas apmoka pirk\u0117jas.Pardav\u0117jas neatsako u\u017e preki\u0173 kokyb\u0117s pablog\u0117jim\u0105, jei pirk\u0117jas arba kiti asmenys, kuriems pirk\u0117jas perdav\u0117 prekes, jas naudojo ne pagal paskirt\u012f, nesilaik\u0117 instrukcij\u0173, pa\u017eeid\u0117 gabenimo, laikymo, naudojimo ar sand\u0117liavimo taisykles, arba jei prek\u0117s buvo pa\u017eeistos transportavimo metu, jei tai nebuvo aptarta preki\u0173 perdavimo metu.Pinigai u\u017e gr\u0105\u017eintas prekes pervedami tik \u012f mok\u0117tojo banko s\u0105skait\u0105.\n<p>Siuntimo i\u0161laidos negr\u0105\u017einamos, jei prek\u0117 buvo neatsiimta i\u0161 pa\u0161tomato arba jos nepavyko pristatyti.<\/li>\n<\/ul>\n","protected":false},"excerpt":{"rendered":"<p>Preki\u0173 pristatymas U\u017esakymo paruo\u0161imas: Paruo\u0161imas trunka 1-3 darbo dienas. \u0160ventiniu laikotarpiu u\u017esakymo paruo\u0161imas gali trukti iki 5 darbo dien\u0173. Pastaba: art\u0117jant \u0161ventiniam&hellip;<\/p>\n","protected":false},"author":1,"featured_media":0,"parent":0,"menu_order":0,"comment_status":"closed","ping_status":"closed","template":"","meta":{"footnotes":""},"class_list":["post-16","page","type-page","status-publish","hentry"],"yoast_head":"<!-- This site is optimized with the Yoast SEO plugin v27.3 - https:\/\/yoast.com\/product\/yoast-seo-wordpress\/ -->\n<title>Pristatymas ir gr\u0105\u017einimas - MalinaShop.lt J\u016bs\u0173 sveikatai ir gro\u017eiui.<\/title>\n<meta name=\"robots\" content=\"index, follow, max-snippet:-1, max-image-preview:large, max-video-preview:-1\" \/>\n<link rel=\"canonical\" href=\"https:\/\/www.malinashop.lt\/lt_lt\/pristatymas-ir-grazinimas\/\" \/>\n<meta property=\"og:locale\" content=\"lt_LT\" \/>\n<meta property=\"og:type\" content=\"article\" \/>\n<meta property=\"og:title\" content=\"Pristatymas ir gr\u0105\u017einimas - MalinaShop.lt J\u016bs\u0173 sveikatai ir gro\u017eiui.\" \/>\n<meta property=\"og:url\" content=\"https:\/\/www.malinashop.lt\/lt_lt\/pristatymas-ir-grazinimas\/\" \/>\n<meta property=\"og:site_name\" content=\"MalinaShop.lt J\u016bs\u0173 sveikatai ir gro\u017eiui.\" \/>\n<meta property=\"article:modified_time\" content=\"2025-11-07T08:44:42+00:00\" \/>\n<meta name=\"twitter:card\" content=\"summary_large_image\" \/>\n<script type=\"application\/ld+json\" class=\"yoast-schema-graph\">{\"@context\":\"https:\\\/\\\/schema.org\",\"@graph\":[{\"@type\":\"WebPage\",\"@id\":\"https:\\\/\\\/www.malinashop.lt\\\/lt_lt\\\/pristatymas-ir-grazinimas\\\/\",\"url\":\"https:\\\/\\\/www.malinashop.lt\\\/lt_lt\\\/pristatymas-ir-grazinimas\\\/\",\"name\":\"Pristatymas ir gr\u0105\u017einimas - MalinaShop.lt J\u016bs\u0173 sveikatai ir gro\u017eiui.\",\"isPartOf\":{\"@id\":\"https:\\\/\\\/www.malinashop.lt\\\/en\\\/#website\"},\"datePublished\":\"2024-08-08T12:06:46+00:00\",\"dateModified\":\"2025-11-07T08:44:42+00:00\",\"breadcrumb\":{\"@id\":\"https:\\\/\\\/www.malinashop.lt\\\/lt_lt\\\/pristatymas-ir-grazinimas\\\/#breadcrumb\"},\"inLanguage\":\"lt-LT\",\"potentialAction\":[{\"@type\":\"ReadAction\",\"target\":[\"https:\\\/\\\/www.malinashop.lt\\\/lt_lt\\\/pristatymas-ir-grazinimas\\\/\"]}]},{\"@type\":\"BreadcrumbList\",\"@id\":\"https:\\\/\\\/www.malinashop.lt\\\/lt_lt\\\/pristatymas-ir-grazinimas\\\/#breadcrumb\",\"itemListElement\":[{\"@type\":\"ListItem\",\"position\":1,\"name\":\"Home\",\"item\":\"https:\\\/\\\/www.malinashop.lt\\\/en\\\/\"},{\"@type\":\"ListItem\",\"position\":2,\"name\":\"Pristatymas ir gr\u0105\u017einimas\"}]},{\"@type\":\"WebSite\",\"@id\":\"https:\\\/\\\/www.malinashop.lt\\\/en\\\/#website\",\"url\":\"https:\\\/\\\/www.malinashop.lt\\\/en\\\/\",\"name\":\"COM Group Ecommerce\",\"description\":\"MalinaShop.lt - Gro\u017eio ir sveikatos produktai i\u0161 patikim\u0173 preki\u0173 \u017eenkl\u0173. Atraskite auk\u0161tos kokyb\u0117s kosmetik\u0105 u\u017e puiki\u0105 kain\u0105.\",\"publisher\":{\"@id\":\"https:\\\/\\\/www.malinashop.lt\\\/en\\\/#organization\"},\"potentialAction\":[{\"@type\":\"SearchAction\",\"target\":{\"@type\":\"EntryPoint\",\"urlTemplate\":\"https:\\\/\\\/www.malinashop.lt\\\/en\\\/?s={search_term_string}\"},\"query-input\":{\"@type\":\"PropertyValueSpecification\",\"valueRequired\":true,\"valueName\":\"search_term_string\"}}],\"inLanguage\":\"lt-LT\"},{\"@type\":\"Organization\",\"@id\":\"https:\\\/\\\/www.malinashop.lt\\\/en\\\/#organization\",\"name\":\"COM Group Ecommerce\",\"url\":\"https:\\\/\\\/www.malinashop.lt\\\/en\\\/\",\"logo\":{\"@type\":\"ImageObject\",\"inLanguage\":\"lt-LT\",\"@id\":\"https:\\\/\\\/www.malinashop.lt\\\/en\\\/#\\\/schema\\\/logo\\\/image\\\/\",\"url\":\"https:\\\/\\\/www.malinashop.lt\\\/wp-content\\\/uploads\\\/2024\\\/08\\\/462559670_3787732518133670_9795632669273463_n-e1731525914575.png\",\"contentUrl\":\"https:\\\/\\\/www.malinashop.lt\\\/wp-content\\\/uploads\\\/2024\\\/08\\\/462559670_3787732518133670_9795632669273463_n-e1731525914575.png\",\"width\":180,\"height\":60,\"caption\":\"COM Group Ecommerce\"},\"image\":{\"@id\":\"https:\\\/\\\/www.malinashop.lt\\\/en\\\/#\\\/schema\\\/logo\\\/image\\\/\"}}]}<\/script>\n<!-- \/ Yoast SEO plugin. -->","yoast_head_json":{"title":"Pristatymas ir gr\u0105\u017einimas - MalinaShop.lt J\u016bs\u0173 sveikatai ir gro\u017eiui.","robots":{"index":"index","follow":"follow","max-snippet":"max-snippet:-1","max-image-preview":"max-image-preview:large","max-video-preview":"max-video-preview:-1"},"canonical":"https:\/\/www.malinashop.lt\/lt_lt\/pristatymas-ir-grazinimas\/","og_locale":"lt_LT","og_type":"article","og_title":"Pristatymas ir gr\u0105\u017einimas - MalinaShop.lt J\u016bs\u0173 sveikatai ir gro\u017eiui.","og_url":"https:\/\/www.malinashop.lt\/lt_lt\/pristatymas-ir-grazinimas\/","og_site_name":"MalinaShop.lt J\u016bs\u0173 sveikatai ir gro\u017eiui.","article_modified_time":"2025-11-07T08:44:42+00:00","twitter_card":"summary_large_image","schema":{"@context":"https:\/\/schema.org","@graph":[{"@type":"WebPage","@id":"https:\/\/www.malinashop.lt\/lt_lt\/pristatymas-ir-grazinimas\/","url":"https:\/\/www.malinashop.lt\/lt_lt\/pristatymas-ir-grazinimas\/","name":"Pristatymas ir gr\u0105\u017einimas - MalinaShop.lt J\u016bs\u0173 sveikatai ir gro\u017eiui.","isPartOf":{"@id":"https:\/\/www.malinashop.lt\/en\/#website"},"datePublished":"2024-08-08T12:06:46+00:00","dateModified":"2025-11-07T08:44:42+00:00","breadcrumb":{"@id":"https:\/\/www.malinashop.lt\/lt_lt\/pristatymas-ir-grazinimas\/#breadcrumb"},"inLanguage":"lt-LT","potentialAction":[{"@type":"ReadAction","target":["https:\/\/www.malinashop.lt\/lt_lt\/pristatymas-ir-grazinimas\/"]}]},{"@type":"BreadcrumbList","@id":"https:\/\/www.malinashop.lt\/lt_lt\/pristatymas-ir-grazinimas\/#breadcrumb","itemListElement":[{"@type":"ListItem","position":1,"name":"Home","item":"https:\/\/www.malinashop.lt\/en\/"},{"@type":"ListItem","position":2,"name":"Pristatymas ir gr\u0105\u017einimas"}]},{"@type":"WebSite","@id":"https:\/\/www.malinashop.lt\/en\/#website","url":"https:\/\/www.malinashop.lt\/en\/","name":"COM Group Ecommerce","description":"MalinaShop.lt - Gro\u017eio ir sveikatos produktai i\u0161 patikim\u0173 preki\u0173 \u017eenkl\u0173. Atraskite auk\u0161tos kokyb\u0117s kosmetik\u0105 u\u017e puiki\u0105 kain\u0105.","publisher":{"@id":"https:\/\/www.malinashop.lt\/en\/#organization"},"potentialAction":[{"@type":"SearchAction","target":{"@type":"EntryPoint","urlTemplate":"https:\/\/www.malinashop.lt\/en\/?s={search_term_string}"},"query-input":{"@type":"PropertyValueSpecification","valueRequired":true,"valueName":"search_term_string"}}],"inLanguage":"lt-LT"},{"@type":"Organization","@id":"https:\/\/www.malinashop.lt\/en\/#organization","name":"COM Group Ecommerce","url":"https:\/\/www.malinashop.lt\/en\/","logo":{"@type":"ImageObject","inLanguage":"lt-LT","@id":"https:\/\/www.malinashop.lt\/en\/#\/schema\/logo\/image\/","url":"https:\/\/www.malinashop.lt\/wp-content\/uploads\/2024\/08\/462559670_3787732518133670_9795632669273463_n-e1731525914575.png","contentUrl":"https:\/\/www.malinashop.lt\/wp-content\/uploads\/2024\/08\/462559670_3787732518133670_9795632669273463_n-e1731525914575.png","width":180,"height":60,"caption":"COM Group Ecommerce"},"image":{"@id":"https:\/\/www.malinashop.lt\/en\/#\/schema\/logo\/image\/"}}]}},"jetpack_sharing_enabled":true,"_links":{"self":[{"href":"https:\/\/www.malinashop.lt\/lt_lt\/wp-json\/wp\/v2\/pages\/16","targetHints":{"allow":["GET"]}}],"collection":[{"href":"https:\/\/www.malinashop.lt\/lt_lt\/wp-json\/wp\/v2\/pages"}],"about":[{"href":"https:\/\/www.malinashop.lt\/lt_lt\/wp-json\/wp\/v2\/types\/page"}],"author":[{"embeddable":true,"href":"https:\/\/www.malinashop.lt\/lt_lt\/wp-json\/wp\/v2\/users\/1"}],"replies":[{"embeddable":true,"href":"https:\/\/www.malinashop.lt\/lt_lt\/wp-json\/wp\/v2\/comments?post=16"}],"version-history":[{"count":4,"href":"https:\/\/www.malinashop.lt\/lt_lt\/wp-json\/wp\/v2\/pages\/16\/revisions"}],"predecessor-version":[{"id":61176,"href":"https:\/\/www.malinashop.lt\/lt_lt\/wp-json\/wp\/v2\/pages\/16\/revisions\/61176"}],"wp:attachment":[{"href":"https:\/\/www.malinashop.lt\/lt_lt\/wp-json\/wp\/v2\/media?parent=16"}],"curies":[{"name":"wp","href":"https:\/\/api.w.org\/{rel}","templated":true}]}}