{"id":78469,"date":"2026-05-15T09:29:39","date_gmt":"2026-05-15T06:29:39","guid":{"rendered":"https:\/\/www.malinashop.lt\/shop\/paese-glowerous-birus-highlighteris-gold-5-g\/"},"modified":"2026-05-15T10:00:32","modified_gmt":"2026-05-15T07:00:32","slug":"paese-glowerous-birus-highlighteris-gold-5-g","status":"publish","type":"product","link":"https:\/\/www.malinashop.lt\/en\/shop\/paese-glowerous-birus-highlighteris-gold-5-g\/","title":{"rendered":"PAESE GLOWEROUS birus highlighteris Gold, 5 g"},"content":{"rendered":"<p>PAESE GLOWEROUS birus highlighteris Gold \u2014 intensyvus auksinio blizgesio birias highlighteris, suteikiantis odai prabang\u0173, karali\u0161kos aureol\u0117s \u0161vyt\u0117jim\u0105. Gold atspalvis \u2014 universalusis, nes tinka daugeliui odos ton\u0173 ir suteikia odai ypatingos prabangos poj\u016bt\u012f.<\/p>\n<p>Formul\u0117 gali b\u016bti naudojama tiek ant veido, tiek ant k\u016bno \u2014 pe\u010di\u0173, rank\u0173 ar dekolt\u0117 srities. Auksiniai pigmentai ilgai i\u0161silaiko ir sukuria ry\u0161k\u0173, blizgant\u012f efekt\u0105, matam\u0105 i\u0161 toli.<\/p>\n<h3>Paggindiniai privalumai<\/h3>\n<ul>\n<li>Intensyvus auksinis blizgesys<\/li>\n<li>Tinka veido ir k\u016bno dekoravimui<\/li>\n<li>Universaliai tinkantis daugeliui odos ton\u0173<\/li>\n<li>Ilgai i\u0161liekantis ry\u0161kus efektas<\/li>\n<li>GLOWEROUS serijos prabangus highlighteris<\/li>\n<\/ul>\n<h3>Naudojimas<\/h3>\n<p>\u0160epet\u0117liu tepkite ant skruost\u0173 kaul\u0173, kaktos, nosies galiuko. K\u016bno dekoravimui tepkite ant pe\u010di\u0173, rank\u0173 ar dekolt\u0117.<\/p>\n","protected":false},"excerpt":{"rendered":"<p>Auksinio blizgesio biras highlighteris PAESE GLOWEROUS Gold \u2014 intensyvus auksinis \u0161vyt\u0117jimas, puikiai tinkantis veido ir k\u016bno dekoravimui.<\/p>\n","protected":false},"featured_media":78468,"comment_status":"open","ping_status":"closed","template":"","meta":[],"product_brand":[1534],"product_cat":[102,526],"product_tag":[],"class_list":{"0":"post-78469","1":"product","2":"type-product","3":"status-publish","4":"has-post-thumbnail","6":"product_brand-paese","7":"product_cat-dekoratyvine-kosmetika","8":"product_cat-skaistalai","10":"first","11":"instock","12":"taxable","13":"shipping-taxable","14":"purchasable","15":"product-type-simple"},"yoast_head":"<!-- This site is optimized with the Yoast SEO plugin v27.6 - https:\/\/yoast.com\/product\/yoast-seo-wordpress\/ -->\n<title>PAESE GLOWEROUS birus highlighteris Gold, 5 g - MalinaShop.lt J\u016bs\u0173 sveikatai ir gro\u017eiui.<\/title>\n<meta name=\"description\" content=\"Auksinio blizgesio biras highlighteris PAESE GLOWEROUS Gold \u2014 intensyvus auksinis \u0161vyt\u0117jimas, puikiai tinkantis veido ir k\u016bno dekoravimui.\" \/>\n<meta name=\"robots\" content=\"index, follow, max-snippet:-1, max-image-preview:large, max-video-preview:-1\" \/>\n<link rel=\"canonical\" href=\"https:\/\/www.malinashop.lt\/en\/shop\/paese-glowerous-birus-highlighteris-gold-5-g\/\" \/>\n<meta property=\"og:locale\" content=\"en_GB\" \/>\n<meta property=\"og:type\" content=\"article\" \/>\n<meta property=\"og:title\" content=\"PAESE GLOWEROUS birus highlighteris Gold, 5 g - MalinaShop.lt J\u016bs\u0173 sveikatai ir gro\u017eiui.\" \/>\n<meta property=\"og:description\" content=\"Auksinio blizgesio biras highlighteris PAESE GLOWEROUS Gold \u2014 intensyvus auksinis \u0161vyt\u0117jimas, puikiai tinkantis veido ir k\u016bno dekoravimui.\" \/>\n<meta property=\"og:url\" content=\"https:\/\/www.malinashop.lt\/en\/shop\/paese-glowerous-birus-highlighteris-gold-5-g\/\" \/>\n<meta property=\"og:site_name\" content=\"MalinaShop.lt J\u016bs\u0173 sveikatai ir gro\u017eiui.\" \/>\n<meta property=\"article:modified_time\" content=\"2026-05-15T07:00:32+00:00\" \/>\n<meta property=\"og:image\" content=\"https:\/\/www.malinashop.lt\/wp-content\/uploads\/2026\/05\/5902627625398.jpg\" \/>\n\t<meta property=\"og:image:width\" content=\"1000\" \/>\n\t<meta property=\"og:image:height\" content=\"1000\" \/>\n\t<meta property=\"og:image:type\" content=\"image\/jpeg\" \/>\n<meta name=\"twitter:card\" content=\"summary_large_image\" \/>\n<script type=\"application\/ld+json\" class=\"yoast-schema-graph\">{\"@context\":\"https:\\\/\\\/schema.org\",\"@graph\":[{\"@type\":\"WebPage\",\"@id\":\"https:\\\/\\\/www.malinashop.lt\\\/shop\\\/paese-glowerous-birus-highlighteris-gold-5-g\\\/\",\"url\":\"https:\\\/\\\/www.malinashop.lt\\\/shop\\\/paese-glowerous-birus-highlighteris-gold-5-g\\\/\",\"name\":\"PAESE GLOWEROUS birus highlighteris Gold, 5 g - MalinaShop.lt J\u016bs\u0173 sveikatai ir gro\u017eiui.\",\"isPartOf\":{\"@id\":\"https:\\\/\\\/www.malinashop.lt\\\/#website\"},\"primaryImageOfPage\":{\"@id\":\"https:\\\/\\\/www.malinashop.lt\\\/shop\\\/paese-glowerous-birus-highlighteris-gold-5-g\\\/#primaryimage\"},\"image\":{\"@id\":\"https:\\\/\\\/www.malinashop.lt\\\/shop\\\/paese-glowerous-birus-highlighteris-gold-5-g\\\/#primaryimage\"},\"thumbnailUrl\":\"https:\\\/\\\/www.malinashop.lt\\\/wp-content\\\/uploads\\\/2026\\\/05\\\/5902627625398.jpg\",\"datePublished\":\"2026-05-15T06:29:39+00:00\",\"dateModified\":\"2026-05-15T07:00:32+00:00\",\"description\":\"Auksinio blizgesio biras highlighteris PAESE GLOWEROUS Gold \u2014 intensyvus auksinis \u0161vyt\u0117jimas, puikiai tinkantis veido ir k\u016bno dekoravimui.\",\"breadcrumb\":{\"@id\":\"https:\\\/\\\/www.malinashop.lt\\\/shop\\\/paese-glowerous-birus-highlighteris-gold-5-g\\\/#breadcrumb\"},\"inLanguage\":\"en-GB\",\"potentialAction\":[{\"@type\":\"ReadAction\",\"target\":[\"https:\\\/\\\/www.malinashop.lt\\\/shop\\\/paese-glowerous-birus-highlighteris-gold-5-g\\\/\"]}]},{\"@type\":\"ImageObject\",\"inLanguage\":\"en-GB\",\"@id\":\"https:\\\/\\\/www.malinashop.lt\\\/shop\\\/paese-glowerous-birus-highlighteris-gold-5-g\\\/#primaryimage\",\"url\":\"https:\\\/\\\/www.malinashop.lt\\\/wp-content\\\/uploads\\\/2026\\\/05\\\/5902627625398.jpg\",\"contentUrl\":\"https:\\\/\\\/www.malinashop.lt\\\/wp-content\\\/uploads\\\/2026\\\/05\\\/5902627625398.jpg\",\"width\":1000,\"height\":1000},{\"@type\":\"BreadcrumbList\",\"@id\":\"https:\\\/\\\/www.malinashop.lt\\\/shop\\\/paese-glowerous-birus-highlighteris-gold-5-g\\\/#breadcrumb\",\"itemListElement\":[{\"@type\":\"ListItem\",\"position\":1,\"name\":\"Pagrindinis\",\"item\":\"https:\\\/\\\/www.malinashop.lt\\\/\"},{\"@type\":\"ListItem\",\"position\":2,\"name\":\"Parduotuv\u0117\",\"item\":\"https:\\\/\\\/www.malinashop.lt\\\/en\\\/parduotuve\\\/\"},{\"@type\":\"ListItem\",\"position\":3,\"name\":\"PAESE GLOWEROUS birus highlighteris Gold, 5 g\"}]},{\"@type\":\"WebSite\",\"@id\":\"https:\\\/\\\/www.malinashop.lt\\\/#website\",\"url\":\"https:\\\/\\\/www.malinashop.lt\\\/\",\"name\":\"COM Group Ecommerce\",\"description\":\"MalinaShop.lt - Gro\u017eio ir sveikatos produktai i\u0161 patikim\u0173 preki\u0173 \u017eenkl\u0173. Atraskite auk\u0161tos kokyb\u0117s kosmetik\u0105 u\u017e puiki\u0105 kain\u0105.\",\"publisher\":{\"@id\":\"https:\\\/\\\/www.malinashop.lt\\\/#organization\"},\"potentialAction\":[{\"@type\":\"SearchAction\",\"target\":{\"@type\":\"EntryPoint\",\"urlTemplate\":\"https:\\\/\\\/www.malinashop.lt\\\/?s={search_term_string}\"},\"query-input\":{\"@type\":\"PropertyValueSpecification\",\"valueRequired\":true,\"valueName\":\"search_term_string\"}}],\"inLanguage\":\"en-GB\"},{\"@type\":\"Organization\",\"@id\":\"https:\\\/\\\/www.malinashop.lt\\\/#organization\",\"name\":\"COM Group Ecommerce\",\"url\":\"https:\\\/\\\/www.malinashop.lt\\\/\",\"logo\":{\"@type\":\"ImageObject\",\"inLanguage\":\"en-GB\",\"@id\":\"https:\\\/\\\/www.malinashop.lt\\\/#\\\/schema\\\/logo\\\/image\\\/\",\"url\":\"https:\\\/\\\/www.malinashop.lt\\\/wp-content\\\/uploads\\\/2024\\\/08\\\/462559670_3787732518133670_9795632669273463_n-e1731525914575.png\",\"contentUrl\":\"https:\\\/\\\/www.malinashop.lt\\\/wp-content\\\/uploads\\\/2024\\\/08\\\/462559670_3787732518133670_9795632669273463_n-e1731525914575.png\",\"width\":180,\"height\":60,\"caption\":\"COM Group Ecommerce\"},\"image\":{\"@id\":\"https:\\\/\\\/www.malinashop.lt\\\/#\\\/schema\\\/logo\\\/image\\\/\"}}]}<\/script>\n<!-- \/ Yoast SEO plugin. -->","yoast_head_json":{"title":"PAESE GLOWEROUS birus highlighteris Gold, 5 g - MalinaShop.lt J\u016bs\u0173 sveikatai ir gro\u017eiui.","description":"Auksinio blizgesio biras highlighteris PAESE GLOWEROUS Gold \u2014 intensyvus auksinis \u0161vyt\u0117jimas, puikiai tinkantis veido ir k\u016bno dekoravimui.","robots":{"index":"index","follow":"follow","max-snippet":"max-snippet:-1","max-image-preview":"max-image-preview:large","max-video-preview":"max-video-preview:-1"},"canonical":"https:\/\/www.malinashop.lt\/en\/shop\/paese-glowerous-birus-highlighteris-gold-5-g\/","og_locale":"en_GB","og_type":"article","og_title":"PAESE GLOWEROUS birus highlighteris Gold, 5 g - MalinaShop.lt J\u016bs\u0173 sveikatai ir gro\u017eiui.","og_description":"Auksinio blizgesio biras highlighteris PAESE GLOWEROUS Gold \u2014 intensyvus auksinis \u0161vyt\u0117jimas, puikiai tinkantis veido ir k\u016bno dekoravimui.","og_url":"https:\/\/www.malinashop.lt\/en\/shop\/paese-glowerous-birus-highlighteris-gold-5-g\/","og_site_name":"MalinaShop.lt J\u016bs\u0173 sveikatai ir gro\u017eiui.","article_modified_time":"2026-05-15T07:00:32+00:00","og_image":[{"width":1000,"height":1000,"url":"https:\/\/www.malinashop.lt\/wp-content\/uploads\/2026\/05\/5902627625398.jpg","type":"image\/jpeg"}],"twitter_card":"summary_large_image","schema":{"@context":"https:\/\/schema.org","@graph":[{"@type":"WebPage","@id":"https:\/\/www.malinashop.lt\/shop\/paese-glowerous-birus-highlighteris-gold-5-g\/","url":"https:\/\/www.malinashop.lt\/shop\/paese-glowerous-birus-highlighteris-gold-5-g\/","name":"PAESE GLOWEROUS birus highlighteris Gold, 5 g - MalinaShop.lt J\u016bs\u0173 sveikatai ir gro\u017eiui.","isPartOf":{"@id":"https:\/\/www.malinashop.lt\/#website"},"primaryImageOfPage":{"@id":"https:\/\/www.malinashop.lt\/shop\/paese-glowerous-birus-highlighteris-gold-5-g\/#primaryimage"},"image":{"@id":"https:\/\/www.malinashop.lt\/shop\/paese-glowerous-birus-highlighteris-gold-5-g\/#primaryimage"},"thumbnailUrl":"https:\/\/www.malinashop.lt\/wp-content\/uploads\/2026\/05\/5902627625398.jpg","datePublished":"2026-05-15T06:29:39+00:00","dateModified":"2026-05-15T07:00:32+00:00","description":"Auksinio blizgesio biras highlighteris PAESE GLOWEROUS Gold \u2014 intensyvus auksinis \u0161vyt\u0117jimas, puikiai tinkantis veido ir k\u016bno dekoravimui.","breadcrumb":{"@id":"https:\/\/www.malinashop.lt\/shop\/paese-glowerous-birus-highlighteris-gold-5-g\/#breadcrumb"},"inLanguage":"en-GB","potentialAction":[{"@type":"ReadAction","target":["https:\/\/www.malinashop.lt\/shop\/paese-glowerous-birus-highlighteris-gold-5-g\/"]}]},{"@type":"ImageObject","inLanguage":"en-GB","@id":"https:\/\/www.malinashop.lt\/shop\/paese-glowerous-birus-highlighteris-gold-5-g\/#primaryimage","url":"https:\/\/www.malinashop.lt\/wp-content\/uploads\/2026\/05\/5902627625398.jpg","contentUrl":"https:\/\/www.malinashop.lt\/wp-content\/uploads\/2026\/05\/5902627625398.jpg","width":1000,"height":1000},{"@type":"BreadcrumbList","@id":"https:\/\/www.malinashop.lt\/shop\/paese-glowerous-birus-highlighteris-gold-5-g\/#breadcrumb","itemListElement":[{"@type":"ListItem","position":1,"name":"Pagrindinis","item":"https:\/\/www.malinashop.lt\/"},{"@type":"ListItem","position":2,"name":"Parduotuv\u0117","item":"https:\/\/www.malinashop.lt\/en\/parduotuve\/"},{"@type":"ListItem","position":3,"name":"PAESE GLOWEROUS birus highlighteris Gold, 5 g"}]},{"@type":"WebSite","@id":"https:\/\/www.malinashop.lt\/#website","url":"https:\/\/www.malinashop.lt\/","name":"COM Group Ecommerce","description":"MalinaShop.lt - Gro\u017eio ir sveikatos produktai i\u0161 patikim\u0173 preki\u0173 \u017eenkl\u0173. Atraskite auk\u0161tos kokyb\u0117s kosmetik\u0105 u\u017e puiki\u0105 kain\u0105.","publisher":{"@id":"https:\/\/www.malinashop.lt\/#organization"},"potentialAction":[{"@type":"SearchAction","target":{"@type":"EntryPoint","urlTemplate":"https:\/\/www.malinashop.lt\/?s={search_term_string}"},"query-input":{"@type":"PropertyValueSpecification","valueRequired":true,"valueName":"search_term_string"}}],"inLanguage":"en-GB"},{"@type":"Organization","@id":"https:\/\/www.malinashop.lt\/#organization","name":"COM Group Ecommerce","url":"https:\/\/www.malinashop.lt\/","logo":{"@type":"ImageObject","inLanguage":"en-GB","@id":"https:\/\/www.malinashop.lt\/#\/schema\/logo\/image\/","url":"https:\/\/www.malinashop.lt\/wp-content\/uploads\/2024\/08\/462559670_3787732518133670_9795632669273463_n-e1731525914575.png","contentUrl":"https:\/\/www.malinashop.lt\/wp-content\/uploads\/2024\/08\/462559670_3787732518133670_9795632669273463_n-e1731525914575.png","width":180,"height":60,"caption":"COM Group Ecommerce"},"image":{"@id":"https:\/\/www.malinashop.lt\/#\/schema\/logo\/image\/"}}]}},"jetpack_sharing_enabled":true,"_links":{"self":[{"href":"https:\/\/www.malinashop.lt\/en\/wp-json\/wp\/v2\/product\/78469","targetHints":{"allow":["GET"]}}],"collection":[{"href":"https:\/\/www.malinashop.lt\/en\/wp-json\/wp\/v2\/product"}],"about":[{"href":"https:\/\/www.malinashop.lt\/en\/wp-json\/wp\/v2\/types\/product"}],"replies":[{"embeddable":true,"href":"https:\/\/www.malinashop.lt\/en\/wp-json\/wp\/v2\/comments?post=78469"}],"version-history":[{"count":1,"href":"https:\/\/www.malinashop.lt\/en\/wp-json\/wp\/v2\/product\/78469\/revisions"}],"predecessor-version":[{"id":78518,"href":"https:\/\/www.malinashop.lt\/en\/wp-json\/wp\/v2\/product\/78469\/revisions\/78518"}],"wp:featuredmedia":[{"embeddable":true,"href":"https:\/\/www.malinashop.lt\/en\/wp-json\/wp\/v2\/media\/78468"}],"wp:attachment":[{"href":"https:\/\/www.malinashop.lt\/en\/wp-json\/wp\/v2\/media?parent=78469"}],"wp:term":[{"taxonomy":"product_brand","embeddable":true,"href":"https:\/\/www.malinashop.lt\/en\/wp-json\/wp\/v2\/product_brand?post=78469"},{"taxonomy":"product_cat","embeddable":true,"href":"https:\/\/www.malinashop.lt\/en\/wp-json\/wp\/v2\/product_cat?post=78469"},{"taxonomy":"product_tag","embeddable":true,"href":"https:\/\/www.malinashop.lt\/en\/wp-json\/wp\/v2\/product_tag?post=78469"}],"curies":[{"name":"wp","href":"https:\/\/api.w.org\/{rel}","templated":true}]}}