{"id":78465,"date":"2026-05-15T09:29:37","date_gmt":"2026-05-15T06:29:37","guid":{"rendered":"https:\/\/www.malinashop.lt\/shop\/paese-minerals-mineralinis-bronzantas-400-6-g\/"},"modified":"2026-05-15T10:01:51","modified_gmt":"2026-05-15T07:01:51","slug":"paese-minerals-mineralinis-bronzantas-400-6-g","status":"publish","type":"product","link":"https:\/\/www.malinashop.lt\/en\/shop\/paese-minerals-mineralinis-bronzantas-400-6-g\/","title":{"rendered":"PAESE MINERALS mineralinis bronzantas 400, 6 g"},"content":{"rendered":"<p>PAESE MINERALS mineralinis bronzantas 400 \u2014 birios tekst\u016bros mineralinis bronzantas, suteikiantis veido odai nat\u016bral\u0173 \u012fdegio efekt\u0105 ir \u0161ilt\u0105, sveikos odos spindes\u012f. MINERALS bronzantas pagamintas i\u0161 auk\u0161tos kokyb\u0117s mineralini\u0173 pigment\u0173, draugi\u0161k\u0173 net jautriai odai.<\/p>\n<p>Formul\u0117 lengvai tepama ir tolygiai pasklinda, nepaliekant sunkaus ar netolygaus poveikio. Puikiai tinka kasdieniam naudojimui ir deramas su MINERALS mineraliniais skaistalais.<\/p>\n<h3>Paggindiniai privalumai<\/h3>\n<ul>\n<li>Nat\u016bralus \u012fdegio efektas<\/li>\n<li>Auk\u0161tos kokyb\u0117s mineralin\u0117 formul\u0117<\/li>\n<li>Draugi\u0161ka jautriai odai<\/li>\n<li>Lengvai tepamas ir tolygiai pasklistantis<\/li>\n<li>Puikiai dera su MINERALS kolekcija<\/li>\n<\/ul>\n<h3>Naudojimas<\/h3>\n<p>Dideliu \u0161epet\u0117liu tepkite ant skruost\u0173, kaktos ir nosies galiuko. Derinkite su mineraliniais skaistalais tobulam nat\u016bralaus makia\u017eo efektui.<\/p>\n","protected":false},"excerpt":{"rendered":"<p>Mineralinis bronzantas PAESE MINERALS 400 \u2014 birios tekst\u016bros formul\u0117 suteikia veido odai nat\u016bral\u0173 \u012fdegio efekt\u0105 ir \u0161ilt\u0105 spindes\u012f.<\/p>\n","protected":false},"featured_media":78464,"comment_status":"open","ping_status":"closed","template":"","meta":[],"product_brand":[1534],"product_cat":[793,102],"product_tag":[],"class_list":{"0":"post-78465","1":"product","2":"type-product","3":"status-publish","4":"has-post-thumbnail","6":"product_brand-paese","7":"product_cat-bronzantai-2","8":"product_cat-dekoratyvine-kosmetika","10":"first","11":"instock","12":"taxable","13":"shipping-taxable","14":"purchasable","15":"product-type-simple"},"yoast_head":"<!-- This site is optimized with the Yoast SEO plugin v27.6 - https:\/\/yoast.com\/product\/yoast-seo-wordpress\/ -->\n<title>PAESE MINERALS mineralinis bronzantas 400, 6 g - MalinaShop.lt J\u016bs\u0173 sveikatai ir gro\u017eiui.<\/title>\n<meta name=\"description\" content=\"Mineralinis bronzantas PAESE MINERALS 400 \u2014 birios tekst\u016bros formul\u0117 suteikia veido odai nat\u016bral\u0173 \u012fdegio efekt\u0105 ir \u0161ilt\u0105 spindes\u012f.\" \/>\n<meta name=\"robots\" content=\"index, follow, max-snippet:-1, max-image-preview:large, max-video-preview:-1\" \/>\n<link rel=\"canonical\" href=\"https:\/\/www.malinashop.lt\/en\/shop\/paese-minerals-mineralinis-bronzantas-400-6-g\/\" \/>\n<meta property=\"og:locale\" content=\"en_GB\" \/>\n<meta property=\"og:type\" content=\"article\" \/>\n<meta property=\"og:title\" content=\"PAESE MINERALS mineralinis bronzantas 400, 6 g - MalinaShop.lt J\u016bs\u0173 sveikatai ir gro\u017eiui.\" \/>\n<meta property=\"og:description\" content=\"Mineralinis bronzantas PAESE MINERALS 400 \u2014 birios tekst\u016bros formul\u0117 suteikia veido odai nat\u016bral\u0173 \u012fdegio efekt\u0105 ir \u0161ilt\u0105 spindes\u012f.\" \/>\n<meta property=\"og:url\" content=\"https:\/\/www.malinashop.lt\/en\/shop\/paese-minerals-mineralinis-bronzantas-400-6-g\/\" \/>\n<meta property=\"og:site_name\" content=\"MalinaShop.lt J\u016bs\u0173 sveikatai ir gro\u017eiui.\" \/>\n<meta property=\"article:modified_time\" content=\"2026-05-15T07:01:51+00:00\" \/>\n<meta property=\"og:image\" content=\"https:\/\/www.malinashop.lt\/wp-content\/uploads\/2026\/05\/5902627621475.jpg\" \/>\n\t<meta property=\"og:image:width\" content=\"1000\" \/>\n\t<meta property=\"og:image:height\" content=\"1000\" \/>\n\t<meta property=\"og:image:type\" content=\"image\/jpeg\" \/>\n<meta name=\"twitter:card\" content=\"summary_large_image\" \/>\n<script type=\"application\/ld+json\" class=\"yoast-schema-graph\">{\"@context\":\"https:\\\/\\\/schema.org\",\"@graph\":[{\"@type\":\"WebPage\",\"@id\":\"https:\\\/\\\/www.malinashop.lt\\\/shop\\\/paese-minerals-mineralinis-bronzantas-400-6-g\\\/\",\"url\":\"https:\\\/\\\/www.malinashop.lt\\\/shop\\\/paese-minerals-mineralinis-bronzantas-400-6-g\\\/\",\"name\":\"PAESE MINERALS mineralinis bronzantas 400, 6 g - MalinaShop.lt J\u016bs\u0173 sveikatai ir gro\u017eiui.\",\"isPartOf\":{\"@id\":\"https:\\\/\\\/www.malinashop.lt\\\/#website\"},\"primaryImageOfPage\":{\"@id\":\"https:\\\/\\\/www.malinashop.lt\\\/shop\\\/paese-minerals-mineralinis-bronzantas-400-6-g\\\/#primaryimage\"},\"image\":{\"@id\":\"https:\\\/\\\/www.malinashop.lt\\\/shop\\\/paese-minerals-mineralinis-bronzantas-400-6-g\\\/#primaryimage\"},\"thumbnailUrl\":\"https:\\\/\\\/www.malinashop.lt\\\/wp-content\\\/uploads\\\/2026\\\/05\\\/5902627621475.jpg\",\"datePublished\":\"2026-05-15T06:29:37+00:00\",\"dateModified\":\"2026-05-15T07:01:51+00:00\",\"description\":\"Mineralinis bronzantas PAESE MINERALS 400 \u2014 birios tekst\u016bros formul\u0117 suteikia veido odai nat\u016bral\u0173 \u012fdegio efekt\u0105 ir \u0161ilt\u0105 spindes\u012f.\",\"breadcrumb\":{\"@id\":\"https:\\\/\\\/www.malinashop.lt\\\/shop\\\/paese-minerals-mineralinis-bronzantas-400-6-g\\\/#breadcrumb\"},\"inLanguage\":\"en-GB\",\"potentialAction\":[{\"@type\":\"ReadAction\",\"target\":[\"https:\\\/\\\/www.malinashop.lt\\\/shop\\\/paese-minerals-mineralinis-bronzantas-400-6-g\\\/\"]}]},{\"@type\":\"ImageObject\",\"inLanguage\":\"en-GB\",\"@id\":\"https:\\\/\\\/www.malinashop.lt\\\/shop\\\/paese-minerals-mineralinis-bronzantas-400-6-g\\\/#primaryimage\",\"url\":\"https:\\\/\\\/www.malinashop.lt\\\/wp-content\\\/uploads\\\/2026\\\/05\\\/5902627621475.jpg\",\"contentUrl\":\"https:\\\/\\\/www.malinashop.lt\\\/wp-content\\\/uploads\\\/2026\\\/05\\\/5902627621475.jpg\",\"width\":1000,\"height\":1000},{\"@type\":\"BreadcrumbList\",\"@id\":\"https:\\\/\\\/www.malinashop.lt\\\/shop\\\/paese-minerals-mineralinis-bronzantas-400-6-g\\\/#breadcrumb\",\"itemListElement\":[{\"@type\":\"ListItem\",\"position\":1,\"name\":\"Pagrindinis\",\"item\":\"https:\\\/\\\/www.malinashop.lt\\\/\"},{\"@type\":\"ListItem\",\"position\":2,\"name\":\"Parduotuv\u0117\",\"item\":\"https:\\\/\\\/www.malinashop.lt\\\/en\\\/parduotuve\\\/\"},{\"@type\":\"ListItem\",\"position\":3,\"name\":\"PAESE MINERALS mineralinis bronzantas 400, 6 g\"}]},{\"@type\":\"WebSite\",\"@id\":\"https:\\\/\\\/www.malinashop.lt\\\/#website\",\"url\":\"https:\\\/\\\/www.malinashop.lt\\\/\",\"name\":\"COM Group Ecommerce\",\"description\":\"MalinaShop.lt - Gro\u017eio ir sveikatos produktai i\u0161 patikim\u0173 preki\u0173 \u017eenkl\u0173. Atraskite auk\u0161tos kokyb\u0117s kosmetik\u0105 u\u017e puiki\u0105 kain\u0105.\",\"publisher\":{\"@id\":\"https:\\\/\\\/www.malinashop.lt\\\/#organization\"},\"potentialAction\":[{\"@type\":\"SearchAction\",\"target\":{\"@type\":\"EntryPoint\",\"urlTemplate\":\"https:\\\/\\\/www.malinashop.lt\\\/?s={search_term_string}\"},\"query-input\":{\"@type\":\"PropertyValueSpecification\",\"valueRequired\":true,\"valueName\":\"search_term_string\"}}],\"inLanguage\":\"en-GB\"},{\"@type\":\"Organization\",\"@id\":\"https:\\\/\\\/www.malinashop.lt\\\/#organization\",\"name\":\"COM Group Ecommerce\",\"url\":\"https:\\\/\\\/www.malinashop.lt\\\/\",\"logo\":{\"@type\":\"ImageObject\",\"inLanguage\":\"en-GB\",\"@id\":\"https:\\\/\\\/www.malinashop.lt\\\/#\\\/schema\\\/logo\\\/image\\\/\",\"url\":\"https:\\\/\\\/www.malinashop.lt\\\/wp-content\\\/uploads\\\/2024\\\/08\\\/462559670_3787732518133670_9795632669273463_n-e1731525914575.png\",\"contentUrl\":\"https:\\\/\\\/www.malinashop.lt\\\/wp-content\\\/uploads\\\/2024\\\/08\\\/462559670_3787732518133670_9795632669273463_n-e1731525914575.png\",\"width\":180,\"height\":60,\"caption\":\"COM Group Ecommerce\"},\"image\":{\"@id\":\"https:\\\/\\\/www.malinashop.lt\\\/#\\\/schema\\\/logo\\\/image\\\/\"}}]}<\/script>\n<!-- \/ Yoast SEO plugin. -->","yoast_head_json":{"title":"PAESE MINERALS mineralinis bronzantas 400, 6 g - MalinaShop.lt J\u016bs\u0173 sveikatai ir gro\u017eiui.","description":"Mineralinis bronzantas PAESE MINERALS 400 \u2014 birios tekst\u016bros formul\u0117 suteikia veido odai nat\u016bral\u0173 \u012fdegio efekt\u0105 ir \u0161ilt\u0105 spindes\u012f.","robots":{"index":"index","follow":"follow","max-snippet":"max-snippet:-1","max-image-preview":"max-image-preview:large","max-video-preview":"max-video-preview:-1"},"canonical":"https:\/\/www.malinashop.lt\/en\/shop\/paese-minerals-mineralinis-bronzantas-400-6-g\/","og_locale":"en_GB","og_type":"article","og_title":"PAESE MINERALS mineralinis bronzantas 400, 6 g - MalinaShop.lt J\u016bs\u0173 sveikatai ir gro\u017eiui.","og_description":"Mineralinis bronzantas PAESE MINERALS 400 \u2014 birios tekst\u016bros formul\u0117 suteikia veido odai nat\u016bral\u0173 \u012fdegio efekt\u0105 ir \u0161ilt\u0105 spindes\u012f.","og_url":"https:\/\/www.malinashop.lt\/en\/shop\/paese-minerals-mineralinis-bronzantas-400-6-g\/","og_site_name":"MalinaShop.lt J\u016bs\u0173 sveikatai ir gro\u017eiui.","article_modified_time":"2026-05-15T07:01:51+00:00","og_image":[{"width":1000,"height":1000,"url":"https:\/\/www.malinashop.lt\/wp-content\/uploads\/2026\/05\/5902627621475.jpg","type":"image\/jpeg"}],"twitter_card":"summary_large_image","schema":{"@context":"https:\/\/schema.org","@graph":[{"@type":"WebPage","@id":"https:\/\/www.malinashop.lt\/shop\/paese-minerals-mineralinis-bronzantas-400-6-g\/","url":"https:\/\/www.malinashop.lt\/shop\/paese-minerals-mineralinis-bronzantas-400-6-g\/","name":"PAESE MINERALS mineralinis bronzantas 400, 6 g - MalinaShop.lt J\u016bs\u0173 sveikatai ir gro\u017eiui.","isPartOf":{"@id":"https:\/\/www.malinashop.lt\/#website"},"primaryImageOfPage":{"@id":"https:\/\/www.malinashop.lt\/shop\/paese-minerals-mineralinis-bronzantas-400-6-g\/#primaryimage"},"image":{"@id":"https:\/\/www.malinashop.lt\/shop\/paese-minerals-mineralinis-bronzantas-400-6-g\/#primaryimage"},"thumbnailUrl":"https:\/\/www.malinashop.lt\/wp-content\/uploads\/2026\/05\/5902627621475.jpg","datePublished":"2026-05-15T06:29:37+00:00","dateModified":"2026-05-15T07:01:51+00:00","description":"Mineralinis bronzantas PAESE MINERALS 400 \u2014 birios tekst\u016bros formul\u0117 suteikia veido odai nat\u016bral\u0173 \u012fdegio efekt\u0105 ir \u0161ilt\u0105 spindes\u012f.","breadcrumb":{"@id":"https:\/\/www.malinashop.lt\/shop\/paese-minerals-mineralinis-bronzantas-400-6-g\/#breadcrumb"},"inLanguage":"en-GB","potentialAction":[{"@type":"ReadAction","target":["https:\/\/www.malinashop.lt\/shop\/paese-minerals-mineralinis-bronzantas-400-6-g\/"]}]},{"@type":"ImageObject","inLanguage":"en-GB","@id":"https:\/\/www.malinashop.lt\/shop\/paese-minerals-mineralinis-bronzantas-400-6-g\/#primaryimage","url":"https:\/\/www.malinashop.lt\/wp-content\/uploads\/2026\/05\/5902627621475.jpg","contentUrl":"https:\/\/www.malinashop.lt\/wp-content\/uploads\/2026\/05\/5902627621475.jpg","width":1000,"height":1000},{"@type":"BreadcrumbList","@id":"https:\/\/www.malinashop.lt\/shop\/paese-minerals-mineralinis-bronzantas-400-6-g\/#breadcrumb","itemListElement":[{"@type":"ListItem","position":1,"name":"Pagrindinis","item":"https:\/\/www.malinashop.lt\/"},{"@type":"ListItem","position":2,"name":"Parduotuv\u0117","item":"https:\/\/www.malinashop.lt\/en\/parduotuve\/"},{"@type":"ListItem","position":3,"name":"PAESE MINERALS mineralinis bronzantas 400, 6 g"}]},{"@type":"WebSite","@id":"https:\/\/www.malinashop.lt\/#website","url":"https:\/\/www.malinashop.lt\/","name":"COM Group Ecommerce","description":"MalinaShop.lt - Gro\u017eio ir sveikatos produktai i\u0161 patikim\u0173 preki\u0173 \u017eenkl\u0173. Atraskite auk\u0161tos kokyb\u0117s kosmetik\u0105 u\u017e puiki\u0105 kain\u0105.","publisher":{"@id":"https:\/\/www.malinashop.lt\/#organization"},"potentialAction":[{"@type":"SearchAction","target":{"@type":"EntryPoint","urlTemplate":"https:\/\/www.malinashop.lt\/?s={search_term_string}"},"query-input":{"@type":"PropertyValueSpecification","valueRequired":true,"valueName":"search_term_string"}}],"inLanguage":"en-GB"},{"@type":"Organization","@id":"https:\/\/www.malinashop.lt\/#organization","name":"COM Group Ecommerce","url":"https:\/\/www.malinashop.lt\/","logo":{"@type":"ImageObject","inLanguage":"en-GB","@id":"https:\/\/www.malinashop.lt\/#\/schema\/logo\/image\/","url":"https:\/\/www.malinashop.lt\/wp-content\/uploads\/2024\/08\/462559670_3787732518133670_9795632669273463_n-e1731525914575.png","contentUrl":"https:\/\/www.malinashop.lt\/wp-content\/uploads\/2024\/08\/462559670_3787732518133670_9795632669273463_n-e1731525914575.png","width":180,"height":60,"caption":"COM Group Ecommerce"},"image":{"@id":"https:\/\/www.malinashop.lt\/#\/schema\/logo\/image\/"}}]}},"jetpack_sharing_enabled":true,"_links":{"self":[{"href":"https:\/\/www.malinashop.lt\/en\/wp-json\/wp\/v2\/product\/78465","targetHints":{"allow":["GET"]}}],"collection":[{"href":"https:\/\/www.malinashop.lt\/en\/wp-json\/wp\/v2\/product"}],"about":[{"href":"https:\/\/www.malinashop.lt\/en\/wp-json\/wp\/v2\/types\/product"}],"replies":[{"embeddable":true,"href":"https:\/\/www.malinashop.lt\/en\/wp-json\/wp\/v2\/comments?post=78465"}],"version-history":[{"count":1,"href":"https:\/\/www.malinashop.lt\/en\/wp-json\/wp\/v2\/product\/78465\/revisions"}],"predecessor-version":[{"id":78520,"href":"https:\/\/www.malinashop.lt\/en\/wp-json\/wp\/v2\/product\/78465\/revisions\/78520"}],"wp:featuredmedia":[{"embeddable":true,"href":"https:\/\/www.malinashop.lt\/en\/wp-json\/wp\/v2\/media\/78464"}],"wp:attachment":[{"href":"https:\/\/www.malinashop.lt\/en\/wp-json\/wp\/v2\/media?parent=78465"}],"wp:term":[{"taxonomy":"product_brand","embeddable":true,"href":"https:\/\/www.malinashop.lt\/en\/wp-json\/wp\/v2\/product_brand?post=78465"},{"taxonomy":"product_cat","embeddable":true,"href":"https:\/\/www.malinashop.lt\/en\/wp-json\/wp\/v2\/product_cat?post=78465"},{"taxonomy":"product_tag","embeddable":true,"href":"https:\/\/www.malinashop.lt\/en\/wp-json\/wp\/v2\/product_tag?post=78465"}],"curies":[{"name":"wp","href":"https:\/\/api.w.org\/{rel}","templated":true}]}}