{"id":78232,"date":"2026-05-13T00:08:14","date_gmt":"2026-05-12T21:08:14","guid":{"rendered":"https:\/\/www.malinashop.lt\/shop\/mia-makeup-akiu-seseliu-baze-party-proof-10-ml\/"},"modified":"2026-05-13T00:12:44","modified_gmt":"2026-05-12T21:12:44","slug":"mia-makeup-akiu-seseliu-baze-party-proof-10-ml","status":"publish","type":"product","link":"https:\/\/www.malinashop.lt\/en\/shop\/mia-makeup-akiu-seseliu-baze-party-proof-10-ml\/","title":{"rendered":"MIA MAKEUP aki\u0173 \u0161e\u0161\u0117li\u0173 baz\u0117 PARTY PROOF, 10 ml"},"content":{"rendered":"<p>MIA MAKEUP PARTY PROOF \u2014 aki\u0173 \u0161e\u0161\u0117li\u0173 baz\u0117, sukurta ilgalaikiui ir intensyviam aki\u0173 makia\u017eui. Kaip jau sako pavadinimas \u2014 \u0161i baz\u0117 i\u0161tes\u0117jo net vakar\u0117liuose: aki\u0173 \u0161e\u0161\u0117liai likt\u0173 ry\u0161k\u016bs, nepajud\u0119 ir nei\u0161bluk\u0119 iki pat ryto. Tobulas pasirinkimas tiems, kurie reikalauja ilgai trunkan\u010dio ir intensyvaus aki\u0173 makia\u017eo.<\/p>\n<p>Lengva, greitai d\u017ei\u016bstanti tekst\u016bra sukuria ideal\u0173 pavir\u0161i\u0173 \u0161e\u0161\u0117liams \u2014 jie prigula tolygiai, nesimaisosi ir i\u0161lieka sodr\u016bs i\u0161tis\u0105 dien\u0105 ar vakar\u0105. PARTY PROOF baz\u0117 taip pat suintensyvina \u0161e\u0161\u0117li\u0173 spalv\u0105, tod\u0117l makia\u017eas atrodo ry\u0161kesnis ir profesionalesnis.<\/p>\n<h3>Pagrindiniai privalumai<\/h3>\n<ul>\n<li>Ilgai i\u0161liekanti formul\u0117 \u2014 aki\u0173 makia\u017eas trunka vis\u0105 dien\u0105 ir vakar\u0105<\/li>\n<li>Suintensyvina \u0161e\u0161\u0117li\u0173 spalv\u0105<\/li>\n<li>Neleid\u017eia \u0161e\u0161\u0117liams susimai\u0161yti ir blukti<\/li>\n<li>Greitai d\u017ei\u016bstanti tekst\u016bra<\/li>\n<li>Tobulas pagrindas tolygiam \u0161e\u0161\u0117li\u0173 tepimui<\/li>\n<li>Tinka vis\u0173 tip\u0173 aki\u0173 \u0161e\u0161\u0117liams<\/li>\n<\/ul>\n<h3>Naudojimas<\/h3>\n<p>Tepkite plonu sluoksniu ant voko prie\u0161 aki\u0173 \u0161e\u0161\u0117lius. Leiskite 30 sekund\u017ei\u0173 d\u017ei\u016bti ir tada tepkite \u0161e\u0161\u0117lius \u012fprastu b\u016bdu.<\/p>\n","protected":false},"excerpt":{"rendered":"<p>Ilgai i\u0161liekanti aki\u0173 \u0161e\u0161\u0117li\u0173 baz\u0117 maksimaliam aki\u0173 makia\u017eo i\u0161liekamumui. PARTY PROOF u\u017etikrina, kad aki\u0173 \u0161e\u0161\u0117liai likt\u0173 ry\u0161k\u016bs ir nepasislink\u0119 net po ilg\u0173 vakar\u0117li\u0173.<\/p>\n","protected":false},"featured_media":78231,"comment_status":"open","ping_status":"closed","template":"","meta":[],"product_brand":[522],"product_cat":[102,1702,527],"product_tag":[],"class_list":{"0":"post-78232","1":"product","2":"type-product","3":"status-publish","4":"has-post-thumbnail","6":"product_brand-mia-makeup","7":"product_cat-dekoratyvine-kosmetika","8":"product_cat-makiazas","9":"product_cat-makiazo-bazes","11":"first","12":"instock","13":"sale","14":"taxable","15":"shipping-taxable","16":"purchasable","17":"product-type-simple"},"yoast_head":"<!-- This site is optimized with the Yoast SEO plugin v27.6 - https:\/\/yoast.com\/product\/yoast-seo-wordpress\/ -->\n<title>MIA MAKEUP aki\u0173 \u0161e\u0161\u0117li\u0173 baz\u0117 PARTY PROOF, 10 ml - MalinaShop.lt J\u016bs\u0173 sveikatai ir gro\u017eiui.<\/title>\n<meta name=\"description\" content=\"Ilgai i\u0161liekanti aki\u0173 \u0161e\u0161\u0117li\u0173 baz\u0117 maksimaliam aki\u0173 makia\u017eo i\u0161liekamumui. PARTY PROOF u\u017etikrina, kad aki\u0173 \u0161e\u0161\u0117liai likt\u0173 ry\u0161k\u016bs ir nepasislink\u0119 net po ilg\u0173 vakar\u0117li\u0173.\" \/>\n<meta name=\"robots\" content=\"index, follow, max-snippet:-1, max-image-preview:large, max-video-preview:-1\" \/>\n<link rel=\"canonical\" href=\"https:\/\/www.malinashop.lt\/en\/shop\/mia-makeup-akiu-seseliu-baze-party-proof-10-ml\/\" \/>\n<meta property=\"og:locale\" content=\"en_GB\" \/>\n<meta property=\"og:type\" content=\"article\" \/>\n<meta property=\"og:title\" content=\"MIA MAKEUP aki\u0173 \u0161e\u0161\u0117li\u0173 baz\u0117 PARTY PROOF, 10 ml - MalinaShop.lt J\u016bs\u0173 sveikatai ir gro\u017eiui.\" \/>\n<meta property=\"og:description\" content=\"Ilgai i\u0161liekanti aki\u0173 \u0161e\u0161\u0117li\u0173 baz\u0117 maksimaliam aki\u0173 makia\u017eo i\u0161liekamumui. PARTY PROOF u\u017etikrina, kad aki\u0173 \u0161e\u0161\u0117liai likt\u0173 ry\u0161k\u016bs ir nepasislink\u0119 net po ilg\u0173 vakar\u0117li\u0173.\" \/>\n<meta property=\"og:url\" content=\"https:\/\/www.malinashop.lt\/en\/shop\/mia-makeup-akiu-seseliu-baze-party-proof-10-ml\/\" \/>\n<meta property=\"og:site_name\" content=\"MalinaShop.lt J\u016bs\u0173 sveikatai ir gro\u017eiui.\" \/>\n<meta property=\"article:modified_time\" content=\"2026-05-12T21:12:44+00:00\" \/>\n<meta property=\"og:image\" content=\"https:\/\/www.malinashop.lt\/wp-content\/uploads\/2026\/05\/8059692043620-300x300-1.jpg\" \/>\n\t<meta property=\"og:image:width\" content=\"300\" \/>\n\t<meta property=\"og:image:height\" content=\"300\" \/>\n\t<meta property=\"og:image:type\" content=\"image\/jpeg\" \/>\n<meta name=\"twitter:card\" content=\"summary_large_image\" \/>\n<script type=\"application\/ld+json\" class=\"yoast-schema-graph\">{\"@context\":\"https:\\\/\\\/schema.org\",\"@graph\":[{\"@type\":\"WebPage\",\"@id\":\"https:\\\/\\\/www.malinashop.lt\\\/shop\\\/mia-makeup-akiu-seseliu-baze-party-proof-10-ml\\\/\",\"url\":\"https:\\\/\\\/www.malinashop.lt\\\/shop\\\/mia-makeup-akiu-seseliu-baze-party-proof-10-ml\\\/\",\"name\":\"MIA MAKEUP aki\u0173 \u0161e\u0161\u0117li\u0173 baz\u0117 PARTY PROOF, 10 ml - MalinaShop.lt J\u016bs\u0173 sveikatai ir gro\u017eiui.\",\"isPartOf\":{\"@id\":\"https:\\\/\\\/www.malinashop.lt\\\/#website\"},\"primaryImageOfPage\":{\"@id\":\"https:\\\/\\\/www.malinashop.lt\\\/shop\\\/mia-makeup-akiu-seseliu-baze-party-proof-10-ml\\\/#primaryimage\"},\"image\":{\"@id\":\"https:\\\/\\\/www.malinashop.lt\\\/shop\\\/mia-makeup-akiu-seseliu-baze-party-proof-10-ml\\\/#primaryimage\"},\"thumbnailUrl\":\"https:\\\/\\\/www.malinashop.lt\\\/wp-content\\\/uploads\\\/2026\\\/05\\\/8059692043620-300x300-1.jpg\",\"datePublished\":\"2026-05-12T21:08:14+00:00\",\"dateModified\":\"2026-05-12T21:12:44+00:00\",\"description\":\"Ilgai i\u0161liekanti aki\u0173 \u0161e\u0161\u0117li\u0173 baz\u0117 maksimaliam aki\u0173 makia\u017eo i\u0161liekamumui. PARTY PROOF u\u017etikrina, kad aki\u0173 \u0161e\u0161\u0117liai likt\u0173 ry\u0161k\u016bs ir nepasislink\u0119 net po ilg\u0173 vakar\u0117li\u0173.\",\"breadcrumb\":{\"@id\":\"https:\\\/\\\/www.malinashop.lt\\\/shop\\\/mia-makeup-akiu-seseliu-baze-party-proof-10-ml\\\/#breadcrumb\"},\"inLanguage\":\"en-GB\",\"potentialAction\":[{\"@type\":\"ReadAction\",\"target\":[\"https:\\\/\\\/www.malinashop.lt\\\/shop\\\/mia-makeup-akiu-seseliu-baze-party-proof-10-ml\\\/\"]}]},{\"@type\":\"ImageObject\",\"inLanguage\":\"en-GB\",\"@id\":\"https:\\\/\\\/www.malinashop.lt\\\/shop\\\/mia-makeup-akiu-seseliu-baze-party-proof-10-ml\\\/#primaryimage\",\"url\":\"https:\\\/\\\/www.malinashop.lt\\\/wp-content\\\/uploads\\\/2026\\\/05\\\/8059692043620-300x300-1.jpg\",\"contentUrl\":\"https:\\\/\\\/www.malinashop.lt\\\/wp-content\\\/uploads\\\/2026\\\/05\\\/8059692043620-300x300-1.jpg\",\"width\":300,\"height\":300},{\"@type\":\"BreadcrumbList\",\"@id\":\"https:\\\/\\\/www.malinashop.lt\\\/shop\\\/mia-makeup-akiu-seseliu-baze-party-proof-10-ml\\\/#breadcrumb\",\"itemListElement\":[{\"@type\":\"ListItem\",\"position\":1,\"name\":\"Pagrindinis\",\"item\":\"https:\\\/\\\/www.malinashop.lt\\\/\"},{\"@type\":\"ListItem\",\"position\":2,\"name\":\"Parduotuv\u0117\",\"item\":\"https:\\\/\\\/www.malinashop.lt\\\/en\\\/parduotuve\\\/\"},{\"@type\":\"ListItem\",\"position\":3,\"name\":\"MIA MAKEUP aki\u0173 \u0161e\u0161\u0117li\u0173 baz\u0117 PARTY PROOF, 10 ml\"}]},{\"@type\":\"WebSite\",\"@id\":\"https:\\\/\\\/www.malinashop.lt\\\/#website\",\"url\":\"https:\\\/\\\/www.malinashop.lt\\\/\",\"name\":\"COM Group Ecommerce\",\"description\":\"MalinaShop.lt - Gro\u017eio ir sveikatos produktai i\u0161 patikim\u0173 preki\u0173 \u017eenkl\u0173. Atraskite auk\u0161tos kokyb\u0117s kosmetik\u0105 u\u017e puiki\u0105 kain\u0105.\",\"publisher\":{\"@id\":\"https:\\\/\\\/www.malinashop.lt\\\/#organization\"},\"potentialAction\":[{\"@type\":\"SearchAction\",\"target\":{\"@type\":\"EntryPoint\",\"urlTemplate\":\"https:\\\/\\\/www.malinashop.lt\\\/?s={search_term_string}\"},\"query-input\":{\"@type\":\"PropertyValueSpecification\",\"valueRequired\":true,\"valueName\":\"search_term_string\"}}],\"inLanguage\":\"en-GB\"},{\"@type\":\"Organization\",\"@id\":\"https:\\\/\\\/www.malinashop.lt\\\/#organization\",\"name\":\"COM Group Ecommerce\",\"url\":\"https:\\\/\\\/www.malinashop.lt\\\/\",\"logo\":{\"@type\":\"ImageObject\",\"inLanguage\":\"en-GB\",\"@id\":\"https:\\\/\\\/www.malinashop.lt\\\/#\\\/schema\\\/logo\\\/image\\\/\",\"url\":\"https:\\\/\\\/www.malinashop.lt\\\/wp-content\\\/uploads\\\/2024\\\/08\\\/462559670_3787732518133670_9795632669273463_n-e1731525914575.png\",\"contentUrl\":\"https:\\\/\\\/www.malinashop.lt\\\/wp-content\\\/uploads\\\/2024\\\/08\\\/462559670_3787732518133670_9795632669273463_n-e1731525914575.png\",\"width\":180,\"height\":60,\"caption\":\"COM Group Ecommerce\"},\"image\":{\"@id\":\"https:\\\/\\\/www.malinashop.lt\\\/#\\\/schema\\\/logo\\\/image\\\/\"}}]}<\/script>\n<!-- \/ Yoast SEO plugin. -->","yoast_head_json":{"title":"MIA MAKEUP aki\u0173 \u0161e\u0161\u0117li\u0173 baz\u0117 PARTY PROOF, 10 ml - MalinaShop.lt J\u016bs\u0173 sveikatai ir gro\u017eiui.","description":"Ilgai i\u0161liekanti aki\u0173 \u0161e\u0161\u0117li\u0173 baz\u0117 maksimaliam aki\u0173 makia\u017eo i\u0161liekamumui. PARTY PROOF u\u017etikrina, kad aki\u0173 \u0161e\u0161\u0117liai likt\u0173 ry\u0161k\u016bs ir nepasislink\u0119 net po ilg\u0173 vakar\u0117li\u0173.","robots":{"index":"index","follow":"follow","max-snippet":"max-snippet:-1","max-image-preview":"max-image-preview:large","max-video-preview":"max-video-preview:-1"},"canonical":"https:\/\/www.malinashop.lt\/en\/shop\/mia-makeup-akiu-seseliu-baze-party-proof-10-ml\/","og_locale":"en_GB","og_type":"article","og_title":"MIA MAKEUP aki\u0173 \u0161e\u0161\u0117li\u0173 baz\u0117 PARTY PROOF, 10 ml - MalinaShop.lt J\u016bs\u0173 sveikatai ir gro\u017eiui.","og_description":"Ilgai i\u0161liekanti aki\u0173 \u0161e\u0161\u0117li\u0173 baz\u0117 maksimaliam aki\u0173 makia\u017eo i\u0161liekamumui. PARTY PROOF u\u017etikrina, kad aki\u0173 \u0161e\u0161\u0117liai likt\u0173 ry\u0161k\u016bs ir nepasislink\u0119 net po ilg\u0173 vakar\u0117li\u0173.","og_url":"https:\/\/www.malinashop.lt\/en\/shop\/mia-makeup-akiu-seseliu-baze-party-proof-10-ml\/","og_site_name":"MalinaShop.lt J\u016bs\u0173 sveikatai ir gro\u017eiui.","article_modified_time":"2026-05-12T21:12:44+00:00","og_image":[{"width":300,"height":300,"url":"https:\/\/www.malinashop.lt\/wp-content\/uploads\/2026\/05\/8059692043620-300x300-1.jpg","type":"image\/jpeg"}],"twitter_card":"summary_large_image","schema":{"@context":"https:\/\/schema.org","@graph":[{"@type":"WebPage","@id":"https:\/\/www.malinashop.lt\/shop\/mia-makeup-akiu-seseliu-baze-party-proof-10-ml\/","url":"https:\/\/www.malinashop.lt\/shop\/mia-makeup-akiu-seseliu-baze-party-proof-10-ml\/","name":"MIA MAKEUP aki\u0173 \u0161e\u0161\u0117li\u0173 baz\u0117 PARTY PROOF, 10 ml - MalinaShop.lt J\u016bs\u0173 sveikatai ir gro\u017eiui.","isPartOf":{"@id":"https:\/\/www.malinashop.lt\/#website"},"primaryImageOfPage":{"@id":"https:\/\/www.malinashop.lt\/shop\/mia-makeup-akiu-seseliu-baze-party-proof-10-ml\/#primaryimage"},"image":{"@id":"https:\/\/www.malinashop.lt\/shop\/mia-makeup-akiu-seseliu-baze-party-proof-10-ml\/#primaryimage"},"thumbnailUrl":"https:\/\/www.malinashop.lt\/wp-content\/uploads\/2026\/05\/8059692043620-300x300-1.jpg","datePublished":"2026-05-12T21:08:14+00:00","dateModified":"2026-05-12T21:12:44+00:00","description":"Ilgai i\u0161liekanti aki\u0173 \u0161e\u0161\u0117li\u0173 baz\u0117 maksimaliam aki\u0173 makia\u017eo i\u0161liekamumui. PARTY PROOF u\u017etikrina, kad aki\u0173 \u0161e\u0161\u0117liai likt\u0173 ry\u0161k\u016bs ir nepasislink\u0119 net po ilg\u0173 vakar\u0117li\u0173.","breadcrumb":{"@id":"https:\/\/www.malinashop.lt\/shop\/mia-makeup-akiu-seseliu-baze-party-proof-10-ml\/#breadcrumb"},"inLanguage":"en-GB","potentialAction":[{"@type":"ReadAction","target":["https:\/\/www.malinashop.lt\/shop\/mia-makeup-akiu-seseliu-baze-party-proof-10-ml\/"]}]},{"@type":"ImageObject","inLanguage":"en-GB","@id":"https:\/\/www.malinashop.lt\/shop\/mia-makeup-akiu-seseliu-baze-party-proof-10-ml\/#primaryimage","url":"https:\/\/www.malinashop.lt\/wp-content\/uploads\/2026\/05\/8059692043620-300x300-1.jpg","contentUrl":"https:\/\/www.malinashop.lt\/wp-content\/uploads\/2026\/05\/8059692043620-300x300-1.jpg","width":300,"height":300},{"@type":"BreadcrumbList","@id":"https:\/\/www.malinashop.lt\/shop\/mia-makeup-akiu-seseliu-baze-party-proof-10-ml\/#breadcrumb","itemListElement":[{"@type":"ListItem","position":1,"name":"Pagrindinis","item":"https:\/\/www.malinashop.lt\/"},{"@type":"ListItem","position":2,"name":"Parduotuv\u0117","item":"https:\/\/www.malinashop.lt\/en\/parduotuve\/"},{"@type":"ListItem","position":3,"name":"MIA MAKEUP aki\u0173 \u0161e\u0161\u0117li\u0173 baz\u0117 PARTY PROOF, 10 ml"}]},{"@type":"WebSite","@id":"https:\/\/www.malinashop.lt\/#website","url":"https:\/\/www.malinashop.lt\/","name":"COM Group Ecommerce","description":"MalinaShop.lt - Gro\u017eio ir sveikatos produktai i\u0161 patikim\u0173 preki\u0173 \u017eenkl\u0173. Atraskite auk\u0161tos kokyb\u0117s kosmetik\u0105 u\u017e puiki\u0105 kain\u0105.","publisher":{"@id":"https:\/\/www.malinashop.lt\/#organization"},"potentialAction":[{"@type":"SearchAction","target":{"@type":"EntryPoint","urlTemplate":"https:\/\/www.malinashop.lt\/?s={search_term_string}"},"query-input":{"@type":"PropertyValueSpecification","valueRequired":true,"valueName":"search_term_string"}}],"inLanguage":"en-GB"},{"@type":"Organization","@id":"https:\/\/www.malinashop.lt\/#organization","name":"COM Group Ecommerce","url":"https:\/\/www.malinashop.lt\/","logo":{"@type":"ImageObject","inLanguage":"en-GB","@id":"https:\/\/www.malinashop.lt\/#\/schema\/logo\/image\/","url":"https:\/\/www.malinashop.lt\/wp-content\/uploads\/2024\/08\/462559670_3787732518133670_9795632669273463_n-e1731525914575.png","contentUrl":"https:\/\/www.malinashop.lt\/wp-content\/uploads\/2024\/08\/462559670_3787732518133670_9795632669273463_n-e1731525914575.png","width":180,"height":60,"caption":"COM Group Ecommerce"},"image":{"@id":"https:\/\/www.malinashop.lt\/#\/schema\/logo\/image\/"}}]}},"jetpack_sharing_enabled":true,"_links":{"self":[{"href":"https:\/\/www.malinashop.lt\/en\/wp-json\/wp\/v2\/product\/78232","targetHints":{"allow":["GET"]}}],"collection":[{"href":"https:\/\/www.malinashop.lt\/en\/wp-json\/wp\/v2\/product"}],"about":[{"href":"https:\/\/www.malinashop.lt\/en\/wp-json\/wp\/v2\/types\/product"}],"replies":[{"embeddable":true,"href":"https:\/\/www.malinashop.lt\/en\/wp-json\/wp\/v2\/comments?post=78232"}],"version-history":[{"count":1,"href":"https:\/\/www.malinashop.lt\/en\/wp-json\/wp\/v2\/product\/78232\/revisions"}],"predecessor-version":[{"id":78244,"href":"https:\/\/www.malinashop.lt\/en\/wp-json\/wp\/v2\/product\/78232\/revisions\/78244"}],"wp:featuredmedia":[{"embeddable":true,"href":"https:\/\/www.malinashop.lt\/en\/wp-json\/wp\/v2\/media\/78231"}],"wp:attachment":[{"href":"https:\/\/www.malinashop.lt\/en\/wp-json\/wp\/v2\/media?parent=78232"}],"wp:term":[{"taxonomy":"product_brand","embeddable":true,"href":"https:\/\/www.malinashop.lt\/en\/wp-json\/wp\/v2\/product_brand?post=78232"},{"taxonomy":"product_cat","embeddable":true,"href":"https:\/\/www.malinashop.lt\/en\/wp-json\/wp\/v2\/product_cat?post=78232"},{"taxonomy":"product_tag","embeddable":true,"href":"https:\/\/www.malinashop.lt\/en\/wp-json\/wp\/v2\/product_tag?post=78232"}],"curies":[{"name":"wp","href":"https:\/\/api.w.org\/{rel}","templated":true}]}}