{"id":77966,"date":"2026-05-02T22:43:11","date_gmt":"2026-05-02T19:43:11","guid":{"rendered":"https:\/\/www.malinashop.lt\/?post_type=product&#038;p=77966"},"modified":"2026-05-02T22:45:51","modified_gmt":"2026-05-02T19:45:51","slug":"technique-jetting-up-plug-in-matt-paste-matine-plauku-pasta-100ml","status":"publish","type":"product","link":"https:\/\/www.malinashop.lt\/en\/shop\/technique-jetting-up-plug-in-matt-paste-matine-plauku-pasta-100ml\/","title":{"rendered":"TECHNIQUE Jetting Up Plug In Matt Paste matin\u0117 plauk\u0173 pasta, 100ml"},"content":{"rendered":"<p data-start=\"420\" data-end=\"699\">TECHNIQUE Jetting Up Plug In Matt Paste \u2013 profesionali matin\u0117 plauk\u0173 modeliavimo pasta, skirta nat\u016braliam, \u0161iuolaiki\u0161kam \u012fvaizd\u017eiui sukurti. Ji leid\u017eia lengvai formuoti, modeliuoti ir i\u0161ry\u0161kinti \u0161ukuosenos strukt\u016br\u0105, suteikiant plaukams apimties ir tekst\u016bros be blizgesio efekto.<\/p>\n<p data-start=\"701\" data-end=\"981\">Lengvos konsistencijos formul\u0117 tolygiai pasiskirsto per plaukus, neapsunkina j\u0173 ir leid\u017eia i\u0161laikyti lankstum\u0105 vis\u0105 dien\u0105. Pasta idealiai tinka tiek kasdieniam stiliui, tiek k\u016brybi\u0161kam formavimui, kai norisi nat\u016braliai atrodan\u010dio rezultato.<\/p>\n<h3 data-section-id=\"bz52l9\" data-start=\"983\" data-end=\"1017\"><span role=\"text\"><strong data-start=\"987\" data-end=\"1015\">Pagrindiniai privalumai:<\/strong><\/span><\/h3>\n<ul data-start=\"1018\" data-end=\"1242\">\n<li data-section-id=\"187mwmj\" data-start=\"1018\" data-end=\"1050\">Matinis efektas be blizgesio<\/li>\n<li data-section-id=\"1xtk8k4\" data-start=\"1051\" data-end=\"1094\">Suteikia plaukams apimties ir tekst\u016bros<\/li>\n<li data-section-id=\"gfjkzf\" data-start=\"1095\" data-end=\"1134\">Lengva formul\u0117 \u2013 neapsunkina plauk\u0173<\/li>\n<li data-section-id=\"1bv2tk1\" data-start=\"1135\" data-end=\"1175\">Leid\u017eia formuoti ir keisti \u0161ukuosen\u0105<\/li>\n<li data-section-id=\"hz0wcx\" data-start=\"1176\" data-end=\"1242\">Tinka vis\u0173 tip\u0173 plaukams<\/li>\n<\/ul>\n<h3 data-section-id=\"1stuw1d\" data-start=\"1244\" data-end=\"1265\"><span role=\"text\"><strong data-start=\"1248\" data-end=\"1263\">Naudojimas:<\/strong><\/span><\/h3>\n<p data-start=\"1266\" data-end=\"1386\">Nedidel\u012f kiek\u012f paskirstykite tarp deln\u0173 ir tepkite ant saus\u0173 arba lengvai dr\u0117gn\u0173 plauk\u0173. Formuokite pagal norim\u0105 stili\u0173.<\/p>\n<h3 data-section-id=\"bb9uma\" data-start=\"1388\" data-end=\"1408\"><span role=\"text\"><strong data-start=\"1392\" data-end=\"1406\">Kam tinka:<\/strong><\/span><\/h3>\n<p data-start=\"1409\" data-end=\"1521\">Puikiai tinka ie\u0161kantiems nat\u016bralaus, matinio efekto su lankstumu ir tekst\u016bra, be riebios ar blizgios i\u0161vaizdos.<\/p>\n","protected":false},"excerpt":{"rendered":"<p data-start=\"234\" data-end=\"381\">Matin\u0117 plauk\u0173 pasta, suteikianti nat\u016bral\u0173 efekt\u0105, apimt\u012f ir tekst\u016br\u0105. Lengva formul\u0117 leid\u017eia formuoti \u0161ukuosen\u0105 be blizgesio ir neapsunkina plauk\u0173.<\/p>\n","protected":false},"featured_media":77967,"template":"","meta":[],"product_brand":[519],"product_cat":[518],"product_tag":[1638],"class_list":{"0":"post-77966","1":"product","2":"type-product","3":"status-publish","4":"has-post-thumbnail","6":"product_brand-technique","7":"product_cat-plauku-lakai-putos-vaskas-ir-kitos-priemones","8":"product_tag-technique","10":"first","11":"instock","12":"sale","13":"taxable","14":"shipping-taxable","15":"purchasable","16":"product-type-simple"},"yoast_head":"<!-- This site is optimized with the Yoast SEO plugin v27.5 - https:\/\/yoast.com\/product\/yoast-seo-wordpress\/ -->\n<title>TECHNIQUE Jetting Up Plug In Matt Paste matin\u0117 plauk\u0173 pasta, 100ml - MalinaShop.lt J\u016bs\u0173 sveikatai ir gro\u017eiui.<\/title>\n<meta name=\"description\" content=\"Matin\u0117 plauk\u0173 pasta suteikia nat\u016bral\u0173 efekt\u0105, apimt\u012f ir tekst\u016br\u0105, leid\u017eia lengvai formuoti \u0161ukuosen\u0105, neapsunkina plauk\u0173 ir nepalieka blizgesio, 100 ml\" \/>\n<meta name=\"robots\" content=\"index, follow, max-snippet:-1, max-image-preview:large, max-video-preview:-1\" \/>\n<link rel=\"canonical\" href=\"https:\/\/www.malinashop.lt\/en\/shop\/technique-jetting-up-plug-in-matt-paste-matine-plauku-pasta-100ml\/\" \/>\n<meta property=\"og:locale\" content=\"en_GB\" \/>\n<meta property=\"og:type\" content=\"article\" \/>\n<meta property=\"og:title\" content=\"TECHNIQUE Jetting Up Plug In Matt Paste matin\u0117 plauk\u0173 pasta, 100ml - MalinaShop.lt J\u016bs\u0173 sveikatai ir gro\u017eiui.\" \/>\n<meta property=\"og:description\" content=\"Matin\u0117 plauk\u0173 pasta suteikia nat\u016bral\u0173 efekt\u0105, apimt\u012f ir tekst\u016br\u0105, leid\u017eia lengvai formuoti \u0161ukuosen\u0105, neapsunkina plauk\u0173 ir nepalieka blizgesio, 100 ml\" \/>\n<meta property=\"og:url\" content=\"https:\/\/www.malinashop.lt\/en\/shop\/technique-jetting-up-plug-in-matt-paste-matine-plauku-pasta-100ml\/\" \/>\n<meta property=\"og:site_name\" content=\"MalinaShop.lt J\u016bs\u0173 sveikatai ir gro\u017eiui.\" \/>\n<meta property=\"article:modified_time\" content=\"2026-05-02T19:45:51+00:00\" \/>\n<meta property=\"og:image\" content=\"https:\/\/www.malinashop.lt\/wp-content\/uploads\/2026\/05\/TECHNIQUE-Jetting-Up-Plug-In-Matt-Paste-matine-plauku-pasta-100ml.webp\" \/>\n\t<meta property=\"og:image:width\" content=\"600\" \/>\n\t<meta property=\"og:image:height\" content=\"600\" \/>\n\t<meta property=\"og:image:type\" content=\"image\/webp\" \/>\n<meta name=\"twitter:card\" content=\"summary_large_image\" \/>\n<script type=\"application\/ld+json\" class=\"yoast-schema-graph\">{\"@context\":\"https:\\\/\\\/schema.org\",\"@graph\":[{\"@type\":\"WebPage\",\"@id\":\"https:\\\/\\\/www.malinashop.lt\\\/shop\\\/technique-jetting-up-plug-in-matt-paste-matine-plauku-pasta-100ml\\\/\",\"url\":\"https:\\\/\\\/www.malinashop.lt\\\/shop\\\/technique-jetting-up-plug-in-matt-paste-matine-plauku-pasta-100ml\\\/\",\"name\":\"TECHNIQUE Jetting Up Plug In Matt Paste matin\u0117 plauk\u0173 pasta, 100ml - MalinaShop.lt J\u016bs\u0173 sveikatai ir gro\u017eiui.\",\"isPartOf\":{\"@id\":\"https:\\\/\\\/www.malinashop.lt\\\/#website\"},\"primaryImageOfPage\":{\"@id\":\"https:\\\/\\\/www.malinashop.lt\\\/shop\\\/technique-jetting-up-plug-in-matt-paste-matine-plauku-pasta-100ml\\\/#primaryimage\"},\"image\":{\"@id\":\"https:\\\/\\\/www.malinashop.lt\\\/shop\\\/technique-jetting-up-plug-in-matt-paste-matine-plauku-pasta-100ml\\\/#primaryimage\"},\"thumbnailUrl\":\"https:\\\/\\\/www.malinashop.lt\\\/wp-content\\\/uploads\\\/2026\\\/05\\\/TECHNIQUE-Jetting-Up-Plug-In-Matt-Paste-matine-plauku-pasta-100ml.webp\",\"datePublished\":\"2026-05-02T19:43:11+00:00\",\"dateModified\":\"2026-05-02T19:45:51+00:00\",\"description\":\"Matin\u0117 plauk\u0173 pasta suteikia nat\u016bral\u0173 efekt\u0105, apimt\u012f ir tekst\u016br\u0105, leid\u017eia lengvai formuoti \u0161ukuosen\u0105, neapsunkina plauk\u0173 ir nepalieka blizgesio, 100 ml\",\"breadcrumb\":{\"@id\":\"https:\\\/\\\/www.malinashop.lt\\\/shop\\\/technique-jetting-up-plug-in-matt-paste-matine-plauku-pasta-100ml\\\/#breadcrumb\"},\"inLanguage\":\"en-GB\",\"potentialAction\":[{\"@type\":\"ReadAction\",\"target\":[\"https:\\\/\\\/www.malinashop.lt\\\/shop\\\/technique-jetting-up-plug-in-matt-paste-matine-plauku-pasta-100ml\\\/\"]}]},{\"@type\":\"ImageObject\",\"inLanguage\":\"en-GB\",\"@id\":\"https:\\\/\\\/www.malinashop.lt\\\/shop\\\/technique-jetting-up-plug-in-matt-paste-matine-plauku-pasta-100ml\\\/#primaryimage\",\"url\":\"https:\\\/\\\/www.malinashop.lt\\\/wp-content\\\/uploads\\\/2026\\\/05\\\/TECHNIQUE-Jetting-Up-Plug-In-Matt-Paste-matine-plauku-pasta-100ml.webp\",\"contentUrl\":\"https:\\\/\\\/www.malinashop.lt\\\/wp-content\\\/uploads\\\/2026\\\/05\\\/TECHNIQUE-Jetting-Up-Plug-In-Matt-Paste-matine-plauku-pasta-100ml.webp\",\"width\":600,\"height\":600},{\"@type\":\"BreadcrumbList\",\"@id\":\"https:\\\/\\\/www.malinashop.lt\\\/shop\\\/technique-jetting-up-plug-in-matt-paste-matine-plauku-pasta-100ml\\\/#breadcrumb\",\"itemListElement\":[{\"@type\":\"ListItem\",\"position\":1,\"name\":\"Pagrindinis\",\"item\":\"https:\\\/\\\/www.malinashop.lt\\\/\"},{\"@type\":\"ListItem\",\"position\":2,\"name\":\"Parduotuv\u0117\",\"item\":\"https:\\\/\\\/www.malinashop.lt\\\/en\\\/parduotuve\\\/\"},{\"@type\":\"ListItem\",\"position\":3,\"name\":\"TECHNIQUE Jetting Up Plug In Matt Paste matin\u0117 plauk\u0173 pasta, 100ml\"}]},{\"@type\":\"WebSite\",\"@id\":\"https:\\\/\\\/www.malinashop.lt\\\/#website\",\"url\":\"https:\\\/\\\/www.malinashop.lt\\\/\",\"name\":\"COM Group Ecommerce\",\"description\":\"MalinaShop.lt - Gro\u017eio ir sveikatos produktai i\u0161 patikim\u0173 preki\u0173 \u017eenkl\u0173. Atraskite auk\u0161tos kokyb\u0117s kosmetik\u0105 u\u017e puiki\u0105 kain\u0105.\",\"publisher\":{\"@id\":\"https:\\\/\\\/www.malinashop.lt\\\/#organization\"},\"potentialAction\":[{\"@type\":\"SearchAction\",\"target\":{\"@type\":\"EntryPoint\",\"urlTemplate\":\"https:\\\/\\\/www.malinashop.lt\\\/?s={search_term_string}\"},\"query-input\":{\"@type\":\"PropertyValueSpecification\",\"valueRequired\":true,\"valueName\":\"search_term_string\"}}],\"inLanguage\":\"en-GB\"},{\"@type\":\"Organization\",\"@id\":\"https:\\\/\\\/www.malinashop.lt\\\/#organization\",\"name\":\"COM Group Ecommerce\",\"url\":\"https:\\\/\\\/www.malinashop.lt\\\/\",\"logo\":{\"@type\":\"ImageObject\",\"inLanguage\":\"en-GB\",\"@id\":\"https:\\\/\\\/www.malinashop.lt\\\/#\\\/schema\\\/logo\\\/image\\\/\",\"url\":\"https:\\\/\\\/www.malinashop.lt\\\/wp-content\\\/uploads\\\/2024\\\/08\\\/462559670_3787732518133670_9795632669273463_n-e1731525914575.png\",\"contentUrl\":\"https:\\\/\\\/www.malinashop.lt\\\/wp-content\\\/uploads\\\/2024\\\/08\\\/462559670_3787732518133670_9795632669273463_n-e1731525914575.png\",\"width\":180,\"height\":60,\"caption\":\"COM Group Ecommerce\"},\"image\":{\"@id\":\"https:\\\/\\\/www.malinashop.lt\\\/#\\\/schema\\\/logo\\\/image\\\/\"}}]}<\/script>\n<!-- \/ Yoast SEO plugin. -->","yoast_head_json":{"title":"TECHNIQUE Jetting Up Plug In Matt Paste matin\u0117 plauk\u0173 pasta, 100ml - MalinaShop.lt J\u016bs\u0173 sveikatai ir gro\u017eiui.","description":"Matin\u0117 plauk\u0173 pasta suteikia nat\u016bral\u0173 efekt\u0105, apimt\u012f ir tekst\u016br\u0105, leid\u017eia lengvai formuoti \u0161ukuosen\u0105, neapsunkina plauk\u0173 ir nepalieka blizgesio, 100 ml","robots":{"index":"index","follow":"follow","max-snippet":"max-snippet:-1","max-image-preview":"max-image-preview:large","max-video-preview":"max-video-preview:-1"},"canonical":"https:\/\/www.malinashop.lt\/en\/shop\/technique-jetting-up-plug-in-matt-paste-matine-plauku-pasta-100ml\/","og_locale":"en_GB","og_type":"article","og_title":"TECHNIQUE Jetting Up Plug In Matt Paste matin\u0117 plauk\u0173 pasta, 100ml - MalinaShop.lt J\u016bs\u0173 sveikatai ir gro\u017eiui.","og_description":"Matin\u0117 plauk\u0173 pasta suteikia nat\u016bral\u0173 efekt\u0105, apimt\u012f ir tekst\u016br\u0105, leid\u017eia lengvai formuoti \u0161ukuosen\u0105, neapsunkina plauk\u0173 ir nepalieka blizgesio, 100 ml","og_url":"https:\/\/www.malinashop.lt\/en\/shop\/technique-jetting-up-plug-in-matt-paste-matine-plauku-pasta-100ml\/","og_site_name":"MalinaShop.lt J\u016bs\u0173 sveikatai ir gro\u017eiui.","article_modified_time":"2026-05-02T19:45:51+00:00","og_image":[{"width":600,"height":600,"url":"https:\/\/www.malinashop.lt\/wp-content\/uploads\/2026\/05\/TECHNIQUE-Jetting-Up-Plug-In-Matt-Paste-matine-plauku-pasta-100ml.webp","type":"image\/webp"}],"twitter_card":"summary_large_image","schema":{"@context":"https:\/\/schema.org","@graph":[{"@type":"WebPage","@id":"https:\/\/www.malinashop.lt\/shop\/technique-jetting-up-plug-in-matt-paste-matine-plauku-pasta-100ml\/","url":"https:\/\/www.malinashop.lt\/shop\/technique-jetting-up-plug-in-matt-paste-matine-plauku-pasta-100ml\/","name":"TECHNIQUE Jetting Up Plug In Matt Paste matin\u0117 plauk\u0173 pasta, 100ml - MalinaShop.lt J\u016bs\u0173 sveikatai ir gro\u017eiui.","isPartOf":{"@id":"https:\/\/www.malinashop.lt\/#website"},"primaryImageOfPage":{"@id":"https:\/\/www.malinashop.lt\/shop\/technique-jetting-up-plug-in-matt-paste-matine-plauku-pasta-100ml\/#primaryimage"},"image":{"@id":"https:\/\/www.malinashop.lt\/shop\/technique-jetting-up-plug-in-matt-paste-matine-plauku-pasta-100ml\/#primaryimage"},"thumbnailUrl":"https:\/\/www.malinashop.lt\/wp-content\/uploads\/2026\/05\/TECHNIQUE-Jetting-Up-Plug-In-Matt-Paste-matine-plauku-pasta-100ml.webp","datePublished":"2026-05-02T19:43:11+00:00","dateModified":"2026-05-02T19:45:51+00:00","description":"Matin\u0117 plauk\u0173 pasta suteikia nat\u016bral\u0173 efekt\u0105, apimt\u012f ir tekst\u016br\u0105, leid\u017eia lengvai formuoti \u0161ukuosen\u0105, neapsunkina plauk\u0173 ir nepalieka blizgesio, 100 ml","breadcrumb":{"@id":"https:\/\/www.malinashop.lt\/shop\/technique-jetting-up-plug-in-matt-paste-matine-plauku-pasta-100ml\/#breadcrumb"},"inLanguage":"en-GB","potentialAction":[{"@type":"ReadAction","target":["https:\/\/www.malinashop.lt\/shop\/technique-jetting-up-plug-in-matt-paste-matine-plauku-pasta-100ml\/"]}]},{"@type":"ImageObject","inLanguage":"en-GB","@id":"https:\/\/www.malinashop.lt\/shop\/technique-jetting-up-plug-in-matt-paste-matine-plauku-pasta-100ml\/#primaryimage","url":"https:\/\/www.malinashop.lt\/wp-content\/uploads\/2026\/05\/TECHNIQUE-Jetting-Up-Plug-In-Matt-Paste-matine-plauku-pasta-100ml.webp","contentUrl":"https:\/\/www.malinashop.lt\/wp-content\/uploads\/2026\/05\/TECHNIQUE-Jetting-Up-Plug-In-Matt-Paste-matine-plauku-pasta-100ml.webp","width":600,"height":600},{"@type":"BreadcrumbList","@id":"https:\/\/www.malinashop.lt\/shop\/technique-jetting-up-plug-in-matt-paste-matine-plauku-pasta-100ml\/#breadcrumb","itemListElement":[{"@type":"ListItem","position":1,"name":"Pagrindinis","item":"https:\/\/www.malinashop.lt\/"},{"@type":"ListItem","position":2,"name":"Parduotuv\u0117","item":"https:\/\/www.malinashop.lt\/en\/parduotuve\/"},{"@type":"ListItem","position":3,"name":"TECHNIQUE Jetting Up Plug In Matt Paste matin\u0117 plauk\u0173 pasta, 100ml"}]},{"@type":"WebSite","@id":"https:\/\/www.malinashop.lt\/#website","url":"https:\/\/www.malinashop.lt\/","name":"COM Group Ecommerce","description":"MalinaShop.lt - Gro\u017eio ir sveikatos produktai i\u0161 patikim\u0173 preki\u0173 \u017eenkl\u0173. Atraskite auk\u0161tos kokyb\u0117s kosmetik\u0105 u\u017e puiki\u0105 kain\u0105.","publisher":{"@id":"https:\/\/www.malinashop.lt\/#organization"},"potentialAction":[{"@type":"SearchAction","target":{"@type":"EntryPoint","urlTemplate":"https:\/\/www.malinashop.lt\/?s={search_term_string}"},"query-input":{"@type":"PropertyValueSpecification","valueRequired":true,"valueName":"search_term_string"}}],"inLanguage":"en-GB"},{"@type":"Organization","@id":"https:\/\/www.malinashop.lt\/#organization","name":"COM Group Ecommerce","url":"https:\/\/www.malinashop.lt\/","logo":{"@type":"ImageObject","inLanguage":"en-GB","@id":"https:\/\/www.malinashop.lt\/#\/schema\/logo\/image\/","url":"https:\/\/www.malinashop.lt\/wp-content\/uploads\/2024\/08\/462559670_3787732518133670_9795632669273463_n-e1731525914575.png","contentUrl":"https:\/\/www.malinashop.lt\/wp-content\/uploads\/2024\/08\/462559670_3787732518133670_9795632669273463_n-e1731525914575.png","width":180,"height":60,"caption":"COM Group Ecommerce"},"image":{"@id":"https:\/\/www.malinashop.lt\/#\/schema\/logo\/image\/"}}]}},"jetpack_sharing_enabled":true,"_links":{"self":[{"href":"https:\/\/www.malinashop.lt\/en\/wp-json\/wp\/v2\/product\/77966","targetHints":{"allow":["GET"]}}],"collection":[{"href":"https:\/\/www.malinashop.lt\/en\/wp-json\/wp\/v2\/product"}],"about":[{"href":"https:\/\/www.malinashop.lt\/en\/wp-json\/wp\/v2\/types\/product"}],"version-history":[{"count":1,"href":"https:\/\/www.malinashop.lt\/en\/wp-json\/wp\/v2\/product\/77966\/revisions"}],"predecessor-version":[{"id":77968,"href":"https:\/\/www.malinashop.lt\/en\/wp-json\/wp\/v2\/product\/77966\/revisions\/77968"}],"wp:featuredmedia":[{"embeddable":true,"href":"https:\/\/www.malinashop.lt\/en\/wp-json\/wp\/v2\/media\/77967"}],"wp:attachment":[{"href":"https:\/\/www.malinashop.lt\/en\/wp-json\/wp\/v2\/media?parent=77966"}],"wp:term":[{"taxonomy":"product_brand","embeddable":true,"href":"https:\/\/www.malinashop.lt\/en\/wp-json\/wp\/v2\/product_brand?post=77966"},{"taxonomy":"product_cat","embeddable":true,"href":"https:\/\/www.malinashop.lt\/en\/wp-json\/wp\/v2\/product_cat?post=77966"},{"taxonomy":"product_tag","embeddable":true,"href":"https:\/\/www.malinashop.lt\/en\/wp-json\/wp\/v2\/product_tag?post=77966"}],"curies":[{"name":"wp","href":"https:\/\/api.w.org\/{rel}","templated":true}]}}