{"id":77917,"date":"2026-05-01T22:29:18","date_gmt":"2026-05-01T19:29:18","guid":{"rendered":"https:\/\/www.malinashop.lt\/?post_type=product&#038;p=77917"},"modified":"2026-05-01T22:34:55","modified_gmt":"2026-05-01T19:34:55","slug":"laq-prausimosi-putos-yellow-linksma-svara-kiekviena-diena-20g","status":"publish","type":"product","link":"https:\/\/www.malinashop.lt\/en\/shop\/laq-prausimosi-putos-yellow-linksma-svara-kiekviena-diena-20g\/","title":{"rendered":"LaQ Prausimosi putos YELLOW \u2013 Linksma \u0161vara kiekvien\u0105 dien\u0105, 20g"},"content":{"rendered":"<section class=\"text-token-text-primary w-full focus:outline-none [--shadow-height:45px] has-data-writing-block:pointer-events-none has-data-writing-block:-mt-(--shadow-height) has-data-writing-block:pt-(--shadow-height) [&:has([data-writing-block])>*]:pointer-events-auto [content-visibility:auto] supports-[content-visibility:auto]:[contain-intrinsic-size:auto_100lvh] R6Vx5W_threadScrollVars scroll-mb-[calc(var(--scroll-root-safe-area-inset-bottom,0px)+var(--thread-response-height))] scroll-mt-[calc(var(--header-height)+min(200px,max(70px,20svh)))]\" dir=\"auto\" data-turn-id=\"request-69f1f24f-df58-838b-a738-7b7dba6319c3-8\" data-testid=\"conversation-turn-332\" data-scroll-anchor=\"false\" data-turn=\"assistant\">\n<div class=\"text-base my-auto mx-auto pb-10 [--thread-content-margin:var(--thread-content-margin-xs,calc(var(--spacing)*4))] @w-sm\/main:[--thread-content-margin:var(--thread-content-margin-sm,calc(var(--spacing)*6))] @w-lg\/main:[--thread-content-margin:var(--thread-content-margin-lg,calc(var(--spacing)*16))] px-(--thread-content-margin)\">\n<div class=\"[--thread-content-max-width:40rem] @w-lg\/main:[--thread-content-max-width:48rem] mx-auto max-w-(--thread-content-max-width) flex-1 group\/turn-messages focus-visible:outline-hidden relative flex w-full min-w-0 flex-col agent-turn\">\n<div class=\"flex max-w-full flex-col gap-4 grow\">\n<div class=\"min-h-8 text-message relative flex w-full flex-col items-end gap-2 text-start break-words whitespace-normal outline-none keyboard-focused:focus-ring [.text-message+&]:mt-1\" dir=\"auto\" tabindex=\"0\" data-message-author-role=\"assistant\" data-message-id=\"c215ad0e-b7b5-40e0-a550-5818dfdd074b\" data-message-model-slug=\"gpt-5-3\" data-turn-start-message=\"true\">\n<div class=\"flex w-full flex-col gap-1 empty:hidden\">\n<div class=\"markdown prose dark:prose-invert w-full wrap-break-word dark markdown-new-styling\">\n<p data-start=\"473\" data-end=\"525\">Jei vaikai nenori plauti rank\u0173 \u2013 dar neband\u0117 \u0161ito.<\/p>\n<p data-start=\"527\" data-end=\"689\">LaQ <strong data-start=\"531\" data-end=\"541\">YELLOW<\/strong> \u2013 lengvos, purios prausimosi putos, kurios \u0161velniai valo od\u0105 ir paver\u010dia higien\u0105 smagia patirtimi. Kramtomos gumos kvapas padaro visk\u0105 dar \u012fdomiau.<\/p>\n<p data-start=\"691\" data-end=\"852\">\u2714 \u0160velniai valo rankas, k\u016bn\u0105 ir plaukus<br data-start=\"730\" data-end=\"733\" \/>\u2714 Tinka vaikams<br data-start=\"748\" data-end=\"751\" \/>\u2714 Dr\u0117kina ir saugo odos balans\u0105<br data-start=\"782\" data-end=\"785\" \/>\u2714 Paver\u010dia plovim\u0105 smagiu ritualu<br data-start=\"818\" data-end=\"821\" \/>\u2714 Tinka kasdieniam naudojimui<\/p>\n<hr data-start=\"854\" data-end=\"857\" \/>\n<h3 data-section-id=\"jqqc7t\" data-start=\"859\" data-end=\"887\"><span role=\"text\"><strong data-start=\"863\" data-end=\"887\">Kas slepiasi viduje?<\/strong><\/span><\/h3>\n<p data-start=\"889\" data-end=\"982\">\u2714 Ry\u017ei\u0173 ekstraktas<br data-start=\"907\" data-end=\"910\" \/>\u2714 Taukmed\u017eio sviestas<br data-start=\"931\" data-end=\"934\" \/>\u2714 Migdol\u0173 aliejus<br data-start=\"951\" data-end=\"954\" \/>\u2714 Pantenolis ir alantoinas<\/p>\n<p data-start=\"984\" data-end=\"1042\">\u0160velni formul\u0117 padeda i\u0161laikyti od\u0105 mink\u0161t\u0105 ir sudr\u0117kint\u0105.<\/p>\n<hr data-start=\"1044\" data-end=\"1047\" \/>\n<h3 data-section-id=\"1dlvw32\" data-start=\"1049\" data-end=\"1074\"><span role=\"text\"><strong data-start=\"1053\" data-end=\"1074\">Kvapo charakteris<\/strong><\/span><\/h3>\n<p data-start=\"1076\" data-end=\"1157\">Saldus kramtomos gumos aromatas \u2013 toks, kuris patinka vaikams ir sukelia \u0161ypsen\u0105.<\/p>\n<hr data-start=\"1159\" data-end=\"1162\" \/>\n<h3 data-section-id=\"106411i\" data-start=\"1164\" data-end=\"1185\"><span role=\"text\"><strong data-start=\"1168\" data-end=\"1185\">Kaip naudoti?<\/strong><\/span><\/h3>\n<p data-start=\"1187\" data-end=\"1233\">U\u017etepk ant dr\u0117gnos odos, suputok ir nuskalauk.<\/p>\n<hr data-start=\"1235\" data-end=\"1238\" \/>\n<h3 data-section-id=\"1i0hpke\" data-start=\"1240\" data-end=\"1253\"><span role=\"text\"><strong data-start=\"1244\" data-end=\"1253\">Talpa<\/strong><\/span><\/h3>\n<p data-start=\"1255\" data-end=\"1259\">20 g<\/p>\n<hr data-start=\"1261\" data-end=\"1264\" \/>\n<p data-start=\"1266\" data-end=\"1308\" data-is-last-node=\"\" data-is-only-node=\"\"><strong data-start=\"1266\" data-end=\"1308\" data-is-last-node=\"\">Kai \u0161vara smagi \u2013 priminti nebereikia.<\/strong><\/p>\n<\/div>\n<\/div>\n<\/div>\n<\/div>\n<\/div>\n<\/div>\n<\/section>\n","protected":false},"excerpt":{"rendered":"<p data-start=\"340\" data-end=\"447\">Rank\u0173 plovimas gali b\u016bti nuobodus. Arba gali tapti smagus. LaQ <strong data-start=\"403\" data-end=\"413\">YELLOW<\/strong> paver\u010dia kasdien\u0119 rutin\u0105 \u017eaidimu.<\/p>\n","protected":false},"featured_media":77919,"template":"","meta":[],"product_brand":[1699],"product_cat":[538,731,540,1298],"product_tag":[],"class_list":{"0":"post-77917","1":"product","2":"type-product","3":"status-publish","4":"has-post-thumbnail","6":"product_brand-laq","7":"product_cat-kuno-prausikliai-duso-geliai","8":"product_cat-kunui","9":"product_cat-ranku-prieziura-muilai-ranku-kremai","10":"product_cat-vaikams","12":"first","13":"instock","14":"taxable","15":"shipping-taxable","16":"purchasable","17":"product-type-simple"},"yoast_head":"<!-- This site is optimized with the Yoast SEO plugin v27.5 - https:\/\/yoast.com\/product\/yoast-seo-wordpress\/ -->\n<title>LaQ Prausimosi putos YELLOW \u2013 Linksma \u0161vara kiekvien\u0105 dien\u0105, 20g - MalinaShop.lt J\u016bs\u0173 sveikatai ir gro\u017eiui.<\/title>\n<meta name=\"description\" content=\"LaQ YELLOW prausimosi putos \u0161velniai valo, dr\u0117kina ir kvepia kramtom\u0105ja guma. Vegani\u0161ka formul\u0117 vaikams, 20 g. MalinaShop.lt\" \/>\n<meta name=\"robots\" content=\"index, follow, max-snippet:-1, max-image-preview:large, max-video-preview:-1\" \/>\n<link rel=\"canonical\" href=\"https:\/\/www.malinashop.lt\/en\/shop\/laq-prausimosi-putos-yellow-linksma-svara-kiekviena-diena-20g\/\" \/>\n<meta property=\"og:locale\" content=\"en_GB\" \/>\n<meta property=\"og:type\" content=\"article\" \/>\n<meta property=\"og:title\" content=\"LaQ Prausimosi putos YELLOW \u2013 Linksma \u0161vara kiekvien\u0105 dien\u0105, 20g - MalinaShop.lt J\u016bs\u0173 sveikatai ir gro\u017eiui.\" \/>\n<meta property=\"og:description\" content=\"LaQ YELLOW prausimosi putos \u0161velniai valo, dr\u0117kina ir kvepia kramtom\u0105ja guma. Vegani\u0161ka formul\u0117 vaikams, 20 g. MalinaShop.lt\" \/>\n<meta property=\"og:url\" content=\"https:\/\/www.malinashop.lt\/en\/shop\/laq-prausimosi-putos-yellow-linksma-svara-kiekviena-diena-20g\/\" \/>\n<meta property=\"og:site_name\" content=\"MalinaShop.lt J\u016bs\u0173 sveikatai ir gro\u017eiui.\" \/>\n<meta property=\"article:modified_time\" content=\"2026-05-01T19:34:55+00:00\" \/>\n<meta property=\"og:image\" content=\"https:\/\/www.malinashop.lt\/wp-content\/uploads\/2026\/05\/LaQ-Prausimosi-putos-YELLOW-\u2013-Linksma-svara-kiekviena-diena-20g.jpg\" \/>\n\t<meta property=\"og:image:width\" content=\"2500\" \/>\n\t<meta property=\"og:image:height\" content=\"2500\" \/>\n\t<meta property=\"og:image:type\" content=\"image\/jpeg\" \/>\n<meta name=\"twitter:card\" content=\"summary_large_image\" \/>\n<script type=\"application\/ld+json\" class=\"yoast-schema-graph\">{\"@context\":\"https:\\\/\\\/schema.org\",\"@graph\":[{\"@type\":\"WebPage\",\"@id\":\"https:\\\/\\\/www.malinashop.lt\\\/shop\\\/laq-prausimosi-putos-yellow-linksma-svara-kiekviena-diena-20g\\\/\",\"url\":\"https:\\\/\\\/www.malinashop.lt\\\/shop\\\/laq-prausimosi-putos-yellow-linksma-svara-kiekviena-diena-20g\\\/\",\"name\":\"LaQ Prausimosi putos YELLOW \u2013 Linksma \u0161vara kiekvien\u0105 dien\u0105, 20g - MalinaShop.lt J\u016bs\u0173 sveikatai ir gro\u017eiui.\",\"isPartOf\":{\"@id\":\"https:\\\/\\\/www.malinashop.lt\\\/#website\"},\"primaryImageOfPage\":{\"@id\":\"https:\\\/\\\/www.malinashop.lt\\\/shop\\\/laq-prausimosi-putos-yellow-linksma-svara-kiekviena-diena-20g\\\/#primaryimage\"},\"image\":{\"@id\":\"https:\\\/\\\/www.malinashop.lt\\\/shop\\\/laq-prausimosi-putos-yellow-linksma-svara-kiekviena-diena-20g\\\/#primaryimage\"},\"thumbnailUrl\":\"https:\\\/\\\/www.malinashop.lt\\\/wp-content\\\/uploads\\\/2026\\\/05\\\/LaQ-Prausimosi-putos-YELLOW-\u2013-Linksma-svara-kiekviena-diena-20g.jpg\",\"datePublished\":\"2026-05-01T19:29:18+00:00\",\"dateModified\":\"2026-05-01T19:34:55+00:00\",\"description\":\"LaQ YELLOW prausimosi putos \u0161velniai valo, dr\u0117kina ir kvepia kramtom\u0105ja guma. Vegani\u0161ka formul\u0117 vaikams, 20 g. MalinaShop.lt\",\"breadcrumb\":{\"@id\":\"https:\\\/\\\/www.malinashop.lt\\\/shop\\\/laq-prausimosi-putos-yellow-linksma-svara-kiekviena-diena-20g\\\/#breadcrumb\"},\"inLanguage\":\"en-GB\",\"potentialAction\":[{\"@type\":\"ReadAction\",\"target\":[\"https:\\\/\\\/www.malinashop.lt\\\/shop\\\/laq-prausimosi-putos-yellow-linksma-svara-kiekviena-diena-20g\\\/\"]}]},{\"@type\":\"ImageObject\",\"inLanguage\":\"en-GB\",\"@id\":\"https:\\\/\\\/www.malinashop.lt\\\/shop\\\/laq-prausimosi-putos-yellow-linksma-svara-kiekviena-diena-20g\\\/#primaryimage\",\"url\":\"https:\\\/\\\/www.malinashop.lt\\\/wp-content\\\/uploads\\\/2026\\\/05\\\/LaQ-Prausimosi-putos-YELLOW-\u2013-Linksma-svara-kiekviena-diena-20g.jpg\",\"contentUrl\":\"https:\\\/\\\/www.malinashop.lt\\\/wp-content\\\/uploads\\\/2026\\\/05\\\/LaQ-Prausimosi-putos-YELLOW-\u2013-Linksma-svara-kiekviena-diena-20g.jpg\",\"width\":2500,\"height\":2500},{\"@type\":\"BreadcrumbList\",\"@id\":\"https:\\\/\\\/www.malinashop.lt\\\/shop\\\/laq-prausimosi-putos-yellow-linksma-svara-kiekviena-diena-20g\\\/#breadcrumb\",\"itemListElement\":[{\"@type\":\"ListItem\",\"position\":1,\"name\":\"Pagrindinis\",\"item\":\"https:\\\/\\\/www.malinashop.lt\\\/lt_lt\\\/\"},{\"@type\":\"ListItem\",\"position\":2,\"name\":\"Parduotuv\u0117\",\"item\":\"https:\\\/\\\/www.malinashop.lt\\\/en\\\/parduotuve\\\/\"},{\"@type\":\"ListItem\",\"position\":3,\"name\":\"LaQ Prausimosi putos YELLOW \u2013 Linksma \u0161vara kiekvien\u0105 dien\u0105, 20g\"}]},{\"@type\":\"WebSite\",\"@id\":\"https:\\\/\\\/www.malinashop.lt\\\/#website\",\"url\":\"https:\\\/\\\/www.malinashop.lt\\\/\",\"name\":\"COM Group Ecommerce\",\"description\":\"MalinaShop.lt - Gro\u017eio ir sveikatos produktai i\u0161 patikim\u0173 preki\u0173 \u017eenkl\u0173. Atraskite auk\u0161tos kokyb\u0117s kosmetik\u0105 u\u017e puiki\u0105 kain\u0105.\",\"publisher\":{\"@id\":\"https:\\\/\\\/www.malinashop.lt\\\/#organization\"},\"potentialAction\":[{\"@type\":\"SearchAction\",\"target\":{\"@type\":\"EntryPoint\",\"urlTemplate\":\"https:\\\/\\\/www.malinashop.lt\\\/?s={search_term_string}\"},\"query-input\":{\"@type\":\"PropertyValueSpecification\",\"valueRequired\":true,\"valueName\":\"search_term_string\"}}],\"inLanguage\":\"en-GB\"},{\"@type\":\"Organization\",\"@id\":\"https:\\\/\\\/www.malinashop.lt\\\/#organization\",\"name\":\"COM Group Ecommerce\",\"url\":\"https:\\\/\\\/www.malinashop.lt\\\/\",\"logo\":{\"@type\":\"ImageObject\",\"inLanguage\":\"en-GB\",\"@id\":\"https:\\\/\\\/www.malinashop.lt\\\/#\\\/schema\\\/logo\\\/image\\\/\",\"url\":\"https:\\\/\\\/www.malinashop.lt\\\/wp-content\\\/uploads\\\/2024\\\/08\\\/462559670_3787732518133670_9795632669273463_n-e1731525914575.png\",\"contentUrl\":\"https:\\\/\\\/www.malinashop.lt\\\/wp-content\\\/uploads\\\/2024\\\/08\\\/462559670_3787732518133670_9795632669273463_n-e1731525914575.png\",\"width\":180,\"height\":60,\"caption\":\"COM Group Ecommerce\"},\"image\":{\"@id\":\"https:\\\/\\\/www.malinashop.lt\\\/#\\\/schema\\\/logo\\\/image\\\/\"}}]}<\/script>\n<!-- \/ Yoast SEO plugin. -->","yoast_head_json":{"title":"LaQ Prausimosi putos YELLOW \u2013 Linksma \u0161vara kiekvien\u0105 dien\u0105, 20g - MalinaShop.lt J\u016bs\u0173 sveikatai ir gro\u017eiui.","description":"LaQ YELLOW prausimosi putos \u0161velniai valo, dr\u0117kina ir kvepia kramtom\u0105ja guma. Vegani\u0161ka formul\u0117 vaikams, 20 g. MalinaShop.lt","robots":{"index":"index","follow":"follow","max-snippet":"max-snippet:-1","max-image-preview":"max-image-preview:large","max-video-preview":"max-video-preview:-1"},"canonical":"https:\/\/www.malinashop.lt\/en\/shop\/laq-prausimosi-putos-yellow-linksma-svara-kiekviena-diena-20g\/","og_locale":"en_GB","og_type":"article","og_title":"LaQ Prausimosi putos YELLOW \u2013 Linksma \u0161vara kiekvien\u0105 dien\u0105, 20g - MalinaShop.lt J\u016bs\u0173 sveikatai ir gro\u017eiui.","og_description":"LaQ YELLOW prausimosi putos \u0161velniai valo, dr\u0117kina ir kvepia kramtom\u0105ja guma. Vegani\u0161ka formul\u0117 vaikams, 20 g. MalinaShop.lt","og_url":"https:\/\/www.malinashop.lt\/en\/shop\/laq-prausimosi-putos-yellow-linksma-svara-kiekviena-diena-20g\/","og_site_name":"MalinaShop.lt J\u016bs\u0173 sveikatai ir gro\u017eiui.","article_modified_time":"2026-05-01T19:34:55+00:00","og_image":[{"width":2500,"height":2500,"url":"https:\/\/www.malinashop.lt\/wp-content\/uploads\/2026\/05\/LaQ-Prausimosi-putos-YELLOW-\u2013-Linksma-svara-kiekviena-diena-20g.jpg","type":"image\/jpeg"}],"twitter_card":"summary_large_image","schema":{"@context":"https:\/\/schema.org","@graph":[{"@type":"WebPage","@id":"https:\/\/www.malinashop.lt\/shop\/laq-prausimosi-putos-yellow-linksma-svara-kiekviena-diena-20g\/","url":"https:\/\/www.malinashop.lt\/shop\/laq-prausimosi-putos-yellow-linksma-svara-kiekviena-diena-20g\/","name":"LaQ Prausimosi putos YELLOW \u2013 Linksma \u0161vara kiekvien\u0105 dien\u0105, 20g - MalinaShop.lt J\u016bs\u0173 sveikatai ir gro\u017eiui.","isPartOf":{"@id":"https:\/\/www.malinashop.lt\/#website"},"primaryImageOfPage":{"@id":"https:\/\/www.malinashop.lt\/shop\/laq-prausimosi-putos-yellow-linksma-svara-kiekviena-diena-20g\/#primaryimage"},"image":{"@id":"https:\/\/www.malinashop.lt\/shop\/laq-prausimosi-putos-yellow-linksma-svara-kiekviena-diena-20g\/#primaryimage"},"thumbnailUrl":"https:\/\/www.malinashop.lt\/wp-content\/uploads\/2026\/05\/LaQ-Prausimosi-putos-YELLOW-\u2013-Linksma-svara-kiekviena-diena-20g.jpg","datePublished":"2026-05-01T19:29:18+00:00","dateModified":"2026-05-01T19:34:55+00:00","description":"LaQ YELLOW prausimosi putos \u0161velniai valo, dr\u0117kina ir kvepia kramtom\u0105ja guma. Vegani\u0161ka formul\u0117 vaikams, 20 g. MalinaShop.lt","breadcrumb":{"@id":"https:\/\/www.malinashop.lt\/shop\/laq-prausimosi-putos-yellow-linksma-svara-kiekviena-diena-20g\/#breadcrumb"},"inLanguage":"en-GB","potentialAction":[{"@type":"ReadAction","target":["https:\/\/www.malinashop.lt\/shop\/laq-prausimosi-putos-yellow-linksma-svara-kiekviena-diena-20g\/"]}]},{"@type":"ImageObject","inLanguage":"en-GB","@id":"https:\/\/www.malinashop.lt\/shop\/laq-prausimosi-putos-yellow-linksma-svara-kiekviena-diena-20g\/#primaryimage","url":"https:\/\/www.malinashop.lt\/wp-content\/uploads\/2026\/05\/LaQ-Prausimosi-putos-YELLOW-\u2013-Linksma-svara-kiekviena-diena-20g.jpg","contentUrl":"https:\/\/www.malinashop.lt\/wp-content\/uploads\/2026\/05\/LaQ-Prausimosi-putos-YELLOW-\u2013-Linksma-svara-kiekviena-diena-20g.jpg","width":2500,"height":2500},{"@type":"BreadcrumbList","@id":"https:\/\/www.malinashop.lt\/shop\/laq-prausimosi-putos-yellow-linksma-svara-kiekviena-diena-20g\/#breadcrumb","itemListElement":[{"@type":"ListItem","position":1,"name":"Pagrindinis","item":"https:\/\/www.malinashop.lt\/lt_lt\/"},{"@type":"ListItem","position":2,"name":"Parduotuv\u0117","item":"https:\/\/www.malinashop.lt\/en\/parduotuve\/"},{"@type":"ListItem","position":3,"name":"LaQ Prausimosi putos YELLOW \u2013 Linksma \u0161vara kiekvien\u0105 dien\u0105, 20g"}]},{"@type":"WebSite","@id":"https:\/\/www.malinashop.lt\/#website","url":"https:\/\/www.malinashop.lt\/","name":"COM Group Ecommerce","description":"MalinaShop.lt - Gro\u017eio ir sveikatos produktai i\u0161 patikim\u0173 preki\u0173 \u017eenkl\u0173. Atraskite auk\u0161tos kokyb\u0117s kosmetik\u0105 u\u017e puiki\u0105 kain\u0105.","publisher":{"@id":"https:\/\/www.malinashop.lt\/#organization"},"potentialAction":[{"@type":"SearchAction","target":{"@type":"EntryPoint","urlTemplate":"https:\/\/www.malinashop.lt\/?s={search_term_string}"},"query-input":{"@type":"PropertyValueSpecification","valueRequired":true,"valueName":"search_term_string"}}],"inLanguage":"en-GB"},{"@type":"Organization","@id":"https:\/\/www.malinashop.lt\/#organization","name":"COM Group Ecommerce","url":"https:\/\/www.malinashop.lt\/","logo":{"@type":"ImageObject","inLanguage":"en-GB","@id":"https:\/\/www.malinashop.lt\/#\/schema\/logo\/image\/","url":"https:\/\/www.malinashop.lt\/wp-content\/uploads\/2024\/08\/462559670_3787732518133670_9795632669273463_n-e1731525914575.png","contentUrl":"https:\/\/www.malinashop.lt\/wp-content\/uploads\/2024\/08\/462559670_3787732518133670_9795632669273463_n-e1731525914575.png","width":180,"height":60,"caption":"COM Group Ecommerce"},"image":{"@id":"https:\/\/www.malinashop.lt\/#\/schema\/logo\/image\/"}}]}},"jetpack_sharing_enabled":true,"_links":{"self":[{"href":"https:\/\/www.malinashop.lt\/en\/wp-json\/wp\/v2\/product\/77917","targetHints":{"allow":["GET"]}}],"collection":[{"href":"https:\/\/www.malinashop.lt\/en\/wp-json\/wp\/v2\/product"}],"about":[{"href":"https:\/\/www.malinashop.lt\/en\/wp-json\/wp\/v2\/types\/product"}],"version-history":[{"count":1,"href":"https:\/\/www.malinashop.lt\/en\/wp-json\/wp\/v2\/product\/77917\/revisions"}],"predecessor-version":[{"id":77920,"href":"https:\/\/www.malinashop.lt\/en\/wp-json\/wp\/v2\/product\/77917\/revisions\/77920"}],"wp:featuredmedia":[{"embeddable":true,"href":"https:\/\/www.malinashop.lt\/en\/wp-json\/wp\/v2\/media\/77919"}],"wp:attachment":[{"href":"https:\/\/www.malinashop.lt\/en\/wp-json\/wp\/v2\/media?parent=77917"}],"wp:term":[{"taxonomy":"product_brand","embeddable":true,"href":"https:\/\/www.malinashop.lt\/en\/wp-json\/wp\/v2\/product_brand?post=77917"},{"taxonomy":"product_cat","embeddable":true,"href":"https:\/\/www.malinashop.lt\/en\/wp-json\/wp\/v2\/product_cat?post=77917"},{"taxonomy":"product_tag","embeddable":true,"href":"https:\/\/www.malinashop.lt\/en\/wp-json\/wp\/v2\/product_tag?post=77917"}],"curies":[{"name":"wp","href":"https:\/\/api.w.org\/{rel}","templated":true}]}}