{"id":77914,"date":"2026-05-01T22:22:31","date_gmt":"2026-05-01T19:22:31","guid":{"rendered":"https:\/\/www.malinashop.lt\/?post_type=product&#038;p=77914"},"modified":"2026-05-01T22:27:05","modified_gmt":"2026-05-01T19:27:05","slug":"laq-muilas-vyrams-mountain-rick-laukinis-kvapas-svari-oda-85g","status":"publish","type":"product","link":"https:\/\/www.malinashop.lt\/en\/shop\/laq-muilas-vyrams-mountain-rick-laukinis-kvapas-svari-oda-85g\/","title":{"rendered":"LaQ Muilas vyrams MOUNTAIN RICK \u2013 Laukinis kvapas, \u0161vari oda, 85g"},"content":{"rendered":"<div class=\"relative basis-auto flex-col -mb-(--composer-overlap-px) pb-(--composer-overlap-px) [--composer-overlap-px:28px] grow flex\">\n<div class=\"flex flex-col text-sm\">\n<section class=\"text-token-text-primary w-full focus:outline-none [--shadow-height:45px] has-data-writing-block:pointer-events-none has-data-writing-block:-mt-(--shadow-height) has-data-writing-block:pt-(--shadow-height) [&:has([data-writing-block])>*]:pointer-events-auto [content-visibility:auto] supports-[content-visibility:auto]:[contain-intrinsic-size:auto_100lvh] R6Vx5W_threadScrollVars scroll-mb-[calc(var(--scroll-root-safe-area-inset-bottom,0px)+var(--thread-response-height))] scroll-mt-[calc(var(--header-height)+min(200px,max(70px,20svh)))]\" dir=\"auto\" data-turn-id=\"request-69f1f24f-df58-838b-a738-7b7dba6319c3-1\" data-testid=\"conversation-turn-322\" data-scroll-anchor=\"false\" data-turn=\"assistant\">\n<div class=\"text-base my-auto mx-auto [--thread-content-margin:var(--thread-content-margin-xs,calc(var(--spacing)*4))] @w-sm\/main:[--thread-content-margin:var(--thread-content-margin-sm,calc(var(--spacing)*6))] @w-lg\/main:[--thread-content-margin:var(--thread-content-margin-lg,calc(var(--spacing)*16))] px-(--thread-content-margin)\">\n<div class=\"[--thread-content-max-width:40rem] @w-lg\/main:[--thread-content-max-width:48rem] mx-auto max-w-(--thread-content-max-width) flex-1 group\/turn-messages focus-visible:outline-hidden relative flex w-full min-w-0 flex-col agent-turn\">\n<div class=\"flex max-w-full flex-col gap-4 grow\">\n<div class=\"min-h-8 text-message relative flex w-full flex-col items-end gap-2 text-start break-words whitespace-normal outline-none keyboard-focused:focus-ring [.text-message+&]:mt-1\" dir=\"auto\" data-message-author-role=\"assistant\" data-message-id=\"dec8b644-226f-4778-803a-5b7f42e6f218\" data-message-model-slug=\"gpt-5-3\">\n<div class=\"flex w-full flex-col gap-1 empty:hidden\">\n<div class=\"markdown prose dark:prose-invert w-full wrap-break-word dark markdown-new-styling\">\n<p data-start=\"579\" data-end=\"632\">Kartais reikia atsijungti nuo visko.<br data-start=\"615\" data-end=\"618\" \/>Bent jau du\u0161e.<\/p>\n<p data-start=\"634\" data-end=\"813\">LaQ <strong data-start=\"638\" data-end=\"655\">MOUNTAIN RICK<\/strong> \u2013 tai vyri\u0161kas kietasis muilas, kuris daro tai, k\u0105 turi daryti: efektyviai nuvalo od\u0105 ir palieka j\u0105 \u0161vari\u0105, gaivi\u0105 ir tvarking\u0105. Be bereikalingo \u201ecukravimo\u201c.<\/p>\n<p data-start=\"815\" data-end=\"940\">\u2714 Efektyviai nuvalo ne\u0161varumus<br data-start=\"845\" data-end=\"848\" \/>\u2714 Gaivina ir suteikia \u0161varos poj\u016bt\u012f<br data-start=\"883\" data-end=\"886\" \/>\u2714 Neperd\u017eiovina odos<br data-start=\"906\" data-end=\"909\" \/>\u2714 Tinka kasdieniam naudojimui<\/p>\n<p data-start=\"942\" data-end=\"1096\">Formul\u0117 paremta \u0161velniais, augalin\u0117s kilm\u0117s prausikliais, kurie padeda i\u0161laikyti odos komfort\u0105 ir nat\u016bral\u0173 balans\u0105<\/p>\n<hr data-start=\"1098\" data-end=\"1101\" \/>\n<h3 data-section-id=\"1dlvw32\" data-start=\"1103\" data-end=\"1128\"><span role=\"text\"><strong data-start=\"1107\" data-end=\"1128\">Kvapo charakteris<\/strong><\/span><\/h3>\n<p data-start=\"1130\" data-end=\"1230\">Vyri\u0161kas, ramus ir u\u017etikrintas aromatas su \u201elaukin\u0117s gamtos\u201c vibe \u2013 be triuk\u0161mo, bet su charakteriu.<\/p>\n<hr data-start=\"1232\" data-end=\"1235\" \/>\n<h3 data-section-id=\"11nzjcz\" data-start=\"1237\" data-end=\"1260\"><span role=\"text\"><strong data-start=\"1241\" data-end=\"1258\">Kaip naudoti:<\/strong><\/span><\/h3>\n<p data-start=\"1261\" data-end=\"1321\">Sudr\u0117kink, suputok rankose ar tiesiai ant odos ir nuskalauk.<\/p>\n<hr data-start=\"1323\" data-end=\"1326\" \/>\n<h3 data-section-id=\"rtgxg4\" data-start=\"1328\" data-end=\"1344\"><span role=\"text\"><strong data-start=\"1332\" data-end=\"1342\">Talpa:<\/strong><\/span><\/h3>\n<p data-start=\"1345\" data-end=\"1349\">85 g<\/p>\n<hr data-start=\"1351\" data-end=\"1354\" \/>\n<p data-start=\"1356\" data-end=\"1393\"><strong data-start=\"1356\" data-end=\"1393\">Kai nereikia daug \u2013 u\u017etenka gero.<\/strong><\/p>\n<\/div>\n<\/div>\n<\/div>\n<\/div>\n<\/div>\n<\/div>\n<\/section>\n<\/div>\n<\/div>\n<hr \/>\n<p><strong>Laq \u2014 kosmetika, kuri nesivar\u017eo.<\/strong> Nat\u016brali. Vegani\u0161ka. Dermatologi\u0161kai testuota. Ir su pavadinimais, kurie jus privers prisiminti, kad prausimasis gali b\u016bti linksmas.<\/p>\n<p>Atpa\u017e\u012fstate save? Savo vyr\u0105? Draug\u0105, kuris visada turi k\u0105 pasakyti? <strong>Puiki nestandartin\u0117 dovana tiems, kurie visk\u0105 turi.<\/strong> Nes kas nor\u0117t\u0173 gauti dar vien\u0105 kojini\u0173 por\u0105?<\/p>\n","protected":false},"excerpt":{"rendered":"<p data-start=\"413\" data-end=\"553\">Kai visko per daug \u2013 reikia paprasto sprendimo. LaQ <strong data-start=\"465\" data-end=\"482\">MOUNTAIN RICK<\/strong> muilas valo, gaivina ir palieka \u0161varos poj\u016bt\u012f be bereikaling\u0173 detali\u0173.<\/p>\n","protected":false},"featured_media":77915,"template":"","meta":[],"product_brand":[1699],"product_cat":[731,540,1687],"product_tag":[],"class_list":{"0":"post-77914","1":"product","2":"type-product","3":"status-publish","4":"has-post-thumbnail","6":"product_brand-laq","7":"product_cat-kunui","8":"product_cat-ranku-prieziura-muilai-ranku-kremai","9":"product_cat-vyrams","11":"first","12":"instock","13":"taxable","14":"shipping-taxable","15":"purchasable","16":"product-type-simple"},"yoast_head":"<!-- This site is optimized with the Yoast SEO plugin v27.5 - https:\/\/yoast.com\/product\/yoast-seo-wordpress\/ -->\n<title>LaQ Muilas vyrams MOUNTAIN RICK \u2013 Laukinis kvapas, \u0161vari oda, 85g - MalinaShop.lt J\u016bs\u0173 sveikatai ir gro\u017eiui.<\/title>\n<meta name=\"description\" content=\"LaQ MOUNTAIN RICK muilas vyrams \u0161velniai valo ir gaivina od\u0105. Su nat\u016braliais ingredientais, vegani\u0161ka formul\u0117, 85 g. MalinaShop.lt\" \/>\n<meta name=\"robots\" content=\"index, follow, max-snippet:-1, max-image-preview:large, max-video-preview:-1\" \/>\n<link rel=\"canonical\" href=\"https:\/\/www.malinashop.lt\/en\/shop\/laq-muilas-vyrams-mountain-rick-laukinis-kvapas-svari-oda-85g\/\" \/>\n<meta property=\"og:locale\" content=\"en_GB\" \/>\n<meta property=\"og:type\" content=\"article\" \/>\n<meta property=\"og:title\" content=\"LaQ Muilas vyrams MOUNTAIN RICK \u2013 Laukinis kvapas, \u0161vari oda, 85g - MalinaShop.lt J\u016bs\u0173 sveikatai ir gro\u017eiui.\" \/>\n<meta property=\"og:description\" content=\"LaQ MOUNTAIN RICK muilas vyrams \u0161velniai valo ir gaivina od\u0105. Su nat\u016braliais ingredientais, vegani\u0161ka formul\u0117, 85 g. MalinaShop.lt\" \/>\n<meta property=\"og:url\" content=\"https:\/\/www.malinashop.lt\/en\/shop\/laq-muilas-vyrams-mountain-rick-laukinis-kvapas-svari-oda-85g\/\" \/>\n<meta property=\"og:site_name\" content=\"MalinaShop.lt J\u016bs\u0173 sveikatai ir gro\u017eiui.\" \/>\n<meta property=\"article:modified_time\" content=\"2026-05-01T19:27:05+00:00\" \/>\n<meta property=\"og:image\" content=\"https:\/\/www.malinashop.lt\/wp-content\/uploads\/2026\/05\/LaQ-Muilas-vyrams-MOUNTAIN-RICK-\u2013-Laukinis-kvapas-svari-oda-85g-1520x1520.jpg\" \/>\n\t<meta property=\"og:image:width\" content=\"1520\" \/>\n\t<meta property=\"og:image:height\" content=\"1520\" \/>\n\t<meta property=\"og:image:type\" content=\"image\/jpeg\" \/>\n<meta name=\"twitter:card\" content=\"summary_large_image\" \/>\n<script type=\"application\/ld+json\" class=\"yoast-schema-graph\">{\"@context\":\"https:\\\/\\\/schema.org\",\"@graph\":[{\"@type\":\"WebPage\",\"@id\":\"https:\\\/\\\/www.malinashop.lt\\\/shop\\\/laq-muilas-vyrams-mountain-rick-laukinis-kvapas-svari-oda-85g\\\/\",\"url\":\"https:\\\/\\\/www.malinashop.lt\\\/shop\\\/laq-muilas-vyrams-mountain-rick-laukinis-kvapas-svari-oda-85g\\\/\",\"name\":\"LaQ Muilas vyrams MOUNTAIN RICK \u2013 Laukinis kvapas, \u0161vari oda, 85g - MalinaShop.lt J\u016bs\u0173 sveikatai ir gro\u017eiui.\",\"isPartOf\":{\"@id\":\"https:\\\/\\\/www.malinashop.lt\\\/#website\"},\"primaryImageOfPage\":{\"@id\":\"https:\\\/\\\/www.malinashop.lt\\\/shop\\\/laq-muilas-vyrams-mountain-rick-laukinis-kvapas-svari-oda-85g\\\/#primaryimage\"},\"image\":{\"@id\":\"https:\\\/\\\/www.malinashop.lt\\\/shop\\\/laq-muilas-vyrams-mountain-rick-laukinis-kvapas-svari-oda-85g\\\/#primaryimage\"},\"thumbnailUrl\":\"https:\\\/\\\/www.malinashop.lt\\\/wp-content\\\/uploads\\\/2026\\\/05\\\/LaQ-Muilas-vyrams-MOUNTAIN-RICK-\u2013-Laukinis-kvapas-svari-oda-85g.jpg\",\"datePublished\":\"2026-05-01T19:22:31+00:00\",\"dateModified\":\"2026-05-01T19:27:05+00:00\",\"description\":\"LaQ MOUNTAIN RICK muilas vyrams \u0161velniai valo ir gaivina od\u0105. Su nat\u016braliais ingredientais, vegani\u0161ka formul\u0117, 85 g. MalinaShop.lt\",\"breadcrumb\":{\"@id\":\"https:\\\/\\\/www.malinashop.lt\\\/shop\\\/laq-muilas-vyrams-mountain-rick-laukinis-kvapas-svari-oda-85g\\\/#breadcrumb\"},\"inLanguage\":\"en-GB\",\"potentialAction\":[{\"@type\":\"ReadAction\",\"target\":[\"https:\\\/\\\/www.malinashop.lt\\\/shop\\\/laq-muilas-vyrams-mountain-rick-laukinis-kvapas-svari-oda-85g\\\/\"]}]},{\"@type\":\"ImageObject\",\"inLanguage\":\"en-GB\",\"@id\":\"https:\\\/\\\/www.malinashop.lt\\\/shop\\\/laq-muilas-vyrams-mountain-rick-laukinis-kvapas-svari-oda-85g\\\/#primaryimage\",\"url\":\"https:\\\/\\\/www.malinashop.lt\\\/wp-content\\\/uploads\\\/2026\\\/05\\\/LaQ-Muilas-vyrams-MOUNTAIN-RICK-\u2013-Laukinis-kvapas-svari-oda-85g.jpg\",\"contentUrl\":\"https:\\\/\\\/www.malinashop.lt\\\/wp-content\\\/uploads\\\/2026\\\/05\\\/LaQ-Muilas-vyrams-MOUNTAIN-RICK-\u2013-Laukinis-kvapas-svari-oda-85g.jpg\",\"width\":2500,\"height\":2500},{\"@type\":\"BreadcrumbList\",\"@id\":\"https:\\\/\\\/www.malinashop.lt\\\/shop\\\/laq-muilas-vyrams-mountain-rick-laukinis-kvapas-svari-oda-85g\\\/#breadcrumb\",\"itemListElement\":[{\"@type\":\"ListItem\",\"position\":1,\"name\":\"Pagrindinis\",\"item\":\"https:\\\/\\\/www.malinashop.lt\\\/lt_lt\\\/\"},{\"@type\":\"ListItem\",\"position\":2,\"name\":\"Parduotuv\u0117\",\"item\":\"https:\\\/\\\/www.malinashop.lt\\\/en\\\/parduotuve\\\/\"},{\"@type\":\"ListItem\",\"position\":3,\"name\":\"LaQ Muilas vyrams MOUNTAIN RICK \u2013 Laukinis kvapas, \u0161vari oda, 85g\"}]},{\"@type\":\"WebSite\",\"@id\":\"https:\\\/\\\/www.malinashop.lt\\\/#website\",\"url\":\"https:\\\/\\\/www.malinashop.lt\\\/\",\"name\":\"COM Group Ecommerce\",\"description\":\"MalinaShop.lt - Gro\u017eio ir sveikatos produktai i\u0161 patikim\u0173 preki\u0173 \u017eenkl\u0173. Atraskite auk\u0161tos kokyb\u0117s kosmetik\u0105 u\u017e puiki\u0105 kain\u0105.\",\"publisher\":{\"@id\":\"https:\\\/\\\/www.malinashop.lt\\\/#organization\"},\"potentialAction\":[{\"@type\":\"SearchAction\",\"target\":{\"@type\":\"EntryPoint\",\"urlTemplate\":\"https:\\\/\\\/www.malinashop.lt\\\/?s={search_term_string}\"},\"query-input\":{\"@type\":\"PropertyValueSpecification\",\"valueRequired\":true,\"valueName\":\"search_term_string\"}}],\"inLanguage\":\"en-GB\"},{\"@type\":\"Organization\",\"@id\":\"https:\\\/\\\/www.malinashop.lt\\\/#organization\",\"name\":\"COM Group Ecommerce\",\"url\":\"https:\\\/\\\/www.malinashop.lt\\\/\",\"logo\":{\"@type\":\"ImageObject\",\"inLanguage\":\"en-GB\",\"@id\":\"https:\\\/\\\/www.malinashop.lt\\\/#\\\/schema\\\/logo\\\/image\\\/\",\"url\":\"https:\\\/\\\/www.malinashop.lt\\\/wp-content\\\/uploads\\\/2024\\\/08\\\/462559670_3787732518133670_9795632669273463_n-e1731525914575.png\",\"contentUrl\":\"https:\\\/\\\/www.malinashop.lt\\\/wp-content\\\/uploads\\\/2024\\\/08\\\/462559670_3787732518133670_9795632669273463_n-e1731525914575.png\",\"width\":180,\"height\":60,\"caption\":\"COM Group Ecommerce\"},\"image\":{\"@id\":\"https:\\\/\\\/www.malinashop.lt\\\/#\\\/schema\\\/logo\\\/image\\\/\"}}]}<\/script>\n<!-- \/ Yoast SEO plugin. -->","yoast_head_json":{"title":"LaQ Muilas vyrams MOUNTAIN RICK \u2013 Laukinis kvapas, \u0161vari oda, 85g - MalinaShop.lt J\u016bs\u0173 sveikatai ir gro\u017eiui.","description":"LaQ MOUNTAIN RICK muilas vyrams \u0161velniai valo ir gaivina od\u0105. Su nat\u016braliais ingredientais, vegani\u0161ka formul\u0117, 85 g. MalinaShop.lt","robots":{"index":"index","follow":"follow","max-snippet":"max-snippet:-1","max-image-preview":"max-image-preview:large","max-video-preview":"max-video-preview:-1"},"canonical":"https:\/\/www.malinashop.lt\/en\/shop\/laq-muilas-vyrams-mountain-rick-laukinis-kvapas-svari-oda-85g\/","og_locale":"en_GB","og_type":"article","og_title":"LaQ Muilas vyrams MOUNTAIN RICK \u2013 Laukinis kvapas, \u0161vari oda, 85g - MalinaShop.lt J\u016bs\u0173 sveikatai ir gro\u017eiui.","og_description":"LaQ MOUNTAIN RICK muilas vyrams \u0161velniai valo ir gaivina od\u0105. Su nat\u016braliais ingredientais, vegani\u0161ka formul\u0117, 85 g. MalinaShop.lt","og_url":"https:\/\/www.malinashop.lt\/en\/shop\/laq-muilas-vyrams-mountain-rick-laukinis-kvapas-svari-oda-85g\/","og_site_name":"MalinaShop.lt J\u016bs\u0173 sveikatai ir gro\u017eiui.","article_modified_time":"2026-05-01T19:27:05+00:00","og_image":[{"width":1520,"height":1520,"url":"https:\/\/www.malinashop.lt\/wp-content\/uploads\/2026\/05\/LaQ-Muilas-vyrams-MOUNTAIN-RICK-\u2013-Laukinis-kvapas-svari-oda-85g-1520x1520.jpg","type":"image\/jpeg"}],"twitter_card":"summary_large_image","schema":{"@context":"https:\/\/schema.org","@graph":[{"@type":"WebPage","@id":"https:\/\/www.malinashop.lt\/shop\/laq-muilas-vyrams-mountain-rick-laukinis-kvapas-svari-oda-85g\/","url":"https:\/\/www.malinashop.lt\/shop\/laq-muilas-vyrams-mountain-rick-laukinis-kvapas-svari-oda-85g\/","name":"LaQ Muilas vyrams MOUNTAIN RICK \u2013 Laukinis kvapas, \u0161vari oda, 85g - MalinaShop.lt J\u016bs\u0173 sveikatai ir gro\u017eiui.","isPartOf":{"@id":"https:\/\/www.malinashop.lt\/#website"},"primaryImageOfPage":{"@id":"https:\/\/www.malinashop.lt\/shop\/laq-muilas-vyrams-mountain-rick-laukinis-kvapas-svari-oda-85g\/#primaryimage"},"image":{"@id":"https:\/\/www.malinashop.lt\/shop\/laq-muilas-vyrams-mountain-rick-laukinis-kvapas-svari-oda-85g\/#primaryimage"},"thumbnailUrl":"https:\/\/www.malinashop.lt\/wp-content\/uploads\/2026\/05\/LaQ-Muilas-vyrams-MOUNTAIN-RICK-\u2013-Laukinis-kvapas-svari-oda-85g.jpg","datePublished":"2026-05-01T19:22:31+00:00","dateModified":"2026-05-01T19:27:05+00:00","description":"LaQ MOUNTAIN RICK muilas vyrams \u0161velniai valo ir gaivina od\u0105. Su nat\u016braliais ingredientais, vegani\u0161ka formul\u0117, 85 g. MalinaShop.lt","breadcrumb":{"@id":"https:\/\/www.malinashop.lt\/shop\/laq-muilas-vyrams-mountain-rick-laukinis-kvapas-svari-oda-85g\/#breadcrumb"},"inLanguage":"en-GB","potentialAction":[{"@type":"ReadAction","target":["https:\/\/www.malinashop.lt\/shop\/laq-muilas-vyrams-mountain-rick-laukinis-kvapas-svari-oda-85g\/"]}]},{"@type":"ImageObject","inLanguage":"en-GB","@id":"https:\/\/www.malinashop.lt\/shop\/laq-muilas-vyrams-mountain-rick-laukinis-kvapas-svari-oda-85g\/#primaryimage","url":"https:\/\/www.malinashop.lt\/wp-content\/uploads\/2026\/05\/LaQ-Muilas-vyrams-MOUNTAIN-RICK-\u2013-Laukinis-kvapas-svari-oda-85g.jpg","contentUrl":"https:\/\/www.malinashop.lt\/wp-content\/uploads\/2026\/05\/LaQ-Muilas-vyrams-MOUNTAIN-RICK-\u2013-Laukinis-kvapas-svari-oda-85g.jpg","width":2500,"height":2500},{"@type":"BreadcrumbList","@id":"https:\/\/www.malinashop.lt\/shop\/laq-muilas-vyrams-mountain-rick-laukinis-kvapas-svari-oda-85g\/#breadcrumb","itemListElement":[{"@type":"ListItem","position":1,"name":"Pagrindinis","item":"https:\/\/www.malinashop.lt\/lt_lt\/"},{"@type":"ListItem","position":2,"name":"Parduotuv\u0117","item":"https:\/\/www.malinashop.lt\/en\/parduotuve\/"},{"@type":"ListItem","position":3,"name":"LaQ Muilas vyrams MOUNTAIN RICK \u2013 Laukinis kvapas, \u0161vari oda, 85g"}]},{"@type":"WebSite","@id":"https:\/\/www.malinashop.lt\/#website","url":"https:\/\/www.malinashop.lt\/","name":"COM Group Ecommerce","description":"MalinaShop.lt - Gro\u017eio ir sveikatos produktai i\u0161 patikim\u0173 preki\u0173 \u017eenkl\u0173. Atraskite auk\u0161tos kokyb\u0117s kosmetik\u0105 u\u017e puiki\u0105 kain\u0105.","publisher":{"@id":"https:\/\/www.malinashop.lt\/#organization"},"potentialAction":[{"@type":"SearchAction","target":{"@type":"EntryPoint","urlTemplate":"https:\/\/www.malinashop.lt\/?s={search_term_string}"},"query-input":{"@type":"PropertyValueSpecification","valueRequired":true,"valueName":"search_term_string"}}],"inLanguage":"en-GB"},{"@type":"Organization","@id":"https:\/\/www.malinashop.lt\/#organization","name":"COM Group Ecommerce","url":"https:\/\/www.malinashop.lt\/","logo":{"@type":"ImageObject","inLanguage":"en-GB","@id":"https:\/\/www.malinashop.lt\/#\/schema\/logo\/image\/","url":"https:\/\/www.malinashop.lt\/wp-content\/uploads\/2024\/08\/462559670_3787732518133670_9795632669273463_n-e1731525914575.png","contentUrl":"https:\/\/www.malinashop.lt\/wp-content\/uploads\/2024\/08\/462559670_3787732518133670_9795632669273463_n-e1731525914575.png","width":180,"height":60,"caption":"COM Group Ecommerce"},"image":{"@id":"https:\/\/www.malinashop.lt\/#\/schema\/logo\/image\/"}}]}},"jetpack_sharing_enabled":true,"_links":{"self":[{"href":"https:\/\/www.malinashop.lt\/en\/wp-json\/wp\/v2\/product\/77914","targetHints":{"allow":["GET"]}}],"collection":[{"href":"https:\/\/www.malinashop.lt\/en\/wp-json\/wp\/v2\/product"}],"about":[{"href":"https:\/\/www.malinashop.lt\/en\/wp-json\/wp\/v2\/types\/product"}],"version-history":[{"count":1,"href":"https:\/\/www.malinashop.lt\/en\/wp-json\/wp\/v2\/product\/77914\/revisions"}],"predecessor-version":[{"id":77916,"href":"https:\/\/www.malinashop.lt\/en\/wp-json\/wp\/v2\/product\/77914\/revisions\/77916"}],"wp:featuredmedia":[{"embeddable":true,"href":"https:\/\/www.malinashop.lt\/en\/wp-json\/wp\/v2\/media\/77915"}],"wp:attachment":[{"href":"https:\/\/www.malinashop.lt\/en\/wp-json\/wp\/v2\/media?parent=77914"}],"wp:term":[{"taxonomy":"product_brand","embeddable":true,"href":"https:\/\/www.malinashop.lt\/en\/wp-json\/wp\/v2\/product_brand?post=77914"},{"taxonomy":"product_cat","embeddable":true,"href":"https:\/\/www.malinashop.lt\/en\/wp-json\/wp\/v2\/product_cat?post=77914"},{"taxonomy":"product_tag","embeddable":true,"href":"https:\/\/www.malinashop.lt\/en\/wp-json\/wp\/v2\/product_tag?post=77914"}],"curies":[{"name":"wp","href":"https:\/\/api.w.org\/{rel}","templated":true}]}}