{"id":77877,"date":"2026-05-01T19:20:21","date_gmt":"2026-05-01T16:20:21","guid":{"rendered":"https:\/\/www.malinashop.lt\/?post_type=product&#038;p=77877"},"modified":"2026-05-01T19:27:29","modified_gmt":"2026-05-01T16:27:29","slug":"laq-kuno-prausiklis-ir-sveitiklis-magnolia-svelni-oda-pavojingas-zavesys-220g","status":"publish","type":"product","link":"https:\/\/www.malinashop.lt\/en\/shop\/laq-kuno-prausiklis-ir-sveitiklis-magnolia-svelni-oda-pavojingas-zavesys-220g\/","title":{"rendered":"LaQ K\u016bno prausiklis ir \u0161veitiklis MAGNOLIA \u2013 \u0160velni oda, pavojingas \u017eavesys, 220g"},"content":{"rendered":"<p data-start=\"507\" data-end=\"664\">Kartais u\u017etenka vieno gero produkto.<br data-start=\"543\" data-end=\"546\" \/>LaQ <strong data-start=\"550\" data-end=\"562\">MAGNOLIA<\/strong> \u2013 tai 2in1 k\u016bno prausiklis ir \u0161veitiklis, kuris valo od\u0105 ir pa\u0161alina negyvas l\u0105steles vienu \u017eingsniu.<\/p>\n<p data-start=\"666\" data-end=\"793\">\u2714 \u0160velniai nuvalo ir gaivina<br data-start=\"694\" data-end=\"697\" \/>\u2714 Glotnina ir mink\u0161tina od\u0105<br data-start=\"724\" data-end=\"727\" \/>\u2714 Padeda i\u0161laikyti odos komfort\u0105<br data-start=\"759\" data-end=\"762\" \/>\u2714 Tinka kasdieniam naudojimui<\/p>\n<p data-start=\"795\" data-end=\"901\">Formul\u0117je \u2013 cukraus dalel\u0117s \u0161veitimui, augalinis glicerinas dr\u0117kinimui ir magnolijos ekstraktas \u0161velnumui.<\/p>\n<p data-start=\"903\" data-end=\"958\">Kvapas \u2013 moteri\u0161kas, jausmingas ir lengvai \u201eprabangus\u201c.<\/p>\n<hr data-start=\"960\" data-end=\"963\" \/>\n<h3 data-section-id=\"1stuw1d\" data-start=\"965\" data-end=\"986\"><span role=\"text\"><strong data-start=\"969\" data-end=\"984\">Naudojimas:<\/strong><\/span><\/h3>\n<p data-start=\"987\" data-end=\"1035\">U\u017etepk ant dr\u0117gnos odos, \u012fmasa\u017euok ir nuskalauk.<\/p>\n<hr data-start=\"1037\" data-end=\"1040\" \/>\n<h3 data-section-id=\"rtgxg4\" data-start=\"1042\" data-end=\"1058\"><span role=\"text\"><strong data-start=\"1046\" data-end=\"1056\">Talpa:<\/strong><\/span><\/h3>\n<p data-start=\"1059\" data-end=\"1064\">220 g<\/p>\n<hr data-start=\"1066\" data-end=\"1069\" \/>\n<p data-start=\"1071\" data-end=\"1110\" data-is-last-node=\"\" data-is-only-node=\"\"><strong data-start=\"1071\" data-end=\"1110\" data-is-last-node=\"\">Ma\u017eiau \u017eingsni\u0173. Daugiau rezultato.<\/strong><\/p>\n<hr \/>\n<p><strong>Laq \u2014 kosmetika, kuri nesivar\u017eo.<\/strong> Nat\u016brali. Vegani\u0161ka. Dermatologi\u0161kai testuota. Ir su pavadinimais, kurie jus privers prisiminti, kad prausimasis gali b\u016bti linksmas.<\/p>\n<p>Atpa\u017e\u012fstate save? Savo vyr\u0105? Draug\u0105, kuris visada turi k\u0105 pasakyti? <strong>Puiki nestandartin\u0117 dovana tiems, kurie visk\u0105 turi.<\/strong> Nes kas nor\u0117t\u0173 gauti dar vien\u0105 kojini\u0173 por\u0105?<\/p>\n","protected":false},"excerpt":{"rendered":"<p data-start=\"405\" data-end=\"554\">Kai oda lygi \u2013 viskas atrodo geriau. LaQ <strong data-start=\"446\" data-end=\"458\">MAGNOLIA<\/strong> prausiklis ir \u0161veitiklis vienu metu valo, \u0161vei\u010dia ir palieka \u0161velnios, pri\u017ei\u016br\u0117tos odos poj\u016bt\u012f.<\/p>\n","protected":false},"featured_media":77878,"template":"","meta":[],"product_brand":[1699],"product_cat":[557,731,1692],"product_tag":[],"class_list":{"0":"post-77877","1":"product","2":"type-product","3":"status-publish","4":"has-post-thumbnail","6":"product_brand-laq","7":"product_cat-kuno-sveitikliai","8":"product_cat-kunui","9":"product_cat-moterims-duso-geliai","11":"first","12":"instock","13":"taxable","14":"shipping-taxable","15":"purchasable","16":"product-type-simple"},"yoast_head":"<!-- This site is optimized with the Yoast SEO plugin v27.5 - https:\/\/yoast.com\/product\/yoast-seo-wordpress\/ -->\n<title>LaQ K\u016bno prausiklis ir \u0161veitiklis MAGNOLIA \u2013 \u0160velni oda, pavojingas \u017eavesys, 220g - MalinaShop.lt J\u016bs\u0173 sveikatai ir gro\u017eiui.<\/title>\n<meta name=\"description\" content=\"LaQ MAGNOLIA k\u016bno prausiklis ir \u0161veitiklis valo, \u0161vei\u010dia ir glotnina od\u0105. Su cukrumi ir aliejais, vegani\u0161ka formul\u0117, 220 g.\" \/>\n<meta name=\"robots\" content=\"index, follow, max-snippet:-1, max-image-preview:large, max-video-preview:-1\" \/>\n<link rel=\"canonical\" href=\"https:\/\/www.malinashop.lt\/en\/shop\/laq-kuno-prausiklis-ir-sveitiklis-magnolia-svelni-oda-pavojingas-zavesys-220g\/\" \/>\n<meta property=\"og:locale\" content=\"en_GB\" \/>\n<meta property=\"og:type\" content=\"article\" \/>\n<meta property=\"og:title\" content=\"LaQ K\u016bno prausiklis ir \u0161veitiklis MAGNOLIA \u2013 \u0160velni oda, pavojingas \u017eavesys, 220g - MalinaShop.lt J\u016bs\u0173 sveikatai ir gro\u017eiui.\" \/>\n<meta property=\"og:description\" content=\"LaQ MAGNOLIA k\u016bno prausiklis ir \u0161veitiklis valo, \u0161vei\u010dia ir glotnina od\u0105. Su cukrumi ir aliejais, vegani\u0161ka formul\u0117, 220 g.\" \/>\n<meta property=\"og:url\" content=\"https:\/\/www.malinashop.lt\/en\/shop\/laq-kuno-prausiklis-ir-sveitiklis-magnolia-svelni-oda-pavojingas-zavesys-220g\/\" \/>\n<meta property=\"og:site_name\" content=\"MalinaShop.lt J\u016bs\u0173 sveikatai ir gro\u017eiui.\" \/>\n<meta property=\"article:modified_time\" content=\"2026-05-01T16:27:29+00:00\" \/>\n<meta property=\"og:image\" content=\"https:\/\/www.malinashop.lt\/wp-content\/uploads\/2026\/05\/5902730837114-5.jpg\" \/>\n\t<meta property=\"og:image:width\" content=\"1600\" \/>\n\t<meta property=\"og:image:height\" content=\"1600\" \/>\n\t<meta property=\"og:image:type\" content=\"image\/jpeg\" \/>\n<meta name=\"twitter:card\" content=\"summary_large_image\" \/>\n<script type=\"application\/ld+json\" class=\"yoast-schema-graph\">{\"@context\":\"https:\\\/\\\/schema.org\",\"@graph\":[{\"@type\":\"WebPage\",\"@id\":\"https:\\\/\\\/www.malinashop.lt\\\/shop\\\/laq-kuno-prausiklis-ir-sveitiklis-magnolia-svelni-oda-pavojingas-zavesys-220g\\\/\",\"url\":\"https:\\\/\\\/www.malinashop.lt\\\/shop\\\/laq-kuno-prausiklis-ir-sveitiklis-magnolia-svelni-oda-pavojingas-zavesys-220g\\\/\",\"name\":\"LaQ K\u016bno prausiklis ir \u0161veitiklis MAGNOLIA \u2013 \u0160velni oda, pavojingas \u017eavesys, 220g - MalinaShop.lt J\u016bs\u0173 sveikatai ir gro\u017eiui.\",\"isPartOf\":{\"@id\":\"https:\\\/\\\/www.malinashop.lt\\\/#website\"},\"primaryImageOfPage\":{\"@id\":\"https:\\\/\\\/www.malinashop.lt\\\/shop\\\/laq-kuno-prausiklis-ir-sveitiklis-magnolia-svelni-oda-pavojingas-zavesys-220g\\\/#primaryimage\"},\"image\":{\"@id\":\"https:\\\/\\\/www.malinashop.lt\\\/shop\\\/laq-kuno-prausiklis-ir-sveitiklis-magnolia-svelni-oda-pavojingas-zavesys-220g\\\/#primaryimage\"},\"thumbnailUrl\":\"https:\\\/\\\/www.malinashop.lt\\\/wp-content\\\/uploads\\\/2026\\\/05\\\/5902730837114-5.jpg\",\"datePublished\":\"2026-05-01T16:20:21+00:00\",\"dateModified\":\"2026-05-01T16:27:29+00:00\",\"description\":\"LaQ MAGNOLIA k\u016bno prausiklis ir \u0161veitiklis valo, \u0161vei\u010dia ir glotnina od\u0105. Su cukrumi ir aliejais, vegani\u0161ka formul\u0117, 220 g.\",\"breadcrumb\":{\"@id\":\"https:\\\/\\\/www.malinashop.lt\\\/shop\\\/laq-kuno-prausiklis-ir-sveitiklis-magnolia-svelni-oda-pavojingas-zavesys-220g\\\/#breadcrumb\"},\"inLanguage\":\"en-GB\",\"potentialAction\":[{\"@type\":\"ReadAction\",\"target\":[\"https:\\\/\\\/www.malinashop.lt\\\/shop\\\/laq-kuno-prausiklis-ir-sveitiklis-magnolia-svelni-oda-pavojingas-zavesys-220g\\\/\"]}]},{\"@type\":\"ImageObject\",\"inLanguage\":\"en-GB\",\"@id\":\"https:\\\/\\\/www.malinashop.lt\\\/shop\\\/laq-kuno-prausiklis-ir-sveitiklis-magnolia-svelni-oda-pavojingas-zavesys-220g\\\/#primaryimage\",\"url\":\"https:\\\/\\\/www.malinashop.lt\\\/wp-content\\\/uploads\\\/2026\\\/05\\\/5902730837114-5.jpg\",\"contentUrl\":\"https:\\\/\\\/www.malinashop.lt\\\/wp-content\\\/uploads\\\/2026\\\/05\\\/5902730837114-5.jpg\",\"width\":1600,\"height\":1600},{\"@type\":\"BreadcrumbList\",\"@id\":\"https:\\\/\\\/www.malinashop.lt\\\/shop\\\/laq-kuno-prausiklis-ir-sveitiklis-magnolia-svelni-oda-pavojingas-zavesys-220g\\\/#breadcrumb\",\"itemListElement\":[{\"@type\":\"ListItem\",\"position\":1,\"name\":\"Pagrindinis\",\"item\":\"https:\\\/\\\/www.malinashop.lt\\\/\"},{\"@type\":\"ListItem\",\"position\":2,\"name\":\"Parduotuv\u0117\",\"item\":\"https:\\\/\\\/www.malinashop.lt\\\/en\\\/parduotuve\\\/\"},{\"@type\":\"ListItem\",\"position\":3,\"name\":\"LaQ K\u016bno prausiklis ir \u0161veitiklis MAGNOLIA \u2013 \u0160velni oda, pavojingas \u017eavesys, 220g\"}]},{\"@type\":\"WebSite\",\"@id\":\"https:\\\/\\\/www.malinashop.lt\\\/#website\",\"url\":\"https:\\\/\\\/www.malinashop.lt\\\/\",\"name\":\"COM Group Ecommerce\",\"description\":\"MalinaShop.lt - Gro\u017eio ir sveikatos produktai i\u0161 patikim\u0173 preki\u0173 \u017eenkl\u0173. Atraskite auk\u0161tos kokyb\u0117s kosmetik\u0105 u\u017e puiki\u0105 kain\u0105.\",\"publisher\":{\"@id\":\"https:\\\/\\\/www.malinashop.lt\\\/#organization\"},\"potentialAction\":[{\"@type\":\"SearchAction\",\"target\":{\"@type\":\"EntryPoint\",\"urlTemplate\":\"https:\\\/\\\/www.malinashop.lt\\\/?s={search_term_string}\"},\"query-input\":{\"@type\":\"PropertyValueSpecification\",\"valueRequired\":true,\"valueName\":\"search_term_string\"}}],\"inLanguage\":\"en-GB\"},{\"@type\":\"Organization\",\"@id\":\"https:\\\/\\\/www.malinashop.lt\\\/#organization\",\"name\":\"COM Group Ecommerce\",\"url\":\"https:\\\/\\\/www.malinashop.lt\\\/\",\"logo\":{\"@type\":\"ImageObject\",\"inLanguage\":\"en-GB\",\"@id\":\"https:\\\/\\\/www.malinashop.lt\\\/#\\\/schema\\\/logo\\\/image\\\/\",\"url\":\"https:\\\/\\\/www.malinashop.lt\\\/wp-content\\\/uploads\\\/2024\\\/08\\\/462559670_3787732518133670_9795632669273463_n-e1731525914575.png\",\"contentUrl\":\"https:\\\/\\\/www.malinashop.lt\\\/wp-content\\\/uploads\\\/2024\\\/08\\\/462559670_3787732518133670_9795632669273463_n-e1731525914575.png\",\"width\":180,\"height\":60,\"caption\":\"COM Group Ecommerce\"},\"image\":{\"@id\":\"https:\\\/\\\/www.malinashop.lt\\\/#\\\/schema\\\/logo\\\/image\\\/\"}}]}<\/script>\n<!-- \/ Yoast SEO plugin. -->","yoast_head_json":{"title":"LaQ K\u016bno prausiklis ir \u0161veitiklis MAGNOLIA \u2013 \u0160velni oda, pavojingas \u017eavesys, 220g - MalinaShop.lt J\u016bs\u0173 sveikatai ir gro\u017eiui.","description":"LaQ MAGNOLIA k\u016bno prausiklis ir \u0161veitiklis valo, \u0161vei\u010dia ir glotnina od\u0105. Su cukrumi ir aliejais, vegani\u0161ka formul\u0117, 220 g.","robots":{"index":"index","follow":"follow","max-snippet":"max-snippet:-1","max-image-preview":"max-image-preview:large","max-video-preview":"max-video-preview:-1"},"canonical":"https:\/\/www.malinashop.lt\/en\/shop\/laq-kuno-prausiklis-ir-sveitiklis-magnolia-svelni-oda-pavojingas-zavesys-220g\/","og_locale":"en_GB","og_type":"article","og_title":"LaQ K\u016bno prausiklis ir \u0161veitiklis MAGNOLIA \u2013 \u0160velni oda, pavojingas \u017eavesys, 220g - MalinaShop.lt J\u016bs\u0173 sveikatai ir gro\u017eiui.","og_description":"LaQ MAGNOLIA k\u016bno prausiklis ir \u0161veitiklis valo, \u0161vei\u010dia ir glotnina od\u0105. Su cukrumi ir aliejais, vegani\u0161ka formul\u0117, 220 g.","og_url":"https:\/\/www.malinashop.lt\/en\/shop\/laq-kuno-prausiklis-ir-sveitiklis-magnolia-svelni-oda-pavojingas-zavesys-220g\/","og_site_name":"MalinaShop.lt J\u016bs\u0173 sveikatai ir gro\u017eiui.","article_modified_time":"2026-05-01T16:27:29+00:00","og_image":[{"width":1600,"height":1600,"url":"https:\/\/www.malinashop.lt\/wp-content\/uploads\/2026\/05\/5902730837114-5.jpg","type":"image\/jpeg"}],"twitter_card":"summary_large_image","schema":{"@context":"https:\/\/schema.org","@graph":[{"@type":"WebPage","@id":"https:\/\/www.malinashop.lt\/shop\/laq-kuno-prausiklis-ir-sveitiklis-magnolia-svelni-oda-pavojingas-zavesys-220g\/","url":"https:\/\/www.malinashop.lt\/shop\/laq-kuno-prausiklis-ir-sveitiklis-magnolia-svelni-oda-pavojingas-zavesys-220g\/","name":"LaQ K\u016bno prausiklis ir \u0161veitiklis MAGNOLIA \u2013 \u0160velni oda, pavojingas \u017eavesys, 220g - MalinaShop.lt J\u016bs\u0173 sveikatai ir gro\u017eiui.","isPartOf":{"@id":"https:\/\/www.malinashop.lt\/#website"},"primaryImageOfPage":{"@id":"https:\/\/www.malinashop.lt\/shop\/laq-kuno-prausiklis-ir-sveitiklis-magnolia-svelni-oda-pavojingas-zavesys-220g\/#primaryimage"},"image":{"@id":"https:\/\/www.malinashop.lt\/shop\/laq-kuno-prausiklis-ir-sveitiklis-magnolia-svelni-oda-pavojingas-zavesys-220g\/#primaryimage"},"thumbnailUrl":"https:\/\/www.malinashop.lt\/wp-content\/uploads\/2026\/05\/5902730837114-5.jpg","datePublished":"2026-05-01T16:20:21+00:00","dateModified":"2026-05-01T16:27:29+00:00","description":"LaQ MAGNOLIA k\u016bno prausiklis ir \u0161veitiklis valo, \u0161vei\u010dia ir glotnina od\u0105. Su cukrumi ir aliejais, vegani\u0161ka formul\u0117, 220 g.","breadcrumb":{"@id":"https:\/\/www.malinashop.lt\/shop\/laq-kuno-prausiklis-ir-sveitiklis-magnolia-svelni-oda-pavojingas-zavesys-220g\/#breadcrumb"},"inLanguage":"en-GB","potentialAction":[{"@type":"ReadAction","target":["https:\/\/www.malinashop.lt\/shop\/laq-kuno-prausiklis-ir-sveitiklis-magnolia-svelni-oda-pavojingas-zavesys-220g\/"]}]},{"@type":"ImageObject","inLanguage":"en-GB","@id":"https:\/\/www.malinashop.lt\/shop\/laq-kuno-prausiklis-ir-sveitiklis-magnolia-svelni-oda-pavojingas-zavesys-220g\/#primaryimage","url":"https:\/\/www.malinashop.lt\/wp-content\/uploads\/2026\/05\/5902730837114-5.jpg","contentUrl":"https:\/\/www.malinashop.lt\/wp-content\/uploads\/2026\/05\/5902730837114-5.jpg","width":1600,"height":1600},{"@type":"BreadcrumbList","@id":"https:\/\/www.malinashop.lt\/shop\/laq-kuno-prausiklis-ir-sveitiklis-magnolia-svelni-oda-pavojingas-zavesys-220g\/#breadcrumb","itemListElement":[{"@type":"ListItem","position":1,"name":"Pagrindinis","item":"https:\/\/www.malinashop.lt\/"},{"@type":"ListItem","position":2,"name":"Parduotuv\u0117","item":"https:\/\/www.malinashop.lt\/en\/parduotuve\/"},{"@type":"ListItem","position":3,"name":"LaQ K\u016bno prausiklis ir \u0161veitiklis MAGNOLIA \u2013 \u0160velni oda, pavojingas \u017eavesys, 220g"}]},{"@type":"WebSite","@id":"https:\/\/www.malinashop.lt\/#website","url":"https:\/\/www.malinashop.lt\/","name":"COM Group Ecommerce","description":"MalinaShop.lt - Gro\u017eio ir sveikatos produktai i\u0161 patikim\u0173 preki\u0173 \u017eenkl\u0173. Atraskite auk\u0161tos kokyb\u0117s kosmetik\u0105 u\u017e puiki\u0105 kain\u0105.","publisher":{"@id":"https:\/\/www.malinashop.lt\/#organization"},"potentialAction":[{"@type":"SearchAction","target":{"@type":"EntryPoint","urlTemplate":"https:\/\/www.malinashop.lt\/?s={search_term_string}"},"query-input":{"@type":"PropertyValueSpecification","valueRequired":true,"valueName":"search_term_string"}}],"inLanguage":"en-GB"},{"@type":"Organization","@id":"https:\/\/www.malinashop.lt\/#organization","name":"COM Group Ecommerce","url":"https:\/\/www.malinashop.lt\/","logo":{"@type":"ImageObject","inLanguage":"en-GB","@id":"https:\/\/www.malinashop.lt\/#\/schema\/logo\/image\/","url":"https:\/\/www.malinashop.lt\/wp-content\/uploads\/2024\/08\/462559670_3787732518133670_9795632669273463_n-e1731525914575.png","contentUrl":"https:\/\/www.malinashop.lt\/wp-content\/uploads\/2024\/08\/462559670_3787732518133670_9795632669273463_n-e1731525914575.png","width":180,"height":60,"caption":"COM Group Ecommerce"},"image":{"@id":"https:\/\/www.malinashop.lt\/#\/schema\/logo\/image\/"}}]}},"jetpack_sharing_enabled":true,"_links":{"self":[{"href":"https:\/\/www.malinashop.lt\/en\/wp-json\/wp\/v2\/product\/77877","targetHints":{"allow":["GET"]}}],"collection":[{"href":"https:\/\/www.malinashop.lt\/en\/wp-json\/wp\/v2\/product"}],"about":[{"href":"https:\/\/www.malinashop.lt\/en\/wp-json\/wp\/v2\/types\/product"}],"version-history":[{"count":1,"href":"https:\/\/www.malinashop.lt\/en\/wp-json\/wp\/v2\/product\/77877\/revisions"}],"predecessor-version":[{"id":77880,"href":"https:\/\/www.malinashop.lt\/en\/wp-json\/wp\/v2\/product\/77877\/revisions\/77880"}],"wp:featuredmedia":[{"embeddable":true,"href":"https:\/\/www.malinashop.lt\/en\/wp-json\/wp\/v2\/media\/77878"}],"wp:attachment":[{"href":"https:\/\/www.malinashop.lt\/en\/wp-json\/wp\/v2\/media?parent=77877"}],"wp:term":[{"taxonomy":"product_brand","embeddable":true,"href":"https:\/\/www.malinashop.lt\/en\/wp-json\/wp\/v2\/product_brand?post=77877"},{"taxonomy":"product_cat","embeddable":true,"href":"https:\/\/www.malinashop.lt\/en\/wp-json\/wp\/v2\/product_cat?post=77877"},{"taxonomy":"product_tag","embeddable":true,"href":"https:\/\/www.malinashop.lt\/en\/wp-json\/wp\/v2\/product_tag?post=77877"}],"curies":[{"name":"wp","href":"https:\/\/api.w.org\/{rel}","templated":true}]}}