{"id":77529,"date":"2026-04-30T10:10:05","date_gmt":"2026-04-30T07:10:05","guid":{"rendered":"https:\/\/www.malinashop.lt\/shop\/laq-veido-valymo-musas-peony-bijunu-maitinantis-debeselis-2\/"},"modified":"2026-04-30T10:12:29","modified_gmt":"2026-04-30T07:12:29","slug":"laq-veido-valymo-musas-peony-oda-kuria-pastebi-pirmiausia-40g","status":"publish","type":"product","link":"https:\/\/www.malinashop.lt\/en\/shop\/laq-veido-valymo-musas-peony-oda-kuria-pastebi-pirmiausia-40g\/","title":{"rendered":"Laq Veido valymo musas PEONY \u2013 Oda, kuri\u0105 pastebi pirmiausia, 40g"},"content":{"rendered":"<p data-start=\"615\" data-end=\"734\">Pirmas \u012fsp\u016bdis da\u017eniausiai priklauso nuo veido. Ne nuo makia\u017eo, o nuo to, kaip atrodo pati oda \u2013 \u0161vari, lygi ir \u201egyva\u201c.<\/p>\n<p data-start=\"736\" data-end=\"1002\">LaQ <strong data-start=\"740\" data-end=\"749\">PEONY<\/strong> \u2013 nat\u016bralios, vegani\u0161kos <strong data-start=\"775\" data-end=\"801\">veido valomosios putos<\/strong>, sukurtos \u0161velniam, bet efektyviam kasdieniam valymui. Lengva, puri tekst\u016bra \u201ekaip debesis\u201c maloniai slysta ant odos ir leid\u017eia valym\u0105 paversti maloniu ritualu.<\/p>\n<p data-start=\"1004\" data-end=\"1101\">Jos pa\u0161alina ne\u0161varumus, makia\u017eo liku\u010dius ir riebal\u0173 pertekli\u0173, nepa\u017eeisdamos nat\u016bralaus odos pH.<\/p>\n<hr data-start=\"1103\" data-end=\"1106\" \/>\n<h3 data-section-id=\"9vpmbk\" data-start=\"1108\" data-end=\"1143\"><span role=\"text\"><strong data-start=\"1112\" data-end=\"1143\">K\u0105 gali padaryti d\u0117l tav\u0119s?<\/strong><\/span><\/h3>\n<p data-start=\"1145\" data-end=\"1411\">\u2714 \u0160velniai, bet efektyviai valo veido od\u0105<br data-start=\"1186\" data-end=\"1189\" \/>\u2714 Pa\u0161alina makia\u017eo ir ne\u0161varum\u0173 liku\u010dius<br data-start=\"1229\" data-end=\"1232\" \/>\u2714 Neardydamos nat\u016bralaus odos balanso<br data-start=\"1269\" data-end=\"1272\" \/>\u2714 Intensyviai dr\u0117kina ir maitina<br data-start=\"1304\" data-end=\"1307\" \/>\u2714 Palieka od\u0105 \u0161velni\u0105 ir glotni\u0105<br data-start=\"1339\" data-end=\"1342\" \/>\u2714 Tinka kasdieniam naudojimui<\/p>\n<hr data-start=\"1413\" data-end=\"1416\" \/>\n<h3 data-section-id=\"jqqc7t\" data-start=\"1418\" data-end=\"1446\"><span role=\"text\"><strong data-start=\"1422\" data-end=\"1446\">Kas slepiasi viduje?<\/strong><\/span><\/h3>\n<p data-start=\"1448\" data-end=\"1640\">\u2714 Augalinis glicerinas \u2013 intensyviam dr\u0117kinimui<br data-start=\"1495\" data-end=\"1498\" \/>\u2714 \u0160lapalas (urea) \u2013 odos komfortui<br data-start=\"1532\" data-end=\"1535\" \/>\u2714 Avie\u010di\u0173 s\u0117kl\u0173 aliejus \u2013 maitinimui<br data-start=\"1571\" data-end=\"1574\" \/>\u2714 Bij\u016bn\u0173 ekstraktas \u2013 \u0161velnumui<br data-start=\"1605\" data-end=\"1608\" \/>\u2714 Niacinamidas \u2013 odos balansui<\/p>\n<p data-start=\"1642\" data-end=\"1750\">Formul\u0117 sudaryta taip, kad oda b\u016bt\u0173 ne tik \u0161vari, bet ir pamaitinta.<\/p>\n<hr data-start=\"1752\" data-end=\"1755\" \/>\n<h3 data-section-id=\"1kvk22q\" data-start=\"1757\" data-end=\"1776\"><span role=\"text\"><strong data-start=\"1761\" data-end=\"1776\">Kvapo natos<\/strong><\/span><\/h3>\n<p data-start=\"1778\" data-end=\"1943\"><strong data-start=\"1778\" data-end=\"1793\">Vir\u0161utin\u0117s:<\/strong> apelsinas, nerolis<br data-start=\"1812\" data-end=\"1815\" \/><strong data-start=\"1815\" data-end=\"1827\">\u0160irdies:<\/strong> bij\u016bnas, jazminas, gardenija<br data-start=\"1856\" data-end=\"1859\" \/><strong data-start=\"1859\" data-end=\"1871\">Bazin\u0117s:<\/strong> pa\u010diulis, vanil\u0117, tonka pupel\u0117s<\/p>\n<p data-start=\"1945\" data-end=\"2002\">Kvapas moteri\u0161kas, eleganti\u0161kas ir \u0161iek tiek \u201eprabangus\u201c.<\/p>\n<hr data-start=\"2004\" data-end=\"2007\" \/>\n<h3 data-section-id=\"106411i\" data-start=\"2009\" data-end=\"2030\"><span role=\"text\"><strong data-start=\"2013\" data-end=\"2030\">Kaip naudoti?<\/strong><\/span><\/h3>\n<p data-start=\"2032\" data-end=\"2182\">U\u017etepk nedidel\u012f kiek\u012f ant dr\u0117gnos veido odos, \u0161velniai \u012fmasa\u017euok ir nuskalauk vandeniu. Naudok ryte ir vakare.<\/p>\n<hr data-start=\"2184\" data-end=\"2187\" \/>\n<h3 data-section-id=\"1j5u947\" data-start=\"2189\" data-end=\"2218\"><span role=\"text\"><strong data-start=\"2193\" data-end=\"2218\">Kam labiausiai tinka?<\/strong><\/span><\/h3>\n<p data-start=\"2220\" data-end=\"2331\">\u2714 Normaliai odai<br data-start=\"2236\" data-end=\"2239\" \/>\u2714 Sausai ir jautriai odai<br data-start=\"2264\" data-end=\"2267\" \/>\u2714 Kasdieniam \u0161velniam valymui<br data-start=\"2296\" data-end=\"2299\" \/>\u2714 Kai reikia daugiau dr\u0117kinimo<\/p>\n<hr data-start=\"2333\" data-end=\"2336\" \/>\n<h3 data-section-id=\"1eeh0m\" data-start=\"2338\" data-end=\"2363\"><span role=\"text\"><strong data-start=\"2342\" data-end=\"2363\">K\u0105 kalba miestas?<\/strong><\/span><\/h3>\n<p data-start=\"2365\" data-end=\"2435\">Ji nieko nekeit\u0117.<br data-start=\"2382\" data-end=\"2385\" \/>Tik prad\u0117jo r\u016bpintis oda.<br data-start=\"2410\" data-end=\"2413\" \/>Ir visi tai pasteb\u0117jo.<\/p>\n<hr data-start=\"2437\" data-end=\"2440\" \/>\n<h3 data-section-id=\"1i0hpke\" data-start=\"2442\" data-end=\"2455\"><span role=\"text\"><strong data-start=\"2446\" data-end=\"2455\">Talpa<\/strong><\/span><\/h3>\n<p data-start=\"2457\" data-end=\"2461\">40 g<\/p>\n<hr data-start=\"2463\" data-end=\"2466\" \/>\n<p data-start=\"2468\" data-end=\"2509\"><strong data-start=\"2468\" data-end=\"2509\">Kai oda gera \u2013 nereikia nieko sl\u0117pti.<\/strong><\/p>\n<hr \/>\n<p><strong>Laq \u2014 kosmetika, kuri nesivar\u017eo.<\/strong> Nat\u016brali. Vegani\u0161ka. Dermatologi\u0161kai testuota. <strong>Puiki nestandartin\u0117 dovana tiems, kurie visk\u0105 turi.<\/strong><\/p>\n","protected":false},"excerpt":{"rendered":"<p data-start=\"364\" data-end=\"514\">Kai oda atrodo pri\u017ei\u016br\u0117ta \u2013 viskas atrodo geriau. LaQ <strong data-start=\"418\" data-end=\"427\">PEONY<\/strong> veido putos \u0161velniai valo, dr\u0117kina ir palieka od\u0105 mink\u0161t\u0105 bei glotni\u0105 kiekvien\u0105 dien\u0105.<\/p>\n","protected":false},"featured_media":77805,"template":"","meta":[],"product_brand":[1699],"product_cat":[1698,537,728],"product_tag":[],"class_list":{"0":"post-77529","1":"product","2":"type-product","3":"status-publish","4":"has-post-thumbnail","6":"product_brand-laq","7":"product_cat-veido-prieziura","8":"product_cat-veido-valymo-priemones","9":"product_cat-veidui","11":"first","12":"instock","13":"taxable","14":"shipping-taxable","15":"purchasable","16":"product-type-simple"},"yoast_head":"<!-- This site is optimized with the Yoast SEO plugin v27.5 - https:\/\/yoast.com\/product\/yoast-seo-wordpress\/ -->\n<title>Laq Veido valymo musas PEONY \u2013 Oda, kuri\u0105 pastebi pirmiausia, 40g - MalinaShop.lt J\u016bs\u0173 sveikatai ir gro\u017eiui.<\/title>\n<meta name=\"description\" content=\"LaQ PEONY veido putos \u0161velniai valo, dr\u0117kina ir maitina od\u0105. Su bij\u016bn\u0173 ekstraktu, vegani\u0161ka formul\u0117, 40 g. Pirkti MalinaShop.lt\" \/>\n<meta name=\"robots\" content=\"index, follow, max-snippet:-1, max-image-preview:large, max-video-preview:-1\" \/>\n<link rel=\"canonical\" href=\"https:\/\/www.malinashop.lt\/en\/shop\/laq-veido-valymo-musas-peony-oda-kuria-pastebi-pirmiausia-40g\/\" \/>\n<meta property=\"og:locale\" content=\"en_GB\" \/>\n<meta property=\"og:type\" content=\"article\" \/>\n<meta property=\"og:title\" content=\"Laq Veido valymo musas PEONY \u2013 Oda, kuri\u0105 pastebi pirmiausia, 40g - MalinaShop.lt J\u016bs\u0173 sveikatai ir gro\u017eiui.\" \/>\n<meta property=\"og:description\" content=\"LaQ PEONY veido putos \u0161velniai valo, dr\u0117kina ir maitina od\u0105. Su bij\u016bn\u0173 ekstraktu, vegani\u0161ka formul\u0117, 40 g. Pirkti MalinaShop.lt\" \/>\n<meta property=\"og:url\" content=\"https:\/\/www.malinashop.lt\/en\/shop\/laq-veido-valymo-musas-peony-oda-kuria-pastebi-pirmiausia-40g\/\" \/>\n<meta property=\"og:site_name\" content=\"MalinaShop.lt J\u016bs\u0173 sveikatai ir gro\u017eiui.\" \/>\n<meta property=\"article:modified_time\" content=\"2026-04-30T07:12:29+00:00\" \/>\n<meta property=\"og:image\" content=\"https:\/\/www.malinashop.lt\/wp-content\/uploads\/2026\/04\/Laq-Veido-valymo-musas-PEONY-\u2013-Oda-kuria-pastebi-pirmiausia-40g1.jpg\" \/>\n\t<meta property=\"og:image:width\" content=\"1536\" \/>\n\t<meta property=\"og:image:height\" content=\"1536\" \/>\n\t<meta property=\"og:image:type\" content=\"image\/jpeg\" \/>\n<meta name=\"twitter:card\" content=\"summary_large_image\" \/>\n<script type=\"application\/ld+json\" class=\"yoast-schema-graph\">{\"@context\":\"https:\\\/\\\/schema.org\",\"@graph\":[{\"@type\":\"WebPage\",\"@id\":\"https:\\\/\\\/www.malinashop.lt\\\/shop\\\/laq-veido-valymo-musas-peony-oda-kuria-pastebi-pirmiausia-40g\\\/\",\"url\":\"https:\\\/\\\/www.malinashop.lt\\\/shop\\\/laq-veido-valymo-musas-peony-oda-kuria-pastebi-pirmiausia-40g\\\/\",\"name\":\"Laq Veido valymo musas PEONY \u2013 Oda, kuri\u0105 pastebi pirmiausia, 40g - MalinaShop.lt J\u016bs\u0173 sveikatai ir gro\u017eiui.\",\"isPartOf\":{\"@id\":\"https:\\\/\\\/www.malinashop.lt\\\/#website\"},\"primaryImageOfPage\":{\"@id\":\"https:\\\/\\\/www.malinashop.lt\\\/shop\\\/laq-veido-valymo-musas-peony-oda-kuria-pastebi-pirmiausia-40g\\\/#primaryimage\"},\"image\":{\"@id\":\"https:\\\/\\\/www.malinashop.lt\\\/shop\\\/laq-veido-valymo-musas-peony-oda-kuria-pastebi-pirmiausia-40g\\\/#primaryimage\"},\"thumbnailUrl\":\"https:\\\/\\\/www.malinashop.lt\\\/wp-content\\\/uploads\\\/2026\\\/04\\\/Laq-Veido-valymo-musas-PEONY-\u2013-Oda-kuria-pastebi-pirmiausia-40g1.jpg\",\"datePublished\":\"2026-04-30T07:10:05+00:00\",\"dateModified\":\"2026-04-30T07:12:29+00:00\",\"description\":\"LaQ PEONY veido putos \u0161velniai valo, dr\u0117kina ir maitina od\u0105. Su bij\u016bn\u0173 ekstraktu, vegani\u0161ka formul\u0117, 40 g. Pirkti MalinaShop.lt\",\"breadcrumb\":{\"@id\":\"https:\\\/\\\/www.malinashop.lt\\\/shop\\\/laq-veido-valymo-musas-peony-oda-kuria-pastebi-pirmiausia-40g\\\/#breadcrumb\"},\"inLanguage\":\"en-GB\",\"potentialAction\":[{\"@type\":\"ReadAction\",\"target\":[\"https:\\\/\\\/www.malinashop.lt\\\/shop\\\/laq-veido-valymo-musas-peony-oda-kuria-pastebi-pirmiausia-40g\\\/\"]}]},{\"@type\":\"ImageObject\",\"inLanguage\":\"en-GB\",\"@id\":\"https:\\\/\\\/www.malinashop.lt\\\/shop\\\/laq-veido-valymo-musas-peony-oda-kuria-pastebi-pirmiausia-40g\\\/#primaryimage\",\"url\":\"https:\\\/\\\/www.malinashop.lt\\\/wp-content\\\/uploads\\\/2026\\\/04\\\/Laq-Veido-valymo-musas-PEONY-\u2013-Oda-kuria-pastebi-pirmiausia-40g1.jpg\",\"contentUrl\":\"https:\\\/\\\/www.malinashop.lt\\\/wp-content\\\/uploads\\\/2026\\\/04\\\/Laq-Veido-valymo-musas-PEONY-\u2013-Oda-kuria-pastebi-pirmiausia-40g1.jpg\",\"width\":1536,\"height\":1536},{\"@type\":\"BreadcrumbList\",\"@id\":\"https:\\\/\\\/www.malinashop.lt\\\/shop\\\/laq-veido-valymo-musas-peony-oda-kuria-pastebi-pirmiausia-40g\\\/#breadcrumb\",\"itemListElement\":[{\"@type\":\"ListItem\",\"position\":1,\"name\":\"Pagrindinis\",\"item\":\"https:\\\/\\\/www.malinashop.lt\\\/lt_lt\\\/\"},{\"@type\":\"ListItem\",\"position\":2,\"name\":\"Parduotuv\u0117\",\"item\":\"https:\\\/\\\/www.malinashop.lt\\\/en\\\/parduotuve\\\/\"},{\"@type\":\"ListItem\",\"position\":3,\"name\":\"Laq Veido valymo musas PEONY \u2013 Oda, kuri\u0105 pastebi pirmiausia, 40g\"}]},{\"@type\":\"WebSite\",\"@id\":\"https:\\\/\\\/www.malinashop.lt\\\/#website\",\"url\":\"https:\\\/\\\/www.malinashop.lt\\\/\",\"name\":\"COM Group Ecommerce\",\"description\":\"MalinaShop.lt - Gro\u017eio ir sveikatos produktai i\u0161 patikim\u0173 preki\u0173 \u017eenkl\u0173. Atraskite auk\u0161tos kokyb\u0117s kosmetik\u0105 u\u017e puiki\u0105 kain\u0105.\",\"publisher\":{\"@id\":\"https:\\\/\\\/www.malinashop.lt\\\/#organization\"},\"potentialAction\":[{\"@type\":\"SearchAction\",\"target\":{\"@type\":\"EntryPoint\",\"urlTemplate\":\"https:\\\/\\\/www.malinashop.lt\\\/?s={search_term_string}\"},\"query-input\":{\"@type\":\"PropertyValueSpecification\",\"valueRequired\":true,\"valueName\":\"search_term_string\"}}],\"inLanguage\":\"en-GB\"},{\"@type\":\"Organization\",\"@id\":\"https:\\\/\\\/www.malinashop.lt\\\/#organization\",\"name\":\"COM Group Ecommerce\",\"url\":\"https:\\\/\\\/www.malinashop.lt\\\/\",\"logo\":{\"@type\":\"ImageObject\",\"inLanguage\":\"en-GB\",\"@id\":\"https:\\\/\\\/www.malinashop.lt\\\/#\\\/schema\\\/logo\\\/image\\\/\",\"url\":\"https:\\\/\\\/www.malinashop.lt\\\/wp-content\\\/uploads\\\/2024\\\/08\\\/462559670_3787732518133670_9795632669273463_n-e1731525914575.png\",\"contentUrl\":\"https:\\\/\\\/www.malinashop.lt\\\/wp-content\\\/uploads\\\/2024\\\/08\\\/462559670_3787732518133670_9795632669273463_n-e1731525914575.png\",\"width\":180,\"height\":60,\"caption\":\"COM Group Ecommerce\"},\"image\":{\"@id\":\"https:\\\/\\\/www.malinashop.lt\\\/#\\\/schema\\\/logo\\\/image\\\/\"}}]}<\/script>\n<!-- \/ Yoast SEO plugin. -->","yoast_head_json":{"title":"Laq Veido valymo musas PEONY \u2013 Oda, kuri\u0105 pastebi pirmiausia, 40g - MalinaShop.lt J\u016bs\u0173 sveikatai ir gro\u017eiui.","description":"LaQ PEONY veido putos \u0161velniai valo, dr\u0117kina ir maitina od\u0105. Su bij\u016bn\u0173 ekstraktu, vegani\u0161ka formul\u0117, 40 g. Pirkti MalinaShop.lt","robots":{"index":"index","follow":"follow","max-snippet":"max-snippet:-1","max-image-preview":"max-image-preview:large","max-video-preview":"max-video-preview:-1"},"canonical":"https:\/\/www.malinashop.lt\/en\/shop\/laq-veido-valymo-musas-peony-oda-kuria-pastebi-pirmiausia-40g\/","og_locale":"en_GB","og_type":"article","og_title":"Laq Veido valymo musas PEONY \u2013 Oda, kuri\u0105 pastebi pirmiausia, 40g - MalinaShop.lt J\u016bs\u0173 sveikatai ir gro\u017eiui.","og_description":"LaQ PEONY veido putos \u0161velniai valo, dr\u0117kina ir maitina od\u0105. Su bij\u016bn\u0173 ekstraktu, vegani\u0161ka formul\u0117, 40 g. Pirkti MalinaShop.lt","og_url":"https:\/\/www.malinashop.lt\/en\/shop\/laq-veido-valymo-musas-peony-oda-kuria-pastebi-pirmiausia-40g\/","og_site_name":"MalinaShop.lt J\u016bs\u0173 sveikatai ir gro\u017eiui.","article_modified_time":"2026-04-30T07:12:29+00:00","og_image":[{"width":1536,"height":1536,"url":"https:\/\/www.malinashop.lt\/wp-content\/uploads\/2026\/04\/Laq-Veido-valymo-musas-PEONY-\u2013-Oda-kuria-pastebi-pirmiausia-40g1.jpg","type":"image\/jpeg"}],"twitter_card":"summary_large_image","schema":{"@context":"https:\/\/schema.org","@graph":[{"@type":"WebPage","@id":"https:\/\/www.malinashop.lt\/shop\/laq-veido-valymo-musas-peony-oda-kuria-pastebi-pirmiausia-40g\/","url":"https:\/\/www.malinashop.lt\/shop\/laq-veido-valymo-musas-peony-oda-kuria-pastebi-pirmiausia-40g\/","name":"Laq Veido valymo musas PEONY \u2013 Oda, kuri\u0105 pastebi pirmiausia, 40g - MalinaShop.lt J\u016bs\u0173 sveikatai ir gro\u017eiui.","isPartOf":{"@id":"https:\/\/www.malinashop.lt\/#website"},"primaryImageOfPage":{"@id":"https:\/\/www.malinashop.lt\/shop\/laq-veido-valymo-musas-peony-oda-kuria-pastebi-pirmiausia-40g\/#primaryimage"},"image":{"@id":"https:\/\/www.malinashop.lt\/shop\/laq-veido-valymo-musas-peony-oda-kuria-pastebi-pirmiausia-40g\/#primaryimage"},"thumbnailUrl":"https:\/\/www.malinashop.lt\/wp-content\/uploads\/2026\/04\/Laq-Veido-valymo-musas-PEONY-\u2013-Oda-kuria-pastebi-pirmiausia-40g1.jpg","datePublished":"2026-04-30T07:10:05+00:00","dateModified":"2026-04-30T07:12:29+00:00","description":"LaQ PEONY veido putos \u0161velniai valo, dr\u0117kina ir maitina od\u0105. Su bij\u016bn\u0173 ekstraktu, vegani\u0161ka formul\u0117, 40 g. Pirkti MalinaShop.lt","breadcrumb":{"@id":"https:\/\/www.malinashop.lt\/shop\/laq-veido-valymo-musas-peony-oda-kuria-pastebi-pirmiausia-40g\/#breadcrumb"},"inLanguage":"en-GB","potentialAction":[{"@type":"ReadAction","target":["https:\/\/www.malinashop.lt\/shop\/laq-veido-valymo-musas-peony-oda-kuria-pastebi-pirmiausia-40g\/"]}]},{"@type":"ImageObject","inLanguage":"en-GB","@id":"https:\/\/www.malinashop.lt\/shop\/laq-veido-valymo-musas-peony-oda-kuria-pastebi-pirmiausia-40g\/#primaryimage","url":"https:\/\/www.malinashop.lt\/wp-content\/uploads\/2026\/04\/Laq-Veido-valymo-musas-PEONY-\u2013-Oda-kuria-pastebi-pirmiausia-40g1.jpg","contentUrl":"https:\/\/www.malinashop.lt\/wp-content\/uploads\/2026\/04\/Laq-Veido-valymo-musas-PEONY-\u2013-Oda-kuria-pastebi-pirmiausia-40g1.jpg","width":1536,"height":1536},{"@type":"BreadcrumbList","@id":"https:\/\/www.malinashop.lt\/shop\/laq-veido-valymo-musas-peony-oda-kuria-pastebi-pirmiausia-40g\/#breadcrumb","itemListElement":[{"@type":"ListItem","position":1,"name":"Pagrindinis","item":"https:\/\/www.malinashop.lt\/lt_lt\/"},{"@type":"ListItem","position":2,"name":"Parduotuv\u0117","item":"https:\/\/www.malinashop.lt\/en\/parduotuve\/"},{"@type":"ListItem","position":3,"name":"Laq Veido valymo musas PEONY \u2013 Oda, kuri\u0105 pastebi pirmiausia, 40g"}]},{"@type":"WebSite","@id":"https:\/\/www.malinashop.lt\/#website","url":"https:\/\/www.malinashop.lt\/","name":"COM Group Ecommerce","description":"MalinaShop.lt - Gro\u017eio ir sveikatos produktai i\u0161 patikim\u0173 preki\u0173 \u017eenkl\u0173. Atraskite auk\u0161tos kokyb\u0117s kosmetik\u0105 u\u017e puiki\u0105 kain\u0105.","publisher":{"@id":"https:\/\/www.malinashop.lt\/#organization"},"potentialAction":[{"@type":"SearchAction","target":{"@type":"EntryPoint","urlTemplate":"https:\/\/www.malinashop.lt\/?s={search_term_string}"},"query-input":{"@type":"PropertyValueSpecification","valueRequired":true,"valueName":"search_term_string"}}],"inLanguage":"en-GB"},{"@type":"Organization","@id":"https:\/\/www.malinashop.lt\/#organization","name":"COM Group Ecommerce","url":"https:\/\/www.malinashop.lt\/","logo":{"@type":"ImageObject","inLanguage":"en-GB","@id":"https:\/\/www.malinashop.lt\/#\/schema\/logo\/image\/","url":"https:\/\/www.malinashop.lt\/wp-content\/uploads\/2024\/08\/462559670_3787732518133670_9795632669273463_n-e1731525914575.png","contentUrl":"https:\/\/www.malinashop.lt\/wp-content\/uploads\/2024\/08\/462559670_3787732518133670_9795632669273463_n-e1731525914575.png","width":180,"height":60,"caption":"COM Group Ecommerce"},"image":{"@id":"https:\/\/www.malinashop.lt\/#\/schema\/logo\/image\/"}}]}},"jetpack_sharing_enabled":true,"_links":{"self":[{"href":"https:\/\/www.malinashop.lt\/en\/wp-json\/wp\/v2\/product\/77529","targetHints":{"allow":["GET"]}}],"collection":[{"href":"https:\/\/www.malinashop.lt\/en\/wp-json\/wp\/v2\/product"}],"about":[{"href":"https:\/\/www.malinashop.lt\/en\/wp-json\/wp\/v2\/types\/product"}],"version-history":[{"count":2,"href":"https:\/\/www.malinashop.lt\/en\/wp-json\/wp\/v2\/product\/77529\/revisions"}],"predecessor-version":[{"id":77807,"href":"https:\/\/www.malinashop.lt\/en\/wp-json\/wp\/v2\/product\/77529\/revisions\/77807"}],"wp:featuredmedia":[{"embeddable":true,"href":"https:\/\/www.malinashop.lt\/en\/wp-json\/wp\/v2\/media\/77805"}],"wp:attachment":[{"href":"https:\/\/www.malinashop.lt\/en\/wp-json\/wp\/v2\/media?parent=77529"}],"wp:term":[{"taxonomy":"product_brand","embeddable":true,"href":"https:\/\/www.malinashop.lt\/en\/wp-json\/wp\/v2\/product_brand?post=77529"},{"taxonomy":"product_cat","embeddable":true,"href":"https:\/\/www.malinashop.lt\/en\/wp-json\/wp\/v2\/product_cat?post=77529"},{"taxonomy":"product_tag","embeddable":true,"href":"https:\/\/www.malinashop.lt\/en\/wp-json\/wp\/v2\/product_tag?post=77529"}],"curies":[{"name":"wp","href":"https:\/\/api.w.org\/{rel}","templated":true}]}}