{"id":77528,"date":"2026-04-30T09:59:02","date_gmt":"2026-04-30T06:59:02","guid":{"rendered":"https:\/\/www.malinashop.lt\/shop\/laq-veido-valymo-musas-passion-fruit-marakujos-drekinantis-debeselis-2\/"},"modified":"2026-04-30T10:08:18","modified_gmt":"2026-04-30T07:08:18","slug":"laq-veido-putos-passion-fruit-oda-kuria-norisi-liesti-40g","status":"publish","type":"product","link":"https:\/\/www.malinashop.lt\/en\/shop\/laq-veido-putos-passion-fruit-oda-kuria-norisi-liesti-40g\/","title":{"rendered":"LaQ Veido putos PASSION FRUIT \u2013 Oda, kuri\u0105 norisi liesti, 40g"},"content":{"rendered":"<p>Veido oda reaguoja \u012f visk\u0105 \u2013 stres\u0105, or\u0105, makia\u017e\u0105, nuovarg\u012f. Tod\u0117l svarbu ne tik j\u0105 nuplauti, bet ir nepa\u017eeisti jos balanso.<\/p>\n<div class=\"text-base my-auto mx-auto [--thread-content-margin:var(--thread-content-margin-xs,calc(var(--spacing)*4))] @w-sm\/main:[--thread-content-margin:var(--thread-content-margin-sm,calc(var(--spacing)*6))] @w-lg\/main:[--thread-content-margin:var(--thread-content-margin-lg,calc(var(--spacing)*16))] px-(--thread-content-margin)\">\n<div class=\"[--thread-content-max-width:40rem] @w-lg\/main:[--thread-content-max-width:48rem] mx-auto max-w-(--thread-content-max-width) flex-1 group\/turn-messages focus-visible:outline-hidden relative flex w-full min-w-0 flex-col agent-turn\">\n<div class=\"flex max-w-full flex-col gap-4 grow\">\n<div class=\"min-h-8 text-message relative flex w-full flex-col items-end gap-2 text-start break-words whitespace-normal outline-none keyboard-focused:focus-ring [.text-message+&]:mt-1\" dir=\"auto\" data-message-author-role=\"assistant\" data-message-id=\"4e71a9e3-19e6-4fa4-9e58-795efc35e975\" data-message-model-slug=\"gpt-5-3\">\n<div class=\"flex w-full flex-col gap-1 empty:hidden\">\n<div class=\"markdown prose dark:prose-invert w-full wrap-break-word dark markdown-new-styling\">\n<p data-start=\"829\" data-end=\"1107\">LaQ <strong data-start=\"833\" data-end=\"850\">PASSION FRUIT<\/strong> \u2013 nat\u016bralios, vegani\u0161kos <strong data-start=\"876\" data-end=\"902\">veido valomosios putos<\/strong>, sukurtos \u0161velniam, bet efektyviam kasdieniam valymui. Lengva, \u201edebes\u0117lio\u201c tekst\u016bra maloniai pasiskirsto ant odos, pa\u0161alina ne\u0161varumus ir nepalieka tempimo poj\u016b\u010dio.<\/p>\n<p data-start=\"1109\" data-end=\"1167\">Po naudojimo oda i\u0161lieka \u0161vari, sudr\u0117kinta ir komforti\u0161ka.<\/p>\n<hr data-start=\"1169\" data-end=\"1172\" \/>\n<h3 data-section-id=\"9vpmbk\" data-start=\"1174\" data-end=\"1209\"><span role=\"text\"><strong data-start=\"1178\" data-end=\"1209\">K\u0105 gali padaryti d\u0117l tav\u0119s?<\/strong><\/span><\/h3>\n<p data-start=\"1211\" data-end=\"1454\">\u2714 \u0160velniai valo veido od\u0105<br data-start=\"1236\" data-end=\"1239\" \/>\u2714 Pa\u0161alina ne\u0161varumus ir makia\u017eo liku\u010dius<br data-start=\"1280\" data-end=\"1283\" \/>\u2714 Neardydamos nat\u016bralaus odos pH balanso<br data-start=\"1323\" data-end=\"1326\" \/>\u2714 Intensyviai dr\u0117kina<br data-start=\"1347\" data-end=\"1350\" \/>\u2714 Palieka od\u0105 mink\u0161t\u0105 ir glotni\u0105<br data-start=\"1382\" data-end=\"1385\" \/>\u2714 Tinka kasdieniam naudojimui<\/p>\n<hr data-start=\"1456\" data-end=\"1459\" \/>\n<h3 data-section-id=\"jqqc7t\" data-start=\"1461\" data-end=\"1489\"><span role=\"text\"><strong data-start=\"1465\" data-end=\"1489\">Kas slepiasi viduje?<\/strong><\/span><\/h3>\n<p data-start=\"1491\" data-end=\"1695\">\u2714 Hialurono r\u016bg\u0161tis \u2013 intensyviam dr\u0117kinimui<br data-start=\"1535\" data-end=\"1538\" \/>\u2714 Augalinis glicerinas \u2013 dr\u0117gm\u0117s palaikymui<br data-start=\"1581\" data-end=\"1584\" \/>\u2714 D-pantenolis \u2013 odos raminimui<br data-start=\"1615\" data-end=\"1618\" \/>\u2714 Taukmed\u017eio sviestas \u2013 maitinimui<br data-start=\"1652\" data-end=\"1655\" \/>\u2714 Pasiflor\u0173 (passion fruit) ekstraktas<\/p>\n<p data-start=\"1697\" data-end=\"1802\">\u0160i kombinacija leid\u017eia ne tik nuvalyti od\u0105, bet ir j\u0105 pri\u017ei\u016br\u0117ti.<\/p>\n<hr data-start=\"1804\" data-end=\"1807\" \/>\n<h3 data-section-id=\"1dlvw32\" data-start=\"1809\" data-end=\"1834\"><span role=\"text\"><strong data-start=\"1813\" data-end=\"1834\">Kvapo charakteris<\/strong><\/span><\/h3>\n<p data-start=\"1836\" data-end=\"1966\">Gaivus, sultingas pasiflor\u0173 aromatas \u2013 vaisinis, lengvas ir malonus kasdieniam naudojimui.<\/p>\n<hr data-start=\"1968\" data-end=\"1971\" \/>\n<h3 data-section-id=\"106411i\" data-start=\"1973\" data-end=\"1994\"><span role=\"text\"><strong data-start=\"1977\" data-end=\"1994\">Kaip naudoti?<\/strong><\/span><\/h3>\n<p data-start=\"1996\" data-end=\"2160\">U\u017etepk nedidel\u012f kiek\u012f ant dr\u0117gnos veido odos, \u012fmasa\u017euok sukamaisiais judesiais ir nuskalauk vandeniu. Naudok ryte ir vakare.<\/p>\n<hr data-start=\"2162\" data-end=\"2165\" \/>\n<h3 data-section-id=\"1j5u947\" data-start=\"2167\" data-end=\"2196\"><span role=\"text\"><strong data-start=\"2171\" data-end=\"2196\">Kam labiausiai tinka?<\/strong><\/span><\/h3>\n<p data-start=\"2198\" data-end=\"2358\">\u2714 Normaliai odai<br data-start=\"2214\" data-end=\"2217\" \/>\u2714 Sausai ir jautriai odai<br data-start=\"2242\" data-end=\"2245\" \/>\u2714 Kasdieniam \u0161velniam valymui<br data-start=\"2274\" data-end=\"2277\" \/>\u2714 Kai reikia dr\u0117kinan\u010dio veido prausiklio<\/p>\n<hr data-start=\"2360\" data-end=\"2363\" \/>\n<h3 data-section-id=\"1i0hpke\" data-start=\"2365\" data-end=\"2378\"><span role=\"text\"><strong data-start=\"2369\" data-end=\"2378\">Talpa<\/strong><\/span><\/h3>\n<p data-start=\"2380\" data-end=\"2384\">40 g<\/p>\n<hr data-start=\"2386\" data-end=\"2389\" \/>\n<p data-start=\"2391\" data-end=\"2439\"><strong data-start=\"2391\" data-end=\"2439\">Kai veidas \u0161varus \u2013 viskas prasideda nuo jo.<\/strong><\/p>\n<\/div>\n<\/div>\n<\/div>\n<\/div>\n<\/div>\n<\/div>\n<p><strong>Laq \u2014 kosmetika, kuri nesivar\u017eo.<\/strong> Nat\u016brali. Vegani\u0161ka. Dermatologi\u0161kai testuota. <strong>Puiki nestandartin\u0117 dovana tiems, kurie visk\u0105 turi.<\/strong><\/p>\n","protected":false},"excerpt":{"rendered":"<p data-start=\"416\" data-end=\"586\">Kai oda reikalauja \u0161velnumo, bet ir rezultato \u2013 reikia tinkamo veido valiklio. LaQ <strong data-start=\"499\" data-end=\"516\">PASSION FRUIT<\/strong> veido putos \u0161velniai valo, dr\u0117kina ir palieka od\u0105 gaivi\u0105 bei mink\u0161t\u0105.<\/p>\n","protected":false},"featured_media":77800,"template":"","meta":[],"product_brand":[1699],"product_cat":[1698,537,728],"product_tag":[],"class_list":{"0":"post-77528","1":"product","2":"type-product","3":"status-publish","4":"has-post-thumbnail","6":"product_brand-laq","7":"product_cat-veido-prieziura","8":"product_cat-veido-valymo-priemones","9":"product_cat-veidui","11":"first","12":"instock","13":"taxable","14":"shipping-taxable","15":"purchasable","16":"product-type-simple"},"yoast_head":"<!-- This site is optimized with the Yoast SEO plugin v27.5 - https:\/\/yoast.com\/product\/yoast-seo-wordpress\/ -->\n<title>LaQ Veido putos PASSION FRUIT \u2013 Oda, kuri\u0105 norisi liesti, 40g - MalinaShop.lt J\u016bs\u0173 sveikatai ir gro\u017eiui.<\/title>\n<meta name=\"description\" content=\"LaQ PASSION FRUIT veido putos \u0161velniai valo, dr\u0117kina ir saugo odos balans\u0105. Vaisinis aromatas, vegani\u0161ka formul\u0117, 40 g. MalinaShop.lt\" \/>\n<meta name=\"robots\" content=\"index, follow, max-snippet:-1, max-image-preview:large, max-video-preview:-1\" \/>\n<link rel=\"canonical\" href=\"https:\/\/www.malinashop.lt\/en\/shop\/laq-veido-putos-passion-fruit-oda-kuria-norisi-liesti-40g\/\" \/>\n<meta property=\"og:locale\" content=\"en_GB\" \/>\n<meta property=\"og:type\" content=\"article\" \/>\n<meta property=\"og:title\" content=\"LaQ Veido putos PASSION FRUIT \u2013 Oda, kuri\u0105 norisi liesti, 40g - MalinaShop.lt J\u016bs\u0173 sveikatai ir gro\u017eiui.\" \/>\n<meta property=\"og:description\" content=\"LaQ PASSION FRUIT veido putos \u0161velniai valo, dr\u0117kina ir saugo odos balans\u0105. Vaisinis aromatas, vegani\u0161ka formul\u0117, 40 g. MalinaShop.lt\" \/>\n<meta property=\"og:url\" content=\"https:\/\/www.malinashop.lt\/en\/shop\/laq-veido-putos-passion-fruit-oda-kuria-norisi-liesti-40g\/\" \/>\n<meta property=\"og:site_name\" content=\"MalinaShop.lt J\u016bs\u0173 sveikatai ir gro\u017eiui.\" \/>\n<meta property=\"article:modified_time\" content=\"2026-04-30T07:08:18+00:00\" \/>\n<meta property=\"og:image\" content=\"https:\/\/www.malinashop.lt\/wp-content\/uploads\/2026\/04\/LaQ-Veido-putos-PASSION-FRUIT-\u2013-Oda-kuria-norisi-liesti-40g.jpg\" \/>\n\t<meta property=\"og:image:width\" content=\"1536\" \/>\n\t<meta property=\"og:image:height\" content=\"1536\" \/>\n\t<meta property=\"og:image:type\" content=\"image\/jpeg\" \/>\n<meta name=\"twitter:card\" content=\"summary_large_image\" \/>\n<script type=\"application\/ld+json\" class=\"yoast-schema-graph\">{\"@context\":\"https:\\\/\\\/schema.org\",\"@graph\":[{\"@type\":\"WebPage\",\"@id\":\"https:\\\/\\\/www.malinashop.lt\\\/shop\\\/laq-veido-putos-passion-fruit-oda-kuria-norisi-liesti-40g\\\/\",\"url\":\"https:\\\/\\\/www.malinashop.lt\\\/shop\\\/laq-veido-putos-passion-fruit-oda-kuria-norisi-liesti-40g\\\/\",\"name\":\"LaQ Veido putos PASSION FRUIT \u2013 Oda, kuri\u0105 norisi liesti, 40g - MalinaShop.lt J\u016bs\u0173 sveikatai ir gro\u017eiui.\",\"isPartOf\":{\"@id\":\"https:\\\/\\\/www.malinashop.lt\\\/#website\"},\"primaryImageOfPage\":{\"@id\":\"https:\\\/\\\/www.malinashop.lt\\\/shop\\\/laq-veido-putos-passion-fruit-oda-kuria-norisi-liesti-40g\\\/#primaryimage\"},\"image\":{\"@id\":\"https:\\\/\\\/www.malinashop.lt\\\/shop\\\/laq-veido-putos-passion-fruit-oda-kuria-norisi-liesti-40g\\\/#primaryimage\"},\"thumbnailUrl\":\"https:\\\/\\\/www.malinashop.lt\\\/wp-content\\\/uploads\\\/2026\\\/04\\\/LaQ-Veido-putos-PASSION-FRUIT-\u2013-Oda-kuria-norisi-liesti-40g.jpg\",\"datePublished\":\"2026-04-30T06:59:02+00:00\",\"dateModified\":\"2026-04-30T07:08:18+00:00\",\"description\":\"LaQ PASSION FRUIT veido putos \u0161velniai valo, dr\u0117kina ir saugo odos balans\u0105. Vaisinis aromatas, vegani\u0161ka formul\u0117, 40 g. MalinaShop.lt\",\"breadcrumb\":{\"@id\":\"https:\\\/\\\/www.malinashop.lt\\\/shop\\\/laq-veido-putos-passion-fruit-oda-kuria-norisi-liesti-40g\\\/#breadcrumb\"},\"inLanguage\":\"en-GB\",\"potentialAction\":[{\"@type\":\"ReadAction\",\"target\":[\"https:\\\/\\\/www.malinashop.lt\\\/shop\\\/laq-veido-putos-passion-fruit-oda-kuria-norisi-liesti-40g\\\/\"]}]},{\"@type\":\"ImageObject\",\"inLanguage\":\"en-GB\",\"@id\":\"https:\\\/\\\/www.malinashop.lt\\\/shop\\\/laq-veido-putos-passion-fruit-oda-kuria-norisi-liesti-40g\\\/#primaryimage\",\"url\":\"https:\\\/\\\/www.malinashop.lt\\\/wp-content\\\/uploads\\\/2026\\\/04\\\/LaQ-Veido-putos-PASSION-FRUIT-\u2013-Oda-kuria-norisi-liesti-40g.jpg\",\"contentUrl\":\"https:\\\/\\\/www.malinashop.lt\\\/wp-content\\\/uploads\\\/2026\\\/04\\\/LaQ-Veido-putos-PASSION-FRUIT-\u2013-Oda-kuria-norisi-liesti-40g.jpg\",\"width\":1536,\"height\":1536},{\"@type\":\"BreadcrumbList\",\"@id\":\"https:\\\/\\\/www.malinashop.lt\\\/shop\\\/laq-veido-putos-passion-fruit-oda-kuria-norisi-liesti-40g\\\/#breadcrumb\",\"itemListElement\":[{\"@type\":\"ListItem\",\"position\":1,\"name\":\"Pagrindinis\",\"item\":\"https:\\\/\\\/www.malinashop.lt\\\/lt_lt\\\/\"},{\"@type\":\"ListItem\",\"position\":2,\"name\":\"Parduotuv\u0117\",\"item\":\"https:\\\/\\\/www.malinashop.lt\\\/en\\\/parduotuve\\\/\"},{\"@type\":\"ListItem\",\"position\":3,\"name\":\"LaQ Veido putos PASSION FRUIT \u2013 Oda, kuri\u0105 norisi liesti, 40g\"}]},{\"@type\":\"WebSite\",\"@id\":\"https:\\\/\\\/www.malinashop.lt\\\/#website\",\"url\":\"https:\\\/\\\/www.malinashop.lt\\\/\",\"name\":\"COM Group Ecommerce\",\"description\":\"MalinaShop.lt - Gro\u017eio ir sveikatos produktai i\u0161 patikim\u0173 preki\u0173 \u017eenkl\u0173. Atraskite auk\u0161tos kokyb\u0117s kosmetik\u0105 u\u017e puiki\u0105 kain\u0105.\",\"publisher\":{\"@id\":\"https:\\\/\\\/www.malinashop.lt\\\/#organization\"},\"potentialAction\":[{\"@type\":\"SearchAction\",\"target\":{\"@type\":\"EntryPoint\",\"urlTemplate\":\"https:\\\/\\\/www.malinashop.lt\\\/?s={search_term_string}\"},\"query-input\":{\"@type\":\"PropertyValueSpecification\",\"valueRequired\":true,\"valueName\":\"search_term_string\"}}],\"inLanguage\":\"en-GB\"},{\"@type\":\"Organization\",\"@id\":\"https:\\\/\\\/www.malinashop.lt\\\/#organization\",\"name\":\"COM Group Ecommerce\",\"url\":\"https:\\\/\\\/www.malinashop.lt\\\/\",\"logo\":{\"@type\":\"ImageObject\",\"inLanguage\":\"en-GB\",\"@id\":\"https:\\\/\\\/www.malinashop.lt\\\/#\\\/schema\\\/logo\\\/image\\\/\",\"url\":\"https:\\\/\\\/www.malinashop.lt\\\/wp-content\\\/uploads\\\/2024\\\/08\\\/462559670_3787732518133670_9795632669273463_n-e1731525914575.png\",\"contentUrl\":\"https:\\\/\\\/www.malinashop.lt\\\/wp-content\\\/uploads\\\/2024\\\/08\\\/462559670_3787732518133670_9795632669273463_n-e1731525914575.png\",\"width\":180,\"height\":60,\"caption\":\"COM Group Ecommerce\"},\"image\":{\"@id\":\"https:\\\/\\\/www.malinashop.lt\\\/#\\\/schema\\\/logo\\\/image\\\/\"}}]}<\/script>\n<!-- \/ Yoast SEO plugin. -->","yoast_head_json":{"title":"LaQ Veido putos PASSION FRUIT \u2013 Oda, kuri\u0105 norisi liesti, 40g - MalinaShop.lt J\u016bs\u0173 sveikatai ir gro\u017eiui.","description":"LaQ PASSION FRUIT veido putos \u0161velniai valo, dr\u0117kina ir saugo odos balans\u0105. Vaisinis aromatas, vegani\u0161ka formul\u0117, 40 g. MalinaShop.lt","robots":{"index":"index","follow":"follow","max-snippet":"max-snippet:-1","max-image-preview":"max-image-preview:large","max-video-preview":"max-video-preview:-1"},"canonical":"https:\/\/www.malinashop.lt\/en\/shop\/laq-veido-putos-passion-fruit-oda-kuria-norisi-liesti-40g\/","og_locale":"en_GB","og_type":"article","og_title":"LaQ Veido putos PASSION FRUIT \u2013 Oda, kuri\u0105 norisi liesti, 40g - MalinaShop.lt J\u016bs\u0173 sveikatai ir gro\u017eiui.","og_description":"LaQ PASSION FRUIT veido putos \u0161velniai valo, dr\u0117kina ir saugo odos balans\u0105. Vaisinis aromatas, vegani\u0161ka formul\u0117, 40 g. MalinaShop.lt","og_url":"https:\/\/www.malinashop.lt\/en\/shop\/laq-veido-putos-passion-fruit-oda-kuria-norisi-liesti-40g\/","og_site_name":"MalinaShop.lt J\u016bs\u0173 sveikatai ir gro\u017eiui.","article_modified_time":"2026-04-30T07:08:18+00:00","og_image":[{"width":1536,"height":1536,"url":"https:\/\/www.malinashop.lt\/wp-content\/uploads\/2026\/04\/LaQ-Veido-putos-PASSION-FRUIT-\u2013-Oda-kuria-norisi-liesti-40g.jpg","type":"image\/jpeg"}],"twitter_card":"summary_large_image","schema":{"@context":"https:\/\/schema.org","@graph":[{"@type":"WebPage","@id":"https:\/\/www.malinashop.lt\/shop\/laq-veido-putos-passion-fruit-oda-kuria-norisi-liesti-40g\/","url":"https:\/\/www.malinashop.lt\/shop\/laq-veido-putos-passion-fruit-oda-kuria-norisi-liesti-40g\/","name":"LaQ Veido putos PASSION FRUIT \u2013 Oda, kuri\u0105 norisi liesti, 40g - MalinaShop.lt J\u016bs\u0173 sveikatai ir gro\u017eiui.","isPartOf":{"@id":"https:\/\/www.malinashop.lt\/#website"},"primaryImageOfPage":{"@id":"https:\/\/www.malinashop.lt\/shop\/laq-veido-putos-passion-fruit-oda-kuria-norisi-liesti-40g\/#primaryimage"},"image":{"@id":"https:\/\/www.malinashop.lt\/shop\/laq-veido-putos-passion-fruit-oda-kuria-norisi-liesti-40g\/#primaryimage"},"thumbnailUrl":"https:\/\/www.malinashop.lt\/wp-content\/uploads\/2026\/04\/LaQ-Veido-putos-PASSION-FRUIT-\u2013-Oda-kuria-norisi-liesti-40g.jpg","datePublished":"2026-04-30T06:59:02+00:00","dateModified":"2026-04-30T07:08:18+00:00","description":"LaQ PASSION FRUIT veido putos \u0161velniai valo, dr\u0117kina ir saugo odos balans\u0105. Vaisinis aromatas, vegani\u0161ka formul\u0117, 40 g. MalinaShop.lt","breadcrumb":{"@id":"https:\/\/www.malinashop.lt\/shop\/laq-veido-putos-passion-fruit-oda-kuria-norisi-liesti-40g\/#breadcrumb"},"inLanguage":"en-GB","potentialAction":[{"@type":"ReadAction","target":["https:\/\/www.malinashop.lt\/shop\/laq-veido-putos-passion-fruit-oda-kuria-norisi-liesti-40g\/"]}]},{"@type":"ImageObject","inLanguage":"en-GB","@id":"https:\/\/www.malinashop.lt\/shop\/laq-veido-putos-passion-fruit-oda-kuria-norisi-liesti-40g\/#primaryimage","url":"https:\/\/www.malinashop.lt\/wp-content\/uploads\/2026\/04\/LaQ-Veido-putos-PASSION-FRUIT-\u2013-Oda-kuria-norisi-liesti-40g.jpg","contentUrl":"https:\/\/www.malinashop.lt\/wp-content\/uploads\/2026\/04\/LaQ-Veido-putos-PASSION-FRUIT-\u2013-Oda-kuria-norisi-liesti-40g.jpg","width":1536,"height":1536},{"@type":"BreadcrumbList","@id":"https:\/\/www.malinashop.lt\/shop\/laq-veido-putos-passion-fruit-oda-kuria-norisi-liesti-40g\/#breadcrumb","itemListElement":[{"@type":"ListItem","position":1,"name":"Pagrindinis","item":"https:\/\/www.malinashop.lt\/lt_lt\/"},{"@type":"ListItem","position":2,"name":"Parduotuv\u0117","item":"https:\/\/www.malinashop.lt\/en\/parduotuve\/"},{"@type":"ListItem","position":3,"name":"LaQ Veido putos PASSION FRUIT \u2013 Oda, kuri\u0105 norisi liesti, 40g"}]},{"@type":"WebSite","@id":"https:\/\/www.malinashop.lt\/#website","url":"https:\/\/www.malinashop.lt\/","name":"COM Group Ecommerce","description":"MalinaShop.lt - Gro\u017eio ir sveikatos produktai i\u0161 patikim\u0173 preki\u0173 \u017eenkl\u0173. Atraskite auk\u0161tos kokyb\u0117s kosmetik\u0105 u\u017e puiki\u0105 kain\u0105.","publisher":{"@id":"https:\/\/www.malinashop.lt\/#organization"},"potentialAction":[{"@type":"SearchAction","target":{"@type":"EntryPoint","urlTemplate":"https:\/\/www.malinashop.lt\/?s={search_term_string}"},"query-input":{"@type":"PropertyValueSpecification","valueRequired":true,"valueName":"search_term_string"}}],"inLanguage":"en-GB"},{"@type":"Organization","@id":"https:\/\/www.malinashop.lt\/#organization","name":"COM Group Ecommerce","url":"https:\/\/www.malinashop.lt\/","logo":{"@type":"ImageObject","inLanguage":"en-GB","@id":"https:\/\/www.malinashop.lt\/#\/schema\/logo\/image\/","url":"https:\/\/www.malinashop.lt\/wp-content\/uploads\/2024\/08\/462559670_3787732518133670_9795632669273463_n-e1731525914575.png","contentUrl":"https:\/\/www.malinashop.lt\/wp-content\/uploads\/2024\/08\/462559670_3787732518133670_9795632669273463_n-e1731525914575.png","width":180,"height":60,"caption":"COM Group Ecommerce"},"image":{"@id":"https:\/\/www.malinashop.lt\/#\/schema\/logo\/image\/"}}]}},"jetpack_sharing_enabled":true,"_links":{"self":[{"href":"https:\/\/www.malinashop.lt\/en\/wp-json\/wp\/v2\/product\/77528","targetHints":{"allow":["GET"]}}],"collection":[{"href":"https:\/\/www.malinashop.lt\/en\/wp-json\/wp\/v2\/product"}],"about":[{"href":"https:\/\/www.malinashop.lt\/en\/wp-json\/wp\/v2\/types\/product"}],"version-history":[{"count":3,"href":"https:\/\/www.malinashop.lt\/en\/wp-json\/wp\/v2\/product\/77528\/revisions"}],"predecessor-version":[{"id":77802,"href":"https:\/\/www.malinashop.lt\/en\/wp-json\/wp\/v2\/product\/77528\/revisions\/77802"}],"wp:featuredmedia":[{"embeddable":true,"href":"https:\/\/www.malinashop.lt\/en\/wp-json\/wp\/v2\/media\/77800"}],"wp:attachment":[{"href":"https:\/\/www.malinashop.lt\/en\/wp-json\/wp\/v2\/media?parent=77528"}],"wp:term":[{"taxonomy":"product_brand","embeddable":true,"href":"https:\/\/www.malinashop.lt\/en\/wp-json\/wp\/v2\/product_brand?post=77528"},{"taxonomy":"product_cat","embeddable":true,"href":"https:\/\/www.malinashop.lt\/en\/wp-json\/wp\/v2\/product_cat?post=77528"},{"taxonomy":"product_tag","embeddable":true,"href":"https:\/\/www.malinashop.lt\/en\/wp-json\/wp\/v2\/product_tag?post=77528"}],"curies":[{"name":"wp","href":"https:\/\/api.w.org\/{rel}","templated":true}]}}