{"id":77509,"date":"2026-04-30T11:00:46","date_gmt":"2026-04-30T08:00:46","guid":{"rendered":"https:\/\/www.malinashop.lt\/shop\/laq-duso-gelis-kiwi-and-grapes-apsipirkimu-be-ribu-gaiva\/"},"modified":"2026-04-30T11:04:29","modified_gmt":"2026-04-30T08:04:29","slug":"laq-duso-gelis-unlimited-shopping-nuotaika-kaip-po-sekmingo-apsipirkimo-500ml","status":"publish","type":"product","link":"https:\/\/www.malinashop.lt\/en\/shop\/laq-duso-gelis-unlimited-shopping-nuotaika-kaip-po-sekmingo-apsipirkimo-500ml\/","title":{"rendered":"LaQ Du\u0161o gelis UNLIMITED SHOPPING \u2013 Nuotaika kaip po s\u0117kmingo apsipirkimo, 500ml"},"content":{"rendered":"<p data-start=\"703\" data-end=\"821\">Yra dien\u0173, kai geriausias sprendimas \u2013 apsipirkimas.<br data-start=\"755\" data-end=\"758\" \/>Ir yra dien\u0173, kai pakanka gero kvapo, kad jaustumeisi taip pat.<\/p>\n<p data-start=\"823\" data-end=\"960\">LaQ <strong data-start=\"827\" data-end=\"849\">UNLIMITED SHOPPING<\/strong> \u2013 tai ne tik du\u0161o gelis. Tai nuotaika, energija ir tas lengvas \u201ewow\u201c jausmas, kai viskas eina taip, kaip nori.<\/p>\n<p data-start=\"962\" data-end=\"1152\">Lengva, \u0161velni formul\u0117 efektyviai nuvalo od\u0105, nepa\u017eeisdama jos nat\u016bralaus balanso, o vaisinis aromatas sukuria gaivos ir lengvumo poj\u016bt\u012f visai dienai.<\/p>\n<hr data-start=\"1154\" data-end=\"1157\" \/>\n<h3 data-section-id=\"9vpmbk\" data-start=\"1159\" data-end=\"1194\"><span role=\"text\"><strong data-start=\"1163\" data-end=\"1194\">K\u0105 gali padaryti d\u0117l tav\u0119s?<\/strong><\/span><\/h3>\n<p data-start=\"1196\" data-end=\"1461\">\u2714 \u0160velniai nuvalo od\u0105<br data-start=\"1217\" data-end=\"1220\" \/>\u2714 Pa\u0161alina ne\u0161varumus ir riebal\u0173 pertekli\u0173<br data-start=\"1262\" data-end=\"1265\" \/>\u2714 Padeda palaikyti odos dr\u0117gm\u0117s balans\u0105<br data-start=\"1304\" data-end=\"1307\" \/>\u2714 Suteikia gaivos ir lengvumo poj\u016bt\u012f<br data-start=\"1343\" data-end=\"1346\" \/>\u2714 Tinka kasdieniam naudojimui<br data-start=\"1375\" data-end=\"1378\" \/>\u2714 Palieka malon\u0173, ilgiau i\u0161liekant\u012f aromat\u0105<\/p>\n<hr data-start=\"1463\" data-end=\"1466\" \/>\n<h3 data-section-id=\"jqqc7t\" data-start=\"1468\" data-end=\"1496\"><span role=\"text\"><strong data-start=\"1472\" data-end=\"1496\">Kas slepiasi viduje?<\/strong><\/span><\/h3>\n<p data-start=\"1498\" data-end=\"1627\">\u2714 Kivi\u0173 ekstraktas<br data-start=\"1516\" data-end=\"1519\" \/>\u2714 Vynuogi\u0173 ekstraktas<br data-start=\"1540\" data-end=\"1543\" \/>\u2714 Niacinamidas (vitaminas B3)<br data-start=\"1572\" data-end=\"1575\" \/>\u2714 \u0160lapalas (urea)<br data-start=\"1592\" data-end=\"1595\" \/>\u2714 Pieno r\u016bg\u0161tis<br data-start=\"1610\" data-end=\"1613\" \/>\u2714 Inozitolis<\/p>\n<p data-start=\"1629\" data-end=\"1786\">\u0160is dr\u0117kinamasis kompleksas padeda palaikyti odos elastingum\u0105 ir apsaugin\u012f barjer\u0105, tod\u0117l oda tampa \u0161velni ir glotni.<\/p>\n<hr data-start=\"1788\" data-end=\"1791\" \/>\n<h3 data-section-id=\"1dlvw32\" data-start=\"1793\" data-end=\"1818\"><span role=\"text\"><strong data-start=\"1797\" data-end=\"1818\">Kvapo charakteris<\/strong><\/span><\/h3>\n<p data-start=\"1820\" data-end=\"1959\">Sultingas, vaisinis aromatas su kivi\u0173 ir vynuogi\u0173 natomis.<br data-start=\"1878\" data-end=\"1881\" \/>Lengvas, energingas ir \u201epakeliantis nuotaik\u0105\u201c kvapas \u2013 kaip geras savaitgalis.<\/p>\n<hr data-start=\"1961\" data-end=\"1964\" \/>\n<h3 data-section-id=\"106411i\" data-start=\"1966\" data-end=\"1987\"><span role=\"text\"><strong data-start=\"1970\" data-end=\"1987\">Kaip naudoti?<\/strong><\/span><\/h3>\n<p data-start=\"1989\" data-end=\"2108\">U\u017etepk ant dr\u0117gnos odos, suputok ir nuskalauk vandeniu. Naudok kasdien \u2013 kai nori \u0161varos ir geros nuotaikos vienu metu.<\/p>\n<hr data-start=\"2110\" data-end=\"2113\" \/>\n<h3 data-section-id=\"1eeh0m\" data-start=\"2115\" data-end=\"2140\"><span role=\"text\"><strong data-start=\"2119\" data-end=\"2140\">K\u0105 kalba miestas?<\/strong><\/span><\/h3>\n<p data-start=\"2142\" data-end=\"2226\">Ji niekur neskuba.<br data-start=\"2160\" data-end=\"2163\" \/>Bet visada atrodo gerai.<br data-start=\"2187\" data-end=\"2190\" \/>Ir ka\u017ekaip visiems pakelia nuotaik\u0105.<\/p>\n<hr data-start=\"2228\" data-end=\"2231\" \/>\n<h3 data-section-id=\"1cjdtqf\" data-start=\"2233\" data-end=\"2251\"><span role=\"text\"><strong data-start=\"2237\" data-end=\"2251\">Kam tinka?<\/strong><\/span><\/h3>\n<p data-start=\"2253\" data-end=\"2388\">\u2714 Moterims<br data-start=\"2263\" data-end=\"2266\" \/>\u2714 Kasdieniam naudojimui<br data-start=\"2289\" data-end=\"2292\" \/>\u2714 Aktyviam gyvenimo b\u016bdui<br data-start=\"2317\" data-end=\"2320\" \/>\u2714 Kai nori lengvo, gaivaus kvapo<br data-start=\"2352\" data-end=\"2355\" \/>\u2714 Kai reikia \u201eboosto\u201c nuotaikai<\/p>\n<hr data-start=\"2390\" data-end=\"2393\" \/>\n<h3 data-section-id=\"1i0hpke\" data-start=\"2395\" data-end=\"2408\"><span role=\"text\"><strong data-start=\"2399\" data-end=\"2408\">Talpa<\/strong><\/span><\/h3>\n<p data-start=\"2410\" data-end=\"2416\">500 ml<\/p>\n<hr data-start=\"2418\" data-end=\"2421\" \/>\n<p data-start=\"2423\" data-end=\"2465\"><strong data-start=\"2423\" data-end=\"2465\">Kai kvapas geras \u2013 diena irgi geresn\u0117.<\/strong><\/p>\n<hr \/>\n<p><strong>Laq \u2014 kosmetika, kuri nesivar\u017eo.<\/strong> Nat\u016brali. Vegani\u0161ka. Dermatologi\u0161kai testuota. Ir su pavadinimais, kurie jus privers prisiminti, kad prausimasis gali b\u016bti linksmas.<\/p>\n<p>Atpa\u017e\u012fstate save? Savo vyr\u0105? Draug\u0105, kuris visada turi k\u0105 pasakyti? <strong>Puiki nestandartin\u0117 dovana tiems, kurie visk\u0105 turi.<\/strong> Nes kas nor\u0117t\u0173 gauti dar vien\u0105 kojini\u0173 por\u0105?<\/p>\n","protected":false},"excerpt":{"rendered":"<p data-start=\"406\" data-end=\"580\">Kartais gerai nuotaikai reikia visai nedaug. LaQ <strong data-start=\"455\" data-end=\"477\">UNLIMITED SHOPPING<\/strong> du\u0161o gelis valo, dr\u0117kina ir apgaubia sultingu vaisi\u0173 aromatu, kuris kelia nuotaik\u0105 nuo pirmos minut\u0117s.<\/p>\n","protected":false},"featured_media":77826,"template":"","meta":[],"product_brand":[1699],"product_cat":[538,731,1692],"product_tag":[],"class_list":{"0":"post-77509","1":"product","2":"type-product","3":"status-publish","4":"has-post-thumbnail","6":"product_brand-laq","7":"product_cat-kuno-prausikliai-duso-geliai","8":"product_cat-kunui","9":"product_cat-moterims-duso-geliai","11":"first","12":"instock","13":"taxable","14":"shipping-taxable","15":"purchasable","16":"product-type-simple"},"yoast_head":"<!-- This site is optimized with the Yoast SEO plugin v27.5 - https:\/\/yoast.com\/product\/yoast-seo-wordpress\/ -->\n<title>LaQ Du\u0161o gelis UNLIMITED SHOPPING \u2013 Nuotaika kaip po s\u0117kmingo apsipirkimo, 500ml - MalinaShop.lt J\u016bs\u0173 sveikatai ir gro\u017eiui.<\/title>\n<meta name=\"description\" content=\"LaQ UNLIMITED SHOPPING du\u0161o gelis \u0161velniai valo, dr\u0117kina ir gaivina od\u0105. Kivi\u0173 ir vynuogi\u0173 aromatas, vegani\u0161ka formul\u0117, 500 ml.\" \/>\n<meta name=\"robots\" content=\"index, follow, max-snippet:-1, max-image-preview:large, max-video-preview:-1\" \/>\n<link rel=\"canonical\" href=\"https:\/\/www.malinashop.lt\/en\/shop\/laq-duso-gelis-unlimited-shopping-nuotaika-kaip-po-sekmingo-apsipirkimo-500ml\/\" \/>\n<meta property=\"og:locale\" content=\"en_GB\" \/>\n<meta property=\"og:type\" content=\"article\" \/>\n<meta property=\"og:title\" content=\"LaQ Du\u0161o gelis UNLIMITED SHOPPING \u2013 Nuotaika kaip po s\u0117kmingo apsipirkimo, 500ml - MalinaShop.lt J\u016bs\u0173 sveikatai ir gro\u017eiui.\" \/>\n<meta property=\"og:description\" content=\"LaQ UNLIMITED SHOPPING du\u0161o gelis \u0161velniai valo, dr\u0117kina ir gaivina od\u0105. Kivi\u0173 ir vynuogi\u0173 aromatas, vegani\u0161ka formul\u0117, 500 ml.\" \/>\n<meta property=\"og:url\" content=\"https:\/\/www.malinashop.lt\/en\/shop\/laq-duso-gelis-unlimited-shopping-nuotaika-kaip-po-sekmingo-apsipirkimo-500ml\/\" \/>\n<meta property=\"og:site_name\" content=\"MalinaShop.lt J\u016bs\u0173 sveikatai ir gro\u017eiui.\" \/>\n<meta property=\"article:modified_time\" content=\"2026-04-30T08:04:29+00:00\" \/>\n<meta property=\"og:image\" content=\"https:\/\/www.malinashop.lt\/wp-content\/uploads\/2026\/04\/5905778570685-a1-scaled.jpg\" \/>\n\t<meta property=\"og:image:width\" content=\"3360\" \/>\n\t<meta property=\"og:image:height\" content=\"3360\" \/>\n\t<meta property=\"og:image:type\" content=\"image\/jpeg\" \/>\n<meta name=\"twitter:card\" content=\"summary_large_image\" \/>\n<script type=\"application\/ld+json\" class=\"yoast-schema-graph\">{\"@context\":\"https:\\\/\\\/schema.org\",\"@graph\":[{\"@type\":\"WebPage\",\"@id\":\"https:\\\/\\\/www.malinashop.lt\\\/shop\\\/laq-duso-gelis-unlimited-shopping-nuotaika-kaip-po-sekmingo-apsipirkimo-500ml\\\/\",\"url\":\"https:\\\/\\\/www.malinashop.lt\\\/shop\\\/laq-duso-gelis-unlimited-shopping-nuotaika-kaip-po-sekmingo-apsipirkimo-500ml\\\/\",\"name\":\"LaQ Du\u0161o gelis UNLIMITED SHOPPING \u2013 Nuotaika kaip po s\u0117kmingo apsipirkimo, 500ml - MalinaShop.lt J\u016bs\u0173 sveikatai ir gro\u017eiui.\",\"isPartOf\":{\"@id\":\"https:\\\/\\\/www.malinashop.lt\\\/#website\"},\"primaryImageOfPage\":{\"@id\":\"https:\\\/\\\/www.malinashop.lt\\\/shop\\\/laq-duso-gelis-unlimited-shopping-nuotaika-kaip-po-sekmingo-apsipirkimo-500ml\\\/#primaryimage\"},\"image\":{\"@id\":\"https:\\\/\\\/www.malinashop.lt\\\/shop\\\/laq-duso-gelis-unlimited-shopping-nuotaika-kaip-po-sekmingo-apsipirkimo-500ml\\\/#primaryimage\"},\"thumbnailUrl\":\"https:\\\/\\\/www.malinashop.lt\\\/wp-content\\\/uploads\\\/2026\\\/04\\\/5905778570685-a1-scaled.jpg\",\"datePublished\":\"2026-04-30T08:00:46+00:00\",\"dateModified\":\"2026-04-30T08:04:29+00:00\",\"description\":\"LaQ UNLIMITED SHOPPING du\u0161o gelis \u0161velniai valo, dr\u0117kina ir gaivina od\u0105. Kivi\u0173 ir vynuogi\u0173 aromatas, vegani\u0161ka formul\u0117, 500 ml.\",\"breadcrumb\":{\"@id\":\"https:\\\/\\\/www.malinashop.lt\\\/shop\\\/laq-duso-gelis-unlimited-shopping-nuotaika-kaip-po-sekmingo-apsipirkimo-500ml\\\/#breadcrumb\"},\"inLanguage\":\"en-GB\",\"potentialAction\":[{\"@type\":\"ReadAction\",\"target\":[\"https:\\\/\\\/www.malinashop.lt\\\/shop\\\/laq-duso-gelis-unlimited-shopping-nuotaika-kaip-po-sekmingo-apsipirkimo-500ml\\\/\"]}]},{\"@type\":\"ImageObject\",\"inLanguage\":\"en-GB\",\"@id\":\"https:\\\/\\\/www.malinashop.lt\\\/shop\\\/laq-duso-gelis-unlimited-shopping-nuotaika-kaip-po-sekmingo-apsipirkimo-500ml\\\/#primaryimage\",\"url\":\"https:\\\/\\\/www.malinashop.lt\\\/wp-content\\\/uploads\\\/2026\\\/04\\\/5905778570685-a1-scaled.jpg\",\"contentUrl\":\"https:\\\/\\\/www.malinashop.lt\\\/wp-content\\\/uploads\\\/2026\\\/04\\\/5905778570685-a1-scaled.jpg\",\"width\":3360,\"height\":3360},{\"@type\":\"BreadcrumbList\",\"@id\":\"https:\\\/\\\/www.malinashop.lt\\\/shop\\\/laq-duso-gelis-unlimited-shopping-nuotaika-kaip-po-sekmingo-apsipirkimo-500ml\\\/#breadcrumb\",\"itemListElement\":[{\"@type\":\"ListItem\",\"position\":1,\"name\":\"Pagrindinis\",\"item\":\"https:\\\/\\\/www.malinashop.lt\\\/lt_lt\\\/\"},{\"@type\":\"ListItem\",\"position\":2,\"name\":\"Parduotuv\u0117\",\"item\":\"https:\\\/\\\/www.malinashop.lt\\\/en\\\/parduotuve\\\/\"},{\"@type\":\"ListItem\",\"position\":3,\"name\":\"LaQ Du\u0161o gelis UNLIMITED SHOPPING \u2013 Nuotaika kaip po s\u0117kmingo apsipirkimo, 500ml\"}]},{\"@type\":\"WebSite\",\"@id\":\"https:\\\/\\\/www.malinashop.lt\\\/#website\",\"url\":\"https:\\\/\\\/www.malinashop.lt\\\/\",\"name\":\"COM Group Ecommerce\",\"description\":\"MalinaShop.lt - Gro\u017eio ir sveikatos produktai i\u0161 patikim\u0173 preki\u0173 \u017eenkl\u0173. Atraskite auk\u0161tos kokyb\u0117s kosmetik\u0105 u\u017e puiki\u0105 kain\u0105.\",\"publisher\":{\"@id\":\"https:\\\/\\\/www.malinashop.lt\\\/#organization\"},\"potentialAction\":[{\"@type\":\"SearchAction\",\"target\":{\"@type\":\"EntryPoint\",\"urlTemplate\":\"https:\\\/\\\/www.malinashop.lt\\\/?s={search_term_string}\"},\"query-input\":{\"@type\":\"PropertyValueSpecification\",\"valueRequired\":true,\"valueName\":\"search_term_string\"}}],\"inLanguage\":\"en-GB\"},{\"@type\":\"Organization\",\"@id\":\"https:\\\/\\\/www.malinashop.lt\\\/#organization\",\"name\":\"COM Group Ecommerce\",\"url\":\"https:\\\/\\\/www.malinashop.lt\\\/\",\"logo\":{\"@type\":\"ImageObject\",\"inLanguage\":\"en-GB\",\"@id\":\"https:\\\/\\\/www.malinashop.lt\\\/#\\\/schema\\\/logo\\\/image\\\/\",\"url\":\"https:\\\/\\\/www.malinashop.lt\\\/wp-content\\\/uploads\\\/2024\\\/08\\\/462559670_3787732518133670_9795632669273463_n-e1731525914575.png\",\"contentUrl\":\"https:\\\/\\\/www.malinashop.lt\\\/wp-content\\\/uploads\\\/2024\\\/08\\\/462559670_3787732518133670_9795632669273463_n-e1731525914575.png\",\"width\":180,\"height\":60,\"caption\":\"COM Group Ecommerce\"},\"image\":{\"@id\":\"https:\\\/\\\/www.malinashop.lt\\\/#\\\/schema\\\/logo\\\/image\\\/\"}}]}<\/script>\n<!-- \/ Yoast SEO plugin. -->","yoast_head_json":{"title":"LaQ Du\u0161o gelis UNLIMITED SHOPPING \u2013 Nuotaika kaip po s\u0117kmingo apsipirkimo, 500ml - MalinaShop.lt J\u016bs\u0173 sveikatai ir gro\u017eiui.","description":"LaQ UNLIMITED SHOPPING du\u0161o gelis \u0161velniai valo, dr\u0117kina ir gaivina od\u0105. Kivi\u0173 ir vynuogi\u0173 aromatas, vegani\u0161ka formul\u0117, 500 ml.","robots":{"index":"index","follow":"follow","max-snippet":"max-snippet:-1","max-image-preview":"max-image-preview:large","max-video-preview":"max-video-preview:-1"},"canonical":"https:\/\/www.malinashop.lt\/en\/shop\/laq-duso-gelis-unlimited-shopping-nuotaika-kaip-po-sekmingo-apsipirkimo-500ml\/","og_locale":"en_GB","og_type":"article","og_title":"LaQ Du\u0161o gelis UNLIMITED SHOPPING \u2013 Nuotaika kaip po s\u0117kmingo apsipirkimo, 500ml - MalinaShop.lt J\u016bs\u0173 sveikatai ir gro\u017eiui.","og_description":"LaQ UNLIMITED SHOPPING du\u0161o gelis \u0161velniai valo, dr\u0117kina ir gaivina od\u0105. Kivi\u0173 ir vynuogi\u0173 aromatas, vegani\u0161ka formul\u0117, 500 ml.","og_url":"https:\/\/www.malinashop.lt\/en\/shop\/laq-duso-gelis-unlimited-shopping-nuotaika-kaip-po-sekmingo-apsipirkimo-500ml\/","og_site_name":"MalinaShop.lt J\u016bs\u0173 sveikatai ir gro\u017eiui.","article_modified_time":"2026-04-30T08:04:29+00:00","og_image":[{"width":3360,"height":3360,"url":"https:\/\/www.malinashop.lt\/wp-content\/uploads\/2026\/04\/5905778570685-a1-scaled.jpg","type":"image\/jpeg"}],"twitter_card":"summary_large_image","schema":{"@context":"https:\/\/schema.org","@graph":[{"@type":"WebPage","@id":"https:\/\/www.malinashop.lt\/shop\/laq-duso-gelis-unlimited-shopping-nuotaika-kaip-po-sekmingo-apsipirkimo-500ml\/","url":"https:\/\/www.malinashop.lt\/shop\/laq-duso-gelis-unlimited-shopping-nuotaika-kaip-po-sekmingo-apsipirkimo-500ml\/","name":"LaQ Du\u0161o gelis UNLIMITED SHOPPING \u2013 Nuotaika kaip po s\u0117kmingo apsipirkimo, 500ml - MalinaShop.lt J\u016bs\u0173 sveikatai ir gro\u017eiui.","isPartOf":{"@id":"https:\/\/www.malinashop.lt\/#website"},"primaryImageOfPage":{"@id":"https:\/\/www.malinashop.lt\/shop\/laq-duso-gelis-unlimited-shopping-nuotaika-kaip-po-sekmingo-apsipirkimo-500ml\/#primaryimage"},"image":{"@id":"https:\/\/www.malinashop.lt\/shop\/laq-duso-gelis-unlimited-shopping-nuotaika-kaip-po-sekmingo-apsipirkimo-500ml\/#primaryimage"},"thumbnailUrl":"https:\/\/www.malinashop.lt\/wp-content\/uploads\/2026\/04\/5905778570685-a1-scaled.jpg","datePublished":"2026-04-30T08:00:46+00:00","dateModified":"2026-04-30T08:04:29+00:00","description":"LaQ UNLIMITED SHOPPING du\u0161o gelis \u0161velniai valo, dr\u0117kina ir gaivina od\u0105. Kivi\u0173 ir vynuogi\u0173 aromatas, vegani\u0161ka formul\u0117, 500 ml.","breadcrumb":{"@id":"https:\/\/www.malinashop.lt\/shop\/laq-duso-gelis-unlimited-shopping-nuotaika-kaip-po-sekmingo-apsipirkimo-500ml\/#breadcrumb"},"inLanguage":"en-GB","potentialAction":[{"@type":"ReadAction","target":["https:\/\/www.malinashop.lt\/shop\/laq-duso-gelis-unlimited-shopping-nuotaika-kaip-po-sekmingo-apsipirkimo-500ml\/"]}]},{"@type":"ImageObject","inLanguage":"en-GB","@id":"https:\/\/www.malinashop.lt\/shop\/laq-duso-gelis-unlimited-shopping-nuotaika-kaip-po-sekmingo-apsipirkimo-500ml\/#primaryimage","url":"https:\/\/www.malinashop.lt\/wp-content\/uploads\/2026\/04\/5905778570685-a1-scaled.jpg","contentUrl":"https:\/\/www.malinashop.lt\/wp-content\/uploads\/2026\/04\/5905778570685-a1-scaled.jpg","width":3360,"height":3360},{"@type":"BreadcrumbList","@id":"https:\/\/www.malinashop.lt\/shop\/laq-duso-gelis-unlimited-shopping-nuotaika-kaip-po-sekmingo-apsipirkimo-500ml\/#breadcrumb","itemListElement":[{"@type":"ListItem","position":1,"name":"Pagrindinis","item":"https:\/\/www.malinashop.lt\/lt_lt\/"},{"@type":"ListItem","position":2,"name":"Parduotuv\u0117","item":"https:\/\/www.malinashop.lt\/en\/parduotuve\/"},{"@type":"ListItem","position":3,"name":"LaQ Du\u0161o gelis UNLIMITED SHOPPING \u2013 Nuotaika kaip po s\u0117kmingo apsipirkimo, 500ml"}]},{"@type":"WebSite","@id":"https:\/\/www.malinashop.lt\/#website","url":"https:\/\/www.malinashop.lt\/","name":"COM Group Ecommerce","description":"MalinaShop.lt - Gro\u017eio ir sveikatos produktai i\u0161 patikim\u0173 preki\u0173 \u017eenkl\u0173. Atraskite auk\u0161tos kokyb\u0117s kosmetik\u0105 u\u017e puiki\u0105 kain\u0105.","publisher":{"@id":"https:\/\/www.malinashop.lt\/#organization"},"potentialAction":[{"@type":"SearchAction","target":{"@type":"EntryPoint","urlTemplate":"https:\/\/www.malinashop.lt\/?s={search_term_string}"},"query-input":{"@type":"PropertyValueSpecification","valueRequired":true,"valueName":"search_term_string"}}],"inLanguage":"en-GB"},{"@type":"Organization","@id":"https:\/\/www.malinashop.lt\/#organization","name":"COM Group Ecommerce","url":"https:\/\/www.malinashop.lt\/","logo":{"@type":"ImageObject","inLanguage":"en-GB","@id":"https:\/\/www.malinashop.lt\/#\/schema\/logo\/image\/","url":"https:\/\/www.malinashop.lt\/wp-content\/uploads\/2024\/08\/462559670_3787732518133670_9795632669273463_n-e1731525914575.png","contentUrl":"https:\/\/www.malinashop.lt\/wp-content\/uploads\/2024\/08\/462559670_3787732518133670_9795632669273463_n-e1731525914575.png","width":180,"height":60,"caption":"COM Group Ecommerce"},"image":{"@id":"https:\/\/www.malinashop.lt\/#\/schema\/logo\/image\/"}}]}},"jetpack_sharing_enabled":true,"_links":{"self":[{"href":"https:\/\/www.malinashop.lt\/en\/wp-json\/wp\/v2\/product\/77509","targetHints":{"allow":["GET"]}}],"collection":[{"href":"https:\/\/www.malinashop.lt\/en\/wp-json\/wp\/v2\/product"}],"about":[{"href":"https:\/\/www.malinashop.lt\/en\/wp-json\/wp\/v2\/types\/product"}],"version-history":[{"count":2,"href":"https:\/\/www.malinashop.lt\/en\/wp-json\/wp\/v2\/product\/77509\/revisions"}],"predecessor-version":[{"id":77828,"href":"https:\/\/www.malinashop.lt\/en\/wp-json\/wp\/v2\/product\/77509\/revisions\/77828"}],"wp:featuredmedia":[{"embeddable":true,"href":"https:\/\/www.malinashop.lt\/en\/wp-json\/wp\/v2\/media\/77826"}],"wp:attachment":[{"href":"https:\/\/www.malinashop.lt\/en\/wp-json\/wp\/v2\/media?parent=77509"}],"wp:term":[{"taxonomy":"product_brand","embeddable":true,"href":"https:\/\/www.malinashop.lt\/en\/wp-json\/wp\/v2\/product_brand?post=77509"},{"taxonomy":"product_cat","embeddable":true,"href":"https:\/\/www.malinashop.lt\/en\/wp-json\/wp\/v2\/product_cat?post=77509"},{"taxonomy":"product_tag","embeddable":true,"href":"https:\/\/www.malinashop.lt\/en\/wp-json\/wp\/v2\/product_tag?post=77509"}],"curies":[{"name":"wp","href":"https:\/\/api.w.org\/{rel}","templated":true}]}}