{"id":77508,"date":"2026-04-29T13:58:46","date_gmt":"2026-04-29T10:58:46","guid":{"rendered":"https:\/\/www.malinashop.lt\/shop\/laq-duso-gelis-8in1-the-bull-buliaus-jega-ir-energija\/"},"modified":"2026-04-29T21:29:51","modified_gmt":"2026-04-29T18:29:51","slug":"laq-duso-gelis-8in1-the-bull-jega-raguos-kvapas-triumfuos-500ml","status":"publish","type":"product","link":"https:\/\/www.malinashop.lt\/en\/shop\/laq-duso-gelis-8in1-the-bull-jega-raguos-kvapas-triumfuos-500ml\/","title":{"rendered":"LaQ Du\u0161o gelis 8in1 THE BULL \u2013 J\u0117ga raguos, kvapas triumfuos, 500ml"},"content":{"rendered":"<section class=\"text-token-text-primary w-full focus:outline-none [--shadow-height:45px] has-data-writing-block:pointer-events-none has-data-writing-block:-mt-(--shadow-height) has-data-writing-block:pt-(--shadow-height) [&:has([data-writing-block])>*]:pointer-events-auto [content-visibility:auto] supports-[content-visibility:auto]:[contain-intrinsic-size:auto_100lvh] R6Vx5W_threadScrollVars scroll-mb-[calc(var(--scroll-root-safe-area-inset-bottom,0px)+var(--thread-response-height))] scroll-mt-[calc(var(--header-height)+min(200px,max(70px,20svh)))]\" dir=\"auto\" data-turn-id=\"request-69f1f24f-df58-838b-a738-7b7dba6319c3-6\" data-testid=\"conversation-turn-180\" data-scroll-anchor=\"false\" data-turn=\"assistant\">\n<div class=\"text-base my-auto mx-auto pb-10 [--thread-content-margin:var(--thread-content-margin-xs,calc(var(--spacing)*4))] @w-sm\/main:[--thread-content-margin:var(--thread-content-margin-sm,calc(var(--spacing)*6))] @w-lg\/main:[--thread-content-margin:var(--thread-content-margin-lg,calc(var(--spacing)*16))] px-(--thread-content-margin)\">\n<div class=\"[--thread-content-max-width:40rem] @w-lg\/main:[--thread-content-max-width:48rem] mx-auto max-w-(--thread-content-max-width) flex-1 group\/turn-messages focus-visible:outline-hidden relative flex w-full min-w-0 flex-col agent-turn\">\n<div class=\"flex max-w-full flex-col gap-4 grow\">\n<div class=\"min-h-8 text-message relative flex w-full flex-col items-end gap-2 text-start break-words whitespace-normal outline-none keyboard-focused:focus-ring [.text-message+&]:mt-1\" dir=\"auto\" tabindex=\"0\" data-message-author-role=\"assistant\" data-message-id=\"9e5c3fd7-819d-4039-8607-4b75bb71e7d6\" data-turn-start-message=\"true\" data-message-model-slug=\"gpt-5-3\">\n<div class=\"flex w-full flex-col gap-1 empty:hidden\">\n<div class=\"markdown prose dark:prose-invert w-full wrap-break-word dark markdown-new-styling\">\n<p data-start=\"693\" data-end=\"876\">\u0160tai ir jis \u2013 nat\u016bralus, vegani\u0161kas du\u0161o gelis vyrams, skirtas tikriems buliams. Po sunkiausios dienos gr\u0105\u017eins tave \u012f aren\u0105 gaiv\u0173, puikiai kvepiant\u012f ir pasiruo\u0161us\u012f naujiems i\u0161\u0161\u016bkiams.<\/p>\n<p data-start=\"878\" data-end=\"1130\">LaQ <strong data-start=\"882\" data-end=\"899\">THE BULL 8in1<\/strong> sukurtas vyrui, kuris nebijo darbo, spaudimo ir dideli\u0173 tiksl\u0173. \u0160velni formul\u0117 valo od\u0105, gaivina ir suteikia komforto poj\u016bt\u012f, o sodrus aromatas leid\u017eia jaustis u\u017etikrintai nuo ryto iki vakaro.<\/p>\n<h3 data-section-id=\"pjnah1\" data-start=\"1132\" data-end=\"1152\">K\u0105 rei\u0161kia 8in1?<\/h3>\n<p data-start=\"1154\" data-end=\"1239\">Vienas buteliukas \u2013 daug naudos vyrui, kuris neturi laiko bereikalingoms smulkmenoms.<\/p>\n<p data-start=\"1241\" data-end=\"1482\">\u2714 Tinka k\u016bnui plauti<br data-start=\"1261\" data-end=\"1264\" \/>\u2714 Tinka plaukams plauti<br data-start=\"1287\" data-end=\"1290\" \/>\u2714 Tinka veidui prausti<br data-start=\"1312\" data-end=\"1315\" \/>\u2714 Tinka rankoms plauti<br data-start=\"1337\" data-end=\"1340\" \/>\u2714 Tinka po sporto atsigaivinti<br data-start=\"1370\" data-end=\"1373\" \/>\u2714 Tinka rytiniam greitam du\u0161ui<br data-start=\"1403\" data-end=\"1406\" \/>\u2714 Tinka kelion\u0117ms ir sporto krep\u0161iui<br data-start=\"1442\" data-end=\"1445\" \/>\u2714 Tinka vyrui, kuris m\u0117gsta rezultat\u0105<\/p>\n<h3 data-section-id=\"17r3rfq\" data-start=\"1484\" data-end=\"1508\">Kod\u0117l verta rinktis?<\/h3>\n<p data-start=\"1510\" data-end=\"1817\">\u2714 \u0160velniai valo kasdienio prausimosi metu<br data-start=\"1551\" data-end=\"1554\" \/>\u2714 Augaliniai baltymai padeda puosel\u0117ti od\u0105<br data-start=\"1596\" data-end=\"1599\" \/>\u2714 Sibirinio \u017een\u0161enio ekstraktas suteikia energizuojant\u012f poj\u016bt\u012f<br data-start=\"1661\" data-end=\"1664\" \/>\u2714 Varnal\u0117\u0161\u0173 ir asi\u016bkli\u0173 ekstraktai puosel\u0117ja od\u0105<br data-start=\"1712\" data-end=\"1715\" \/>\u2714 Vegani\u0161ka formul\u0117<br data-start=\"1734\" data-end=\"1737\" \/>\u2714 Didel\u0117 500 ml talpa ilgesniam naudojimui<\/p>\n<h3 data-section-id=\"1f55w5e\" data-start=\"1819\" data-end=\"1834\">Kvapo natos<\/h3>\n<p data-start=\"1836\" data-end=\"2035\"><strong data-start=\"1836\" data-end=\"1857\">Vir\u0161utin\u0117s natos:<\/strong> juodieji pipirai, kedras, bergamot\u0117<br data-start=\"1893\" data-end=\"1896\" \/><strong data-start=\"1896\" data-end=\"1914\">\u0160irdies natos:<\/strong> levanda, gvazdik\u0117liai, pa\u010diulis, verbena<br data-start=\"1955\" data-end=\"1958\" \/><strong data-start=\"1958\" data-end=\"1976\">Bazin\u0117s natos:<\/strong> kedras, gvajako mediena, smilkalai, tonka pupel\u0117s, ambra<\/p>\n<p data-start=\"2037\" data-end=\"2164\">Kvapas stiprus, solidus ir vyri\u0161kai \u012fsimenantis. Toks, kuris \u012feina pirmas ir lieka ilgam.<\/p>\n<h3 data-section-id=\"d5peau\" data-start=\"2166\" data-end=\"2187\">K\u0105 kalba miestas?<\/h3>\n<p data-start=\"2189\" data-end=\"2288\">Nori b\u016bti stiprus kaip bulius?<br data-start=\"2219\" data-end=\"2222\" \/>Pla\u010diais pe\u010diais, tvirtu \u017eingsniu ir kvapu, kuris kelia pagarb\u0105?<\/p>\n<p data-start=\"2290\" data-end=\"2325\">Tuomet metas gyvenim\u0105 imti u\u017e rag\u0173.<\/p>\n<h3 data-section-id=\"1l2d6ae\" data-start=\"2327\" data-end=\"2343\">Kas yra LaQ?<\/h3>\n<p data-start=\"2345\" data-end=\"2550\">LaQ \u2013 i\u0161skirtinis kosmetikos prek\u0117s \u017eenklas i\u0161 Lenkijos, gars\u0117jantis vegani\u0161kais produktais, \u0161maik\u0161\u010diais pavadinimais, originaliu dizainu ir charakteringais aromatais.<\/p>\n<h3 data-section-id=\"ei6umv\" data-start=\"2552\" data-end=\"2575\">Puiki dovanos id\u0117ja<\/h3>\n<p data-start=\"2577\" data-end=\"2718\">Ie\u0161kote dovanos vyrui, draugui, broliui ar kolegai? <strong data-start=\"2629\" data-end=\"2646\">THE BULL 8in1<\/strong> \u2013 prakti\u0161kas, stiprus ir i\u0161skirtinis pasirinkimas vyrui su charakteriu.<\/p>\n<h3 data-section-id=\"ezgn8r\" data-start=\"2720\" data-end=\"2734\">Naudojimas<\/h3>\n<p data-start=\"2736\" data-end=\"2842\">U\u017etepkite ant dr\u0117gnos odos, suputokite, gerai nuskalaukite vandeniu.<\/p>\n<h3 data-section-id=\"17n6vsh\" data-start=\"2844\" data-end=\"2862\">Sud\u0117tis (INCI)<\/h3>\n<p data-start=\"2864\" data-end=\"3329\">Aqua, Sodium Coco-Sulfate, Coco-Glucoside, Cocamidopropyl Betaine, Glycerin, Glyceryl Oleate, Hydrolyzed Corn Protein, Hydrolyzed Wheat Protein, Hydrolyzed Soy Protein, Eleutherococcus Senticosus Root Extract, Equisetum Arvense Leaf Extract, Arctium Lappa Root Extract, Galium Aparine Extract, Leuconostoc\/Radish Root Ferment Filtrate, Sodium Gluconate, Sodium Chloride, Sodium Benzoate, Potassium Sorbate, Citric Acid, Parfum.<\/p>\n<h3 data-section-id=\"79r9v2\" data-start=\"3331\" data-end=\"3340\">Talpa<\/h3>\n<p data-start=\"3342\" data-end=\"3348\">500 ml<\/p>\n<p data-start=\"3350\" data-end=\"3397\"><strong data-start=\"3350\" data-end=\"3397\">Kai bulius pasiruo\u0161\u0119s \u2013 diena neturi \u0161ans\u0173.<\/strong><\/p>\n<\/div>\n<\/div>\n<\/div>\n<\/div>\n<\/div>\n<\/div>\n<\/section>\n<hr \/>\n<p><strong>Laq \u2014 kosmetika, kuri nesivar\u017eo.<\/strong> Nat\u016brali. Vegani\u0161ka. Dermatologi\u0161kai testuota. Ir su pavadinimais, kurie jus privers prisiminti, kad prausimasis gali b\u016bti linksmas.<\/p>\n<p>Atpa\u017e\u012fstate save? Savo vyr\u0105? Draug\u0105, kuris visada turi k\u0105 pasakyti? <strong>Puiki nestandartin\u0117 dovana tiems, kurie visk\u0105 turi.<\/strong> Nes kas nor\u0117t\u0173 gauti dar vien\u0105 kojini\u0173 por\u0105?<\/p>\n","protected":false},"excerpt":{"rendered":"<p>Kai vieni kalba apie j\u0117g\u0105, kiti j\u0105 turi nat\u016braliai. LaQ <strong data-start=\"370\" data-end=\"387\">THE BULL 8in1<\/strong> du\u0161o gelis \u0161velniai valo k\u016bn\u0105, gaivina ir apgaubia stipriu vyri\u0161ku aromatu. Vegani\u0161ka formul\u0117, tvirtas charakteris ir 500 ml talpa vyrui, kuris gyvenim\u0105 ima u\u017e rag\u0173.<\/p>\n","protected":false},"featured_media":77483,"template":"","meta":[],"product_brand":[1699],"product_cat":[538,731,1691],"product_tag":[],"class_list":{"0":"post-77508","1":"product","2":"type-product","3":"status-publish","4":"has-post-thumbnail","6":"product_brand-laq","7":"product_cat-kuno-prausikliai-duso-geliai","8":"product_cat-kunui","9":"product_cat-vyrams-duso-geliai","11":"first","12":"instock","13":"taxable","14":"shipping-taxable","15":"purchasable","16":"product-type-simple"},"yoast_head":"<!-- This site is optimized with the Yoast SEO plugin v27.5 - https:\/\/yoast.com\/product\/yoast-seo-wordpress\/ -->\n<title>LaQ Du\u0161o gelis 8in1 THE BULL \u2013 J\u0117ga raguos, kvapas triumfuos, 500ml - MalinaShop.lt J\u016bs\u0173 sveikatai ir gro\u017eiui.<\/title>\n<meta name=\"description\" content=\"LaQ THE BULL 8in1 du\u0161o gelis \u0161velniai valo, gaivina ir vilioja vyri\u0161ku aromatu su pipirais, kedru bei tonka pupel\u0117mis. Vegani\u0161kas, 500 ml.\" \/>\n<meta name=\"robots\" content=\"index, follow, max-snippet:-1, max-image-preview:large, max-video-preview:-1\" \/>\n<link rel=\"canonical\" href=\"https:\/\/www.malinashop.lt\/en\/shop\/laq-duso-gelis-8in1-the-bull-jega-raguos-kvapas-triumfuos-500ml\/\" \/>\n<meta property=\"og:locale\" content=\"en_GB\" \/>\n<meta property=\"og:type\" content=\"article\" \/>\n<meta property=\"og:title\" content=\"LaQ Du\u0161o gelis 8in1 THE BULL \u2013 J\u0117ga raguos, kvapas triumfuos, 500ml - MalinaShop.lt J\u016bs\u0173 sveikatai ir gro\u017eiui.\" \/>\n<meta property=\"og:description\" content=\"LaQ THE BULL 8in1 du\u0161o gelis \u0161velniai valo, gaivina ir vilioja vyri\u0161ku aromatu su pipirais, kedru bei tonka pupel\u0117mis. Vegani\u0161kas, 500 ml.\" \/>\n<meta property=\"og:url\" content=\"https:\/\/www.malinashop.lt\/en\/shop\/laq-duso-gelis-8in1-the-bull-jega-raguos-kvapas-triumfuos-500ml\/\" \/>\n<meta property=\"og:site_name\" content=\"MalinaShop.lt J\u016bs\u0173 sveikatai ir gro\u017eiui.\" \/>\n<meta property=\"article:modified_time\" content=\"2026-04-29T18:29:51+00:00\" \/>\n<meta property=\"og:image\" content=\"https:\/\/www.malinashop.lt\/wp-content\/uploads\/2026\/04\/Zdjecie-WhatsApp-2025-05-23-o-09.08.22_87a58eea.jpg\" \/>\n\t<meta property=\"og:image:width\" content=\"1600\" \/>\n\t<meta property=\"og:image:height\" content=\"1600\" \/>\n\t<meta property=\"og:image:type\" content=\"image\/jpeg\" \/>\n<meta name=\"twitter:card\" content=\"summary_large_image\" \/>\n<script type=\"application\/ld+json\" class=\"yoast-schema-graph\">{\"@context\":\"https:\\\/\\\/schema.org\",\"@graph\":[{\"@type\":\"WebPage\",\"@id\":\"https:\\\/\\\/www.malinashop.lt\\\/shop\\\/laq-duso-gelis-8in1-the-bull-jega-raguos-kvapas-triumfuos-500ml\\\/\",\"url\":\"https:\\\/\\\/www.malinashop.lt\\\/shop\\\/laq-duso-gelis-8in1-the-bull-jega-raguos-kvapas-triumfuos-500ml\\\/\",\"name\":\"LaQ Du\u0161o gelis 8in1 THE BULL \u2013 J\u0117ga raguos, kvapas triumfuos, 500ml - MalinaShop.lt J\u016bs\u0173 sveikatai ir gro\u017eiui.\",\"isPartOf\":{\"@id\":\"https:\\\/\\\/www.malinashop.lt\\\/#website\"},\"primaryImageOfPage\":{\"@id\":\"https:\\\/\\\/www.malinashop.lt\\\/shop\\\/laq-duso-gelis-8in1-the-bull-jega-raguos-kvapas-triumfuos-500ml\\\/#primaryimage\"},\"image\":{\"@id\":\"https:\\\/\\\/www.malinashop.lt\\\/shop\\\/laq-duso-gelis-8in1-the-bull-jega-raguos-kvapas-triumfuos-500ml\\\/#primaryimage\"},\"thumbnailUrl\":\"https:\\\/\\\/www.malinashop.lt\\\/wp-content\\\/uploads\\\/2026\\\/04\\\/Zdjecie-WhatsApp-2025-05-23-o-09.08.22_87a58eea.jpg\",\"datePublished\":\"2026-04-29T10:58:46+00:00\",\"dateModified\":\"2026-04-29T18:29:51+00:00\",\"description\":\"LaQ THE BULL 8in1 du\u0161o gelis \u0161velniai valo, gaivina ir vilioja vyri\u0161ku aromatu su pipirais, kedru bei tonka pupel\u0117mis. Vegani\u0161kas, 500 ml.\",\"breadcrumb\":{\"@id\":\"https:\\\/\\\/www.malinashop.lt\\\/shop\\\/laq-duso-gelis-8in1-the-bull-jega-raguos-kvapas-triumfuos-500ml\\\/#breadcrumb\"},\"inLanguage\":\"en-GB\",\"potentialAction\":[{\"@type\":\"ReadAction\",\"target\":[\"https:\\\/\\\/www.malinashop.lt\\\/shop\\\/laq-duso-gelis-8in1-the-bull-jega-raguos-kvapas-triumfuos-500ml\\\/\"]}]},{\"@type\":\"ImageObject\",\"inLanguage\":\"en-GB\",\"@id\":\"https:\\\/\\\/www.malinashop.lt\\\/shop\\\/laq-duso-gelis-8in1-the-bull-jega-raguos-kvapas-triumfuos-500ml\\\/#primaryimage\",\"url\":\"https:\\\/\\\/www.malinashop.lt\\\/wp-content\\\/uploads\\\/2026\\\/04\\\/Zdjecie-WhatsApp-2025-05-23-o-09.08.22_87a58eea.jpg\",\"contentUrl\":\"https:\\\/\\\/www.malinashop.lt\\\/wp-content\\\/uploads\\\/2026\\\/04\\\/Zdjecie-WhatsApp-2025-05-23-o-09.08.22_87a58eea.jpg\",\"width\":1600,\"height\":1600},{\"@type\":\"BreadcrumbList\",\"@id\":\"https:\\\/\\\/www.malinashop.lt\\\/shop\\\/laq-duso-gelis-8in1-the-bull-jega-raguos-kvapas-triumfuos-500ml\\\/#breadcrumb\",\"itemListElement\":[{\"@type\":\"ListItem\",\"position\":1,\"name\":\"Pagrindinis\",\"item\":\"https:\\\/\\\/www.malinashop.lt\\\/\"},{\"@type\":\"ListItem\",\"position\":2,\"name\":\"Parduotuv\u0117\",\"item\":\"https:\\\/\\\/www.malinashop.lt\\\/en\\\/parduotuve\\\/\"},{\"@type\":\"ListItem\",\"position\":3,\"name\":\"LaQ Du\u0161o gelis 8in1 THE BULL \u2013 J\u0117ga raguos, kvapas triumfuos, 500ml\"}]},{\"@type\":\"WebSite\",\"@id\":\"https:\\\/\\\/www.malinashop.lt\\\/#website\",\"url\":\"https:\\\/\\\/www.malinashop.lt\\\/\",\"name\":\"COM Group Ecommerce\",\"description\":\"MalinaShop.lt - Gro\u017eio ir sveikatos produktai i\u0161 patikim\u0173 preki\u0173 \u017eenkl\u0173. Atraskite auk\u0161tos kokyb\u0117s kosmetik\u0105 u\u017e puiki\u0105 kain\u0105.\",\"publisher\":{\"@id\":\"https:\\\/\\\/www.malinashop.lt\\\/#organization\"},\"potentialAction\":[{\"@type\":\"SearchAction\",\"target\":{\"@type\":\"EntryPoint\",\"urlTemplate\":\"https:\\\/\\\/www.malinashop.lt\\\/?s={search_term_string}\"},\"query-input\":{\"@type\":\"PropertyValueSpecification\",\"valueRequired\":true,\"valueName\":\"search_term_string\"}}],\"inLanguage\":\"en-GB\"},{\"@type\":\"Organization\",\"@id\":\"https:\\\/\\\/www.malinashop.lt\\\/#organization\",\"name\":\"COM Group Ecommerce\",\"url\":\"https:\\\/\\\/www.malinashop.lt\\\/\",\"logo\":{\"@type\":\"ImageObject\",\"inLanguage\":\"en-GB\",\"@id\":\"https:\\\/\\\/www.malinashop.lt\\\/#\\\/schema\\\/logo\\\/image\\\/\",\"url\":\"https:\\\/\\\/www.malinashop.lt\\\/wp-content\\\/uploads\\\/2024\\\/08\\\/462559670_3787732518133670_9795632669273463_n-e1731525914575.png\",\"contentUrl\":\"https:\\\/\\\/www.malinashop.lt\\\/wp-content\\\/uploads\\\/2024\\\/08\\\/462559670_3787732518133670_9795632669273463_n-e1731525914575.png\",\"width\":180,\"height\":60,\"caption\":\"COM Group Ecommerce\"},\"image\":{\"@id\":\"https:\\\/\\\/www.malinashop.lt\\\/#\\\/schema\\\/logo\\\/image\\\/\"}}]}<\/script>\n<!-- \/ Yoast SEO plugin. -->","yoast_head_json":{"title":"LaQ Du\u0161o gelis 8in1 THE BULL \u2013 J\u0117ga raguos, kvapas triumfuos, 500ml - MalinaShop.lt J\u016bs\u0173 sveikatai ir gro\u017eiui.","description":"LaQ THE BULL 8in1 du\u0161o gelis \u0161velniai valo, gaivina ir vilioja vyri\u0161ku aromatu su pipirais, kedru bei tonka pupel\u0117mis. Vegani\u0161kas, 500 ml.","robots":{"index":"index","follow":"follow","max-snippet":"max-snippet:-1","max-image-preview":"max-image-preview:large","max-video-preview":"max-video-preview:-1"},"canonical":"https:\/\/www.malinashop.lt\/en\/shop\/laq-duso-gelis-8in1-the-bull-jega-raguos-kvapas-triumfuos-500ml\/","og_locale":"en_GB","og_type":"article","og_title":"LaQ Du\u0161o gelis 8in1 THE BULL \u2013 J\u0117ga raguos, kvapas triumfuos, 500ml - MalinaShop.lt J\u016bs\u0173 sveikatai ir gro\u017eiui.","og_description":"LaQ THE BULL 8in1 du\u0161o gelis \u0161velniai valo, gaivina ir vilioja vyri\u0161ku aromatu su pipirais, kedru bei tonka pupel\u0117mis. Vegani\u0161kas, 500 ml.","og_url":"https:\/\/www.malinashop.lt\/en\/shop\/laq-duso-gelis-8in1-the-bull-jega-raguos-kvapas-triumfuos-500ml\/","og_site_name":"MalinaShop.lt J\u016bs\u0173 sveikatai ir gro\u017eiui.","article_modified_time":"2026-04-29T18:29:51+00:00","og_image":[{"width":1600,"height":1600,"url":"https:\/\/www.malinashop.lt\/wp-content\/uploads\/2026\/04\/Zdjecie-WhatsApp-2025-05-23-o-09.08.22_87a58eea.jpg","type":"image\/jpeg"}],"twitter_card":"summary_large_image","schema":{"@context":"https:\/\/schema.org","@graph":[{"@type":"WebPage","@id":"https:\/\/www.malinashop.lt\/shop\/laq-duso-gelis-8in1-the-bull-jega-raguos-kvapas-triumfuos-500ml\/","url":"https:\/\/www.malinashop.lt\/shop\/laq-duso-gelis-8in1-the-bull-jega-raguos-kvapas-triumfuos-500ml\/","name":"LaQ Du\u0161o gelis 8in1 THE BULL \u2013 J\u0117ga raguos, kvapas triumfuos, 500ml - MalinaShop.lt J\u016bs\u0173 sveikatai ir gro\u017eiui.","isPartOf":{"@id":"https:\/\/www.malinashop.lt\/#website"},"primaryImageOfPage":{"@id":"https:\/\/www.malinashop.lt\/shop\/laq-duso-gelis-8in1-the-bull-jega-raguos-kvapas-triumfuos-500ml\/#primaryimage"},"image":{"@id":"https:\/\/www.malinashop.lt\/shop\/laq-duso-gelis-8in1-the-bull-jega-raguos-kvapas-triumfuos-500ml\/#primaryimage"},"thumbnailUrl":"https:\/\/www.malinashop.lt\/wp-content\/uploads\/2026\/04\/Zdjecie-WhatsApp-2025-05-23-o-09.08.22_87a58eea.jpg","datePublished":"2026-04-29T10:58:46+00:00","dateModified":"2026-04-29T18:29:51+00:00","description":"LaQ THE BULL 8in1 du\u0161o gelis \u0161velniai valo, gaivina ir vilioja vyri\u0161ku aromatu su pipirais, kedru bei tonka pupel\u0117mis. Vegani\u0161kas, 500 ml.","breadcrumb":{"@id":"https:\/\/www.malinashop.lt\/shop\/laq-duso-gelis-8in1-the-bull-jega-raguos-kvapas-triumfuos-500ml\/#breadcrumb"},"inLanguage":"en-GB","potentialAction":[{"@type":"ReadAction","target":["https:\/\/www.malinashop.lt\/shop\/laq-duso-gelis-8in1-the-bull-jega-raguos-kvapas-triumfuos-500ml\/"]}]},{"@type":"ImageObject","inLanguage":"en-GB","@id":"https:\/\/www.malinashop.lt\/shop\/laq-duso-gelis-8in1-the-bull-jega-raguos-kvapas-triumfuos-500ml\/#primaryimage","url":"https:\/\/www.malinashop.lt\/wp-content\/uploads\/2026\/04\/Zdjecie-WhatsApp-2025-05-23-o-09.08.22_87a58eea.jpg","contentUrl":"https:\/\/www.malinashop.lt\/wp-content\/uploads\/2026\/04\/Zdjecie-WhatsApp-2025-05-23-o-09.08.22_87a58eea.jpg","width":1600,"height":1600},{"@type":"BreadcrumbList","@id":"https:\/\/www.malinashop.lt\/shop\/laq-duso-gelis-8in1-the-bull-jega-raguos-kvapas-triumfuos-500ml\/#breadcrumb","itemListElement":[{"@type":"ListItem","position":1,"name":"Pagrindinis","item":"https:\/\/www.malinashop.lt\/"},{"@type":"ListItem","position":2,"name":"Parduotuv\u0117","item":"https:\/\/www.malinashop.lt\/en\/parduotuve\/"},{"@type":"ListItem","position":3,"name":"LaQ Du\u0161o gelis 8in1 THE BULL \u2013 J\u0117ga raguos, kvapas triumfuos, 500ml"}]},{"@type":"WebSite","@id":"https:\/\/www.malinashop.lt\/#website","url":"https:\/\/www.malinashop.lt\/","name":"COM Group Ecommerce","description":"MalinaShop.lt - Gro\u017eio ir sveikatos produktai i\u0161 patikim\u0173 preki\u0173 \u017eenkl\u0173. Atraskite auk\u0161tos kokyb\u0117s kosmetik\u0105 u\u017e puiki\u0105 kain\u0105.","publisher":{"@id":"https:\/\/www.malinashop.lt\/#organization"},"potentialAction":[{"@type":"SearchAction","target":{"@type":"EntryPoint","urlTemplate":"https:\/\/www.malinashop.lt\/?s={search_term_string}"},"query-input":{"@type":"PropertyValueSpecification","valueRequired":true,"valueName":"search_term_string"}}],"inLanguage":"en-GB"},{"@type":"Organization","@id":"https:\/\/www.malinashop.lt\/#organization","name":"COM Group Ecommerce","url":"https:\/\/www.malinashop.lt\/","logo":{"@type":"ImageObject","inLanguage":"en-GB","@id":"https:\/\/www.malinashop.lt\/#\/schema\/logo\/image\/","url":"https:\/\/www.malinashop.lt\/wp-content\/uploads\/2024\/08\/462559670_3787732518133670_9795632669273463_n-e1731525914575.png","contentUrl":"https:\/\/www.malinashop.lt\/wp-content\/uploads\/2024\/08\/462559670_3787732518133670_9795632669273463_n-e1731525914575.png","width":180,"height":60,"caption":"COM Group Ecommerce"},"image":{"@id":"https:\/\/www.malinashop.lt\/#\/schema\/logo\/image\/"}}]}},"jetpack_sharing_enabled":true,"_links":{"self":[{"href":"https:\/\/www.malinashop.lt\/en\/wp-json\/wp\/v2\/product\/77508","targetHints":{"allow":["GET"]}}],"collection":[{"href":"https:\/\/www.malinashop.lt\/en\/wp-json\/wp\/v2\/product"}],"about":[{"href":"https:\/\/www.malinashop.lt\/en\/wp-json\/wp\/v2\/types\/product"}],"version-history":[{"count":2,"href":"https:\/\/www.malinashop.lt\/en\/wp-json\/wp\/v2\/product\/77508\/revisions"}],"predecessor-version":[{"id":77706,"href":"https:\/\/www.malinashop.lt\/en\/wp-json\/wp\/v2\/product\/77508\/revisions\/77706"}],"wp:featuredmedia":[{"embeddable":true,"href":"https:\/\/www.malinashop.lt\/en\/wp-json\/wp\/v2\/media\/77483"}],"wp:attachment":[{"href":"https:\/\/www.malinashop.lt\/en\/wp-json\/wp\/v2\/media?parent=77508"}],"wp:term":[{"taxonomy":"product_brand","embeddable":true,"href":"https:\/\/www.malinashop.lt\/en\/wp-json\/wp\/v2\/product_brand?post=77508"},{"taxonomy":"product_cat","embeddable":true,"href":"https:\/\/www.malinashop.lt\/en\/wp-json\/wp\/v2\/product_cat?post=77508"},{"taxonomy":"product_tag","embeddable":true,"href":"https:\/\/www.malinashop.lt\/en\/wp-json\/wp\/v2\/product_tag?post=77508"}],"curies":[{"name":"wp","href":"https:\/\/api.w.org\/{rel}","templated":true}]}}